{"id":8773,"date":"2024-02-22T15:16:21","date_gmt":"2024-02-22T14:16:21","guid":{"rendered":"https:\/\/www.protect.airbus.com\/?page_id=8773"},"modified":"2024-03-18T16:53:42","modified_gmt":"2024-03-18T15:53:42","slug":"strategie-developpement-durable-rse","status":"publish","type":"page","link":"https:\/\/www.protect.airbus.com\/fr\/sustainability\/strategie-developpement-durable-rse\/","title":{"rendered":"D\u00e9veloppement d&rsquo;une strat\u00e9gie de d\u00e9veloppement durable et RSE"},"content":{"rendered":"<div class=\"wpb-content-wrapper\"><p>[vc_row][vc_column][vc_column_text h2_style=\u00a0\u00bbh2Big\u00a0\u00bb]<\/p>\n<h2><strong>Le d\u00e9veloppement durable est souvent cit\u00e9 comme la cl\u00e9 d\u2019un avenir meilleur, mais quelle est sa signification ?<\/strong><\/h2>\n<p>[\/vc_column_text][vc_column_text p_style=\u00a0\u00bbpBig\u00a0\u00bb]Les impacts de la soci\u00e9t\u00e9 et du mod\u00e8le \u00e9conomique traditionnel sur notre plan\u00e8te sont devenus trop risqu\u00e9s pour \u00eatre ignor\u00e9s. Le changement climatique n\u2019est plus une menace mais une r\u00e9alit\u00e9, et la Terre est confront\u00e9e \u00e0 des changements irr\u00e9versibles tels que la perte de biodiversit\u00e9, l\u2019extinction massive, la p\u00e9nurie d\u2019eau et l\u2019\u00e9puisement des ressources naturelles.<\/p>\n<p>Pour pr\u00e9server notre plan\u00e8te et notre avenir, les entreprises doivent changer leur mod\u00e8le \u00e9conomique et \u00e9tendre leur strat\u00e9gie au-del\u00e0 du profit vers une <strong>strat\u00e9gie<\/strong> qui contribue <strong>positivement \u00e0 la soci\u00e9t\u00e9 et \u00e0 l\u2019environnement<\/strong>.<\/p>\n<p>Ce contexte a conduit \u00e0 l&rsquo;introduction des termes \u00ab<strong>Sustainability <\/strong>\u00bb qui englobent le large \u00e9ventail de d\u00e9fis environnementaux et sociaux et \u00ab<strong><a href=\"https:\/\/benevity.com\/resources\/guide-corporate-social-responsibility?hsLang=en\">Responsabilit\u00e9 sociale des entreprises<\/a> (RSE)<\/strong> \u00bb qui fait r\u00e9f\u00e9rence aux responsabilit\u00e9s \u00e9thiques, sociales et environnementales des entreprises.[\/vc_column_text][vc_column_text]<\/p>\n<h3>Ouvrir la voie<\/h3>\n<p>[\/vc_column_text][vc_column_text p_style=\u00a0\u00bbpHighlight\u00a0\u00bb]<strong>La Durabilit\u00e9 et Responsabilit\u00e9 Sociale des Entreprises (RSE)<\/strong> doivent devenir un \u00e9l\u00e9ment central de la strat\u00e9gie des entreprises. Le d\u00e9fi consiste \u00e0 passer des intentions aux engagements et actions concrets pour parvenir \u00e0 une v\u00e9ritable transformation en mati\u00e8re de durabilit\u00e9.<\/p>\n<p>Notre \u00e9quipe de consultants en d\u00e9veloppement durable peut aider votre entreprise dans votre d\u00e9marche de d\u00e9veloppement durable en vous fournissant des conseils d&rsquo;experts dans plusieurs domaines cl\u00e9s.<\/p>\n<p>De la r\u00e9alisation d\u2019une \u00e9valuation compl\u00e8te de l\u2019empreinte environnementale actuelle de votre entreprise \u00e0 votre accompagnement dans la mise en \u0153uvre d\u2019une strat\u00e9gie. Nous sommes un partenaire de confiance pour toute organisation cherchant \u00e0 renforcer la r\u00e9silience de son entreprise tout en am\u00e9liorant la conformit\u00e9 en mati\u00e8re de durabilit\u00e9.[\/vc_column_text][vc_column_text]<\/p>\n<h3>Pourquoi Airbus Protect ?<\/h3>\n<p>[\/vc_column_text][vc_column_text p_style=\u00a0\u00bbpHighlight\u00a0\u00bb]Nous nous engageons \u00e0 aider nos clients \u00e0 aborder les questions environnementales et sociales dans leur environnement de travail et leurs activit\u00e9s principales. Nos prestations sont bas\u00e9es sur :[\/vc_column_text][vc_column_text]<\/p>\n<ul>\n<li>Une longue exp\u00e9rience dans un large \u00e9ventail de secteurs industriels<\/li>\n<li>Assurer le respect des derni\u00e8res r\u00e9glementations environnementales<\/li>\n<li>Identifier les risques et opportunit\u00e9s business<\/li>\n<li>Promouvoir les responsabilit\u00e9s \u00e9thiques, sociales et environnementales<\/li>\n<li>Favoriser une culture organisationnelle de durabilit\u00e9 dans les entreprises<\/li>\n<\/ul>\n<p>[\/vc_column_text][vc_column_text]<\/p>\n<h3>Notre offre :<\/h3>\n<p>[\/vc_column_text][vc_column_text p_style=\u00a0\u00bbpHighlight\u00a0\u00bb]Notre \u00e9quipe de consultants, d&rsquo;experts et de formateurs hautement qualifi\u00e9s peut vous aider \u00e0 int\u00e9grer la durabilit\u00e9 dans sa strat\u00e9gie commerciale et am\u00e9liorer et communiquer vos performances RSE &amp; d\u00e9veloppement durable aux parties prenantes. Notre offre couvre :[\/vc_column_text][vc_column_text]<\/p>\n<ul>\n<li><span style=\"font-weight: 400;\">D\u00e9finition <\/span><b>strat\u00e9gie <\/b><span style=\"font-weight: 400;\">de la Sustainability et<\/span><b> feuille de route <\/b><span style=\"font-weight: 400;\">de la<\/span> <span style=\"font-weight: 400;\">mise en \u0153uvre<\/span><\/li>\n<li><b>\u00c9valuation de la pertinence<\/b><span style=\"font-weight: 400;\"> de nombreuses questions potentielles d&rsquo;ordre environnemental, social et de gouvernance<\/span><\/li>\n<li><span style=\"font-weight: 400;\">Conseils sur les <\/span><b>risques de durabilit\u00e9 et r\u00e9silience de la cha\u00eene de valeur <\/b><span style=\"font-weight: 400;\">(mati\u00e8res premi\u00e8res critiques, due diligence des fournisseurs, vuln\u00e9rabilit\u00e9 au changement climatique, interd\u00e9pendance \u00e0 la biodiversit\u00e9\u2026)<\/span><\/li>\n<li><b>Mat\u00e9riel de sensibilisation <\/b><span style=\"font-weight: 400;\">d\u00e9veloppement et <\/span><b>formations<\/b><\/li>\n<\/ul>\n<p>[\/vc_column_text][\/vc_column][\/vc_row][vc_row][vc_column]    <div class=\"hightlightBracket\">\n        <div class=\"glyphe\"><\/div>\n        <div class=\"highlight\"><p>Prenez contact avec nous pour d\u00e9couvrir comment nous pouvons vous aider.<\/p><\/div>\n    <\/div>\n    <div class=\"divBtCTA btAlignCenter\"><a href=\"https:\/\/www.protect.airbus.com\/fr\/contact\/\"  class=\"button btAuto\">Nous contacter<\/a><\/div><div class=\"whatsNew\" id=\"whatsnew_69de565ca663b\">\n    <div class=\"lineTitleFilter\">\n        <div id=\"conteneur_h2_WhatsNew\"><h2>Des nouveaut\u00e9s ?<\/h2><\/div>\n        <div id=\"conteneur_FiltreWhatsNew\">\n\t\t\t<div class=\"filterWhatsNew\"><span>Filtre<\/span>\n\t\t\t\t<ul>\n\t\t\t\t\t<li><button type=\"button\" class=\"btFilter bfFilterNews\" onclick=\"fctFilterWhatsNew('news','sustainability-fr','whatsnew_69de565ca663b')\">Actualit\u00e9<\/button><\/li>\n\t\t\t\t\t<li><button type=\"button\" class=\"btFilter bfFilterWhitePaper\" onclick=\"fctFilterWhatsNew('whitepaper','sustainability-fr','whatsnew_69de565ca663b')\">Livre blanc<\/button><\/li>\n\t\t\t\t\t<li><button type=\"button\" class=\"btFilter bfFilterBlog\" onclick=\"fctFilterWhatsNew('blog','sustainability-fr','whatsnew_69de565ca663b')\">Blog<\/button><\/li>\n\t\t\t\t\t<li><button type=\"button\" class=\"btFilter bfFilterEvent\" onclick=\"fctFilterWhatsNew('event','sustainability-fr','whatsnew_69de565ca663b')\">\u00c9v\u00e9nement<\/button><\/li>\n\t\t\t\t<\/ul><\/div>\n\t\t\t<div id=\"whathsnew_glyphe\"><\/div>\n\t\t<\/div>\n    <\/div>\n\t\n    <div class=\"listWhatsNew\">\n    <article id=\"whatsnew_item_43020\">\n    <span class=\"whatsNewType\">Actualit\u00e9<\/span>\n    <a href=\"https:\/\/www.protect.airbus.com\/fr\/employeur-pro-velo\/\"><img loading=\"lazy\" decoding=\"async\" width=\"349\" height=\"189\" src=\"https:\/\/www.protect.airbus.com\/wp-content\/uploads\/2025\/12\/blog-banner-349x189.png\" class=\"attachment-post-bloc size-post-bloc wp-post-image\" alt=\"banner employeur pro v\u00e9lo\" \/><\/a>\n    <div class=\"titreWN\">Airbus Protect est lab\u00e9lis\u00e9 Employeur Pro V\u00e9lo<\/div>\n    <p><p>Nous sommes fiers de vous annoncer que nous venons d\u2019obtenir le label Employeur Pro-V\u00e9lo niveau Or\u00a0! Ce label valorise les employeurs qui mettent en \u0153uvre des actions ambitieuses et sp\u00e9cifiques au v\u00e9lo, conformes au cahier des charges \u00e9labor\u00e9 par la FUB. Pilotage, communication, services, s\u00e9curit\u00e9 et \u00e9quipements ont \u00e9t\u00e9 les 5 th\u00e9matiques audit\u00e9es pour obtenir [&hellip;]<\/p>\n<\/p>\n        <div id=\"conteneur_btReadMore\"><a href=\"https:\/\/www.protect.airbus.com\/fr\/employeur-pro-velo\/\" class=\"btReadMore\">En savoir plus<\/a><\/div><\/article>\n<article id=\"whatsnew_item_36692\">\n    <span class=\"whatsNewType\">Blog<\/span>\n    <a href=\"https:\/\/www.protect.airbus.com\/fr\/blog\/climate-resilience-adaptation-is-key-for-power-systems\/\"><img loading=\"lazy\" decoding=\"async\" width=\"349\" height=\"189\" src=\"https:\/\/www.protect.airbus.com\/wp-content\/uploads\/2025\/08\/blog-banner-30-349x189.png\" class=\"attachment-post-bloc size-post-bloc wp-post-image\" alt=\"Climate Resilience\" \/><\/a>\n    <div class=\"titreWN\">La r\u00e9silience climatique : l&rsquo;adaptation est la cl\u00e9 pour les syst\u00e8mes \u00e9nerg\u00e9tiques<\/div>\n    <p><p>[vc_row][vc_column][vc_column_text css=\u00a0\u00bb\u00a0\u00bb h3_couleur=\u00a0\u00bbh3Sustainability\u00a0\u00bb] La r\u00e9silience climatique est vitale pour toute entreprise. Le secteur de l&rsquo;\u00e9nergie, en tant que pilier de l&rsquo;\u00e9conomie moderne, est particuli\u00e8rement expos\u00e9 aux impacts des \u00e9v\u00e9nements m\u00e9t\u00e9orologiques extr\u00eames li\u00e9s au changement climatique. Ces impacts peuvent avoir des effets en cascade sur d&rsquo;autres secteurs industriels, entra\u00eenant des perturbations des op\u00e9rations, des dommages mat\u00e9riels, [&hellip;]<\/p>\n<\/p>\n        <div id=\"conteneur_btReadMore\"><a href=\"https:\/\/www.protect.airbus.com\/fr\/blog\/climate-resilience-adaptation-is-key-for-power-systems\/\" class=\"btReadMore\">En savoir plus<\/a><\/div><\/article>\n<article id=\"whatsnew_item_7963\">\n    <span class=\"whatsNewType\">Blog<\/span>\n    <a href=\"https:\/\/www.protect.airbus.com\/fr\/blog\/3-questions-1-expert-pierre-wolf\/\"><img loading=\"lazy\" decoding=\"async\" width=\"349\" height=\"189\" src=\"https:\/\/www.protect.airbus.com\/wp-content\/uploads\/2023\/03\/3-questions-1-expert-Pierre-Wolf-WEBSITE-349x189.png\" class=\"attachment-post-bloc size-post-bloc wp-post-image\" alt=\"Pierre Wolf, Line Manager at Airbus Protect\" \/><\/a>\n    <div class=\"titreWN\">3 questions, 1 expert: Pierre Wolf, line manager modelling<\/div>\n    <p><p>Rencontrez Pierre Wolf, line manager modelling chez Airbus Protect. Parlez-nous de votre fonction de line manager modelling en quelques mots. En tant qu&rsquo;ing\u00e9nieur en mod\u00e9lisation des risques industriels, je suis charg\u00e9 de mod\u00e9liser num\u00e9riquement les ph\u00e9nom\u00e8nes dangereux tels que les incendies, les explosions et les nuages toxiques, afin de simuler leur impact potentiel. Les r\u00e9sultats [&hellip;]<\/p>\n<\/p>\n        <div id=\"conteneur_btReadMore\"><a href=\"https:\/\/www.protect.airbus.com\/fr\/blog\/3-questions-1-expert-pierre-wolf\/\" class=\"btReadMore\">En savoir plus<\/a><\/div><\/article>\n    <\/div>\n    <div class=\"conteneurLineMoreInsight\"><div class=\"lineMoreInsight\"><a href=\"\/fr\/informations\/\">d\u00e9couvrir<\/a><\/div><\/div>\n<\/div>\n[\/vc_column][\/vc_row]<\/p>\n<\/div>","protected":false},"excerpt":{"rendered":"<p>[vc_row][vc_column][vc_column_text h2_style=\u00a0\u00bbh2Big\u00a0\u00bb] Le d\u00e9veloppement durable est souvent cit\u00e9 comme la cl\u00e9 d\u2019un avenir meilleur, mais quelle est sa signification ? [\/vc_column_text][vc_column_text p_style=\u00a0\u00bbpBig\u00a0\u00bb]Les impacts de la soci\u00e9t\u00e9 et du mod\u00e8le \u00e9conomique traditionnel sur notre plan\u00e8te sont devenus trop risqu\u00e9s pour \u00eatre ignor\u00e9s. Le changement climatique n\u2019est plus une menace mais une r\u00e9alit\u00e9, et la Terre est [&hellip;]<\/p>\n","protected":false},"author":8,"featured_media":821,"parent":7284,"menu_order":0,"comment_status":"closed","ping_status":"closed","template":"","meta":{"_acf_changed":false,"content-type":"","_relevanssi_hide_post":"","_relevanssi_hide_content":"","_relevanssi_pin_for_all":"","_relevanssi_pin_keywords":"","_relevanssi_unpin_keywords":"","_relevanssi_related_keywords":"","_relevanssi_related_include_ids":"","_relevanssi_related_exclude_ids":"","_relevanssi_related_no_append":"","_relevanssi_related_not_related":"","_relevanssi_related_posts":"","_relevanssi_noindex_reason":"","footnotes":""},"class_list":["post-8773","page","type-page","status-publish","has-post-thumbnail","hentry"],"acf":[],"yoast_head":"<!-- This site is optimized with the Yoast SEO Premium plugin v27.3 (Yoast SEO v27.3) - https:\/\/yoast.com\/product\/yoast-seo-premium-wordpress\/ -->\n<title>Elaborez une d\u00e9marche RSE pour votre entreprise<\/title>\n<meta name=\"description\" content=\"D\u00e9couvrez comment nos experts vous accompagnent dans l&#039;\u00e9laboration d&#039;une bonne strat\u00e9gie de responsabilit\u00e9 sociale des entreprises (RSE).\" \/>\n<meta name=\"robots\" content=\"index, follow, max-snippet:-1, max-image-preview:large, max-video-preview:-1\" \/>\n<link rel=\"canonical\" href=\"https:\/\/www.protect.airbus.com\/fr\/sustainability\/strategie-developpement-durable-rse\/\" \/>\n<meta property=\"og:locale\" content=\"fr_FR\" \/>\n<meta property=\"og:type\" content=\"article\" \/>\n<meta property=\"og:title\" content=\"D\u00e9veloppement d&#039;une strat\u00e9gie de d\u00e9veloppement durable et RSE\" \/>\n<meta property=\"og:description\" content=\"D\u00e9couvrez comment nos experts vous accompagnent dans l&#039;\u00e9laboration d&#039;une bonne strat\u00e9gie de responsabilit\u00e9 sociale des entreprises (RSE).\" \/>\n<meta property=\"og:url\" content=\"https:\/\/www.protect.airbus.com\/fr\/sustainability\/strategie-developpement-durable-rse\/\" \/>\n<meta property=\"og:site_name\" content=\"Airbus Protect\" \/>\n<meta property=\"article:modified_time\" content=\"2024-03-18T15:53:42+00:00\" \/>\n<meta property=\"og:image\" content=\"https:\/\/www.protect.airbus.com\/wp-content\/uploads\/2022\/06\/header-sustainability-sous-page.jpg\" \/>\n\t<meta property=\"og:image:width\" content=\"1920\" \/>\n\t<meta property=\"og:image:height\" content=\"358\" \/>\n\t<meta property=\"og:image:type\" content=\"image\/jpeg\" \/>\n<meta name=\"twitter:card\" content=\"summary_large_image\" \/>\n<meta name=\"twitter:label1\" content=\"Dur\u00e9e de lecture estim\u00e9e\" \/>\n\t<meta name=\"twitter:data1\" content=\"3 minutes\" \/>\n<script type=\"application\/ld+json\" class=\"yoast-schema-graph\">{\"@context\":\"https:\\\/\\\/schema.org\",\"@graph\":[{\"@type\":\"BlogPosting\",\"mainEntityOfPage\":{\"@type\":\"WebPage\",\"@id\":\"https:\\\/\\\/www.protect.airbus.com\\\/fr\\\/sustainability\\\/strategie-developpement-durable-rse\\\/\"},\"headline\":\"3 questions, 1 expert: Pierre Wolf, line manager modelling\",\"description\":\"\",\"author\":{\"@id\":\"https:\\\/\\\/www.protect.airbus.com\\\/#organization\"},\"publisher\":{\"@id\":\"https:\\\/\\\/www.protect.airbus.com\\\/#organization\"},\"image\":\"https:\\\/\\\/www.protect.airbus.com\\\/wp-content\\\/uploads\\\/2023\\\/03\\\/3-questions-1-expert-Pierre-Wolf-WEBSITE.png\",\"datePublished\":\"2024-02-22T14:16:21+00:00\",\"dateModified\":\"2024-03-18T15:53:42+00:00\"},{\"@type\":\"WebPage\",\"@id\":\"https:\\\/\\\/www.protect.airbus.com\\\/fr\\\/sustainability\\\/strategie-developpement-durable-rse\\\/\",\"url\":\"https:\\\/\\\/www.protect.airbus.com\\\/fr\\\/sustainability\\\/strategie-developpement-durable-rse\\\/\",\"name\":\"Elaborez une d\u00e9marche RSE pour votre entreprise\",\"isPartOf\":{\"@id\":\"https:\\\/\\\/www.protect.airbus.com\\\/fr\\\/#website\"},\"primaryImageOfPage\":{\"@id\":\"https:\\\/\\\/www.protect.airbus.com\\\/fr\\\/sustainability\\\/strategie-developpement-durable-rse\\\/#primaryimage\"},\"image\":{\"@id\":\"https:\\\/\\\/www.protect.airbus.com\\\/fr\\\/sustainability\\\/strategie-developpement-durable-rse\\\/#primaryimage\"},\"thumbnailUrl\":\"https:\\\/\\\/www.protect.airbus.com\\\/wp-content\\\/uploads\\\/2022\\\/06\\\/header-sustainability-sous-page.jpg\",\"datePublished\":\"2024-02-22T14:16:21+00:00\",\"dateModified\":\"2024-03-18T15:53:42+00:00\",\"description\":\"D\u00e9couvrez comment nos experts vous accompagnent dans l'\u00e9laboration d'une bonne strat\u00e9gie de responsabilit\u00e9 sociale des entreprises (RSE).\",\"breadcrumb\":{\"@id\":\"https:\\\/\\\/www.protect.airbus.com\\\/fr\\\/sustainability\\\/strategie-developpement-durable-rse\\\/#breadcrumb\"},\"inLanguage\":\"fr-FR\",\"potentialAction\":[{\"@type\":\"ReadAction\",\"target\":[\"https:\\\/\\\/www.protect.airbus.com\\\/fr\\\/sustainability\\\/strategie-developpement-durable-rse\\\/\"]}]},{\"@type\":\"ImageObject\",\"inLanguage\":\"fr-FR\",\"@id\":\"https:\\\/\\\/www.protect.airbus.com\\\/fr\\\/sustainability\\\/strategie-developpement-durable-rse\\\/#primaryimage\",\"url\":\"https:\\\/\\\/www.protect.airbus.com\\\/wp-content\\\/uploads\\\/2022\\\/06\\\/header-sustainability-sous-page.jpg\",\"contentUrl\":\"https:\\\/\\\/www.protect.airbus.com\\\/wp-content\\\/uploads\\\/2022\\\/06\\\/header-sustainability-sous-page.jpg\",\"width\":1920,\"height\":358},{\"@type\":\"BreadcrumbList\",\"@id\":\"https:\\\/\\\/www.protect.airbus.com\\\/fr\\\/sustainability\\\/strategie-developpement-durable-rse\\\/#breadcrumb\",\"itemListElement\":[{\"@type\":\"ListItem\",\"position\":1,\"name\":\"Home\",\"item\":\"https:\\\/\\\/www.protect.airbus.com\\\/fr\\\/\"},{\"@type\":\"ListItem\",\"position\":2,\"name\":\"Sustainability\",\"item\":\"https:\\\/\\\/www.protect.airbus.com\\\/fr\\\/sustainability\\\/\"},{\"@type\":\"ListItem\",\"position\":3,\"name\":\"D\u00e9veloppement d&#8217;une strat\u00e9gie de d\u00e9veloppement durable et RSE\"}]},{\"@type\":\"WebSite\",\"@id\":\"https:\\\/\\\/www.protect.airbus.com\\\/fr\\\/#website\",\"url\":\"https:\\\/\\\/www.protect.airbus.com\\\/fr\\\/\",\"name\":\"Airbus Protect\",\"description\":\"\",\"publisher\":{\"@id\":\"https:\\\/\\\/www.protect.airbus.com\\\/fr\\\/#organization\"},\"potentialAction\":[{\"@type\":\"SearchAction\",\"target\":{\"@type\":\"EntryPoint\",\"urlTemplate\":\"https:\\\/\\\/www.protect.airbus.com\\\/fr\\\/?s={search_term_string}\"},\"query-input\":{\"@type\":\"PropertyValueSpecification\",\"valueRequired\":true,\"valueName\":\"search_term_string\"}}],\"inLanguage\":\"fr-FR\"},{\"@type\":\"Organization\",\"@id\":\"https:\\\/\\\/www.protect.airbus.com\\\/fr\\\/#organization\",\"name\":\"Airbus Protect\",\"url\":\"https:\\\/\\\/www.protect.airbus.com\\\/fr\\\/\",\"logo\":{\"@type\":\"ImageObject\",\"inLanguage\":\"fr-FR\",\"@id\":\"https:\\\/\\\/www.protect.airbus.com\\\/fr\\\/#\\\/schema\\\/logo\\\/image\\\/\",\"url\":\"https:\\\/\\\/www.protect.airbus.com\\\/wp-content\\\/uploads\\\/2023\\\/05\\\/logo-airbus-protect-696-696.png\",\"contentUrl\":\"https:\\\/\\\/www.protect.airbus.com\\\/wp-content\\\/uploads\\\/2023\\\/05\\\/logo-airbus-protect-696-696.png\",\"width\":696,\"height\":696,\"caption\":\"Airbus Protect\"},\"image\":{\"@id\":\"https:\\\/\\\/www.protect.airbus.com\\\/fr\\\/#\\\/schema\\\/logo\\\/image\\\/\"},\"sameAs\":[\"https:\\\/\\\/www.linkedin.com\\\/company\\\/airbus-protect\\\/\",\"https:\\\/\\\/www.youtube.com\\\/@airbusprotect7483\"],\"contactPoint\":{\"@type\":\"ContactPoint\",\"email\":\"protect@airbus.com\",\"contactType\":\"customer service\",\"areaServed\":[\"GB\",\"FR\",\"ES\",\"DE\",\"BE\",\"CH\",\"PT\",\"DK\",\"AT\"],\"availableLanguage\":[\"en\",\"fr\",\"de\"]}}]}<\/script>\n<!-- \/ Yoast SEO Premium plugin. -->","yoast_head_json":{"title":"Elaborez une d\u00e9marche RSE pour votre entreprise","description":"D\u00e9couvrez comment nos experts vous accompagnent dans l'\u00e9laboration d'une bonne strat\u00e9gie de responsabilit\u00e9 sociale des entreprises (RSE).","robots":{"index":"index","follow":"follow","max-snippet":"max-snippet:-1","max-image-preview":"max-image-preview:large","max-video-preview":"max-video-preview:-1"},"canonical":"https:\/\/www.protect.airbus.com\/fr\/sustainability\/strategie-developpement-durable-rse\/","og_locale":"fr_FR","og_type":"article","og_title":"D\u00e9veloppement d'une strat\u00e9gie de d\u00e9veloppement durable et RSE","og_description":"D\u00e9couvrez comment nos experts vous accompagnent dans l'\u00e9laboration d'une bonne strat\u00e9gie de responsabilit\u00e9 sociale des entreprises (RSE).","og_url":"https:\/\/www.protect.airbus.com\/fr\/sustainability\/strategie-developpement-durable-rse\/","og_site_name":"Airbus Protect","article_modified_time":"2024-03-18T15:53:42+00:00","og_image":[{"width":1920,"height":358,"url":"https:\/\/www.protect.airbus.com\/wp-content\/uploads\/2022\/06\/header-sustainability-sous-page.jpg","type":"image\/jpeg"}],"twitter_card":"summary_large_image","twitter_misc":{"Dur\u00e9e de lecture estim\u00e9e":"3 minutes"},"schema":{"@context":"https:\/\/schema.org","@graph":[{"@type":"BlogPosting","mainEntityOfPage":{"@type":"WebPage","@id":"https:\/\/www.protect.airbus.com\/fr\/sustainability\/strategie-developpement-durable-rse\/"},"headline":"3 questions, 1 expert: Pierre Wolf, line manager modelling","description":"","author":{"@id":"https:\/\/www.protect.airbus.com\/#organization"},"publisher":{"@id":"https:\/\/www.protect.airbus.com\/#organization"},"image":"https:\/\/www.protect.airbus.com\/wp-content\/uploads\/2023\/03\/3-questions-1-expert-Pierre-Wolf-WEBSITE.png","datePublished":"2024-02-22T14:16:21+00:00","dateModified":"2024-03-18T15:53:42+00:00"},{"@type":"WebPage","@id":"https:\/\/www.protect.airbus.com\/fr\/sustainability\/strategie-developpement-durable-rse\/","url":"https:\/\/www.protect.airbus.com\/fr\/sustainability\/strategie-developpement-durable-rse\/","name":"Elaborez une d\u00e9marche RSE pour votre entreprise","isPartOf":{"@id":"https:\/\/www.protect.airbus.com\/fr\/#website"},"primaryImageOfPage":{"@id":"https:\/\/www.protect.airbus.com\/fr\/sustainability\/strategie-developpement-durable-rse\/#primaryimage"},"image":{"@id":"https:\/\/www.protect.airbus.com\/fr\/sustainability\/strategie-developpement-durable-rse\/#primaryimage"},"thumbnailUrl":"https:\/\/www.protect.airbus.com\/wp-content\/uploads\/2022\/06\/header-sustainability-sous-page.jpg","datePublished":"2024-02-22T14:16:21+00:00","dateModified":"2024-03-18T15:53:42+00:00","description":"D\u00e9couvrez comment nos experts vous accompagnent dans l'\u00e9laboration d'une bonne strat\u00e9gie de responsabilit\u00e9 sociale des entreprises (RSE).","breadcrumb":{"@id":"https:\/\/www.protect.airbus.com\/fr\/sustainability\/strategie-developpement-durable-rse\/#breadcrumb"},"inLanguage":"fr-FR","potentialAction":[{"@type":"ReadAction","target":["https:\/\/www.protect.airbus.com\/fr\/sustainability\/strategie-developpement-durable-rse\/"]}]},{"@type":"ImageObject","inLanguage":"fr-FR","@id":"https:\/\/www.protect.airbus.com\/fr\/sustainability\/strategie-developpement-durable-rse\/#primaryimage","url":"https:\/\/www.protect.airbus.com\/wp-content\/uploads\/2022\/06\/header-sustainability-sous-page.jpg","contentUrl":"https:\/\/www.protect.airbus.com\/wp-content\/uploads\/2022\/06\/header-sustainability-sous-page.jpg","width":1920,"height":358},{"@type":"BreadcrumbList","@id":"https:\/\/www.protect.airbus.com\/fr\/sustainability\/strategie-developpement-durable-rse\/#breadcrumb","itemListElement":[{"@type":"ListItem","position":1,"name":"Home","item":"https:\/\/www.protect.airbus.com\/fr\/"},{"@type":"ListItem","position":2,"name":"Sustainability","item":"https:\/\/www.protect.airbus.com\/fr\/sustainability\/"},{"@type":"ListItem","position":3,"name":"D\u00e9veloppement d&#8217;une strat\u00e9gie de d\u00e9veloppement durable et RSE"}]},{"@type":"WebSite","@id":"https:\/\/www.protect.airbus.com\/fr\/#website","url":"https:\/\/www.protect.airbus.com\/fr\/","name":"Airbus Protect","description":"","publisher":{"@id":"https:\/\/www.protect.airbus.com\/fr\/#organization"},"potentialAction":[{"@type":"SearchAction","target":{"@type":"EntryPoint","urlTemplate":"https:\/\/www.protect.airbus.com\/fr\/?s={search_term_string}"},"query-input":{"@type":"PropertyValueSpecification","valueRequired":true,"valueName":"search_term_string"}}],"inLanguage":"fr-FR"},{"@type":"Organization","@id":"https:\/\/www.protect.airbus.com\/fr\/#organization","name":"Airbus Protect","url":"https:\/\/www.protect.airbus.com\/fr\/","logo":{"@type":"ImageObject","inLanguage":"fr-FR","@id":"https:\/\/www.protect.airbus.com\/fr\/#\/schema\/logo\/image\/","url":"https:\/\/www.protect.airbus.com\/wp-content\/uploads\/2023\/05\/logo-airbus-protect-696-696.png","contentUrl":"https:\/\/www.protect.airbus.com\/wp-content\/uploads\/2023\/05\/logo-airbus-protect-696-696.png","width":696,"height":696,"caption":"Airbus Protect"},"image":{"@id":"https:\/\/www.protect.airbus.com\/fr\/#\/schema\/logo\/image\/"},"sameAs":["https:\/\/www.linkedin.com\/company\/airbus-protect\/","https:\/\/www.youtube.com\/@airbusprotect7483"],"contactPoint":{"@type":"ContactPoint","email":"protect@airbus.com","contactType":"customer service","areaServed":["GB","FR","ES","DE","BE","CH","PT","DK","AT"],"availableLanguage":["en","fr","de"]}}]}},"_links":{"self":[{"href":"https:\/\/www.protect.airbus.com\/fr\/wp-json\/wp\/v2\/pages\/8773","targetHints":{"allow":["GET"]}}],"collection":[{"href":"https:\/\/www.protect.airbus.com\/fr\/wp-json\/wp\/v2\/pages"}],"about":[{"href":"https:\/\/www.protect.airbus.com\/fr\/wp-json\/wp\/v2\/types\/page"}],"author":[{"embeddable":true,"href":"https:\/\/www.protect.airbus.com\/fr\/wp-json\/wp\/v2\/users\/8"}],"replies":[{"embeddable":true,"href":"https:\/\/www.protect.airbus.com\/fr\/wp-json\/wp\/v2\/comments?post=8773"}],"version-history":[{"count":6,"href":"https:\/\/www.protect.airbus.com\/fr\/wp-json\/wp\/v2\/pages\/8773\/revisions"}],"predecessor-version":[{"id":8786,"href":"https:\/\/www.protect.airbus.com\/fr\/wp-json\/wp\/v2\/pages\/8773\/revisions\/8786"}],"up":[{"embeddable":true,"href":"https:\/\/www.protect.airbus.com\/fr\/wp-json\/wp\/v2\/pages\/7284"}],"wp:featuredmedia":[{"embeddable":true,"href":"https:\/\/www.protect.airbus.com\/fr\/wp-json\/wp\/v2\/media\/821"}],"wp:attachment":[{"href":"https:\/\/www.protect.airbus.com\/fr\/wp-json\/wp\/v2\/media?parent=8773"}],"curies":[{"name":"wp","href":"https:\/\/api.w.org\/{rel}","templated":true}]}}