{"id":8551,"date":"2024-01-30T17:11:45","date_gmt":"2024-01-30T16:11:45","guid":{"rendered":"https:\/\/www.protect.airbus.com\/?page_id=8551"},"modified":"2024-01-30T17:56:34","modified_gmt":"2024-01-30T16:56:34","slug":"ingenierie-securite-incendie","status":"publish","type":"page","link":"https:\/\/www.protect.airbus.com\/fr\/sustainability\/ingenierie-securite-incendie\/","title":{"rendered":"Ing\u00e9nierie de s\u00e9curit\u00e9 incendie"},"content":{"rendered":"<div class=\"wpb-content-wrapper\"><p>[vc_row][vc_column][vc_column_text h2_style=\u00a0\u00bbh2Big\u00a0\u00bb css=\u00a0\u00bb.vc_custom_1706630107456{margin-bottom: 0px !important;padding-bottom: 0px !important;}\u00a0\u00bb]<\/p>\n<h2>\u00c9valuer et ma\u00eetriser la vuln\u00e9rabilit\u00e9 de votre b\u00e2timent ou installation vis-\u00e0-vis du risque incendie<\/h2>\n<p>[\/vc_column_text][vc_column_text p_style=\u00a0\u00bbpBig\u00a0\u00bb]<span style=\"font-weight: 400;\">Une bonne gestion du risque incendie est cruciale pour la s\u00e9curit\u00e9 globale d\u2019une installation ou d\u2019un b\u00e2timent. Elle permet d\u2019assurer la protection de l\u2019environnement, l\u2019\u00e9vacuation des personnes dans des conditions acceptables, la pr\u00e9servation des biens mat\u00e9riels et la continuit\u00e9 des op\u00e9rations. <\/span><\/p>\n<p><span style=\"font-weight: 400;\">En anticipant et en mitigant les risques li\u00e9s aux incendies, une installation peut minimiser les pertes financi\u00e8res, maintenir la confiance des parties prenantes et r\u00e9pondre aux normes de s\u00e9curit\u00e9, contribuant ainsi \u00e0 sa p\u00e9rennit\u00e9 et \u00e0 sa r\u00e9putation.<\/span>[\/vc_column_text][vc_column_text h2_style=\u00a0\u00bbh2Big\u00a0\u00bb css=\u00a0\u00bb.vc_custom_1691157422410{margin-bottom: 0px !important;padding-bottom: 0px !important;}\u00a0\u00bb]<\/p>\n<h3>Ouvrir la voie<\/h3>\n<p>[\/vc_column_text][vc_column_text p_style=\u00a0\u00bbpHighlight\u00a0\u00bb]Fort de son expertise confirm\u00e9e par diff\u00e9rentes missions r\u00e9alis\u00e9es avec succ\u00e8s, Airbus Protect vous accompagne dans la mod\u00e9lisation et la ma\u00eetrise des risques incendie et vous offre des solutions pour analyser et ma\u00eetriser la vuln\u00e9rabilit\u00e9 de votre entreprise.[\/vc_column_text][vc_column_text h2_style=\u00a0\u00bbh2Big\u00a0\u00bb css=\u00a0\u00bb.vc_custom_1691157444758{margin-bottom: 0px !important;padding-bottom: 0px !important;}\u00a0\u00bb]<\/p>\n<h3>Pourquoi Airbus Protect?<\/h3>\n<p>[\/vc_column_text][vc_column_text p_style=\u00a0\u00bbpHighlight\u00a0\u00bb]La gestion de risque incendie d\u2019Airbus Protect couvre un tr\u00e8s large \u00e9ventail de domaines techniques de l\u2019ing\u00e9nierie de s\u00e9curit\u00e9 incendie, en passant par les analyses de conformit\u00e9s r\u00e9glementaires jusqu\u2019\u00e0 la mod\u00e9lisation tridimensionnelle. Vous pourrez b\u00e9n\u00e9ficier de l\u2019expertise de la Fire Team, une \u00e9quipe enti\u00e8rement d\u00e9di\u00e9e aux risques incendie et r\u00e9partie dans plusieurs villes en France.<\/p>\n<p>Nos intervenants disposent d\u2019une parfaite connaissance des m\u00e9thodologies (r\u00e9glementations ERP et ICPE, m\u00e9thodologies relatives aux installations nucl\u00e9aires, calculs avanc\u00e9s conformes aux Eurocodes, etc.) ainsi que des proc\u00e9dures et outils n\u00e9cessaires \u00e0 la bonne r\u00e9alisation des missions avec d\u2019excellentes r\u00e9f\u00e9rences (\u00e9tudes de stabilit\u00e9 au feu de plusieurs dizaines d\u2019installations, \u00e9tudes de ma\u00eetrise des risques li\u00e9s \u00e0 l\u2019incendie de nombreuses installations nucl\u00e9aires tant civiles que militaires.).[\/vc_column_text][vc_column_text h2_style=\u00a0\u00bbh2Big\u00a0\u00bb css=\u00a0\u00bb.vc_custom_1691157574394{margin-bottom: 0px !important;padding-bottom: 0px !important;}\u00a0\u00bb]<\/p>\n<h3>Notre offre<\/h3>\n<p>[\/vc_column_text][vc_column_text]<\/p>\n<ul>\n<li><span style=\"font-weight: 400;\">\u00c9tude de stabilit\u00e9<\/span><\/li>\n<li><span style=\"font-weight: 400;\">\u00c9tude de ma\u00eetrise des risques li\u00e9s \u00e0 l\u2019incendie<\/span><\/li>\n<li><span style=\"font-weight: 400;\">\u00c9tude d\u2019ing\u00e9nierie du d\u00e9senfumage<\/span><\/li>\n<li><span style=\"font-weight: 400;\">\u00c9tude de mode de ruine<\/span><\/li>\n<\/ul>\n<p>[\/vc_column_text]    <div class=\"hightlightBracket\">\n        <div class=\"glyphe\"><\/div>\n        <div class=\"highlight\"><p>Contactez la Fire team pour en savoir plus sur la vuln\u00e9rabilit\u00e9 de votre entreprise concernant son risque incendie<\/p><\/div>\n    <\/div>\n    <div class=\"divBtCTA btAlignCenter\"><a href=\"https:\/\/www.protect.airbus.com\/fr\/contact\/\"  class=\"button btAuto\">Nous contacter<\/a><\/div><div class=\"whatsNew\" id=\"whatsnew_69ecb5d79e139\">\n    <div class=\"lineTitleFilter\">\n        <div id=\"conteneur_h2_WhatsNew\"><h2>Des nouveaut\u00e9s ?<\/h2><\/div>\n        <div id=\"conteneur_FiltreWhatsNew\">\n\t\t\t<div class=\"filterWhatsNew\"><span>Filtre<\/span>\n\t\t\t\t<ul>\n\t\t\t\t\t<li><button type=\"button\" class=\"btFilter bfFilterNews\" onclick=\"fctFilterWhatsNew('news','allCategories','whatsnew_69ecb5d79e139')\">Actualit\u00e9<\/button><\/li>\n\t\t\t\t\t<li><button type=\"button\" class=\"btFilter bfFilterWhitePaper\" onclick=\"fctFilterWhatsNew('whitepaper','allCategories','whatsnew_69ecb5d79e139')\">Livre blanc<\/button><\/li>\n\t\t\t\t\t<li><button type=\"button\" class=\"btFilter bfFilterBlog\" onclick=\"fctFilterWhatsNew('blog','allCategories','whatsnew_69ecb5d79e139')\">Blog<\/button><\/li>\n\t\t\t\t\t<li><button type=\"button\" class=\"btFilter bfFilterEvent\" onclick=\"fctFilterWhatsNew('event','allCategories','whatsnew_69ecb5d79e139')\">\u00c9v\u00e9nement<\/button><\/li>\n\t\t\t\t<\/ul><\/div>\n\t\t\t<div id=\"whathsnew_glyphe\"><\/div>\n\t\t<\/div>\n    <\/div>\n\t\n    <div class=\"listWhatsNew\">\n    <article id=\"whatsnew_item_8753\">\n    <span class=\"whatsNewType\">Blog<\/span>\n    <a href=\"https:\/\/www.protect.airbus.com\/fr\/blog\/cyber-threat-intelligence-soc-part-2\/\"><img loading=\"lazy\" decoding=\"async\" width=\"349\" height=\"189\" src=\"https:\/\/www.protect.airbus.com\/wp-content\/uploads\/2024\/01\/blog-banner-1-349x189.png\" class=\"attachment-post-bloc size-post-bloc wp-post-image\" alt=\"Cyber Threat Intelligence Part 2\" \/><\/a>\n    <div class=\"titreWN\">Cyber Threat Intelligence Part 2 : Comment soutenir les efforts de chasse et de d\u00e9tection des menaces du SOC ?<\/div>\n    <p><p>[vc_row][vc_column][vc_column_text] Introduction Dans la premi\u00e8re partie de cette s\u00e9rie d&rsquo;articles de blog ax\u00e9s sur la CTI, nous avons introduit le cycle de production du renseignement et propos\u00e9 une architecture fonctionnelle et technique pour une plateforme de renseignement sur les cybermenaces int\u00e9gr\u00e9e et prenant en charge les op\u00e9rations SOC et de r\u00e9ponse aux incidents (IR). Cette [&hellip;]<\/p>\n<\/p>\n        <div id=\"conteneur_btReadMore\"><a href=\"https:\/\/www.protect.airbus.com\/fr\/blog\/cyber-threat-intelligence-soc-part-2\/\" class=\"btReadMore\">En savoir plus<\/a><\/div><\/article>\n<article id=\"whatsnew_item_38099\">\n    <span class=\"whatsNewType\">\u00c9v\u00e9nement<\/span>\n    <a href=\"https:\/\/www.protect.airbus.com\/fr\/les-assises-de-la-cybersecurite\/\"><img loading=\"lazy\" decoding=\"async\" width=\"349\" height=\"189\" src=\"https:\/\/www.protect.airbus.com\/wp-content\/uploads\/2025\/09\/1728657120568-349x189.jpg\" class=\"attachment-post-bloc size-post-bloc wp-post-image\" alt=\"\" \/><\/a>\n    <div class=\"titreWN\">Les Assises de la Cybers\u00e9curit\u00e9 2025 : Retrouvez l&rsquo;\u00e9quipe d&rsquo;Airbus Protect<\/div>\n    <p><p>[vc_row][vc_column][vc_column_text css=\u00a0\u00bb\u00a0\u00bb h3_couleur=\u00a0\u00bbh3BleuProtect\u00a0\u00bb] Venez nous rencontrer sur notre stand Nos experts vous attendent au stand H13 pour discuter de vos d\u00e9fis en mati\u00e8re de cybers\u00e9curit\u00e9. Que vous cherchiez \u00e0 renforcer la protection de votre entreprise ou \u00e0 optimiser votre r\u00e9silience, nous avons des solutions. Nous vous pr\u00e9senterons l&rsquo;ensemble de nos services : Conseil en cybers\u00e9curit\u00e9 [&hellip;]<\/p>\n<\/p>\n        <div id=\"conteneur_btReadMore\"><a href=\"https:\/\/www.protect.airbus.com\/fr\/les-assises-de-la-cybersecurite\/\" class=\"btReadMore\">En savoir plus<\/a><\/div><\/article>\n<article id=\"whatsnew_item_3731\">\n    <span class=\"whatsNewType\">Blog<\/span>\n    <a href=\"https:\/\/www.protect.airbus.com\/fr\/blog\/soc-jobs-soc-manager-temoignage\/\"><img loading=\"lazy\" decoding=\"async\" width=\"349\" height=\"189\" src=\"https:\/\/www.protect.airbus.com\/wp-content\/uploads\/2023\/01\/AdobeStock_432104654-349x189.jpeg\" class=\"attachment-post-bloc size-post-bloc wp-post-image\" alt=\"man-working-Service_op\" \/><\/a>\n    <div class=\"titreWN\">Pr\u00e9sentation de Paul Clayton, SOC Manager<\/div>\n    <p><p>Tout d&rsquo;abord, nous devons vous demander comment est-ce de travailler aux c\u00f4t\u00e9s d&rsquo;un membre de la famille ? C&rsquo;est agr\u00e9able. Heather est nouvelle dans ce genre de travail, c&rsquo;est donc une bonne chose que je sois l\u00e0 pour lui donner un coup de main lorsqu&rsquo;elle rencontre les centaines d&rsquo;acronymes de trois mots que nous utilisons [&hellip;]<\/p>\n<\/p>\n        <div id=\"conteneur_btReadMore\"><a href=\"https:\/\/www.protect.airbus.com\/fr\/blog\/soc-jobs-soc-manager-temoignage\/\" class=\"btReadMore\">En savoir plus<\/a><\/div><\/article>\n    <\/div>\n    <div class=\"conteneurLineMoreInsight\"><div class=\"lineMoreInsight\"><a href=\"\/fr\/informations\/\">d\u00e9couvrir<\/a><\/div><\/div>\n<\/div>\n[\/vc_column][\/vc_row]<\/p>\n<\/div>","protected":false},"excerpt":{"rendered":"<p>[vc_row][vc_column][vc_column_text h2_style=\u00a0\u00bbh2Big\u00a0\u00bb css=\u00a0\u00bb.vc_custom_1706630107456{margin-bottom: 0px !important;padding-bottom: 0px !important;}\u00a0\u00bb] \u00c9valuer et ma\u00eetriser la vuln\u00e9rabilit\u00e9 de votre b\u00e2timent ou installation vis-\u00e0-vis du risque incendie [\/vc_column_text][vc_column_text p_style=\u00a0\u00bbpBig\u00a0\u00bb]Une bonne gestion du risque incendie est cruciale pour la s\u00e9curit\u00e9 globale d\u2019une installation ou d\u2019un b\u00e2timent. Elle permet d\u2019assurer la protection de l\u2019environnement, l\u2019\u00e9vacuation des personnes dans des conditions acceptables, la pr\u00e9servation [&hellip;]<\/p>\n","protected":false},"author":8,"featured_media":821,"parent":7284,"menu_order":0,"comment_status":"closed","ping_status":"closed","template":"","meta":{"_acf_changed":false,"content-type":"","_relevanssi_hide_post":"","_relevanssi_hide_content":"","_relevanssi_pin_for_all":"","_relevanssi_pin_keywords":"","_relevanssi_unpin_keywords":"","_relevanssi_related_keywords":"","_relevanssi_related_include_ids":"","_relevanssi_related_exclude_ids":"","_relevanssi_related_no_append":"","_relevanssi_related_not_related":"","_relevanssi_related_posts":"","_relevanssi_noindex_reason":"","footnotes":""},"class_list":["post-8551","page","type-page","status-publish","has-post-thumbnail","hentry"],"acf":[],"yoast_head":"<!-- This site is optimized with the Yoast SEO Premium plugin v27.4 (Yoast SEO v27.4) - https:\/\/yoast.com\/product\/yoast-seo-premium-wordpress\/ -->\n<title>Ing\u00e9nierie de s\u00e9curit\u00e9 incendie - Airbus Protect<\/title>\n<meta name=\"description\" content=\"Evaluez avec nos experts en ing\u00e9nierie de s\u00e9curit\u00e9 incendie la vuln\u00e9rabilit\u00e9 de votre b\u00e2timent ou installation vis-\u00e0-vis du risque incendie.\" \/>\n<meta name=\"robots\" content=\"index, follow, max-snippet:-1, max-image-preview:large, max-video-preview:-1\" \/>\n<link rel=\"canonical\" href=\"https:\/\/www.protect.airbus.com\/fr\/sustainability\/ingenierie-securite-incendie\/\" \/>\n<meta property=\"og:locale\" content=\"fr_FR\" \/>\n<meta property=\"og:type\" content=\"article\" \/>\n<meta property=\"og:title\" content=\"Ing\u00e9nierie de s\u00e9curit\u00e9 incendie\" \/>\n<meta property=\"og:description\" content=\"Evaluez avec nos experts en ing\u00e9nierie de s\u00e9curit\u00e9 incendie la vuln\u00e9rabilit\u00e9 de votre b\u00e2timent ou installation vis-\u00e0-vis du risque incendie.\" \/>\n<meta property=\"og:url\" content=\"https:\/\/www.protect.airbus.com\/fr\/sustainability\/ingenierie-securite-incendie\/\" \/>\n<meta property=\"og:site_name\" content=\"Airbus Protect\" \/>\n<meta property=\"article:modified_time\" content=\"2024-01-30T16:56:34+00:00\" \/>\n<meta property=\"og:image\" content=\"https:\/\/www.protect.airbus.com\/wp-content\/uploads\/2024\/01\/Design-sans-titre-2-1024x412.png\" \/>\n\t<meta property=\"og:image:width\" content=\"1024\" \/>\n\t<meta property=\"og:image:height\" content=\"412\" \/>\n\t<meta property=\"og:image:type\" content=\"image\/png\" \/>\n<meta name=\"twitter:card\" content=\"summary_large_image\" \/>\n<meta name=\"twitter:label1\" content=\"Dur\u00e9e de lecture estim\u00e9e\" \/>\n\t<meta name=\"twitter:data1\" content=\"2 minutes\" \/>\n<script type=\"application\/ld+json\" class=\"yoast-schema-graph\">{\"@context\":\"https:\\\/\\\/schema.org\",\"@graph\":[{\"@type\":\"BlogPosting\",\"mainEntityOfPage\":{\"@type\":\"WebPage\",\"@id\":\"https:\\\/\\\/www.protect.airbus.com\\\/fr\\\/sustainability\\\/ingenierie-securite-incendie\\\/\"},\"headline\":\"Pr\u00e9sentation de Paul Clayton, SOC Manager\",\"description\":\"\",\"author\":{\"@id\":\"https:\\\/\\\/www.protect.airbus.com\\\/#organization\"},\"publisher\":{\"@id\":\"https:\\\/\\\/www.protect.airbus.com\\\/#organization\"},\"image\":\"https:\\\/\\\/www.protect.airbus.com\\\/wp-content\\\/uploads\\\/2023\\\/01\\\/AdobeStock_432104654-scaled.jpeg\",\"datePublished\":\"2024-01-30T16:11:45+00:00\",\"dateModified\":\"2024-01-30T16:56:34+00:00\"},{\"@type\":\"WebPage\",\"@id\":\"https:\\\/\\\/www.protect.airbus.com\\\/fr\\\/sustainability\\\/ingenierie-securite-incendie\\\/\",\"url\":\"https:\\\/\\\/www.protect.airbus.com\\\/fr\\\/sustainability\\\/ingenierie-securite-incendie\\\/\",\"name\":\"Ing\u00e9nierie de s\u00e9curit\u00e9 incendie - Airbus Protect\",\"isPartOf\":{\"@id\":\"https:\\\/\\\/www.protect.airbus.com\\\/fr\\\/#website\"},\"primaryImageOfPage\":{\"@id\":\"https:\\\/\\\/www.protect.airbus.com\\\/fr\\\/sustainability\\\/ingenierie-securite-incendie\\\/#primaryimage\"},\"image\":{\"@id\":\"https:\\\/\\\/www.protect.airbus.com\\\/fr\\\/sustainability\\\/ingenierie-securite-incendie\\\/#primaryimage\"},\"thumbnailUrl\":\"https:\\\/\\\/www.protect.airbus.com\\\/wp-content\\\/uploads\\\/2022\\\/06\\\/header-sustainability-sous-page.jpg\",\"datePublished\":\"2024-01-30T16:11:45+00:00\",\"dateModified\":\"2024-01-30T16:56:34+00:00\",\"description\":\"Evaluez avec nos experts en ing\u00e9nierie de s\u00e9curit\u00e9 incendie la vuln\u00e9rabilit\u00e9 de votre b\u00e2timent ou installation vis-\u00e0-vis du risque incendie.\",\"breadcrumb\":{\"@id\":\"https:\\\/\\\/www.protect.airbus.com\\\/fr\\\/sustainability\\\/ingenierie-securite-incendie\\\/#breadcrumb\"},\"inLanguage\":\"fr-FR\",\"potentialAction\":[{\"@type\":\"ReadAction\",\"target\":[\"https:\\\/\\\/www.protect.airbus.com\\\/fr\\\/sustainability\\\/ingenierie-securite-incendie\\\/\"]}]},{\"@type\":\"ImageObject\",\"inLanguage\":\"fr-FR\",\"@id\":\"https:\\\/\\\/www.protect.airbus.com\\\/fr\\\/sustainability\\\/ingenierie-securite-incendie\\\/#primaryimage\",\"url\":\"https:\\\/\\\/www.protect.airbus.com\\\/wp-content\\\/uploads\\\/2022\\\/06\\\/header-sustainability-sous-page.jpg\",\"contentUrl\":\"https:\\\/\\\/www.protect.airbus.com\\\/wp-content\\\/uploads\\\/2022\\\/06\\\/header-sustainability-sous-page.jpg\",\"width\":1920,\"height\":358},{\"@type\":\"BreadcrumbList\",\"@id\":\"https:\\\/\\\/www.protect.airbus.com\\\/fr\\\/sustainability\\\/ingenierie-securite-incendie\\\/#breadcrumb\",\"itemListElement\":[{\"@type\":\"ListItem\",\"position\":1,\"name\":\"Home\",\"item\":\"https:\\\/\\\/www.protect.airbus.com\\\/fr\\\/\"},{\"@type\":\"ListItem\",\"position\":2,\"name\":\"Sustainability\",\"item\":\"https:\\\/\\\/www.protect.airbus.com\\\/fr\\\/sustainability\\\/\"},{\"@type\":\"ListItem\",\"position\":3,\"name\":\"Ing\u00e9nierie de s\u00e9curit\u00e9 incendie\"}]},{\"@type\":\"WebSite\",\"@id\":\"https:\\\/\\\/www.protect.airbus.com\\\/fr\\\/#website\",\"url\":\"https:\\\/\\\/www.protect.airbus.com\\\/fr\\\/\",\"name\":\"Airbus Protect\",\"description\":\"\",\"publisher\":{\"@id\":\"https:\\\/\\\/www.protect.airbus.com\\\/fr\\\/#organization\"},\"potentialAction\":[{\"@type\":\"SearchAction\",\"target\":{\"@type\":\"EntryPoint\",\"urlTemplate\":\"https:\\\/\\\/www.protect.airbus.com\\\/fr\\\/?s={search_term_string}\"},\"query-input\":{\"@type\":\"PropertyValueSpecification\",\"valueRequired\":true,\"valueName\":\"search_term_string\"}}],\"inLanguage\":\"fr-FR\"},{\"@type\":\"Organization\",\"@id\":\"https:\\\/\\\/www.protect.airbus.com\\\/fr\\\/#organization\",\"name\":\"Airbus Protect\",\"url\":\"https:\\\/\\\/www.protect.airbus.com\\\/fr\\\/\",\"logo\":{\"@type\":\"ImageObject\",\"inLanguage\":\"fr-FR\",\"@id\":\"https:\\\/\\\/www.protect.airbus.com\\\/fr\\\/#\\\/schema\\\/logo\\\/image\\\/\",\"url\":\"https:\\\/\\\/www.protect.airbus.com\\\/wp-content\\\/uploads\\\/2023\\\/05\\\/logo-airbus-protect-696-696.png\",\"contentUrl\":\"https:\\\/\\\/www.protect.airbus.com\\\/wp-content\\\/uploads\\\/2023\\\/05\\\/logo-airbus-protect-696-696.png\",\"width\":696,\"height\":696,\"caption\":\"Airbus Protect\"},\"image\":{\"@id\":\"https:\\\/\\\/www.protect.airbus.com\\\/fr\\\/#\\\/schema\\\/logo\\\/image\\\/\"},\"sameAs\":[\"https:\\\/\\\/www.linkedin.com\\\/company\\\/airbus-protect\\\/\",\"https:\\\/\\\/www.youtube.com\\\/@airbusprotect7483\"],\"contactPoint\":{\"@type\":\"ContactPoint\",\"email\":\"protect@airbus.com\",\"contactType\":\"customer service\",\"areaServed\":[\"GB\",\"FR\",\"ES\",\"DE\",\"BE\",\"CH\",\"PT\",\"DK\",\"AT\"],\"availableLanguage\":[\"en\",\"fr\",\"de\"]}}]}<\/script>\n<!-- \/ Yoast SEO Premium plugin. -->","yoast_head_json":{"title":"Ing\u00e9nierie de s\u00e9curit\u00e9 incendie - Airbus Protect","description":"Evaluez avec nos experts en ing\u00e9nierie de s\u00e9curit\u00e9 incendie la vuln\u00e9rabilit\u00e9 de votre b\u00e2timent ou installation vis-\u00e0-vis du risque incendie.","robots":{"index":"index","follow":"follow","max-snippet":"max-snippet:-1","max-image-preview":"max-image-preview:large","max-video-preview":"max-video-preview:-1"},"canonical":"https:\/\/www.protect.airbus.com\/fr\/sustainability\/ingenierie-securite-incendie\/","og_locale":"fr_FR","og_type":"article","og_title":"Ing\u00e9nierie de s\u00e9curit\u00e9 incendie","og_description":"Evaluez avec nos experts en ing\u00e9nierie de s\u00e9curit\u00e9 incendie la vuln\u00e9rabilit\u00e9 de votre b\u00e2timent ou installation vis-\u00e0-vis du risque incendie.","og_url":"https:\/\/www.protect.airbus.com\/fr\/sustainability\/ingenierie-securite-incendie\/","og_site_name":"Airbus Protect","article_modified_time":"2024-01-30T16:56:34+00:00","og_image":[{"width":1024,"height":412,"url":"https:\/\/www.protect.airbus.com\/wp-content\/uploads\/2024\/01\/Design-sans-titre-2-1024x412.png","type":"image\/png"}],"twitter_card":"summary_large_image","twitter_misc":{"Dur\u00e9e de lecture estim\u00e9e":"2 minutes"},"schema":{"@context":"https:\/\/schema.org","@graph":[{"@type":"BlogPosting","mainEntityOfPage":{"@type":"WebPage","@id":"https:\/\/www.protect.airbus.com\/fr\/sustainability\/ingenierie-securite-incendie\/"},"headline":"Pr\u00e9sentation de Paul Clayton, SOC Manager","description":"","author":{"@id":"https:\/\/www.protect.airbus.com\/#organization"},"publisher":{"@id":"https:\/\/www.protect.airbus.com\/#organization"},"image":"https:\/\/www.protect.airbus.com\/wp-content\/uploads\/2023\/01\/AdobeStock_432104654-scaled.jpeg","datePublished":"2024-01-30T16:11:45+00:00","dateModified":"2024-01-30T16:56:34+00:00"},{"@type":"WebPage","@id":"https:\/\/www.protect.airbus.com\/fr\/sustainability\/ingenierie-securite-incendie\/","url":"https:\/\/www.protect.airbus.com\/fr\/sustainability\/ingenierie-securite-incendie\/","name":"Ing\u00e9nierie de s\u00e9curit\u00e9 incendie - Airbus Protect","isPartOf":{"@id":"https:\/\/www.protect.airbus.com\/fr\/#website"},"primaryImageOfPage":{"@id":"https:\/\/www.protect.airbus.com\/fr\/sustainability\/ingenierie-securite-incendie\/#primaryimage"},"image":{"@id":"https:\/\/www.protect.airbus.com\/fr\/sustainability\/ingenierie-securite-incendie\/#primaryimage"},"thumbnailUrl":"https:\/\/www.protect.airbus.com\/wp-content\/uploads\/2022\/06\/header-sustainability-sous-page.jpg","datePublished":"2024-01-30T16:11:45+00:00","dateModified":"2024-01-30T16:56:34+00:00","description":"Evaluez avec nos experts en ing\u00e9nierie de s\u00e9curit\u00e9 incendie la vuln\u00e9rabilit\u00e9 de votre b\u00e2timent ou installation vis-\u00e0-vis du risque incendie.","breadcrumb":{"@id":"https:\/\/www.protect.airbus.com\/fr\/sustainability\/ingenierie-securite-incendie\/#breadcrumb"},"inLanguage":"fr-FR","potentialAction":[{"@type":"ReadAction","target":["https:\/\/www.protect.airbus.com\/fr\/sustainability\/ingenierie-securite-incendie\/"]}]},{"@type":"ImageObject","inLanguage":"fr-FR","@id":"https:\/\/www.protect.airbus.com\/fr\/sustainability\/ingenierie-securite-incendie\/#primaryimage","url":"https:\/\/www.protect.airbus.com\/wp-content\/uploads\/2022\/06\/header-sustainability-sous-page.jpg","contentUrl":"https:\/\/www.protect.airbus.com\/wp-content\/uploads\/2022\/06\/header-sustainability-sous-page.jpg","width":1920,"height":358},{"@type":"BreadcrumbList","@id":"https:\/\/www.protect.airbus.com\/fr\/sustainability\/ingenierie-securite-incendie\/#breadcrumb","itemListElement":[{"@type":"ListItem","position":1,"name":"Home","item":"https:\/\/www.protect.airbus.com\/fr\/"},{"@type":"ListItem","position":2,"name":"Sustainability","item":"https:\/\/www.protect.airbus.com\/fr\/sustainability\/"},{"@type":"ListItem","position":3,"name":"Ing\u00e9nierie de s\u00e9curit\u00e9 incendie"}]},{"@type":"WebSite","@id":"https:\/\/www.protect.airbus.com\/fr\/#website","url":"https:\/\/www.protect.airbus.com\/fr\/","name":"Airbus Protect","description":"","publisher":{"@id":"https:\/\/www.protect.airbus.com\/fr\/#organization"},"potentialAction":[{"@type":"SearchAction","target":{"@type":"EntryPoint","urlTemplate":"https:\/\/www.protect.airbus.com\/fr\/?s={search_term_string}"},"query-input":{"@type":"PropertyValueSpecification","valueRequired":true,"valueName":"search_term_string"}}],"inLanguage":"fr-FR"},{"@type":"Organization","@id":"https:\/\/www.protect.airbus.com\/fr\/#organization","name":"Airbus Protect","url":"https:\/\/www.protect.airbus.com\/fr\/","logo":{"@type":"ImageObject","inLanguage":"fr-FR","@id":"https:\/\/www.protect.airbus.com\/fr\/#\/schema\/logo\/image\/","url":"https:\/\/www.protect.airbus.com\/wp-content\/uploads\/2023\/05\/logo-airbus-protect-696-696.png","contentUrl":"https:\/\/www.protect.airbus.com\/wp-content\/uploads\/2023\/05\/logo-airbus-protect-696-696.png","width":696,"height":696,"caption":"Airbus Protect"},"image":{"@id":"https:\/\/www.protect.airbus.com\/fr\/#\/schema\/logo\/image\/"},"sameAs":["https:\/\/www.linkedin.com\/company\/airbus-protect\/","https:\/\/www.youtube.com\/@airbusprotect7483"],"contactPoint":{"@type":"ContactPoint","email":"protect@airbus.com","contactType":"customer service","areaServed":["GB","FR","ES","DE","BE","CH","PT","DK","AT"],"availableLanguage":["en","fr","de"]}}]}},"_links":{"self":[{"href":"https:\/\/www.protect.airbus.com\/fr\/wp-json\/wp\/v2\/pages\/8551","targetHints":{"allow":["GET"]}}],"collection":[{"href":"https:\/\/www.protect.airbus.com\/fr\/wp-json\/wp\/v2\/pages"}],"about":[{"href":"https:\/\/www.protect.airbus.com\/fr\/wp-json\/wp\/v2\/types\/page"}],"author":[{"embeddable":true,"href":"https:\/\/www.protect.airbus.com\/fr\/wp-json\/wp\/v2\/users\/8"}],"replies":[{"embeddable":true,"href":"https:\/\/www.protect.airbus.com\/fr\/wp-json\/wp\/v2\/comments?post=8551"}],"version-history":[{"count":6,"href":"https:\/\/www.protect.airbus.com\/fr\/wp-json\/wp\/v2\/pages\/8551\/revisions"}],"predecessor-version":[{"id":8562,"href":"https:\/\/www.protect.airbus.com\/fr\/wp-json\/wp\/v2\/pages\/8551\/revisions\/8562"}],"up":[{"embeddable":true,"href":"https:\/\/www.protect.airbus.com\/fr\/wp-json\/wp\/v2\/pages\/7284"}],"wp:featuredmedia":[{"embeddable":true,"href":"https:\/\/www.protect.airbus.com\/fr\/wp-json\/wp\/v2\/media\/821"}],"wp:attachment":[{"href":"https:\/\/www.protect.airbus.com\/fr\/wp-json\/wp\/v2\/media?parent=8551"}],"curies":[{"name":"wp","href":"https:\/\/api.w.org\/{rel}","templated":true}]}}