{"id":8252,"date":"2023-12-22T11:11:04","date_gmt":"2023-12-22T10:11:04","guid":{"rendered":"https:\/\/www.protect.airbus.com\/?page_id=8252"},"modified":"2024-12-06T09:36:32","modified_gmt":"2024-12-06T08:36:32","slug":"offres-emploi","status":"publish","type":"page","link":"https:\/\/www.protect.airbus.com\/fr\/carriere\/offres-emploi\/","title":{"rendered":"Nos offres d&#8217;emploi"},"content":{"rendered":"<div class=\"wpb-content-wrapper\"><p>[vc_row][vc_column][vc_column_text css=\u00a0\u00bb\u00a0\u00bb p_style=\u00a0\u00bbpHighlight\u00a0\u00bb]<strong>Construire un monde connect\u00e9 s\u00fbr, s\u00e9curis\u00e9 et durable<\/strong><\/p>\n<p><strong>Progresser ensemble est essentiel pour Airbus Protect. Apprendre, d\u00e9velopper et mettre en \u0153uvre une culture de service aux clients, une expertise de pointe et un leadership inspirant.<\/strong><\/p>\n<p>D\u00e9couvrez toutes nos offres d&#8217;emploi ouvertes dans la Safety, la Cybers\u00e9curit\u00e9, la Sustainability ou dans les fonctions supports.[\/vc_column_text]<div class=\"divBtCTA btAlignCenter\"><a href=\"https:\/\/ag.wd3.myworkdayjobs.com\/fr-FR\/Airbus?hiringCompany=f5811cef9cb50166ff1fba124e0a295c&hiringCompany=f5811cef9cb501eb3bf4e0124e0add5c&hiringCompany=f5811cef9cb5013b35f9bb124e0a335c\" target=\"_blank\" class=\"button btAuto\">Voir toutes nos offres d&#039;emploi<\/a><\/div>[vc_column_text css=\u00a0\u00bb\u00a0\u00bb p_style=\u00a0\u00bbpHighlight\u00a0\u00bb]Si vous souhaitez un filtrage plus pr\u00e9cis par pays et niveau d&rsquo;exp\u00e9rience, s\u00e9lectionnez dans les propositions ci-dessous :[\/vc_column_text]<div id=\"mainJobOffer\">\n    <div id=\"sectionDestination\" class=\"sectionJobOffer\">\n        <div class=\"headerSection pHighlight\">\n            <h2>Votre situation g\u00e9ographique<\/h2>            <p>Airbus Protect est une soci\u00e9t\u00e9 europ\u00e9enne de gestion des risques qui poss\u00e8de des sites en France, en Allemagne et au Royaume-Uni. S\u00e9lectionnez un pays en fonction de votre localisation pr\u00e9f\u00e9r\u00e9e. Si vous souhaitez consulter tous nos postes en Europe, s\u00e9lectionnez \u00abMonde\u00bb.<\/p>        <\/div>\n        <div class=\"critereSection\">\n            <div class=\"critere\" id=\"critereDestination1\" onclick=\"fctCritereJobOffer(this);\">\n                    <div>\n                        <div class=\"visuelCritere\">\n                                                        <img decoding=\"async\" src=\"https:\/\/www.protect.airbus.com\/wp-content\/uploads\/2023\/12\/destination-icone-france.png\" alt=\"France\" \/>\n                            <span>France<\/span>\n                        <\/div>\n                        <p class=\"descriptionCritere\">Cliquez ici pour voir tous les postes ouverts en France. Nos principaux sites sont situ\u00e9s dans les r\u00e9gions de Paris, Toulouse et Marseille, mais certaines offres sont disponibles dans d&#039;autres lieux en France.<\/p>                    <\/div>\n                    <div class=\"selectionCritere\" data-rappel-selection=\"Offres France\" data-valeur-destination=\"locationCountry=54c5b6971ffb4bf0b116fe7651ec789a\"><span>Voir les offres d&#039;emploi en France<\/span><\/div>\n                    <\/div><div class=\"critere\" id=\"critereDestination2\" onclick=\"fctCritereJobOffer(this);\">\n                    <div>\n                        <div class=\"visuelCritere\">\n                                                        <img decoding=\"async\" src=\"https:\/\/www.protect.airbus.com\/wp-content\/uploads\/2023\/12\/destination-icone-germany.png\" alt=\"Allemagne\" \/>\n                            <span>Allemagne<\/span>\n                        <\/div>\n                        <p class=\"descriptionCritere\">Cliquez ici pour voir tous les postes \u00e0 pourvoir en Allemagne. Vous pouvez travailler \u00e0 Hambourg, Br\u00eame, Ottobrunn\/Taufkirchen, Donauw\u00f6rth, Cologne ou Immenstaad.<\/p>                    <\/div>\n                    <div class=\"selectionCritere\" data-rappel-selection=\"Offres Allemagne\" data-valeur-destination=\"locationCountry=dcc5b7608d8644b3a93716604e78e995\"><span>Voir les offres d&#039;emploi en Allemagne<\/span><\/div>\n                    <\/div><div class=\"critere\" id=\"critereDestination3\" onclick=\"fctCritereJobOffer(this);\">\n                    <div>\n                        <div class=\"visuelCritere\">\n                                                        <img decoding=\"async\" src=\"https:\/\/www.protect.airbus.com\/wp-content\/uploads\/2023\/12\/destination-icon-united-kingdom.png\" alt=\"Royaume-Uni\" \/>\n                            <span>Royaume-Uni<\/span>\n                        <\/div>\n                        <p class=\"descriptionCritere\">Cliquez ici pour voir tous les postes \u00e0 pourvoir au Royaume-Uni. Vous pouvez travailler dans la r\u00e9gion de Bristol, Corsham ou Newport.<\/p>                    <\/div>\n                    <div class=\"selectionCritere\" data-rappel-selection=\"Offre Royaume-Uni\" data-valeur-destination=\"locationCountry=29247e57dbaf46fb855b224e03170bc7\"><span>Voir les offres d&#039;emploi au Royaume-Uni<\/span><\/div>\n                    <\/div><div class=\"critere\" id=\"critereDestination4\" onclick=\"fctCritereJobOffer(this);\">\n                    <div>\n                        <div class=\"visuelCritere\">\n                                                        <img decoding=\"async\" src=\"https:\/\/www.protect.airbus.com\/wp-content\/uploads\/2023\/12\/detination-icone-worldwide.png\" alt=\"Monde\" \/>\n                            <span>Monde<\/span>\n                        <\/div>\n                        <p class=\"descriptionCritere\">Cliquez ici pour voir tous les postes \u00e0 pourvoir dans tous les pays.<\/p>                    <\/div>\n                    <div class=\"selectionCritere\" data-rappel-selection=\"Offres dans le monde\" data-valeur-destination=\"\"><span>Voir les offres d&#039;emploi dans le monde<\/span><\/div>\n                    <\/div>        <\/div>\n        <div class=\"continueSelection\" onclick=\"fctGoToSection('sectionExperience');\"><span>Continuez votre s\u00e9lection<\/span><img decoding=\"async\" src=\"\/wp-content\/themes\/airbusprotect\/images\/icon-continue-selection-job-offer.png\" alt=\"Continuez votre s\u00e9lection\" \/><\/div>\n    <\/div>\n        <div id=\"sectionExperience\" class=\"sectionJobOffer\">\n        <div class=\"headerSection pHighlight\">\n            <h2>Quel est votre niveau d&#039;exp\u00e9rience ?<\/h2>            <p>Chez Airbus Protect, nous vous donnons la possibilit\u00e9 de trouver votre propre voie, quel que soit votre niveau d&#039;exp\u00e9rience. S\u00e9lectionnez votre niveau d&#039;exp\u00e9rience ci-dessous.<\/p>        <\/div>\n        <div class=\"critereSection\">\n            <div class=\"critere\" id=\"critereExperience1\" onclick=\"fctCritereJobOffer(this);\">\n                    <div>\n                        <div class=\"visuelCritere\" style=\"background-image: url('https:\/\/www.protect.airbus.com\/wp-content\/uploads\/2023\/12\/experience-experienced-professionals-level.png');\">\n                            <span>Stagiaires\/ Apprentis<\/span>\n                        <\/div>\n                                            <\/div>\n                    <div class=\"selectionCritere\" data-rappel-selection=\"Offres stagiaires\/apprentis\" data-valeur-1-experience=\"student\" data-valeur-2-experience=\"\"><span>Trouver des opportunit\u00e9s<\/span><\/div>\n                    <\/div><div class=\"critere\" id=\"critereExperience2\" onclick=\"fctCritereJobOffer(this);\">\n                    <div>\n                        <div class=\"visuelCritere\" style=\"background-image: url('https:\/\/www.protect.airbus.com\/wp-content\/uploads\/2023\/12\/experience-entry-level.png');\">\n                            <span>Niveau d\u00e9butant<\/span>\n                        <\/div>\n                                            <\/div>\n                    <div class=\"selectionCritere\" data-rappel-selection=\"Offres niveau d\u00e9butant\" data-valeur-1-experience=\"entry level\" data-valeur-2-experience=\"\"><span>Trouver des opportunit\u00e9s<\/span><\/div>\n                    <\/div><div class=\"critere\" id=\"critereExperience3\" onclick=\"fctCritereJobOffer(this);\">\n                    <div>\n                        <div class=\"visuelCritere\" style=\"background-image: url('https:\/\/www.protect.airbus.com\/wp-content\/uploads\/2023\/12\/experience-trainees-apprentices.png');\">\n                            <span>Niveau des professionnels exp\u00e9riment\u00e9s<\/span>\n                        <\/div>\n                                            <\/div>\n                    <div class=\"selectionCritere\" data-rappel-selection=\"Offres professionnels exp\u00e9riment\u00e9s\" data-valeur-1-experience=\"#6to10YearsExp\" data-valeur-2-experience=\"#Over10YearsExp\"><span>Trouver des opportunit\u00e9s<\/span><\/div>\n                    <\/div>        <\/div>\n        <div class=\"continueSelection\" onclick=\"fctGoToSection('sectionGoto');\"><span>D\u00e9couvrez nos offres d'emploi<\/span><img decoding=\"async\" src=\"\/wp-content\/themes\/airbusprotect\/images\/icon-continue-selection-job-offer.png\" alt=\"Continuez votre s\u00e9lection\" \/><\/div>\n    <\/div>\n    <div id=\"sectionGoto\" class=\"sectionJobOffer\">\n        <div class=\"headerSection pHighlight\">\n            <h2>D\u00e9couvrez maintenant nos offres d&#039;emploi actuelles en fonction de vos pr\u00e9f\u00e9rences<\/h2>                    <\/div>\n        <div class=\"btAlignCenter\" id=\"divGoToSelectionJobOffer\"><a data-url='https:\/\/ag.wd3.myworkdayjobs.com\/fr-FR\/Airbus?hiringCompany=f5811cef9cb50166ff1fba124e0a295c&amp;hiringCompany=f5811cef9cb501eb3bf4e0124e0add5c&amp;hiringCompany=f5811cef9cb5013b35f9bb124e0a335c' target='_blank' href='' id='goToSelectionJobOffer' >Acc\u00e9der \u00e0 ma s\u00e9lection<\/a><\/div>        <ul id=\"listeCritereJobOffer\">\n        <\/ul>\n    <\/div>\n<\/div>[\/vc_column][\/vc_row][vc_row][vc_column][vc_raw_html css=\u00a0\u00bb\u00a0\u00bb]JTNDZGl2JTIwZGF0YS10Zi1saXZlJTNEJTIyMDFKRUJSMFZBTVY4OVk0M0NIUFE1UVZNTVMlMjIlM0UlM0MlMkZkaXYlM0UlM0NzY3JpcHQlMjBzcmMlM0QlMjIlMkYlMkZlbWJlZC50eXBlZm9ybS5jb20lMkZuZXh0JTJGZW1iZWQuanMlMjIlM0UlM0MlMkZzY3JpcHQlM0U=[\/vc_raw_html][\/vc_column][\/vc_row]<\/p>\n<\/div>","protected":false},"excerpt":{"rendered":"<p>[vc_row][vc_column][vc_column_text css=\u00a0\u00bb\u00a0\u00bb p_style=\u00a0\u00bbpHighlight\u00a0\u00bb]Construire un monde connect\u00e9 s\u00fbr, s\u00e9curis\u00e9 et durable Progresser ensemble est essentiel pour Airbus Protect. Apprendre, d\u00e9velopper et mettre en \u0153uvre une culture de service aux clients, une expertise de pointe et un leadership inspirant. D\u00e9couvrez toutes nos offres d&#8217;emploi ouvertes dans la Safety, la Cybers\u00e9curit\u00e9, la Sustainability ou dans les fonctions supports.[\/vc_column_text][vc_column_text [&hellip;]<\/p>\n","protected":false},"author":1,"featured_media":0,"parent":5623,"menu_order":0,"comment_status":"closed","ping_status":"closed","template":"page-header-slider.php","meta":{"_acf_changed":false,"content-type":"","_relevanssi_hide_post":"","_relevanssi_hide_content":"","_relevanssi_pin_for_all":"","_relevanssi_pin_keywords":"","_relevanssi_unpin_keywords":"","_relevanssi_related_keywords":"","_relevanssi_related_include_ids":"","_relevanssi_related_exclude_ids":"","_relevanssi_related_no_append":"","_relevanssi_related_not_related":"","_relevanssi_related_posts":"","_relevanssi_noindex_reason":"","footnotes":""},"class_list":["post-8252","page","type-page","status-publish","hentry"],"acf":[],"yoast_head":"<!-- This site is optimized with the Yoast SEO Premium plugin v27.4 (Yoast SEO v27.4) - https:\/\/yoast.com\/product\/yoast-seo-premium-wordpress\/ -->\n<title>Airbus Protect - Consultez les offres d&#039;emploi ouvertes<\/title>\n<meta name=\"description\" content=\"Consultez les offres d&#039;emploi ouvertes pour rejoindre Airbus Protect en Cybers\u00e9curit\u00e9, Safety, Sustainability ou dans les Fonctions Support.\" \/>\n<meta name=\"robots\" content=\"index, follow, max-snippet:-1, max-image-preview:large, max-video-preview:-1\" \/>\n<link rel=\"canonical\" href=\"https:\/\/www.protect.airbus.com\/fr\/carriere\/offres-emploi\/\" \/>\n<meta property=\"og:locale\" content=\"fr_FR\" \/>\n<meta property=\"og:type\" content=\"article\" \/>\n<meta property=\"og:title\" content=\"Nos offres d&#039;emploi\" \/>\n<meta property=\"og:description\" content=\"Consultez les offres d&#039;emploi ouvertes pour rejoindre Airbus Protect en Cybers\u00e9curit\u00e9, Safety, Sustainability ou dans les Fonctions Support.\" \/>\n<meta property=\"og:url\" content=\"https:\/\/www.protect.airbus.com\/fr\/carriere\/offres-emploi\/\" \/>\n<meta property=\"og:site_name\" content=\"Airbus Protect\" \/>\n<meta property=\"article:modified_time\" content=\"2024-12-06T08:36:32+00:00\" \/>\n<meta name=\"twitter:card\" content=\"summary_large_image\" \/>\n<meta name=\"twitter:label1\" content=\"Dur\u00e9e de lecture estim\u00e9e\" \/>\n\t<meta name=\"twitter:data1\" content=\"4 minutes\" \/>\n<script type=\"application\/ld+json\" class=\"yoast-schema-graph\">{\"@context\":\"https:\\\/\\\/schema.org\",\"@graph\":[{\"@type\":\"WebPage\",\"@id\":\"https:\\\/\\\/www.protect.airbus.com\\\/fr\\\/carriere\\\/offres-emploi\\\/\",\"url\":\"https:\\\/\\\/www.protect.airbus.com\\\/fr\\\/carriere\\\/offres-emploi\\\/\",\"name\":\"Airbus Protect - Consultez les offres d'emploi ouvertes\",\"isPartOf\":{\"@id\":\"https:\\\/\\\/www.protect.airbus.com\\\/fr\\\/#website\"},\"datePublished\":\"2023-12-22T10:11:04+00:00\",\"dateModified\":\"2024-12-06T08:36:32+00:00\",\"description\":\"Consultez les offres d'emploi ouvertes pour rejoindre Airbus Protect en Cybers\u00e9curit\u00e9, Safety, Sustainability ou dans les Fonctions Support.\",\"breadcrumb\":{\"@id\":\"https:\\\/\\\/www.protect.airbus.com\\\/fr\\\/carriere\\\/offres-emploi\\\/#breadcrumb\"},\"inLanguage\":\"fr-FR\",\"potentialAction\":[{\"@type\":\"ReadAction\",\"target\":[\"https:\\\/\\\/www.protect.airbus.com\\\/fr\\\/carriere\\\/offres-emploi\\\/\"]}]},{\"@type\":\"BreadcrumbList\",\"@id\":\"https:\\\/\\\/www.protect.airbus.com\\\/fr\\\/carriere\\\/offres-emploi\\\/#breadcrumb\",\"itemListElement\":[{\"@type\":\"ListItem\",\"position\":1,\"name\":\"Home\",\"item\":\"https:\\\/\\\/www.protect.airbus.com\\\/fr\\\/\"},{\"@type\":\"ListItem\",\"position\":2,\"name\":\"Carri\u00e8re\",\"item\":\"https:\\\/\\\/www.protect.airbus.com\\\/fr\\\/carriere\\\/\"},{\"@type\":\"ListItem\",\"position\":3,\"name\":\"Nos offres d&#8217;emploi\"}]},{\"@type\":\"WebSite\",\"@id\":\"https:\\\/\\\/www.protect.airbus.com\\\/fr\\\/#website\",\"url\":\"https:\\\/\\\/www.protect.airbus.com\\\/fr\\\/\",\"name\":\"Airbus Protect\",\"description\":\"\",\"publisher\":{\"@id\":\"https:\\\/\\\/www.protect.airbus.com\\\/fr\\\/#organization\"},\"potentialAction\":[{\"@type\":\"SearchAction\",\"target\":{\"@type\":\"EntryPoint\",\"urlTemplate\":\"https:\\\/\\\/www.protect.airbus.com\\\/fr\\\/?s={search_term_string}\"},\"query-input\":{\"@type\":\"PropertyValueSpecification\",\"valueRequired\":true,\"valueName\":\"search_term_string\"}}],\"inLanguage\":\"fr-FR\"},{\"@type\":\"Organization\",\"@id\":\"https:\\\/\\\/www.protect.airbus.com\\\/fr\\\/#organization\",\"name\":\"Airbus Protect\",\"url\":\"https:\\\/\\\/www.protect.airbus.com\\\/fr\\\/\",\"logo\":{\"@type\":\"ImageObject\",\"inLanguage\":\"fr-FR\",\"@id\":\"https:\\\/\\\/www.protect.airbus.com\\\/fr\\\/#\\\/schema\\\/logo\\\/image\\\/\",\"url\":\"https:\\\/\\\/www.protect.airbus.com\\\/wp-content\\\/uploads\\\/2023\\\/05\\\/logo-airbus-protect-696-696.png\",\"contentUrl\":\"https:\\\/\\\/www.protect.airbus.com\\\/wp-content\\\/uploads\\\/2023\\\/05\\\/logo-airbus-protect-696-696.png\",\"width\":696,\"height\":696,\"caption\":\"Airbus Protect\"},\"image\":{\"@id\":\"https:\\\/\\\/www.protect.airbus.com\\\/fr\\\/#\\\/schema\\\/logo\\\/image\\\/\"},\"sameAs\":[\"https:\\\/\\\/www.linkedin.com\\\/company\\\/airbus-protect\\\/\",\"https:\\\/\\\/www.youtube.com\\\/@airbusprotect7483\"],\"contactPoint\":{\"@type\":\"ContactPoint\",\"email\":\"protect@airbus.com\",\"contactType\":\"customer service\",\"areaServed\":[\"GB\",\"FR\",\"ES\",\"DE\",\"BE\",\"CH\",\"PT\",\"DK\",\"AT\"],\"availableLanguage\":[\"en\",\"fr\",\"de\"]}}]}<\/script>\n<!-- \/ Yoast SEO Premium plugin. -->","yoast_head_json":{"title":"Airbus Protect - Consultez les offres d'emploi ouvertes","description":"Consultez les offres d'emploi ouvertes pour rejoindre Airbus Protect en Cybers\u00e9curit\u00e9, Safety, Sustainability ou dans les Fonctions Support.","robots":{"index":"index","follow":"follow","max-snippet":"max-snippet:-1","max-image-preview":"max-image-preview:large","max-video-preview":"max-video-preview:-1"},"canonical":"https:\/\/www.protect.airbus.com\/fr\/carriere\/offres-emploi\/","og_locale":"fr_FR","og_type":"article","og_title":"Nos offres d'emploi","og_description":"Consultez les offres d'emploi ouvertes pour rejoindre Airbus Protect en Cybers\u00e9curit\u00e9, Safety, Sustainability ou dans les Fonctions Support.","og_url":"https:\/\/www.protect.airbus.com\/fr\/carriere\/offres-emploi\/","og_site_name":"Airbus Protect","article_modified_time":"2024-12-06T08:36:32+00:00","twitter_card":"summary_large_image","twitter_misc":{"Dur\u00e9e de lecture estim\u00e9e":"4 minutes"},"schema":{"@context":"https:\/\/schema.org","@graph":[{"@type":"WebPage","@id":"https:\/\/www.protect.airbus.com\/fr\/carriere\/offres-emploi\/","url":"https:\/\/www.protect.airbus.com\/fr\/carriere\/offres-emploi\/","name":"Airbus Protect - Consultez les offres d'emploi ouvertes","isPartOf":{"@id":"https:\/\/www.protect.airbus.com\/fr\/#website"},"datePublished":"2023-12-22T10:11:04+00:00","dateModified":"2024-12-06T08:36:32+00:00","description":"Consultez les offres d'emploi ouvertes pour rejoindre Airbus Protect en Cybers\u00e9curit\u00e9, Safety, Sustainability ou dans les Fonctions Support.","breadcrumb":{"@id":"https:\/\/www.protect.airbus.com\/fr\/carriere\/offres-emploi\/#breadcrumb"},"inLanguage":"fr-FR","potentialAction":[{"@type":"ReadAction","target":["https:\/\/www.protect.airbus.com\/fr\/carriere\/offres-emploi\/"]}]},{"@type":"BreadcrumbList","@id":"https:\/\/www.protect.airbus.com\/fr\/carriere\/offres-emploi\/#breadcrumb","itemListElement":[{"@type":"ListItem","position":1,"name":"Home","item":"https:\/\/www.protect.airbus.com\/fr\/"},{"@type":"ListItem","position":2,"name":"Carri\u00e8re","item":"https:\/\/www.protect.airbus.com\/fr\/carriere\/"},{"@type":"ListItem","position":3,"name":"Nos offres d&#8217;emploi"}]},{"@type":"WebSite","@id":"https:\/\/www.protect.airbus.com\/fr\/#website","url":"https:\/\/www.protect.airbus.com\/fr\/","name":"Airbus Protect","description":"","publisher":{"@id":"https:\/\/www.protect.airbus.com\/fr\/#organization"},"potentialAction":[{"@type":"SearchAction","target":{"@type":"EntryPoint","urlTemplate":"https:\/\/www.protect.airbus.com\/fr\/?s={search_term_string}"},"query-input":{"@type":"PropertyValueSpecification","valueRequired":true,"valueName":"search_term_string"}}],"inLanguage":"fr-FR"},{"@type":"Organization","@id":"https:\/\/www.protect.airbus.com\/fr\/#organization","name":"Airbus Protect","url":"https:\/\/www.protect.airbus.com\/fr\/","logo":{"@type":"ImageObject","inLanguage":"fr-FR","@id":"https:\/\/www.protect.airbus.com\/fr\/#\/schema\/logo\/image\/","url":"https:\/\/www.protect.airbus.com\/wp-content\/uploads\/2023\/05\/logo-airbus-protect-696-696.png","contentUrl":"https:\/\/www.protect.airbus.com\/wp-content\/uploads\/2023\/05\/logo-airbus-protect-696-696.png","width":696,"height":696,"caption":"Airbus Protect"},"image":{"@id":"https:\/\/www.protect.airbus.com\/fr\/#\/schema\/logo\/image\/"},"sameAs":["https:\/\/www.linkedin.com\/company\/airbus-protect\/","https:\/\/www.youtube.com\/@airbusprotect7483"],"contactPoint":{"@type":"ContactPoint","email":"protect@airbus.com","contactType":"customer service","areaServed":["GB","FR","ES","DE","BE","CH","PT","DK","AT"],"availableLanguage":["en","fr","de"]}}]}},"_links":{"self":[{"href":"https:\/\/www.protect.airbus.com\/fr\/wp-json\/wp\/v2\/pages\/8252","targetHints":{"allow":["GET"]}}],"collection":[{"href":"https:\/\/www.protect.airbus.com\/fr\/wp-json\/wp\/v2\/pages"}],"about":[{"href":"https:\/\/www.protect.airbus.com\/fr\/wp-json\/wp\/v2\/types\/page"}],"author":[{"embeddable":true,"href":"https:\/\/www.protect.airbus.com\/fr\/wp-json\/wp\/v2\/users\/1"}],"replies":[{"embeddable":true,"href":"https:\/\/www.protect.airbus.com\/fr\/wp-json\/wp\/v2\/comments?post=8252"}],"version-history":[{"count":25,"href":"https:\/\/www.protect.airbus.com\/fr\/wp-json\/wp\/v2\/pages\/8252\/revisions"}],"predecessor-version":[{"id":21116,"href":"https:\/\/www.protect.airbus.com\/fr\/wp-json\/wp\/v2\/pages\/8252\/revisions\/21116"}],"up":[{"embeddable":true,"href":"https:\/\/www.protect.airbus.com\/fr\/wp-json\/wp\/v2\/pages\/5623"}],"wp:attachment":[{"href":"https:\/\/www.protect.airbus.com\/fr\/wp-json\/wp\/v2\/media?parent=8252"}],"curies":[{"name":"wp","href":"https:\/\/api.w.org\/{rel}","templated":true}]}}