{"id":7690,"date":"2022-06-27T09:12:13","date_gmt":"2022-06-27T07:12:13","guid":{"rendered":"https:\/\/www.protect.airbus.com\/safety\/simlog\/"},"modified":"2024-02-26T14:44:59","modified_gmt":"2024-02-26T13:44:59","slug":"simlog","status":"publish","type":"page","link":"https:\/\/www.protect.airbus.com\/fr\/safety\/simlog\/","title":{"rendered":"Logiciel Simlog"},"content":{"rendered":"<div class=\"wpb-content-wrapper\"><p>[vc_row][vc_column][vc_column_text p_style=\u00a0\u00bbpBig\u00a0\u00bb]<span style=\"font-weight: 400;\">Notre logiciel de logistique Simlog est un outil logistique int\u00e9gr\u00e9 (ILS) pour la phase de conception de syst\u00e8mes ou de produits, qui soutient la mod\u00e9lisation des syst\u00e8mes op\u00e9rationnels.<\/span>[\/vc_column_text][vc_column_text p_style=\u00a0\u00bbpHighlight\u00a0\u00bb]Simlog a \u00e9t\u00e9 con\u00e7u pour pr\u00e9dire, simuler et \u00e9valuer tous les \u00e9l\u00e9ments du soutien logistique afin de r\u00e9duire les co\u00fbts de dur\u00e9e de vie et de minimiser les retards dus \u00e0 l&rsquo;indisponibilit\u00e9, tout en garantissant la qualit\u00e9 et la performance du syst\u00e8me.<\/p>\n<p>Les utilisateurs peuvent am\u00e9liorer la prise de d\u00e9cision en comparant diff\u00e9rents sc\u00e9narios ILS dans le contexte de l&rsquo;optimisation de la logistique et du soutien fonctionnel, et en s&rsquo;assurant de la disponibilit\u00e9 des ressources, des outils et du mat\u00e9riel.<\/p>\n<p>Simlog peut \u00eatre utilis\u00e9 pour optimiser les co\u00fbts, en tenant compte des co\u00fbts de d\u00e9veloppement, d&rsquo;acquisition, d&rsquo;exploitation, de maintenance et de fin de vie. L&rsquo;analyse ILS peut \u00eatre effectu\u00e9e pour un syst\u00e8me existant afin de l&rsquo;\u00e9valuer et d&rsquo;aider \u00e0 planifier d&rsquo;\u00e9ventuelles modifications ou obsolescences.<\/p>\n<p>Le logiciel logistique Simlog calcule diff\u00e9rents indicateurs ILS tels que la disponibilit\u00e9, le temps moyen de fonctionnement (MUT), le temps moyen d&rsquo;arr\u00eat (MDT), les retards logistiques moyens (MLDT) et la probabilit\u00e9 de ne pas manquer de stock (PNRS). Il peut \u00e9galement calculer la liste des \u00e9quipements initiaux n\u00e9cessaires en tenant compte des contraintes de stock.[\/vc_column_text][\/vc_column][\/vc_row][vc_row][vc_column css=\u00a0\u00bb.vc_custom_1655092277339{margin-bottom: 0px !important;padding-bottom: 0px !important;}\u00a0\u00bb][vc_column_text h2_style=\u00a0\u00bbh2Big\u00a0\u00bb css=\u00a0\u00bb.vc_custom_1697719609953{margin-bottom: 0px !important;padding-bottom: 0px !important;}\u00a0\u00bb]<\/p>\n<h2><strong>Pourquoi Simlog ?<\/strong><\/h2>\n<p>[\/vc_column_text][vc_column_text]<\/p>\n<ul>\n<li><span style=\"font-weight: 400;\">Syst\u00e8me \u00e9volutif avec plusieurs it\u00e9rations alternatives<\/span><\/li>\n<li><span style=\"font-weight: 400;\">Optimisation de la disponibilit\u00e9 op\u00e9rationnelle, de la maintenance, de la logistique et des co\u00fbts<\/span><\/li>\n<li><span style=\"font-weight: 400;\">Am\u00e9liorer la politique de maintenance<\/span><\/li>\n<li><span style=\"font-weight: 400;\">Identification des \u00e9l\u00e9ments g\u00e9n\u00e9rateurs de co\u00fbts<\/span><\/li>\n<\/ul>\n<p>[\/vc_column_text][\/vc_column][\/vc_row][vc_row][vc_column][vc_column_text h2_style=\u00a0\u00bbh2Big\u00a0\u00bb p_style=\u00a0\u00bbpBig\u00a0\u00bb]<\/p>\n<h2><strong>Principales Caract\u00e9ristiques<\/strong><\/h2>\n<ul>\n<li><span style=\"font-weight: 400;\">Application web<\/span><\/li>\n<li><span style=\"font-weight: 400;\">D\u00e9finit les t\u00e2ches de maintenance<\/span><\/li>\n<li><span style=\"font-weight: 400;\">Diagramme de fiabilit\u00e9<\/span><\/li>\n<li><span style=\"font-weight: 400;\">La visualisation graphique favorise la prise de d\u00e9cision et l&rsquo;\u00e9change d&rsquo;informations<\/span><\/li>\n<li><span style=\"font-weight: 400;\">Les donn\u00e9es peuvent \u00eatre export\u00e9es et import\u00e9es via Microsoft Excel<\/span><\/li>\n<li><span style=\"font-weight: 400;\">Optimisation des pi\u00e8ces de rechange<\/span><\/li>\n<li><span style=\"font-weight: 400;\">Calcul des co\u00fbts du cycle de vie<\/span><\/li>\n<\/ul>\n<p>[\/vc_column_text][vc_column_text h2_style=\u00a0\u00bbh2Big\u00a0\u00bb p_style=\u00a0\u00bbpBig\u00a0\u00bb]<\/p>\n<h2><strong>Des solutions adapt\u00e9es \u00e0 vos besoins<\/strong><\/h2>\n<p>[\/vc_column_text]    <div class=\"hightlightBracket\">\n        <div class=\"glyphe\"><\/div>\n        <div class=\"highlight\"><p>Nos \u00e9quipes de conseil en num\u00e9risation et ILS peuvent proposer des mises en \u0153uvre logicielles \u00e9volutives et sur mesure, ainsi que des analyses de donn\u00e9es et des formations personnalis\u00e9es. Contactez-nous pour en savoir plus sur le logiciel de logistique Simlog, nos autres solutions logicielles ou l'ensemble de nos services.<\/p><\/div>\n    <\/div>\n    [\/vc_column][\/vc_row][vc_row][vc_column]<div class=\"blocMoreInfo\">\n    <h2 class=\"h2Big\">Plus sur [SIMLOG]<\/h2>[vc_column_text p_style=\u00a0\u00bbpHighlight\u00a0\u00bb]<\/p>\n<div class=\"wpb_text_column wpb_content_element pHighlight h2 h3\">\n<div class=\"wpb_wrapper\">\n<p><strong>Contactez-nous pour d\u00e9couvrir comment nous pouvons vous aider<\/strong><\/p>\n<\/div>\n<\/div>\n<p>[\/vc_column_text]<div class=\"divBtCTA btAlignCenter\"><a href=\"https:\/\/www.protect.airbus.com\/fr\/contact\/\"  class=\"button btAuto\">Nous contacter<\/a><\/div>    <\/div>[\/vc_column][\/vc_row]<\/p>\n<\/div>","protected":false},"excerpt":{"rendered":"<p>[vc_row][vc_column][vc_column_text p_style=\u00a0\u00bbpBig\u00a0\u00bb]Notre logiciel de logistique Simlog est un outil logistique int\u00e9gr\u00e9 (ILS) pour la phase de conception de syst\u00e8mes ou de produits, qui soutient la mod\u00e9lisation des syst\u00e8mes op\u00e9rationnels.[\/vc_column_text][vc_column_text p_style=\u00a0\u00bbpHighlight\u00a0\u00bb]Simlog a \u00e9t\u00e9 con\u00e7u pour pr\u00e9dire, simuler et \u00e9valuer tous les \u00e9l\u00e9ments du soutien logistique afin de r\u00e9duire les co\u00fbts de dur\u00e9e de vie et de [&hellip;]<\/p>\n","protected":false},"author":1,"featured_media":797,"parent":7200,"menu_order":1,"comment_status":"closed","ping_status":"closed","template":"","meta":{"_acf_changed":false,"content-type":"","_relevanssi_hide_post":"","_relevanssi_hide_content":"","_relevanssi_pin_for_all":"","_relevanssi_pin_keywords":"","_relevanssi_unpin_keywords":"","_relevanssi_related_keywords":"","_relevanssi_related_include_ids":"","_relevanssi_related_exclude_ids":"","_relevanssi_related_no_append":"","_relevanssi_related_not_related":"","_relevanssi_related_posts":"","_relevanssi_noindex_reason":"","footnotes":""},"class_list":["post-7690","page","type-page","status-publish","has-post-thumbnail","hentry"],"acf":[],"yoast_head":"<!-- This site is optimized with the Yoast SEO Premium plugin v27.3 (Yoast SEO v27.3) - https:\/\/yoast.com\/product\/yoast-seo-premium-wordpress\/ -->\n<title>Logiciel Simlog - Airbus Protect<\/title>\n<meta name=\"description\" content=\"D\u00e9couvrez comment notre logiciel de logistique Simlog peut soutenir la phase de conception des syst\u00e8mes et produits de la supply chain.\" \/>\n<meta name=\"robots\" content=\"index, follow, max-snippet:-1, max-image-preview:large, max-video-preview:-1\" \/>\n<link rel=\"canonical\" href=\"https:\/\/www.protect.airbus.com\/fr\/safety\/simlog\/\" \/>\n<meta property=\"og:locale\" content=\"fr_FR\" \/>\n<meta property=\"og:type\" content=\"article\" \/>\n<meta property=\"og:title\" content=\"Logiciel Simlog\" \/>\n<meta property=\"og:description\" content=\"D\u00e9couvrez comment notre logiciel de logistique Simlog peut soutenir la phase de conception des syst\u00e8mes et produits de la supply chain.\" \/>\n<meta property=\"og:url\" content=\"https:\/\/www.protect.airbus.com\/fr\/safety\/simlog\/\" \/>\n<meta property=\"og:site_name\" content=\"Airbus Protect\" \/>\n<meta property=\"article:modified_time\" content=\"2024-02-26T13:44:59+00:00\" \/>\n<meta property=\"og:image\" content=\"https:\/\/www.protect.airbus.com\/wp-content\/uploads\/2022\/06\/bg-sustainability-software.jpg\" \/>\n\t<meta property=\"og:image:width\" content=\"1920\" \/>\n\t<meta property=\"og:image:height\" content=\"358\" \/>\n\t<meta property=\"og:image:type\" content=\"image\/jpeg\" \/>\n<meta name=\"twitter:card\" content=\"summary_large_image\" \/>\n<meta name=\"twitter:label1\" content=\"Dur\u00e9e de lecture estim\u00e9e\" \/>\n\t<meta name=\"twitter:data1\" content=\"2 minutes\" \/>\n<script type=\"application\/ld+json\" class=\"yoast-schema-graph\">{\"@context\":\"https:\\\/\\\/schema.org\",\"@graph\":[{\"@type\":\"WebPage\",\"@id\":\"https:\\\/\\\/www.protect.airbus.com\\\/fr\\\/safety\\\/simlog\\\/\",\"url\":\"https:\\\/\\\/www.protect.airbus.com\\\/fr\\\/safety\\\/simlog\\\/\",\"name\":\"Logiciel Simlog - Airbus Protect\",\"isPartOf\":{\"@id\":\"https:\\\/\\\/www.protect.airbus.com\\\/fr\\\/#website\"},\"primaryImageOfPage\":{\"@id\":\"https:\\\/\\\/www.protect.airbus.com\\\/fr\\\/safety\\\/simlog\\\/#primaryimage\"},\"image\":{\"@id\":\"https:\\\/\\\/www.protect.airbus.com\\\/fr\\\/safety\\\/simlog\\\/#primaryimage\"},\"thumbnailUrl\":\"https:\\\/\\\/www.protect.airbus.com\\\/wp-content\\\/uploads\\\/2022\\\/06\\\/bg-sustainability-software.jpg\",\"datePublished\":\"2022-06-27T07:12:13+00:00\",\"dateModified\":\"2024-02-26T13:44:59+00:00\",\"description\":\"D\u00e9couvrez comment notre logiciel de logistique Simlog peut soutenir la phase de conception des syst\u00e8mes et produits de la supply chain.\",\"breadcrumb\":{\"@id\":\"https:\\\/\\\/www.protect.airbus.com\\\/fr\\\/safety\\\/simlog\\\/#breadcrumb\"},\"inLanguage\":\"fr-FR\",\"potentialAction\":[{\"@type\":\"ReadAction\",\"target\":[\"https:\\\/\\\/www.protect.airbus.com\\\/fr\\\/safety\\\/simlog\\\/\"]}]},{\"@type\":\"ImageObject\",\"inLanguage\":\"fr-FR\",\"@id\":\"https:\\\/\\\/www.protect.airbus.com\\\/fr\\\/safety\\\/simlog\\\/#primaryimage\",\"url\":\"https:\\\/\\\/www.protect.airbus.com\\\/wp-content\\\/uploads\\\/2022\\\/06\\\/bg-sustainability-software.jpg\",\"contentUrl\":\"https:\\\/\\\/www.protect.airbus.com\\\/wp-content\\\/uploads\\\/2022\\\/06\\\/bg-sustainability-software.jpg\",\"width\":1920,\"height\":358},{\"@type\":\"BreadcrumbList\",\"@id\":\"https:\\\/\\\/www.protect.airbus.com\\\/fr\\\/safety\\\/simlog\\\/#breadcrumb\",\"itemListElement\":[{\"@type\":\"ListItem\",\"position\":1,\"name\":\"Home\",\"item\":\"https:\\\/\\\/www.protect.airbus.com\\\/fr\\\/\"},{\"@type\":\"ListItem\",\"position\":2,\"name\":\"Safety\",\"item\":\"https:\\\/\\\/www.protect.airbus.com\\\/fr\\\/safety\\\/\"},{\"@type\":\"ListItem\",\"position\":3,\"name\":\"Logiciel Simlog\"}]},{\"@type\":\"WebSite\",\"@id\":\"https:\\\/\\\/www.protect.airbus.com\\\/fr\\\/#website\",\"url\":\"https:\\\/\\\/www.protect.airbus.com\\\/fr\\\/\",\"name\":\"Airbus Protect\",\"description\":\"\",\"publisher\":{\"@id\":\"https:\\\/\\\/www.protect.airbus.com\\\/fr\\\/#organization\"},\"potentialAction\":[{\"@type\":\"SearchAction\",\"target\":{\"@type\":\"EntryPoint\",\"urlTemplate\":\"https:\\\/\\\/www.protect.airbus.com\\\/fr\\\/?s={search_term_string}\"},\"query-input\":{\"@type\":\"PropertyValueSpecification\",\"valueRequired\":true,\"valueName\":\"search_term_string\"}}],\"inLanguage\":\"fr-FR\"},{\"@type\":\"Organization\",\"@id\":\"https:\\\/\\\/www.protect.airbus.com\\\/fr\\\/#organization\",\"name\":\"Airbus Protect\",\"url\":\"https:\\\/\\\/www.protect.airbus.com\\\/fr\\\/\",\"logo\":{\"@type\":\"ImageObject\",\"inLanguage\":\"fr-FR\",\"@id\":\"https:\\\/\\\/www.protect.airbus.com\\\/fr\\\/#\\\/schema\\\/logo\\\/image\\\/\",\"url\":\"https:\\\/\\\/www.protect.airbus.com\\\/wp-content\\\/uploads\\\/2023\\\/05\\\/logo-airbus-protect-696-696.png\",\"contentUrl\":\"https:\\\/\\\/www.protect.airbus.com\\\/wp-content\\\/uploads\\\/2023\\\/05\\\/logo-airbus-protect-696-696.png\",\"width\":696,\"height\":696,\"caption\":\"Airbus Protect\"},\"image\":{\"@id\":\"https:\\\/\\\/www.protect.airbus.com\\\/fr\\\/#\\\/schema\\\/logo\\\/image\\\/\"},\"sameAs\":[\"https:\\\/\\\/www.linkedin.com\\\/company\\\/airbus-protect\\\/\",\"https:\\\/\\\/www.youtube.com\\\/@airbusprotect7483\"],\"contactPoint\":{\"@type\":\"ContactPoint\",\"email\":\"protect@airbus.com\",\"contactType\":\"customer service\",\"areaServed\":[\"GB\",\"FR\",\"ES\",\"DE\",\"BE\",\"CH\",\"PT\",\"DK\",\"AT\"],\"availableLanguage\":[\"en\",\"fr\",\"de\"]}}]}<\/script>\n<!-- \/ Yoast SEO Premium plugin. -->","yoast_head_json":{"title":"Logiciel Simlog - Airbus Protect","description":"D\u00e9couvrez comment notre logiciel de logistique Simlog peut soutenir la phase de conception des syst\u00e8mes et produits de la supply chain.","robots":{"index":"index","follow":"follow","max-snippet":"max-snippet:-1","max-image-preview":"max-image-preview:large","max-video-preview":"max-video-preview:-1"},"canonical":"https:\/\/www.protect.airbus.com\/fr\/safety\/simlog\/","og_locale":"fr_FR","og_type":"article","og_title":"Logiciel Simlog","og_description":"D\u00e9couvrez comment notre logiciel de logistique Simlog peut soutenir la phase de conception des syst\u00e8mes et produits de la supply chain.","og_url":"https:\/\/www.protect.airbus.com\/fr\/safety\/simlog\/","og_site_name":"Airbus Protect","article_modified_time":"2024-02-26T13:44:59+00:00","og_image":[{"width":1920,"height":358,"url":"https:\/\/www.protect.airbus.com\/wp-content\/uploads\/2022\/06\/bg-sustainability-software.jpg","type":"image\/jpeg"}],"twitter_card":"summary_large_image","twitter_misc":{"Dur\u00e9e de lecture estim\u00e9e":"2 minutes"},"schema":{"@context":"https:\/\/schema.org","@graph":[{"@type":"WebPage","@id":"https:\/\/www.protect.airbus.com\/fr\/safety\/simlog\/","url":"https:\/\/www.protect.airbus.com\/fr\/safety\/simlog\/","name":"Logiciel Simlog - Airbus Protect","isPartOf":{"@id":"https:\/\/www.protect.airbus.com\/fr\/#website"},"primaryImageOfPage":{"@id":"https:\/\/www.protect.airbus.com\/fr\/safety\/simlog\/#primaryimage"},"image":{"@id":"https:\/\/www.protect.airbus.com\/fr\/safety\/simlog\/#primaryimage"},"thumbnailUrl":"https:\/\/www.protect.airbus.com\/wp-content\/uploads\/2022\/06\/bg-sustainability-software.jpg","datePublished":"2022-06-27T07:12:13+00:00","dateModified":"2024-02-26T13:44:59+00:00","description":"D\u00e9couvrez comment notre logiciel de logistique Simlog peut soutenir la phase de conception des syst\u00e8mes et produits de la supply chain.","breadcrumb":{"@id":"https:\/\/www.protect.airbus.com\/fr\/safety\/simlog\/#breadcrumb"},"inLanguage":"fr-FR","potentialAction":[{"@type":"ReadAction","target":["https:\/\/www.protect.airbus.com\/fr\/safety\/simlog\/"]}]},{"@type":"ImageObject","inLanguage":"fr-FR","@id":"https:\/\/www.protect.airbus.com\/fr\/safety\/simlog\/#primaryimage","url":"https:\/\/www.protect.airbus.com\/wp-content\/uploads\/2022\/06\/bg-sustainability-software.jpg","contentUrl":"https:\/\/www.protect.airbus.com\/wp-content\/uploads\/2022\/06\/bg-sustainability-software.jpg","width":1920,"height":358},{"@type":"BreadcrumbList","@id":"https:\/\/www.protect.airbus.com\/fr\/safety\/simlog\/#breadcrumb","itemListElement":[{"@type":"ListItem","position":1,"name":"Home","item":"https:\/\/www.protect.airbus.com\/fr\/"},{"@type":"ListItem","position":2,"name":"Safety","item":"https:\/\/www.protect.airbus.com\/fr\/safety\/"},{"@type":"ListItem","position":3,"name":"Logiciel Simlog"}]},{"@type":"WebSite","@id":"https:\/\/www.protect.airbus.com\/fr\/#website","url":"https:\/\/www.protect.airbus.com\/fr\/","name":"Airbus Protect","description":"","publisher":{"@id":"https:\/\/www.protect.airbus.com\/fr\/#organization"},"potentialAction":[{"@type":"SearchAction","target":{"@type":"EntryPoint","urlTemplate":"https:\/\/www.protect.airbus.com\/fr\/?s={search_term_string}"},"query-input":{"@type":"PropertyValueSpecification","valueRequired":true,"valueName":"search_term_string"}}],"inLanguage":"fr-FR"},{"@type":"Organization","@id":"https:\/\/www.protect.airbus.com\/fr\/#organization","name":"Airbus Protect","url":"https:\/\/www.protect.airbus.com\/fr\/","logo":{"@type":"ImageObject","inLanguage":"fr-FR","@id":"https:\/\/www.protect.airbus.com\/fr\/#\/schema\/logo\/image\/","url":"https:\/\/www.protect.airbus.com\/wp-content\/uploads\/2023\/05\/logo-airbus-protect-696-696.png","contentUrl":"https:\/\/www.protect.airbus.com\/wp-content\/uploads\/2023\/05\/logo-airbus-protect-696-696.png","width":696,"height":696,"caption":"Airbus Protect"},"image":{"@id":"https:\/\/www.protect.airbus.com\/fr\/#\/schema\/logo\/image\/"},"sameAs":["https:\/\/www.linkedin.com\/company\/airbus-protect\/","https:\/\/www.youtube.com\/@airbusprotect7483"],"contactPoint":{"@type":"ContactPoint","email":"protect@airbus.com","contactType":"customer service","areaServed":["GB","FR","ES","DE","BE","CH","PT","DK","AT"],"availableLanguage":["en","fr","de"]}}]}},"_links":{"self":[{"href":"https:\/\/www.protect.airbus.com\/fr\/wp-json\/wp\/v2\/pages\/7690","targetHints":{"allow":["GET"]}}],"collection":[{"href":"https:\/\/www.protect.airbus.com\/fr\/wp-json\/wp\/v2\/pages"}],"about":[{"href":"https:\/\/www.protect.airbus.com\/fr\/wp-json\/wp\/v2\/types\/page"}],"author":[{"embeddable":true,"href":"https:\/\/www.protect.airbus.com\/fr\/wp-json\/wp\/v2\/users\/1"}],"replies":[{"embeddable":true,"href":"https:\/\/www.protect.airbus.com\/fr\/wp-json\/wp\/v2\/comments?post=7690"}],"version-history":[{"count":4,"href":"https:\/\/www.protect.airbus.com\/fr\/wp-json\/wp\/v2\/pages\/7690\/revisions"}],"predecessor-version":[{"id":8799,"href":"https:\/\/www.protect.airbus.com\/fr\/wp-json\/wp\/v2\/pages\/7690\/revisions\/8799"}],"up":[{"embeddable":true,"href":"https:\/\/www.protect.airbus.com\/fr\/wp-json\/wp\/v2\/pages\/7200"}],"wp:featuredmedia":[{"embeddable":true,"href":"https:\/\/www.protect.airbus.com\/fr\/wp-json\/wp\/v2\/media\/797"}],"wp:attachment":[{"href":"https:\/\/www.protect.airbus.com\/fr\/wp-json\/wp\/v2\/media?parent=7690"}],"curies":[{"name":"wp","href":"https:\/\/api.w.org\/{rel}","templated":true}]}}