{"id":7665,"date":"2022-06-19T15:27:29","date_gmt":"2022-06-19T13:27:29","guid":{"rendered":"https:\/\/www.protect.airbus.com\/safety\/amasis\/"},"modified":"2026-03-25T10:18:59","modified_gmt":"2026-03-25T09:18:59","slug":"amasis","status":"publish","type":"page","link":"https:\/\/www.protect.airbus.com\/fr\/safety\/amasis\/","title":{"rendered":"Logiciel Amasis"},"content":{"rendered":"<div class=\"wpb-content-wrapper\"><p>[vc_row][vc_column][vc_column_text p_style=\u00a0\u00bbpBig\u00a0\u00bb]Depuis plus de trois d\u00e9cennies, Amasis garantit la navigabilit\u00e9, la disponibilit\u00e9 et la fiabilit\u00e9 des avions. Amasis r\u00e9pond aux normes de s\u00e9curit\u00e9 les plus strictes et peut \u00eatre utilis\u00e9 pour tous les types d&rsquo;a\u00e9ronefs, des avions commerciaux aux drones en passant par les h\u00e9licopt\u00e8res et les jets militaires.<\/p>\n<p><strong>En bref:\u00a0<\/strong><\/p>\n<ul>\n<li>+ de 60 clients<\/li>\n<li>+ 2.000 <span style=\"font-weight: 400;\">avions de tous types<\/span><\/li>\n<li>+ 6.000 <span style=\"font-weight: 400;\">utilisateurs connect\u00e9s dans le monde entier<\/span><\/li>\n<\/ul>\n<p>Amasis offre un package standard de reporting et de BI et peut \u00eatre directement connect\u00e9 \u00e0 Skywise, la plateforme ouverte de donn\u00e9es et d&rsquo;analyse d&rsquo;Airbus.<\/p>\n<p>Pour r\u00e9pondre aux besoins num\u00e9riques de demain, Amasis est en cours de mise \u00e0 jour et d&rsquo;int\u00e9gration dans <a href=\"https:\/\/www.protect.airbus.com\/fr\/?page_id=7693\">SmartPlanif<\/a>, une solution de pointe pour la planification de la maintenance, d\u00e9velopp\u00e9e par notre \u00e9quipe de science des donn\u00e9es.[\/vc_column_text][\/vc_column][\/vc_row][vc_row][vc_column css=\u00a0\u00bb.vc_custom_1655092277339{margin-bottom: 0px !important;padding-bottom: 0px !important;}\u00a0\u00bb][vc_column_text css=\u00a0\u00bb.vc_custom_1697555330800{margin-bottom: 0px !important;padding-bottom: 0px !important;}\u00a0\u00bb h2_style=\u00a0\u00bbh2Big\u00a0\u00bb]<\/p>\n<h2><strong>Pourquoi Amasis?<\/strong><\/h2>\n<p>[\/vc_column_text][\/vc_column][\/vc_row][vc_row bg_style=\u00a0\u00bbbgWhite\u00a0\u00bb css=\u00a0\u00bb.vc_custom_1680770646683{padding-top: 3em !important;padding-bottom: 3em !important;}\u00a0\u00bb][vc_column][vc_column_text]<\/p>\n<ul>\n<li><span style=\"font-weight: 400;\">Respect des normes internationales de maintenance<\/span><\/li>\n<li><span style=\"font-weight: 400;\">Garantir une maintenance rentable des avions<\/span><\/li>\n<li><span style=\"font-weight: 400;\">Haute disponibilit\u00e9 et fiabilit\u00e9 du syst\u00e8me<\/span><\/li>\n<li><span style=\"font-weight: 400;\">Enti\u00e8rement adaptable aux besoins de l&rsquo;entreprise (militaire, aviation civile jusqu&rsquo;aux services de composants)<\/span><\/li>\n<li><span style=\"font-weight: 400;\">Large \u00e9ventail de possibilit\u00e9s de r\u00e9glage<\/span><\/li>\n<li><span style=\"font-weight: 400;\">Peut \u00eatre d\u00e9ploy\u00e9 dans votre environnement ou h\u00e9berg\u00e9 dans le centre de donn\u00e9es hautement s\u00e9curis\u00e9 d&rsquo;Airbus Protect<\/span><\/li>\n<li><span style=\"font-weight: 400;\">Conforme aux exigences les plus strictes en mati\u00e8re de s\u00e9curit\u00e9 et de protection<\/span><\/li>\n<li><span style=\"font-weight: 400;\">Syst\u00e8me flexible et \u00e9volutif &#8211; du syst\u00e8me autonome \u00e0 l&rsquo;int\u00e9gration compl\u00e8te avec les syst\u00e8mes OPS, les appareils mobiles, les solutions ERP, de comptabilit\u00e9 analytique, de facturation et d&rsquo;analyse via la passerelle Amasis<\/span><\/li>\n<li><span style=\"font-weight: 400;\">Acc\u00e8s \u00e0 des analyses de donn\u00e9es avanc\u00e9es via &lt;Skywise&gt;.<\/span><\/li>\n<li><span style=\"font-weight: 400;\">Assistance d&rsquo;une \u00e9quipe de pointe d&rsquo;experts en maintenance et de scientifiques des donn\u00e9es<\/span><\/li>\n<\/ul>\n<p>[\/vc_column_text][\/vc_column][\/vc_row][vc_row][vc_column][vc_column_text h2_style=\u00a0\u00bbh2Big\u00a0\u00bb p_style=\u00a0\u00bbpBig\u00a0\u00bb]<\/p>\n<h2><strong>Principales Caract\u00e9ristiques<\/strong><\/h2>\n<ul>\n<li><span style=\"font-weight: 400;\">Gestion de la navigabilit\u00e9<\/span><\/li>\n<li><span style=\"font-weight: 400;\">Gestion de la documentation<\/span><\/li>\n<li><span style=\"font-weight: 400;\">Gestion des programmes de maintenance<\/span><\/li>\n<li><span style=\"font-weight: 400;\">Planification de la maintenance<\/span><\/li>\n<li><span style=\"font-weight: 400;\">Planification des comp\u00e9tences et du personnel<\/span><\/li>\n<li><span style=\"font-weight: 400;\">Gestion et contr\u00f4le de la production<\/span><\/li>\n<li><span style=\"font-weight: 400;\">Cha\u00eene d&rsquo;approvisionnement et gestion du mat\u00e9riel<\/span><\/li>\n<li><span style=\"font-weight: 400;\">Gestion des composants<\/span><\/li>\n<li><span style=\"font-weight: 400;\">Contr\u00f4le des stocks et des factures<\/span><\/li>\n<\/ul>\n<p>[\/vc_column_text][vc_column_text h2_style=\u00a0\u00bbh2Big\u00a0\u00bb p_style=\u00a0\u00bbpBig\u00a0\u00bb]<\/p>\n<h2><strong>Des solutions adapt\u00e9es \u00e0 vos besoins<\/strong><\/h2>\n<p>[\/vc_column_text][\/vc_column][\/vc_row][vc_row css=\u00a0\u00bb.vc_custom_1755852763588{background-image: url(https:\/\/www.protect.airbus.com\/wp-content\/uploads\/2022\/06\/bg-bloc-tls.jpg?id=1763) !important;background-position: center !important;background-repeat: no-repeat !important;background-size: cover !important;}\u00a0\u00bb][vc_column][vc_row_inner][vc_column_inner width=\u00a0\u00bb1\/2&Prime;][vc_column_text css=\u00a0\u00bb\u00a0\u00bb h3_couleur=\u00a0\u00bbh3BleuProtect\u00a0\u00bb]<\/p>\n<h3>Vous souhaitez former vos \u00e9quipes sur le logiciel Amasis ?<\/h3>\n<p>[\/vc_column_text][vc_column_text css=\u00a0\u00bb\u00a0\u00bb p_style=\u00a0\u00bbpHighlight\u00a0\u00bb]D\u00e9couvrez nos formations pour le logiciel de gestion de la maintenance, de l&rsquo;ing\u00e9nierie et de la logistique des a\u00e9ronefs[\/vc_column_text]<div class=\"divBtCTA btAlignCenter\"><a href=\"https:\/\/www.protect.airbus.com\/fr\/training\/\"  class=\"button btGeneral\">Contactez l&#039;\u00e9quipe training<\/a><\/div>[\/vc_column_inner][vc_column_inner width=\u00a0\u00bb1\/2&Prime;][vc_single_image image=\u00a0\u00bb24681&Prime; img_size=\u00a0\u00bblarge\u00a0\u00bb onclick=\u00a0\u00bbcustom_link\u00a0\u00bb img_link_target=\u00a0\u00bb_blank\u00a0\u00bb css=\u00a0\u00bb\u00a0\u00bb link=\u00a0\u00bbhttps:\/\/www.protect.airbus.com\/wp-content\/uploads\/2023\/05\/TRAINING-CATALOGUE-2026-INN_OT_24-00053_1.19-FR.pdf\u00a0\u00bb]<div class=\"divBtCTA btAlignCenter\"><a href=\"https:\/\/www.protect.airbus.com\/wp-content\/uploads\/2023\/05\/TRAINING-CATALOGUE-2026-INN_OT_24-00053_1.19-FR.pdf\" target=\"_blank\" class=\"button btAuto\">T\u00e9l\u00e9charger la brochure de formation<\/a><\/div>[\/vc_column_inner][\/vc_row_inner][\/vc_column][\/vc_row][vc_row bg_style=\u00a0\u00bbbgUniversGraphiqueIndustries\u00a0\u00bb el_class=\u00a0\u00bbhighlightBloc\u00a0\u00bb][vc_column]    <div class=\"hightlightBracket\">\n        <div class=\"glyphe\"><\/div>\n        <div class=\"highlight\"><p>Nos \u00e9quipes de conseil en digital, en d\u00e9veloppement et en maintenance de logiciels peuvent proposer des d\u00e9ploiements de logiciels \u00e9volutifs et sur mesure, ainsi que des analyses de donn\u00e9es et des formations personnalis\u00e9es. Contactez-nous pour en savoir plus sur Amasis, nos autres solutions logicielles ou l'ensemble de nos services.<\/p><\/div>\n    <\/div>\n    [vc_column_text css=\u00a0\u00bb\u00a0\u00bb h2_style=\u00a0\u00bbh2Big\u00a0\u00bb]<\/p>\n<h2 style=\"text-align: center;\">Hotline Amasis<\/h2>\n<p>[\/vc_column_text][vc_column_text css=\u00a0\u00bb\u00a0\u00bb p_style=\u00a0\u00bbpBig\u00a0\u00bb]<\/p>\n<p style=\"text-align: center;\"><strong>+33 5 62 74 75 05<\/strong><\/p>\n<p>[\/vc_column_text][\/vc_column][\/vc_row][vc_row][vc_column]<div class=\"blocMoreInfo\">\n    <h2 class=\"h2Big\">Plus sur [AMASIS]<\/h2>[vc_column_text p_style=\u00a0\u00bbpHighlight\u00a0\u00bb]<\/p>\n<div class=\"wpb_text_column wpb_content_element pHighlight h2 h3\">\n<div class=\"wpb_wrapper\">\n<div class=\"wpb_text_column wpb_content_element pHighlight h2 h3\">\n<div class=\"wpb_wrapper\">\n<p><strong>Contactez-nous pour d\u00e9couvrir comment nous pouvons vous aider<\/strong><\/div>\n<\/div>\n<\/div>\n<\/div>\n<p>[\/vc_column_text]<div class=\"divBtCTA btAlignCenter\"><a href=\"https:\/\/www.protect.airbus.com\/fr\/contact\/\"  class=\"button btAuto\">Nous contacter<\/a><\/div>    <\/div>[\/vc_column][\/vc_row]<\/p>\n<\/div>","protected":false},"excerpt":{"rendered":"<p>[vc_row][vc_column][vc_column_text p_style=\u00a0\u00bbpBig\u00a0\u00bb]Depuis plus de trois d\u00e9cennies, Amasis garantit la navigabilit\u00e9, la disponibilit\u00e9 et la fiabilit\u00e9 des avions. Amasis r\u00e9pond aux normes de s\u00e9curit\u00e9 les plus strictes et peut \u00eatre utilis\u00e9 pour tous les types d&rsquo;a\u00e9ronefs, des avions commerciaux aux drones en passant par les h\u00e9licopt\u00e8res et les jets militaires. En bref:\u00a0 + de 60 clients [&hellip;]<\/p>\n","protected":false},"author":1,"featured_media":6488,"parent":7200,"menu_order":1,"comment_status":"closed","ping_status":"closed","template":"","meta":{"_acf_changed":false,"content-type":"","_relevanssi_hide_post":"","_relevanssi_hide_content":"","_relevanssi_pin_for_all":"","_relevanssi_pin_keywords":"","_relevanssi_unpin_keywords":"","_relevanssi_related_keywords":"","_relevanssi_related_include_ids":"","_relevanssi_related_exclude_ids":"","_relevanssi_related_no_append":"","_relevanssi_related_not_related":"","_relevanssi_related_posts":"","_relevanssi_noindex_reason":"","footnotes":""},"class_list":["post-7665","page","type-page","status-publish","has-post-thumbnail","hentry"],"acf":[],"yoast_head":"<!-- This site is optimized with the Yoast SEO Premium plugin v27.2 (Yoast SEO v27.2) - https:\/\/yoast.com\/product\/yoast-seo-premium-wordpress\/ -->\n<title>Logiciel Amasis - Airbus Protect<\/title>\n<meta name=\"description\" content=\"D\u00e9couvrez Amasis, la solution de management d&#039;Airbus Protect con\u00e7u pour la maintenance et la logistique des avions.\" \/>\n<meta name=\"robots\" content=\"index, follow, max-snippet:-1, max-image-preview:large, max-video-preview:-1\" \/>\n<link rel=\"canonical\" href=\"https:\/\/www.protect.airbus.com\/fr\/safety\/amasis\/\" \/>\n<meta property=\"og:locale\" content=\"fr_FR\" \/>\n<meta property=\"og:type\" content=\"article\" \/>\n<meta property=\"og:title\" content=\"Logiciel Amasis\" \/>\n<meta property=\"og:description\" content=\"D\u00e9couvrez Amasis, la solution de management d&#039;Airbus Protect con\u00e7u pour la maintenance et la logistique des avions.\" \/>\n<meta property=\"og:url\" content=\"https:\/\/www.protect.airbus.com\/fr\/safety\/amasis\/\" \/>\n<meta property=\"og:site_name\" content=\"Airbus Protect\" \/>\n<meta property=\"article:modified_time\" content=\"2026-03-25T09:18:59+00:00\" \/>\n<meta property=\"og:image\" content=\"https:\/\/www.protect.airbus.com\/wp-content\/uploads\/revslider\/header-safety-en\/bg-safety.jpg\" \/>\n\t<meta property=\"og:image:width\" content=\"1920\" \/>\n\t<meta property=\"og:image:height\" content=\"582\" \/>\n\t<meta property=\"og:image:type\" content=\"image\/jpeg\" \/>\n<meta name=\"twitter:card\" content=\"summary_large_image\" \/>\n<meta name=\"twitter:label1\" content=\"Dur\u00e9e de lecture estim\u00e9e\" \/>\n\t<meta name=\"twitter:data1\" content=\"3 minutes\" \/>\n<script type=\"application\/ld+json\" class=\"yoast-schema-graph\">{\"@context\":\"https:\/\/schema.org\",\"@graph\":[{\"@type\":\"Service\",\"name\":\"Logiciel Amasis\",\"url\":\"https:\/\/www.protect.airbus.com\/fr\/safety\/amasis\/\",\"provider\":{\"@id\":\"https:\/\/www.protect.airbus.com\/#organization\"},\"description\":\"\"},{\"@type\":\"WebPage\",\"@id\":\"https:\/\/www.protect.airbus.com\/fr\/safety\/amasis\/\",\"url\":\"https:\/\/www.protect.airbus.com\/fr\/safety\/amasis\/\",\"name\":\"Logiciel Amasis - Airbus Protect\",\"isPartOf\":{\"@id\":\"https:\/\/www.protect.airbus.com\/fr\/#website\"},\"primaryImageOfPage\":{\"@id\":\"https:\/\/www.protect.airbus.com\/fr\/safety\/amasis\/#primaryimage\"},\"image\":{\"@id\":\"https:\/\/www.protect.airbus.com\/fr\/safety\/amasis\/#primaryimage\"},\"thumbnailUrl\":\"https:\/\/www.protect.airbus.com\/wp-content\/uploads\/revslider\/header-safety-en\/bg-safety.jpg\",\"datePublished\":\"2022-06-19T13:27:29+00:00\",\"dateModified\":\"2026-03-25T09:18:59+00:00\",\"description\":\"D\u00e9couvrez Amasis, la solution de management d'Airbus Protect con\u00e7u pour la maintenance et la logistique des avions.\",\"breadcrumb\":{\"@id\":\"https:\/\/www.protect.airbus.com\/fr\/safety\/amasis\/#breadcrumb\"},\"inLanguage\":\"fr-FR\",\"potentialAction\":[{\"@type\":\"ReadAction\",\"target\":[\"https:\/\/www.protect.airbus.com\/fr\/safety\/amasis\/\"]}]},{\"@type\":\"ImageObject\",\"inLanguage\":\"fr-FR\",\"@id\":\"https:\/\/www.protect.airbus.com\/fr\/safety\/amasis\/#primaryimage\",\"url\":\"https:\/\/www.protect.airbus.com\/wp-content\/uploads\/revslider\/header-safety-en\/bg-safety.jpg\",\"contentUrl\":\"https:\/\/www.protect.airbus.com\/wp-content\/uploads\/revslider\/header-safety-en\/bg-safety.jpg\",\"width\":1920,\"height\":582},{\"@type\":\"BreadcrumbList\",\"@id\":\"https:\/\/www.protect.airbus.com\/fr\/safety\/amasis\/#breadcrumb\",\"itemListElement\":[{\"@type\":\"ListItem\",\"position\":1,\"name\":\"Home\",\"item\":\"https:\/\/www.protect.airbus.com\/fr\/\"},{\"@type\":\"ListItem\",\"position\":2,\"name\":\"Safety\",\"item\":\"https:\/\/www.protect.airbus.com\/fr\/safety\/\"},{\"@type\":\"ListItem\",\"position\":3,\"name\":\"Logiciel Amasis\"}]},{\"@type\":\"WebSite\",\"@id\":\"https:\/\/www.protect.airbus.com\/fr\/#website\",\"url\":\"https:\/\/www.protect.airbus.com\/fr\/\",\"name\":\"Airbus Protect\",\"description\":\"\",\"publisher\":{\"@id\":\"https:\/\/www.protect.airbus.com\/fr\/#organization\"},\"potentialAction\":[{\"@type\":\"SearchAction\",\"target\":{\"@type\":\"EntryPoint\",\"urlTemplate\":\"https:\/\/www.protect.airbus.com\/fr\/?s={search_term_string}\"},\"query-input\":{\"@type\":\"PropertyValueSpecification\",\"valueRequired\":true,\"valueName\":\"search_term_string\"}}],\"inLanguage\":\"fr-FR\"},{\"@type\":\"Organization\",\"@id\":\"https:\/\/www.protect.airbus.com\/fr\/#organization\",\"name\":\"Airbus Protect\",\"url\":\"https:\/\/www.protect.airbus.com\/fr\/\",\"logo\":{\"@type\":\"ImageObject\",\"inLanguage\":\"fr-FR\",\"@id\":\"https:\/\/www.protect.airbus.com\/fr\/#\/schema\/logo\/image\/\",\"url\":\"https:\/\/www.protect.airbus.com\/wp-content\/uploads\/2023\/05\/logo-airbus-protect-696-696.png\",\"contentUrl\":\"https:\/\/www.protect.airbus.com\/wp-content\/uploads\/2023\/05\/logo-airbus-protect-696-696.png\",\"width\":696,\"height\":696,\"caption\":\"Airbus Protect\"},\"image\":{\"@id\":\"https:\/\/www.protect.airbus.com\/fr\/#\/schema\/logo\/image\/\"},\"sameAs\":[\"https:\/\/www.linkedin.com\/company\/airbus-protect\/\",\"https:\/\/www.youtube.com\/@airbusprotect7483\"],\"contactPoint\":{\"@type\":\"ContactPoint\",\"email\":\"protect@airbus.com\",\"contactType\":\"customer service\",\"areaServed\":[\"GB\",\"FR\",\"ES\",\"DE\",\"BE\",\"CH\",\"PT\",\"DK\",\"AT\"],\"availableLanguage\":[\"en\",\"fr\",\"de\"]}}]}<\/script>\n<!-- \/ Yoast SEO Premium plugin. -->","yoast_head_json":{"title":"Logiciel Amasis - Airbus Protect","description":"D\u00e9couvrez Amasis, la solution de management d'Airbus Protect con\u00e7u pour la maintenance et la logistique des avions.","robots":{"index":"index","follow":"follow","max-snippet":"max-snippet:-1","max-image-preview":"max-image-preview:large","max-video-preview":"max-video-preview:-1"},"canonical":"https:\/\/www.protect.airbus.com\/fr\/safety\/amasis\/","og_locale":"fr_FR","og_type":"article","og_title":"Logiciel Amasis","og_description":"D\u00e9couvrez Amasis, la solution de management d'Airbus Protect con\u00e7u pour la maintenance et la logistique des avions.","og_url":"https:\/\/www.protect.airbus.com\/fr\/safety\/amasis\/","og_site_name":"Airbus Protect","article_modified_time":"2026-03-25T09:18:59+00:00","og_image":[{"width":1920,"height":582,"url":"https:\/\/www.protect.airbus.com\/wp-content\/uploads\/revslider\/header-safety-en\/bg-safety.jpg","type":"image\/jpeg"}],"twitter_card":"summary_large_image","twitter_misc":{"Dur\u00e9e de lecture estim\u00e9e":"3 minutes"},"schema":{"@context":"https:\/\/schema.org","@graph":[{"@type":"Service","name":"Logiciel Amasis","url":"https:\/\/www.protect.airbus.com\/fr\/safety\/amasis\/","provider":{"@id":"https:\/\/www.protect.airbus.com\/#organization"},"description":""},{"@type":"WebPage","@id":"https:\/\/www.protect.airbus.com\/fr\/safety\/amasis\/","url":"https:\/\/www.protect.airbus.com\/fr\/safety\/amasis\/","name":"Logiciel Amasis - Airbus Protect","isPartOf":{"@id":"https:\/\/www.protect.airbus.com\/fr\/#website"},"primaryImageOfPage":{"@id":"https:\/\/www.protect.airbus.com\/fr\/safety\/amasis\/#primaryimage"},"image":{"@id":"https:\/\/www.protect.airbus.com\/fr\/safety\/amasis\/#primaryimage"},"thumbnailUrl":"https:\/\/www.protect.airbus.com\/wp-content\/uploads\/revslider\/header-safety-en\/bg-safety.jpg","datePublished":"2022-06-19T13:27:29+00:00","dateModified":"2026-03-25T09:18:59+00:00","description":"D\u00e9couvrez Amasis, la solution de management d'Airbus Protect con\u00e7u pour la maintenance et la logistique des avions.","breadcrumb":{"@id":"https:\/\/www.protect.airbus.com\/fr\/safety\/amasis\/#breadcrumb"},"inLanguage":"fr-FR","potentialAction":[{"@type":"ReadAction","target":["https:\/\/www.protect.airbus.com\/fr\/safety\/amasis\/"]}]},{"@type":"ImageObject","inLanguage":"fr-FR","@id":"https:\/\/www.protect.airbus.com\/fr\/safety\/amasis\/#primaryimage","url":"https:\/\/www.protect.airbus.com\/wp-content\/uploads\/revslider\/header-safety-en\/bg-safety.jpg","contentUrl":"https:\/\/www.protect.airbus.com\/wp-content\/uploads\/revslider\/header-safety-en\/bg-safety.jpg","width":1920,"height":582},{"@type":"BreadcrumbList","@id":"https:\/\/www.protect.airbus.com\/fr\/safety\/amasis\/#breadcrumb","itemListElement":[{"@type":"ListItem","position":1,"name":"Home","item":"https:\/\/www.protect.airbus.com\/fr\/"},{"@type":"ListItem","position":2,"name":"Safety","item":"https:\/\/www.protect.airbus.com\/fr\/safety\/"},{"@type":"ListItem","position":3,"name":"Logiciel Amasis"}]},{"@type":"WebSite","@id":"https:\/\/www.protect.airbus.com\/fr\/#website","url":"https:\/\/www.protect.airbus.com\/fr\/","name":"Airbus Protect","description":"","publisher":{"@id":"https:\/\/www.protect.airbus.com\/fr\/#organization"},"potentialAction":[{"@type":"SearchAction","target":{"@type":"EntryPoint","urlTemplate":"https:\/\/www.protect.airbus.com\/fr\/?s={search_term_string}"},"query-input":{"@type":"PropertyValueSpecification","valueRequired":true,"valueName":"search_term_string"}}],"inLanguage":"fr-FR"},{"@type":"Organization","@id":"https:\/\/www.protect.airbus.com\/fr\/#organization","name":"Airbus Protect","url":"https:\/\/www.protect.airbus.com\/fr\/","logo":{"@type":"ImageObject","inLanguage":"fr-FR","@id":"https:\/\/www.protect.airbus.com\/fr\/#\/schema\/logo\/image\/","url":"https:\/\/www.protect.airbus.com\/wp-content\/uploads\/2023\/05\/logo-airbus-protect-696-696.png","contentUrl":"https:\/\/www.protect.airbus.com\/wp-content\/uploads\/2023\/05\/logo-airbus-protect-696-696.png","width":696,"height":696,"caption":"Airbus Protect"},"image":{"@id":"https:\/\/www.protect.airbus.com\/fr\/#\/schema\/logo\/image\/"},"sameAs":["https:\/\/www.linkedin.com\/company\/airbus-protect\/","https:\/\/www.youtube.com\/@airbusprotect7483"],"contactPoint":{"@type":"ContactPoint","email":"protect@airbus.com","contactType":"customer service","areaServed":["GB","FR","ES","DE","BE","CH","PT","DK","AT"],"availableLanguage":["en","fr","de"]}}]}},"_links":{"self":[{"href":"https:\/\/www.protect.airbus.com\/fr\/wp-json\/wp\/v2\/pages\/7665","targetHints":{"allow":["GET"]}}],"collection":[{"href":"https:\/\/www.protect.airbus.com\/fr\/wp-json\/wp\/v2\/pages"}],"about":[{"href":"https:\/\/www.protect.airbus.com\/fr\/wp-json\/wp\/v2\/types\/page"}],"author":[{"embeddable":true,"href":"https:\/\/www.protect.airbus.com\/fr\/wp-json\/wp\/v2\/users\/1"}],"replies":[{"embeddable":true,"href":"https:\/\/www.protect.airbus.com\/fr\/wp-json\/wp\/v2\/comments?post=7665"}],"version-history":[{"count":11,"href":"https:\/\/www.protect.airbus.com\/fr\/wp-json\/wp\/v2\/pages\/7665\/revisions"}],"predecessor-version":[{"id":51242,"href":"https:\/\/www.protect.airbus.com\/fr\/wp-json\/wp\/v2\/pages\/7665\/revisions\/51242"}],"up":[{"embeddable":true,"href":"https:\/\/www.protect.airbus.com\/fr\/wp-json\/wp\/v2\/pages\/7200"}],"wp:featuredmedia":[{"embeddable":true,"href":"https:\/\/www.protect.airbus.com\/fr\/wp-json\/wp\/v2\/media\/6488"}],"wp:attachment":[{"href":"https:\/\/www.protect.airbus.com\/fr\/wp-json\/wp\/v2\/media?parent=7665"}],"curies":[{"name":"wp","href":"https:\/\/api.w.org\/{rel}","templated":true}]}}