{"id":7060,"date":"2023-09-01T11:32:02","date_gmt":"2023-09-01T09:32:02","guid":{"rendered":"https:\/\/www.protect.airbus.com\/?page_id=7060"},"modified":"2023-09-04T17:52:28","modified_gmt":"2023-09-04T15:52:28","slug":"ppc-solutions-cyber","status":"publish","type":"page","link":"https:\/\/www.protect.airbus.com\/fr\/ppc-solutions-cyber\/","title":{"rendered":"Nos Solutions Cyber"},"content":{"rendered":"<div class=\"wpb-content-wrapper\"><p>[vc_row][vc_column][vc_column_text]<\/p>\n<h2><b>Nos solutions de bout en bout sont con\u00e7ues pour vous aider \u00e0 renforcer la position de votre organisation en mati\u00e8re de cybers\u00e9curit\u00e9.<\/b><\/h2>\n<p>[\/vc_column_text][\/vc_column][vc_column offset=\u00a0\u00bbvc_col-lg-8 vc_col-md-12 vc_col-xs-12&Prime;][vc_column_text p_style=\u00a0\u00bbpHighlight\u00a0\u00bb]<\/p>\n<h3><b>Nos solutions<\/b><\/h3>\n<ul>\n<li><b>Conception d&rsquo;architecture et int\u00e9gration<\/b><\/li>\n<\/ul>\n<p><span style=\"font-weight: 400;\">Nos \u00e9quipes vous aident \u00e0 cr\u00e9er et \u00e0 mettre en \u0153uvre une architecture robuste et \u00e0 l&rsquo;int\u00e9grer de mani\u00e8re transparente au sein de votre organisation.<\/span><\/p>\n<ul>\n<li><b>Gouvernance, risque et conformit\u00e9<\/b><\/li>\n<\/ul>\n<p><span style=\"font-weight: 400;\">Les experts d&rsquo;Airbus Protect peuvent \u00e9valuer vos risques de cybers\u00e9curit\u00e9 et vous fournir des informations cl\u00e9s pour vous assurer que vous restez en conformit\u00e9 avec les r\u00e9glementations en vigueur.<\/span><\/p>\n<ul>\n<li><b>Contr\u00f4le des exportations et protection des donn\u00e9es<\/b><\/li>\n<\/ul>\n<p><span style=\"font-weight: 400;\">Nous vous aidons \u00e0 prot\u00e9ger, s\u00e9curiser et g\u00e9rer les donn\u00e9es de la mani\u00e8re la plus efficace possible, et nous veillons \u00e0 ce que vous restiez en conformit\u00e9 avec les contr\u00f4les \u00e0 l&rsquo;exportation.<\/span><\/p>\n<ul>\n<li><b>\u00c9valuation de la vuln\u00e9rabilit\u00e9 et pentest<\/b><\/li>\n<\/ul>\n<p><span style=\"font-weight: 400;\">Nos experts veillent \u00e0 ce que vous restiez au fait des derni\u00e8res vuln\u00e9rabilit\u00e9s et des derniers <\/span><i><span style=\"font-weight: 400;\">exploits<\/span><\/i><span style=\"font-weight: 400;\">, afin que vous gardiez une longueur d&rsquo;avance sur les attaquants. Nous proposons \u00e9galement des services de red team et de purple team, qui vous permettent de tester votre posture de s\u00e9curit\u00e9 dans le cadre d&rsquo;une simulation d&rsquo;attaque r\u00e9aliste.<\/span><\/p>\n<ul>\n<li><b>Services de s\u00e9curit\u00e9 manag\u00e9s<\/b><\/li>\n<\/ul>\n<p><span style=\"font-weight: 400;\">Avec des services personnalis\u00e9s de gestion des vuln\u00e9rabilit\u00e9s, de SOC et de protection contre les risques num\u00e9riques, Airbus Protect peut vous aider \u00e0 atteindre le niveau de s\u00e9curit\u00e9 auquel vous aspirez.<\/span><\/p>\n<ul>\n<li><b>Simulation et formation<\/b><\/li>\n<\/ul>\n<p><span style=\"font-weight: 400;\">Airbus Protect responsabilise vos \u00e9quipes en cr\u00e9ant des exercices sur mesure pour tester leurs connaissances et comp\u00e9tences en mati\u00e8re de cybers\u00e9curit\u00e9 dans un but d\u2019am\u00e9lioration continue.<\/span><\/p>\n<h4><b>Pourquoi choisir Airbus Protect ?<\/b><\/h4>\n<p><span style=\"font-weight: 400;\">Notre ADN Airbus nous distingue des autres. Nous fournissons des services de s\u00fbret\u00e9 et de s\u00e9curit\u00e9 au reste du groupe Airbus et \u00e0 d&rsquo;autres industries depuis des d\u00e9cennies.\u00a0<\/span><\/p>\n<p><span style=\"font-weight: 400;\">De plus, Airbus Protect dispose d&rsquo;une habilitation de souverainet\u00e9 europ\u00e9enne et de s\u00e9curit\u00e9 nationale au Royaume-Uni, en Allemagne et en France.<\/span>[\/vc_column_text][\/vc_column][vc_column offset=\u00a0\u00bbvc_col-lg-4 vc_col-md-12 vc_col-xs-12&Prime;][vc_column_text]<\/p>\n<h5><span style=\"font-weight: 400;\">Remplissez ce formulaire pour contacter l&rsquo;un de nos experts en cybers\u00e9curit\u00e9 d\u00e8s aujourd&rsquo;hui.<\/span><\/h5>\n<h4><span style=\"font-weight: 400;\">Contactez nous :<\/span><\/h4>\n<p>[\/vc_column_text][vc_column_text]<form id=\"forminator-module-7092\" class=\"forminator-custom-form forminator-custom-form-7092\" method=\"post\" data-forminator-render=\"0\" data-uid=\"69f2c689d119c\"><div role=\"alert\" aria-live=\"polite\" class=\"forminator-response-message forminator-error\" aria-hidden=\"true\"><\/div><\/form>[\/vc_column_text][\/vc_column][\/vc_row]<\/p>\n<\/div>","protected":false},"excerpt":{"rendered":"<p>[vc_row][vc_column][vc_column_text] Nos solutions de bout en bout sont con\u00e7ues pour vous aider \u00e0 renforcer la position de votre organisation en mati\u00e8re de cybers\u00e9curit\u00e9. [\/vc_column_text][\/vc_column][vc_column offset=\u00a0\u00bbvc_col-lg-8 vc_col-md-12 vc_col-xs-12&Prime;][vc_column_text p_style=\u00a0\u00bbpHighlight\u00a0\u00bb] Nos solutions Conception d&rsquo;architecture et int\u00e9gration Nos \u00e9quipes vous aident \u00e0 cr\u00e9er et \u00e0 mettre en \u0153uvre une architecture robuste et \u00e0 l&rsquo;int\u00e9grer de mani\u00e8re transparente au [&hellip;]<\/p>\n","protected":false},"author":4,"featured_media":5487,"parent":0,"menu_order":0,"comment_status":"closed","ping_status":"closed","template":"","meta":{"_acf_changed":false,"content-type":"","_relevanssi_hide_post":"","_relevanssi_hide_content":"","_relevanssi_pin_for_all":"","_relevanssi_pin_keywords":"","_relevanssi_unpin_keywords":"","_relevanssi_related_keywords":"","_relevanssi_related_include_ids":"","_relevanssi_related_exclude_ids":"","_relevanssi_related_no_append":"","_relevanssi_related_not_related":"","_relevanssi_related_posts":"","_relevanssi_noindex_reason":"","footnotes":""},"class_list":["post-7060","page","type-page","status-publish","has-post-thumbnail","hentry"],"acf":[],"yoast_head":"<!-- This site is optimized with the Yoast SEO Premium plugin v27.4 (Yoast SEO v27.4) - https:\/\/yoast.com\/product\/yoast-seo-premium-wordpress\/ -->\n<title>Solutions Cyber - Airbus Protect<\/title>\n<meta name=\"description\" content=\"Nos solutions de bout en bout sont con\u00e7ues pour vous aider \u00e0 renforcer la position de votre organisation en mati\u00e8re de cybers\u00e9curit\u00e9.\" \/>\n<meta name=\"robots\" content=\"noindex, follow\" \/>\n<meta property=\"og:locale\" content=\"fr_FR\" \/>\n<meta property=\"og:type\" content=\"article\" \/>\n<meta property=\"og:title\" content=\"Nos Solutions Cyber\" \/>\n<meta property=\"og:description\" content=\"Nos solutions de bout en bout sont con\u00e7ues pour vous aider \u00e0 renforcer la position de votre organisation en mati\u00e8re de cybers\u00e9curit\u00e9.\" \/>\n<meta property=\"og:url\" content=\"https:\/\/www.protect.airbus.com\/fr\/ppc-solutions-cyber\/\" \/>\n<meta property=\"og:site_name\" content=\"Airbus Protect\" \/>\n<meta property=\"article:modified_time\" content=\"2023-09-04T15:52:28+00:00\" \/>\n<meta property=\"og:image\" content=\"https:\/\/www.protect.airbus.com\/wp-content\/uploads\/2022\/07\/cyber-incident-reponse-social.png\" \/>\n\t<meta property=\"og:image:width\" content=\"2378\" \/>\n\t<meta property=\"og:image:height\" content=\"1284\" \/>\n\t<meta property=\"og:image:type\" content=\"image\/png\" \/>\n<meta name=\"twitter:card\" content=\"summary_large_image\" \/>\n<meta name=\"twitter:label1\" content=\"Dur\u00e9e de lecture estim\u00e9e\" \/>\n\t<meta name=\"twitter:data1\" content=\"2 minutes\" \/>\n<script type=\"application\/ld+json\" class=\"yoast-schema-graph\">{\"@context\":\"https:\\\/\\\/schema.org\",\"@graph\":[{\"@type\":\"WebPage\",\"@id\":\"https:\\\/\\\/www.protect.airbus.com\\\/fr\\\/ppc-solutions-cyber\\\/\",\"url\":\"https:\\\/\\\/www.protect.airbus.com\\\/fr\\\/ppc-solutions-cyber\\\/\",\"name\":\"Solutions Cyber - Airbus Protect\",\"isPartOf\":{\"@id\":\"https:\\\/\\\/www.protect.airbus.com\\\/fr\\\/#website\"},\"primaryImageOfPage\":{\"@id\":\"https:\\\/\\\/www.protect.airbus.com\\\/fr\\\/ppc-solutions-cyber\\\/#primaryimage\"},\"image\":{\"@id\":\"https:\\\/\\\/www.protect.airbus.com\\\/fr\\\/ppc-solutions-cyber\\\/#primaryimage\"},\"thumbnailUrl\":\"https:\\\/\\\/www.protect.airbus.com\\\/wp-content\\\/uploads\\\/2023\\\/04\\\/pentest-cver-2.png\",\"datePublished\":\"2023-09-01T09:32:02+00:00\",\"dateModified\":\"2023-09-04T15:52:28+00:00\",\"description\":\"Nos solutions de bout en bout sont con\u00e7ues pour vous aider \u00e0 renforcer la position de votre organisation en mati\u00e8re de cybers\u00e9curit\u00e9.\",\"breadcrumb\":{\"@id\":\"https:\\\/\\\/www.protect.airbus.com\\\/fr\\\/ppc-solutions-cyber\\\/#breadcrumb\"},\"inLanguage\":\"fr-FR\",\"potentialAction\":[{\"@type\":\"ReadAction\",\"target\":[\"https:\\\/\\\/www.protect.airbus.com\\\/fr\\\/ppc-solutions-cyber\\\/\"]}]},{\"@type\":\"ImageObject\",\"inLanguage\":\"fr-FR\",\"@id\":\"https:\\\/\\\/www.protect.airbus.com\\\/fr\\\/ppc-solutions-cyber\\\/#primaryimage\",\"url\":\"https:\\\/\\\/www.protect.airbus.com\\\/wp-content\\\/uploads\\\/2023\\\/04\\\/pentest-cver-2.png\",\"contentUrl\":\"https:\\\/\\\/www.protect.airbus.com\\\/wp-content\\\/uploads\\\/2023\\\/04\\\/pentest-cver-2.png\",\"width\":3793,\"height\":845,\"caption\":\"penetration testing solutions by Airbus Protect\"},{\"@type\":\"BreadcrumbList\",\"@id\":\"https:\\\/\\\/www.protect.airbus.com\\\/fr\\\/ppc-solutions-cyber\\\/#breadcrumb\",\"itemListElement\":[{\"@type\":\"ListItem\",\"position\":1,\"name\":\"Home\",\"item\":\"https:\\\/\\\/www.protect.airbus.com\\\/fr\\\/\"},{\"@type\":\"ListItem\",\"position\":2,\"name\":\"Nos Solutions Cyber\"}]},{\"@type\":\"WebSite\",\"@id\":\"https:\\\/\\\/www.protect.airbus.com\\\/fr\\\/#website\",\"url\":\"https:\\\/\\\/www.protect.airbus.com\\\/fr\\\/\",\"name\":\"Airbus Protect\",\"description\":\"\",\"publisher\":{\"@id\":\"https:\\\/\\\/www.protect.airbus.com\\\/fr\\\/#organization\"},\"potentialAction\":[{\"@type\":\"SearchAction\",\"target\":{\"@type\":\"EntryPoint\",\"urlTemplate\":\"https:\\\/\\\/www.protect.airbus.com\\\/fr\\\/?s={search_term_string}\"},\"query-input\":{\"@type\":\"PropertyValueSpecification\",\"valueRequired\":true,\"valueName\":\"search_term_string\"}}],\"inLanguage\":\"fr-FR\"},{\"@type\":\"Organization\",\"@id\":\"https:\\\/\\\/www.protect.airbus.com\\\/fr\\\/#organization\",\"name\":\"Airbus Protect\",\"url\":\"https:\\\/\\\/www.protect.airbus.com\\\/fr\\\/\",\"logo\":{\"@type\":\"ImageObject\",\"inLanguage\":\"fr-FR\",\"@id\":\"https:\\\/\\\/www.protect.airbus.com\\\/fr\\\/#\\\/schema\\\/logo\\\/image\\\/\",\"url\":\"https:\\\/\\\/www.protect.airbus.com\\\/wp-content\\\/uploads\\\/2023\\\/05\\\/logo-airbus-protect-696-696.png\",\"contentUrl\":\"https:\\\/\\\/www.protect.airbus.com\\\/wp-content\\\/uploads\\\/2023\\\/05\\\/logo-airbus-protect-696-696.png\",\"width\":696,\"height\":696,\"caption\":\"Airbus Protect\"},\"image\":{\"@id\":\"https:\\\/\\\/www.protect.airbus.com\\\/fr\\\/#\\\/schema\\\/logo\\\/image\\\/\"},\"sameAs\":[\"https:\\\/\\\/www.linkedin.com\\\/company\\\/airbus-protect\\\/\",\"https:\\\/\\\/www.youtube.com\\\/@airbusprotect7483\"],\"contactPoint\":{\"@type\":\"ContactPoint\",\"email\":\"protect@airbus.com\",\"contactType\":\"customer service\",\"areaServed\":[\"GB\",\"FR\",\"ES\",\"DE\",\"BE\",\"CH\",\"PT\",\"DK\",\"AT\"],\"availableLanguage\":[\"en\",\"fr\",\"de\"]}}]}<\/script>\n<!-- \/ Yoast SEO Premium plugin. -->","yoast_head_json":{"title":"Solutions Cyber - Airbus Protect","description":"Nos solutions de bout en bout sont con\u00e7ues pour vous aider \u00e0 renforcer la position de votre organisation en mati\u00e8re de cybers\u00e9curit\u00e9.","robots":{"index":"noindex","follow":"follow"},"og_locale":"fr_FR","og_type":"article","og_title":"Nos Solutions Cyber","og_description":"Nos solutions de bout en bout sont con\u00e7ues pour vous aider \u00e0 renforcer la position de votre organisation en mati\u00e8re de cybers\u00e9curit\u00e9.","og_url":"https:\/\/www.protect.airbus.com\/fr\/ppc-solutions-cyber\/","og_site_name":"Airbus Protect","article_modified_time":"2023-09-04T15:52:28+00:00","og_image":[{"width":2378,"height":1284,"url":"https:\/\/www.protect.airbus.com\/wp-content\/uploads\/2022\/07\/cyber-incident-reponse-social.png","type":"image\/png"}],"twitter_card":"summary_large_image","twitter_misc":{"Dur\u00e9e de lecture estim\u00e9e":"2 minutes"},"schema":{"@context":"https:\/\/schema.org","@graph":[{"@type":"WebPage","@id":"https:\/\/www.protect.airbus.com\/fr\/ppc-solutions-cyber\/","url":"https:\/\/www.protect.airbus.com\/fr\/ppc-solutions-cyber\/","name":"Solutions Cyber - Airbus Protect","isPartOf":{"@id":"https:\/\/www.protect.airbus.com\/fr\/#website"},"primaryImageOfPage":{"@id":"https:\/\/www.protect.airbus.com\/fr\/ppc-solutions-cyber\/#primaryimage"},"image":{"@id":"https:\/\/www.protect.airbus.com\/fr\/ppc-solutions-cyber\/#primaryimage"},"thumbnailUrl":"https:\/\/www.protect.airbus.com\/wp-content\/uploads\/2023\/04\/pentest-cver-2.png","datePublished":"2023-09-01T09:32:02+00:00","dateModified":"2023-09-04T15:52:28+00:00","description":"Nos solutions de bout en bout sont con\u00e7ues pour vous aider \u00e0 renforcer la position de votre organisation en mati\u00e8re de cybers\u00e9curit\u00e9.","breadcrumb":{"@id":"https:\/\/www.protect.airbus.com\/fr\/ppc-solutions-cyber\/#breadcrumb"},"inLanguage":"fr-FR","potentialAction":[{"@type":"ReadAction","target":["https:\/\/www.protect.airbus.com\/fr\/ppc-solutions-cyber\/"]}]},{"@type":"ImageObject","inLanguage":"fr-FR","@id":"https:\/\/www.protect.airbus.com\/fr\/ppc-solutions-cyber\/#primaryimage","url":"https:\/\/www.protect.airbus.com\/wp-content\/uploads\/2023\/04\/pentest-cver-2.png","contentUrl":"https:\/\/www.protect.airbus.com\/wp-content\/uploads\/2023\/04\/pentest-cver-2.png","width":3793,"height":845,"caption":"penetration testing solutions by Airbus Protect"},{"@type":"BreadcrumbList","@id":"https:\/\/www.protect.airbus.com\/fr\/ppc-solutions-cyber\/#breadcrumb","itemListElement":[{"@type":"ListItem","position":1,"name":"Home","item":"https:\/\/www.protect.airbus.com\/fr\/"},{"@type":"ListItem","position":2,"name":"Nos Solutions Cyber"}]},{"@type":"WebSite","@id":"https:\/\/www.protect.airbus.com\/fr\/#website","url":"https:\/\/www.protect.airbus.com\/fr\/","name":"Airbus Protect","description":"","publisher":{"@id":"https:\/\/www.protect.airbus.com\/fr\/#organization"},"potentialAction":[{"@type":"SearchAction","target":{"@type":"EntryPoint","urlTemplate":"https:\/\/www.protect.airbus.com\/fr\/?s={search_term_string}"},"query-input":{"@type":"PropertyValueSpecification","valueRequired":true,"valueName":"search_term_string"}}],"inLanguage":"fr-FR"},{"@type":"Organization","@id":"https:\/\/www.protect.airbus.com\/fr\/#organization","name":"Airbus Protect","url":"https:\/\/www.protect.airbus.com\/fr\/","logo":{"@type":"ImageObject","inLanguage":"fr-FR","@id":"https:\/\/www.protect.airbus.com\/fr\/#\/schema\/logo\/image\/","url":"https:\/\/www.protect.airbus.com\/wp-content\/uploads\/2023\/05\/logo-airbus-protect-696-696.png","contentUrl":"https:\/\/www.protect.airbus.com\/wp-content\/uploads\/2023\/05\/logo-airbus-protect-696-696.png","width":696,"height":696,"caption":"Airbus Protect"},"image":{"@id":"https:\/\/www.protect.airbus.com\/fr\/#\/schema\/logo\/image\/"},"sameAs":["https:\/\/www.linkedin.com\/company\/airbus-protect\/","https:\/\/www.youtube.com\/@airbusprotect7483"],"contactPoint":{"@type":"ContactPoint","email":"protect@airbus.com","contactType":"customer service","areaServed":["GB","FR","ES","DE","BE","CH","PT","DK","AT"],"availableLanguage":["en","fr","de"]}}]}},"_links":{"self":[{"href":"https:\/\/www.protect.airbus.com\/fr\/wp-json\/wp\/v2\/pages\/7060","targetHints":{"allow":["GET"]}}],"collection":[{"href":"https:\/\/www.protect.airbus.com\/fr\/wp-json\/wp\/v2\/pages"}],"about":[{"href":"https:\/\/www.protect.airbus.com\/fr\/wp-json\/wp\/v2\/types\/page"}],"author":[{"embeddable":true,"href":"https:\/\/www.protect.airbus.com\/fr\/wp-json\/wp\/v2\/users\/4"}],"replies":[{"embeddable":true,"href":"https:\/\/www.protect.airbus.com\/fr\/wp-json\/wp\/v2\/comments?post=7060"}],"version-history":[{"count":5,"href":"https:\/\/www.protect.airbus.com\/fr\/wp-json\/wp\/v2\/pages\/7060\/revisions"}],"predecessor-version":[{"id":7100,"href":"https:\/\/www.protect.airbus.com\/fr\/wp-json\/wp\/v2\/pages\/7060\/revisions\/7100"}],"wp:featuredmedia":[{"embeddable":true,"href":"https:\/\/www.protect.airbus.com\/fr\/wp-json\/wp\/v2\/media\/5487"}],"wp:attachment":[{"href":"https:\/\/www.protect.airbus.com\/fr\/wp-json\/wp\/v2\/media?parent=7060"}],"curies":[{"name":"wp","href":"https:\/\/api.w.org\/{rel}","templated":true}]}}