{"id":6916,"date":"2022-06-20T18:16:51","date_gmt":"2022-06-20T16:16:51","guid":{"rendered":"https:\/\/www.protect.airbus.com\/cybersecurite\/services-securite-manages\/digital-risk-protection\/"},"modified":"2025-11-07T11:30:33","modified_gmt":"2025-11-07T10:30:33","slug":"digital-risk-protection","status":"publish","type":"page","link":"https:\/\/www.protect.airbus.com\/fr\/cybersecurite\/services-securite-manages\/digital-risk-protection\/","title":{"rendered":"Digital risk protection"},"content":{"rendered":"<div class=\"wpb-content-wrapper\"><p>[vc_row][vc_column][vc_column_text css=\u00a0\u00bb.vc_custom_1692621116658{margin-bottom: 0px !important;padding-bottom: 0px !important;}\u00a0\u00bb h2_style=\u00a0\u00bbh2Big\u00a0\u00bb]<\/p>\n<h2>Prot\u00e9ger l&#8217;empreinte num\u00e9rique des organisations<\/h2>\n<p>[\/vc_column_text][vc_column_text p_style=\u00a0\u00bbpBig\u00a0\u00bb]Si elle n&rsquo;est pas g\u00e9r\u00e9e, une cyberattaque r\u00e9ussie peut exposer votre organisation \u00e0 des amendes r\u00e9glementaires, \u00e0 une atteinte \u00e0 sa r\u00e9putation et \u00e0 la perte de sa propri\u00e9t\u00e9 intellectuelle. Apr\u00e8s une violation, les responsables de la s\u00e9curit\u00e9 interne n&rsquo;ont souvent pas une visibilit\u00e9 externe suffisante pour \u00e9valuer avec pr\u00e9cision l&rsquo;ensemble des risques.[\/vc_column_text][vc_column_text css=\u00a0\u00bb.vc_custom_1692621153034{margin-bottom: 0px !important;padding-bottom: 0px !important;}\u00a0\u00bb h2_style=\u00a0\u00bbh2Big\u00a0\u00bb]<\/p>\n<h3>Pourquoi Airbus Protect ?<\/h3>\n<p>[\/vc_column_text][vc_column_text p_style=\u00a0\u00bbpHighlight\u00a0\u00bb]Notre solution de protection contre les risques num\u00e9riques prot\u00e8ge contre les menaces externes, d\u00e9tecte en permanence les endroits o\u00f9 vos actifs ont \u00e9t\u00e9 expos\u00e9s et vous aide \u00e0 comprendre les options de rem\u00e9diation potentielles :[\/vc_column_text][vc_column_text css_animation=\u00a0\u00bbnone\u00a0\u00bb]<\/p>\n<ul>\n<li style=\"font-weight: 400;\" aria-level=\"1\">S\u00e9curiser votre marque en ligne<\/li>\n<li style=\"font-weight: 400;\" aria-level=\"1\">Protection proactive contre la perte potentielle de donn\u00e9es<\/li>\n<li style=\"font-weight: 400;\" aria-level=\"1\">R\u00e9duire la surface d&rsquo;attaque des organisations<\/li>\n<\/ul>\n<p>[\/vc_column_text][vc_column_text p_style=\u00a0\u00bbpHighlight\u00a0\u00bb]Nous renfor\u00e7ons la cyber-r\u00e9silience contre l&rsquo;exposition de vos donn\u00e9es sensibles gr\u00e2ce \u00e0 un service DRP personnalis\u00e9 permettant d&rsquo;obtenir une visibilit\u00e9 totale des alertes critiques dans un portail et de r\u00e9agir rapidement et de mani\u00e8re appropri\u00e9e aux diff\u00e9rents types d&rsquo;alertes sur la base de conseils de rem\u00e9diation.[\/vc_column_text][vc_column_text css=\u00a0\u00bb.vc_custom_1692621489937{margin-bottom: 0px !important;padding-bottom: 0px !important;}\u00a0\u00bb h2_style=\u00a0\u00bbh2Big\u00a0\u00bb]<\/p>\n<h3>Notre offre<\/h3>\n<p>[\/vc_column_text][vc_column_text css=\u00a0\u00bb\u00a0\u00bb p_style=\u00a0\u00bbpHighlight\u00a0\u00bb]Dans le cadre de notre service g\u00e9r\u00e9 de digital risk protection, les \u00e9quipes d&rsquo;Airbus Protect recherchent et identifient en permanence les endroits o\u00f9 les informations des clients ont \u00e9t\u00e9 expos\u00e9es en analysant Internet, le darknet et le deepweb.<\/p>\n<p>Airbus Protect propose un service g\u00e9r\u00e9 de protection contre les risques num\u00e9riques enti\u00e8rement int\u00e9gr\u00e9 aux op\u00e9rations du SOC. Gr\u00e2ce \u00e0 cela, certaines alertes sont corr\u00e9l\u00e9es par le SOC avec d&rsquo;autres outils afin d&rsquo;identifier les compromissions possibles pour y rem\u00e9dier.<\/p>\n<p>Nos experts fournissent des alertes contextualis\u00e9es afin d&rsquo;am\u00e9liorer la compr\u00e9hension par les clients des risques associ\u00e9s, ainsi que des options de rem\u00e9diation recommand\u00e9es &#8211; toutes deux accessibles via le portail Digital Shadows. Cela permet \u00e0 nos clients de r\u00e9agir rapidement et de mani\u00e8re appropri\u00e9e aux diff\u00e9rents types d&rsquo;alertes, en fonction des conseils de rem\u00e9diation.[\/vc_column_text][vc_column_text css_animation=\u00a0\u00bbfadeInLeft\u00a0\u00bb][\/vc_column_text]    <div class=\"hightlightBracket\">\n        <div class=\"glyphe\"><\/div>\n        <div class=\"highlight\"><p>Prenez contact avec nous pour d\u00e9couvrir comment nous pouvons vous aider.<\/p><\/div>\n    <\/div>\n    <div class=\"divBtCTA btAlignCenter\"><a href=\"https:\/\/www.protect.airbus.com\/contact\/\"  class=\"button btAuto\">Nous contacter<\/a><\/div>[\/vc_column][\/vc_row]<\/p>\n<\/div>","protected":false},"excerpt":{"rendered":"<p>[vc_row][vc_column][vc_column_text css=\u00a0\u00bb.vc_custom_1692621116658{margin-bottom: 0px !important;padding-bottom: 0px !important;}\u00a0\u00bb h2_style=\u00a0\u00bbh2Big\u00a0\u00bb] Prot\u00e9ger l&#8217;empreinte num\u00e9rique des organisations [\/vc_column_text][vc_column_text p_style=\u00a0\u00bbpBig\u00a0\u00bb]Si elle n&rsquo;est pas g\u00e9r\u00e9e, une cyberattaque r\u00e9ussie peut exposer votre organisation \u00e0 des amendes r\u00e9glementaires, \u00e0 une atteinte \u00e0 sa r\u00e9putation et \u00e0 la perte de sa propri\u00e9t\u00e9 intellectuelle. Apr\u00e8s une violation, les responsables de la s\u00e9curit\u00e9 interne n&rsquo;ont souvent pas [&hellip;]<\/p>\n","protected":false},"author":4,"featured_media":6467,"parent":5502,"menu_order":0,"comment_status":"closed","ping_status":"closed","template":"","meta":{"_acf_changed":false,"content-type":"","_relevanssi_hide_post":"","_relevanssi_hide_content":"","_relevanssi_pin_for_all":"","_relevanssi_pin_keywords":"","_relevanssi_unpin_keywords":"","_relevanssi_related_keywords":"","_relevanssi_related_include_ids":"","_relevanssi_related_exclude_ids":"","_relevanssi_related_no_append":"","_relevanssi_related_not_related":"","_relevanssi_related_posts":"","_relevanssi_noindex_reason":"","footnotes":""},"class_list":["post-6916","page","type-page","status-publish","has-post-thumbnail","hentry"],"acf":[],"yoast_head":"<!-- This site is optimized with the Yoast SEO Premium plugin v27.3 (Yoast SEO v27.3) - https:\/\/yoast.com\/product\/yoast-seo-premium-wordpress\/ -->\n<title>Digital risk protection (DRP) : notre solution contre les risques cyber<\/title>\n<meta name=\"description\" content=\"Notre service &quot;Digital Risk Protection&quot; vous prot\u00e8ge contre les menaces ext\u00e9rieures et permet de d\u00e9tecter o\u00f9 vos actifs ont \u00e9t\u00e9 expos\u00e9s.\" \/>\n<meta name=\"robots\" content=\"index, follow, max-snippet:-1, max-image-preview:large, max-video-preview:-1\" \/>\n<link rel=\"canonical\" href=\"https:\/\/www.protect.airbus.com\/fr\/cybersecurite\/services-securite-manages\/digital-risk-protection\/\" \/>\n<meta property=\"og:locale\" content=\"fr_FR\" \/>\n<meta property=\"og:type\" content=\"article\" \/>\n<meta property=\"og:title\" content=\"Digital risk protection\" \/>\n<meta property=\"og:description\" content=\"Notre service &quot;Digital Risk Protection&quot; vous prot\u00e8ge contre les menaces ext\u00e9rieures et permet de d\u00e9tecter o\u00f9 vos actifs ont \u00e9t\u00e9 expos\u00e9s.\" \/>\n<meta property=\"og:url\" content=\"https:\/\/www.protect.airbus.com\/fr\/cybersecurite\/services-securite-manages\/digital-risk-protection\/\" \/>\n<meta property=\"og:site_name\" content=\"Airbus Protect\" \/>\n<meta property=\"article:modified_time\" content=\"2025-11-07T10:30:33+00:00\" \/>\n<meta property=\"og:image\" content=\"https:\/\/www.protect.airbus.com\/wp-content\/uploads\/revslider\/header-cybersecurity-en\/bg-cybersecurity.png\" \/>\n\t<meta property=\"og:image:width\" content=\"1920\" \/>\n\t<meta property=\"og:image:height\" content=\"582\" \/>\n\t<meta property=\"og:image:type\" content=\"image\/png\" \/>\n<meta name=\"twitter:card\" content=\"summary_large_image\" \/>\n<meta name=\"twitter:label1\" content=\"Dur\u00e9e de lecture estim\u00e9e\" \/>\n\t<meta name=\"twitter:data1\" content=\"2 minutes\" \/>\n<script type=\"application\/ld+json\" class=\"yoast-schema-graph\">{\"@context\":\"https:\\\/\\\/schema.org\",\"@graph\":[{\"@type\":\"Service\",\"name\":\"Digital risk protection\",\"url\":\"https:\\\/\\\/www.protect.airbus.com\\\/fr\\\/cybersecurite\\\/services-securite-manages\\\/digital-risk-protection\\\/\",\"provider\":{\"@id\":\"https:\\\/\\\/www.protect.airbus.com\\\/#organization\"},\"description\":\"\"},{\"@type\":\"WebPage\",\"@id\":\"https:\\\/\\\/www.protect.airbus.com\\\/fr\\\/cybersecurite\\\/services-securite-manages\\\/digital-risk-protection\\\/\",\"url\":\"https:\\\/\\\/www.protect.airbus.com\\\/fr\\\/cybersecurite\\\/services-securite-manages\\\/digital-risk-protection\\\/\",\"name\":\"Digital risk protection (DRP) : notre solution contre les risques cyber\",\"isPartOf\":{\"@id\":\"https:\\\/\\\/www.protect.airbus.com\\\/fr\\\/#website\"},\"primaryImageOfPage\":{\"@id\":\"https:\\\/\\\/www.protect.airbus.com\\\/fr\\\/cybersecurite\\\/services-securite-manages\\\/digital-risk-protection\\\/#primaryimage\"},\"image\":{\"@id\":\"https:\\\/\\\/www.protect.airbus.com\\\/fr\\\/cybersecurite\\\/services-securite-manages\\\/digital-risk-protection\\\/#primaryimage\"},\"thumbnailUrl\":\"https:\\\/\\\/www.protect.airbus.com\\\/wp-content\\\/uploads\\\/revslider\\\/header-cybersecurity-en\\\/bg-cybersecurity.png\",\"datePublished\":\"2022-06-20T16:16:51+00:00\",\"dateModified\":\"2025-11-07T10:30:33+00:00\",\"description\":\"Notre service \\\"Digital Risk Protection\\\" vous prot\u00e8ge contre les menaces ext\u00e9rieures et permet de d\u00e9tecter o\u00f9 vos actifs ont \u00e9t\u00e9 expos\u00e9s.\",\"breadcrumb\":{\"@id\":\"https:\\\/\\\/www.protect.airbus.com\\\/fr\\\/cybersecurite\\\/services-securite-manages\\\/digital-risk-protection\\\/#breadcrumb\"},\"inLanguage\":\"fr-FR\",\"potentialAction\":[{\"@type\":\"ReadAction\",\"target\":[\"https:\\\/\\\/www.protect.airbus.com\\\/fr\\\/cybersecurite\\\/services-securite-manages\\\/digital-risk-protection\\\/\"]}]},{\"@type\":\"ImageObject\",\"inLanguage\":\"fr-FR\",\"@id\":\"https:\\\/\\\/www.protect.airbus.com\\\/fr\\\/cybersecurite\\\/services-securite-manages\\\/digital-risk-protection\\\/#primaryimage\",\"url\":\"https:\\\/\\\/www.protect.airbus.com\\\/wp-content\\\/uploads\\\/revslider\\\/header-cybersecurity-en\\\/bg-cybersecurity.png\",\"contentUrl\":\"https:\\\/\\\/www.protect.airbus.com\\\/wp-content\\\/uploads\\\/revslider\\\/header-cybersecurity-en\\\/bg-cybersecurity.png\",\"width\":1920,\"height\":582},{\"@type\":\"BreadcrumbList\",\"@id\":\"https:\\\/\\\/www.protect.airbus.com\\\/fr\\\/cybersecurite\\\/services-securite-manages\\\/digital-risk-protection\\\/#breadcrumb\",\"itemListElement\":[{\"@type\":\"ListItem\",\"position\":1,\"name\":\"Home\",\"item\":\"https:\\\/\\\/www.protect.airbus.com\\\/fr\\\/\"},{\"@type\":\"ListItem\",\"position\":2,\"name\":\"Cybers\u00e9curit\u00e9\",\"item\":\"https:\\\/\\\/www.protect.airbus.com\\\/fr\\\/cybersecurite\\\/\"},{\"@type\":\"ListItem\",\"position\":3,\"name\":\"Services de s\u00e9curit\u00e9 manag\u00e9s\",\"item\":\"https:\\\/\\\/www.protect.airbus.com\\\/fr\\\/cybersecurite\\\/services-securite-manages\\\/\"},{\"@type\":\"ListItem\",\"position\":4,\"name\":\"Digital risk protection\"}]},{\"@type\":\"WebSite\",\"@id\":\"https:\\\/\\\/www.protect.airbus.com\\\/fr\\\/#website\",\"url\":\"https:\\\/\\\/www.protect.airbus.com\\\/fr\\\/\",\"name\":\"Airbus Protect\",\"description\":\"\",\"publisher\":{\"@id\":\"https:\\\/\\\/www.protect.airbus.com\\\/fr\\\/#organization\"},\"potentialAction\":[{\"@type\":\"SearchAction\",\"target\":{\"@type\":\"EntryPoint\",\"urlTemplate\":\"https:\\\/\\\/www.protect.airbus.com\\\/fr\\\/?s={search_term_string}\"},\"query-input\":{\"@type\":\"PropertyValueSpecification\",\"valueRequired\":true,\"valueName\":\"search_term_string\"}}],\"inLanguage\":\"fr-FR\"},{\"@type\":\"Organization\",\"@id\":\"https:\\\/\\\/www.protect.airbus.com\\\/fr\\\/#organization\",\"name\":\"Airbus Protect\",\"url\":\"https:\\\/\\\/www.protect.airbus.com\\\/fr\\\/\",\"logo\":{\"@type\":\"ImageObject\",\"inLanguage\":\"fr-FR\",\"@id\":\"https:\\\/\\\/www.protect.airbus.com\\\/fr\\\/#\\\/schema\\\/logo\\\/image\\\/\",\"url\":\"https:\\\/\\\/www.protect.airbus.com\\\/wp-content\\\/uploads\\\/2023\\\/05\\\/logo-airbus-protect-696-696.png\",\"contentUrl\":\"https:\\\/\\\/www.protect.airbus.com\\\/wp-content\\\/uploads\\\/2023\\\/05\\\/logo-airbus-protect-696-696.png\",\"width\":696,\"height\":696,\"caption\":\"Airbus Protect\"},\"image\":{\"@id\":\"https:\\\/\\\/www.protect.airbus.com\\\/fr\\\/#\\\/schema\\\/logo\\\/image\\\/\"},\"sameAs\":[\"https:\\\/\\\/www.linkedin.com\\\/company\\\/airbus-protect\\\/\",\"https:\\\/\\\/www.youtube.com\\\/@airbusprotect7483\"],\"contactPoint\":{\"@type\":\"ContactPoint\",\"email\":\"protect@airbus.com\",\"contactType\":\"customer service\",\"areaServed\":[\"GB\",\"FR\",\"ES\",\"DE\",\"BE\",\"CH\",\"PT\",\"DK\",\"AT\"],\"availableLanguage\":[\"en\",\"fr\",\"de\"]}}]}<\/script>\n<!-- \/ Yoast SEO Premium plugin. -->","yoast_head_json":{"title":"Digital risk protection (DRP) : notre solution contre les risques cyber","description":"Notre service \"Digital Risk Protection\" vous prot\u00e8ge contre les menaces ext\u00e9rieures et permet de d\u00e9tecter o\u00f9 vos actifs ont \u00e9t\u00e9 expos\u00e9s.","robots":{"index":"index","follow":"follow","max-snippet":"max-snippet:-1","max-image-preview":"max-image-preview:large","max-video-preview":"max-video-preview:-1"},"canonical":"https:\/\/www.protect.airbus.com\/fr\/cybersecurite\/services-securite-manages\/digital-risk-protection\/","og_locale":"fr_FR","og_type":"article","og_title":"Digital risk protection","og_description":"Notre service \"Digital Risk Protection\" vous prot\u00e8ge contre les menaces ext\u00e9rieures et permet de d\u00e9tecter o\u00f9 vos actifs ont \u00e9t\u00e9 expos\u00e9s.","og_url":"https:\/\/www.protect.airbus.com\/fr\/cybersecurite\/services-securite-manages\/digital-risk-protection\/","og_site_name":"Airbus Protect","article_modified_time":"2025-11-07T10:30:33+00:00","og_image":[{"width":1920,"height":582,"url":"https:\/\/www.protect.airbus.com\/wp-content\/uploads\/revslider\/header-cybersecurity-en\/bg-cybersecurity.png","type":"image\/png"}],"twitter_card":"summary_large_image","twitter_misc":{"Dur\u00e9e de lecture estim\u00e9e":"2 minutes"},"schema":{"@context":"https:\/\/schema.org","@graph":[{"@type":"Service","name":"Digital risk protection","url":"https:\/\/www.protect.airbus.com\/fr\/cybersecurite\/services-securite-manages\/digital-risk-protection\/","provider":{"@id":"https:\/\/www.protect.airbus.com\/#organization"},"description":""},{"@type":"WebPage","@id":"https:\/\/www.protect.airbus.com\/fr\/cybersecurite\/services-securite-manages\/digital-risk-protection\/","url":"https:\/\/www.protect.airbus.com\/fr\/cybersecurite\/services-securite-manages\/digital-risk-protection\/","name":"Digital risk protection (DRP) : notre solution contre les risques cyber","isPartOf":{"@id":"https:\/\/www.protect.airbus.com\/fr\/#website"},"primaryImageOfPage":{"@id":"https:\/\/www.protect.airbus.com\/fr\/cybersecurite\/services-securite-manages\/digital-risk-protection\/#primaryimage"},"image":{"@id":"https:\/\/www.protect.airbus.com\/fr\/cybersecurite\/services-securite-manages\/digital-risk-protection\/#primaryimage"},"thumbnailUrl":"https:\/\/www.protect.airbus.com\/wp-content\/uploads\/revslider\/header-cybersecurity-en\/bg-cybersecurity.png","datePublished":"2022-06-20T16:16:51+00:00","dateModified":"2025-11-07T10:30:33+00:00","description":"Notre service \"Digital Risk Protection\" vous prot\u00e8ge contre les menaces ext\u00e9rieures et permet de d\u00e9tecter o\u00f9 vos actifs ont \u00e9t\u00e9 expos\u00e9s.","breadcrumb":{"@id":"https:\/\/www.protect.airbus.com\/fr\/cybersecurite\/services-securite-manages\/digital-risk-protection\/#breadcrumb"},"inLanguage":"fr-FR","potentialAction":[{"@type":"ReadAction","target":["https:\/\/www.protect.airbus.com\/fr\/cybersecurite\/services-securite-manages\/digital-risk-protection\/"]}]},{"@type":"ImageObject","inLanguage":"fr-FR","@id":"https:\/\/www.protect.airbus.com\/fr\/cybersecurite\/services-securite-manages\/digital-risk-protection\/#primaryimage","url":"https:\/\/www.protect.airbus.com\/wp-content\/uploads\/revslider\/header-cybersecurity-en\/bg-cybersecurity.png","contentUrl":"https:\/\/www.protect.airbus.com\/wp-content\/uploads\/revslider\/header-cybersecurity-en\/bg-cybersecurity.png","width":1920,"height":582},{"@type":"BreadcrumbList","@id":"https:\/\/www.protect.airbus.com\/fr\/cybersecurite\/services-securite-manages\/digital-risk-protection\/#breadcrumb","itemListElement":[{"@type":"ListItem","position":1,"name":"Home","item":"https:\/\/www.protect.airbus.com\/fr\/"},{"@type":"ListItem","position":2,"name":"Cybers\u00e9curit\u00e9","item":"https:\/\/www.protect.airbus.com\/fr\/cybersecurite\/"},{"@type":"ListItem","position":3,"name":"Services de s\u00e9curit\u00e9 manag\u00e9s","item":"https:\/\/www.protect.airbus.com\/fr\/cybersecurite\/services-securite-manages\/"},{"@type":"ListItem","position":4,"name":"Digital risk protection"}]},{"@type":"WebSite","@id":"https:\/\/www.protect.airbus.com\/fr\/#website","url":"https:\/\/www.protect.airbus.com\/fr\/","name":"Airbus Protect","description":"","publisher":{"@id":"https:\/\/www.protect.airbus.com\/fr\/#organization"},"potentialAction":[{"@type":"SearchAction","target":{"@type":"EntryPoint","urlTemplate":"https:\/\/www.protect.airbus.com\/fr\/?s={search_term_string}"},"query-input":{"@type":"PropertyValueSpecification","valueRequired":true,"valueName":"search_term_string"}}],"inLanguage":"fr-FR"},{"@type":"Organization","@id":"https:\/\/www.protect.airbus.com\/fr\/#organization","name":"Airbus Protect","url":"https:\/\/www.protect.airbus.com\/fr\/","logo":{"@type":"ImageObject","inLanguage":"fr-FR","@id":"https:\/\/www.protect.airbus.com\/fr\/#\/schema\/logo\/image\/","url":"https:\/\/www.protect.airbus.com\/wp-content\/uploads\/2023\/05\/logo-airbus-protect-696-696.png","contentUrl":"https:\/\/www.protect.airbus.com\/wp-content\/uploads\/2023\/05\/logo-airbus-protect-696-696.png","width":696,"height":696,"caption":"Airbus Protect"},"image":{"@id":"https:\/\/www.protect.airbus.com\/fr\/#\/schema\/logo\/image\/"},"sameAs":["https:\/\/www.linkedin.com\/company\/airbus-protect\/","https:\/\/www.youtube.com\/@airbusprotect7483"],"contactPoint":{"@type":"ContactPoint","email":"protect@airbus.com","contactType":"customer service","areaServed":["GB","FR","ES","DE","BE","CH","PT","DK","AT"],"availableLanguage":["en","fr","de"]}}]}},"_links":{"self":[{"href":"https:\/\/www.protect.airbus.com\/fr\/wp-json\/wp\/v2\/pages\/6916","targetHints":{"allow":["GET"]}}],"collection":[{"href":"https:\/\/www.protect.airbus.com\/fr\/wp-json\/wp\/v2\/pages"}],"about":[{"href":"https:\/\/www.protect.airbus.com\/fr\/wp-json\/wp\/v2\/types\/page"}],"author":[{"embeddable":true,"href":"https:\/\/www.protect.airbus.com\/fr\/wp-json\/wp\/v2\/users\/4"}],"replies":[{"embeddable":true,"href":"https:\/\/www.protect.airbus.com\/fr\/wp-json\/wp\/v2\/comments?post=6916"}],"version-history":[{"count":9,"href":"https:\/\/www.protect.airbus.com\/fr\/wp-json\/wp\/v2\/pages\/6916\/revisions"}],"predecessor-version":[{"id":41089,"href":"https:\/\/www.protect.airbus.com\/fr\/wp-json\/wp\/v2\/pages\/6916\/revisions\/41089"}],"up":[{"embeddable":true,"href":"https:\/\/www.protect.airbus.com\/fr\/wp-json\/wp\/v2\/pages\/5502"}],"wp:featuredmedia":[{"embeddable":true,"href":"https:\/\/www.protect.airbus.com\/fr\/wp-json\/wp\/v2\/media\/6467"}],"wp:attachment":[{"href":"https:\/\/www.protect.airbus.com\/fr\/wp-json\/wp\/v2\/media?parent=6916"}],"curies":[{"name":"wp","href":"https:\/\/api.w.org\/{rel}","templated":true}]}}