{"id":6912,"date":"2022-06-20T18:02:05","date_gmt":"2022-06-20T16:02:05","guid":{"rendered":"https:\/\/www.protect.airbus.com\/cybersecurite\/services-securite-manages\/vulnerability-management\/"},"modified":"2025-09-24T16:19:52","modified_gmt":"2025-09-24T14:19:52","slug":"vulnerability-management","status":"publish","type":"page","link":"https:\/\/www.protect.airbus.com\/fr\/cybersecurite\/services-securite-manages\/vulnerability-management\/","title":{"rendered":"Vulnerability management"},"content":{"rendered":"<div class=\"wpb-content-wrapper\"><p>[vc_row][vc_column][vc_column_text h2_style=\u00a0\u00bbh2Big\u00a0\u00bb css=\u00a0\u00bb.vc_custom_1692619312900{margin-bottom: 0px !important;padding-bottom: 0px !important;}\u00a0\u00bb]<\/p>\n<h2>Identifier les vuln\u00e9rabilit\u00e9s des logiciels avant les attaquants<\/h2>\n<p>[\/vc_column_text][vc_column_text p_style=\u00a0\u00bbpBig\u00a0\u00bb]D\u00e9couvrir, g\u00e9rer et r\u00e9soudre de mani\u00e8re proactive en appliquant une approche sur mesure.[\/vc_column_text][vc_column_text css_animation=\u00a0\u00bbnone\u00a0\u00bb]<\/p>\n<h3>Pourquoi Airbus Protect ?<\/h3>\n<p>[\/vc_column_text][vc_column_text css_animation=\u00a0\u00bbnone\u00a0\u00bb p_style=\u00a0\u00bbpHighlight\u00a0\u00bb]Nos \u00e9quipes d&rsquo;experts assurent la d\u00e9tection des vuln\u00e9rabilit\u00e9s en mode passif et en mode actif avec des capacit\u00e9s d&rsquo;analyse \u00e0 distance. Nous combinons les d\u00e9cennies d&rsquo;exp\u00e9rience cybern\u00e9tique d&rsquo;Airbus Protect avec la m\u00e9thodologie standard de l&rsquo;industrie pour prioriser les vuln\u00e9rabilit\u00e9s et \u00e9laborer des plans de rem\u00e9diation efficaces.[\/vc_column_text][vc_column_text css_animation=\u00a0\u00bbnone\u00a0\u00bb p_style=\u00a0\u00bbpHighlight\u00a0\u00bb]<\/p>\n<h3>Notre offre<\/h3>\n<h4>Gestion active de la vuln\u00e9rabilit\u00e9<\/h4>\n<p>Le service de gestion des vuln\u00e9rabilit\u00e9s permet d&rsquo;identifier les vuln\u00e9rabilit\u00e9s sur les syst\u00e8mes des clients. Il comprend \u00e9galement la d\u00e9couverte des actifs, la surveillance continue, l&rsquo;att\u00e9nuation et l&rsquo;\u00e9laboration d&rsquo;un plan de rem\u00e9diation pour prot\u00e9ger la surface d&rsquo;attaque des clients. Airbus Protect propose une approche sur mesure pour analyser le syst\u00e8me du client \u00e0 la recherche des vuln\u00e9rabilit\u00e9s connues, et aider les organisations \u00e0 \u00e9laborer et \u00e0 suivre leurs plans de rem\u00e9diation en fonction d&rsquo;un ordre de priorit\u00e9.<\/p>\n<p><strong>Ce service de gestion des vuln\u00e9rabilit\u00e9s est int\u00e9gr\u00e9 aux op\u00e9rations du SOC. Les vuln\u00e9rabilit\u00e9s identifi\u00e9es sur les actifs sont utilis\u00e9es pour hi\u00e9rarchiser davantage la criticit\u00e9 de l&rsquo;alerte et le plan de rem\u00e9diation associ\u00e9. Il permet d&rsquo;anticiper toute crise en v\u00e9rifiant si le syst\u00e8me du client est concern\u00e9 par une vuln\u00e9rabilit\u00e9 et de relier toute vuln\u00e9rabilit\u00e9 \u00e0 une attaque.<\/strong>[\/vc_column_text][vc_column_text css_animation=\u00a0\u00bbnone\u00a0\u00bb]<\/p>\n<h4>Gestion passive de la vuln\u00e9rabilit\u00e9<\/h4>\n<p>[\/vc_column_text][vc_column_text css_animation=\u00a0\u00bbnone\u00a0\u00bb p_style=\u00a0\u00bbpHighlight\u00a0\u00bb]La gestion passive des vuln\u00e9rabilit\u00e9s consiste \u00e0 surveiller les publications sur les vuln\u00e9rabilit\u00e9s pour d\u00e9tecter les menaces, \u00e0 r\u00e9agir rapidement en publiant des avis de s\u00e9curit\u00e9 et \u00e0 appliquer des mesures correctives d\u00e8s qu&rsquo;une menace a un impact sur les composants d&rsquo;un syst\u00e8me informatique supervis\u00e9.[\/vc_column_text]    <div class=\"hightlightBracket\">\n        <div class=\"glyphe\"><\/div>\n        <div class=\"highlight\"><p>Prenez contact avec nous pour d\u00e9couvrir comment nous pouvons vous aider.<br \/>\n<\/p><\/div>\n    <\/div>\n    <div class=\"divBtCTA btAlignCenter\"><a href=\"https:\/\/www.protect.airbus.com\/fr\/contact\/\"  class=\"button btAuto\">Nous contacter<\/a><\/div>[\/vc_column][\/vc_row]<\/p>\n<\/div>","protected":false},"excerpt":{"rendered":"<p>[vc_row][vc_column][vc_column_text h2_style=\u00a0\u00bbh2Big\u00a0\u00bb css=\u00a0\u00bb.vc_custom_1692619312900{margin-bottom: 0px !important;padding-bottom: 0px !important;}\u00a0\u00bb] Identifier les vuln\u00e9rabilit\u00e9s des logiciels avant les attaquants [\/vc_column_text][vc_column_text p_style=\u00a0\u00bbpBig\u00a0\u00bb]D\u00e9couvrir, g\u00e9rer et r\u00e9soudre de mani\u00e8re proactive en appliquant une approche sur mesure.[\/vc_column_text][vc_column_text css_animation=\u00a0\u00bbnone\u00a0\u00bb] Pourquoi Airbus Protect ? [\/vc_column_text][vc_column_text css_animation=\u00a0\u00bbnone\u00a0\u00bb p_style=\u00a0\u00bbpHighlight\u00a0\u00bb]Nos \u00e9quipes d&rsquo;experts assurent la d\u00e9tection des vuln\u00e9rabilit\u00e9s en mode passif et en mode actif avec des capacit\u00e9s d&rsquo;analyse [&hellip;]<\/p>\n","protected":false},"author":4,"featured_media":821,"parent":5502,"menu_order":0,"comment_status":"closed","ping_status":"closed","template":"","meta":{"_acf_changed":false,"content-type":"","_relevanssi_hide_post":"","_relevanssi_hide_content":"","_relevanssi_pin_for_all":"","_relevanssi_pin_keywords":"","_relevanssi_unpin_keywords":"","_relevanssi_related_keywords":"","_relevanssi_related_include_ids":"","_relevanssi_related_exclude_ids":"","_relevanssi_related_no_append":"","_relevanssi_related_not_related":"","_relevanssi_related_posts":"","_relevanssi_noindex_reason":"","footnotes":""},"class_list":["post-6912","page","type-page","status-publish","has-post-thumbnail","hentry"],"acf":[],"yoast_head":"<!-- This site is optimized with the Yoast SEO Premium plugin v27.2 (Yoast SEO v27.2) - https:\/\/yoast.com\/product\/yoast-seo-premium-wordpress\/ -->\n<title>Gestion des vuln\u00e9rabilit\u00e9s : une cybers\u00e9curit\u00e9 proactive<\/title>\n<meta name=\"description\" content=\"La solution vulnerability management &quot;as-a-service&quot; d&#039;Airbus Protect vous aident \u00e0 garder une longueur d&#039;avance sur les cybercriminels.\" \/>\n<meta name=\"robots\" content=\"index, follow, max-snippet:-1, max-image-preview:large, max-video-preview:-1\" \/>\n<link rel=\"canonical\" href=\"https:\/\/www.protect.airbus.com\/fr\/cybersecurite\/services-securite-manages\/vulnerability-management\/\" \/>\n<meta property=\"og:locale\" content=\"fr_FR\" \/>\n<meta property=\"og:type\" content=\"article\" \/>\n<meta property=\"og:title\" content=\"Vulnerability management\" \/>\n<meta property=\"og:description\" content=\"La solution vulnerability management &quot;as-a-service&quot; d&#039;Airbus Protect vous aident \u00e0 garder une longueur d&#039;avance sur les cybercriminels.\" \/>\n<meta property=\"og:url\" content=\"https:\/\/www.protect.airbus.com\/fr\/cybersecurite\/services-securite-manages\/vulnerability-management\/\" \/>\n<meta property=\"og:site_name\" content=\"Airbus Protect\" \/>\n<meta property=\"article:modified_time\" content=\"2025-09-24T14:19:52+00:00\" \/>\n<meta property=\"og:image\" content=\"https:\/\/www.protect.airbus.com\/wp-content\/uploads\/2022\/06\/header-sustainability-sous-page.jpg\" \/>\n\t<meta property=\"og:image:width\" content=\"1920\" \/>\n\t<meta property=\"og:image:height\" content=\"358\" \/>\n\t<meta property=\"og:image:type\" content=\"image\/jpeg\" \/>\n<meta name=\"twitter:card\" content=\"summary_large_image\" \/>\n<meta name=\"twitter:label1\" content=\"Dur\u00e9e de lecture estim\u00e9e\" \/>\n\t<meta name=\"twitter:data1\" content=\"2 minutes\" \/>\n<script type=\"application\/ld+json\" class=\"yoast-schema-graph\">{\"@context\":\"https:\/\/schema.org\",\"@graph\":[{\"@type\":\"Service\",\"name\":\"Vulnerability management\",\"url\":\"https:\/\/www.protect.airbus.com\/fr\/cybersecurite\/services-securite-manages\/vulnerability-management\/\",\"provider\":{\"@id\":\"https:\/\/www.protect.airbus.com\/#organization\"},\"description\":\"\"},{\"@type\":\"WebPage\",\"@id\":\"https:\/\/www.protect.airbus.com\/fr\/cybersecurite\/services-securite-manages\/vulnerability-management\/\",\"url\":\"https:\/\/www.protect.airbus.com\/fr\/cybersecurite\/services-securite-manages\/vulnerability-management\/\",\"name\":\"Gestion des vuln\u00e9rabilit\u00e9s : une cybers\u00e9curit\u00e9 proactive\",\"isPartOf\":{\"@id\":\"https:\/\/www.protect.airbus.com\/fr\/#website\"},\"primaryImageOfPage\":{\"@id\":\"https:\/\/www.protect.airbus.com\/fr\/cybersecurite\/services-securite-manages\/vulnerability-management\/#primaryimage\"},\"image\":{\"@id\":\"https:\/\/www.protect.airbus.com\/fr\/cybersecurite\/services-securite-manages\/vulnerability-management\/#primaryimage\"},\"thumbnailUrl\":\"https:\/\/www.protect.airbus.com\/wp-content\/uploads\/2022\/06\/header-sustainability-sous-page.jpg\",\"datePublished\":\"2022-06-20T16:02:05+00:00\",\"dateModified\":\"2025-09-24T14:19:52+00:00\",\"description\":\"La solution vulnerability management \\\"as-a-service\\\" d'Airbus Protect vous aident \u00e0 garder une longueur d'avance sur les cybercriminels.\",\"breadcrumb\":{\"@id\":\"https:\/\/www.protect.airbus.com\/fr\/cybersecurite\/services-securite-manages\/vulnerability-management\/#breadcrumb\"},\"inLanguage\":\"fr-FR\",\"potentialAction\":[{\"@type\":\"ReadAction\",\"target\":[\"https:\/\/www.protect.airbus.com\/fr\/cybersecurite\/services-securite-manages\/vulnerability-management\/\"]}]},{\"@type\":\"ImageObject\",\"inLanguage\":\"fr-FR\",\"@id\":\"https:\/\/www.protect.airbus.com\/fr\/cybersecurite\/services-securite-manages\/vulnerability-management\/#primaryimage\",\"url\":\"https:\/\/www.protect.airbus.com\/wp-content\/uploads\/2022\/06\/header-sustainability-sous-page.jpg\",\"contentUrl\":\"https:\/\/www.protect.airbus.com\/wp-content\/uploads\/2022\/06\/header-sustainability-sous-page.jpg\",\"width\":1920,\"height\":358},{\"@type\":\"BreadcrumbList\",\"@id\":\"https:\/\/www.protect.airbus.com\/fr\/cybersecurite\/services-securite-manages\/vulnerability-management\/#breadcrumb\",\"itemListElement\":[{\"@type\":\"ListItem\",\"position\":1,\"name\":\"Home\",\"item\":\"https:\/\/www.protect.airbus.com\/fr\/\"},{\"@type\":\"ListItem\",\"position\":2,\"name\":\"Cybers\u00e9curit\u00e9\",\"item\":\"https:\/\/www.protect.airbus.com\/fr\/cybersecurite\/\"},{\"@type\":\"ListItem\",\"position\":3,\"name\":\"Services de s\u00e9curit\u00e9 manag\u00e9s\",\"item\":\"https:\/\/www.protect.airbus.com\/fr\/cybersecurite\/services-securite-manages\/\"},{\"@type\":\"ListItem\",\"position\":4,\"name\":\"Vulnerability management\"}]},{\"@type\":\"WebSite\",\"@id\":\"https:\/\/www.protect.airbus.com\/fr\/#website\",\"url\":\"https:\/\/www.protect.airbus.com\/fr\/\",\"name\":\"Airbus Protect\",\"description\":\"\",\"publisher\":{\"@id\":\"https:\/\/www.protect.airbus.com\/fr\/#organization\"},\"potentialAction\":[{\"@type\":\"SearchAction\",\"target\":{\"@type\":\"EntryPoint\",\"urlTemplate\":\"https:\/\/www.protect.airbus.com\/fr\/?s={search_term_string}\"},\"query-input\":{\"@type\":\"PropertyValueSpecification\",\"valueRequired\":true,\"valueName\":\"search_term_string\"}}],\"inLanguage\":\"fr-FR\"},{\"@type\":\"Organization\",\"@id\":\"https:\/\/www.protect.airbus.com\/fr\/#organization\",\"name\":\"Airbus Protect\",\"url\":\"https:\/\/www.protect.airbus.com\/fr\/\",\"logo\":{\"@type\":\"ImageObject\",\"inLanguage\":\"fr-FR\",\"@id\":\"https:\/\/www.protect.airbus.com\/fr\/#\/schema\/logo\/image\/\",\"url\":\"https:\/\/www.protect.airbus.com\/wp-content\/uploads\/2023\/05\/logo-airbus-protect-696-696.png\",\"contentUrl\":\"https:\/\/www.protect.airbus.com\/wp-content\/uploads\/2023\/05\/logo-airbus-protect-696-696.png\",\"width\":696,\"height\":696,\"caption\":\"Airbus Protect\"},\"image\":{\"@id\":\"https:\/\/www.protect.airbus.com\/fr\/#\/schema\/logo\/image\/\"},\"sameAs\":[\"https:\/\/www.linkedin.com\/company\/airbus-protect\/\",\"https:\/\/www.youtube.com\/@airbusprotect7483\"],\"contactPoint\":{\"@type\":\"ContactPoint\",\"email\":\"protect@airbus.com\",\"contactType\":\"customer service\",\"areaServed\":[\"GB\",\"FR\",\"ES\",\"DE\",\"BE\",\"CH\",\"PT\",\"DK\",\"AT\"],\"availableLanguage\":[\"en\",\"fr\",\"de\"]}}]}<\/script>\n<!-- \/ Yoast SEO Premium plugin. -->","yoast_head_json":{"title":"Gestion des vuln\u00e9rabilit\u00e9s : une cybers\u00e9curit\u00e9 proactive","description":"La solution vulnerability management \"as-a-service\" d'Airbus Protect vous aident \u00e0 garder une longueur d'avance sur les cybercriminels.","robots":{"index":"index","follow":"follow","max-snippet":"max-snippet:-1","max-image-preview":"max-image-preview:large","max-video-preview":"max-video-preview:-1"},"canonical":"https:\/\/www.protect.airbus.com\/fr\/cybersecurite\/services-securite-manages\/vulnerability-management\/","og_locale":"fr_FR","og_type":"article","og_title":"Vulnerability management","og_description":"La solution vulnerability management \"as-a-service\" d'Airbus Protect vous aident \u00e0 garder une longueur d'avance sur les cybercriminels.","og_url":"https:\/\/www.protect.airbus.com\/fr\/cybersecurite\/services-securite-manages\/vulnerability-management\/","og_site_name":"Airbus Protect","article_modified_time":"2025-09-24T14:19:52+00:00","og_image":[{"width":1920,"height":358,"url":"https:\/\/www.protect.airbus.com\/wp-content\/uploads\/2022\/06\/header-sustainability-sous-page.jpg","type":"image\/jpeg"}],"twitter_card":"summary_large_image","twitter_misc":{"Dur\u00e9e de lecture estim\u00e9e":"2 minutes"},"schema":{"@context":"https:\/\/schema.org","@graph":[{"@type":"Service","name":"Vulnerability management","url":"https:\/\/www.protect.airbus.com\/fr\/cybersecurite\/services-securite-manages\/vulnerability-management\/","provider":{"@id":"https:\/\/www.protect.airbus.com\/#organization"},"description":""},{"@type":"WebPage","@id":"https:\/\/www.protect.airbus.com\/fr\/cybersecurite\/services-securite-manages\/vulnerability-management\/","url":"https:\/\/www.protect.airbus.com\/fr\/cybersecurite\/services-securite-manages\/vulnerability-management\/","name":"Gestion des vuln\u00e9rabilit\u00e9s : une cybers\u00e9curit\u00e9 proactive","isPartOf":{"@id":"https:\/\/www.protect.airbus.com\/fr\/#website"},"primaryImageOfPage":{"@id":"https:\/\/www.protect.airbus.com\/fr\/cybersecurite\/services-securite-manages\/vulnerability-management\/#primaryimage"},"image":{"@id":"https:\/\/www.protect.airbus.com\/fr\/cybersecurite\/services-securite-manages\/vulnerability-management\/#primaryimage"},"thumbnailUrl":"https:\/\/www.protect.airbus.com\/wp-content\/uploads\/2022\/06\/header-sustainability-sous-page.jpg","datePublished":"2022-06-20T16:02:05+00:00","dateModified":"2025-09-24T14:19:52+00:00","description":"La solution vulnerability management \"as-a-service\" d'Airbus Protect vous aident \u00e0 garder une longueur d'avance sur les cybercriminels.","breadcrumb":{"@id":"https:\/\/www.protect.airbus.com\/fr\/cybersecurite\/services-securite-manages\/vulnerability-management\/#breadcrumb"},"inLanguage":"fr-FR","potentialAction":[{"@type":"ReadAction","target":["https:\/\/www.protect.airbus.com\/fr\/cybersecurite\/services-securite-manages\/vulnerability-management\/"]}]},{"@type":"ImageObject","inLanguage":"fr-FR","@id":"https:\/\/www.protect.airbus.com\/fr\/cybersecurite\/services-securite-manages\/vulnerability-management\/#primaryimage","url":"https:\/\/www.protect.airbus.com\/wp-content\/uploads\/2022\/06\/header-sustainability-sous-page.jpg","contentUrl":"https:\/\/www.protect.airbus.com\/wp-content\/uploads\/2022\/06\/header-sustainability-sous-page.jpg","width":1920,"height":358},{"@type":"BreadcrumbList","@id":"https:\/\/www.protect.airbus.com\/fr\/cybersecurite\/services-securite-manages\/vulnerability-management\/#breadcrumb","itemListElement":[{"@type":"ListItem","position":1,"name":"Home","item":"https:\/\/www.protect.airbus.com\/fr\/"},{"@type":"ListItem","position":2,"name":"Cybers\u00e9curit\u00e9","item":"https:\/\/www.protect.airbus.com\/fr\/cybersecurite\/"},{"@type":"ListItem","position":3,"name":"Services de s\u00e9curit\u00e9 manag\u00e9s","item":"https:\/\/www.protect.airbus.com\/fr\/cybersecurite\/services-securite-manages\/"},{"@type":"ListItem","position":4,"name":"Vulnerability management"}]},{"@type":"WebSite","@id":"https:\/\/www.protect.airbus.com\/fr\/#website","url":"https:\/\/www.protect.airbus.com\/fr\/","name":"Airbus Protect","description":"","publisher":{"@id":"https:\/\/www.protect.airbus.com\/fr\/#organization"},"potentialAction":[{"@type":"SearchAction","target":{"@type":"EntryPoint","urlTemplate":"https:\/\/www.protect.airbus.com\/fr\/?s={search_term_string}"},"query-input":{"@type":"PropertyValueSpecification","valueRequired":true,"valueName":"search_term_string"}}],"inLanguage":"fr-FR"},{"@type":"Organization","@id":"https:\/\/www.protect.airbus.com\/fr\/#organization","name":"Airbus Protect","url":"https:\/\/www.protect.airbus.com\/fr\/","logo":{"@type":"ImageObject","inLanguage":"fr-FR","@id":"https:\/\/www.protect.airbus.com\/fr\/#\/schema\/logo\/image\/","url":"https:\/\/www.protect.airbus.com\/wp-content\/uploads\/2023\/05\/logo-airbus-protect-696-696.png","contentUrl":"https:\/\/www.protect.airbus.com\/wp-content\/uploads\/2023\/05\/logo-airbus-protect-696-696.png","width":696,"height":696,"caption":"Airbus Protect"},"image":{"@id":"https:\/\/www.protect.airbus.com\/fr\/#\/schema\/logo\/image\/"},"sameAs":["https:\/\/www.linkedin.com\/company\/airbus-protect\/","https:\/\/www.youtube.com\/@airbusprotect7483"],"contactPoint":{"@type":"ContactPoint","email":"protect@airbus.com","contactType":"customer service","areaServed":["GB","FR","ES","DE","BE","CH","PT","DK","AT"],"availableLanguage":["en","fr","de"]}}]}},"_links":{"self":[{"href":"https:\/\/www.protect.airbus.com\/fr\/wp-json\/wp\/v2\/pages\/6912","targetHints":{"allow":["GET"]}}],"collection":[{"href":"https:\/\/www.protect.airbus.com\/fr\/wp-json\/wp\/v2\/pages"}],"about":[{"href":"https:\/\/www.protect.airbus.com\/fr\/wp-json\/wp\/v2\/types\/page"}],"author":[{"embeddable":true,"href":"https:\/\/www.protect.airbus.com\/fr\/wp-json\/wp\/v2\/users\/4"}],"replies":[{"embeddable":true,"href":"https:\/\/www.protect.airbus.com\/fr\/wp-json\/wp\/v2\/comments?post=6912"}],"version-history":[{"count":6,"href":"https:\/\/www.protect.airbus.com\/fr\/wp-json\/wp\/v2\/pages\/6912\/revisions"}],"predecessor-version":[{"id":38379,"href":"https:\/\/www.protect.airbus.com\/fr\/wp-json\/wp\/v2\/pages\/6912\/revisions\/38379"}],"up":[{"embeddable":true,"href":"https:\/\/www.protect.airbus.com\/fr\/wp-json\/wp\/v2\/pages\/5502"}],"wp:featuredmedia":[{"embeddable":true,"href":"https:\/\/www.protect.airbus.com\/fr\/wp-json\/wp\/v2\/media\/821"}],"wp:attachment":[{"href":"https:\/\/www.protect.airbus.com\/fr\/wp-json\/wp\/v2\/media?parent=6912"}],"curies":[{"name":"wp","href":"https:\/\/api.w.org\/{rel}","templated":true}]}}