{"id":6652,"date":"2023-07-07T17:51:08","date_gmt":"2023-07-07T15:51:08","guid":{"rendered":"https:\/\/www.protect.airbus.com\/sustainability\/modelling-hazardous-phenomena\/"},"modified":"2023-08-04T15:51:14","modified_gmt":"2023-08-04T13:51:14","slug":"modelisation-phenomenes-dangereux","status":"publish","type":"page","link":"https:\/\/www.protect.airbus.com\/fr\/sustainability\/modelisation-phenomenes-dangereux\/","title":{"rendered":"Mod\u00e9lisation des ph\u00e9nom\u00e8nes dangereux"},"content":{"rendered":"<div class=\"wpb-content-wrapper\"><p>[vc_row][vc_column][vc_column_text h2_style=\u00a0\u00bbh2Big\u00a0\u00bb css=\u00a0\u00bb.vc_custom_1691156273272{margin-bottom: 0px !important;padding-bottom: 0px !important;}\u00a0\u00bb]<\/p>\n<h2>Mod\u00e9lisation des cons\u00e9quences des ph\u00e9nom\u00e8nes accidentels<\/h2>\n<p>[\/vc_column_text][vc_column_text p_style=\u00a0\u00bbpBig\u00a0\u00bb]De l&rsquo;atteinte \u00e0 la r\u00e9putation aux co\u00fbts impr\u00e9vus, l&rsquo;augmentation des risques et des menaces associ\u00e9s \u00e0 la conduite de projets industriels peut avoir des cons\u00e9quences dramatiques. C&rsquo;est pourquoi les strat\u00e9gies de gestion des risques industriels d&rsquo;aujourd&rsquo;hui requi\u00e8rent l&rsquo;attention du niveau C.[\/vc_column_text][vc_column_text h2_style=\u00a0\u00bbh2Big\u00a0\u00bb css=\u00a0\u00bb.vc_custom_1691156316543{margin-bottom: 0px !important;padding-bottom: 0px !important;}\u00a0\u00bb]<\/p>\n<h3>Ouvrir la voie<\/h3>\n<p>[\/vc_column_text][vc_column_text p_style=\u00a0\u00bbpHighlight\u00a0\u00bb]Nous sommes fiers que nos clients nous reconnaissent comme ayant d\u00e9velopp\u00e9 une approche de mod\u00e9lisation int\u00e9gr\u00e9e, bas\u00e9e sur des ann\u00e9es de mod\u00e9lisation de sc\u00e9narios complexes dans les industries les plus critiques.[\/vc_column_text][vc_column_text h2_style=\u00a0\u00bbh2Big\u00a0\u00bb css=\u00a0\u00bb.vc_custom_1691156338220{margin-bottom: 0px !important;padding-bottom: 0px !important;}\u00a0\u00bb]<\/p>\n<h3>Pourquoi Airbus Protect?<\/h3>\n<p>[\/vc_column_text][vc_column_text p_style=\u00a0\u00bbpHighlight\u00a0\u00bb]Pour mieux pr\u00e9venir les risques et justifier l&rsquo;am\u00e9nagement et la conception des installations, nous nous concentrons sur les domaines suivants :[\/vc_column_text][vc_column_text]<\/p>\n<ul>\n<li><span style=\"font-weight: 400;\">Analyse des ph\u00e9nom\u00e8nes dangereux et quantification des effets potentiels<\/span><\/li>\n<li><span style=\"font-weight: 400;\">Anticiper les cons\u00e9quences d&rsquo;un sc\u00e9nario accidentel<\/span><\/li>\n<li><span style=\"font-weight: 400;\">Comprendre la vuln\u00e9rabilit\u00e9 d&rsquo;un site aux effets d&rsquo;un incendie, d&rsquo;une explosion et de la dispersion de produits toxiques<\/span><\/li>\n<li>Positionnement des d\u00e9tecteurs de gaz et de flammes&#8230;<\/li>\n<\/ul>\n<p>[\/vc_column_text][vc_column_text h2_style=\u00a0\u00bbh2Big\u00a0\u00bb css=\u00a0\u00bb.vc_custom_1691156398798{margin-bottom: 0px !important;padding-bottom: 0px !important;}\u00a0\u00bb]<\/p>\n<h3>Notre offre<\/h3>\n<p>[\/vc_column_text][vc_column_text p_style=\u00a0\u00bbpHighlight\u00a0\u00bb]<span style=\"font-weight: 400;\">Nos consultants, experts et formateurs hautement qualifi\u00e9s peuvent vous aider \u00e0 g\u00e9rer et \u00e0 att\u00e9nuer les risques et \u00e0 pr\u00e9voir les cons\u00e9quences d&rsquo;un sc\u00e9nario dangereux. Notre offre couvre :\u00a0<\/span>[\/vc_column_text][vc_column_text]<\/p>\n<ul>\n<li><span style=\"font-weight: 400;\">Effets thermiques (feu, jet enflamm\u00e9, feu flash, boule de feu&#8230;)<\/span><\/li>\n<li><span style=\"font-weight: 400;\">Effets de vagues de surpression (explosions, BLEVE, UVCE&#8230;)<\/span><\/li>\n<li><span style=\"font-weight: 400;\">Dispersion atmosph\u00e9rique accidentelle (produits toxiques, poussi\u00e8res&#8230;)<\/span><\/li>\n<li><span style=\"font-weight: 400;\">Concentration de produits toxiques et\/ou inflammables dans une pi\u00e8ce<\/span><\/li>\n<li><span style=\"font-weight: 400;\">Effets pyrotechniques \/ balistiques (explosifs, parc \u00e9olien&#8230;)<\/span><\/li>\n<\/ul>\n<p>[\/vc_column_text]    <div class=\"hightlightBracket\">\n        <div class=\"glyphe\"><\/div>\n        <div class=\"highlight\"><p>Contactez-nous pour d\u00e9couvrir comment nous pouvons vous aider<\/p><\/div>\n    <\/div>\n    <div class=\"divBtCTA btAlignCenter\"><a href=\"https:\/\/www.protect.airbus.com\/fr\/contact\/\"  class=\"button btAuto\">Nous contacter<\/a><\/div><div class=\"whatsNew\" id=\"whatsnew_69e8bf4e5936f\">\n    <div class=\"lineTitleFilter\">\n        <div id=\"conteneur_h2_WhatsNew\"><h2>Des nouveaut\u00e9s ?<\/h2><\/div>\n        <div id=\"conteneur_FiltreWhatsNew\">\n\t\t\t<div class=\"filterWhatsNew\"><span>Filtre<\/span>\n\t\t\t\t<ul>\n\t\t\t\t\t<li><button type=\"button\" class=\"btFilter bfFilterNews\" onclick=\"fctFilterWhatsNew('news','allCategories','whatsnew_69e8bf4e5936f')\">Actualit\u00e9<\/button><\/li>\n\t\t\t\t\t<li><button type=\"button\" class=\"btFilter bfFilterWhitePaper\" onclick=\"fctFilterWhatsNew('whitepaper','allCategories','whatsnew_69e8bf4e5936f')\">Livre blanc<\/button><\/li>\n\t\t\t\t\t<li><button type=\"button\" class=\"btFilter bfFilterBlog\" onclick=\"fctFilterWhatsNew('blog','allCategories','whatsnew_69e8bf4e5936f')\">Blog<\/button><\/li>\n\t\t\t\t\t<li><button type=\"button\" class=\"btFilter bfFilterEvent\" onclick=\"fctFilterWhatsNew('event','allCategories','whatsnew_69e8bf4e5936f')\">\u00c9v\u00e9nement<\/button><\/li>\n\t\t\t\t<\/ul><\/div>\n\t\t\t<div id=\"whathsnew_glyphe\"><\/div>\n\t\t<\/div>\n    <\/div>\n\t\n    <div class=\"listWhatsNew\">\n    <article id=\"whatsnew_item_45470\">\n    <span class=\"whatsNewType\">Blog<\/span>\n    <a href=\"https:\/\/www.protect.airbus.com\/fr\/blog\/airbus-protect-explique-part-is\/\"><img loading=\"lazy\" decoding=\"async\" width=\"349\" height=\"189\" src=\"https:\/\/www.protect.airbus.com\/wp-content\/uploads\/2025\/06\/Airbus-Family-Flight_EVE-2840-08-Family-Days-2024-M81-Flight-M89-A350-Fal-027-349x189.jpg\" class=\"attachment-post-bloc size-post-bloc wp-post-image\" alt=\"\" \/><\/a>\n    <div class=\"titreWN\">Airbus Protect explique la Part-IS : une r\u00e9glementation EASA sur la s\u00e9curit\u00e9 de l&rsquo;information pour la s\u00e9curit\u00e9 de l&rsquo;aviation civile<\/div>\n    <p><p>[vc_row][vc_column][vc_column_text css=\u00a0\u00bb\u00a0\u00bb h3_couleur=\u00a0\u00bbh3BleuProtect\u00a0\u00bb] La n\u00e9cessit\u00e9 de renforcer la r\u00e9silience des entreprises et du secteur a\u00e9ronautique est imp\u00e9rative pour g\u00e9rer les risques externes sur des syst\u00e8mes fortement interconnect\u00e9s. La Part-IS est la derni\u00e8re r\u00e9glementation obligatoire de L&rsquo;Agence Europ\u00e9enne de la S\u00e9curit\u00e9 A\u00e9rienne (AESA). L&rsquo;objectif de la Part-IS est d&rsquo;am\u00e9liorer les syst\u00e8mes de gestion de la s\u00e9curit\u00e9 [&hellip;]<\/p>\n<\/p>\n        <div id=\"conteneur_btReadMore\"><a href=\"https:\/\/www.protect.airbus.com\/fr\/blog\/airbus-protect-explique-part-is\/\" class=\"btReadMore\">En savoir plus<\/a><\/div><\/article>\n<article id=\"whatsnew_item_21339\">\n    <span class=\"whatsNewType\">Blog<\/span>\n    <a href=\"https:\/\/www.protect.airbus.com\/fr\/blog\/controle-des-exportations\/\"><img loading=\"lazy\" decoding=\"async\" width=\"349\" height=\"189\" src=\"https:\/\/www.protect.airbus.com\/wp-content\/uploads\/2022\/06\/venti-views-1cqIcrWFQBI-unsplash-349x189.jpg\" class=\"attachment-post-bloc size-post-bloc wp-post-image\" alt=\"Ship on the ocean\" \/><\/a>\n    <div class=\"titreWN\">Le contr\u00f4le des exportations : une recette bien gard\u00e9e !<\/div>\n    <p><p>Afin de pr\u00e9server son secret culinaire, un chef cuisinier doit \u00eatre prudent quant \u00e0 l\u2019acc\u00e8s \u00e0 sa recette et ses ingr\u00e9dients. Le contr\u00f4le des exportations suit \u00e9galement cette logique afin d\u2019assurer une stabilit\u00e9 nationale et une pr\u00e9servation des int\u00e9r\u00eats des entreprises priv\u00e9es et de l\u2019Etat. Ce dernier r\u00e9gule qui peut exporter et recevoir les biens [&hellip;]<\/p>\n<\/p>\n        <div id=\"conteneur_btReadMore\"><a href=\"https:\/\/www.protect.airbus.com\/fr\/blog\/controle-des-exportations\/\" class=\"btReadMore\">En savoir plus<\/a><\/div><\/article>\n<article id=\"whatsnew_item_7625\">\n    <span class=\"whatsNewType\">Blog<\/span>\n    <a href=\"https:\/\/www.protect.airbus.com\/fr\/blog\/comment-se-proteger-contre-le-phishing\/\"><img loading=\"lazy\" decoding=\"async\" width=\"349\" height=\"189\" src=\"https:\/\/www.protect.airbus.com\/wp-content\/uploads\/2023\/10\/blog-banner-349x189.png\" class=\"attachment-post-bloc size-post-bloc wp-post-image\" alt=\"phising explained\" \/><\/a>\n    <div class=\"titreWN\">Comment se prot\u00e9ger contre le phishing ? Airbus Protect explique<\/div>\n    <p><p>[vc_row][vc_column][vc_column_text] Qu&rsquo;est-ce qu&rsquo;une attaque par hame\u00e7onnage et comment s&rsquo;en pr\u00e9munir ? Le phishing expliqu\u00e9 Le phishing est un type de cyberattaque ou de fraude en ligne dans lequel des personnes ou des entit\u00e9s malveillantes tentent de tromper les utilisateurs et de leur faire r\u00e9v\u00e9ler des informations sensibles, telles que des mots de passe, des num\u00e9ros [&hellip;]<\/p>\n<\/p>\n        <div id=\"conteneur_btReadMore\"><a href=\"https:\/\/www.protect.airbus.com\/fr\/blog\/comment-se-proteger-contre-le-phishing\/\" class=\"btReadMore\">En savoir plus<\/a><\/div><\/article>\n    <\/div>\n    <div class=\"conteneurLineMoreInsight\"><div class=\"lineMoreInsight\"><a href=\"\/fr\/informations\/\">d\u00e9couvrir<\/a><\/div><\/div>\n<\/div>\n[\/vc_column][\/vc_row]<\/p>\n<\/div>","protected":false},"excerpt":{"rendered":"<p>[vc_row][vc_column][vc_column_text h2_style=\u00a0\u00bbh2Big\u00a0\u00bb css=\u00a0\u00bb.vc_custom_1691156273272{margin-bottom: 0px !important;padding-bottom: 0px !important;}\u00a0\u00bb] Mod\u00e9lisation des cons\u00e9quences des ph\u00e9nom\u00e8nes accidentels [\/vc_column_text][vc_column_text p_style=\u00a0\u00bbpBig\u00a0\u00bb]De l&rsquo;atteinte \u00e0 la r\u00e9putation aux co\u00fbts impr\u00e9vus, l&rsquo;augmentation des risques et des menaces associ\u00e9s \u00e0 la conduite de projets industriels peut avoir des cons\u00e9quences dramatiques. C&rsquo;est pourquoi les strat\u00e9gies de gestion des risques industriels d&rsquo;aujourd&rsquo;hui requi\u00e8rent l&rsquo;attention du niveau C.[\/vc_column_text][vc_column_text [&hellip;]<\/p>\n","protected":false},"author":8,"featured_media":821,"parent":7284,"menu_order":0,"comment_status":"closed","ping_status":"closed","template":"","meta":{"_acf_changed":false,"content-type":"","_relevanssi_hide_post":"","_relevanssi_hide_content":"","_relevanssi_pin_for_all":"","_relevanssi_pin_keywords":"","_relevanssi_unpin_keywords":"","_relevanssi_related_keywords":"","_relevanssi_related_include_ids":"","_relevanssi_related_exclude_ids":"","_relevanssi_related_no_append":"","_relevanssi_related_not_related":"","_relevanssi_related_posts":"","_relevanssi_noindex_reason":"","footnotes":""},"class_list":["post-6652","page","type-page","status-publish","has-post-thumbnail","hentry"],"acf":[],"yoast_head":"<!-- This site is optimized with the Yoast SEO Premium plugin v27.4 (Yoast SEO v27.4) - https:\/\/yoast.com\/product\/yoast-seo-premium-wordpress\/ -->\n<title>Mod\u00e9lisation des ph\u00e9nom\u00e8nes dangereux - Airbus Protect<\/title>\n<meta name=\"description\" content=\"Airbus Protect aide votre organisation \u00e0 g\u00e9rer et \u00e0 r\u00e9duire les risques et \u00e0 pr\u00e9voir les cons\u00e9quences de ph\u00e9nom\u00e8nes dangereux.\" \/>\n<meta name=\"robots\" content=\"index, follow, max-snippet:-1, max-image-preview:large, max-video-preview:-1\" \/>\n<link rel=\"canonical\" href=\"https:\/\/www.protect.airbus.com\/fr\/sustainability\/modelisation-phenomenes-dangereux\/\" \/>\n<meta property=\"og:locale\" content=\"fr_FR\" \/>\n<meta property=\"og:type\" content=\"article\" \/>\n<meta property=\"og:title\" content=\"Mod\u00e9lisation des ph\u00e9nom\u00e8nes dangereux\" \/>\n<meta property=\"og:description\" content=\"Airbus Protect aide votre organisation \u00e0 g\u00e9rer et \u00e0 r\u00e9duire les risques et \u00e0 pr\u00e9voir les cons\u00e9quences de ph\u00e9nom\u00e8nes dangereux.\" \/>\n<meta property=\"og:url\" content=\"https:\/\/www.protect.airbus.com\/fr\/sustainability\/modelisation-phenomenes-dangereux\/\" \/>\n<meta property=\"og:site_name\" content=\"Airbus Protect\" \/>\n<meta property=\"article:modified_time\" content=\"2023-08-04T13:51:14+00:00\" \/>\n<meta property=\"og:image\" content=\"https:\/\/www.protect.airbus.com\/wp-content\/uploads\/2022\/06\/header-sustainability-sous-page.jpg\" \/>\n\t<meta property=\"og:image:width\" content=\"1920\" \/>\n\t<meta property=\"og:image:height\" content=\"358\" \/>\n\t<meta property=\"og:image:type\" content=\"image\/jpeg\" \/>\n<meta name=\"twitter:card\" content=\"summary_large_image\" \/>\n<meta name=\"twitter:label1\" content=\"Dur\u00e9e de lecture estim\u00e9e\" \/>\n\t<meta name=\"twitter:data1\" content=\"2 minutes\" \/>\n<script type=\"application\/ld+json\" class=\"yoast-schema-graph\">{\"@context\":\"https:\\\/\\\/schema.org\",\"@graph\":[{\"@type\":\"BlogPosting\",\"mainEntityOfPage\":{\"@type\":\"WebPage\",\"@id\":\"https:\\\/\\\/www.protect.airbus.com\\\/fr\\\/sustainability\\\/modelisation-phenomenes-dangereux\\\/\"},\"headline\":\"Comment se prot\u00e9ger contre le phishing ? Airbus Protect explique\",\"description\":\"\",\"author\":{\"@id\":\"https:\\\/\\\/www.protect.airbus.com\\\/#organization\"},\"publisher\":{\"@id\":\"https:\\\/\\\/www.protect.airbus.com\\\/#organization\"},\"image\":\"https:\\\/\\\/www.protect.airbus.com\\\/wp-content\\\/uploads\\\/2023\\\/10\\\/blog-banner.png\",\"datePublished\":\"2023-07-07T15:51:08+00:00\",\"dateModified\":\"2023-08-04T13:51:14+00:00\"},{\"@type\":\"WebPage\",\"@id\":\"https:\\\/\\\/www.protect.airbus.com\\\/fr\\\/sustainability\\\/modelisation-phenomenes-dangereux\\\/\",\"url\":\"https:\\\/\\\/www.protect.airbus.com\\\/fr\\\/sustainability\\\/modelisation-phenomenes-dangereux\\\/\",\"name\":\"Mod\u00e9lisation des ph\u00e9nom\u00e8nes dangereux - Airbus Protect\",\"isPartOf\":{\"@id\":\"https:\\\/\\\/www.protect.airbus.com\\\/fr\\\/#website\"},\"primaryImageOfPage\":{\"@id\":\"https:\\\/\\\/www.protect.airbus.com\\\/fr\\\/sustainability\\\/modelisation-phenomenes-dangereux\\\/#primaryimage\"},\"image\":{\"@id\":\"https:\\\/\\\/www.protect.airbus.com\\\/fr\\\/sustainability\\\/modelisation-phenomenes-dangereux\\\/#primaryimage\"},\"thumbnailUrl\":\"https:\\\/\\\/www.protect.airbus.com\\\/wp-content\\\/uploads\\\/2022\\\/06\\\/header-sustainability-sous-page.jpg\",\"datePublished\":\"2023-07-07T15:51:08+00:00\",\"dateModified\":\"2023-08-04T13:51:14+00:00\",\"description\":\"Airbus Protect aide votre organisation \u00e0 g\u00e9rer et \u00e0 r\u00e9duire les risques et \u00e0 pr\u00e9voir les cons\u00e9quences de ph\u00e9nom\u00e8nes dangereux.\",\"breadcrumb\":{\"@id\":\"https:\\\/\\\/www.protect.airbus.com\\\/fr\\\/sustainability\\\/modelisation-phenomenes-dangereux\\\/#breadcrumb\"},\"inLanguage\":\"fr-FR\",\"potentialAction\":[{\"@type\":\"ReadAction\",\"target\":[\"https:\\\/\\\/www.protect.airbus.com\\\/fr\\\/sustainability\\\/modelisation-phenomenes-dangereux\\\/\"]}]},{\"@type\":\"ImageObject\",\"inLanguage\":\"fr-FR\",\"@id\":\"https:\\\/\\\/www.protect.airbus.com\\\/fr\\\/sustainability\\\/modelisation-phenomenes-dangereux\\\/#primaryimage\",\"url\":\"https:\\\/\\\/www.protect.airbus.com\\\/wp-content\\\/uploads\\\/2022\\\/06\\\/header-sustainability-sous-page.jpg\",\"contentUrl\":\"https:\\\/\\\/www.protect.airbus.com\\\/wp-content\\\/uploads\\\/2022\\\/06\\\/header-sustainability-sous-page.jpg\",\"width\":1920,\"height\":358},{\"@type\":\"BreadcrumbList\",\"@id\":\"https:\\\/\\\/www.protect.airbus.com\\\/fr\\\/sustainability\\\/modelisation-phenomenes-dangereux\\\/#breadcrumb\",\"itemListElement\":[{\"@type\":\"ListItem\",\"position\":1,\"name\":\"Home\",\"item\":\"https:\\\/\\\/www.protect.airbus.com\\\/fr\\\/\"},{\"@type\":\"ListItem\",\"position\":2,\"name\":\"Sustainability\",\"item\":\"https:\\\/\\\/www.protect.airbus.com\\\/fr\\\/sustainability\\\/\"},{\"@type\":\"ListItem\",\"position\":3,\"name\":\"Mod\u00e9lisation des ph\u00e9nom\u00e8nes dangereux\"}]},{\"@type\":\"WebSite\",\"@id\":\"https:\\\/\\\/www.protect.airbus.com\\\/fr\\\/#website\",\"url\":\"https:\\\/\\\/www.protect.airbus.com\\\/fr\\\/\",\"name\":\"Airbus Protect\",\"description\":\"\",\"publisher\":{\"@id\":\"https:\\\/\\\/www.protect.airbus.com\\\/fr\\\/#organization\"},\"potentialAction\":[{\"@type\":\"SearchAction\",\"target\":{\"@type\":\"EntryPoint\",\"urlTemplate\":\"https:\\\/\\\/www.protect.airbus.com\\\/fr\\\/?s={search_term_string}\"},\"query-input\":{\"@type\":\"PropertyValueSpecification\",\"valueRequired\":true,\"valueName\":\"search_term_string\"}}],\"inLanguage\":\"fr-FR\"},{\"@type\":\"Organization\",\"@id\":\"https:\\\/\\\/www.protect.airbus.com\\\/fr\\\/#organization\",\"name\":\"Airbus Protect\",\"url\":\"https:\\\/\\\/www.protect.airbus.com\\\/fr\\\/\",\"logo\":{\"@type\":\"ImageObject\",\"inLanguage\":\"fr-FR\",\"@id\":\"https:\\\/\\\/www.protect.airbus.com\\\/fr\\\/#\\\/schema\\\/logo\\\/image\\\/\",\"url\":\"https:\\\/\\\/www.protect.airbus.com\\\/wp-content\\\/uploads\\\/2023\\\/05\\\/logo-airbus-protect-696-696.png\",\"contentUrl\":\"https:\\\/\\\/www.protect.airbus.com\\\/wp-content\\\/uploads\\\/2023\\\/05\\\/logo-airbus-protect-696-696.png\",\"width\":696,\"height\":696,\"caption\":\"Airbus Protect\"},\"image\":{\"@id\":\"https:\\\/\\\/www.protect.airbus.com\\\/fr\\\/#\\\/schema\\\/logo\\\/image\\\/\"},\"sameAs\":[\"https:\\\/\\\/www.linkedin.com\\\/company\\\/airbus-protect\\\/\",\"https:\\\/\\\/www.youtube.com\\\/@airbusprotect7483\"],\"contactPoint\":{\"@type\":\"ContactPoint\",\"email\":\"protect@airbus.com\",\"contactType\":\"customer service\",\"areaServed\":[\"GB\",\"FR\",\"ES\",\"DE\",\"BE\",\"CH\",\"PT\",\"DK\",\"AT\"],\"availableLanguage\":[\"en\",\"fr\",\"de\"]}}]}<\/script>\n<!-- \/ Yoast SEO Premium plugin. -->","yoast_head_json":{"title":"Mod\u00e9lisation des ph\u00e9nom\u00e8nes dangereux - Airbus Protect","description":"Airbus Protect aide votre organisation \u00e0 g\u00e9rer et \u00e0 r\u00e9duire les risques et \u00e0 pr\u00e9voir les cons\u00e9quences de ph\u00e9nom\u00e8nes dangereux.","robots":{"index":"index","follow":"follow","max-snippet":"max-snippet:-1","max-image-preview":"max-image-preview:large","max-video-preview":"max-video-preview:-1"},"canonical":"https:\/\/www.protect.airbus.com\/fr\/sustainability\/modelisation-phenomenes-dangereux\/","og_locale":"fr_FR","og_type":"article","og_title":"Mod\u00e9lisation des ph\u00e9nom\u00e8nes dangereux","og_description":"Airbus Protect aide votre organisation \u00e0 g\u00e9rer et \u00e0 r\u00e9duire les risques et \u00e0 pr\u00e9voir les cons\u00e9quences de ph\u00e9nom\u00e8nes dangereux.","og_url":"https:\/\/www.protect.airbus.com\/fr\/sustainability\/modelisation-phenomenes-dangereux\/","og_site_name":"Airbus Protect","article_modified_time":"2023-08-04T13:51:14+00:00","og_image":[{"width":1920,"height":358,"url":"https:\/\/www.protect.airbus.com\/wp-content\/uploads\/2022\/06\/header-sustainability-sous-page.jpg","type":"image\/jpeg"}],"twitter_card":"summary_large_image","twitter_misc":{"Dur\u00e9e de lecture estim\u00e9e":"2 minutes"},"schema":{"@context":"https:\/\/schema.org","@graph":[{"@type":"BlogPosting","mainEntityOfPage":{"@type":"WebPage","@id":"https:\/\/www.protect.airbus.com\/fr\/sustainability\/modelisation-phenomenes-dangereux\/"},"headline":"Comment se prot\u00e9ger contre le phishing ? Airbus Protect explique","description":"","author":{"@id":"https:\/\/www.protect.airbus.com\/#organization"},"publisher":{"@id":"https:\/\/www.protect.airbus.com\/#organization"},"image":"https:\/\/www.protect.airbus.com\/wp-content\/uploads\/2023\/10\/blog-banner.png","datePublished":"2023-07-07T15:51:08+00:00","dateModified":"2023-08-04T13:51:14+00:00"},{"@type":"WebPage","@id":"https:\/\/www.protect.airbus.com\/fr\/sustainability\/modelisation-phenomenes-dangereux\/","url":"https:\/\/www.protect.airbus.com\/fr\/sustainability\/modelisation-phenomenes-dangereux\/","name":"Mod\u00e9lisation des ph\u00e9nom\u00e8nes dangereux - Airbus Protect","isPartOf":{"@id":"https:\/\/www.protect.airbus.com\/fr\/#website"},"primaryImageOfPage":{"@id":"https:\/\/www.protect.airbus.com\/fr\/sustainability\/modelisation-phenomenes-dangereux\/#primaryimage"},"image":{"@id":"https:\/\/www.protect.airbus.com\/fr\/sustainability\/modelisation-phenomenes-dangereux\/#primaryimage"},"thumbnailUrl":"https:\/\/www.protect.airbus.com\/wp-content\/uploads\/2022\/06\/header-sustainability-sous-page.jpg","datePublished":"2023-07-07T15:51:08+00:00","dateModified":"2023-08-04T13:51:14+00:00","description":"Airbus Protect aide votre organisation \u00e0 g\u00e9rer et \u00e0 r\u00e9duire les risques et \u00e0 pr\u00e9voir les cons\u00e9quences de ph\u00e9nom\u00e8nes dangereux.","breadcrumb":{"@id":"https:\/\/www.protect.airbus.com\/fr\/sustainability\/modelisation-phenomenes-dangereux\/#breadcrumb"},"inLanguage":"fr-FR","potentialAction":[{"@type":"ReadAction","target":["https:\/\/www.protect.airbus.com\/fr\/sustainability\/modelisation-phenomenes-dangereux\/"]}]},{"@type":"ImageObject","inLanguage":"fr-FR","@id":"https:\/\/www.protect.airbus.com\/fr\/sustainability\/modelisation-phenomenes-dangereux\/#primaryimage","url":"https:\/\/www.protect.airbus.com\/wp-content\/uploads\/2022\/06\/header-sustainability-sous-page.jpg","contentUrl":"https:\/\/www.protect.airbus.com\/wp-content\/uploads\/2022\/06\/header-sustainability-sous-page.jpg","width":1920,"height":358},{"@type":"BreadcrumbList","@id":"https:\/\/www.protect.airbus.com\/fr\/sustainability\/modelisation-phenomenes-dangereux\/#breadcrumb","itemListElement":[{"@type":"ListItem","position":1,"name":"Home","item":"https:\/\/www.protect.airbus.com\/fr\/"},{"@type":"ListItem","position":2,"name":"Sustainability","item":"https:\/\/www.protect.airbus.com\/fr\/sustainability\/"},{"@type":"ListItem","position":3,"name":"Mod\u00e9lisation des ph\u00e9nom\u00e8nes dangereux"}]},{"@type":"WebSite","@id":"https:\/\/www.protect.airbus.com\/fr\/#website","url":"https:\/\/www.protect.airbus.com\/fr\/","name":"Airbus Protect","description":"","publisher":{"@id":"https:\/\/www.protect.airbus.com\/fr\/#organization"},"potentialAction":[{"@type":"SearchAction","target":{"@type":"EntryPoint","urlTemplate":"https:\/\/www.protect.airbus.com\/fr\/?s={search_term_string}"},"query-input":{"@type":"PropertyValueSpecification","valueRequired":true,"valueName":"search_term_string"}}],"inLanguage":"fr-FR"},{"@type":"Organization","@id":"https:\/\/www.protect.airbus.com\/fr\/#organization","name":"Airbus Protect","url":"https:\/\/www.protect.airbus.com\/fr\/","logo":{"@type":"ImageObject","inLanguage":"fr-FR","@id":"https:\/\/www.protect.airbus.com\/fr\/#\/schema\/logo\/image\/","url":"https:\/\/www.protect.airbus.com\/wp-content\/uploads\/2023\/05\/logo-airbus-protect-696-696.png","contentUrl":"https:\/\/www.protect.airbus.com\/wp-content\/uploads\/2023\/05\/logo-airbus-protect-696-696.png","width":696,"height":696,"caption":"Airbus Protect"},"image":{"@id":"https:\/\/www.protect.airbus.com\/fr\/#\/schema\/logo\/image\/"},"sameAs":["https:\/\/www.linkedin.com\/company\/airbus-protect\/","https:\/\/www.youtube.com\/@airbusprotect7483"],"contactPoint":{"@type":"ContactPoint","email":"protect@airbus.com","contactType":"customer service","areaServed":["GB","FR","ES","DE","BE","CH","PT","DK","AT"],"availableLanguage":["en","fr","de"]}}]}},"_links":{"self":[{"href":"https:\/\/www.protect.airbus.com\/fr\/wp-json\/wp\/v2\/pages\/6652","targetHints":{"allow":["GET"]}}],"collection":[{"href":"https:\/\/www.protect.airbus.com\/fr\/wp-json\/wp\/v2\/pages"}],"about":[{"href":"https:\/\/www.protect.airbus.com\/fr\/wp-json\/wp\/v2\/types\/page"}],"author":[{"embeddable":true,"href":"https:\/\/www.protect.airbus.com\/fr\/wp-json\/wp\/v2\/users\/8"}],"replies":[{"embeddable":true,"href":"https:\/\/www.protect.airbus.com\/fr\/wp-json\/wp\/v2\/comments?post=6652"}],"version-history":[{"count":4,"href":"https:\/\/www.protect.airbus.com\/fr\/wp-json\/wp\/v2\/pages\/6652\/revisions"}],"predecessor-version":[{"id":6656,"href":"https:\/\/www.protect.airbus.com\/fr\/wp-json\/wp\/v2\/pages\/6652\/revisions\/6656"}],"up":[{"embeddable":true,"href":"https:\/\/www.protect.airbus.com\/fr\/wp-json\/wp\/v2\/pages\/7284"}],"wp:featuredmedia":[{"embeddable":true,"href":"https:\/\/www.protect.airbus.com\/fr\/wp-json\/wp\/v2\/media\/821"}],"wp:attachment":[{"href":"https:\/\/www.protect.airbus.com\/fr\/wp-json\/wp\/v2\/media?parent=6652"}],"curies":[{"name":"wp","href":"https:\/\/api.w.org\/{rel}","templated":true}]}}