{"id":6648,"date":"2023-07-07T17:45:17","date_gmt":"2023-07-07T15:45:17","guid":{"rendered":"https:\/\/www.protect.airbus.com\/sustainability\/process-safety-management-safety-engineering\/"},"modified":"2024-05-21T17:42:57","modified_gmt":"2024-05-21T15:42:57","slug":"gestion-securite-procedes-ingenierie-securite","status":"publish","type":"page","link":"https:\/\/www.protect.airbus.com\/fr\/sustainability\/gestion-securite-procedes-ingenierie-securite\/","title":{"rendered":"Gestion de la s\u00e9curit\u00e9 des proc\u00e9d\u00e9s et ing\u00e9nierie de la s\u00e9curit\u00e9"},"content":{"rendered":"<div class=\"wpb-content-wrapper\"><p>[vc_row][vc_column][vc_column_text h2_style=\u00a0\u00bbh2Big\u00a0\u00bb css=\u00a0\u00bb.vc_custom_1691154959475{margin-bottom: 0px !important;padding-bottom: 0px !important;}\u00a0\u00bb]<\/p>\n<h2>Renforcer la s\u00fbret\u00e9 et la s\u00e9curit\u00e9 des installations industrielles<\/h2>\n<p>[\/vc_column_text][vc_column_text p_style=\u00a0\u00bbpBig\u00a0\u00bb]Outre l&rsquo;am\u00e9lioration progressive des processus et syst\u00e8mes existants, les efforts de d\u00e9carbonisation \u00e0 l&rsquo;\u00e9chelle mondiale n\u00e9cessiteront de nouveaux produits et services durables de par leur conception.<\/p>\n<p>Les entreprises capables de donner la priorit\u00e9 \u00e0 la transformation durable parall\u00e8lement \u00e0 la s\u00fbret\u00e9 et \u00e0 la s\u00e9curit\u00e9 deviendront les leaders de la prochaine \u00e8re \u00e9conomique.[\/vc_column_text][vc_column_text h2_style=\u00a0\u00bbh2Big\u00a0\u00bb css=\u00a0\u00bb.vc_custom_1691155031899{margin-bottom: 0px !important;padding-bottom: 0px !important;}\u00a0\u00bb]<\/p>\n<h3>Ouvrir la voie<\/h3>\n<p>[\/vc_column_text][vc_column_text p_style=\u00a0\u00bbpHighlight\u00a0\u00bb]Notre cadre d&rsquo;\u00e9valuation des risques est con\u00e7u pour identifier les expositions potentielles aux risques tout au long des processus &#8211; y compris la conception, la production, les op\u00e9rations, la maintenance et le recyclage.<\/p>\n<p>Notre pedigree industriel et d&rsquo;ing\u00e9nierie, associ\u00e9 \u00e0 nos capacit\u00e9s de gestion des risques, fait de nous un partenaire de confiance pour toute entreprise cherchant \u00e0 am\u00e9liorer ses performances en mati\u00e8re de s\u00fbret\u00e9 et de s\u00e9curit\u00e9.<\/p>\n<p>Airbus Protect \u00e9value les processus industriels et les infrastructures et donne des conseils sur la mani\u00e8re de maximiser leur efficacit\u00e9.<\/p>\n<p>Nos experts vous aideront \u00e9galement \u00e0 garantir la s\u00e9curit\u00e9 de la production, du transport, du stockage et de la distribution de l&rsquo;hydrog\u00e8ne et d&rsquo;autres \u00e9nergies renouvelables pour certaines des plus grandes entreprises du monde.[\/vc_column_text][vc_column_text h2_style=\u00a0\u00bbh2Big\u00a0\u00bb css=\u00a0\u00bb.vc_custom_1691155108958{margin-bottom: 0px !important;padding-bottom: 0px !important;}\u00a0\u00bb]<\/p>\n<h3>Pourquoi Airbus Protect?<\/h3>\n<p>[\/vc_column_text][vc_column_text p_style=\u00a0\u00bbpHighlight\u00a0\u00bb]<span style=\"font-weight: 400;\">Dans le cadre de nos efforts pour am\u00e9liorer la s\u00fbret\u00e9 et la s\u00e9curit\u00e9 des installations industrielles et nucl\u00e9aires, les consid\u00e9rations suivantes sont primordiales :<\/span>[\/vc_column_text][vc_column_text]<\/p>\n<ul>\n<li><span style=\"font-weight: 400;\">\u00a0Identifier et analyser les risques et les vuln\u00e9rabilit\u00e9s<\/span><\/li>\n<li><span style=\"font-weight: 400;\">Adaptation des processus, des comportements et des mesures d&rsquo;att\u00e9nuation<\/span><\/li>\n<li><span style=\"font-weight: 400;\">Renforcement de la disponibilit\u00e9 des syst\u00e8mes de s\u00fbret\u00e9 et de s\u00e9curit\u00e9<\/span><\/li>\n<li><span style=\"font-weight: 400;\">D\u00e9finir et mettre en \u0153uvre des plans et des syst\u00e8mes de gestion solides<\/span><\/li>\n<li>Optimisation des co\u00fbts de maintenance et de r\u00e9paration<\/li>\n<li>Garantir des cha\u00eenes d&rsquo;approvisionnement en \u00e9nergie s\u00fbres et s\u00e9curis\u00e9es<\/li>\n<\/ul>\n<p>[\/vc_column_text][vc_column_text h2_style=\u00a0\u00bbh2Big\u00a0\u00bb css=\u00a0\u00bb.vc_custom_1691155283080{margin-bottom: 0px !important;padding-bottom: 0px !important;}\u00a0\u00bb]<\/p>\n<h3>Notre offre<\/h3>\n<p>[\/vc_column_text][vc_column_text p_style=\u00a0\u00bbpHighlight\u00a0\u00bb]<span style=\"font-weight: 400;\">Nos consultants, experts et formateurs hautement qualifi\u00e9s peuvent vous aider \u00e0 concevoir ou \u00e0 renforcer des installations industrielles de mani\u00e8re s\u00fbre et s\u00e9curis\u00e9e, tout en g\u00e9rant et en att\u00e9nuant les risques. Notre offre couvre :<\/span>[\/vc_column_text][vc_column_text]<\/p>\n<ul>\n<li><span style=\"font-weight: 400;\">Facilitation des \u00e9tudes HAZID, PRA, HAZOP, FMEA&#8230;<\/span><\/li>\n<li><span style=\"font-weight: 400;\">\u00c9valuation quantitative des risques (LOPA, QRA, FERA, OBRA&#8230;)<\/span><\/li>\n<li><span style=\"font-weight: 400;\">Analyse des risques d\u2019incendie (pour le nucl\u00e9aire et la d\u00e9fense)<\/span><\/li>\n<li><span style=\"font-weight: 400;\">Analyse de la vuln\u00e9rabilit\u00e9 du site\/b\u00e2timent par rapport aux effets thermiques, \u00e0 l&rsquo;explosion, \u00e0 la toxicit\u00e9 (nuage de gaz)<\/span><\/li>\n<li><span style=\"font-weight: 400;\">Analyse des risques li\u00e9s \u00e0 l&rsquo;hydrog\u00e8ne<\/span><\/li>\n<\/ul>\n<p>[\/vc_column_text]    <div class=\"hightlightBracket\">\n        <div class=\"glyphe\"><\/div>\n        <div class=\"highlight\"><p>Contactez-nous pour d\u00e9couvrir comment nous pouvons vous aider<\/p><\/div>\n    <\/div>\n    <div class=\"divBtCTA btAlignCenter\"><a href=\"https:\/\/www.protect.airbus.com\/fr\/contact\/\"  class=\"button btAuto\">Nous contacter<\/a><\/div><div class=\"whatsNew\" id=\"whatsnew_69e4bceba01ed\">\n    <div class=\"lineTitleFilter\">\n        <div id=\"conteneur_h2_WhatsNew\"><h2>Des nouveaut\u00e9s ?<\/h2><\/div>\n        <div id=\"conteneur_FiltreWhatsNew\">\n\t\t\t<div class=\"filterWhatsNew\"><span>Filtre<\/span>\n\t\t\t\t<ul>\n\t\t\t\t\t<li><button type=\"button\" class=\"btFilter bfFilterNews\" onclick=\"fctFilterWhatsNew('news','allCategories','whatsnew_69e4bceba01ed')\">Actualit\u00e9<\/button><\/li>\n\t\t\t\t\t<li><button type=\"button\" class=\"btFilter bfFilterWhitePaper\" onclick=\"fctFilterWhatsNew('whitepaper','allCategories','whatsnew_69e4bceba01ed')\">Livre blanc<\/button><\/li>\n\t\t\t\t\t<li><button type=\"button\" class=\"btFilter bfFilterBlog\" onclick=\"fctFilterWhatsNew('blog','allCategories','whatsnew_69e4bceba01ed')\">Blog<\/button><\/li>\n\t\t\t\t\t<li><button type=\"button\" class=\"btFilter bfFilterEvent\" onclick=\"fctFilterWhatsNew('event','allCategories','whatsnew_69e4bceba01ed')\">\u00c9v\u00e9nement<\/button><\/li>\n\t\t\t\t<\/ul><\/div>\n\t\t\t<div id=\"whathsnew_glyphe\"><\/div>\n\t\t<\/div>\n    <\/div>\n\t\n    <div class=\"listWhatsNew\">\n    <article id=\"whatsnew_item_17463\">\n    <span class=\"whatsNewType\">Blog<\/span>\n    <a href=\"https:\/\/www.protect.airbus.com\/fr\/blog\/la-realite-de-la-securisation-du-cloud\/\"><img loading=\"lazy\" decoding=\"async\" width=\"349\" height=\"189\" src=\"https:\/\/www.protect.airbus.com\/wp-content\/uploads\/2024\/07\/blog-banner-14-349x189.png\" class=\"attachment-post-bloc size-post-bloc wp-post-image\" alt=\"The naked truth about securing the cloud.\" \/><\/a>\n    <div class=\"titreWN\">La r\u00e9alit\u00e9 de la s\u00e9curisation du Cloud<\/div>\n    <p><p>[vc_row][vc_column][vc_column_text css=\u00a0\u00bb\u00a0\u00bb h3_couleur=\u00a0\u00bbh3Cybersecurity\u00a0\u00bb]Maintenant que toutes les entreprises utilisent le Cloud, qu&rsquo;il s&rsquo;agisse d&rsquo;un Cloud int\u00e9gral, hybride ou SaaS (Software-as-a-Service), elles s&rsquo;inqui\u00e8tent souvent de la s\u00e9curit\u00e9 et de la ma\u00eetrise de leurs flux et de leurs donn\u00e9es. On peut se dire que cela aurait d\u00fb \u00eatre une pr\u00e9occupation d\u00e8s le d\u00e9but et peut-\u00eatre m\u00eame avant mais, [&hellip;]<\/p>\n<\/p>\n        <div id=\"conteneur_btReadMore\"><a href=\"https:\/\/www.protect.airbus.com\/fr\/blog\/la-realite-de-la-securisation-du-cloud\/\" class=\"btReadMore\">En savoir plus<\/a><\/div><\/article>\n<article id=\"whatsnew_item_28816\">\n    <span class=\"whatsNewType\">Actualit\u00e9<\/span>\n    <a href=\"https:\/\/www.protect.airbus.com\/fr\/aeroport-toulouse-blagnac-et-airbus-protect-signent-un-contrat-strategique-en-cybersecurite\/\"><img loading=\"lazy\" decoding=\"async\" width=\"349\" height=\"189\" src=\"https:\/\/www.protect.airbus.com\/wp-content\/uploads\/2025\/05\/AdobeStock_505039341_Editorial_Use_Only-349x189.jpeg\" class=\"attachment-post-bloc size-post-bloc wp-post-image\" alt=\"aeroport de Toulouse-Blagnac\" \/><\/a>\n    <div class=\"titreWN\">A\u00e9roport Toulouse-Blagnac et Airbus Protect signent un contrat strat\u00e9gique en cybers\u00e9curit\u00e9<\/div>\n    <p><p>[vc_row][vc_column][vc_column_text css=\u00a0\u00bb\u00a0\u00bb]Dans le cadre de cet accord, Airbus Protect fournira des solutions avanc\u00e9es de cybers\u00e9curit\u00e9, notamment des capacit\u00e9s de surveillance, de d\u00e9tection des menaces et de r\u00e9ponse en temps r\u00e9el. Cette initiative s\u2019inscrit dans l\u2019objectif commun de renforcer la r\u00e9silience de l\u2019\u00e9cosyst\u00e8me de l\u2019aviation et de favoriser un environnement s\u00e9curis\u00e9 pour toutes les parties prenantes. [&hellip;]<\/p>\n<\/p>\n        <div id=\"conteneur_btReadMore\"><a href=\"https:\/\/www.protect.airbus.com\/fr\/aeroport-toulouse-blagnac-et-airbus-protect-signent-un-contrat-strategique-en-cybersecurite\/\" class=\"btReadMore\">En savoir plus<\/a><\/div><\/article>\n<article id=\"whatsnew_item_14569\">\n    <span class=\"whatsNewType\">Actualit\u00e9<\/span>\n    <a href=\"https:\/\/www.protect.airbus.com\/fr\/renewal-of-qualiopi-certification-2024\/\"><img loading=\"lazy\" decoding=\"async\" width=\"349\" height=\"189\" src=\"https:\/\/www.protect.airbus.com\/wp-content\/uploads\/2023\/05\/AdobeStock_663483848-349x189.jpeg\" class=\"attachment-post-bloc size-post-bloc wp-post-image\" alt=\"shaking hands\" \/><\/a>\n    <div class=\"titreWN\">Renouvellement de la certification Qualiopi pour les formations Airbus Protect pour 2024<\/div>\n    <p><p>[vc_row][vc_column][vc_column_text css=\u00a0\u00bb\u00a0\u00bb]Notre engagement continu envers la qualit\u00e9 et l&rsquo;am\u00e9lioration de nos services de formation a \u00e9t\u00e9 reconnu pour une ann\u00e9e suppl\u00e9mentaire.\u00a0 L\u2019organisme de formation d\u2019Airbus Protect a r\u00e9cemment vu sa certification Qualiopi renouvel\u00e9e par un organisme de certification de la qualit\u00e9 des prestataires de formation professionnelle. Gr\u00e2ce \u00e0 cette certification, les clients bas\u00e9s en France [&hellip;]<\/p>\n<\/p>\n        <div id=\"conteneur_btReadMore\"><a href=\"https:\/\/www.protect.airbus.com\/fr\/renewal-of-qualiopi-certification-2024\/\" class=\"btReadMore\">En savoir plus<\/a><\/div><\/article>\n    <\/div>\n    <div class=\"conteneurLineMoreInsight\"><div class=\"lineMoreInsight\"><a href=\"\/fr\/informations\/\">d\u00e9couvrir<\/a><\/div><\/div>\n<\/div>\n[\/vc_column][\/vc_row]<\/p>\n<\/div>","protected":false},"excerpt":{"rendered":"<p>[vc_row][vc_column][vc_column_text h2_style=\u00a0\u00bbh2Big\u00a0\u00bb css=\u00a0\u00bb.vc_custom_1691154959475{margin-bottom: 0px !important;padding-bottom: 0px !important;}\u00a0\u00bb] Renforcer la s\u00fbret\u00e9 et la s\u00e9curit\u00e9 des installations industrielles [\/vc_column_text][vc_column_text p_style=\u00a0\u00bbpBig\u00a0\u00bb]Outre l&rsquo;am\u00e9lioration progressive des processus et syst\u00e8mes existants, les efforts de d\u00e9carbonisation \u00e0 l&rsquo;\u00e9chelle mondiale n\u00e9cessiteront de nouveaux produits et services durables de par leur conception. Les entreprises capables de donner la priorit\u00e9 \u00e0 la transformation durable parall\u00e8lement [&hellip;]<\/p>\n","protected":false},"author":8,"featured_media":821,"parent":7284,"menu_order":0,"comment_status":"closed","ping_status":"closed","template":"","meta":{"_acf_changed":false,"content-type":"","_relevanssi_hide_post":"","_relevanssi_hide_content":"","_relevanssi_pin_for_all":"","_relevanssi_pin_keywords":"","_relevanssi_unpin_keywords":"","_relevanssi_related_keywords":"","_relevanssi_related_include_ids":"","_relevanssi_related_exclude_ids":"","_relevanssi_related_no_append":"","_relevanssi_related_not_related":"","_relevanssi_related_posts":"","_relevanssi_noindex_reason":"","footnotes":""},"class_list":["post-6648","page","type-page","status-publish","has-post-thumbnail","hentry"],"acf":[],"yoast_head":"<!-- This site is optimized with the Yoast SEO Premium plugin v27.3 (Yoast SEO v27.3) - https:\/\/yoast.com\/product\/yoast-seo-premium-wordpress\/ -->\n<title>Management de la s\u00e9curit\u00e9 des proc\u00e9d\u00e9s et ing\u00e9nierie<\/title>\n<meta name=\"description\" content=\"Les experts d&#039;Airbus Protect peuvent aider votre organisation \u00e0 am\u00e9liorer les performances en mati\u00e8re de s\u00fbret\u00e9 et de s\u00e9curit\u00e9 industrielle.\" \/>\n<meta name=\"robots\" content=\"index, follow, max-snippet:-1, max-image-preview:large, max-video-preview:-1\" \/>\n<link rel=\"canonical\" href=\"https:\/\/www.protect.airbus.com\/fr\/sustainability\/gestion-securite-procedes-ingenierie-securite\/\" \/>\n<meta property=\"og:locale\" content=\"fr_FR\" \/>\n<meta property=\"og:type\" content=\"article\" \/>\n<meta property=\"og:title\" content=\"Gestion de la s\u00e9curit\u00e9 des proc\u00e9d\u00e9s et ing\u00e9nierie de la s\u00e9curit\u00e9\" \/>\n<meta property=\"og:description\" content=\"Les experts d&#039;Airbus Protect peuvent aider votre organisation \u00e0 am\u00e9liorer les performances en mati\u00e8re de s\u00fbret\u00e9 et de s\u00e9curit\u00e9 industrielle.\" \/>\n<meta property=\"og:url\" content=\"https:\/\/www.protect.airbus.com\/fr\/sustainability\/gestion-securite-procedes-ingenierie-securite\/\" \/>\n<meta property=\"og:site_name\" content=\"Airbus Protect\" \/>\n<meta property=\"article:modified_time\" content=\"2024-05-21T15:42:57+00:00\" \/>\n<meta property=\"og:image\" content=\"https:\/\/www.protect.airbus.com\/wp-content\/uploads\/2022\/06\/header-sustainability-sous-page.jpg\" \/>\n\t<meta property=\"og:image:width\" content=\"1920\" \/>\n\t<meta property=\"og:image:height\" content=\"358\" \/>\n\t<meta property=\"og:image:type\" content=\"image\/jpeg\" \/>\n<meta name=\"twitter:card\" content=\"summary_large_image\" \/>\n<meta name=\"twitter:label1\" content=\"Dur\u00e9e de lecture estim\u00e9e\" \/>\n\t<meta name=\"twitter:data1\" content=\"2 minutes\" \/>\n<script type=\"application\/ld+json\" class=\"yoast-schema-graph\">{\"@context\":\"https:\\\/\\\/schema.org\",\"@graph\":[{\"@type\":\"WebPage\",\"@id\":\"https:\\\/\\\/www.protect.airbus.com\\\/fr\\\/sustainability\\\/gestion-securite-procedes-ingenierie-securite\\\/\",\"url\":\"https:\\\/\\\/www.protect.airbus.com\\\/fr\\\/sustainability\\\/gestion-securite-procedes-ingenierie-securite\\\/\",\"name\":\"Management de la s\u00e9curit\u00e9 des proc\u00e9d\u00e9s et ing\u00e9nierie\",\"isPartOf\":{\"@id\":\"https:\\\/\\\/www.protect.airbus.com\\\/fr\\\/#website\"},\"primaryImageOfPage\":{\"@id\":\"https:\\\/\\\/www.protect.airbus.com\\\/fr\\\/sustainability\\\/gestion-securite-procedes-ingenierie-securite\\\/#primaryimage\"},\"image\":{\"@id\":\"https:\\\/\\\/www.protect.airbus.com\\\/fr\\\/sustainability\\\/gestion-securite-procedes-ingenierie-securite\\\/#primaryimage\"},\"thumbnailUrl\":\"https:\\\/\\\/www.protect.airbus.com\\\/wp-content\\\/uploads\\\/2022\\\/06\\\/header-sustainability-sous-page.jpg\",\"datePublished\":\"2023-07-07T15:45:17+00:00\",\"dateModified\":\"2024-05-21T15:42:57+00:00\",\"description\":\"Les experts d'Airbus Protect peuvent aider votre organisation \u00e0 am\u00e9liorer les performances en mati\u00e8re de s\u00fbret\u00e9 et de s\u00e9curit\u00e9 industrielle.\",\"breadcrumb\":{\"@id\":\"https:\\\/\\\/www.protect.airbus.com\\\/fr\\\/sustainability\\\/gestion-securite-procedes-ingenierie-securite\\\/#breadcrumb\"},\"inLanguage\":\"fr-FR\",\"potentialAction\":[{\"@type\":\"ReadAction\",\"target\":[\"https:\\\/\\\/www.protect.airbus.com\\\/fr\\\/sustainability\\\/gestion-securite-procedes-ingenierie-securite\\\/\"]}]},{\"@type\":\"ImageObject\",\"inLanguage\":\"fr-FR\",\"@id\":\"https:\\\/\\\/www.protect.airbus.com\\\/fr\\\/sustainability\\\/gestion-securite-procedes-ingenierie-securite\\\/#primaryimage\",\"url\":\"https:\\\/\\\/www.protect.airbus.com\\\/wp-content\\\/uploads\\\/2022\\\/06\\\/header-sustainability-sous-page.jpg\",\"contentUrl\":\"https:\\\/\\\/www.protect.airbus.com\\\/wp-content\\\/uploads\\\/2022\\\/06\\\/header-sustainability-sous-page.jpg\",\"width\":1920,\"height\":358},{\"@type\":\"BreadcrumbList\",\"@id\":\"https:\\\/\\\/www.protect.airbus.com\\\/fr\\\/sustainability\\\/gestion-securite-procedes-ingenierie-securite\\\/#breadcrumb\",\"itemListElement\":[{\"@type\":\"ListItem\",\"position\":1,\"name\":\"Home\",\"item\":\"https:\\\/\\\/www.protect.airbus.com\\\/fr\\\/\"},{\"@type\":\"ListItem\",\"position\":2,\"name\":\"Sustainability\",\"item\":\"https:\\\/\\\/www.protect.airbus.com\\\/fr\\\/sustainability\\\/\"},{\"@type\":\"ListItem\",\"position\":3,\"name\":\"Gestion de la s\u00e9curit\u00e9 des proc\u00e9d\u00e9s et ing\u00e9nierie de la s\u00e9curit\u00e9\"}]},{\"@type\":\"WebSite\",\"@id\":\"https:\\\/\\\/www.protect.airbus.com\\\/fr\\\/#website\",\"url\":\"https:\\\/\\\/www.protect.airbus.com\\\/fr\\\/\",\"name\":\"Airbus Protect\",\"description\":\"\",\"publisher\":{\"@id\":\"https:\\\/\\\/www.protect.airbus.com\\\/fr\\\/#organization\"},\"potentialAction\":[{\"@type\":\"SearchAction\",\"target\":{\"@type\":\"EntryPoint\",\"urlTemplate\":\"https:\\\/\\\/www.protect.airbus.com\\\/fr\\\/?s={search_term_string}\"},\"query-input\":{\"@type\":\"PropertyValueSpecification\",\"valueRequired\":true,\"valueName\":\"search_term_string\"}}],\"inLanguage\":\"fr-FR\"},{\"@type\":\"Organization\",\"@id\":\"https:\\\/\\\/www.protect.airbus.com\\\/fr\\\/#organization\",\"name\":\"Airbus Protect\",\"url\":\"https:\\\/\\\/www.protect.airbus.com\\\/fr\\\/\",\"logo\":{\"@type\":\"ImageObject\",\"inLanguage\":\"fr-FR\",\"@id\":\"https:\\\/\\\/www.protect.airbus.com\\\/fr\\\/#\\\/schema\\\/logo\\\/image\\\/\",\"url\":\"https:\\\/\\\/www.protect.airbus.com\\\/wp-content\\\/uploads\\\/2023\\\/05\\\/logo-airbus-protect-696-696.png\",\"contentUrl\":\"https:\\\/\\\/www.protect.airbus.com\\\/wp-content\\\/uploads\\\/2023\\\/05\\\/logo-airbus-protect-696-696.png\",\"width\":696,\"height\":696,\"caption\":\"Airbus Protect\"},\"image\":{\"@id\":\"https:\\\/\\\/www.protect.airbus.com\\\/fr\\\/#\\\/schema\\\/logo\\\/image\\\/\"},\"sameAs\":[\"https:\\\/\\\/www.linkedin.com\\\/company\\\/airbus-protect\\\/\",\"https:\\\/\\\/www.youtube.com\\\/@airbusprotect7483\"],\"contactPoint\":{\"@type\":\"ContactPoint\",\"email\":\"protect@airbus.com\",\"contactType\":\"customer service\",\"areaServed\":[\"GB\",\"FR\",\"ES\",\"DE\",\"BE\",\"CH\",\"PT\",\"DK\",\"AT\"],\"availableLanguage\":[\"en\",\"fr\",\"de\"]}}]}<\/script>\n<!-- \/ Yoast SEO Premium plugin. -->","yoast_head_json":{"title":"Management de la s\u00e9curit\u00e9 des proc\u00e9d\u00e9s et ing\u00e9nierie","description":"Les experts d'Airbus Protect peuvent aider votre organisation \u00e0 am\u00e9liorer les performances en mati\u00e8re de s\u00fbret\u00e9 et de s\u00e9curit\u00e9 industrielle.","robots":{"index":"index","follow":"follow","max-snippet":"max-snippet:-1","max-image-preview":"max-image-preview:large","max-video-preview":"max-video-preview:-1"},"canonical":"https:\/\/www.protect.airbus.com\/fr\/sustainability\/gestion-securite-procedes-ingenierie-securite\/","og_locale":"fr_FR","og_type":"article","og_title":"Gestion de la s\u00e9curit\u00e9 des proc\u00e9d\u00e9s et ing\u00e9nierie de la s\u00e9curit\u00e9","og_description":"Les experts d'Airbus Protect peuvent aider votre organisation \u00e0 am\u00e9liorer les performances en mati\u00e8re de s\u00fbret\u00e9 et de s\u00e9curit\u00e9 industrielle.","og_url":"https:\/\/www.protect.airbus.com\/fr\/sustainability\/gestion-securite-procedes-ingenierie-securite\/","og_site_name":"Airbus Protect","article_modified_time":"2024-05-21T15:42:57+00:00","og_image":[{"width":1920,"height":358,"url":"https:\/\/www.protect.airbus.com\/wp-content\/uploads\/2022\/06\/header-sustainability-sous-page.jpg","type":"image\/jpeg"}],"twitter_card":"summary_large_image","twitter_misc":{"Dur\u00e9e de lecture estim\u00e9e":"2 minutes"},"schema":{"@context":"https:\/\/schema.org","@graph":[{"@type":"WebPage","@id":"https:\/\/www.protect.airbus.com\/fr\/sustainability\/gestion-securite-procedes-ingenierie-securite\/","url":"https:\/\/www.protect.airbus.com\/fr\/sustainability\/gestion-securite-procedes-ingenierie-securite\/","name":"Management de la s\u00e9curit\u00e9 des proc\u00e9d\u00e9s et ing\u00e9nierie","isPartOf":{"@id":"https:\/\/www.protect.airbus.com\/fr\/#website"},"primaryImageOfPage":{"@id":"https:\/\/www.protect.airbus.com\/fr\/sustainability\/gestion-securite-procedes-ingenierie-securite\/#primaryimage"},"image":{"@id":"https:\/\/www.protect.airbus.com\/fr\/sustainability\/gestion-securite-procedes-ingenierie-securite\/#primaryimage"},"thumbnailUrl":"https:\/\/www.protect.airbus.com\/wp-content\/uploads\/2022\/06\/header-sustainability-sous-page.jpg","datePublished":"2023-07-07T15:45:17+00:00","dateModified":"2024-05-21T15:42:57+00:00","description":"Les experts d'Airbus Protect peuvent aider votre organisation \u00e0 am\u00e9liorer les performances en mati\u00e8re de s\u00fbret\u00e9 et de s\u00e9curit\u00e9 industrielle.","breadcrumb":{"@id":"https:\/\/www.protect.airbus.com\/fr\/sustainability\/gestion-securite-procedes-ingenierie-securite\/#breadcrumb"},"inLanguage":"fr-FR","potentialAction":[{"@type":"ReadAction","target":["https:\/\/www.protect.airbus.com\/fr\/sustainability\/gestion-securite-procedes-ingenierie-securite\/"]}]},{"@type":"ImageObject","inLanguage":"fr-FR","@id":"https:\/\/www.protect.airbus.com\/fr\/sustainability\/gestion-securite-procedes-ingenierie-securite\/#primaryimage","url":"https:\/\/www.protect.airbus.com\/wp-content\/uploads\/2022\/06\/header-sustainability-sous-page.jpg","contentUrl":"https:\/\/www.protect.airbus.com\/wp-content\/uploads\/2022\/06\/header-sustainability-sous-page.jpg","width":1920,"height":358},{"@type":"BreadcrumbList","@id":"https:\/\/www.protect.airbus.com\/fr\/sustainability\/gestion-securite-procedes-ingenierie-securite\/#breadcrumb","itemListElement":[{"@type":"ListItem","position":1,"name":"Home","item":"https:\/\/www.protect.airbus.com\/fr\/"},{"@type":"ListItem","position":2,"name":"Sustainability","item":"https:\/\/www.protect.airbus.com\/fr\/sustainability\/"},{"@type":"ListItem","position":3,"name":"Gestion de la s\u00e9curit\u00e9 des proc\u00e9d\u00e9s et ing\u00e9nierie de la s\u00e9curit\u00e9"}]},{"@type":"WebSite","@id":"https:\/\/www.protect.airbus.com\/fr\/#website","url":"https:\/\/www.protect.airbus.com\/fr\/","name":"Airbus Protect","description":"","publisher":{"@id":"https:\/\/www.protect.airbus.com\/fr\/#organization"},"potentialAction":[{"@type":"SearchAction","target":{"@type":"EntryPoint","urlTemplate":"https:\/\/www.protect.airbus.com\/fr\/?s={search_term_string}"},"query-input":{"@type":"PropertyValueSpecification","valueRequired":true,"valueName":"search_term_string"}}],"inLanguage":"fr-FR"},{"@type":"Organization","@id":"https:\/\/www.protect.airbus.com\/fr\/#organization","name":"Airbus Protect","url":"https:\/\/www.protect.airbus.com\/fr\/","logo":{"@type":"ImageObject","inLanguage":"fr-FR","@id":"https:\/\/www.protect.airbus.com\/fr\/#\/schema\/logo\/image\/","url":"https:\/\/www.protect.airbus.com\/wp-content\/uploads\/2023\/05\/logo-airbus-protect-696-696.png","contentUrl":"https:\/\/www.protect.airbus.com\/wp-content\/uploads\/2023\/05\/logo-airbus-protect-696-696.png","width":696,"height":696,"caption":"Airbus Protect"},"image":{"@id":"https:\/\/www.protect.airbus.com\/fr\/#\/schema\/logo\/image\/"},"sameAs":["https:\/\/www.linkedin.com\/company\/airbus-protect\/","https:\/\/www.youtube.com\/@airbusprotect7483"],"contactPoint":{"@type":"ContactPoint","email":"protect@airbus.com","contactType":"customer service","areaServed":["GB","FR","ES","DE","BE","CH","PT","DK","AT"],"availableLanguage":["en","fr","de"]}}]}},"_links":{"self":[{"href":"https:\/\/www.protect.airbus.com\/fr\/wp-json\/wp\/v2\/pages\/6648","targetHints":{"allow":["GET"]}}],"collection":[{"href":"https:\/\/www.protect.airbus.com\/fr\/wp-json\/wp\/v2\/pages"}],"about":[{"href":"https:\/\/www.protect.airbus.com\/fr\/wp-json\/wp\/v2\/types\/page"}],"author":[{"embeddable":true,"href":"https:\/\/www.protect.airbus.com\/fr\/wp-json\/wp\/v2\/users\/8"}],"replies":[{"embeddable":true,"href":"https:\/\/www.protect.airbus.com\/fr\/wp-json\/wp\/v2\/comments?post=6648"}],"version-history":[{"count":5,"href":"https:\/\/www.protect.airbus.com\/fr\/wp-json\/wp\/v2\/pages\/6648\/revisions"}],"predecessor-version":[{"id":12408,"href":"https:\/\/www.protect.airbus.com\/fr\/wp-json\/wp\/v2\/pages\/6648\/revisions\/12408"}],"up":[{"embeddable":true,"href":"https:\/\/www.protect.airbus.com\/fr\/wp-json\/wp\/v2\/pages\/7284"}],"wp:featuredmedia":[{"embeddable":true,"href":"https:\/\/www.protect.airbus.com\/fr\/wp-json\/wp\/v2\/media\/821"}],"wp:attachment":[{"href":"https:\/\/www.protect.airbus.com\/fr\/wp-json\/wp\/v2\/media?parent=6648"}],"curies":[{"name":"wp","href":"https:\/\/api.w.org\/{rel}","templated":true}]}}