{"id":6644,"date":"2023-07-07T17:34:21","date_gmt":"2023-07-07T15:34:21","guid":{"rendered":"https:\/\/www.protect.airbus.com\/sustainability\/environmental-regulatory-studies\/"},"modified":"2023-08-04T15:00:39","modified_gmt":"2023-08-04T13:00:39","slug":"etudes-environnementales-reglementaires","status":"publish","type":"page","link":"https:\/\/www.protect.airbus.com\/fr\/sustainability\/etudes-environnementales-reglementaires\/","title":{"rendered":"\u00c9tudes environnementales et r\u00e9glementaires"},"content":{"rendered":"<div class=\"wpb-content-wrapper\"><p>[vc_row][vc_column][vc_column_text h2_style=\u00a0\u00bbh2Big\u00a0\u00bb css=\u00a0\u00bb.vc_custom_1691153725763{margin-bottom: 0px !important;padding-bottom: 0px !important;}\u00a0\u00bb]<\/p>\n<h2>Assurer de bout en bout le respect des contraintes r\u00e9glementaires applicables aux installations industrielles<\/h2>\n<p>[\/vc_column_text][vc_column_text p_style=\u00a0\u00bbpBig\u00a0\u00bb]<span style=\"font-weight: 400;\">Les pr\u00e9occupations environnementales croissantes se traduisent par des normes et des r\u00e9glementations plus strictes et en constante \u00e9volution. Cela rend la conformit\u00e9 environnementale et r\u00e9glementaire de plus en plus complexe, en particulier pour les entreprises industrielles.<\/span><\/p>\n<p><span style=\"font-weight: 400;\">Les strat\u00e9gies de gestion des risques industriels doivent faire l&rsquo;objet d&rsquo;une attention particuli\u00e8re afin d&rsquo;att\u00e9nuer les incidences sur l&rsquo;environnement et d&rsquo;assurer la continuit\u00e9 des activit\u00e9s.<\/span>[\/vc_column_text][vc_column_text h2_style=\u00a0\u00bbh2Big\u00a0\u00bb css=\u00a0\u00bb.vc_custom_1691153766798{margin-bottom: 0px !important;padding-bottom: 0px !important;}\u00a0\u00bb]<\/p>\n<h3>Ouvrir la voie<\/h3>\n<p>[\/vc_column_text][vc_column_text p_style=\u00a0\u00bbpHighlight\u00a0\u00bb]Avec plus de trois d\u00e9cennies d&rsquo;exp\u00e9rience en mati\u00e8re de s\u00e9curit\u00e9, de s\u00fbret\u00e9 et de durabilit\u00e9 pour les entreprises, nos \u00e9quipes pluridisciplinaires sont parfaitement plac\u00e9es pour aider \u00e0 assurer la conformit\u00e9 avec les r\u00e9glementations en vigueur.<\/p>\n<p>Qu&rsquo;il s&rsquo;agisse d&rsquo;ex\u00e9cuter des dossiers d&rsquo;autorisation pour des usines de biomasse ou de mener des analyses de s\u00e9curit\u00e9 pour des parcs \u00e9oliens, nous sommes un partenaire de confiance pour tout acteur industriel cherchant \u00e0 renforcer la r\u00e9silience de son activit\u00e9 tout en am\u00e9liorant la durabilit\u00e9 et la conformit\u00e9 aux r\u00e9glementations.[\/vc_column_text][vc_column_text h2_style=\u00a0\u00bbh2Big\u00a0\u00bb css=\u00a0\u00bb.vc_custom_1691153798826{margin-bottom: 0px !important;padding-bottom: 0px !important;}\u00a0\u00bb]<\/p>\n<h3>Pourquoi Airbus Protect?<\/h3>\n<p>[\/vc_column_text][vc_column_text p_style=\u00a0\u00bbpHighlight\u00a0\u00bb]Pour garantir la conformit\u00e9 environnementale et r\u00e9glementaire de toutes nos activit\u00e9s, nous nous concentrons sur les domaines suivants :[\/vc_column_text][vc_column_text]<\/p>\n<ul>\n<li style=\"font-weight: 400;\" aria-level=\"1\"><span style=\"font-weight: 400;\">Ma\u00eetrise de l&rsquo;impact des activit\u00e9s industrielles et nucl\u00e9aires sur l&rsquo;environnement<\/span><\/li>\n<li style=\"font-weight: 400;\" aria-level=\"1\"><span style=\"font-weight: 400;\">\u00a0Assurer la conformit\u00e9 r\u00e9glementaire avec la l\u00e9gislation ICPE et les exigences SEVESO<\/span><\/li>\n<li style=\"font-weight: 400;\" aria-level=\"1\"><span style=\"font-weight: 400;\">Fournir des conseils pour la r\u00e9duction des risques<\/span><\/li>\n<li style=\"font-weight: 400;\" aria-level=\"1\"><span style=\"font-weight: 400;\">Garantir la disponibilit\u00e9 op\u00e9rationnelle des sites de production<\/span><\/li>\n<li style=\"font-weight: 400;\" aria-level=\"1\"><span style=\"font-weight: 400;\">Promouvoir une culture d&rsquo;entreprise et de r\u00e9silience climatique<\/span><\/li>\n<\/ul>\n<p>[\/vc_column_text][vc_column_text h2_style=\u00a0\u00bbh2Big\u00a0\u00bb css=\u00a0\u00bb.vc_custom_1691153867500{margin-bottom: 0px !important;padding-bottom: 0px !important;}\u00a0\u00bb]<\/p>\n<h3>Notre offre<\/h3>\n<p>[\/vc_column_text][vc_column_text p_style=\u00a0\u00bbpHighlight\u00a0\u00bb]Nos consultants, experts et formateurs hautement qualifi\u00e9s peuvent vous aider \u00e0 g\u00e9rer et \u00e0 att\u00e9nuer les risques et \u00e0 am\u00e9liorer votre conformit\u00e9 aux normes et r\u00e9glementations environnementales. Notre offre couvre :[\/vc_column_text][vc_column_text]<\/p>\n<ul>\n<li style=\"font-weight: 400;\" aria-level=\"1\"><span style=\"font-weight: 400;\">\u00c9tudes d&rsquo;impact sur l&rsquo;environnement<\/span><\/li>\n<li style=\"font-weight: 400;\" aria-level=\"1\"><span style=\"font-weight: 400;\">\u00c9tudes des risques sanitaires<\/span><\/li>\n<li style=\"font-weight: 400;\" aria-level=\"1\"><span style=\"font-weight: 400;\">\u00c9tudes IED<\/span><\/li>\n<li style=\"font-weight: 400;\" aria-level=\"1\"><span style=\"font-weight: 400;\">\u00c9tudes de danger<\/span><\/li>\n<li style=\"font-weight: 400;\" aria-level=\"1\"><span style=\"font-weight: 400;\">Dossier d&rsquo;autorisation<\/span><\/li>\n<li style=\"font-weight: 400;\" aria-level=\"1\"><span style=\"font-weight: 400;\">\u00c9tudes sur les syst\u00e8mes instrument\u00e9s de s\u00e9curit\u00e9<\/span><\/li>\n<li style=\"font-weight: 400;\" aria-level=\"1\"><span style=\"font-weight: 400;\">Risque ATEX, DRPCE<\/span><\/li>\n<li style=\"font-weight: 400;\" aria-level=\"1\"><span style=\"font-weight: 400;\">Risque foudre<\/span><\/li>\n<li style=\"font-weight: 400;\" aria-level=\"1\"><span style=\"font-weight: 400;\">Transport s\u00e9curit\u00e9 des pipelines<\/span><\/li>\n<li style=\"font-weight: 400;\" aria-level=\"1\"><span style=\"font-weight: 400;\">S\u00e9curit\u00e9 pyrotechnique<\/span><\/li>\n<li style=\"font-weight: 400;\" aria-level=\"1\"><span style=\"font-weight: 400;\">Outils de cartographie<\/span><\/li>\n<li style=\"font-weight: 400;\" aria-level=\"1\"><span style=\"font-weight: 400;\">Soutien au PPRT<\/span><\/li>\n<li style=\"font-weight: 400;\" aria-level=\"1\"><span style=\"font-weight: 400;\">Plans d&rsquo;urgence (ERP) <\/span><\/li>\n<\/ul>\n<p>[\/vc_column_text]    <div class=\"hightlightBracket\">\n        <div class=\"glyphe\"><\/div>\n        <div class=\"highlight\"><p>Contactez-nous pour d\u00e9couvrir comment nous pouvons vous aider<\/p><\/div>\n    <\/div>\n    <div class=\"divBtCTA btAlignCenter\"><a href=\"https:\/\/www.protect.airbus.com\/fr\/contact\/\"  class=\"button btAuto\">Nous contacter<\/a><\/div><div class=\"whatsNew\" id=\"whatsnew_69d2889745fad\">\n    <div class=\"lineTitleFilter\">\n        <div id=\"conteneur_h2_WhatsNew\"><h2>Des nouveaut\u00e9s ?<\/h2><\/div>\n        <div id=\"conteneur_FiltreWhatsNew\">\n\t\t\t<div class=\"filterWhatsNew\"><span>Filtre<\/span>\n\t\t\t\t<ul>\n\t\t\t\t\t<li><button type=\"button\" class=\"btFilter bfFilterNews\" onclick=\"fctFilterWhatsNew('news','allCategories','whatsnew_69d2889745fad')\">Actualit\u00e9<\/button><\/li>\n\t\t\t\t\t<li><button type=\"button\" class=\"btFilter bfFilterWhitePaper\" onclick=\"fctFilterWhatsNew('whitepaper','allCategories','whatsnew_69d2889745fad')\">Livre blanc<\/button><\/li>\n\t\t\t\t\t<li><button type=\"button\" class=\"btFilter bfFilterBlog\" onclick=\"fctFilterWhatsNew('blog','allCategories','whatsnew_69d2889745fad')\">Blog<\/button><\/li>\n\t\t\t\t\t<li><button type=\"button\" class=\"btFilter bfFilterEvent\" onclick=\"fctFilterWhatsNew('event','allCategories','whatsnew_69d2889745fad')\">\u00c9v\u00e9nement<\/button><\/li>\n\t\t\t\t<\/ul><\/div>\n\t\t\t<div id=\"whathsnew_glyphe\"><\/div>\n\t\t<\/div>\n    <\/div>\n\t\n    <div class=\"listWhatsNew\">\n    <article id=\"whatsnew_item_28816\">\n    <span class=\"whatsNewType\">Actualit\u00e9<\/span>\n    <a href=\"https:\/\/www.protect.airbus.com\/fr\/aeroport-toulouse-blagnac-et-airbus-protect-signent-un-contrat-strategique-en-cybersecurite\/\"><img loading=\"lazy\" decoding=\"async\" width=\"349\" height=\"189\" src=\"https:\/\/www.protect.airbus.com\/wp-content\/uploads\/2025\/05\/AdobeStock_505039341_Editorial_Use_Only-349x189.jpeg\" class=\"attachment-post-bloc size-post-bloc wp-post-image\" alt=\"aeroport de Toulouse-Blagnac\" \/><\/a>\n    <div class=\"titreWN\">A\u00e9roport Toulouse-Blagnac et Airbus Protect signent un contrat strat\u00e9gique en cybers\u00e9curit\u00e9<\/div>\n    <p><p>[vc_row][vc_column][vc_column_text css=\u00a0\u00bb\u00a0\u00bb]Dans le cadre de cet accord, Airbus Protect fournira des solutions avanc\u00e9es de cybers\u00e9curit\u00e9, notamment des capacit\u00e9s de surveillance, de d\u00e9tection des menaces et de r\u00e9ponse en temps r\u00e9el. Cette initiative s\u2019inscrit dans l\u2019objectif commun de renforcer la r\u00e9silience de l\u2019\u00e9cosyst\u00e8me de l\u2019aviation et de favoriser un environnement s\u00e9curis\u00e9 pour toutes les parties prenantes. [&hellip;]<\/p>\n<\/p>\n        <div id=\"conteneur_btReadMore\"><a href=\"https:\/\/www.protect.airbus.com\/fr\/aeroport-toulouse-blagnac-et-airbus-protect-signent-un-contrat-strategique-en-cybersecurite\/\" class=\"btReadMore\">En savoir plus<\/a><\/div><\/article>\n<article id=\"whatsnew_item_4268\">\n    <span class=\"whatsNewType\">Blog<\/span>\n    <a href=\"https:\/\/www.protect.airbus.com\/fr\/blog\/cybersecurity-consultant-career-interview\/\"><img loading=\"lazy\" decoding=\"async\" width=\"349\" height=\"189\" src=\"https:\/\/www.protect.airbus.com\/wp-content\/uploads\/2022\/12\/women_in_stem_cybersecurity_analyst-349x189.jpeg\" class=\"attachment-post-bloc size-post-bloc wp-post-image\" alt=\"woman_working_cybersecurity\" \/><\/a>\n    <div class=\"titreWN\">Femmes dans les STEM : Sunaina Aytan, consultante en cybers\u00e9curit\u00e9<\/div>\n    <p><p>[vc_row][vc_column][vc_column_text] Zoom sur le parcours de Sunaina Aytan, consultante en cybers\u00e9curit\u00e9 Parlez-nous de votre parcours professionnel jusqu\u2019\u00e0 pr\u00e9sent Un programme de stage pendant ma derni\u00e8re ann\u00e9e d\u2019universit\u00e9 m\u2019a fait d\u00e9couvrir le monde de la cyber, et je ne l\u2019ai jamais regrett\u00e9 ! Mon premier poste en tant que dipl\u00f4m\u00e9e \u00e9tait dans une soci\u00e9t\u00e9 de services [&hellip;]<\/p>\n<\/p>\n        <div id=\"conteneur_btReadMore\"><a href=\"https:\/\/www.protect.airbus.com\/fr\/blog\/cybersecurity-consultant-career-interview\/\" class=\"btReadMore\">En savoir plus<\/a><\/div><\/article>\n<article id=\"whatsnew_item_8729\">\n    <span class=\"whatsNewType\">Blog<\/span>\n    <a href=\"https:\/\/www.protect.airbus.com\/fr\/blog\/cyber-threat-intelligence-soc-moderne\/\"><img loading=\"lazy\" decoding=\"async\" width=\"349\" height=\"189\" src=\"https:\/\/www.protect.airbus.com\/wp-content\/uploads\/2023\/05\/AdobeStock_663126272-349x189.jpeg\" class=\"attachment-post-bloc size-post-bloc wp-post-image\" alt=\"experts working in a SOC\" \/><\/a>\n    <div class=\"titreWN\">Comment d\u00e9velopper une Cyber Threat Intelligence dans le cadre d&rsquo;un SOC moderne ?<\/div>\n    <p><p>D\u00e9couvrez comment utiliser la CTI comme Support Op\u00e9rationnel (partie 1) Introduction \u00e0 la Cyber Threat Intelligence : La Cyber \u200b\u200bThreat Intelligence est une discipline du renseignement appliqu\u00e9e au domaine cyber. Selon la doctrine analytique de Kent[1], le r\u00f4le des (Cyber) Intelligence Analysts est de fournir \u00abdes informations et des id\u00e9es pour les d\u00e9cideurs politiques et [&hellip;]<\/p>\n<\/p>\n        <div id=\"conteneur_btReadMore\"><a href=\"https:\/\/www.protect.airbus.com\/fr\/blog\/cyber-threat-intelligence-soc-moderne\/\" class=\"btReadMore\">En savoir plus<\/a><\/div><\/article>\n    <\/div>\n    <div class=\"conteneurLineMoreInsight\"><div class=\"lineMoreInsight\"><a href=\"\/fr\/informations\/\">d\u00e9couvrir<\/a><\/div><\/div>\n<\/div>\n[\/vc_column][\/vc_row]<\/p>\n<\/div>","protected":false},"excerpt":{"rendered":"<p>[vc_row][vc_column][vc_column_text h2_style=\u00a0\u00bbh2Big\u00a0\u00bb css=\u00a0\u00bb.vc_custom_1691153725763{margin-bottom: 0px !important;padding-bottom: 0px !important;}\u00a0\u00bb] Assurer de bout en bout le respect des contraintes r\u00e9glementaires applicables aux installations industrielles [\/vc_column_text][vc_column_text p_style=\u00a0\u00bbpBig\u00a0\u00bb]Les pr\u00e9occupations environnementales croissantes se traduisent par des normes et des r\u00e9glementations plus strictes et en constante \u00e9volution. Cela rend la conformit\u00e9 environnementale et r\u00e9glementaire de plus en plus complexe, en particulier pour [&hellip;]<\/p>\n","protected":false},"author":8,"featured_media":821,"parent":7284,"menu_order":0,"comment_status":"closed","ping_status":"closed","template":"","meta":{"_acf_changed":false,"content-type":"","_relevanssi_hide_post":"","_relevanssi_hide_content":"","_relevanssi_pin_for_all":"","_relevanssi_pin_keywords":"","_relevanssi_unpin_keywords":"","_relevanssi_related_keywords":"","_relevanssi_related_include_ids":"","_relevanssi_related_exclude_ids":"","_relevanssi_related_no_append":"","_relevanssi_related_not_related":"","_relevanssi_related_posts":"","_relevanssi_noindex_reason":"","footnotes":""},"class_list":["post-6644","page","type-page","status-publish","has-post-thumbnail","hentry"],"acf":[],"yoast_head":"<!-- This site is optimized with the Yoast SEO Premium plugin v27.2 (Yoast SEO v27.2) - https:\/\/yoast.com\/product\/yoast-seo-premium-wordpress\/ -->\n<title>\u00c9tudes environnementales et r\u00e9glementaires - Airbus Protect<\/title>\n<meta name=\"description\" content=\"Nos experts vous aide \u00e0 garantir la conformit\u00e9 environnementale et r\u00e9glementaire de toutes nos activit\u00e9s. Contactez Airbus Protect\" \/>\n<meta name=\"robots\" content=\"index, follow, max-snippet:-1, max-image-preview:large, max-video-preview:-1\" \/>\n<link rel=\"canonical\" href=\"https:\/\/www.protect.airbus.com\/fr\/sustainability\/etudes-environnementales-reglementaires\/\" \/>\n<meta property=\"og:locale\" content=\"fr_FR\" \/>\n<meta property=\"og:type\" content=\"article\" \/>\n<meta property=\"og:title\" content=\"\u00c9tudes environnementales et r\u00e9glementaires\" \/>\n<meta property=\"og:description\" content=\"Nos experts vous aide \u00e0 garantir la conformit\u00e9 environnementale et r\u00e9glementaire de toutes nos activit\u00e9s. Contactez Airbus Protect\" \/>\n<meta property=\"og:url\" content=\"https:\/\/www.protect.airbus.com\/fr\/sustainability\/etudes-environnementales-reglementaires\/\" \/>\n<meta property=\"og:site_name\" content=\"Airbus Protect\" \/>\n<meta property=\"article:modified_time\" content=\"2023-08-04T13:00:39+00:00\" \/>\n<meta property=\"og:image\" content=\"https:\/\/www.protect.airbus.com\/wp-content\/uploads\/2022\/06\/header-sustainability-sous-page.jpg\" \/>\n\t<meta property=\"og:image:width\" content=\"1920\" \/>\n\t<meta property=\"og:image:height\" content=\"358\" \/>\n\t<meta property=\"og:image:type\" content=\"image\/jpeg\" \/>\n<meta name=\"twitter:card\" content=\"summary_large_image\" \/>\n<meta name=\"twitter:label1\" content=\"Dur\u00e9e de lecture estim\u00e9e\" \/>\n\t<meta name=\"twitter:data1\" content=\"2 minutes\" \/>\n<script type=\"application\/ld+json\" class=\"yoast-schema-graph\">{\"@context\":\"https:\/\/schema.org\",\"@graph\":[{\"@type\":\"BlogPosting\",\"mainEntityOfPage\":{\"@type\":\"WebPage\",\"@id\":\"https:\/\/www.protect.airbus.com\/fr\/sustainability\/etudes-environnementales-reglementaires\/\"},\"headline\":\"Comment d\u00e9velopper une Cyber Threat Intelligence dans le cadre d&rsquo;un SOC moderne ?\",\"description\":\"\",\"author\":{\"@id\":\"https:\/\/www.protect.airbus.com\/#organization\"},\"publisher\":{\"@id\":\"https:\/\/www.protect.airbus.com\/#organization\"},\"image\":\"https:\/\/www.protect.airbus.com\/wp-content\/uploads\/2023\/05\/AdobeStock_663126272-scaled.jpeg\",\"datePublished\":\"2023-07-07T15:34:21+00:00\",\"dateModified\":\"2023-08-04T13:00:39+00:00\"},{\"@type\":\"WebPage\",\"@id\":\"https:\/\/www.protect.airbus.com\/fr\/sustainability\/etudes-environnementales-reglementaires\/\",\"url\":\"https:\/\/www.protect.airbus.com\/fr\/sustainability\/etudes-environnementales-reglementaires\/\",\"name\":\"\u00c9tudes environnementales et r\u00e9glementaires - Airbus Protect\",\"isPartOf\":{\"@id\":\"https:\/\/www.protect.airbus.com\/fr\/#website\"},\"primaryImageOfPage\":{\"@id\":\"https:\/\/www.protect.airbus.com\/fr\/sustainability\/etudes-environnementales-reglementaires\/#primaryimage\"},\"image\":{\"@id\":\"https:\/\/www.protect.airbus.com\/fr\/sustainability\/etudes-environnementales-reglementaires\/#primaryimage\"},\"thumbnailUrl\":\"https:\/\/www.protect.airbus.com\/wp-content\/uploads\/2022\/06\/header-sustainability-sous-page.jpg\",\"datePublished\":\"2023-07-07T15:34:21+00:00\",\"dateModified\":\"2023-08-04T13:00:39+00:00\",\"description\":\"Nos experts vous aide \u00e0 garantir la conformit\u00e9 environnementale et r\u00e9glementaire de toutes nos activit\u00e9s. Contactez Airbus Protect\",\"breadcrumb\":{\"@id\":\"https:\/\/www.protect.airbus.com\/fr\/sustainability\/etudes-environnementales-reglementaires\/#breadcrumb\"},\"inLanguage\":\"fr-FR\",\"potentialAction\":[{\"@type\":\"ReadAction\",\"target\":[\"https:\/\/www.protect.airbus.com\/fr\/sustainability\/etudes-environnementales-reglementaires\/\"]}]},{\"@type\":\"ImageObject\",\"inLanguage\":\"fr-FR\",\"@id\":\"https:\/\/www.protect.airbus.com\/fr\/sustainability\/etudes-environnementales-reglementaires\/#primaryimage\",\"url\":\"https:\/\/www.protect.airbus.com\/wp-content\/uploads\/2022\/06\/header-sustainability-sous-page.jpg\",\"contentUrl\":\"https:\/\/www.protect.airbus.com\/wp-content\/uploads\/2022\/06\/header-sustainability-sous-page.jpg\",\"width\":1920,\"height\":358},{\"@type\":\"BreadcrumbList\",\"@id\":\"https:\/\/www.protect.airbus.com\/fr\/sustainability\/etudes-environnementales-reglementaires\/#breadcrumb\",\"itemListElement\":[{\"@type\":\"ListItem\",\"position\":1,\"name\":\"Home\",\"item\":\"https:\/\/www.protect.airbus.com\/fr\/\"},{\"@type\":\"ListItem\",\"position\":2,\"name\":\"Sustainability\",\"item\":\"https:\/\/www.protect.airbus.com\/fr\/sustainability\/\"},{\"@type\":\"ListItem\",\"position\":3,\"name\":\"\u00c9tudes environnementales et r\u00e9glementaires\"}]},{\"@type\":\"WebSite\",\"@id\":\"https:\/\/www.protect.airbus.com\/fr\/#website\",\"url\":\"https:\/\/www.protect.airbus.com\/fr\/\",\"name\":\"Airbus Protect\",\"description\":\"\",\"publisher\":{\"@id\":\"https:\/\/www.protect.airbus.com\/fr\/#organization\"},\"potentialAction\":[{\"@type\":\"SearchAction\",\"target\":{\"@type\":\"EntryPoint\",\"urlTemplate\":\"https:\/\/www.protect.airbus.com\/fr\/?s={search_term_string}\"},\"query-input\":{\"@type\":\"PropertyValueSpecification\",\"valueRequired\":true,\"valueName\":\"search_term_string\"}}],\"inLanguage\":\"fr-FR\"},{\"@type\":\"Organization\",\"@id\":\"https:\/\/www.protect.airbus.com\/fr\/#organization\",\"name\":\"Airbus Protect\",\"url\":\"https:\/\/www.protect.airbus.com\/fr\/\",\"logo\":{\"@type\":\"ImageObject\",\"inLanguage\":\"fr-FR\",\"@id\":\"https:\/\/www.protect.airbus.com\/fr\/#\/schema\/logo\/image\/\",\"url\":\"https:\/\/www.protect.airbus.com\/wp-content\/uploads\/2023\/05\/logo-airbus-protect-696-696.png\",\"contentUrl\":\"https:\/\/www.protect.airbus.com\/wp-content\/uploads\/2023\/05\/logo-airbus-protect-696-696.png\",\"width\":696,\"height\":696,\"caption\":\"Airbus Protect\"},\"image\":{\"@id\":\"https:\/\/www.protect.airbus.com\/fr\/#\/schema\/logo\/image\/\"},\"sameAs\":[\"https:\/\/www.linkedin.com\/company\/airbus-protect\/\",\"https:\/\/www.youtube.com\/@airbusprotect7483\"],\"contactPoint\":{\"@type\":\"ContactPoint\",\"email\":\"protect@airbus.com\",\"contactType\":\"customer service\",\"areaServed\":[\"GB\",\"FR\",\"ES\",\"DE\",\"BE\",\"CH\",\"PT\",\"DK\",\"AT\"],\"availableLanguage\":[\"en\",\"fr\",\"de\"]}}]}<\/script>\n<!-- \/ Yoast SEO Premium plugin. -->","yoast_head_json":{"title":"\u00c9tudes environnementales et r\u00e9glementaires - Airbus Protect","description":"Nos experts vous aide \u00e0 garantir la conformit\u00e9 environnementale et r\u00e9glementaire de toutes nos activit\u00e9s. Contactez Airbus Protect","robots":{"index":"index","follow":"follow","max-snippet":"max-snippet:-1","max-image-preview":"max-image-preview:large","max-video-preview":"max-video-preview:-1"},"canonical":"https:\/\/www.protect.airbus.com\/fr\/sustainability\/etudes-environnementales-reglementaires\/","og_locale":"fr_FR","og_type":"article","og_title":"\u00c9tudes environnementales et r\u00e9glementaires","og_description":"Nos experts vous aide \u00e0 garantir la conformit\u00e9 environnementale et r\u00e9glementaire de toutes nos activit\u00e9s. Contactez Airbus Protect","og_url":"https:\/\/www.protect.airbus.com\/fr\/sustainability\/etudes-environnementales-reglementaires\/","og_site_name":"Airbus Protect","article_modified_time":"2023-08-04T13:00:39+00:00","og_image":[{"width":1920,"height":358,"url":"https:\/\/www.protect.airbus.com\/wp-content\/uploads\/2022\/06\/header-sustainability-sous-page.jpg","type":"image\/jpeg"}],"twitter_card":"summary_large_image","twitter_misc":{"Dur\u00e9e de lecture estim\u00e9e":"2 minutes"},"schema":{"@context":"https:\/\/schema.org","@graph":[{"@type":"BlogPosting","mainEntityOfPage":{"@type":"WebPage","@id":"https:\/\/www.protect.airbus.com\/fr\/sustainability\/etudes-environnementales-reglementaires\/"},"headline":"Comment d\u00e9velopper une Cyber Threat Intelligence dans le cadre d&rsquo;un SOC moderne ?","description":"","author":{"@id":"https:\/\/www.protect.airbus.com\/#organization"},"publisher":{"@id":"https:\/\/www.protect.airbus.com\/#organization"},"image":"https:\/\/www.protect.airbus.com\/wp-content\/uploads\/2023\/05\/AdobeStock_663126272-scaled.jpeg","datePublished":"2023-07-07T15:34:21+00:00","dateModified":"2023-08-04T13:00:39+00:00"},{"@type":"WebPage","@id":"https:\/\/www.protect.airbus.com\/fr\/sustainability\/etudes-environnementales-reglementaires\/","url":"https:\/\/www.protect.airbus.com\/fr\/sustainability\/etudes-environnementales-reglementaires\/","name":"\u00c9tudes environnementales et r\u00e9glementaires - Airbus Protect","isPartOf":{"@id":"https:\/\/www.protect.airbus.com\/fr\/#website"},"primaryImageOfPage":{"@id":"https:\/\/www.protect.airbus.com\/fr\/sustainability\/etudes-environnementales-reglementaires\/#primaryimage"},"image":{"@id":"https:\/\/www.protect.airbus.com\/fr\/sustainability\/etudes-environnementales-reglementaires\/#primaryimage"},"thumbnailUrl":"https:\/\/www.protect.airbus.com\/wp-content\/uploads\/2022\/06\/header-sustainability-sous-page.jpg","datePublished":"2023-07-07T15:34:21+00:00","dateModified":"2023-08-04T13:00:39+00:00","description":"Nos experts vous aide \u00e0 garantir la conformit\u00e9 environnementale et r\u00e9glementaire de toutes nos activit\u00e9s. Contactez Airbus Protect","breadcrumb":{"@id":"https:\/\/www.protect.airbus.com\/fr\/sustainability\/etudes-environnementales-reglementaires\/#breadcrumb"},"inLanguage":"fr-FR","potentialAction":[{"@type":"ReadAction","target":["https:\/\/www.protect.airbus.com\/fr\/sustainability\/etudes-environnementales-reglementaires\/"]}]},{"@type":"ImageObject","inLanguage":"fr-FR","@id":"https:\/\/www.protect.airbus.com\/fr\/sustainability\/etudes-environnementales-reglementaires\/#primaryimage","url":"https:\/\/www.protect.airbus.com\/wp-content\/uploads\/2022\/06\/header-sustainability-sous-page.jpg","contentUrl":"https:\/\/www.protect.airbus.com\/wp-content\/uploads\/2022\/06\/header-sustainability-sous-page.jpg","width":1920,"height":358},{"@type":"BreadcrumbList","@id":"https:\/\/www.protect.airbus.com\/fr\/sustainability\/etudes-environnementales-reglementaires\/#breadcrumb","itemListElement":[{"@type":"ListItem","position":1,"name":"Home","item":"https:\/\/www.protect.airbus.com\/fr\/"},{"@type":"ListItem","position":2,"name":"Sustainability","item":"https:\/\/www.protect.airbus.com\/fr\/sustainability\/"},{"@type":"ListItem","position":3,"name":"\u00c9tudes environnementales et r\u00e9glementaires"}]},{"@type":"WebSite","@id":"https:\/\/www.protect.airbus.com\/fr\/#website","url":"https:\/\/www.protect.airbus.com\/fr\/","name":"Airbus Protect","description":"","publisher":{"@id":"https:\/\/www.protect.airbus.com\/fr\/#organization"},"potentialAction":[{"@type":"SearchAction","target":{"@type":"EntryPoint","urlTemplate":"https:\/\/www.protect.airbus.com\/fr\/?s={search_term_string}"},"query-input":{"@type":"PropertyValueSpecification","valueRequired":true,"valueName":"search_term_string"}}],"inLanguage":"fr-FR"},{"@type":"Organization","@id":"https:\/\/www.protect.airbus.com\/fr\/#organization","name":"Airbus Protect","url":"https:\/\/www.protect.airbus.com\/fr\/","logo":{"@type":"ImageObject","inLanguage":"fr-FR","@id":"https:\/\/www.protect.airbus.com\/fr\/#\/schema\/logo\/image\/","url":"https:\/\/www.protect.airbus.com\/wp-content\/uploads\/2023\/05\/logo-airbus-protect-696-696.png","contentUrl":"https:\/\/www.protect.airbus.com\/wp-content\/uploads\/2023\/05\/logo-airbus-protect-696-696.png","width":696,"height":696,"caption":"Airbus Protect"},"image":{"@id":"https:\/\/www.protect.airbus.com\/fr\/#\/schema\/logo\/image\/"},"sameAs":["https:\/\/www.linkedin.com\/company\/airbus-protect\/","https:\/\/www.youtube.com\/@airbusprotect7483"],"contactPoint":{"@type":"ContactPoint","email":"protect@airbus.com","contactType":"customer service","areaServed":["GB","FR","ES","DE","BE","CH","PT","DK","AT"],"availableLanguage":["en","fr","de"]}}]}},"_links":{"self":[{"href":"https:\/\/www.protect.airbus.com\/fr\/wp-json\/wp\/v2\/pages\/6644","targetHints":{"allow":["GET"]}}],"collection":[{"href":"https:\/\/www.protect.airbus.com\/fr\/wp-json\/wp\/v2\/pages"}],"about":[{"href":"https:\/\/www.protect.airbus.com\/fr\/wp-json\/wp\/v2\/types\/page"}],"author":[{"embeddable":true,"href":"https:\/\/www.protect.airbus.com\/fr\/wp-json\/wp\/v2\/users\/8"}],"replies":[{"embeddable":true,"href":"https:\/\/www.protect.airbus.com\/fr\/wp-json\/wp\/v2\/comments?post=6644"}],"version-history":[{"count":3,"href":"https:\/\/www.protect.airbus.com\/fr\/wp-json\/wp\/v2\/pages\/6644\/revisions"}],"predecessor-version":[{"id":6647,"href":"https:\/\/www.protect.airbus.com\/fr\/wp-json\/wp\/v2\/pages\/6644\/revisions\/6647"}],"up":[{"embeddable":true,"href":"https:\/\/www.protect.airbus.com\/fr\/wp-json\/wp\/v2\/pages\/7284"}],"wp:featuredmedia":[{"embeddable":true,"href":"https:\/\/www.protect.airbus.com\/fr\/wp-json\/wp\/v2\/media\/821"}],"wp:attachment":[{"href":"https:\/\/www.protect.airbus.com\/fr\/wp-json\/wp\/v2\/media?parent=6644"}],"curies":[{"name":"wp","href":"https:\/\/api.w.org\/{rel}","templated":true}]}}