{"id":6246,"date":"2023-07-05T10:56:11","date_gmt":"2023-07-05T08:56:11","guid":{"rendered":"https:\/\/www.protect.airbus.com\/?page_id=6246"},"modified":"2024-09-30T16:25:56","modified_gmt":"2024-09-30T14:25:56","slug":"contact-safety","status":"publish","type":"page","link":"https:\/\/www.protect.airbus.com\/fr\/contact-safety\/","title":{"rendered":"Contact"},"content":{"rendered":"<div class=\"wpb-content-wrapper\"><p>[vc_row][vc_column][vc_column_text]<strong>Les champs marqu\u00e9s d&rsquo;un ast\u00e9risque sont obligatoires.<\/strong>[\/vc_column_text][vc_column_text]<form id=\"forminator-module-6238\" class=\"forminator-custom-form forminator-custom-form-6238\" method=\"post\" data-forminator-render=\"0\" data-uid=\"69d30afacd9ae\"><div role=\"alert\" aria-live=\"polite\" class=\"forminator-response-message forminator-error\" aria-hidden=\"true\"><\/div><\/form>[\/vc_column_text][vc_column_text css=\u00a0\u00bb\u00a0\u00bb]<strong>Mentions l\u00e9gales<\/strong><\/p>\n<p>Airbus Protect SAS (37 avenue Escadrille Normandie Niemen, 31700 Blagnac) recueille vos donn\u00e9es personnelles, notamment vos coordonn\u00e9es, afin de pouvoir vous recontacter. Les champs marqu\u00e9s d&rsquo;un ast\u00e9risque doivent \u00eatre renseign\u00e9s. Dans le cas contraire, nous ne serons pas en mesure de vous r\u00e9pondre. Pour toute question sur le traitement de vos donn\u00e9es personnelles ou pour exercer vos droits, veuillez utiliser cette adresse e-mail : airbus-protect-legal@airbus.com ou cette adresse postale : \u00ab Airbus Protect, Data Protection Manager, 37 Avenue Escadrille Normandie Niemen, 31700 Blagnac, France \u00bb.<\/p>\n<p>Pour en savoir plus sur le traitement de vos donn\u00e9es, veuillez consulter notre <a href=\"https:\/\/www.protect.airbus.com\/fr\/privacy-notice\/\">politique de confidentialit\u00e9<\/a>\u00a0et la\u00a0<a href=\"https:\/\/www.protect.airbus.com\/fr\/politique-de-cookies\/\">Politique de cookies<\/a>.[\/vc_column_text][\/vc_column][\/vc_row][vc_row disable_element=\u00a0\u00bbyes\u00a0\u00bb][vc_column][vc_column_text]<\/p>\n<h3><strong>Certificats et empreintes Airbus\u00a0Protect pour la communication chiffr\u00e9e par courrier \u00e9lectronique avec des partenaires externes<\/strong><\/h3>\n<p>[\/vc_column_text]<div class=\"divBtCTA btAlignCenter\"><a href=\"https:\/\/www.protect.airbus.com\/wp-content\/uploads\/2020\/02\/CyberSecurity-Sales-DACH_0x0C22147D_public.zip\" target=\"_blank\" class=\"button btGeneral\">T\u00e9l\u00e9charger la cl\u00e9 publique PGP<\/a><\/div>[vc_column_text]\u00c9mise pour : <a href=\"mailto:cybersecuritysales-dach@airbus.com\">cybersecuritysales-dach@airbus.com<\/a><\/p>\n<p>ID cl\u00e9\u00a0: 347E F84D 0C22 147D<\/p>\n<p>Empreinte\u00a0: 07A7 74BF FBD2 5F69 D767\u00a0 319D 347E F84D 0C22 147D<\/p>\n<p>Valable jusqu&rsquo;au\u00a0: 01\/07\/2024<\/p>\n<p>Type\u00a0: OpenPGP<\/p>\n<p>Conformit\u00e9\u00a0: Peut \u00eatre utilis\u00e9 pour la communication conforme VS-NfD[\/vc_column_text][\/vc_column][\/vc_row]<\/p>\n<\/div>","protected":false},"excerpt":{"rendered":"<p>[vc_row][vc_column][vc_column_text]Les champs marqu\u00e9s d&rsquo;un ast\u00e9risque sont obligatoires.[\/vc_column_text][vc_column_text][\/vc_column_text][vc_column_text css=\u00a0\u00bb\u00a0\u00bb]Mentions l\u00e9gales Airbus Protect SAS (37 avenue Escadrille Normandie Niemen, 31700 Blagnac) recueille vos donn\u00e9es personnelles, notamment vos coordonn\u00e9es, afin de pouvoir vous recontacter. Les champs marqu\u00e9s d&rsquo;un ast\u00e9risque doivent \u00eatre renseign\u00e9s. Dans le cas contraire, nous ne serons pas en mesure de vous r\u00e9pondre. Pour toute question [&hellip;]<\/p>\n","protected":false},"author":8,"featured_media":2141,"parent":0,"menu_order":0,"comment_status":"closed","ping_status":"closed","template":"","meta":{"_acf_changed":false,"content-type":"","_relevanssi_hide_post":"","_relevanssi_hide_content":"","_relevanssi_pin_for_all":"","_relevanssi_pin_keywords":"","_relevanssi_unpin_keywords":"","_relevanssi_related_keywords":"","_relevanssi_related_include_ids":"","_relevanssi_related_exclude_ids":"","_relevanssi_related_no_append":"","_relevanssi_related_not_related":"","_relevanssi_related_posts":"","_relevanssi_noindex_reason":"Yoast SEO","footnotes":""},"class_list":["post-6246","page","type-page","status-publish","has-post-thumbnail","hentry"],"acf":[],"yoast_head":"<!-- This site is optimized with the Yoast SEO Premium plugin v27.2 (Yoast SEO v27.2) - https:\/\/yoast.com\/product\/yoast-seo-premium-wordpress\/ -->\n<title>Contact - Airbus Protect<\/title>\n<meta name=\"robots\" content=\"noindex, follow\" \/>\n<meta property=\"og:locale\" content=\"fr_FR\" \/>\n<meta property=\"og:type\" content=\"article\" \/>\n<meta property=\"og:title\" content=\"Contact\" \/>\n<meta property=\"og:description\" content=\"[vc_row][vc_column][vc_column_text]Les champs marqu\u00e9s d&rsquo;un ast\u00e9risque sont obligatoires.[\/vc_column_text][vc_column_text][\/vc_column_text][vc_column_text css=\u00a0\u00bb\u00a0\u00bb]Mentions l\u00e9gales Airbus Protect SAS (37 avenue Escadrille Normandie Niemen, 31700 Blagnac) recueille vos donn\u00e9es personnelles, notamment vos coordonn\u00e9es, afin de pouvoir vous recontacter. Les champs marqu\u00e9s d&rsquo;un ast\u00e9risque doivent \u00eatre renseign\u00e9s. Dans le cas contraire, nous ne serons pas en mesure de vous r\u00e9pondre. Pour toute question [&hellip;]\" \/>\n<meta property=\"og:url\" content=\"https:\/\/www.protect.airbus.com\/fr\/contact-safety\/\" \/>\n<meta property=\"og:site_name\" content=\"Airbus Protect\" \/>\n<meta property=\"article:modified_time\" content=\"2024-09-30T14:25:56+00:00\" \/>\n<meta property=\"og:image\" content=\"https:\/\/www.protect.airbus.com\/wp-content\/uploads\/2022\/06\/header-contact.jpg\" \/>\n\t<meta property=\"og:image:width\" content=\"1920\" \/>\n\t<meta property=\"og:image:height\" content=\"577\" \/>\n\t<meta property=\"og:image:type\" content=\"image\/jpeg\" \/>\n<meta name=\"twitter:card\" content=\"summary_large_image\" \/>\n<meta name=\"twitter:label1\" content=\"Dur\u00e9e de lecture estim\u00e9e\" \/>\n\t<meta name=\"twitter:data1\" content=\"1 minute\" \/>\n<script type=\"application\/ld+json\" class=\"yoast-schema-graph\">{\"@context\":\"https:\/\/schema.org\",\"@graph\":[{\"@type\":\"WebPage\",\"@id\":\"https:\/\/www.protect.airbus.com\/fr\/contact-safety\/\",\"url\":\"https:\/\/www.protect.airbus.com\/fr\/contact-safety\/\",\"name\":\"Contact - Airbus Protect\",\"isPartOf\":{\"@id\":\"https:\/\/www.protect.airbus.com\/fr\/#website\"},\"primaryImageOfPage\":{\"@id\":\"https:\/\/www.protect.airbus.com\/fr\/contact-safety\/#primaryimage\"},\"image\":{\"@id\":\"https:\/\/www.protect.airbus.com\/fr\/contact-safety\/#primaryimage\"},\"thumbnailUrl\":\"https:\/\/www.protect.airbus.com\/wp-content\/uploads\/2022\/06\/header-contact.jpg\",\"datePublished\":\"2023-07-05T08:56:11+00:00\",\"dateModified\":\"2024-09-30T14:25:56+00:00\",\"breadcrumb\":{\"@id\":\"https:\/\/www.protect.airbus.com\/fr\/contact-safety\/#breadcrumb\"},\"inLanguage\":\"fr-FR\",\"potentialAction\":[{\"@type\":\"ReadAction\",\"target\":[\"https:\/\/www.protect.airbus.com\/fr\/contact-safety\/\"]}]},{\"@type\":\"ImageObject\",\"inLanguage\":\"fr-FR\",\"@id\":\"https:\/\/www.protect.airbus.com\/fr\/contact-safety\/#primaryimage\",\"url\":\"https:\/\/www.protect.airbus.com\/wp-content\/uploads\/2022\/06\/header-contact.jpg\",\"contentUrl\":\"https:\/\/www.protect.airbus.com\/wp-content\/uploads\/2022\/06\/header-contact.jpg\",\"width\":1920,\"height\":577},{\"@type\":\"BreadcrumbList\",\"@id\":\"https:\/\/www.protect.airbus.com\/fr\/contact-safety\/#breadcrumb\",\"itemListElement\":[{\"@type\":\"ListItem\",\"position\":1,\"name\":\"Home\",\"item\":\"https:\/\/www.protect.airbus.com\/fr\/\"},{\"@type\":\"ListItem\",\"position\":2,\"name\":\"Contact\"}]},{\"@type\":\"WebSite\",\"@id\":\"https:\/\/www.protect.airbus.com\/fr\/#website\",\"url\":\"https:\/\/www.protect.airbus.com\/fr\/\",\"name\":\"Airbus Protect\",\"description\":\"\",\"publisher\":{\"@id\":\"https:\/\/www.protect.airbus.com\/fr\/#organization\"},\"potentialAction\":[{\"@type\":\"SearchAction\",\"target\":{\"@type\":\"EntryPoint\",\"urlTemplate\":\"https:\/\/www.protect.airbus.com\/fr\/?s={search_term_string}\"},\"query-input\":{\"@type\":\"PropertyValueSpecification\",\"valueRequired\":true,\"valueName\":\"search_term_string\"}}],\"inLanguage\":\"fr-FR\"},{\"@type\":\"Organization\",\"@id\":\"https:\/\/www.protect.airbus.com\/fr\/#organization\",\"name\":\"Airbus Protect\",\"url\":\"https:\/\/www.protect.airbus.com\/fr\/\",\"logo\":{\"@type\":\"ImageObject\",\"inLanguage\":\"fr-FR\",\"@id\":\"https:\/\/www.protect.airbus.com\/fr\/#\/schema\/logo\/image\/\",\"url\":\"https:\/\/www.protect.airbus.com\/wp-content\/uploads\/2023\/05\/logo-airbus-protect-696-696.png\",\"contentUrl\":\"https:\/\/www.protect.airbus.com\/wp-content\/uploads\/2023\/05\/logo-airbus-protect-696-696.png\",\"width\":696,\"height\":696,\"caption\":\"Airbus Protect\"},\"image\":{\"@id\":\"https:\/\/www.protect.airbus.com\/fr\/#\/schema\/logo\/image\/\"},\"sameAs\":[\"https:\/\/www.linkedin.com\/company\/airbus-protect\/\",\"https:\/\/www.youtube.com\/@airbusprotect7483\"],\"contactPoint\":{\"@type\":\"ContactPoint\",\"email\":\"protect@airbus.com\",\"contactType\":\"customer service\",\"areaServed\":[\"GB\",\"FR\",\"ES\",\"DE\",\"BE\",\"CH\",\"PT\",\"DK\",\"AT\"],\"availableLanguage\":[\"en\",\"fr\",\"de\"]}}]}<\/script>\n<!-- \/ Yoast SEO Premium plugin. -->","yoast_head_json":{"title":"Contact - Airbus Protect","robots":{"index":"noindex","follow":"follow"},"og_locale":"fr_FR","og_type":"article","og_title":"Contact","og_description":"[vc_row][vc_column][vc_column_text]Les champs marqu\u00e9s d&rsquo;un ast\u00e9risque sont obligatoires.[\/vc_column_text][vc_column_text][\/vc_column_text][vc_column_text css=\u00a0\u00bb\u00a0\u00bb]Mentions l\u00e9gales Airbus Protect SAS (37 avenue Escadrille Normandie Niemen, 31700 Blagnac) recueille vos donn\u00e9es personnelles, notamment vos coordonn\u00e9es, afin de pouvoir vous recontacter. Les champs marqu\u00e9s d&rsquo;un ast\u00e9risque doivent \u00eatre renseign\u00e9s. Dans le cas contraire, nous ne serons pas en mesure de vous r\u00e9pondre. Pour toute question [&hellip;]","og_url":"https:\/\/www.protect.airbus.com\/fr\/contact-safety\/","og_site_name":"Airbus Protect","article_modified_time":"2024-09-30T14:25:56+00:00","og_image":[{"width":1920,"height":577,"url":"https:\/\/www.protect.airbus.com\/wp-content\/uploads\/2022\/06\/header-contact.jpg","type":"image\/jpeg"}],"twitter_card":"summary_large_image","twitter_misc":{"Dur\u00e9e de lecture estim\u00e9e":"1 minute"},"schema":{"@context":"https:\/\/schema.org","@graph":[{"@type":"WebPage","@id":"https:\/\/www.protect.airbus.com\/fr\/contact-safety\/","url":"https:\/\/www.protect.airbus.com\/fr\/contact-safety\/","name":"Contact - Airbus Protect","isPartOf":{"@id":"https:\/\/www.protect.airbus.com\/fr\/#website"},"primaryImageOfPage":{"@id":"https:\/\/www.protect.airbus.com\/fr\/contact-safety\/#primaryimage"},"image":{"@id":"https:\/\/www.protect.airbus.com\/fr\/contact-safety\/#primaryimage"},"thumbnailUrl":"https:\/\/www.protect.airbus.com\/wp-content\/uploads\/2022\/06\/header-contact.jpg","datePublished":"2023-07-05T08:56:11+00:00","dateModified":"2024-09-30T14:25:56+00:00","breadcrumb":{"@id":"https:\/\/www.protect.airbus.com\/fr\/contact-safety\/#breadcrumb"},"inLanguage":"fr-FR","potentialAction":[{"@type":"ReadAction","target":["https:\/\/www.protect.airbus.com\/fr\/contact-safety\/"]}]},{"@type":"ImageObject","inLanguage":"fr-FR","@id":"https:\/\/www.protect.airbus.com\/fr\/contact-safety\/#primaryimage","url":"https:\/\/www.protect.airbus.com\/wp-content\/uploads\/2022\/06\/header-contact.jpg","contentUrl":"https:\/\/www.protect.airbus.com\/wp-content\/uploads\/2022\/06\/header-contact.jpg","width":1920,"height":577},{"@type":"BreadcrumbList","@id":"https:\/\/www.protect.airbus.com\/fr\/contact-safety\/#breadcrumb","itemListElement":[{"@type":"ListItem","position":1,"name":"Home","item":"https:\/\/www.protect.airbus.com\/fr\/"},{"@type":"ListItem","position":2,"name":"Contact"}]},{"@type":"WebSite","@id":"https:\/\/www.protect.airbus.com\/fr\/#website","url":"https:\/\/www.protect.airbus.com\/fr\/","name":"Airbus Protect","description":"","publisher":{"@id":"https:\/\/www.protect.airbus.com\/fr\/#organization"},"potentialAction":[{"@type":"SearchAction","target":{"@type":"EntryPoint","urlTemplate":"https:\/\/www.protect.airbus.com\/fr\/?s={search_term_string}"},"query-input":{"@type":"PropertyValueSpecification","valueRequired":true,"valueName":"search_term_string"}}],"inLanguage":"fr-FR"},{"@type":"Organization","@id":"https:\/\/www.protect.airbus.com\/fr\/#organization","name":"Airbus Protect","url":"https:\/\/www.protect.airbus.com\/fr\/","logo":{"@type":"ImageObject","inLanguage":"fr-FR","@id":"https:\/\/www.protect.airbus.com\/fr\/#\/schema\/logo\/image\/","url":"https:\/\/www.protect.airbus.com\/wp-content\/uploads\/2023\/05\/logo-airbus-protect-696-696.png","contentUrl":"https:\/\/www.protect.airbus.com\/wp-content\/uploads\/2023\/05\/logo-airbus-protect-696-696.png","width":696,"height":696,"caption":"Airbus Protect"},"image":{"@id":"https:\/\/www.protect.airbus.com\/fr\/#\/schema\/logo\/image\/"},"sameAs":["https:\/\/www.linkedin.com\/company\/airbus-protect\/","https:\/\/www.youtube.com\/@airbusprotect7483"],"contactPoint":{"@type":"ContactPoint","email":"protect@airbus.com","contactType":"customer service","areaServed":["GB","FR","ES","DE","BE","CH","PT","DK","AT"],"availableLanguage":["en","fr","de"]}}]}},"_links":{"self":[{"href":"https:\/\/www.protect.airbus.com\/fr\/wp-json\/wp\/v2\/pages\/6246","targetHints":{"allow":["GET"]}}],"collection":[{"href":"https:\/\/www.protect.airbus.com\/fr\/wp-json\/wp\/v2\/pages"}],"about":[{"href":"https:\/\/www.protect.airbus.com\/fr\/wp-json\/wp\/v2\/types\/page"}],"author":[{"embeddable":true,"href":"https:\/\/www.protect.airbus.com\/fr\/wp-json\/wp\/v2\/users\/8"}],"replies":[{"embeddable":true,"href":"https:\/\/www.protect.airbus.com\/fr\/wp-json\/wp\/v2\/comments?post=6246"}],"version-history":[{"count":6,"href":"https:\/\/www.protect.airbus.com\/fr\/wp-json\/wp\/v2\/pages\/6246\/revisions"}],"predecessor-version":[{"id":17808,"href":"https:\/\/www.protect.airbus.com\/fr\/wp-json\/wp\/v2\/pages\/6246\/revisions\/17808"}],"wp:featuredmedia":[{"embeddable":true,"href":"https:\/\/www.protect.airbus.com\/fr\/wp-json\/wp\/v2\/media\/2141"}],"wp:attachment":[{"href":"https:\/\/www.protect.airbus.com\/fr\/wp-json\/wp\/v2\/media?parent=6246"}],"curies":[{"name":"wp","href":"https:\/\/api.w.org\/{rel}","templated":true}]}}