{"id":5563,"date":"2022-06-21T10:34:21","date_gmt":"2022-06-21T08:34:21","guid":{"rendered":"https:\/\/www.protect.airbus.com\/surete\/autonomous-vehicles\/"},"modified":"2024-01-25T17:44:20","modified_gmt":"2024-01-25T16:44:20","slug":"vehicules-autonomes","status":"publish","type":"page","link":"https:\/\/www.protect.airbus.com\/fr\/safety\/vehicules-autonomes\/","title":{"rendered":"V\u00e9hicules autonomes"},"content":{"rendered":"<div class=\"wpb-content-wrapper\"><p>[vc_row][vc_column][vc_column_text h2_style=\u00a0\u00bbh2Big\u00a0\u00bb css=\u00a0\u00bb.vc_custom_1688717908526{margin-bottom: 0px !important;padding-bottom: 0px !important;}\u00a0\u00bb]<\/p>\n<div class=\"docos-collapsible-replyview\">\n<div class=\"docos-replyview-static\">\n<h2 class=\"docos-replyview-body docos-anchoredreplyview-body docos-replyview-body-emoji-reactable docos-replyview-body-emoji-reactable-background\" dir=\"ltr\">La Safety au service des syst\u00e8mes de transport autonomes<\/h2>\n<\/div>\n<\/div>\n<p>[\/vc_column_text][vc_column_text p_style=\u00a0\u00bbpBig\u00a0\u00bb]Les syst\u00e8mes de transport autonomes, en association avec l\u2019\u00e9lectrification et la connectivit\u00e9 accrue, r\u00e9inventent la mobilit\u00e9 de demain. Ces syst\u00e8mes imposent toutefois aussi de nouvelles normes en mati\u00e8re de safety.<\/p>\n<p>De nombreux d\u00e9fis techniques, environnementaux et humains doivent encore \u00eatre relev\u00e9s avant d\u2019assister au d\u00e9ploiement s\u00fbr des v\u00e9hicules autonomes \u00e0 grande \u00e9chelle.[\/vc_column_text][vc_column_text h2_style=\u00a0\u00bbh2Big\u00a0\u00bb css=\u00a0\u00bb.vc_custom_1683207322876{margin-bottom: 0px !important;padding-bottom: 0px !important;}\u00a0\u00bb]<\/p>\n<h3>Ouvrir la voie<\/h3>\n<p>[\/vc_column_text][vc_column_text p_style=\u00a0\u00bbpHighlight\u00a0\u00bb]Chez Airbus Protect, nous soutenons l&rsquo;ensemble des acteurs dans le domaine du transport en les aidant \u00e0 surmonter les d\u00e9fis li\u00e9s \u00e0 la fiabilit\u00e9 et au soutien logistique int\u00e9gr\u00e9, en nous appuyant sur trois d\u00e9cennies d\u2019exp\u00e9rience dans la gestion des risques.<\/p>\n<p>Nous investissons en permanence dans la R&amp;D en cr\u00e9ant des cadres de validation de pointe pour les syst\u00e8mes de transport autonomes et en d\u00e9veloppement des capacit\u00e9s de mod\u00e9lisation et d\u2019int\u00e9gration afin de faire advenir un syst\u00e8me de syst\u00e8mes \u00e9volutif. Nos clients peuvent ainsi se hisser \u00e0 la pointe de la r\u00e9volution en mati\u00e8re de safety et ainsi ouvrir la voie \u00e0 l\u2019acceptation sociale et l\u2019adoption des v\u00e9hicules autonomes dans le monde d&rsquo;aujourd&rsquo;hui et de demain.[\/vc_column_text][vc_column_text h2_style=\u00a0\u00bbh2Big\u00a0\u00bb css=\u00a0\u00bb.vc_custom_1683207356802{margin-bottom: 0px !important;padding-bottom: 0px !important;}\u00a0\u00bb]<\/p>\n<h3>Pourquoi choisir Airbus\u00a0Protect\u00a0?<\/h3>\n<p>[\/vc_column_text][vc_column_text p_style=\u00a0\u00bbpHighlight\u00a0\u00bb]Notre m\u00e9thodologie se concentre sur la compr\u00e9hension des besoins propres \u00e0 chaque client et la personnalisation de la solution de safety. Cela signifie :[\/vc_column_text][vc_column_text]<\/p>\n<ul>\n<li><span style=\"font-weight: 400;\">Adopter une approche pluridisciplinaire<\/span><\/li>\n<li><span style=\"font-weight: 400;\">Am\u00e9liorer la fiabilit\u00e9 et la performance des syst\u00e8mes d\u2019Intelligence Artificielle et de gestion des donn\u00e9es<\/span><\/li>\n<li><span style=\"font-weight: 400;\">Mod\u00e9liser et simuler des d\u00e9fis sp\u00e9cifiques aux v\u00e9hicules autonomes (de MBSE \u00e0 MBSA)<\/span><\/li>\n<li><span style=\"font-weight: 400;\">Travailler en \u00e9troite collaboration avec des institutions internationales pour garantir le plus haut niveau de conformit\u00e9 aux r\u00e9glementations actuelles (ISO26262, SOTIF ISO 21448, ISO 50126 \u00e0 ISO 50129) et futures<\/span><\/li>\n<\/ul>\n<p>[\/vc_column_text][vc_column_text h2_style=\u00a0\u00bbh2Big\u00a0\u00bb css=\u00a0\u00bb.vc_custom_1683207420105{margin-bottom: 0px !important;padding-bottom: 0px !important;}\u00a0\u00bb]<\/p>\n<h3>Notre offre<\/h3>\n<p>[\/vc_column_text][vc_column_text p_style=\u00a0\u00bbpHighlight\u00a0\u00bb]Nous favorisons des agissements plus intelligents, sustainables et s\u00fbrs en offrant des services \u00e0 la demande, des solutions digitales et de services de conseil \u00e0 nos clients pour les aider \u00e0 atteindre leurs objectifs de safety et de conformit\u00e9.<\/p>\n<p>Nos consultants, experts et formateurs hautement qualifi\u00e9s contribuent \u00e0 assurer le niveau Safety des syst\u00e8mes de transport autonomes. Nous aidons nos clients dans la gestion et l\u2019att\u00e9nuation des risques ainsi que dans le d\u00e9veloppement de la sustainability. Notre offre comprend :[\/vc_column_text][vc_column_text]<\/p>\n<ul>\n<li style=\"font-weight: 400;\" aria-level=\"1\"><span style=\"font-weight: 400;\">Exploration des nouvelles architectures et technologies<\/span><\/li>\n<li style=\"font-weight: 400;\" aria-level=\"1\"><span style=\"font-weight: 400;\">Conception d\u2019infrastructures de validation pour les syst\u00e8mes autonomes<\/span><\/li>\n<li style=\"font-weight: 400;\" aria-level=\"1\"><span style=\"font-weight: 400;\">Identification des risques li\u00e9s au domaine op\u00e9rationnel de conception (ODD)<\/span><\/li>\n<li style=\"font-weight: 400;\" aria-level=\"1\"><span style=\"font-weight: 400;\">Soutien \u00e0 nos clients dans le cadre de la d\u00e9finition de nouvelles normes<\/span><\/li>\n<li style=\"font-weight: 400;\" aria-level=\"1\"><span style=\"font-weight: 400;\">Formation sur la gestion des risques, RAMS (fiabilit\u00e9, disponibilit\u00e9, maintenabilit\u00e9, s\u00fbret\u00e9) et les approches bas\u00e9es sur des mod\u00e8les<\/span><\/li>\n<li style=\"font-weight: 400;\" aria-level=\"1\"><span style=\"font-weight: 400;\">R\u00e9alisation d\u2019\u00e9tudes sur la safety<\/span><\/li>\n<\/ul>\n<p>[\/vc_column_text]    <div class=\"hightlightBracket\">\n        <div class=\"glyphe\"><\/div>\n        <div class=\"highlight\"><p>Contactez-nous pour d\u00e9couvrir comment nous pouvons vous aider<\/p><\/div>\n    <\/div>\n    <div class=\"divBtCTA btAlignCenter\"><a href=\"https:\/\/www.protect.airbus.com\/fr\/contact\/\"  class=\"button btAuto\">Nous contacter<\/a><\/div><div class=\"whatsNew\" id=\"whatsnew_69e80e39c36e6\">\n    <div class=\"lineTitleFilter\">\n        <div id=\"conteneur_h2_WhatsNew\"><h2>Des nouveaut\u00e9s ?<\/h2><\/div>\n        <div id=\"conteneur_FiltreWhatsNew\">\n\t\t\t<div class=\"filterWhatsNew\"><span>Filtre<\/span>\n\t\t\t\t<ul>\n\t\t\t\t\t<li><button type=\"button\" class=\"btFilter bfFilterNews\" onclick=\"fctFilterWhatsNew('news','safety-fr','whatsnew_69e80e39c36e6')\">Actualit\u00e9<\/button><\/li>\n\t\t\t\t\t<li><button type=\"button\" class=\"btFilter bfFilterWhitePaper\" onclick=\"fctFilterWhatsNew('whitepaper','safety-fr','whatsnew_69e80e39c36e6')\">Livre blanc<\/button><\/li>\n\t\t\t\t\t<li><button type=\"button\" class=\"btFilter bfFilterBlog\" onclick=\"fctFilterWhatsNew('blog','safety-fr','whatsnew_69e80e39c36e6')\">Blog<\/button><\/li>\n\t\t\t\t\t<li><button type=\"button\" class=\"btFilter bfFilterEvent\" onclick=\"fctFilterWhatsNew('event','safety-fr','whatsnew_69e80e39c36e6')\">\u00c9v\u00e9nement<\/button><\/li>\n\t\t\t\t<\/ul><\/div>\n\t\t\t<div id=\"whathsnew_glyphe\"><\/div>\n\t\t<\/div>\n    <\/div>\n\t\n    <div class=\"listWhatsNew\">\n    <article id=\"whatsnew_item_4257\">\n    <span class=\"whatsNewType\">Blog<\/span>\n    <a href=\"https:\/\/www.protect.airbus.com\/fr\/blog\/3-questions-1-expert-gabin-ricouart\/\"><img loading=\"lazy\" decoding=\"async\" width=\"349\" height=\"189\" src=\"https:\/\/www.protect.airbus.com\/wp-content\/uploads\/2022\/12\/3-questions-1-expert-Gabin-349x189.png\" class=\"attachment-post-bloc size-post-bloc wp-post-image\" alt=\"Serie_3_questions_1 expert_Gabin_Ricouart\" \/><\/a>\n    <div class=\"titreWN\">3 questions, 1 expert : Gabin Ricouart<\/div>\n    <p><p>Dans cette s\u00e9rie, nous posons trois questions \u00e0 des experts de la s\u00fbret\u00e9, de la sustainability et de la cybers\u00e9curit\u00e9 sur leur r\u00f4le chez Airbus Protect. Aujourd&rsquo;hui, rencontrons Gabin Ricouart, ancien stagiaire et ing\u00e9nieur en s\u00fbret\u00e9 et certification de propulsion bas\u00e9 dans notre bureau de Toulouse. Peux-tu nous en dire plus sur ton stage chez [&hellip;]<\/p>\n<\/p>\n        <div id=\"conteneur_btReadMore\"><a href=\"https:\/\/www.protect.airbus.com\/fr\/blog\/3-questions-1-expert-gabin-ricouart\/\" class=\"btReadMore\">En savoir plus<\/a><\/div><\/article>\n<article id=\"whatsnew_item_6576\">\n    <span class=\"whatsNewType\">Blog<\/span>\n    <a href=\"https:\/\/www.protect.airbus.com\/fr\/blog\/lexique-surete\/\"><img loading=\"lazy\" decoding=\"async\" width=\"349\" height=\"189\" src=\"https:\/\/www.protect.airbus.com\/wp-content\/uploads\/2023\/07\/safety1-349x189.png\" class=\"attachment-post-bloc size-post-bloc wp-post-image\" alt=\"Safety 101\" \/><\/a>\n    <div class=\"titreWN\">Lexique de la Safety : comprendre la terminologie de la fiabilit\u00e9 op\u00e9rationnelle<\/div>\n    <p><p>[vc_row][vc_column][vc_column_text] Qu&rsquo;est-ce que la \u00ab\u00a0safety\u00a0\u00bb ? Tout d&rsquo;abord, voici quelques pr\u00e9cisions sur ce que nous entendons par \u00ab\u00a0safety\u00a0\u00bb ? Garantir la s\u00fbret\u00e9 de fonctionnement dans les secteurs de l&rsquo;a\u00e9rospatiale, des transports, de l&rsquo;\u00e9nergie et de la d\u00e9fense est crucial. Elle implique une \u00e9quipe d&rsquo;experts industriels, d&rsquo;ing\u00e9nieurs et de professionnels qui se concentrent sur la gestion [&hellip;]<\/p>\n<\/p>\n        <div id=\"conteneur_btReadMore\"><a href=\"https:\/\/www.protect.airbus.com\/fr\/blog\/lexique-surete\/\" class=\"btReadMore\">En savoir plus<\/a><\/div><\/article>\n<article id=\"whatsnew_item_6101\">\n    <span class=\"whatsNewType\">Blog<\/span>\n    <a href=\"https:\/\/www.protect.airbus.com\/fr\/blog\/3-questions-1-expert-nicolas-blanquet-architecte-integration-module-avionique\/\"><img loading=\"lazy\" decoding=\"async\" width=\"349\" height=\"189\" src=\"https:\/\/www.protect.airbus.com\/wp-content\/uploads\/2023\/06\/3-question-1-expert-349x189.png\" class=\"attachment-post-bloc size-post-bloc wp-post-image\" alt=\"Nicolas Blanquet, Expert at Airbus Protect\" \/><\/a>\n    <div class=\"titreWN\">3 questions, 1 expert: Nicolas Blanquet, architecte en int\u00e9gration de module<\/div>\n    <p><p>Nicolas, architecte en int\u00e9gration de modules nous explique son r\u00f4le\u00a0au sein d&rsquo;Airbus Protect Qu&rsquo;est-ce qu&rsquo;un architecte en int\u00e9gration de module ? Parle-nous de ton m\u00e9tier Je suis un architecte d&rsquo;int\u00e9gration de modules sp\u00e9cialis\u00e9 dans les syst\u00e8mes d&rsquo;avionique modulaire int\u00e9gr\u00e9e (IMA). Qu&rsquo;est-ce qu&rsquo;un syst\u00e8me IMA, me direz-vous ? C\u2019est un syst\u00e8me d&rsquo;avionique de pointe utilis\u00e9 dans [&hellip;]<\/p>\n<\/p>\n        <div id=\"conteneur_btReadMore\"><a href=\"https:\/\/www.protect.airbus.com\/fr\/blog\/3-questions-1-expert-nicolas-blanquet-architecte-integration-module-avionique\/\" class=\"btReadMore\">En savoir plus<\/a><\/div><\/article>\n    <\/div>\n    <div class=\"conteneurLineMoreInsight\"><div class=\"lineMoreInsight\"><a href=\"\/fr\/informations\/\">d\u00e9couvrir<\/a><\/div><\/div>\n<\/div>\n[\/vc_column][\/vc_row]<\/p>\n<\/div>","protected":false},"excerpt":{"rendered":"<p>[vc_row][vc_column][vc_column_text h2_style=\u00a0\u00bbh2Big\u00a0\u00bb css=\u00a0\u00bb.vc_custom_1688717908526{margin-bottom: 0px !important;padding-bottom: 0px !important;}\u00a0\u00bb] La Safety au service des syst\u00e8mes de transport autonomes [\/vc_column_text][vc_column_text p_style=\u00a0\u00bbpBig\u00a0\u00bb]Les syst\u00e8mes de transport autonomes, en association avec l\u2019\u00e9lectrification et la connectivit\u00e9 accrue, r\u00e9inventent la mobilit\u00e9 de demain. Ces syst\u00e8mes imposent toutefois aussi de nouvelles normes en mati\u00e8re de safety. De nombreux d\u00e9fis techniques, environnementaux et humains doivent [&hellip;]<\/p>\n","protected":false},"author":4,"featured_media":1102,"parent":7200,"menu_order":0,"comment_status":"closed","ping_status":"closed","template":"","meta":{"_acf_changed":false,"content-type":"","_relevanssi_hide_post":"","_relevanssi_hide_content":"","_relevanssi_pin_for_all":"","_relevanssi_pin_keywords":"","_relevanssi_unpin_keywords":"","_relevanssi_related_keywords":"","_relevanssi_related_include_ids":"","_relevanssi_related_exclude_ids":"","_relevanssi_related_no_append":"","_relevanssi_related_not_related":"","_relevanssi_related_posts":"","_relevanssi_noindex_reason":"","footnotes":""},"class_list":["post-5563","page","type-page","status-publish","has-post-thumbnail","hentry"],"acf":[],"yoast_head":"<!-- This site is optimized with the Yoast SEO Premium plugin v27.4 (Yoast SEO v27.4) - https:\/\/yoast.com\/product\/yoast-seo-premium-wordpress\/ -->\n<title>V\u00e9hicules autonomes - Airbus Protect<\/title>\n<meta name=\"description\" content=\"D\u00e9couvrez notre expertise en s\u00e9curit\u00e9 de v\u00e9hicules autonomes. Explorez nos solutions innovantes pour une mobilit\u00e9 du futur fiable.\" \/>\n<meta name=\"robots\" content=\"index, follow, max-snippet:-1, max-image-preview:large, max-video-preview:-1\" \/>\n<link rel=\"canonical\" href=\"https:\/\/www.protect.airbus.com\/fr\/safety\/vehicules-autonomes\/\" \/>\n<meta property=\"og:locale\" content=\"fr_FR\" \/>\n<meta property=\"og:type\" content=\"article\" \/>\n<meta property=\"og:title\" content=\"V\u00e9hicules autonomes\" \/>\n<meta property=\"og:description\" content=\"D\u00e9couvrez notre expertise en s\u00e9curit\u00e9 de v\u00e9hicules autonomes. Explorez nos solutions innovantes pour une mobilit\u00e9 du futur fiable.\" \/>\n<meta property=\"og:url\" content=\"https:\/\/www.protect.airbus.com\/fr\/safety\/vehicules-autonomes\/\" \/>\n<meta property=\"og:site_name\" content=\"Airbus Protect\" \/>\n<meta property=\"article:modified_time\" content=\"2024-01-25T16:44:20+00:00\" \/>\n<meta property=\"og:image\" content=\"https:\/\/www.protect.airbus.com\/wp-content\/uploads\/2022\/06\/header-safe-mobility-sous-page.jpg\" \/>\n\t<meta property=\"og:image:width\" content=\"1920\" \/>\n\t<meta property=\"og:image:height\" content=\"358\" \/>\n\t<meta property=\"og:image:type\" content=\"image\/jpeg\" \/>\n<meta name=\"twitter:card\" content=\"summary_large_image\" \/>\n<meta name=\"twitter:label1\" content=\"Dur\u00e9e de lecture estim\u00e9e\" \/>\n\t<meta name=\"twitter:data1\" content=\"3 minutes\" \/>\n<script type=\"application\/ld+json\" class=\"yoast-schema-graph\">{\"@context\":\"https:\\\/\\\/schema.org\",\"@graph\":[{\"@type\":\"BlogPosting\",\"mainEntityOfPage\":{\"@type\":\"WebPage\",\"@id\":\"https:\\\/\\\/www.protect.airbus.com\\\/fr\\\/safety\\\/vehicules-autonomes\\\/\"},\"headline\":\"3 questions, 1 expert: Nicolas Blanquet, architecte en int\u00e9gration de module\",\"description\":\"\",\"author\":{\"@id\":\"https:\\\/\\\/www.protect.airbus.com\\\/#organization\"},\"publisher\":{\"@id\":\"https:\\\/\\\/www.protect.airbus.com\\\/#organization\"},\"image\":\"https:\\\/\\\/www.protect.airbus.com\\\/wp-content\\\/uploads\\\/2023\\\/06\\\/3-question-1-expert.png\",\"datePublished\":\"2022-06-21T08:34:21+00:00\",\"dateModified\":\"2024-01-25T16:44:20+00:00\"},{\"@type\":\"WebPage\",\"@id\":\"https:\\\/\\\/www.protect.airbus.com\\\/fr\\\/safety\\\/vehicules-autonomes\\\/\",\"url\":\"https:\\\/\\\/www.protect.airbus.com\\\/fr\\\/safety\\\/vehicules-autonomes\\\/\",\"name\":\"V\u00e9hicules autonomes - Airbus Protect\",\"isPartOf\":{\"@id\":\"https:\\\/\\\/www.protect.airbus.com\\\/fr\\\/#website\"},\"primaryImageOfPage\":{\"@id\":\"https:\\\/\\\/www.protect.airbus.com\\\/fr\\\/safety\\\/vehicules-autonomes\\\/#primaryimage\"},\"image\":{\"@id\":\"https:\\\/\\\/www.protect.airbus.com\\\/fr\\\/safety\\\/vehicules-autonomes\\\/#primaryimage\"},\"thumbnailUrl\":\"https:\\\/\\\/www.protect.airbus.com\\\/wp-content\\\/uploads\\\/2022\\\/06\\\/header-safe-mobility-sous-page.jpg\",\"datePublished\":\"2022-06-21T08:34:21+00:00\",\"dateModified\":\"2024-01-25T16:44:20+00:00\",\"description\":\"D\u00e9couvrez notre expertise en s\u00e9curit\u00e9 de v\u00e9hicules autonomes. Explorez nos solutions innovantes pour une mobilit\u00e9 du futur fiable.\",\"breadcrumb\":{\"@id\":\"https:\\\/\\\/www.protect.airbus.com\\\/fr\\\/safety\\\/vehicules-autonomes\\\/#breadcrumb\"},\"inLanguage\":\"fr-FR\",\"potentialAction\":[{\"@type\":\"ReadAction\",\"target\":[\"https:\\\/\\\/www.protect.airbus.com\\\/fr\\\/safety\\\/vehicules-autonomes\\\/\"]}]},{\"@type\":\"ImageObject\",\"inLanguage\":\"fr-FR\",\"@id\":\"https:\\\/\\\/www.protect.airbus.com\\\/fr\\\/safety\\\/vehicules-autonomes\\\/#primaryimage\",\"url\":\"https:\\\/\\\/www.protect.airbus.com\\\/wp-content\\\/uploads\\\/2022\\\/06\\\/header-safe-mobility-sous-page.jpg\",\"contentUrl\":\"https:\\\/\\\/www.protect.airbus.com\\\/wp-content\\\/uploads\\\/2022\\\/06\\\/header-safe-mobility-sous-page.jpg\",\"width\":1920,\"height\":358},{\"@type\":\"BreadcrumbList\",\"@id\":\"https:\\\/\\\/www.protect.airbus.com\\\/fr\\\/safety\\\/vehicules-autonomes\\\/#breadcrumb\",\"itemListElement\":[{\"@type\":\"ListItem\",\"position\":1,\"name\":\"Home\",\"item\":\"https:\\\/\\\/www.protect.airbus.com\\\/fr\\\/\"},{\"@type\":\"ListItem\",\"position\":2,\"name\":\"Safety\",\"item\":\"https:\\\/\\\/www.protect.airbus.com\\\/fr\\\/safety\\\/\"},{\"@type\":\"ListItem\",\"position\":3,\"name\":\"V\u00e9hicules autonomes\"}]},{\"@type\":\"WebSite\",\"@id\":\"https:\\\/\\\/www.protect.airbus.com\\\/fr\\\/#website\",\"url\":\"https:\\\/\\\/www.protect.airbus.com\\\/fr\\\/\",\"name\":\"Airbus Protect\",\"description\":\"\",\"publisher\":{\"@id\":\"https:\\\/\\\/www.protect.airbus.com\\\/fr\\\/#organization\"},\"potentialAction\":[{\"@type\":\"SearchAction\",\"target\":{\"@type\":\"EntryPoint\",\"urlTemplate\":\"https:\\\/\\\/www.protect.airbus.com\\\/fr\\\/?s={search_term_string}\"},\"query-input\":{\"@type\":\"PropertyValueSpecification\",\"valueRequired\":true,\"valueName\":\"search_term_string\"}}],\"inLanguage\":\"fr-FR\"},{\"@type\":\"Organization\",\"@id\":\"https:\\\/\\\/www.protect.airbus.com\\\/fr\\\/#organization\",\"name\":\"Airbus Protect\",\"url\":\"https:\\\/\\\/www.protect.airbus.com\\\/fr\\\/\",\"logo\":{\"@type\":\"ImageObject\",\"inLanguage\":\"fr-FR\",\"@id\":\"https:\\\/\\\/www.protect.airbus.com\\\/fr\\\/#\\\/schema\\\/logo\\\/image\\\/\",\"url\":\"https:\\\/\\\/www.protect.airbus.com\\\/wp-content\\\/uploads\\\/2023\\\/05\\\/logo-airbus-protect-696-696.png\",\"contentUrl\":\"https:\\\/\\\/www.protect.airbus.com\\\/wp-content\\\/uploads\\\/2023\\\/05\\\/logo-airbus-protect-696-696.png\",\"width\":696,\"height\":696,\"caption\":\"Airbus Protect\"},\"image\":{\"@id\":\"https:\\\/\\\/www.protect.airbus.com\\\/fr\\\/#\\\/schema\\\/logo\\\/image\\\/\"},\"sameAs\":[\"https:\\\/\\\/www.linkedin.com\\\/company\\\/airbus-protect\\\/\",\"https:\\\/\\\/www.youtube.com\\\/@airbusprotect7483\"],\"contactPoint\":{\"@type\":\"ContactPoint\",\"email\":\"protect@airbus.com\",\"contactType\":\"customer service\",\"areaServed\":[\"GB\",\"FR\",\"ES\",\"DE\",\"BE\",\"CH\",\"PT\",\"DK\",\"AT\"],\"availableLanguage\":[\"en\",\"fr\",\"de\"]}}]}<\/script>\n<!-- \/ Yoast SEO Premium plugin. -->","yoast_head_json":{"title":"V\u00e9hicules autonomes - Airbus Protect","description":"D\u00e9couvrez notre expertise en s\u00e9curit\u00e9 de v\u00e9hicules autonomes. Explorez nos solutions innovantes pour une mobilit\u00e9 du futur fiable.","robots":{"index":"index","follow":"follow","max-snippet":"max-snippet:-1","max-image-preview":"max-image-preview:large","max-video-preview":"max-video-preview:-1"},"canonical":"https:\/\/www.protect.airbus.com\/fr\/safety\/vehicules-autonomes\/","og_locale":"fr_FR","og_type":"article","og_title":"V\u00e9hicules autonomes","og_description":"D\u00e9couvrez notre expertise en s\u00e9curit\u00e9 de v\u00e9hicules autonomes. Explorez nos solutions innovantes pour une mobilit\u00e9 du futur fiable.","og_url":"https:\/\/www.protect.airbus.com\/fr\/safety\/vehicules-autonomes\/","og_site_name":"Airbus Protect","article_modified_time":"2024-01-25T16:44:20+00:00","og_image":[{"width":1920,"height":358,"url":"https:\/\/www.protect.airbus.com\/wp-content\/uploads\/2022\/06\/header-safe-mobility-sous-page.jpg","type":"image\/jpeg"}],"twitter_card":"summary_large_image","twitter_misc":{"Dur\u00e9e de lecture estim\u00e9e":"3 minutes"},"schema":{"@context":"https:\/\/schema.org","@graph":[{"@type":"BlogPosting","mainEntityOfPage":{"@type":"WebPage","@id":"https:\/\/www.protect.airbus.com\/fr\/safety\/vehicules-autonomes\/"},"headline":"3 questions, 1 expert: Nicolas Blanquet, architecte en int\u00e9gration de module","description":"","author":{"@id":"https:\/\/www.protect.airbus.com\/#organization"},"publisher":{"@id":"https:\/\/www.protect.airbus.com\/#organization"},"image":"https:\/\/www.protect.airbus.com\/wp-content\/uploads\/2023\/06\/3-question-1-expert.png","datePublished":"2022-06-21T08:34:21+00:00","dateModified":"2024-01-25T16:44:20+00:00"},{"@type":"WebPage","@id":"https:\/\/www.protect.airbus.com\/fr\/safety\/vehicules-autonomes\/","url":"https:\/\/www.protect.airbus.com\/fr\/safety\/vehicules-autonomes\/","name":"V\u00e9hicules autonomes - Airbus Protect","isPartOf":{"@id":"https:\/\/www.protect.airbus.com\/fr\/#website"},"primaryImageOfPage":{"@id":"https:\/\/www.protect.airbus.com\/fr\/safety\/vehicules-autonomes\/#primaryimage"},"image":{"@id":"https:\/\/www.protect.airbus.com\/fr\/safety\/vehicules-autonomes\/#primaryimage"},"thumbnailUrl":"https:\/\/www.protect.airbus.com\/wp-content\/uploads\/2022\/06\/header-safe-mobility-sous-page.jpg","datePublished":"2022-06-21T08:34:21+00:00","dateModified":"2024-01-25T16:44:20+00:00","description":"D\u00e9couvrez notre expertise en s\u00e9curit\u00e9 de v\u00e9hicules autonomes. Explorez nos solutions innovantes pour une mobilit\u00e9 du futur fiable.","breadcrumb":{"@id":"https:\/\/www.protect.airbus.com\/fr\/safety\/vehicules-autonomes\/#breadcrumb"},"inLanguage":"fr-FR","potentialAction":[{"@type":"ReadAction","target":["https:\/\/www.protect.airbus.com\/fr\/safety\/vehicules-autonomes\/"]}]},{"@type":"ImageObject","inLanguage":"fr-FR","@id":"https:\/\/www.protect.airbus.com\/fr\/safety\/vehicules-autonomes\/#primaryimage","url":"https:\/\/www.protect.airbus.com\/wp-content\/uploads\/2022\/06\/header-safe-mobility-sous-page.jpg","contentUrl":"https:\/\/www.protect.airbus.com\/wp-content\/uploads\/2022\/06\/header-safe-mobility-sous-page.jpg","width":1920,"height":358},{"@type":"BreadcrumbList","@id":"https:\/\/www.protect.airbus.com\/fr\/safety\/vehicules-autonomes\/#breadcrumb","itemListElement":[{"@type":"ListItem","position":1,"name":"Home","item":"https:\/\/www.protect.airbus.com\/fr\/"},{"@type":"ListItem","position":2,"name":"Safety","item":"https:\/\/www.protect.airbus.com\/fr\/safety\/"},{"@type":"ListItem","position":3,"name":"V\u00e9hicules autonomes"}]},{"@type":"WebSite","@id":"https:\/\/www.protect.airbus.com\/fr\/#website","url":"https:\/\/www.protect.airbus.com\/fr\/","name":"Airbus Protect","description":"","publisher":{"@id":"https:\/\/www.protect.airbus.com\/fr\/#organization"},"potentialAction":[{"@type":"SearchAction","target":{"@type":"EntryPoint","urlTemplate":"https:\/\/www.protect.airbus.com\/fr\/?s={search_term_string}"},"query-input":{"@type":"PropertyValueSpecification","valueRequired":true,"valueName":"search_term_string"}}],"inLanguage":"fr-FR"},{"@type":"Organization","@id":"https:\/\/www.protect.airbus.com\/fr\/#organization","name":"Airbus Protect","url":"https:\/\/www.protect.airbus.com\/fr\/","logo":{"@type":"ImageObject","inLanguage":"fr-FR","@id":"https:\/\/www.protect.airbus.com\/fr\/#\/schema\/logo\/image\/","url":"https:\/\/www.protect.airbus.com\/wp-content\/uploads\/2023\/05\/logo-airbus-protect-696-696.png","contentUrl":"https:\/\/www.protect.airbus.com\/wp-content\/uploads\/2023\/05\/logo-airbus-protect-696-696.png","width":696,"height":696,"caption":"Airbus Protect"},"image":{"@id":"https:\/\/www.protect.airbus.com\/fr\/#\/schema\/logo\/image\/"},"sameAs":["https:\/\/www.linkedin.com\/company\/airbus-protect\/","https:\/\/www.youtube.com\/@airbusprotect7483"],"contactPoint":{"@type":"ContactPoint","email":"protect@airbus.com","contactType":"customer service","areaServed":["GB","FR","ES","DE","BE","CH","PT","DK","AT"],"availableLanguage":["en","fr","de"]}}]}},"_links":{"self":[{"href":"https:\/\/www.protect.airbus.com\/fr\/wp-json\/wp\/v2\/pages\/5563","targetHints":{"allow":["GET"]}}],"collection":[{"href":"https:\/\/www.protect.airbus.com\/fr\/wp-json\/wp\/v2\/pages"}],"about":[{"href":"https:\/\/www.protect.airbus.com\/fr\/wp-json\/wp\/v2\/types\/page"}],"author":[{"embeddable":true,"href":"https:\/\/www.protect.airbus.com\/fr\/wp-json\/wp\/v2\/users\/4"}],"replies":[{"embeddable":true,"href":"https:\/\/www.protect.airbus.com\/fr\/wp-json\/wp\/v2\/comments?post=5563"}],"version-history":[{"count":5,"href":"https:\/\/www.protect.airbus.com\/fr\/wp-json\/wp\/v2\/pages\/5563\/revisions"}],"predecessor-version":[{"id":8509,"href":"https:\/\/www.protect.airbus.com\/fr\/wp-json\/wp\/v2\/pages\/5563\/revisions\/8509"}],"up":[{"embeddable":true,"href":"https:\/\/www.protect.airbus.com\/fr\/wp-json\/wp\/v2\/pages\/7200"}],"wp:featuredmedia":[{"embeddable":true,"href":"https:\/\/www.protect.airbus.com\/fr\/wp-json\/wp\/v2\/media\/1102"}],"wp:attachment":[{"href":"https:\/\/www.protect.airbus.com\/fr\/wp-json\/wp\/v2\/media?parent=5563"}],"curies":[{"name":"wp","href":"https:\/\/api.w.org\/{rel}","templated":true}]}}