{"id":5512,"date":"2022-06-20T16:18:24","date_gmt":"2022-06-20T14:18:24","guid":{"rendered":"https:\/\/www.protect.airbus.com\/cybersecurite\/simulation-and-training\/"},"modified":"2026-01-29T14:24:02","modified_gmt":"2026-01-29T13:24:02","slug":"simulation-et-formation","status":"publish","type":"page","link":"https:\/\/www.protect.airbus.com\/fr\/cybersecurite\/simulation-et-formation\/","title":{"rendered":"Simulation et formation"},"content":{"rendered":"<div class=\"wpb-content-wrapper\"><p>[vc_row][vc_column][vc_column_text css=\u00a0\u00bb\u00a0\u00bb p_style=\u00a0\u00bbpHighlight\u00a0\u00bb]<\/p>\n<h3>Donner \u00e0 vos \u00e9quipes dans la d\u00e9fense les moyens d\u2019agir<\/h3>\n<p><span style=\"font-weight: 400;\">La digitalisation accro\u00eet la vuln\u00e9rabilit\u00e9 des organisations face aux formes de cyberattaques les plus avanc\u00e9es. Malheureusement, le probl\u00e8me persiste. Vos collaborateurs jouent un r\u00f4le vital dans la protection de votre entreprise contre ces actes malveillants. La s\u00e9curit\u00e9 de votre entreprise d\u00e9pend de la sensibilisation et des connaissances actualis\u00e9es de vos collaborateurs. Par cons\u00e9quent, la formation et la simulation en cybers\u00e9curit\u00e9 participent pour beaucoup \u00e0 la sustainabilit\u00e9 de l\u2019entreprise.<\/span><\/p>\n<h3>Ouvrir la voie<\/h3>\n<p>Les exercices de simulation et de formation constituent de loin la meilleure solution pour \u00e9valuer l\u2019\u00e9tat de pr\u00e9paration de votre organisation en cas de cyberattaque. Nous sommes l\u00e0 pour r\u00e9pondre \u00e0 tous vos besoins de cybers\u00e9curit\u00e9, de la fourniture des outils n\u00e9cessaires \u00e0 votre \u00e9quipe cybers\u00e9curit\u00e9 interne pour les simulations d\u2019attaque \u00e0 la sensibilisation basique de tous les collaborateurs \u00e0 la cybers\u00e9curit\u00e9.[\/vc_column_text][vc_single_image image=\u00a0\u00bb9714&Prime; img_size=\u00a0\u00bblarge\u00a0\u00bb css=\u00a0\u00bb\u00a0\u00bb][vc_column_text css=\u00a0\u00bb\u00a0\u00bb p_style=\u00a0\u00bbpHighlight\u00a0\u00bb]<\/p>\n<h3>Notre offre<\/h3>\n<h4>Formation pour les professionnels de la cybers\u00e9curit\u00e9<\/h4>\n<p>Dirig\u00e9es par notre \u00e9quipe d&rsquo;experts, ces sessions de hacking \u00e9thique apportent \u00e0 votre personnel des informations sur l&rsquo;\u00e9tat d&rsquo;esprit d&rsquo;un hacker. L&rsquo;objectif est de leur permettre de mieux comprendre comment les cyberattaquants ciblent les syst\u00e8mes.<br \/>\nDes cadres aux administrateurs informatiques, en passant par les op\u00e9rateurs syst\u00e8me, ces exercices sur la cybers\u00e9curit\u00e9 exposent vos collaborateurs \u00e0 des sc\u00e9narios d&rsquo;attaque r\u00e9alistes. Tester vos processus, mesures et plans existants permettra \u00e0 vos collaborateurs de mettre au jour les \u00e9ventuelles faiblesses, tout en am\u00e9liorant leurs connaissances et leur \u00e9tat de pr\u00e9paration en cas d&rsquo;attaques IT et OT.<br \/>\nNous proposons une formation \u00e0 la gestion de crise de cybers\u00e9curit\u00e9, depuis la plateforme d&rsquo;Airbus CyberRange, ainsi que l&rsquo;intervention d&rsquo;un consultant qualifi\u00e9.<\/p>\n<h4>Formation pour un public plus large<\/h4>\n<p>La formation de sensibilisation \u00e0 la cybers\u00e9curit\u00e9 vise \u00e0 cr\u00e9er une culture de sensibilisation aux menaces dans votre organisation. Dirig\u00e9es par nos experts en cybers\u00e9curit\u00e9, ces sessions peuvent \u00eatre adapt\u00e9es \u00e0 n&rsquo;importe quel public (par exemple, conseil d&rsquo;administration, service informatique, \u00e9tudiants) et personnalis\u00e9es en fonction du niveau de menace sp\u00e9cifique de votre organisation.<br \/>\nLa formation de sensibilisation \u00e0 l&rsquo;OT offre \u00e0 vos collaborateurs toute l&rsquo;expertise n\u00e9cessaire pour r\u00e9duire efficacement les pannes OT connect\u00e9es, tout en respectant les exigences de conformit\u00e9 et en \u00e9tablissant des synergies entre les mesures de s\u00e9curit\u00e9 existantes. Selon les besoins de votre organisation, cela peut inclure des sessions de live hacking, des jeux en lien avec des incidents et des ateliers pratiques depuis la plateforme CyberRange d&rsquo;Airbus.<br \/>\nNous pouvons soutenir votre programme interne de sensibilisation \u00e0 la cybers\u00e9curit\u00e9 en d\u00e9veloppant du contenu sur mesure pour vos formations en ligne.<\/p>\n<h4>Services de simulation<\/h4>\n<p>Nous proposons des services de simulation en mati\u00e8re de cybers\u00e9curit\u00e9 depuis notre plateforme d&rsquo;int\u00e9gration des syst\u00e8mes IT\/OT de la CyberRange d&rsquo;Airbus, sur laquelle nous pouvons simuler tout votre environnement commercial et industriel, principalement vos syst\u00e8mes de production virtuels et physiques.[\/vc_column_text][\/vc_column][\/vc_row][vc_row full_width=\u00a0\u00bbstretch_row\u00a0\u00bb css=\u00a0\u00bb.vc_custom_1755788958921{background-image: url(https:\/\/www.protect.airbus.com\/wp-content\/uploads\/2022\/06\/bg-bloc-tls.jpg?id=1763) !important;background-position: center !important;background-repeat: no-repeat !important;background-size: cover !important;}\u00a0\u00bb][vc_column][vc_row_inner][vc_column_inner width=\u00a0\u00bb1\/2&Prime;][vc_column_text css=\u00a0\u00bb\u00a0\u00bb h3_couleur=\u00a0\u00bbh3BleuProtect\u00a0\u00bb]<\/p>\n<h3>Vous souhaitez en savoir plus sur les services de Formation en Cybers\u00e9curit\u00e9 ?<\/h3>\n<p>[\/vc_column_text][vc_column_text css=\u00a0\u00bb\u00a0\u00bb p_style=\u00a0\u00bbpHighlight\u00a0\u00bb]<\/p>\n<div>\n<div>\n<p>Disposant de plus de 35 ans d\u2019exp\u00e9rience dans les domaines de la s\u00e9curit\u00e9, de la s\u00fbret\u00e9 et de la durabilit\u00e9, Airbus Protect capitalise sur l\u2019expertise de ses 1 700 professionnels pour proposer des formations cibl\u00e9es. Les apprenants peuvent b\u00e9n\u00e9ficier d\u2019une formation catalogue ou sur-mesure, que ce soit en pr\u00e9sentiel, \u00e0 distance, en mode hybride ou via des modules e-learning.<\/p>\n<\/div>\n<\/div>\n<p>[\/vc_column_text]<div class=\"divBtCTA btAlignCenter\"><a href=\"https:\/\/www.protect.airbus.com\/fr\/training\/\"  class=\"button btAuto\">Contactez notre \u00e9quipe de formation<\/a><\/div>[\/vc_column_inner][vc_column_inner width=\u00a0\u00bb1\/2&Prime;][vc_single_image image=\u00a0\u00bb44990&Prime; img_size=\u00a0\u00bblarge\u00a0\u00bb alignment=\u00a0\u00bbcenter\u00a0\u00bb onclick=\u00a0\u00bbcustom_link\u00a0\u00bb img_link_target=\u00a0\u00bb_blank\u00a0\u00bb css=\u00a0\u00bb\u00a0\u00bb link=\u00a0\u00bbhttps:\/\/www.protect.airbus.com\/wp-content\/uploads\/2023\/05\/TRAINING-CATALOGUE-2026-INN_OT_24-00053_1.18_FR.pdf\u00a0\u00bb][\/vc_column_inner][\/vc_row_inner][\/vc_column][\/vc_row][vc_row][vc_column][vc_column_text css=\u00a0\u00bb\u00a0\u00bb p_style=\u00a0\u00bbpHighlight\u00a0\u00bb]<\/p>\n<h4>Nous pouvons vous aider \u00e0\u00a0:<\/h4>\n<p><span style=\"font-weight: 400;\">Former votre \u00e9quipe et \u00e0 exp\u00e9rimenter des sc\u00e9narios r\u00e9alistes<\/span><\/p>\n<ul>\n<li><span style=\"font-weight: 400;\">Simuler des activit\u00e9s semblables \u00e0 vos op\u00e9rations de production<\/span><\/li>\n<li><span style=\"font-weight: 400;\">\u00c9valuer votre \u00e9quipement pour obtenir une qualification op\u00e9rationnelle<\/span><\/li>\n<li><span style=\"font-weight: 400;\">Tester et \u00e9valuer votre produit de mani\u00e8re s\u00e9curis\u00e9e<\/span><\/li>\n<\/ul>\n<p>[\/vc_column_text]    <div class=\"hightlightBracket\">\n        <div class=\"glyphe\"><\/div>\n        <div class=\"highlight\"><p>Contactez-nous pour d\u00e9couvrir comment nous pouvons vous aider<\/p><\/div>\n    <\/div>\n    <div class=\"divBtCTA btAlignCenter\"><a href=\"https:\/\/www.protect.airbus.com\/fr\/contact\/\"  class=\"button btAuto\">Nous contacter<\/a><\/div><div class=\"whatsNew\" id=\"whatsnew_69d270b23bc67\">\n    <div class=\"lineTitleFilter\">\n        <div id=\"conteneur_h2_WhatsNew\"><h2>Des nouveaut\u00e9s ?<\/h2><\/div>\n        <div id=\"conteneur_FiltreWhatsNew\">\n\t\t\t<div class=\"filterWhatsNew\"><span>Filtre<\/span>\n\t\t\t\t<ul>\n\t\t\t\t\t<li><button type=\"button\" class=\"btFilter bfFilterNews\" onclick=\"fctFilterWhatsNew('news','allCategories','whatsnew_69d270b23bc67')\">Actualit\u00e9<\/button><\/li>\n\t\t\t\t\t<li><button type=\"button\" class=\"btFilter bfFilterWhitePaper\" onclick=\"fctFilterWhatsNew('whitepaper','allCategories','whatsnew_69d270b23bc67')\">Livre blanc<\/button><\/li>\n\t\t\t\t\t<li><button type=\"button\" class=\"btFilter bfFilterBlog\" onclick=\"fctFilterWhatsNew('blog','allCategories','whatsnew_69d270b23bc67')\">Blog<\/button><\/li>\n\t\t\t\t\t<li><button type=\"button\" class=\"btFilter bfFilterEvent\" onclick=\"fctFilterWhatsNew('event','allCategories','whatsnew_69d270b23bc67')\">\u00c9v\u00e9nement<\/button><\/li>\n\t\t\t\t<\/ul><\/div>\n\t\t\t<div id=\"whathsnew_glyphe\"><\/div>\n\t\t<\/div>\n    <\/div>\n\t\n    <div class=\"listWhatsNew\">\n        <\/div>\n    <div class=\"conteneurLineMoreInsight\"><div class=\"lineMoreInsight\"><a href=\"\/fr\/informations\/\">d\u00e9couvrir<\/a><\/div><\/div>\n<\/div>\n[\/vc_column][\/vc_row]<\/p>\n<\/div>","protected":false},"excerpt":{"rendered":"<p>[vc_row][vc_column][vc_column_text css=\u00a0\u00bb\u00a0\u00bb p_style=\u00a0\u00bbpHighlight\u00a0\u00bb] Donner \u00e0 vos \u00e9quipes dans la d\u00e9fense les moyens d\u2019agir La digitalisation accro\u00eet la vuln\u00e9rabilit\u00e9 des organisations face aux formes de cyberattaques les plus avanc\u00e9es. Malheureusement, le probl\u00e8me persiste. Vos collaborateurs jouent un r\u00f4le vital dans la protection de votre entreprise contre ces actes malveillants. La s\u00e9curit\u00e9 de votre entreprise d\u00e9pend de [&hellip;]<\/p>\n","protected":false},"author":4,"featured_media":6467,"parent":6938,"menu_order":0,"comment_status":"closed","ping_status":"closed","template":"","meta":{"_acf_changed":false,"content-type":"","_relevanssi_hide_post":"","_relevanssi_hide_content":"","_relevanssi_pin_for_all":"","_relevanssi_pin_keywords":"","_relevanssi_unpin_keywords":"","_relevanssi_related_keywords":"","_relevanssi_related_include_ids":"","_relevanssi_related_exclude_ids":"","_relevanssi_related_no_append":"","_relevanssi_related_not_related":"","_relevanssi_related_posts":"","_relevanssi_noindex_reason":"","footnotes":""},"class_list":["post-5512","page","type-page","status-publish","has-post-thumbnail","hentry"],"acf":[],"yoast_head":"<!-- This site is optimized with the Yoast SEO Premium plugin v27.2 (Yoast SEO v27.2) - https:\/\/yoast.com\/product\/yoast-seo-premium-wordpress\/ -->\n<title>Cybersecurity: Simulation et formation | Airbus Protect<\/title>\n<meta name=\"description\" content=\"Airbus Protect propose des formations \u00e0 vos employ\u00e9s pour leur partager l&#039;importance de la cybers\u00e9curit\u00e9 dans notre quotidien professionnel.\" \/>\n<meta name=\"robots\" content=\"index, follow, max-snippet:-1, max-image-preview:large, max-video-preview:-1\" \/>\n<link rel=\"canonical\" href=\"https:\/\/www.protect.airbus.com\/fr\/cybersecurite\/simulation-et-formation\/\" \/>\n<meta property=\"og:locale\" content=\"fr_FR\" \/>\n<meta property=\"og:type\" content=\"article\" \/>\n<meta property=\"og:title\" content=\"Simulation et formation\" \/>\n<meta property=\"og:description\" content=\"Airbus Protect propose des formations \u00e0 vos employ\u00e9s pour leur partager l&#039;importance de la cybers\u00e9curit\u00e9 dans notre quotidien professionnel.\" \/>\n<meta property=\"og:url\" content=\"https:\/\/www.protect.airbus.com\/fr\/cybersecurite\/simulation-et-formation\/\" \/>\n<meta property=\"og:site_name\" content=\"Airbus Protect\" \/>\n<meta property=\"article:modified_time\" content=\"2026-01-29T13:24:02+00:00\" \/>\n<meta property=\"og:image\" content=\"https:\/\/www.protect.airbus.com\/wp-content\/uploads\/revslider\/header-cybersecurity-en\/bg-cybersecurity.png\" \/>\n\t<meta property=\"og:image:width\" content=\"1920\" \/>\n\t<meta property=\"og:image:height\" content=\"582\" \/>\n\t<meta property=\"og:image:type\" content=\"image\/png\" \/>\n<meta name=\"twitter:card\" content=\"summary_large_image\" \/>\n<meta name=\"twitter:label1\" content=\"Dur\u00e9e de lecture estim\u00e9e\" \/>\n\t<meta name=\"twitter:data1\" content=\"4 minutes\" \/>\n<script type=\"application\/ld+json\" class=\"yoast-schema-graph\">{\"@context\":\"https:\/\/schema.org\",\"@graph\":[{\"@type\":\"Service\",\"name\":\"Simulation et formation\",\"url\":\"https:\/\/www.protect.airbus.com\/fr\/cybersecurite\/simulation-et-formation\/\",\"provider\":{\"@id\":\"https:\/\/www.protect.airbus.com\/#organization\"},\"description\":\"\"},{\"@type\":\"WebPage\",\"@id\":\"https:\/\/www.protect.airbus.com\/fr\/cybersecurite\/simulation-et-formation\/\",\"url\":\"https:\/\/www.protect.airbus.com\/fr\/cybersecurite\/simulation-et-formation\/\",\"name\":\"Cybersecurity: Simulation et formation | Airbus Protect\",\"isPartOf\":{\"@id\":\"https:\/\/www.protect.airbus.com\/fr\/#website\"},\"primaryImageOfPage\":{\"@id\":\"https:\/\/www.protect.airbus.com\/fr\/cybersecurite\/simulation-et-formation\/#primaryimage\"},\"image\":{\"@id\":\"https:\/\/www.protect.airbus.com\/fr\/cybersecurite\/simulation-et-formation\/#primaryimage\"},\"thumbnailUrl\":\"https:\/\/www.protect.airbus.com\/wp-content\/uploads\/revslider\/header-cybersecurity-en\/bg-cybersecurity.png\",\"datePublished\":\"2022-06-20T14:18:24+00:00\",\"dateModified\":\"2026-01-29T13:24:02+00:00\",\"description\":\"Airbus Protect propose des formations \u00e0 vos employ\u00e9s pour leur partager l'importance de la cybers\u00e9curit\u00e9 dans notre quotidien professionnel.\",\"breadcrumb\":{\"@id\":\"https:\/\/www.protect.airbus.com\/fr\/cybersecurite\/simulation-et-formation\/#breadcrumb\"},\"inLanguage\":\"fr-FR\",\"potentialAction\":[{\"@type\":\"ReadAction\",\"target\":[\"https:\/\/www.protect.airbus.com\/fr\/cybersecurite\/simulation-et-formation\/\"]}]},{\"@type\":\"ImageObject\",\"inLanguage\":\"fr-FR\",\"@id\":\"https:\/\/www.protect.airbus.com\/fr\/cybersecurite\/simulation-et-formation\/#primaryimage\",\"url\":\"https:\/\/www.protect.airbus.com\/wp-content\/uploads\/revslider\/header-cybersecurity-en\/bg-cybersecurity.png\",\"contentUrl\":\"https:\/\/www.protect.airbus.com\/wp-content\/uploads\/revslider\/header-cybersecurity-en\/bg-cybersecurity.png\",\"width\":1920,\"height\":582},{\"@type\":\"BreadcrumbList\",\"@id\":\"https:\/\/www.protect.airbus.com\/fr\/cybersecurite\/simulation-et-formation\/#breadcrumb\",\"itemListElement\":[{\"@type\":\"ListItem\",\"position\":1,\"name\":\"Home\",\"item\":\"https:\/\/www.protect.airbus.com\/fr\/\"},{\"@type\":\"ListItem\",\"position\":2,\"name\":\"Cybers\u00e9curit\u00e9\",\"item\":\"https:\/\/www.protect.airbus.com\/fr\/cybersecurite\/\"},{\"@type\":\"ListItem\",\"position\":3,\"name\":\"Simulation et formation\"}]},{\"@type\":\"WebSite\",\"@id\":\"https:\/\/www.protect.airbus.com\/fr\/#website\",\"url\":\"https:\/\/www.protect.airbus.com\/fr\/\",\"name\":\"Airbus Protect\",\"description\":\"\",\"publisher\":{\"@id\":\"https:\/\/www.protect.airbus.com\/fr\/#organization\"},\"potentialAction\":[{\"@type\":\"SearchAction\",\"target\":{\"@type\":\"EntryPoint\",\"urlTemplate\":\"https:\/\/www.protect.airbus.com\/fr\/?s={search_term_string}\"},\"query-input\":{\"@type\":\"PropertyValueSpecification\",\"valueRequired\":true,\"valueName\":\"search_term_string\"}}],\"inLanguage\":\"fr-FR\"},{\"@type\":\"Organization\",\"@id\":\"https:\/\/www.protect.airbus.com\/fr\/#organization\",\"name\":\"Airbus Protect\",\"url\":\"https:\/\/www.protect.airbus.com\/fr\/\",\"logo\":{\"@type\":\"ImageObject\",\"inLanguage\":\"fr-FR\",\"@id\":\"https:\/\/www.protect.airbus.com\/fr\/#\/schema\/logo\/image\/\",\"url\":\"https:\/\/www.protect.airbus.com\/wp-content\/uploads\/2023\/05\/logo-airbus-protect-696-696.png\",\"contentUrl\":\"https:\/\/www.protect.airbus.com\/wp-content\/uploads\/2023\/05\/logo-airbus-protect-696-696.png\",\"width\":696,\"height\":696,\"caption\":\"Airbus Protect\"},\"image\":{\"@id\":\"https:\/\/www.protect.airbus.com\/fr\/#\/schema\/logo\/image\/\"},\"sameAs\":[\"https:\/\/www.linkedin.com\/company\/airbus-protect\/\",\"https:\/\/www.youtube.com\/@airbusprotect7483\"],\"contactPoint\":{\"@type\":\"ContactPoint\",\"email\":\"protect@airbus.com\",\"contactType\":\"customer service\",\"areaServed\":[\"GB\",\"FR\",\"ES\",\"DE\",\"BE\",\"CH\",\"PT\",\"DK\",\"AT\"],\"availableLanguage\":[\"en\",\"fr\",\"de\"]}}]}<\/script>\n<!-- \/ Yoast SEO Premium plugin. -->","yoast_head_json":{"title":"Cybersecurity: Simulation et formation | Airbus Protect","description":"Airbus Protect propose des formations \u00e0 vos employ\u00e9s pour leur partager l'importance de la cybers\u00e9curit\u00e9 dans notre quotidien professionnel.","robots":{"index":"index","follow":"follow","max-snippet":"max-snippet:-1","max-image-preview":"max-image-preview:large","max-video-preview":"max-video-preview:-1"},"canonical":"https:\/\/www.protect.airbus.com\/fr\/cybersecurite\/simulation-et-formation\/","og_locale":"fr_FR","og_type":"article","og_title":"Simulation et formation","og_description":"Airbus Protect propose des formations \u00e0 vos employ\u00e9s pour leur partager l'importance de la cybers\u00e9curit\u00e9 dans notre quotidien professionnel.","og_url":"https:\/\/www.protect.airbus.com\/fr\/cybersecurite\/simulation-et-formation\/","og_site_name":"Airbus Protect","article_modified_time":"2026-01-29T13:24:02+00:00","og_image":[{"width":1920,"height":582,"url":"https:\/\/www.protect.airbus.com\/wp-content\/uploads\/revslider\/header-cybersecurity-en\/bg-cybersecurity.png","type":"image\/png"}],"twitter_card":"summary_large_image","twitter_misc":{"Dur\u00e9e de lecture estim\u00e9e":"4 minutes"},"schema":{"@context":"https:\/\/schema.org","@graph":[{"@type":"Service","name":"Simulation et formation","url":"https:\/\/www.protect.airbus.com\/fr\/cybersecurite\/simulation-et-formation\/","provider":{"@id":"https:\/\/www.protect.airbus.com\/#organization"},"description":""},{"@type":"WebPage","@id":"https:\/\/www.protect.airbus.com\/fr\/cybersecurite\/simulation-et-formation\/","url":"https:\/\/www.protect.airbus.com\/fr\/cybersecurite\/simulation-et-formation\/","name":"Cybersecurity: Simulation et formation | Airbus Protect","isPartOf":{"@id":"https:\/\/www.protect.airbus.com\/fr\/#website"},"primaryImageOfPage":{"@id":"https:\/\/www.protect.airbus.com\/fr\/cybersecurite\/simulation-et-formation\/#primaryimage"},"image":{"@id":"https:\/\/www.protect.airbus.com\/fr\/cybersecurite\/simulation-et-formation\/#primaryimage"},"thumbnailUrl":"https:\/\/www.protect.airbus.com\/wp-content\/uploads\/revslider\/header-cybersecurity-en\/bg-cybersecurity.png","datePublished":"2022-06-20T14:18:24+00:00","dateModified":"2026-01-29T13:24:02+00:00","description":"Airbus Protect propose des formations \u00e0 vos employ\u00e9s pour leur partager l'importance de la cybers\u00e9curit\u00e9 dans notre quotidien professionnel.","breadcrumb":{"@id":"https:\/\/www.protect.airbus.com\/fr\/cybersecurite\/simulation-et-formation\/#breadcrumb"},"inLanguage":"fr-FR","potentialAction":[{"@type":"ReadAction","target":["https:\/\/www.protect.airbus.com\/fr\/cybersecurite\/simulation-et-formation\/"]}]},{"@type":"ImageObject","inLanguage":"fr-FR","@id":"https:\/\/www.protect.airbus.com\/fr\/cybersecurite\/simulation-et-formation\/#primaryimage","url":"https:\/\/www.protect.airbus.com\/wp-content\/uploads\/revslider\/header-cybersecurity-en\/bg-cybersecurity.png","contentUrl":"https:\/\/www.protect.airbus.com\/wp-content\/uploads\/revslider\/header-cybersecurity-en\/bg-cybersecurity.png","width":1920,"height":582},{"@type":"BreadcrumbList","@id":"https:\/\/www.protect.airbus.com\/fr\/cybersecurite\/simulation-et-formation\/#breadcrumb","itemListElement":[{"@type":"ListItem","position":1,"name":"Home","item":"https:\/\/www.protect.airbus.com\/fr\/"},{"@type":"ListItem","position":2,"name":"Cybers\u00e9curit\u00e9","item":"https:\/\/www.protect.airbus.com\/fr\/cybersecurite\/"},{"@type":"ListItem","position":3,"name":"Simulation et formation"}]},{"@type":"WebSite","@id":"https:\/\/www.protect.airbus.com\/fr\/#website","url":"https:\/\/www.protect.airbus.com\/fr\/","name":"Airbus Protect","description":"","publisher":{"@id":"https:\/\/www.protect.airbus.com\/fr\/#organization"},"potentialAction":[{"@type":"SearchAction","target":{"@type":"EntryPoint","urlTemplate":"https:\/\/www.protect.airbus.com\/fr\/?s={search_term_string}"},"query-input":{"@type":"PropertyValueSpecification","valueRequired":true,"valueName":"search_term_string"}}],"inLanguage":"fr-FR"},{"@type":"Organization","@id":"https:\/\/www.protect.airbus.com\/fr\/#organization","name":"Airbus Protect","url":"https:\/\/www.protect.airbus.com\/fr\/","logo":{"@type":"ImageObject","inLanguage":"fr-FR","@id":"https:\/\/www.protect.airbus.com\/fr\/#\/schema\/logo\/image\/","url":"https:\/\/www.protect.airbus.com\/wp-content\/uploads\/2023\/05\/logo-airbus-protect-696-696.png","contentUrl":"https:\/\/www.protect.airbus.com\/wp-content\/uploads\/2023\/05\/logo-airbus-protect-696-696.png","width":696,"height":696,"caption":"Airbus Protect"},"image":{"@id":"https:\/\/www.protect.airbus.com\/fr\/#\/schema\/logo\/image\/"},"sameAs":["https:\/\/www.linkedin.com\/company\/airbus-protect\/","https:\/\/www.youtube.com\/@airbusprotect7483"],"contactPoint":{"@type":"ContactPoint","email":"protect@airbus.com","contactType":"customer service","areaServed":["GB","FR","ES","DE","BE","CH","PT","DK","AT"],"availableLanguage":["en","fr","de"]}}]}},"_links":{"self":[{"href":"https:\/\/www.protect.airbus.com\/fr\/wp-json\/wp\/v2\/pages\/5512","targetHints":{"allow":["GET"]}}],"collection":[{"href":"https:\/\/www.protect.airbus.com\/fr\/wp-json\/wp\/v2\/pages"}],"about":[{"href":"https:\/\/www.protect.airbus.com\/fr\/wp-json\/wp\/v2\/types\/page"}],"author":[{"embeddable":true,"href":"https:\/\/www.protect.airbus.com\/fr\/wp-json\/wp\/v2\/users\/4"}],"replies":[{"embeddable":true,"href":"https:\/\/www.protect.airbus.com\/fr\/wp-json\/wp\/v2\/comments?post=5512"}],"version-history":[{"count":12,"href":"https:\/\/www.protect.airbus.com\/fr\/wp-json\/wp\/v2\/pages\/5512\/revisions"}],"predecessor-version":[{"id":46167,"href":"https:\/\/www.protect.airbus.com\/fr\/wp-json\/wp\/v2\/pages\/5512\/revisions\/46167"}],"up":[{"embeddable":true,"href":"https:\/\/www.protect.airbus.com\/fr\/wp-json\/wp\/v2\/pages\/6938"}],"wp:featuredmedia":[{"embeddable":true,"href":"https:\/\/www.protect.airbus.com\/fr\/wp-json\/wp\/v2\/media\/6467"}],"wp:attachment":[{"href":"https:\/\/www.protect.airbus.com\/fr\/wp-json\/wp\/v2\/media?parent=5512"}],"curies":[{"name":"wp","href":"https:\/\/api.w.org\/{rel}","templated":true}]}}