{"id":5508,"date":"2022-06-29T09:24:17","date_gmt":"2022-06-29T07:24:17","guid":{"rendered":"https:\/\/www.protect.airbus.com\/cybersecurite\/export-control-data-protection\/"},"modified":"2024-03-18T16:05:07","modified_gmt":"2024-03-18T15:05:07","slug":"controle-exportations-protection-donnees","status":"publish","type":"page","link":"https:\/\/www.protect.airbus.com\/fr\/cybersecurite\/controle-exportations-protection-donnees\/","title":{"rendered":"Contr\u00f4le des exportations et protection des donn\u00e9es"},"content":{"rendered":"<div class=\"wpb-content-wrapper\"><p>[vc_row][vc_column][vc_column_text h2_style=\u00a0\u00bbh2Big\u00a0\u00bb css=\u00a0\u00bb.vc_custom_1682674683298{margin-bottom: 0px !important;padding-bottom: 0px !important;}\u00a0\u00bb]<\/p>\n<h2><strong>Mettre en place une gouvernance des donn\u00e9es s\u00e9curis\u00e9e et am\u00e9lior\u00e9e de bout en bout<\/strong><\/h2>\n<p>[\/vc_column_text][vc_column_text p_style=\u00a0\u00bbpBig\u00a0\u00bb]<span style=\"font-weight: 400;\">De nos jours, les entreprises \u00e0 succ\u00e8s vivent gr\u00e2ce aux donn\u00e9es. Aucune organisation ne peut survivre et prosp\u00e9rer sans strat\u00e9gie efficace de gestion des donn\u00e9es. Plus que jamais, la gouvernance des donn\u00e9es, \u00e0 savoir la protection, la s\u00e9curisation et la gestion efficaces des donn\u00e9es, joue un r\u00f4le majeur. Une erreur peut exposer les entreprises \u00e0 des amendes de taille.<\/span><\/p>\n<p><span style=\"font-weight: 400;\">La gouvernance consiste en partie \u00e0 assurer la conformit\u00e9 aux r\u00e9glementations toujours plus strictes qui r\u00e9gissent de nombreux aspects, dont le contr\u00f4le des exportations.<\/span>[\/vc_column_text][vc_column_text h2_style=\u00a0\u00bbh2Big\u00a0\u00bb css=\u00a0\u00bb.vc_custom_1682674773065{margin-bottom: 0px !important;padding-bottom: 0px !important;}\u00a0\u00bb]<\/p>\n<h3>Ouvrir la voie<\/h3>\n<p>[\/vc_column_text][vc_column_text p_style=\u00a0\u00bbpHighlight\u00a0\u00bb]Nos consultants accompagnent depuis longtemps des entreprises dans le d\u00e9veloppement d&rsquo;une gouvernance compl\u00e8te des donn\u00e9es et des processus de protection des donn\u00e9es dans le but d\u2019honorer les exigences de conformit\u00e9 les plus strictes, du RGPD au contr\u00f4le des exportations.<\/p>\n<p>Notre \u00e9quipe d\u2019experts fournit les outils dont les entreprises ont besoin pour g\u00e9rer la disponibilit\u00e9, l\u2019utilisabilit\u00e9, l\u2019int\u00e9grit\u00e9 et la s\u00e9curit\u00e9 de leurs donn\u00e9es les plus critiques en accord avec les normes internes et les r\u00e9glementations externes sur les donn\u00e9es. Nous mettons \u00e0 profit notre vaste expertise pour mettre en place une gouvernance des donn\u00e9es efficace afin d\u2019assurer la coh\u00e9rence et la bonne utilisation des donn\u00e9es.[\/vc_column_text][vc_column_text h2_style=\u00a0\u00bbh2Big\u00a0\u00bb css=\u00a0\u00bb.vc_custom_1682674767417{margin-bottom: 0px !important;padding-bottom: 0px !important;}\u00a0\u00bb]<\/p>\n<h3>Pourquoi choisir Airbus\u00a0Protect\u00a0?<\/h3>\n<p>[\/vc_column_text][vc_column_text p_style=\u00a0\u00bbpHighlight\u00a0\u00bb]<span style=\"font-weight: 400;\">Nous vous aidons \u00e0 instaurer une gouvernance des donn\u00e9es s\u00e9curis\u00e9e et am\u00e9lior\u00e9e dans l&rsquo;ensemble de votre organisation en prenant en charge les activit\u00e9s suivantes\u00a0:<\/span><\/p>\n<ul>\n<li><span style=\"font-weight: 400;\">\u00a0Identifier et g\u00e9rer les risques gr\u00e2ce \u00e0 des m\u00e9thodes telles que les \u00e9valuations d&rsquo;impact relatives \u00e0 la protection des donn\u00e9es<\/span><\/li>\n<li><span style=\"font-weight: 400;\">Proposer des formations et des sessions de sensibilisation afin d&rsquo;instaurer une culture de la protection des donn\u00e9es<\/span><\/li>\n<li><span style=\"font-weight: 400;\">\u00c9tablir des syst\u00e8mes de gestion de la protection des donn\u00e9es en vue de garantir l&rsquo;am\u00e9lioration continue<\/span><\/li>\n<li><span style=\"font-weight: 400;\">Respecter les obligations de contr\u00f4le des exportations pour assurer une continuit\u00e9 des activit\u00e9s au-del\u00e0 des fronti\u00e8res<\/span><\/li>\n<li><span style=\"font-weight: 400;\">Mettre en \u0153uvre les processus garantissant la conformit\u00e9 avec la r\u00e9glementation, notamment le RGPD<\/span><\/li>\n<\/ul>\n<p>[\/vc_column_text][vc_column_text h2_style=\u00a0\u00bbh2Big\u00a0\u00bb css=\u00a0\u00bb.vc_custom_1682674846038{margin-bottom: 0px !important;padding-bottom: 0px !important;}\u00a0\u00bb]<\/p>\n<h3>Notre offre<\/h3>\n<p>[\/vc_column_text][vc_column_text p_style=\u00a0\u00bbpHighlight\u00a0\u00bb]<span style=\"font-weight: 400;\">Nous aidons les entreprises \u00e0 appliquer une gouvernance des donn\u00e9es de bout en bout et \u00e0 respecter les r\u00e9glementations cl\u00e9s. Notre portefeuille de protection des donn\u00e9es se d\u00e9compose en trois\u00a0piliers\u00a0:<\/span><\/p>\n<h4><strong>Classification des donn\u00e9es<\/strong><\/h4>\n<ul>\n<li><span style=\"font-weight: 400;\">Mappage des donn\u00e9es<\/span><\/li>\n<li><span style=\"font-weight: 400;\">Identification des probl\u00e8mes internes et r\u00e9glementaires<\/span><\/li>\n<li><span style=\"font-weight: 400;\">Identification et classification des actifs essentiels<\/span><\/li>\n<li><span style=\"font-weight: 400;\">Conformit\u00e9 aux normes (ISO) et aux r\u00e9glementations (p.\u00a0ex. RGPD, contr\u00f4le des exportations, PI)<\/span><\/li>\n<li><span style=\"font-weight: 400;\">Protection du savoir-faire et de la strat\u00e9gie<\/span><\/li>\n<\/ul>\n<h4><strong>Contr\u00f4le des exportations<\/strong><\/h4>\n<ul>\n<li style=\"font-weight: 400;\" aria-level=\"1\"><span style=\"font-weight: 400;\">Inventaire et classification des processus et des objets (tangibles et intangibles)<\/span><\/li>\n<li style=\"font-weight: 400;\" aria-level=\"1\"><span style=\"font-weight: 400;\">Formation et sensibilisation<\/span><\/li>\n<li style=\"font-weight: 400;\" aria-level=\"1\"><span style=\"font-weight: 400;\">Gestion des licences d&rsquo;exportation<\/span><\/li>\n<li style=\"font-weight: 400;\" aria-level=\"1\"><span style=\"font-weight: 400;\">Soutien \u00e0 la mise en conformit\u00e9<\/span><\/li>\n<li style=\"font-weight: 400;\" aria-level=\"1\"><span style=\"font-weight: 400;\">Gouvernance du contr\u00f4le des exportations<\/span><\/li>\n<li style=\"font-weight: 400;\" aria-level=\"1\"><span style=\"font-weight: 400;\">Audits et analyses des \u00e9carts<\/span><\/li>\n<\/ul>\n<h4><strong>RGPD<\/strong><\/h4>\n<ul>\n<li style=\"font-weight: 400;\" aria-level=\"1\"><span style=\"font-weight: 400;\">Identification du traitement des donn\u00e9es \u00e0 caract\u00e8re personnel<\/span><\/li>\n<li style=\"font-weight: 400;\" aria-level=\"1\"><span style=\"font-weight: 400;\">\u00c9valuations et audits de la conformit\u00e9 au RGPD<\/span><\/li>\n<li style=\"font-weight: 400;\" aria-level=\"1\"><span style=\"font-weight: 400;\">Gestion des risques<\/span><\/li>\n<li style=\"font-weight: 400;\" aria-level=\"1\"><span style=\"font-weight: 400;\">Confidentialit\u00e9 d\u00e8s la conception<\/span><\/li>\n<li style=\"font-weight: 400;\" aria-level=\"1\"><span style=\"font-weight: 400;\">Soutien \u00e0 la mise en conformit\u00e9<\/span><\/li>\n<li style=\"font-weight: 400;\" aria-level=\"1\"><span style=\"font-weight: 400;\">Gouvernance RGPD<\/span><\/li>\n<\/ul>\n<p>[\/vc_column_text]    <div class=\"hightlightBracket\">\n        <div class=\"glyphe\"><\/div>\n        <div class=\"highlight\"><p>Contactez-nous pour d\u00e9couvrir comment nous pouvons vous aider<\/p><\/div>\n    <\/div>\n    <div class=\"divBtCTA btAlignCenter\"><a href=\"https:\/\/www.protect.airbus.com\/fr\/contact\/\"  class=\"button btAuto\">Nous contacter<\/a><\/div><div class=\"whatsNew\" id=\"whatsnew_69d0ce6437305\">\n    <div class=\"lineTitleFilter\">\n        <div id=\"conteneur_h2_WhatsNew\"><h2>Des nouveaut\u00e9s ?<\/h2><\/div>\n        <div id=\"conteneur_FiltreWhatsNew\">\n\t\t\t<div class=\"filterWhatsNew\"><span>Filtre<\/span>\n\t\t\t\t<ul>\n\t\t\t\t\t<li><button type=\"button\" class=\"btFilter bfFilterNews\" onclick=\"fctFilterWhatsNew('news','cybersecurity','whatsnew_69d0ce6437305')\">Actualit\u00e9<\/button><\/li>\n\t\t\t\t\t<li><button type=\"button\" class=\"btFilter bfFilterWhitePaper\" onclick=\"fctFilterWhatsNew('whitepaper','cybersecurity','whatsnew_69d0ce6437305')\">Livre blanc<\/button><\/li>\n\t\t\t\t\t<li><button type=\"button\" class=\"btFilter bfFilterBlog\" onclick=\"fctFilterWhatsNew('blog','cybersecurity','whatsnew_69d0ce6437305')\">Blog<\/button><\/li>\n\t\t\t\t\t<li><button type=\"button\" class=\"btFilter bfFilterEvent\" onclick=\"fctFilterWhatsNew('event','cybersecurity','whatsnew_69d0ce6437305')\">\u00c9v\u00e9nement<\/button><\/li>\n\t\t\t\t<\/ul><\/div>\n\t\t\t<div id=\"whathsnew_glyphe\"><\/div>\n\t\t<\/div>\n    <\/div>\n\t\n    <div class=\"listWhatsNew\">\n        <\/div>\n    <div class=\"conteneurLineMoreInsight\"><div class=\"lineMoreInsight\"><a href=\"\/fr\/informations\/\">d\u00e9couvrir<\/a><\/div><\/div>\n<\/div>\n[\/vc_column][\/vc_row][vc_row][vc_column][\/vc_column][\/vc_row]<\/p>\n<\/div>","protected":false},"excerpt":{"rendered":"<p>[vc_row][vc_column][vc_column_text h2_style=\u00a0\u00bbh2Big\u00a0\u00bb css=\u00a0\u00bb.vc_custom_1682674683298{margin-bottom: 0px !important;padding-bottom: 0px !important;}\u00a0\u00bb] Mettre en place une gouvernance des donn\u00e9es s\u00e9curis\u00e9e et am\u00e9lior\u00e9e de bout en bout [\/vc_column_text][vc_column_text p_style=\u00a0\u00bbpBig\u00a0\u00bb]De nos jours, les entreprises \u00e0 succ\u00e8s vivent gr\u00e2ce aux donn\u00e9es. Aucune organisation ne peut survivre et prosp\u00e9rer sans strat\u00e9gie efficace de gestion des donn\u00e9es. Plus que jamais, la gouvernance des donn\u00e9es, \u00e0 [&hellip;]<\/p>\n","protected":false},"author":4,"featured_media":821,"parent":6938,"menu_order":0,"comment_status":"closed","ping_status":"closed","template":"","meta":{"_acf_changed":false,"content-type":"","_relevanssi_hide_post":"","_relevanssi_hide_content":"","_relevanssi_pin_for_all":"","_relevanssi_pin_keywords":"","_relevanssi_unpin_keywords":"","_relevanssi_related_keywords":"","_relevanssi_related_include_ids":"","_relevanssi_related_exclude_ids":"","_relevanssi_related_no_append":"","_relevanssi_related_not_related":"","_relevanssi_related_posts":"","_relevanssi_noindex_reason":"","footnotes":""},"class_list":["post-5508","page","type-page","status-publish","has-post-thumbnail","hentry"],"acf":[],"yoast_head":"<!-- This site is optimized with the Yoast SEO Premium plugin v27.2 (Yoast SEO v27.2) - https:\/\/yoast.com\/product\/yoast-seo-premium-wordpress\/ -->\n<title>Contr\u00f4le des exportations : assurer la gouvernance des donn\u00e9es<\/title>\n<meta name=\"description\" content=\"Assurez la conformit\u00e9 et s\u00e9curisez vos donn\u00e9es gr\u00e2ce \u00e0 un contr\u00f4le efficace des exportations.\" \/>\n<meta name=\"robots\" content=\"index, follow, max-snippet:-1, max-image-preview:large, max-video-preview:-1\" \/>\n<link rel=\"canonical\" href=\"https:\/\/www.protect.airbus.com\/fr\/cybersecurite\/controle-exportations-protection-donnees\/\" \/>\n<meta property=\"og:locale\" content=\"fr_FR\" \/>\n<meta property=\"og:type\" content=\"article\" \/>\n<meta property=\"og:title\" content=\"Contr\u00f4le des exportations et protection des donn\u00e9es\" \/>\n<meta property=\"og:description\" content=\"Assurez la conformit\u00e9 et s\u00e9curisez vos donn\u00e9es gr\u00e2ce \u00e0 un contr\u00f4le efficace des exportations.\" \/>\n<meta property=\"og:url\" content=\"https:\/\/www.protect.airbus.com\/fr\/cybersecurite\/controle-exportations-protection-donnees\/\" \/>\n<meta property=\"og:site_name\" content=\"Airbus Protect\" \/>\n<meta property=\"article:modified_time\" content=\"2024-03-18T15:05:07+00:00\" \/>\n<meta property=\"og:image\" content=\"https:\/\/www.protect.airbus.com\/wp-content\/uploads\/2022\/06\/header-sustainability-sous-page.jpg\" \/>\n\t<meta property=\"og:image:width\" content=\"1920\" \/>\n\t<meta property=\"og:image:height\" content=\"358\" \/>\n\t<meta property=\"og:image:type\" content=\"image\/jpeg\" \/>\n<meta name=\"twitter:card\" content=\"summary_large_image\" \/>\n<meta name=\"twitter:label1\" content=\"Dur\u00e9e de lecture estim\u00e9e\" \/>\n\t<meta name=\"twitter:data1\" content=\"3 minutes\" \/>\n<script type=\"application\/ld+json\" class=\"yoast-schema-graph\">{\"@context\":\"https:\/\/schema.org\",\"@graph\":[{\"@type\":\"WebPage\",\"@id\":\"https:\/\/www.protect.airbus.com\/fr\/cybersecurite\/controle-exportations-protection-donnees\/\",\"url\":\"https:\/\/www.protect.airbus.com\/fr\/cybersecurite\/controle-exportations-protection-donnees\/\",\"name\":\"Contr\u00f4le des exportations : assurer la gouvernance des donn\u00e9es\",\"isPartOf\":{\"@id\":\"https:\/\/www.protect.airbus.com\/fr\/#website\"},\"primaryImageOfPage\":{\"@id\":\"https:\/\/www.protect.airbus.com\/fr\/cybersecurite\/controle-exportations-protection-donnees\/#primaryimage\"},\"image\":{\"@id\":\"https:\/\/www.protect.airbus.com\/fr\/cybersecurite\/controle-exportations-protection-donnees\/#primaryimage\"},\"thumbnailUrl\":\"https:\/\/www.protect.airbus.com\/wp-content\/uploads\/2022\/06\/header-sustainability-sous-page.jpg\",\"datePublished\":\"2022-06-29T07:24:17+00:00\",\"dateModified\":\"2024-03-18T15:05:07+00:00\",\"description\":\"Assurez la conformit\u00e9 et s\u00e9curisez vos donn\u00e9es gr\u00e2ce \u00e0 un contr\u00f4le efficace des exportations.\",\"breadcrumb\":{\"@id\":\"https:\/\/www.protect.airbus.com\/fr\/cybersecurite\/controle-exportations-protection-donnees\/#breadcrumb\"},\"inLanguage\":\"fr-FR\",\"potentialAction\":[{\"@type\":\"ReadAction\",\"target\":[\"https:\/\/www.protect.airbus.com\/fr\/cybersecurite\/controle-exportations-protection-donnees\/\"]}]},{\"@type\":\"ImageObject\",\"inLanguage\":\"fr-FR\",\"@id\":\"https:\/\/www.protect.airbus.com\/fr\/cybersecurite\/controle-exportations-protection-donnees\/#primaryimage\",\"url\":\"https:\/\/www.protect.airbus.com\/wp-content\/uploads\/2022\/06\/header-sustainability-sous-page.jpg\",\"contentUrl\":\"https:\/\/www.protect.airbus.com\/wp-content\/uploads\/2022\/06\/header-sustainability-sous-page.jpg\",\"width\":1920,\"height\":358},{\"@type\":\"BreadcrumbList\",\"@id\":\"https:\/\/www.protect.airbus.com\/fr\/cybersecurite\/controle-exportations-protection-donnees\/#breadcrumb\",\"itemListElement\":[{\"@type\":\"ListItem\",\"position\":1,\"name\":\"Home\",\"item\":\"https:\/\/www.protect.airbus.com\/fr\/\"},{\"@type\":\"ListItem\",\"position\":2,\"name\":\"Cybers\u00e9curit\u00e9\",\"item\":\"https:\/\/www.protect.airbus.com\/fr\/cybersecurite\/\"},{\"@type\":\"ListItem\",\"position\":3,\"name\":\"Contr\u00f4le des exportations et protection des donn\u00e9es\"}]},{\"@type\":\"WebSite\",\"@id\":\"https:\/\/www.protect.airbus.com\/fr\/#website\",\"url\":\"https:\/\/www.protect.airbus.com\/fr\/\",\"name\":\"Airbus Protect\",\"description\":\"\",\"publisher\":{\"@id\":\"https:\/\/www.protect.airbus.com\/fr\/#organization\"},\"potentialAction\":[{\"@type\":\"SearchAction\",\"target\":{\"@type\":\"EntryPoint\",\"urlTemplate\":\"https:\/\/www.protect.airbus.com\/fr\/?s={search_term_string}\"},\"query-input\":{\"@type\":\"PropertyValueSpecification\",\"valueRequired\":true,\"valueName\":\"search_term_string\"}}],\"inLanguage\":\"fr-FR\"},{\"@type\":\"Organization\",\"@id\":\"https:\/\/www.protect.airbus.com\/fr\/#organization\",\"name\":\"Airbus Protect\",\"url\":\"https:\/\/www.protect.airbus.com\/fr\/\",\"logo\":{\"@type\":\"ImageObject\",\"inLanguage\":\"fr-FR\",\"@id\":\"https:\/\/www.protect.airbus.com\/fr\/#\/schema\/logo\/image\/\",\"url\":\"https:\/\/www.protect.airbus.com\/wp-content\/uploads\/2023\/05\/logo-airbus-protect-696-696.png\",\"contentUrl\":\"https:\/\/www.protect.airbus.com\/wp-content\/uploads\/2023\/05\/logo-airbus-protect-696-696.png\",\"width\":696,\"height\":696,\"caption\":\"Airbus Protect\"},\"image\":{\"@id\":\"https:\/\/www.protect.airbus.com\/fr\/#\/schema\/logo\/image\/\"},\"sameAs\":[\"https:\/\/www.linkedin.com\/company\/airbus-protect\/\",\"https:\/\/www.youtube.com\/@airbusprotect7483\"],\"contactPoint\":{\"@type\":\"ContactPoint\",\"email\":\"protect@airbus.com\",\"contactType\":\"customer service\",\"areaServed\":[\"GB\",\"FR\",\"ES\",\"DE\",\"BE\",\"CH\",\"PT\",\"DK\",\"AT\"],\"availableLanguage\":[\"en\",\"fr\",\"de\"]}}]}<\/script>\n<!-- \/ Yoast SEO Premium plugin. -->","yoast_head_json":{"title":"Contr\u00f4le des exportations : assurer la gouvernance des donn\u00e9es","description":"Assurez la conformit\u00e9 et s\u00e9curisez vos donn\u00e9es gr\u00e2ce \u00e0 un contr\u00f4le efficace des exportations.","robots":{"index":"index","follow":"follow","max-snippet":"max-snippet:-1","max-image-preview":"max-image-preview:large","max-video-preview":"max-video-preview:-1"},"canonical":"https:\/\/www.protect.airbus.com\/fr\/cybersecurite\/controle-exportations-protection-donnees\/","og_locale":"fr_FR","og_type":"article","og_title":"Contr\u00f4le des exportations et protection des donn\u00e9es","og_description":"Assurez la conformit\u00e9 et s\u00e9curisez vos donn\u00e9es gr\u00e2ce \u00e0 un contr\u00f4le efficace des exportations.","og_url":"https:\/\/www.protect.airbus.com\/fr\/cybersecurite\/controle-exportations-protection-donnees\/","og_site_name":"Airbus Protect","article_modified_time":"2024-03-18T15:05:07+00:00","og_image":[{"width":1920,"height":358,"url":"https:\/\/www.protect.airbus.com\/wp-content\/uploads\/2022\/06\/header-sustainability-sous-page.jpg","type":"image\/jpeg"}],"twitter_card":"summary_large_image","twitter_misc":{"Dur\u00e9e de lecture estim\u00e9e":"3 minutes"},"schema":{"@context":"https:\/\/schema.org","@graph":[{"@type":"WebPage","@id":"https:\/\/www.protect.airbus.com\/fr\/cybersecurite\/controle-exportations-protection-donnees\/","url":"https:\/\/www.protect.airbus.com\/fr\/cybersecurite\/controle-exportations-protection-donnees\/","name":"Contr\u00f4le des exportations : assurer la gouvernance des donn\u00e9es","isPartOf":{"@id":"https:\/\/www.protect.airbus.com\/fr\/#website"},"primaryImageOfPage":{"@id":"https:\/\/www.protect.airbus.com\/fr\/cybersecurite\/controle-exportations-protection-donnees\/#primaryimage"},"image":{"@id":"https:\/\/www.protect.airbus.com\/fr\/cybersecurite\/controle-exportations-protection-donnees\/#primaryimage"},"thumbnailUrl":"https:\/\/www.protect.airbus.com\/wp-content\/uploads\/2022\/06\/header-sustainability-sous-page.jpg","datePublished":"2022-06-29T07:24:17+00:00","dateModified":"2024-03-18T15:05:07+00:00","description":"Assurez la conformit\u00e9 et s\u00e9curisez vos donn\u00e9es gr\u00e2ce \u00e0 un contr\u00f4le efficace des exportations.","breadcrumb":{"@id":"https:\/\/www.protect.airbus.com\/fr\/cybersecurite\/controle-exportations-protection-donnees\/#breadcrumb"},"inLanguage":"fr-FR","potentialAction":[{"@type":"ReadAction","target":["https:\/\/www.protect.airbus.com\/fr\/cybersecurite\/controle-exportations-protection-donnees\/"]}]},{"@type":"ImageObject","inLanguage":"fr-FR","@id":"https:\/\/www.protect.airbus.com\/fr\/cybersecurite\/controle-exportations-protection-donnees\/#primaryimage","url":"https:\/\/www.protect.airbus.com\/wp-content\/uploads\/2022\/06\/header-sustainability-sous-page.jpg","contentUrl":"https:\/\/www.protect.airbus.com\/wp-content\/uploads\/2022\/06\/header-sustainability-sous-page.jpg","width":1920,"height":358},{"@type":"BreadcrumbList","@id":"https:\/\/www.protect.airbus.com\/fr\/cybersecurite\/controle-exportations-protection-donnees\/#breadcrumb","itemListElement":[{"@type":"ListItem","position":1,"name":"Home","item":"https:\/\/www.protect.airbus.com\/fr\/"},{"@type":"ListItem","position":2,"name":"Cybers\u00e9curit\u00e9","item":"https:\/\/www.protect.airbus.com\/fr\/cybersecurite\/"},{"@type":"ListItem","position":3,"name":"Contr\u00f4le des exportations et protection des donn\u00e9es"}]},{"@type":"WebSite","@id":"https:\/\/www.protect.airbus.com\/fr\/#website","url":"https:\/\/www.protect.airbus.com\/fr\/","name":"Airbus Protect","description":"","publisher":{"@id":"https:\/\/www.protect.airbus.com\/fr\/#organization"},"potentialAction":[{"@type":"SearchAction","target":{"@type":"EntryPoint","urlTemplate":"https:\/\/www.protect.airbus.com\/fr\/?s={search_term_string}"},"query-input":{"@type":"PropertyValueSpecification","valueRequired":true,"valueName":"search_term_string"}}],"inLanguage":"fr-FR"},{"@type":"Organization","@id":"https:\/\/www.protect.airbus.com\/fr\/#organization","name":"Airbus Protect","url":"https:\/\/www.protect.airbus.com\/fr\/","logo":{"@type":"ImageObject","inLanguage":"fr-FR","@id":"https:\/\/www.protect.airbus.com\/fr\/#\/schema\/logo\/image\/","url":"https:\/\/www.protect.airbus.com\/wp-content\/uploads\/2023\/05\/logo-airbus-protect-696-696.png","contentUrl":"https:\/\/www.protect.airbus.com\/wp-content\/uploads\/2023\/05\/logo-airbus-protect-696-696.png","width":696,"height":696,"caption":"Airbus Protect"},"image":{"@id":"https:\/\/www.protect.airbus.com\/fr\/#\/schema\/logo\/image\/"},"sameAs":["https:\/\/www.linkedin.com\/company\/airbus-protect\/","https:\/\/www.youtube.com\/@airbusprotect7483"],"contactPoint":{"@type":"ContactPoint","email":"protect@airbus.com","contactType":"customer service","areaServed":["GB","FR","ES","DE","BE","CH","PT","DK","AT"],"availableLanguage":["en","fr","de"]}}]}},"_links":{"self":[{"href":"https:\/\/www.protect.airbus.com\/fr\/wp-json\/wp\/v2\/pages\/5508","targetHints":{"allow":["GET"]}}],"collection":[{"href":"https:\/\/www.protect.airbus.com\/fr\/wp-json\/wp\/v2\/pages"}],"about":[{"href":"https:\/\/www.protect.airbus.com\/fr\/wp-json\/wp\/v2\/types\/page"}],"author":[{"embeddable":true,"href":"https:\/\/www.protect.airbus.com\/fr\/wp-json\/wp\/v2\/users\/4"}],"replies":[{"embeddable":true,"href":"https:\/\/www.protect.airbus.com\/fr\/wp-json\/wp\/v2\/comments?post=5508"}],"version-history":[{"count":4,"href":"https:\/\/www.protect.airbus.com\/fr\/wp-json\/wp\/v2\/pages\/5508\/revisions"}],"predecessor-version":[{"id":9300,"href":"https:\/\/www.protect.airbus.com\/fr\/wp-json\/wp\/v2\/pages\/5508\/revisions\/9300"}],"up":[{"embeddable":true,"href":"https:\/\/www.protect.airbus.com\/fr\/wp-json\/wp\/v2\/pages\/6938"}],"wp:featuredmedia":[{"embeddable":true,"href":"https:\/\/www.protect.airbus.com\/fr\/wp-json\/wp\/v2\/media\/821"}],"wp:attachment":[{"href":"https:\/\/www.protect.airbus.com\/fr\/wp-json\/wp\/v2\/media?parent=5508"}],"curies":[{"name":"wp","href":"https:\/\/api.w.org\/{rel}","templated":true}]}}