{"id":5149,"date":"2022-06-28T11:13:29","date_gmt":"2022-06-28T09:13:29","guid":{"rendered":"https:\/\/www.protect.airbus.com\/cloud\/"},"modified":"2025-10-07T11:43:52","modified_gmt":"2025-10-07T09:43:52","slug":"cloud","status":"publish","type":"page","link":"https:\/\/www.protect.airbus.com\/fr\/cloud\/","title":{"rendered":"S\u00e9curit\u00e9 des donn\u00e9es Cloud"},"content":{"rendered":"<div class=\"wpb-content-wrapper\"><p>[vc_row][vc_column][vc_column_text p_style=\u00a0\u00bbpChapeau\u00a0\u00bb]<span style=\"font-weight: 400;\">Dans tous les secteurs, les organisations migrent leurs applications, syst\u00e8mes et donn\u00e9es vers le cloud, la plupart du temps dans un environnement hybride ou multi-cloud. L\u2019adoption d&rsquo;une strat\u00e9gie \u00ab\u00a0cloud-first\u00a0\u00bb permet une certaine \u00e9volutivit\u00e9, cr\u00e9e des \u00e9conomies d\u2019\u00e9chelle et am\u00e9liore la collaboration et l\u2019innovation.<\/span>[\/vc_column_text][vc_column_text h2_style=\u00a0\u00bbh2Big\u00a0\u00bb p_style=\u00a0\u00bbpHighlight\u00a0\u00bb]<span style=\"font-weight: 400;\">Toutefois, en raison de l\u2019absence de p\u00e9rim\u00e8tre fixe, l\u2019adoption cloud expose les dirigeants \u00e0 un paysage de cybermenaces bien plus complexe.<\/span><\/p>\n<p><span style=\"font-weight: 400;\">Si vous ajoutez \u00e0 cela les probl\u00e8mes actuels de souverainet\u00e9 et de conformit\u00e9 des donn\u00e9es, la s\u00e9curisation des environnements cloud est un r\u00e9el d\u00e9fi.<\/span><\/p>\n<p><span style=\"font-weight: 400;\">Disposant de plus de trois\u00a0d\u00e9cennies d\u2019exp\u00e9rience dans la protection d\u2019activit\u00e9s gouvernementales, de d\u00e9fense et critiques, Airbus\u00a0Protect a toutes les cartes en main pour vous aider.<\/span><\/p>\n<h3><b>Pourquoi choisir Airbus\u00a0Protect\u00a0?<\/b><\/h3>\n<ul>\n<li><span style=\"font-weight: 400;\">Solutions de s\u00e9curit\u00e9 cloud de bout en bout qui couvrent chaque \u00e9tape du parcours de migration vers le cloud<\/span><\/li>\n<li><span style=\"font-weight: 400;\">Connaissances approfondies de la r\u00e9glementation et de la conformit\u00e9<\/span><\/li>\n<li><span style=\"font-weight: 400;\">Exp\u00e9rience dans la r\u00e9solution des probl\u00e8mes de gestion des identit\u00e9s et des acc\u00e8s et des violations de donn\u00e9es<\/span><\/li>\n<li><span style=\"font-weight: 400;\">Services de d\u00e9tection et de r\u00e9ponse aux menaces sur mesure pour le cloud<\/span><\/li>\n<li><span style=\"font-weight: 400;\">Capacit\u00e9s agnostiques de fournisseur cloud comprenant des mod\u00e8les de services IaaS, PaaS et SaaS con\u00e7us pour les environnements cloud publics, priv\u00e9s et hybrides<\/span><\/li>\n<li><span style=\"font-weight: 400;\">Approche hautement personnalis\u00e9e qui donne la priorit\u00e9 aux besoins uniques du client<\/span><\/li>\n<\/ul>\n<h3><b>Notre offre<\/b><\/h3>\n<p><span style=\"font-weight: 400;\">Gr\u00e2ce au mod\u00e8le NIST reconnu, nous aidons nos clients \u00e0 assurer l\u2019avenir de leurs capacit\u00e9s de s\u00e9curit\u00e9 cloud au moyen des solutions suivantes.<\/span><\/p>\n<h4><b>Identifier<\/b><\/h4>\n<p><span style=\"font-weight: 400;\">Identifiez et \u00e9valuez les risques cloud \u00e0 l\u2019aide de nos services de conseil et de formation :<\/span><\/p>\n<ul>\n<li><span style=\"font-weight: 400;\">Conseil en gouvernance de la cybers\u00e9curit\u00e9, en mati\u00e8re de risque et de conformit\u00e9<\/span><\/li>\n<li><span style=\"font-weight: 400;\">Architecture, conception et int\u00e9gration\u00c9valuation des risques et de la maturit\u00e9<\/span><\/li>\n<li><span style=\"font-weight: 400;\">Services de simulation et de formation dans notre solution CyberRange<\/span><\/li>\n<\/ul>\n<h4><b>Prot\u00e9ger<\/b><\/h4>\n<p><span style=\"font-weight: 400;\">S\u00e9curisez vos environnements cloud en faisant appel \u00e0 nos services\u00a0:<\/span><\/p>\n<ul>\n<li>Architecture, design and integration<\/li>\n<li><span style=\"font-weight: 400;\">Gestion des crises et des op\u00e9rations de s\u00e9curit\u00e9<\/span><\/li>\n<li><span style=\"font-weight: 400;\">S\u00e9curit\u00e9 des r\u00e9seaux, des donn\u00e9es et des points de terminaison<\/span><\/li>\n<\/ul>\n<h4><b>D\u00e9tecter<\/b><\/h4>\n<p><span style=\"font-weight: 400;\">D\u00e9tectez et att\u00e9nuez efficacement les menaces dans les environnements cloud pour \u00e9viter toute perturbation grave gr\u00e2ce aux outils suivants\u00a0:<\/span><\/p>\n<ul>\n<li><span style=\"font-weight: 400;\">Services SOC pour les environnements IT\/OT<\/span><\/li>\n<li><span style=\"font-weight: 400;\">Cyber Threat Intelligence<\/span><\/li>\n<li><span style=\"font-weight: 400;\">Test d\u2019intrusion et red team<\/span><\/li>\n<\/ul>\n<h4><b>R\u00e9pondre<\/b><\/h4>\n<p><span style=\"font-weight: 400;\">Notre \u00e9quipe d\u2019intervention d\u00e9di\u00e9e aux incidents de s\u00e9curit\u00e9 informatique r\u00e9pond rapidement et efficacement aux incidents dans le cloud. Une fois qu&rsquo;un incident est contenu, l&rsquo;\u00e9quipe met en place des strat\u00e9gies d&rsquo;att\u00e9nuation et vous aide \u00e0 am\u00e9liorer votre maturit\u00e9 en mati\u00e8re de cybers\u00e9curit\u00e9.<\/span>[\/vc_column_text][\/vc_column][\/vc_row][vc_row][vc_column]<div class=\"blocMoreInfo\">\n    <h2 class=\"h2Big\">Discutez avec nos experts en s\u00e9curit\u00e9 [cloud]<\/h2>[vc_column_text p_style=\u00a0\u00bbpHighlight\u00a0\u00bb]<span style=\"font-weight: 400;\">Contactez-nous pour d\u00e9couvrir comment nous pouvons vous aider.<\/span>[\/vc_column_text]<div class=\"divBtCTA btAlignCenter\"><a href=\"https:\/\/www.protect.airbus.com\/contact\/\"  class=\"button btGeneral\">Nous contacter<\/a><\/div>    <\/div>[\/vc_column][\/vc_row]<\/p>\n<\/div>","protected":false},"excerpt":{"rendered":"<p>[vc_row][vc_column][vc_column_text p_style=\u00a0\u00bbpChapeau\u00a0\u00bb]Dans tous les secteurs, les organisations migrent leurs applications, syst\u00e8mes et donn\u00e9es vers le cloud, la plupart du temps dans un environnement hybride ou multi-cloud. L\u2019adoption d&rsquo;une strat\u00e9gie \u00ab\u00a0cloud-first\u00a0\u00bb permet une certaine \u00e9volutivit\u00e9, cr\u00e9e des \u00e9conomies d\u2019\u00e9chelle et am\u00e9liore la collaboration et l\u2019innovation.[\/vc_column_text][vc_column_text h2_style=\u00a0\u00bbh2Big\u00a0\u00bb p_style=\u00a0\u00bbpHighlight\u00a0\u00bb]Toutefois, en raison de l\u2019absence de p\u00e9rim\u00e8tre fixe, l\u2019adoption cloud [&hellip;]<\/p>\n","protected":false},"author":4,"featured_media":2453,"parent":0,"menu_order":0,"comment_status":"closed","ping_status":"closed","template":"","meta":{"_acf_changed":false,"content-type":"","_relevanssi_hide_post":"","_relevanssi_hide_content":"","_relevanssi_pin_for_all":"","_relevanssi_pin_keywords":"","_relevanssi_unpin_keywords":"","_relevanssi_related_keywords":"","_relevanssi_related_include_ids":"","_relevanssi_related_exclude_ids":"","_relevanssi_related_no_append":"","_relevanssi_related_not_related":"","_relevanssi_related_posts":"","_relevanssi_noindex_reason":"","footnotes":""},"class_list":["post-5149","page","type-page","status-publish","has-post-thumbnail","hentry"],"acf":[],"yoast_head":"<!-- This site is optimized with the Yoast SEO Premium plugin v27.2 (Yoast SEO v27.2) - https:\/\/yoast.com\/product\/yoast-seo-premium-wordpress\/ -->\n<title>Prot\u00e9gez vos donn\u00e9es Cloud avec les experts Airbus Protect<\/title>\n<meta name=\"description\" content=\"D\u00e9couvrez comment Airbus Protect s\u00e9curise les donn\u00e9es du Cloud pour la d\u00e9fense, gouvernement et les infrastructures critiques.\" \/>\n<meta name=\"robots\" content=\"index, follow, max-snippet:-1, max-image-preview:large, max-video-preview:-1\" \/>\n<link rel=\"canonical\" href=\"https:\/\/www.protect.airbus.com\/fr\/cloud\/\" \/>\n<meta property=\"og:locale\" content=\"fr_FR\" \/>\n<meta property=\"og:type\" content=\"article\" \/>\n<meta property=\"og:title\" content=\"S\u00e9curit\u00e9 des donn\u00e9es Cloud\" \/>\n<meta property=\"og:description\" content=\"D\u00e9couvrez comment Airbus Protect s\u00e9curise les donn\u00e9es du Cloud pour la d\u00e9fense, gouvernement et les infrastructures critiques.\" \/>\n<meta property=\"og:url\" content=\"https:\/\/www.protect.airbus.com\/fr\/cloud\/\" \/>\n<meta property=\"og:site_name\" content=\"Airbus Protect\" \/>\n<meta property=\"article:modified_time\" content=\"2025-10-07T09:43:52+00:00\" \/>\n<meta property=\"og:image\" content=\"https:\/\/www.protect.airbus.com\/wp-content\/uploads\/2022\/06\/header-cloud.jpg\" \/>\n\t<meta property=\"og:image:width\" content=\"1920\" \/>\n\t<meta property=\"og:image:height\" content=\"358\" \/>\n\t<meta property=\"og:image:type\" content=\"image\/jpeg\" \/>\n<meta name=\"twitter:card\" content=\"summary_large_image\" \/>\n<meta name=\"twitter:label1\" content=\"Dur\u00e9e de lecture estim\u00e9e\" \/>\n\t<meta name=\"twitter:data1\" content=\"3 minutes\" \/>\n<script type=\"application\/ld+json\" class=\"yoast-schema-graph\">{\"@context\":\"https:\/\/schema.org\",\"@graph\":[{\"@type\":\"Service\",\"name\":\"S\u00e9curit\u00e9 des donn\u00e9es Cloud\",\"url\":\"https:\/\/www.protect.airbus.com\/fr\/cloud\/\",\"provider\":{\"@id\":\"https:\/\/www.protect.airbus.com\/#organization\"},\"description\":\"\"},{\"@type\":\"WebPage\",\"@id\":\"https:\/\/www.protect.airbus.com\/fr\/cloud\/\",\"url\":\"https:\/\/www.protect.airbus.com\/fr\/cloud\/\",\"name\":\"Prot\u00e9gez vos donn\u00e9es Cloud avec les experts Airbus Protect\",\"isPartOf\":{\"@id\":\"https:\/\/www.protect.airbus.com\/fr\/#website\"},\"primaryImageOfPage\":{\"@id\":\"https:\/\/www.protect.airbus.com\/fr\/cloud\/#primaryimage\"},\"image\":{\"@id\":\"https:\/\/www.protect.airbus.com\/fr\/cloud\/#primaryimage\"},\"thumbnailUrl\":\"https:\/\/www.protect.airbus.com\/wp-content\/uploads\/2022\/06\/header-cloud.jpg\",\"datePublished\":\"2022-06-28T09:13:29+00:00\",\"dateModified\":\"2025-10-07T09:43:52+00:00\",\"description\":\"D\u00e9couvrez comment Airbus Protect s\u00e9curise les donn\u00e9es du Cloud pour la d\u00e9fense, gouvernement et les infrastructures critiques.\",\"breadcrumb\":{\"@id\":\"https:\/\/www.protect.airbus.com\/fr\/cloud\/#breadcrumb\"},\"inLanguage\":\"fr-FR\",\"potentialAction\":[{\"@type\":\"ReadAction\",\"target\":[\"https:\/\/www.protect.airbus.com\/fr\/cloud\/\"]}]},{\"@type\":\"ImageObject\",\"inLanguage\":\"fr-FR\",\"@id\":\"https:\/\/www.protect.airbus.com\/fr\/cloud\/#primaryimage\",\"url\":\"https:\/\/www.protect.airbus.com\/wp-content\/uploads\/2022\/06\/header-cloud.jpg\",\"contentUrl\":\"https:\/\/www.protect.airbus.com\/wp-content\/uploads\/2022\/06\/header-cloud.jpg\",\"width\":1920,\"height\":358},{\"@type\":\"BreadcrumbList\",\"@id\":\"https:\/\/www.protect.airbus.com\/fr\/cloud\/#breadcrumb\",\"itemListElement\":[{\"@type\":\"ListItem\",\"position\":1,\"name\":\"Home\",\"item\":\"https:\/\/www.protect.airbus.com\/fr\/\"},{\"@type\":\"ListItem\",\"position\":2,\"name\":\"S\u00e9curit\u00e9 des donn\u00e9es Cloud\"}]},{\"@type\":\"WebSite\",\"@id\":\"https:\/\/www.protect.airbus.com\/fr\/#website\",\"url\":\"https:\/\/www.protect.airbus.com\/fr\/\",\"name\":\"Airbus Protect\",\"description\":\"\",\"publisher\":{\"@id\":\"https:\/\/www.protect.airbus.com\/fr\/#organization\"},\"potentialAction\":[{\"@type\":\"SearchAction\",\"target\":{\"@type\":\"EntryPoint\",\"urlTemplate\":\"https:\/\/www.protect.airbus.com\/fr\/?s={search_term_string}\"},\"query-input\":{\"@type\":\"PropertyValueSpecification\",\"valueRequired\":true,\"valueName\":\"search_term_string\"}}],\"inLanguage\":\"fr-FR\"},{\"@type\":\"Organization\",\"@id\":\"https:\/\/www.protect.airbus.com\/fr\/#organization\",\"name\":\"Airbus Protect\",\"url\":\"https:\/\/www.protect.airbus.com\/fr\/\",\"logo\":{\"@type\":\"ImageObject\",\"inLanguage\":\"fr-FR\",\"@id\":\"https:\/\/www.protect.airbus.com\/fr\/#\/schema\/logo\/image\/\",\"url\":\"https:\/\/www.protect.airbus.com\/wp-content\/uploads\/2023\/05\/logo-airbus-protect-696-696.png\",\"contentUrl\":\"https:\/\/www.protect.airbus.com\/wp-content\/uploads\/2023\/05\/logo-airbus-protect-696-696.png\",\"width\":696,\"height\":696,\"caption\":\"Airbus Protect\"},\"image\":{\"@id\":\"https:\/\/www.protect.airbus.com\/fr\/#\/schema\/logo\/image\/\"},\"sameAs\":[\"https:\/\/www.linkedin.com\/company\/airbus-protect\/\",\"https:\/\/www.youtube.com\/@airbusprotect7483\"],\"contactPoint\":{\"@type\":\"ContactPoint\",\"email\":\"protect@airbus.com\",\"contactType\":\"customer service\",\"areaServed\":[\"GB\",\"FR\",\"ES\",\"DE\",\"BE\",\"CH\",\"PT\",\"DK\",\"AT\"],\"availableLanguage\":[\"en\",\"fr\",\"de\"]}}]}<\/script>\n<!-- \/ Yoast SEO Premium plugin. -->","yoast_head_json":{"title":"Prot\u00e9gez vos donn\u00e9es Cloud avec les experts Airbus Protect","description":"D\u00e9couvrez comment Airbus Protect s\u00e9curise les donn\u00e9es du Cloud pour la d\u00e9fense, gouvernement et les infrastructures critiques.","robots":{"index":"index","follow":"follow","max-snippet":"max-snippet:-1","max-image-preview":"max-image-preview:large","max-video-preview":"max-video-preview:-1"},"canonical":"https:\/\/www.protect.airbus.com\/fr\/cloud\/","og_locale":"fr_FR","og_type":"article","og_title":"S\u00e9curit\u00e9 des donn\u00e9es Cloud","og_description":"D\u00e9couvrez comment Airbus Protect s\u00e9curise les donn\u00e9es du Cloud pour la d\u00e9fense, gouvernement et les infrastructures critiques.","og_url":"https:\/\/www.protect.airbus.com\/fr\/cloud\/","og_site_name":"Airbus Protect","article_modified_time":"2025-10-07T09:43:52+00:00","og_image":[{"width":1920,"height":358,"url":"https:\/\/www.protect.airbus.com\/wp-content\/uploads\/2022\/06\/header-cloud.jpg","type":"image\/jpeg"}],"twitter_card":"summary_large_image","twitter_misc":{"Dur\u00e9e de lecture estim\u00e9e":"3 minutes"},"schema":{"@context":"https:\/\/schema.org","@graph":[{"@type":"Service","name":"S\u00e9curit\u00e9 des donn\u00e9es Cloud","url":"https:\/\/www.protect.airbus.com\/fr\/cloud\/","provider":{"@id":"https:\/\/www.protect.airbus.com\/#organization"},"description":""},{"@type":"WebPage","@id":"https:\/\/www.protect.airbus.com\/fr\/cloud\/","url":"https:\/\/www.protect.airbus.com\/fr\/cloud\/","name":"Prot\u00e9gez vos donn\u00e9es Cloud avec les experts Airbus Protect","isPartOf":{"@id":"https:\/\/www.protect.airbus.com\/fr\/#website"},"primaryImageOfPage":{"@id":"https:\/\/www.protect.airbus.com\/fr\/cloud\/#primaryimage"},"image":{"@id":"https:\/\/www.protect.airbus.com\/fr\/cloud\/#primaryimage"},"thumbnailUrl":"https:\/\/www.protect.airbus.com\/wp-content\/uploads\/2022\/06\/header-cloud.jpg","datePublished":"2022-06-28T09:13:29+00:00","dateModified":"2025-10-07T09:43:52+00:00","description":"D\u00e9couvrez comment Airbus Protect s\u00e9curise les donn\u00e9es du Cloud pour la d\u00e9fense, gouvernement et les infrastructures critiques.","breadcrumb":{"@id":"https:\/\/www.protect.airbus.com\/fr\/cloud\/#breadcrumb"},"inLanguage":"fr-FR","potentialAction":[{"@type":"ReadAction","target":["https:\/\/www.protect.airbus.com\/fr\/cloud\/"]}]},{"@type":"ImageObject","inLanguage":"fr-FR","@id":"https:\/\/www.protect.airbus.com\/fr\/cloud\/#primaryimage","url":"https:\/\/www.protect.airbus.com\/wp-content\/uploads\/2022\/06\/header-cloud.jpg","contentUrl":"https:\/\/www.protect.airbus.com\/wp-content\/uploads\/2022\/06\/header-cloud.jpg","width":1920,"height":358},{"@type":"BreadcrumbList","@id":"https:\/\/www.protect.airbus.com\/fr\/cloud\/#breadcrumb","itemListElement":[{"@type":"ListItem","position":1,"name":"Home","item":"https:\/\/www.protect.airbus.com\/fr\/"},{"@type":"ListItem","position":2,"name":"S\u00e9curit\u00e9 des donn\u00e9es Cloud"}]},{"@type":"WebSite","@id":"https:\/\/www.protect.airbus.com\/fr\/#website","url":"https:\/\/www.protect.airbus.com\/fr\/","name":"Airbus Protect","description":"","publisher":{"@id":"https:\/\/www.protect.airbus.com\/fr\/#organization"},"potentialAction":[{"@type":"SearchAction","target":{"@type":"EntryPoint","urlTemplate":"https:\/\/www.protect.airbus.com\/fr\/?s={search_term_string}"},"query-input":{"@type":"PropertyValueSpecification","valueRequired":true,"valueName":"search_term_string"}}],"inLanguage":"fr-FR"},{"@type":"Organization","@id":"https:\/\/www.protect.airbus.com\/fr\/#organization","name":"Airbus Protect","url":"https:\/\/www.protect.airbus.com\/fr\/","logo":{"@type":"ImageObject","inLanguage":"fr-FR","@id":"https:\/\/www.protect.airbus.com\/fr\/#\/schema\/logo\/image\/","url":"https:\/\/www.protect.airbus.com\/wp-content\/uploads\/2023\/05\/logo-airbus-protect-696-696.png","contentUrl":"https:\/\/www.protect.airbus.com\/wp-content\/uploads\/2023\/05\/logo-airbus-protect-696-696.png","width":696,"height":696,"caption":"Airbus Protect"},"image":{"@id":"https:\/\/www.protect.airbus.com\/fr\/#\/schema\/logo\/image\/"},"sameAs":["https:\/\/www.linkedin.com\/company\/airbus-protect\/","https:\/\/www.youtube.com\/@airbusprotect7483"],"contactPoint":{"@type":"ContactPoint","email":"protect@airbus.com","contactType":"customer service","areaServed":["GB","FR","ES","DE","BE","CH","PT","DK","AT"],"availableLanguage":["en","fr","de"]}}]}},"_links":{"self":[{"href":"https:\/\/www.protect.airbus.com\/fr\/wp-json\/wp\/v2\/pages\/5149","targetHints":{"allow":["GET"]}}],"collection":[{"href":"https:\/\/www.protect.airbus.com\/fr\/wp-json\/wp\/v2\/pages"}],"about":[{"href":"https:\/\/www.protect.airbus.com\/fr\/wp-json\/wp\/v2\/types\/page"}],"author":[{"embeddable":true,"href":"https:\/\/www.protect.airbus.com\/fr\/wp-json\/wp\/v2\/users\/4"}],"replies":[{"embeddable":true,"href":"https:\/\/www.protect.airbus.com\/fr\/wp-json\/wp\/v2\/comments?post=5149"}],"version-history":[{"count":7,"href":"https:\/\/www.protect.airbus.com\/fr\/wp-json\/wp\/v2\/pages\/5149\/revisions"}],"predecessor-version":[{"id":39385,"href":"https:\/\/www.protect.airbus.com\/fr\/wp-json\/wp\/v2\/pages\/5149\/revisions\/39385"}],"wp:featuredmedia":[{"embeddable":true,"href":"https:\/\/www.protect.airbus.com\/fr\/wp-json\/wp\/v2\/media\/2453"}],"wp:attachment":[{"href":"https:\/\/www.protect.airbus.com\/fr\/wp-json\/wp\/v2\/media?parent=5149"}],"curies":[{"name":"wp","href":"https:\/\/api.w.org\/{rel}","templated":true}]}}