{"id":5130,"date":"2022-06-30T10:20:15","date_gmt":"2022-06-30T08:20:15","guid":{"rendered":"https:\/\/www.protect.airbus.com\/innovation\/"},"modified":"2024-05-29T15:54:06","modified_gmt":"2024-05-29T13:54:06","slug":"innovation","status":"publish","type":"page","link":"https:\/\/www.protect.airbus.com\/fr\/innovation\/","title":{"rendered":"Innovation"},"content":{"rendered":"<div class=\"wpb-content-wrapper\"><p>[vc_row][vc_column][vc_column_text p_style=\u00a0\u00bbpChapeau\u00a0\u00bb]<span style=\"font-weight: 400;\">L\u2019innovation ouverte et collaborative fait partie de notre ADN. Cette volont\u00e9 de toujours aller plus loin incarne l\u2019essence m\u00eame de nos activit\u00e9s, et s\u2019appuie sur une approche holistique ainsi qu\u2019une vaste expertise. Face aux d\u00e9fis \u00e0 venir, nous misons sur trois piliers \u00e0 chaque fois que nous innovons et lan\u00e7ons des initiatives R&amp;T et R&amp;D : la safety, la s\u00e9curit\u00e9 et la sustainability.<\/span>[\/vc_column_text][vc_column_text]<\/p>\n<h2>L&rsquo;innovation chez Airbus Protect<\/h2>\n<p>[\/vc_column_text][vc_column_text h2_style=\u00a0\u00bbh2Big\u00a0\u00bb p_style=\u00a0\u00bbpHighlight\u00a0\u00bb]<span style=\"font-weight: 400;\">Chez Airbus Protect, nous d\u00e9veloppons des solutions et une expertise de pointe adapt\u00e9es aux technologies les plus avanc\u00e9es, dont l\u2019IA et l\u2019informatique quantique. Nous participons actuellement \u00e0 plus de 50 projets d&rsquo;innovation visant \u00e0 g\u00e9n\u00e9rer de nouvelles id\u00e9es qui inspireront des solutions am\u00e9lior\u00e9es et plus durables pour les g\u00e9n\u00e9rations futures. Ces projets couvrent un large \u00e9ventail de domaines, notamment les suivants :<\/span><\/p>\n<ul>\n<li><span style=\"font-weight: 400;\">Avions z\u00e9ro \u00e9mission<\/span><\/li>\n<li><span style=\"font-weight: 400;\">Gestion du trafic a\u00e9rien<\/span><\/li>\n<li><span style=\"font-weight: 400;\">V\u00e9hicules et trains autonomes<\/span><\/li>\n<li><span style=\"font-weight: 400;\">Impact environnemental du num\u00e9rique<\/span><\/li>\n<li><span style=\"font-weight: 400;\">\u00c9nergie verte<\/span><\/li>\n<li><span style=\"font-weight: 400;\">Syst\u00e8mes int\u00e9gr\u00e9s pilot\u00e9s par l\u2019IA<\/span><\/li>\n<\/ul>\n<p><span style=\"font-weight: 400;\">Tous ces projets reposent sur la collaboration. Nous favorisons une culture de l&rsquo;innovation ouverte et agile, en \u00e9troite collaboration avec nos clients, nos partenaires, des institutions, des universit\u00e9s et la communaut\u00e9 innovation d\u2019Airbus.<\/span><\/p>\n<p><span style=\"font-weight: 400;\">Fort de plus de trois d\u00e9cennies d&rsquo;innovation, nous sommes un partenaire de confiance dans votre parcours vers un avenir plus s\u00fbr, s\u00e9curis\u00e9 et durable.<\/span><\/p>\n<h3><b>Notre approche\u00a0: l\u2019innovation \u00e0 360\u00b0<\/b><\/h3>\n<p><span style=\"font-weight: 400;\">Nous accordons une grande importance \u00e0 la collaboration et l\u2019innovation dans de nombreux domaines aux c\u00f4t\u00e9s de nos partenaires. Nous avons ainsi une vue d\u2019ensemble, avec \u00e0 la cl\u00e9 une tr\u00e8s bonne att\u00e9nuation des risques dans le cadre du d\u00e9veloppement de nouvelles solutions en faveur de la sustainability, de l\u2019efficacit\u00e9 op\u00e9rationnelle et de la fiabilit\u00e9.<\/span>[\/vc_column_text][vc_row_inner][vc_column_inner][vc_column_text]<\/p>\n<h4>Nos projets R&amp;T et R&amp;D en cours :<\/h4>\n<p>[\/vc_column_text][vc_single_image image=\u00a0\u00bb9054&Prime; img_size=\u00a0\u00bblarge\u00a0\u00bb alignment=\u00a0\u00bbcenter\u00a0\u00bb][\/vc_column_inner][\/vc_row_inner][\/vc_column][\/vc_row][vc_row][vc_column]<div class=\"blocMoreInfo\">\n    <h2 class=\"h2Big\">En savoir plus sur l'[Innovation]<\/h2>[vc_column_text p_style=\u00a0\u00bbpHighlight\u00a0\u00bb]Contactez-nous pour d\u00e9couvrir comment nous pouvons vous aider[\/vc_column_text]<div class=\"divBtCTA btAlignCenter\"><a href=\"https:\/\/www.protect.airbus.com\/fr\/contact\/\"  class=\"button btGeneral\">Nous contacter<\/a><\/div>    <\/div>[\/vc_column][\/vc_row]<\/p>\n<\/div>","protected":false},"excerpt":{"rendered":"<p>[vc_row][vc_column][vc_column_text p_style=\u00a0\u00bbpChapeau\u00a0\u00bb]L\u2019innovation ouverte et collaborative fait partie de notre ADN. Cette volont\u00e9 de toujours aller plus loin incarne l\u2019essence m\u00eame de nos activit\u00e9s, et s\u2019appuie sur une approche holistique ainsi qu\u2019une vaste expertise. Face aux d\u00e9fis \u00e0 venir, nous misons sur trois piliers \u00e0 chaque fois que nous innovons et lan\u00e7ons des initiatives R&amp;T et [&hellip;]<\/p>\n","protected":false},"author":4,"featured_media":12567,"parent":0,"menu_order":0,"comment_status":"closed","ping_status":"closed","template":"","meta":{"_acf_changed":false,"content-type":"","_relevanssi_hide_post":"","_relevanssi_hide_content":"","_relevanssi_pin_for_all":"","_relevanssi_pin_keywords":"","_relevanssi_unpin_keywords":"","_relevanssi_related_keywords":"","_relevanssi_related_include_ids":"","_relevanssi_related_exclude_ids":"","_relevanssi_related_no_append":"","_relevanssi_related_not_related":"","_relevanssi_related_posts":"","_relevanssi_noindex_reason":"","footnotes":""},"class_list":["post-5130","page","type-page","status-publish","has-post-thumbnail","hentry"],"acf":[],"yoast_head":"<!-- This site is optimized with the Yoast SEO Premium plugin v27.2 (Yoast SEO v27.2) - https:\/\/yoast.com\/product\/yoast-seo-premium-wordpress\/ -->\n<title>L&#039;innovation : Explorer des solutions et technologies de pointe.<\/title>\n<meta name=\"description\" content=\"D\u00e9couvrez les initiatives R&amp;D et R&amp;T en cours dans la safety, la s\u00e9curit\u00e9 et la sustainability.\" \/>\n<meta name=\"robots\" content=\"index, follow, max-snippet:-1, max-image-preview:large, max-video-preview:-1\" \/>\n<link rel=\"canonical\" href=\"https:\/\/www.protect.airbus.com\/fr\/innovation\/\" \/>\n<meta property=\"og:locale\" content=\"fr_FR\" \/>\n<meta property=\"og:type\" content=\"article\" \/>\n<meta property=\"og:title\" content=\"Innovation\" \/>\n<meta property=\"og:description\" content=\"D\u00e9couvrez les initiatives R&amp;D et R&amp;T en cours dans la safety, la s\u00e9curit\u00e9 et la sustainability.\" \/>\n<meta property=\"og:url\" content=\"https:\/\/www.protect.airbus.com\/fr\/innovation\/\" \/>\n<meta property=\"og:site_name\" content=\"Airbus Protect\" \/>\n<meta property=\"article:modified_time\" content=\"2024-05-29T13:54:06+00:00\" \/>\n<meta property=\"og:image\" content=\"https:\/\/www.protect.airbus.com\/wp-content\/uploads\/2024\/05\/header_innovation.jpg\" \/>\n\t<meta property=\"og:image:width\" content=\"1920\" \/>\n\t<meta property=\"og:image:height\" content=\"577\" \/>\n\t<meta property=\"og:image:type\" content=\"image\/jpeg\" \/>\n<meta name=\"twitter:card\" content=\"summary_large_image\" \/>\n<meta name=\"twitter:label1\" content=\"Dur\u00e9e de lecture estim\u00e9e\" \/>\n\t<meta name=\"twitter:data1\" content=\"2 minutes\" \/>\n<script type=\"application\/ld+json\" class=\"yoast-schema-graph\">{\"@context\":\"https:\/\/schema.org\",\"@graph\":[{\"@type\":\"WebPage\",\"@id\":\"https:\/\/www.protect.airbus.com\/fr\/innovation\/\",\"url\":\"https:\/\/www.protect.airbus.com\/fr\/innovation\/\",\"name\":\"L'innovation : Explorer des solutions et technologies de pointe.\",\"isPartOf\":{\"@id\":\"https:\/\/www.protect.airbus.com\/fr\/#website\"},\"primaryImageOfPage\":{\"@id\":\"https:\/\/www.protect.airbus.com\/fr\/innovation\/#primaryimage\"},\"image\":{\"@id\":\"https:\/\/www.protect.airbus.com\/fr\/innovation\/#primaryimage\"},\"thumbnailUrl\":\"https:\/\/www.protect.airbus.com\/wp-content\/uploads\/2024\/05\/header_innovation.jpg\",\"datePublished\":\"2022-06-30T08:20:15+00:00\",\"dateModified\":\"2024-05-29T13:54:06+00:00\",\"description\":\"D\u00e9couvrez les initiatives R&D et R&T en cours dans la safety, la s\u00e9curit\u00e9 et la sustainability.\",\"breadcrumb\":{\"@id\":\"https:\/\/www.protect.airbus.com\/fr\/innovation\/#breadcrumb\"},\"inLanguage\":\"fr-FR\",\"potentialAction\":[{\"@type\":\"ReadAction\",\"target\":[\"https:\/\/www.protect.airbus.com\/fr\/innovation\/\"]}]},{\"@type\":\"ImageObject\",\"inLanguage\":\"fr-FR\",\"@id\":\"https:\/\/www.protect.airbus.com\/fr\/innovation\/#primaryimage\",\"url\":\"https:\/\/www.protect.airbus.com\/wp-content\/uploads\/2024\/05\/header_innovation.jpg\",\"contentUrl\":\"https:\/\/www.protect.airbus.com\/wp-content\/uploads\/2024\/05\/header_innovation.jpg\",\"width\":1920,\"height\":577},{\"@type\":\"BreadcrumbList\",\"@id\":\"https:\/\/www.protect.airbus.com\/fr\/innovation\/#breadcrumb\",\"itemListElement\":[{\"@type\":\"ListItem\",\"position\":1,\"name\":\"Home\",\"item\":\"https:\/\/www.protect.airbus.com\/fr\/\"},{\"@type\":\"ListItem\",\"position\":2,\"name\":\"Innovation\"}]},{\"@type\":\"WebSite\",\"@id\":\"https:\/\/www.protect.airbus.com\/fr\/#website\",\"url\":\"https:\/\/www.protect.airbus.com\/fr\/\",\"name\":\"Airbus Protect\",\"description\":\"\",\"publisher\":{\"@id\":\"https:\/\/www.protect.airbus.com\/fr\/#organization\"},\"potentialAction\":[{\"@type\":\"SearchAction\",\"target\":{\"@type\":\"EntryPoint\",\"urlTemplate\":\"https:\/\/www.protect.airbus.com\/fr\/?s={search_term_string}\"},\"query-input\":{\"@type\":\"PropertyValueSpecification\",\"valueRequired\":true,\"valueName\":\"search_term_string\"}}],\"inLanguage\":\"fr-FR\"},{\"@type\":\"Organization\",\"@id\":\"https:\/\/www.protect.airbus.com\/fr\/#organization\",\"name\":\"Airbus Protect\",\"url\":\"https:\/\/www.protect.airbus.com\/fr\/\",\"logo\":{\"@type\":\"ImageObject\",\"inLanguage\":\"fr-FR\",\"@id\":\"https:\/\/www.protect.airbus.com\/fr\/#\/schema\/logo\/image\/\",\"url\":\"https:\/\/www.protect.airbus.com\/wp-content\/uploads\/2023\/05\/logo-airbus-protect-696-696.png\",\"contentUrl\":\"https:\/\/www.protect.airbus.com\/wp-content\/uploads\/2023\/05\/logo-airbus-protect-696-696.png\",\"width\":696,\"height\":696,\"caption\":\"Airbus Protect\"},\"image\":{\"@id\":\"https:\/\/www.protect.airbus.com\/fr\/#\/schema\/logo\/image\/\"},\"sameAs\":[\"https:\/\/www.linkedin.com\/company\/airbus-protect\/\",\"https:\/\/www.youtube.com\/@airbusprotect7483\"],\"contactPoint\":{\"@type\":\"ContactPoint\",\"email\":\"protect@airbus.com\",\"contactType\":\"customer service\",\"areaServed\":[\"GB\",\"FR\",\"ES\",\"DE\",\"BE\",\"CH\",\"PT\",\"DK\",\"AT\"],\"availableLanguage\":[\"en\",\"fr\",\"de\"]}}]}<\/script>\n<!-- \/ Yoast SEO Premium plugin. -->","yoast_head_json":{"title":"L'innovation : Explorer des solutions et technologies de pointe.","description":"D\u00e9couvrez les initiatives R&D et R&T en cours dans la safety, la s\u00e9curit\u00e9 et la sustainability.","robots":{"index":"index","follow":"follow","max-snippet":"max-snippet:-1","max-image-preview":"max-image-preview:large","max-video-preview":"max-video-preview:-1"},"canonical":"https:\/\/www.protect.airbus.com\/fr\/innovation\/","og_locale":"fr_FR","og_type":"article","og_title":"Innovation","og_description":"D\u00e9couvrez les initiatives R&D et R&T en cours dans la safety, la s\u00e9curit\u00e9 et la sustainability.","og_url":"https:\/\/www.protect.airbus.com\/fr\/innovation\/","og_site_name":"Airbus Protect","article_modified_time":"2024-05-29T13:54:06+00:00","og_image":[{"width":1920,"height":577,"url":"https:\/\/www.protect.airbus.com\/wp-content\/uploads\/2024\/05\/header_innovation.jpg","type":"image\/jpeg"}],"twitter_card":"summary_large_image","twitter_misc":{"Dur\u00e9e de lecture estim\u00e9e":"2 minutes"},"schema":{"@context":"https:\/\/schema.org","@graph":[{"@type":"WebPage","@id":"https:\/\/www.protect.airbus.com\/fr\/innovation\/","url":"https:\/\/www.protect.airbus.com\/fr\/innovation\/","name":"L'innovation : Explorer des solutions et technologies de pointe.","isPartOf":{"@id":"https:\/\/www.protect.airbus.com\/fr\/#website"},"primaryImageOfPage":{"@id":"https:\/\/www.protect.airbus.com\/fr\/innovation\/#primaryimage"},"image":{"@id":"https:\/\/www.protect.airbus.com\/fr\/innovation\/#primaryimage"},"thumbnailUrl":"https:\/\/www.protect.airbus.com\/wp-content\/uploads\/2024\/05\/header_innovation.jpg","datePublished":"2022-06-30T08:20:15+00:00","dateModified":"2024-05-29T13:54:06+00:00","description":"D\u00e9couvrez les initiatives R&D et R&T en cours dans la safety, la s\u00e9curit\u00e9 et la sustainability.","breadcrumb":{"@id":"https:\/\/www.protect.airbus.com\/fr\/innovation\/#breadcrumb"},"inLanguage":"fr-FR","potentialAction":[{"@type":"ReadAction","target":["https:\/\/www.protect.airbus.com\/fr\/innovation\/"]}]},{"@type":"ImageObject","inLanguage":"fr-FR","@id":"https:\/\/www.protect.airbus.com\/fr\/innovation\/#primaryimage","url":"https:\/\/www.protect.airbus.com\/wp-content\/uploads\/2024\/05\/header_innovation.jpg","contentUrl":"https:\/\/www.protect.airbus.com\/wp-content\/uploads\/2024\/05\/header_innovation.jpg","width":1920,"height":577},{"@type":"BreadcrumbList","@id":"https:\/\/www.protect.airbus.com\/fr\/innovation\/#breadcrumb","itemListElement":[{"@type":"ListItem","position":1,"name":"Home","item":"https:\/\/www.protect.airbus.com\/fr\/"},{"@type":"ListItem","position":2,"name":"Innovation"}]},{"@type":"WebSite","@id":"https:\/\/www.protect.airbus.com\/fr\/#website","url":"https:\/\/www.protect.airbus.com\/fr\/","name":"Airbus Protect","description":"","publisher":{"@id":"https:\/\/www.protect.airbus.com\/fr\/#organization"},"potentialAction":[{"@type":"SearchAction","target":{"@type":"EntryPoint","urlTemplate":"https:\/\/www.protect.airbus.com\/fr\/?s={search_term_string}"},"query-input":{"@type":"PropertyValueSpecification","valueRequired":true,"valueName":"search_term_string"}}],"inLanguage":"fr-FR"},{"@type":"Organization","@id":"https:\/\/www.protect.airbus.com\/fr\/#organization","name":"Airbus Protect","url":"https:\/\/www.protect.airbus.com\/fr\/","logo":{"@type":"ImageObject","inLanguage":"fr-FR","@id":"https:\/\/www.protect.airbus.com\/fr\/#\/schema\/logo\/image\/","url":"https:\/\/www.protect.airbus.com\/wp-content\/uploads\/2023\/05\/logo-airbus-protect-696-696.png","contentUrl":"https:\/\/www.protect.airbus.com\/wp-content\/uploads\/2023\/05\/logo-airbus-protect-696-696.png","width":696,"height":696,"caption":"Airbus Protect"},"image":{"@id":"https:\/\/www.protect.airbus.com\/fr\/#\/schema\/logo\/image\/"},"sameAs":["https:\/\/www.linkedin.com\/company\/airbus-protect\/","https:\/\/www.youtube.com\/@airbusprotect7483"],"contactPoint":{"@type":"ContactPoint","email":"protect@airbus.com","contactType":"customer service","areaServed":["GB","FR","ES","DE","BE","CH","PT","DK","AT"],"availableLanguage":["en","fr","de"]}}]}},"_links":{"self":[{"href":"https:\/\/www.protect.airbus.com\/fr\/wp-json\/wp\/v2\/pages\/5130","targetHints":{"allow":["GET"]}}],"collection":[{"href":"https:\/\/www.protect.airbus.com\/fr\/wp-json\/wp\/v2\/pages"}],"about":[{"href":"https:\/\/www.protect.airbus.com\/fr\/wp-json\/wp\/v2\/types\/page"}],"author":[{"embeddable":true,"href":"https:\/\/www.protect.airbus.com\/fr\/wp-json\/wp\/v2\/users\/4"}],"replies":[{"embeddable":true,"href":"https:\/\/www.protect.airbus.com\/fr\/wp-json\/wp\/v2\/comments?post=5130"}],"version-history":[{"count":27,"href":"https:\/\/www.protect.airbus.com\/fr\/wp-json\/wp\/v2\/pages\/5130\/revisions"}],"predecessor-version":[{"id":12571,"href":"https:\/\/www.protect.airbus.com\/fr\/wp-json\/wp\/v2\/pages\/5130\/revisions\/12571"}],"wp:featuredmedia":[{"embeddable":true,"href":"https:\/\/www.protect.airbus.com\/fr\/wp-json\/wp\/v2\/media\/12567"}],"wp:attachment":[{"href":"https:\/\/www.protect.airbus.com\/fr\/wp-json\/wp\/v2\/media?parent=5130"}],"curies":[{"name":"wp","href":"https:\/\/api.w.org\/{rel}","templated":true}]}}