{"id":5107,"date":"2023-05-03T16:19:49","date_gmt":"2023-05-03T14:19:49","guid":{"rendered":"https:\/\/www.protect.airbus.com\/?page_id=5107"},"modified":"2023-05-23T13:51:44","modified_gmt":"2023-05-23T11:51:44","slug":"solutions-pentest","status":"publish","type":"page","link":"https:\/\/www.protect.airbus.com\/fr\/solutions-pentest\/","title":{"rendered":"Solutions Pentest"},"content":{"rendered":"<div class=\"wpb-content-wrapper\"><p>[vc_row][vc_column][vc_column_text]<\/p>\n<h2><b>La cybers\u00e9curit\u00e9 de votre entreprise est-elle fiable ? Votre SI est-il vraiment s\u00e9curis\u00e9 ? Y a-t-il des vuln\u00e9rabilit\u00e9s dont vous n\u2019avez pas conscience ? Airbus Protect peut vous aider \u00e0 r\u00e9pondre \u00e0 ces questions<\/b><span style=\"font-weight: 400;\">. <\/span><\/h2>\n<p>[\/vc_column_text][\/vc_column][vc_column offset=\u00a0\u00bbvc_col-lg-8 vc_col-md-12 vc_col-xs-12&Prime;][vc_column_text p_style=\u00a0\u00bbpHighlight\u00a0\u00bb]<\/p>\n<h3><b>Nos solutions<\/b><\/h3>\n<p><span style=\"font-weight: 400;\">En utilisant les m\u00eames outils et techniques que vos adversaires, nos pentesters \u00e9valuent la maturit\u00e9 cyber de votre organisation.<\/span><\/p>\n<ul>\n<li><strong>Test d\u2019intrusion dans l&rsquo;infrastructure interne\/externe<\/strong><\/li>\n<\/ul>\n<p><span style=\"font-weight: 400;\">\u00e9valuation de votre infrastructure r\u00e9seau (active directory, r\u00e9seaux internes, SAP et plus)<\/span><\/p>\n<ul>\n<li><strong>Pentest d&rsquo;infrastructures sans fil\u00a0<\/strong><\/li>\n<\/ul>\n<p><span style=\"font-weight: 400;\">Test du WLAN et des protocoles de votre organisation afin d&rsquo;identifier vos faiblesses, les points d&rsquo;acc\u00e8s frauduleux, et les vuln\u00e9rabilit\u00e9s du r\u00e9seau WiFi<\/span><\/p>\n<ul>\n<li><strong>Pentest d&rsquo;application web<\/strong><\/li>\n<\/ul>\n<p><span style=\"font-weight: 400;\">Evaluation des applications et sites web afin de d\u00e9couvrir les failles qui peuvent \u00eatre exploit\u00e9es<\/span><\/p>\n<ul>\n<li><strong>Pentest des applications mobiles<\/strong><\/li>\n<\/ul>\n<p><span style=\"font-weight: 400;\">Test des applications mobiles Android pour identifier les probl\u00e8mes d&rsquo;autorisation, de fuite de donn\u00e9es, d&rsquo;authentification et\/ou de gestion de session<\/span><\/p>\n<ul>\n<li><strong>Pentest Cloud<\/strong><\/li>\n<\/ul>\n<p><span style=\"font-weight: 400;\">Evaluation des vuln\u00e9rabilit\u00e9s de votre organisation dans les environnements cloud et hybrides<\/span><\/p>\n<ul>\n<li><strong>Ing\u00e9nierie sociale<\/strong><\/li>\n<\/ul>\n<p><span style=\"font-weight: 400;\">Evaluation de la r\u00e9action de votre entreprise aux attaques par hame\u00e7onnage<\/span><\/p>\n<ul>\n<li><a href=\"https:\/\/www.protect.airbus.com\/fr\/cybersecurite\/red-team\/\"><strong>Red Team<\/strong><\/a><\/li>\n<\/ul>\n<p><span style=\"font-weight: 400;\">Intrusion pour \u00e9valuer les faiblesses de votre entreprise dans des conditions d\u2019attaque r\u00e9elles<\/span><\/p>\n<ul>\n<li><strong>Purple Team<\/strong><\/li>\n<\/ul>\n<p><span style=\"font-weight: 400;\">Evaluation de la cybers\u00e9curit\u00e9 o\u00f9 la red team et la blue team (SOC et CSIRT) travaillent ensemble pour renforcer votre cybers\u00e9curit\u00e9<\/span>[\/vc_column_text][vc_column_text p_style=\u00a0\u00bbpHighlight\u00a0\u00bb]<\/p>\n<h3><b>Pourquoi choisir Airbus Protect ?<\/b><\/h3>\n<p><span style=\"font-weight: 400;\">Pr\u00e9sents en France et en Allemagne, nos pentesters disposent d&rsquo;une habilitation de s\u00e9curit\u00e9 nationale dans ces deux pays. Nos \u00e9quipes sont qualifi\u00e9es PASSI et certifi\u00e9es OSCP.<\/span>[\/vc_column_text][\/vc_column][vc_column offset=\u00a0\u00bbvc_col-lg-4 vc_col-md-12 vc_col-xs-12&Prime;][vc_column_text]<\/p>\n<h3>Contactez nos experts :<\/h3>\n<p>[\/vc_column_text][vc_column_text]<form id=\"forminator-module-5525\" class=\"forminator-custom-form forminator-custom-form-5525\" method=\"post\" data-forminator-render=\"0\" data-uid=\"69f389ec81b28\"><div role=\"alert\" aria-live=\"polite\" class=\"forminator-response-message forminator-error\" aria-hidden=\"true\"><\/div><\/form>[\/vc_column_text][\/vc_column][\/vc_row]<\/p>\n<\/div>","protected":false},"excerpt":{"rendered":"<p>[vc_row][vc_column][vc_column_text] La cybers\u00e9curit\u00e9 de votre entreprise est-elle fiable ? Votre SI est-il vraiment s\u00e9curis\u00e9 ? Y a-t-il des vuln\u00e9rabilit\u00e9s dont vous n\u2019avez pas conscience ? Airbus Protect peut vous aider \u00e0 r\u00e9pondre \u00e0 ces questions. [\/vc_column_text][\/vc_column][vc_column offset=\u00a0\u00bbvc_col-lg-8 vc_col-md-12 vc_col-xs-12&Prime;][vc_column_text p_style=\u00a0\u00bbpHighlight\u00a0\u00bb] Nos solutions En utilisant les m\u00eames outils et techniques que vos adversaires, nos pentesters \u00e9valuent [&hellip;]<\/p>\n","protected":false},"author":1,"featured_media":5487,"parent":0,"menu_order":0,"comment_status":"closed","ping_status":"closed","template":"","meta":{"_acf_changed":false,"content-type":"","_relevanssi_hide_post":"","_relevanssi_hide_content":"","_relevanssi_pin_for_all":"","_relevanssi_pin_keywords":"","_relevanssi_unpin_keywords":"","_relevanssi_related_keywords":"","_relevanssi_related_include_ids":"","_relevanssi_related_exclude_ids":"","_relevanssi_related_no_append":"","_relevanssi_related_not_related":"","_relevanssi_related_posts":"","_relevanssi_noindex_reason":"","footnotes":""},"class_list":["post-5107","page","type-page","status-publish","has-post-thumbnail","hentry"],"acf":[],"yoast_head":"<!-- This site is optimized with the Yoast SEO Premium plugin v27.4 (Yoast SEO v27.4) - https:\/\/yoast.com\/product\/yoast-seo-premium-wordpress\/ -->\n<title>Solutions Pentest - Airbus Protect<\/title>\n<meta name=\"description\" content=\"Vous souhaitez am\u00e9liorer la cybers\u00e9curit\u00e9 de votre SI ? R\u00e9alisez des tests de p\u00e9n\u00e9tration et des audits de s\u00e9curit\u00e9 avec Airbus Protect\" \/>\n<meta name=\"robots\" content=\"index, follow, max-snippet:-1, max-image-preview:large, max-video-preview:-1\" \/>\n<link rel=\"canonical\" href=\"https:\/\/www.protect.airbus.com\/fr\/solutions-pentest\/\" \/>\n<meta property=\"og:locale\" content=\"fr_FR\" \/>\n<meta property=\"og:type\" content=\"article\" \/>\n<meta property=\"og:title\" content=\"Solutions Pentest\" \/>\n<meta property=\"og:description\" content=\"Vous souhaitez am\u00e9liorer la cybers\u00e9curit\u00e9 de votre SI ? R\u00e9alisez des tests de p\u00e9n\u00e9tration et des audits de s\u00e9curit\u00e9 avec Airbus Protect\" \/>\n<meta property=\"og:url\" content=\"https:\/\/www.protect.airbus.com\/fr\/solutions-pentest\/\" \/>\n<meta property=\"og:site_name\" content=\"Airbus Protect\" \/>\n<meta property=\"article:modified_time\" content=\"2023-05-23T11:51:44+00:00\" \/>\n<meta property=\"og:image\" content=\"https:\/\/www.protect.airbus.com\/wp-content\/uploads\/2022\/07\/cyber-incident-reponse-social.png\" \/>\n\t<meta property=\"og:image:width\" content=\"2378\" \/>\n\t<meta property=\"og:image:height\" content=\"1284\" \/>\n\t<meta property=\"og:image:type\" content=\"image\/png\" \/>\n<meta name=\"twitter:card\" content=\"summary_large_image\" \/>\n<meta name=\"twitter:label1\" content=\"Dur\u00e9e de lecture estim\u00e9e\" \/>\n\t<meta name=\"twitter:data1\" content=\"2 minutes\" \/>\n<script type=\"application\/ld+json\" class=\"yoast-schema-graph\">{\"@context\":\"https:\\\/\\\/schema.org\",\"@graph\":[{\"@type\":\"WebPage\",\"@id\":\"https:\\\/\\\/www.protect.airbus.com\\\/fr\\\/solutions-pentest\\\/\",\"url\":\"https:\\\/\\\/www.protect.airbus.com\\\/fr\\\/solutions-pentest\\\/\",\"name\":\"Solutions Pentest - Airbus Protect\",\"isPartOf\":{\"@id\":\"https:\\\/\\\/www.protect.airbus.com\\\/fr\\\/#website\"},\"primaryImageOfPage\":{\"@id\":\"https:\\\/\\\/www.protect.airbus.com\\\/fr\\\/solutions-pentest\\\/#primaryimage\"},\"image\":{\"@id\":\"https:\\\/\\\/www.protect.airbus.com\\\/fr\\\/solutions-pentest\\\/#primaryimage\"},\"thumbnailUrl\":\"https:\\\/\\\/www.protect.airbus.com\\\/wp-content\\\/uploads\\\/2023\\\/04\\\/pentest-cver-2.png\",\"datePublished\":\"2023-05-03T14:19:49+00:00\",\"dateModified\":\"2023-05-23T11:51:44+00:00\",\"description\":\"Vous souhaitez am\u00e9liorer la cybers\u00e9curit\u00e9 de votre SI ? R\u00e9alisez des tests de p\u00e9n\u00e9tration et des audits de s\u00e9curit\u00e9 avec Airbus Protect\",\"breadcrumb\":{\"@id\":\"https:\\\/\\\/www.protect.airbus.com\\\/fr\\\/solutions-pentest\\\/#breadcrumb\"},\"inLanguage\":\"fr-FR\",\"potentialAction\":[{\"@type\":\"ReadAction\",\"target\":[\"https:\\\/\\\/www.protect.airbus.com\\\/fr\\\/solutions-pentest\\\/\"]}]},{\"@type\":\"ImageObject\",\"inLanguage\":\"fr-FR\",\"@id\":\"https:\\\/\\\/www.protect.airbus.com\\\/fr\\\/solutions-pentest\\\/#primaryimage\",\"url\":\"https:\\\/\\\/www.protect.airbus.com\\\/wp-content\\\/uploads\\\/2023\\\/04\\\/pentest-cver-2.png\",\"contentUrl\":\"https:\\\/\\\/www.protect.airbus.com\\\/wp-content\\\/uploads\\\/2023\\\/04\\\/pentest-cver-2.png\",\"width\":3793,\"height\":845,\"caption\":\"penetration testing solutions by Airbus Protect\"},{\"@type\":\"BreadcrumbList\",\"@id\":\"https:\\\/\\\/www.protect.airbus.com\\\/fr\\\/solutions-pentest\\\/#breadcrumb\",\"itemListElement\":[{\"@type\":\"ListItem\",\"position\":1,\"name\":\"Home\",\"item\":\"https:\\\/\\\/www.protect.airbus.com\\\/fr\\\/\"},{\"@type\":\"ListItem\",\"position\":2,\"name\":\"Solutions Pentest\"}]},{\"@type\":\"WebSite\",\"@id\":\"https:\\\/\\\/www.protect.airbus.com\\\/fr\\\/#website\",\"url\":\"https:\\\/\\\/www.protect.airbus.com\\\/fr\\\/\",\"name\":\"Airbus Protect\",\"description\":\"\",\"publisher\":{\"@id\":\"https:\\\/\\\/www.protect.airbus.com\\\/fr\\\/#organization\"},\"potentialAction\":[{\"@type\":\"SearchAction\",\"target\":{\"@type\":\"EntryPoint\",\"urlTemplate\":\"https:\\\/\\\/www.protect.airbus.com\\\/fr\\\/?s={search_term_string}\"},\"query-input\":{\"@type\":\"PropertyValueSpecification\",\"valueRequired\":true,\"valueName\":\"search_term_string\"}}],\"inLanguage\":\"fr-FR\"},{\"@type\":\"Organization\",\"@id\":\"https:\\\/\\\/www.protect.airbus.com\\\/fr\\\/#organization\",\"name\":\"Airbus Protect\",\"url\":\"https:\\\/\\\/www.protect.airbus.com\\\/fr\\\/\",\"logo\":{\"@type\":\"ImageObject\",\"inLanguage\":\"fr-FR\",\"@id\":\"https:\\\/\\\/www.protect.airbus.com\\\/fr\\\/#\\\/schema\\\/logo\\\/image\\\/\",\"url\":\"https:\\\/\\\/www.protect.airbus.com\\\/wp-content\\\/uploads\\\/2023\\\/05\\\/logo-airbus-protect-696-696.png\",\"contentUrl\":\"https:\\\/\\\/www.protect.airbus.com\\\/wp-content\\\/uploads\\\/2023\\\/05\\\/logo-airbus-protect-696-696.png\",\"width\":696,\"height\":696,\"caption\":\"Airbus Protect\"},\"image\":{\"@id\":\"https:\\\/\\\/www.protect.airbus.com\\\/fr\\\/#\\\/schema\\\/logo\\\/image\\\/\"},\"sameAs\":[\"https:\\\/\\\/www.linkedin.com\\\/company\\\/airbus-protect\\\/\",\"https:\\\/\\\/www.youtube.com\\\/@airbusprotect7483\"],\"contactPoint\":{\"@type\":\"ContactPoint\",\"email\":\"protect@airbus.com\",\"contactType\":\"customer service\",\"areaServed\":[\"GB\",\"FR\",\"ES\",\"DE\",\"BE\",\"CH\",\"PT\",\"DK\",\"AT\"],\"availableLanguage\":[\"en\",\"fr\",\"de\"]}}]}<\/script>\n<!-- \/ Yoast SEO Premium plugin. -->","yoast_head_json":{"title":"Solutions Pentest - Airbus Protect","description":"Vous souhaitez am\u00e9liorer la cybers\u00e9curit\u00e9 de votre SI ? R\u00e9alisez des tests de p\u00e9n\u00e9tration et des audits de s\u00e9curit\u00e9 avec Airbus Protect","robots":{"index":"index","follow":"follow","max-snippet":"max-snippet:-1","max-image-preview":"max-image-preview:large","max-video-preview":"max-video-preview:-1"},"canonical":"https:\/\/www.protect.airbus.com\/fr\/solutions-pentest\/","og_locale":"fr_FR","og_type":"article","og_title":"Solutions Pentest","og_description":"Vous souhaitez am\u00e9liorer la cybers\u00e9curit\u00e9 de votre SI ? R\u00e9alisez des tests de p\u00e9n\u00e9tration et des audits de s\u00e9curit\u00e9 avec Airbus Protect","og_url":"https:\/\/www.protect.airbus.com\/fr\/solutions-pentest\/","og_site_name":"Airbus Protect","article_modified_time":"2023-05-23T11:51:44+00:00","og_image":[{"width":2378,"height":1284,"url":"https:\/\/www.protect.airbus.com\/wp-content\/uploads\/2022\/07\/cyber-incident-reponse-social.png","type":"image\/png"}],"twitter_card":"summary_large_image","twitter_misc":{"Dur\u00e9e de lecture estim\u00e9e":"2 minutes"},"schema":{"@context":"https:\/\/schema.org","@graph":[{"@type":"WebPage","@id":"https:\/\/www.protect.airbus.com\/fr\/solutions-pentest\/","url":"https:\/\/www.protect.airbus.com\/fr\/solutions-pentest\/","name":"Solutions Pentest - Airbus Protect","isPartOf":{"@id":"https:\/\/www.protect.airbus.com\/fr\/#website"},"primaryImageOfPage":{"@id":"https:\/\/www.protect.airbus.com\/fr\/solutions-pentest\/#primaryimage"},"image":{"@id":"https:\/\/www.protect.airbus.com\/fr\/solutions-pentest\/#primaryimage"},"thumbnailUrl":"https:\/\/www.protect.airbus.com\/wp-content\/uploads\/2023\/04\/pentest-cver-2.png","datePublished":"2023-05-03T14:19:49+00:00","dateModified":"2023-05-23T11:51:44+00:00","description":"Vous souhaitez am\u00e9liorer la cybers\u00e9curit\u00e9 de votre SI ? R\u00e9alisez des tests de p\u00e9n\u00e9tration et des audits de s\u00e9curit\u00e9 avec Airbus Protect","breadcrumb":{"@id":"https:\/\/www.protect.airbus.com\/fr\/solutions-pentest\/#breadcrumb"},"inLanguage":"fr-FR","potentialAction":[{"@type":"ReadAction","target":["https:\/\/www.protect.airbus.com\/fr\/solutions-pentest\/"]}]},{"@type":"ImageObject","inLanguage":"fr-FR","@id":"https:\/\/www.protect.airbus.com\/fr\/solutions-pentest\/#primaryimage","url":"https:\/\/www.protect.airbus.com\/wp-content\/uploads\/2023\/04\/pentest-cver-2.png","contentUrl":"https:\/\/www.protect.airbus.com\/wp-content\/uploads\/2023\/04\/pentest-cver-2.png","width":3793,"height":845,"caption":"penetration testing solutions by Airbus Protect"},{"@type":"BreadcrumbList","@id":"https:\/\/www.protect.airbus.com\/fr\/solutions-pentest\/#breadcrumb","itemListElement":[{"@type":"ListItem","position":1,"name":"Home","item":"https:\/\/www.protect.airbus.com\/fr\/"},{"@type":"ListItem","position":2,"name":"Solutions Pentest"}]},{"@type":"WebSite","@id":"https:\/\/www.protect.airbus.com\/fr\/#website","url":"https:\/\/www.protect.airbus.com\/fr\/","name":"Airbus Protect","description":"","publisher":{"@id":"https:\/\/www.protect.airbus.com\/fr\/#organization"},"potentialAction":[{"@type":"SearchAction","target":{"@type":"EntryPoint","urlTemplate":"https:\/\/www.protect.airbus.com\/fr\/?s={search_term_string}"},"query-input":{"@type":"PropertyValueSpecification","valueRequired":true,"valueName":"search_term_string"}}],"inLanguage":"fr-FR"},{"@type":"Organization","@id":"https:\/\/www.protect.airbus.com\/fr\/#organization","name":"Airbus Protect","url":"https:\/\/www.protect.airbus.com\/fr\/","logo":{"@type":"ImageObject","inLanguage":"fr-FR","@id":"https:\/\/www.protect.airbus.com\/fr\/#\/schema\/logo\/image\/","url":"https:\/\/www.protect.airbus.com\/wp-content\/uploads\/2023\/05\/logo-airbus-protect-696-696.png","contentUrl":"https:\/\/www.protect.airbus.com\/wp-content\/uploads\/2023\/05\/logo-airbus-protect-696-696.png","width":696,"height":696,"caption":"Airbus Protect"},"image":{"@id":"https:\/\/www.protect.airbus.com\/fr\/#\/schema\/logo\/image\/"},"sameAs":["https:\/\/www.linkedin.com\/company\/airbus-protect\/","https:\/\/www.youtube.com\/@airbusprotect7483"],"contactPoint":{"@type":"ContactPoint","email":"protect@airbus.com","contactType":"customer service","areaServed":["GB","FR","ES","DE","BE","CH","PT","DK","AT"],"availableLanguage":["en","fr","de"]}}]}},"_links":{"self":[{"href":"https:\/\/www.protect.airbus.com\/fr\/wp-json\/wp\/v2\/pages\/5107","targetHints":{"allow":["GET"]}}],"collection":[{"href":"https:\/\/www.protect.airbus.com\/fr\/wp-json\/wp\/v2\/pages"}],"about":[{"href":"https:\/\/www.protect.airbus.com\/fr\/wp-json\/wp\/v2\/types\/page"}],"author":[{"embeddable":true,"href":"https:\/\/www.protect.airbus.com\/fr\/wp-json\/wp\/v2\/users\/1"}],"replies":[{"embeddable":true,"href":"https:\/\/www.protect.airbus.com\/fr\/wp-json\/wp\/v2\/comments?post=5107"}],"version-history":[{"count":10,"href":"https:\/\/www.protect.airbus.com\/fr\/wp-json\/wp\/v2\/pages\/5107\/revisions"}],"predecessor-version":[{"id":5731,"href":"https:\/\/www.protect.airbus.com\/fr\/wp-json\/wp\/v2\/pages\/5107\/revisions\/5731"}],"wp:featuredmedia":[{"embeddable":true,"href":"https:\/\/www.protect.airbus.com\/fr\/wp-json\/wp\/v2\/media\/5487"}],"wp:attachment":[{"href":"https:\/\/www.protect.airbus.com\/fr\/wp-json\/wp\/v2\/media?parent=5107"}],"curies":[{"name":"wp","href":"https:\/\/api.w.org\/{rel}","templated":true}]}}