{"id":4879,"date":"2023-03-31T16:37:52","date_gmt":"2023-03-31T14:37:52","guid":{"rendered":"https:\/\/www.protect.airbus.com\/?page_id=4879"},"modified":"2024-05-21T17:39:59","modified_gmt":"2024-05-21T15:39:59","slug":"qui-sommes-nous","status":"publish","type":"page","link":"https:\/\/www.protect.airbus.com\/fr\/cybersecurite\/fence\/qui-sommes-nous\/","title":{"rendered":"Qui sommes-nous ?"},"content":{"rendered":"<div class=\"wpb-content-wrapper\"><p>[vc_row][vc_column css=\u00a0\u00bb.vc_custom_1655092277339{margin-bottom: 0px !important;padding-bottom: 0px !important;}\u00a0\u00bb][vc_column_text p_style=\u00a0\u00bbpHighlight\u00a0\u00bb]<strong><a href=\"https:\/\/www.protect.airbus.com\/fr\/cybersecurite\/fence\/\">Fence<\/a> \/ <a href=\"https:\/\/www.protect.airbus.com\/fr\/cybersecurite\/fence\/fonctionnalites\/\">Fonctionnalit\u00e9s<\/a> \/ <a href=\"https:\/\/www.protect.airbus.com\/fr\/cybersecurite\/fence\/offre\/\">Licences, Services &amp; Formation<\/a> \/ <span style=\"color: #da1884;\">Qui sommes-nous ?<\/span><span style=\"color: #da1890;\">\u00a0<span style=\"color: #000000;\">\/<\/span> <a href=\"https:\/\/www.protect.airbus.com\/fr\/cybersecurite\/fence\/contact\/\">Contact<\/a><\/span><\/strong><\/p>\n<p>[\/vc_column_text][vc_column_text css=\u00a0\u00bb.vc_custom_1680016577411{margin-bottom: 0px !important;padding-bottom: 0px !important;}\u00a0\u00bb]<\/p>\n<h2>Un mot sur Airbus Protect<\/h2>\n<p>[\/vc_column_text][vc_column_text p_style=\u00a0\u00bbpHighlight\u00a0\u00bb]<i><span style=\"font-weight: 400;\">Airbus Protect est la filiale d\u2019Airbus qui r\u00e9unit l\u2019expertise du groupe en mati\u00e8re de cybers\u00e9curit\u00e9, s\u00fbret\u00e9 de fonctionnement, et sustainability. En tant que soci\u00e9t\u00e9 de conseil, nous d\u00e9veloppons nos propres outils et applications relatives \u00e0 nos domaines d\u2019expertise, et avons ainsi nos propres \u00e9quipes d\u2019\u00e9dition logicielle.<\/span><\/i><\/p>\n<p><i><span style=\"font-weight: 400;\">Notre organisation associe plus de 1200 experts bas\u00e9s en France, Allemagne, Royaume-Uni, Espagne, et Belgique, avec plus de 100 collaborateurs impliqu\u00e9s dans le d\u00e9veloppement logiciel.<\/span><\/i><\/p>\n<p><i><span style=\"font-weight: 400;\">Notre mission est d\u2019utiliser notre savoir-faire et notre expertise dans diff\u00e9rents secteurs afin d\u2019avoir un impact qui a du sens. Nous permettons \u00e0 nos clients de se concentrer sur la croissance de leur entreprise et sur la construction d\u2019un avenir plus fiable, tout en leur assurant s\u00e9curit\u00e9, s\u00fbret\u00e9, et sustainability.<\/span><\/i><\/p>\n<p><i><span style=\"font-weight: 400;\">Nos collaborateurs et nos clients sont notre priorit\u00e9. Nos relations sont bas\u00e9es sur une confiance mutuelle, nous permettant de nous lancer dans des projets complexes et d\u2019innover ensemble afin de b\u00e2tir un avenir meilleur.<\/span><\/i>[\/vc_column_text]<div class=\"divBtCTA btAlignCenter\"><a href=\"https:\/\/www.protect.airbus.com\/fr\/qui-sommes-nous\/\"  class=\"button btAuto\">En savoir plus sur Airbus Protect<\/a><\/div>[vc_column_text p_style=\u00a0\u00bbpHighlight\u00a0\u00bb]<\/p>\n<h2>L&rsquo;\u00e9quipe Fence<\/h2>\n<p><span style=\"font-weight: 400;\">Fence est d\u00e9velopp\u00e9 \u00e0 Toulouse par notre \u00e9quipe d\u2019\u00e9dition logicielle. Travaillant dans le m\u00eame b\u00e2timent que nos coll\u00e8gues consultants et analystes de risques, nous mettons un point d\u2019honneur \u00e0 rester flexibles et agiles, r\u00e9servant de la place dans notre roadmap pour prendre en compte les suggestions de nos utilisateurs et rendre Fence plus intuitif. \u00c0 la pointe des pratiques d\u2019\u00e9dition logicielle, nous nous assurons de fournir un support de qualit\u00e9 \u00e0 nos utilisateurs, tout en garantissant Fence aussi fiable et s\u00e9curis\u00e9 que possible.<\/span>[\/vc_column_text][\/vc_column][\/vc_row][vc_row][vc_column]<div class=\"blocMoreInfo\">\n    <h2 class=\"h2Big\">Plus sur [FENCE]<\/h2>[vc_column_text p_style=\u00a0\u00bbpHighlight\u00a0\u00bb]<strong>Contactez-nous pour plus d&rsquo;informations<\/strong>[\/vc_column_text]<div class=\"divBtCTA btAlignCenter\"><a href=\"https:\/\/www.protect.airbus.com\/fr\/cybersecurity\/fence\/contact\"  class=\"button btAuto\">Nous contacter<\/a><\/div>    <\/div>[\/vc_column][\/vc_row]<\/p>\n<\/div>","protected":false},"excerpt":{"rendered":"<p>[vc_row][vc_column css=\u00a0\u00bb.vc_custom_1655092277339{margin-bottom: 0px !important;padding-bottom: 0px !important;}\u00a0\u00bb][vc_column_text p_style=\u00a0\u00bbpHighlight\u00a0\u00bb]Fence \/ Fonctionnalit\u00e9s \/ Licences, Services &amp; Formation \/ Qui sommes-nous ?\u00a0\/ Contact [\/vc_column_text][vc_column_text css=\u00a0\u00bb.vc_custom_1680016577411{margin-bottom: 0px !important;padding-bottom: 0px !important;}\u00a0\u00bb] Un mot sur Airbus Protect [\/vc_column_text][vc_column_text p_style=\u00a0\u00bbpHighlight\u00a0\u00bb]Airbus Protect est la filiale d\u2019Airbus qui r\u00e9unit l\u2019expertise du groupe en mati\u00e8re de cybers\u00e9curit\u00e9, s\u00fbret\u00e9 de fonctionnement, et sustainability. En tant que soci\u00e9t\u00e9 [&hellip;]<\/p>\n","protected":false},"author":8,"featured_media":4932,"parent":4803,"menu_order":1,"comment_status":"closed","ping_status":"closed","template":"","meta":{"_acf_changed":false,"content-type":"","_relevanssi_hide_post":"","_relevanssi_hide_content":"","_relevanssi_pin_for_all":"","_relevanssi_pin_keywords":"","_relevanssi_unpin_keywords":"","_relevanssi_related_keywords":"","_relevanssi_related_include_ids":"","_relevanssi_related_exclude_ids":"","_relevanssi_related_no_append":"","_relevanssi_related_not_related":"","_relevanssi_related_posts":"","_relevanssi_noindex_reason":"","footnotes":""},"class_list":["post-4879","page","type-page","status-publish","has-post-thumbnail","hentry"],"acf":[],"yoast_head":"<!-- This site is optimized with the Yoast SEO Premium plugin v27.3 (Yoast SEO v27.3) - https:\/\/yoast.com\/product\/yoast-seo-premium-wordpress\/ -->\n<title>D\u00e9couvrez plus d&#039;informations sur le logiciel Fence et les \u00e9quipes.<\/title>\n<meta name=\"description\" content=\"D\u00e9couvrez plus d&#039;informations sur les \u00e9quipes de Fence, le logiciel de gestion des risques de s\u00e9curit\u00e9 par Airbus Protect.\" \/>\n<meta name=\"robots\" content=\"index, follow, max-snippet:-1, max-image-preview:large, max-video-preview:-1\" \/>\n<link rel=\"canonical\" href=\"https:\/\/www.protect.airbus.com\/fr\/cybersecurite\/fence\/qui-sommes-nous\/\" \/>\n<meta property=\"og:locale\" content=\"fr_FR\" \/>\n<meta property=\"og:type\" content=\"article\" \/>\n<meta property=\"og:title\" content=\"Qui sommes-nous ?\" \/>\n<meta property=\"og:description\" content=\"D\u00e9couvrez plus d&#039;informations sur les \u00e9quipes de Fence, le logiciel de gestion des risques de s\u00e9curit\u00e9 par Airbus Protect.\" \/>\n<meta property=\"og:url\" content=\"https:\/\/www.protect.airbus.com\/fr\/cybersecurite\/fence\/qui-sommes-nous\/\" \/>\n<meta property=\"og:site_name\" content=\"Airbus Protect\" \/>\n<meta property=\"article:modified_time\" content=\"2024-05-21T15:39:59+00:00\" \/>\n<meta property=\"og:image\" content=\"https:\/\/www.protect.airbus.com\/wp-content\/uploads\/2023\/03\/background-Fence_3-01-1.png\" \/>\n\t<meta property=\"og:image:width\" content=\"1920\" \/>\n\t<meta property=\"og:image:height\" content=\"358\" \/>\n\t<meta property=\"og:image:type\" content=\"image\/png\" \/>\n<meta name=\"twitter:card\" content=\"summary_large_image\" \/>\n<meta name=\"twitter:label1\" content=\"Dur\u00e9e de lecture estim\u00e9e\" \/>\n\t<meta name=\"twitter:data1\" content=\"2 minutes\" \/>\n<script type=\"application\/ld+json\" class=\"yoast-schema-graph\">{\"@context\":\"https:\\\/\\\/schema.org\",\"@graph\":[{\"@type\":\"WebPage\",\"@id\":\"https:\\\/\\\/www.protect.airbus.com\\\/fr\\\/cybersecurite\\\/fence\\\/qui-sommes-nous\\\/\",\"url\":\"https:\\\/\\\/www.protect.airbus.com\\\/fr\\\/cybersecurite\\\/fence\\\/qui-sommes-nous\\\/\",\"name\":\"D\u00e9couvrez plus d'informations sur le logiciel Fence et les \u00e9quipes.\",\"isPartOf\":{\"@id\":\"https:\\\/\\\/www.protect.airbus.com\\\/fr\\\/#website\"},\"primaryImageOfPage\":{\"@id\":\"https:\\\/\\\/www.protect.airbus.com\\\/fr\\\/cybersecurite\\\/fence\\\/qui-sommes-nous\\\/#primaryimage\"},\"image\":{\"@id\":\"https:\\\/\\\/www.protect.airbus.com\\\/fr\\\/cybersecurite\\\/fence\\\/qui-sommes-nous\\\/#primaryimage\"},\"thumbnailUrl\":\"https:\\\/\\\/www.protect.airbus.com\\\/wp-content\\\/uploads\\\/2023\\\/03\\\/background-Fence_3-01-1.png\",\"datePublished\":\"2023-03-31T14:37:52+00:00\",\"dateModified\":\"2024-05-21T15:39:59+00:00\",\"description\":\"D\u00e9couvrez plus d'informations sur les \u00e9quipes de Fence, le logiciel de gestion des risques de s\u00e9curit\u00e9 par Airbus Protect.\",\"breadcrumb\":{\"@id\":\"https:\\\/\\\/www.protect.airbus.com\\\/fr\\\/cybersecurite\\\/fence\\\/qui-sommes-nous\\\/#breadcrumb\"},\"inLanguage\":\"fr-FR\",\"potentialAction\":[{\"@type\":\"ReadAction\",\"target\":[\"https:\\\/\\\/www.protect.airbus.com\\\/fr\\\/cybersecurite\\\/fence\\\/qui-sommes-nous\\\/\"]}]},{\"@type\":\"ImageObject\",\"inLanguage\":\"fr-FR\",\"@id\":\"https:\\\/\\\/www.protect.airbus.com\\\/fr\\\/cybersecurite\\\/fence\\\/qui-sommes-nous\\\/#primaryimage\",\"url\":\"https:\\\/\\\/www.protect.airbus.com\\\/wp-content\\\/uploads\\\/2023\\\/03\\\/background-Fence_3-01-1.png\",\"contentUrl\":\"https:\\\/\\\/www.protect.airbus.com\\\/wp-content\\\/uploads\\\/2023\\\/03\\\/background-Fence_3-01-1.png\",\"width\":1920,\"height\":358},{\"@type\":\"BreadcrumbList\",\"@id\":\"https:\\\/\\\/www.protect.airbus.com\\\/fr\\\/cybersecurite\\\/fence\\\/qui-sommes-nous\\\/#breadcrumb\",\"itemListElement\":[{\"@type\":\"ListItem\",\"position\":1,\"name\":\"Home\",\"item\":\"https:\\\/\\\/www.protect.airbus.com\\\/fr\\\/\"},{\"@type\":\"ListItem\",\"position\":2,\"name\":\"Cybers\u00e9curit\u00e9\",\"item\":\"https:\\\/\\\/www.protect.airbus.com\\\/fr\\\/cybersecurite\\\/\"},{\"@type\":\"ListItem\",\"position\":3,\"name\":\"Logiciel Fence\",\"item\":\"https:\\\/\\\/www.protect.airbus.com\\\/fr\\\/cybersecurite\\\/fence\\\/\"},{\"@type\":\"ListItem\",\"position\":4,\"name\":\"Qui sommes-nous ?\"}]},{\"@type\":\"WebSite\",\"@id\":\"https:\\\/\\\/www.protect.airbus.com\\\/fr\\\/#website\",\"url\":\"https:\\\/\\\/www.protect.airbus.com\\\/fr\\\/\",\"name\":\"Airbus Protect\",\"description\":\"\",\"publisher\":{\"@id\":\"https:\\\/\\\/www.protect.airbus.com\\\/fr\\\/#organization\"},\"potentialAction\":[{\"@type\":\"SearchAction\",\"target\":{\"@type\":\"EntryPoint\",\"urlTemplate\":\"https:\\\/\\\/www.protect.airbus.com\\\/fr\\\/?s={search_term_string}\"},\"query-input\":{\"@type\":\"PropertyValueSpecification\",\"valueRequired\":true,\"valueName\":\"search_term_string\"}}],\"inLanguage\":\"fr-FR\"},{\"@type\":\"Organization\",\"@id\":\"https:\\\/\\\/www.protect.airbus.com\\\/fr\\\/#organization\",\"name\":\"Airbus Protect\",\"url\":\"https:\\\/\\\/www.protect.airbus.com\\\/fr\\\/\",\"logo\":{\"@type\":\"ImageObject\",\"inLanguage\":\"fr-FR\",\"@id\":\"https:\\\/\\\/www.protect.airbus.com\\\/fr\\\/#\\\/schema\\\/logo\\\/image\\\/\",\"url\":\"https:\\\/\\\/www.protect.airbus.com\\\/wp-content\\\/uploads\\\/2023\\\/05\\\/logo-airbus-protect-696-696.png\",\"contentUrl\":\"https:\\\/\\\/www.protect.airbus.com\\\/wp-content\\\/uploads\\\/2023\\\/05\\\/logo-airbus-protect-696-696.png\",\"width\":696,\"height\":696,\"caption\":\"Airbus Protect\"},\"image\":{\"@id\":\"https:\\\/\\\/www.protect.airbus.com\\\/fr\\\/#\\\/schema\\\/logo\\\/image\\\/\"},\"sameAs\":[\"https:\\\/\\\/www.linkedin.com\\\/company\\\/airbus-protect\\\/\",\"https:\\\/\\\/www.youtube.com\\\/@airbusprotect7483\"],\"contactPoint\":{\"@type\":\"ContactPoint\",\"email\":\"protect@airbus.com\",\"contactType\":\"customer service\",\"areaServed\":[\"GB\",\"FR\",\"ES\",\"DE\",\"BE\",\"CH\",\"PT\",\"DK\",\"AT\"],\"availableLanguage\":[\"en\",\"fr\",\"de\"]}}]}<\/script>\n<!-- \/ Yoast SEO Premium plugin. -->","yoast_head_json":{"title":"D\u00e9couvrez plus d'informations sur le logiciel Fence et les \u00e9quipes.","description":"D\u00e9couvrez plus d'informations sur les \u00e9quipes de Fence, le logiciel de gestion des risques de s\u00e9curit\u00e9 par Airbus Protect.","robots":{"index":"index","follow":"follow","max-snippet":"max-snippet:-1","max-image-preview":"max-image-preview:large","max-video-preview":"max-video-preview:-1"},"canonical":"https:\/\/www.protect.airbus.com\/fr\/cybersecurite\/fence\/qui-sommes-nous\/","og_locale":"fr_FR","og_type":"article","og_title":"Qui sommes-nous ?","og_description":"D\u00e9couvrez plus d'informations sur les \u00e9quipes de Fence, le logiciel de gestion des risques de s\u00e9curit\u00e9 par Airbus Protect.","og_url":"https:\/\/www.protect.airbus.com\/fr\/cybersecurite\/fence\/qui-sommes-nous\/","og_site_name":"Airbus Protect","article_modified_time":"2024-05-21T15:39:59+00:00","og_image":[{"width":1920,"height":358,"url":"https:\/\/www.protect.airbus.com\/wp-content\/uploads\/2023\/03\/background-Fence_3-01-1.png","type":"image\/png"}],"twitter_card":"summary_large_image","twitter_misc":{"Dur\u00e9e de lecture estim\u00e9e":"2 minutes"},"schema":{"@context":"https:\/\/schema.org","@graph":[{"@type":"WebPage","@id":"https:\/\/www.protect.airbus.com\/fr\/cybersecurite\/fence\/qui-sommes-nous\/","url":"https:\/\/www.protect.airbus.com\/fr\/cybersecurite\/fence\/qui-sommes-nous\/","name":"D\u00e9couvrez plus d'informations sur le logiciel Fence et les \u00e9quipes.","isPartOf":{"@id":"https:\/\/www.protect.airbus.com\/fr\/#website"},"primaryImageOfPage":{"@id":"https:\/\/www.protect.airbus.com\/fr\/cybersecurite\/fence\/qui-sommes-nous\/#primaryimage"},"image":{"@id":"https:\/\/www.protect.airbus.com\/fr\/cybersecurite\/fence\/qui-sommes-nous\/#primaryimage"},"thumbnailUrl":"https:\/\/www.protect.airbus.com\/wp-content\/uploads\/2023\/03\/background-Fence_3-01-1.png","datePublished":"2023-03-31T14:37:52+00:00","dateModified":"2024-05-21T15:39:59+00:00","description":"D\u00e9couvrez plus d'informations sur les \u00e9quipes de Fence, le logiciel de gestion des risques de s\u00e9curit\u00e9 par Airbus Protect.","breadcrumb":{"@id":"https:\/\/www.protect.airbus.com\/fr\/cybersecurite\/fence\/qui-sommes-nous\/#breadcrumb"},"inLanguage":"fr-FR","potentialAction":[{"@type":"ReadAction","target":["https:\/\/www.protect.airbus.com\/fr\/cybersecurite\/fence\/qui-sommes-nous\/"]}]},{"@type":"ImageObject","inLanguage":"fr-FR","@id":"https:\/\/www.protect.airbus.com\/fr\/cybersecurite\/fence\/qui-sommes-nous\/#primaryimage","url":"https:\/\/www.protect.airbus.com\/wp-content\/uploads\/2023\/03\/background-Fence_3-01-1.png","contentUrl":"https:\/\/www.protect.airbus.com\/wp-content\/uploads\/2023\/03\/background-Fence_3-01-1.png","width":1920,"height":358},{"@type":"BreadcrumbList","@id":"https:\/\/www.protect.airbus.com\/fr\/cybersecurite\/fence\/qui-sommes-nous\/#breadcrumb","itemListElement":[{"@type":"ListItem","position":1,"name":"Home","item":"https:\/\/www.protect.airbus.com\/fr\/"},{"@type":"ListItem","position":2,"name":"Cybers\u00e9curit\u00e9","item":"https:\/\/www.protect.airbus.com\/fr\/cybersecurite\/"},{"@type":"ListItem","position":3,"name":"Logiciel Fence","item":"https:\/\/www.protect.airbus.com\/fr\/cybersecurite\/fence\/"},{"@type":"ListItem","position":4,"name":"Qui sommes-nous ?"}]},{"@type":"WebSite","@id":"https:\/\/www.protect.airbus.com\/fr\/#website","url":"https:\/\/www.protect.airbus.com\/fr\/","name":"Airbus Protect","description":"","publisher":{"@id":"https:\/\/www.protect.airbus.com\/fr\/#organization"},"potentialAction":[{"@type":"SearchAction","target":{"@type":"EntryPoint","urlTemplate":"https:\/\/www.protect.airbus.com\/fr\/?s={search_term_string}"},"query-input":{"@type":"PropertyValueSpecification","valueRequired":true,"valueName":"search_term_string"}}],"inLanguage":"fr-FR"},{"@type":"Organization","@id":"https:\/\/www.protect.airbus.com\/fr\/#organization","name":"Airbus Protect","url":"https:\/\/www.protect.airbus.com\/fr\/","logo":{"@type":"ImageObject","inLanguage":"fr-FR","@id":"https:\/\/www.protect.airbus.com\/fr\/#\/schema\/logo\/image\/","url":"https:\/\/www.protect.airbus.com\/wp-content\/uploads\/2023\/05\/logo-airbus-protect-696-696.png","contentUrl":"https:\/\/www.protect.airbus.com\/wp-content\/uploads\/2023\/05\/logo-airbus-protect-696-696.png","width":696,"height":696,"caption":"Airbus Protect"},"image":{"@id":"https:\/\/www.protect.airbus.com\/fr\/#\/schema\/logo\/image\/"},"sameAs":["https:\/\/www.linkedin.com\/company\/airbus-protect\/","https:\/\/www.youtube.com\/@airbusprotect7483"],"contactPoint":{"@type":"ContactPoint","email":"protect@airbus.com","contactType":"customer service","areaServed":["GB","FR","ES","DE","BE","CH","PT","DK","AT"],"availableLanguage":["en","fr","de"]}}]}},"_links":{"self":[{"href":"https:\/\/www.protect.airbus.com\/fr\/wp-json\/wp\/v2\/pages\/4879","targetHints":{"allow":["GET"]}}],"collection":[{"href":"https:\/\/www.protect.airbus.com\/fr\/wp-json\/wp\/v2\/pages"}],"about":[{"href":"https:\/\/www.protect.airbus.com\/fr\/wp-json\/wp\/v2\/types\/page"}],"author":[{"embeddable":true,"href":"https:\/\/www.protect.airbus.com\/fr\/wp-json\/wp\/v2\/users\/8"}],"replies":[{"embeddable":true,"href":"https:\/\/www.protect.airbus.com\/fr\/wp-json\/wp\/v2\/comments?post=4879"}],"version-history":[{"count":22,"href":"https:\/\/www.protect.airbus.com\/fr\/wp-json\/wp\/v2\/pages\/4879\/revisions"}],"predecessor-version":[{"id":9285,"href":"https:\/\/www.protect.airbus.com\/fr\/wp-json\/wp\/v2\/pages\/4879\/revisions\/9285"}],"up":[{"embeddable":true,"href":"https:\/\/www.protect.airbus.com\/fr\/wp-json\/wp\/v2\/pages\/4803"}],"wp:featuredmedia":[{"embeddable":true,"href":"https:\/\/www.protect.airbus.com\/fr\/wp-json\/wp\/v2\/media\/4932"}],"wp:attachment":[{"href":"https:\/\/www.protect.airbus.com\/fr\/wp-json\/wp\/v2\/media?parent=4879"}],"curies":[{"name":"wp","href":"https:\/\/api.w.org\/{rel}","templated":true}]}}