{"id":48643,"date":"2026-02-24T16:53:37","date_gmt":"2026-02-24T15:53:37","guid":{"rendered":"https:\/\/www.protect.airbus.com\/?page_id=48643"},"modified":"2026-02-24T17:35:38","modified_gmt":"2026-02-24T16:35:38","slug":"temoignage-client-telediag","status":"publish","type":"page","link":"https:\/\/www.protect.airbus.com\/fr\/temoignage-client-telediag\/","title":{"rendered":"T\u00e9moignage client:  TeleDiag"},"content":{"rendered":"<div class=\"wpb-content-wrapper\"><p>[vc_row][vc_column][vc_column_text css=\u00a0\u00bb\u00a0\u00bb h2_style=\u00a0\u00bbh2Big\u00a0\u00bb h2_couleur=\u00a0\u00bbh2BleuProtect\u00a0\u00bb p_style=\u00a0\u00bbpHighlight\u00a0\u00bb]<\/p>\n<h2>De l&rsquo;urgence \u00e0 la confiance : comment la r\u00e9activit\u00e9 d&rsquo;Airbus Protect a permis de construire une relation de confiance avec TeleDiag pour acc\u00e9l\u00e9rer leur Cyber R\u00e9silience.<\/h2>\n<p><span style=\"font-weight: 400;\">Ce retour d&rsquo;exp\u00e9rience illustre la transformation rapide de la posture de d\u00e9fense de TeleDiag. Initi\u00e9e en janvier 2024 pour r\u00e9pondre \u00e0 un besoin ponctuel de s\u00e9curisation face \u00e0 une menace active, la collaboration avec Airbus Protect s&rsquo;est transform\u00e9e en un partenariat durable. Ce projet d\u00e9montre qu&rsquo;une gestion experte permet de convertir un \u00e9v\u00e9nement de s\u00e9curit\u00e9 en opportunit\u00e9, faisant de la r\u00e9action imm\u00e9diate le catalyseur d&rsquo;une r\u00e9silience p\u00e9renne.<\/span>[\/vc_column_text][\/vc_column][\/vc_row][vc_row full_height=\u00a0\u00bbyes\u00a0\u00bb equal_height=\u00a0\u00bbyes\u00a0\u00bb content_placement=\u00a0\u00bbmiddle\u00a0\u00bb][vc_column width=\u00a0\u00bb2\/3&Prime;][vc_column_text css=\u00a0\u00bb\u00a0\u00bb h2_style=\u00a0\u00bbh2Big\u00a0\u00bb h3_couleur=\u00a0\u00bbh3BleuProtect\u00a0\u00bb]<\/p>\n<h3>Le client : TeleDiag<\/h3>\n<p>[\/vc_column_text][vc_column_text css=\u00a0\u00bb\u00a0\u00bb p_style=\u00a0\u00bbpHighlight\u00a0\u00bb]Premier r\u00e9seau de t\u00e9l\u00e9radiologie en France, TeleDiag assure la permanence des soins radiologiques pour de nombreux \u00e9tablissements de sant\u00e9 publics et priv\u00e9s. L&rsquo;entreprise permet la r\u00e9alisation de diagnostics \u00e0 distance 24h\/24 et 7j\/7 gr\u00e2ce \u00e0 un r\u00e9seau de radiologues connect\u00e9s. Compte tenu de la nature de son activit\u00e9, TeleDiag manipule des donn\u00e9es de sant\u00e9 sensibles et doit garantir une disponibilit\u00e9 ininterrompue de ses services.[\/vc_column_text][\/vc_column][vc_column width=\u00a0\u00bb1\/3&Prime;][vc_single_image image=\u00a0\u00bb34089&Prime; img_size=\u00a0\u00bbmedium\u00a0\u00bb onclick=\u00a0\u00bbcustom_link\u00a0\u00bb img_link_target=\u00a0\u00bb_blank\u00a0\u00bb css=\u00a0\u00bb\u00a0\u00bb link=\u00a0\u00bbhttps:\/\/www.telediag.com\/fr\u00a0\u00bb][\/vc_column][\/vc_row][vc_row][vc_column][vc_column_text css=\u00a0\u00bb\u00a0\u00bb h3_couleur=\u00a0\u00bbh3BleuProtect\u00a0\u00bb p_style=\u00a0\u00bbpHighlight\u00a0\u00bb]<\/p>\n<h3>Besoin du client<\/h3>\n<p><span style=\"font-weight: 400;\">En janvier 2024, l&rsquo;identification de signaux suspects sur son syst\u00e8me d&rsquo;information a conduit TeleDiag \u00e0 solliciter une expertise externe imm\u00e9diate. L&rsquo;enjeu \u00e9tait triple :<\/span><b><\/b><\/p>\n<ul>\n<li aria-level=\"1\"><b>Caract\u00e9riser et neutraliser rapidement<\/b><span style=\"font-weight: 400;\"> l&rsquo;activit\u00e9 d\u00e9tect\u00e9e pour garantir l&rsquo;int\u00e9grit\u00e9 des op\u00e9rations.<\/span><\/li>\n<\/ul>\n<ul>\n<li aria-level=\"1\"><b>Maintenir l&rsquo;activit\u00e9 :<\/b><span style=\"font-weight: 400;\"> S\u00e9curiser les op\u00e9rations sans impacter le service de diagnostic m\u00e9dical.<\/span><\/li>\n<li aria-level=\"1\"><b>S\u00e9curiser sur le long terme :<\/b> Mettre sous surveillance un parc h\u00e9t\u00e9rog\u00e8ne (serveurs et postes de travail) pour pr\u00e9venir toute nouvelle compromission.<\/li>\n<\/ul>\n<p>[\/vc_column_text][\/vc_column][\/vc_row][vc_row][vc_column][vc_column_text css=\u00a0\u00bb\u00a0\u00bb h3_couleur=\u00a0\u00bbh3BleuProtect\u00a0\u00bb p_style=\u00a0\u00bbpHighlight\u00a0\u00bb]<\/p>\n<h3>Solution d&rsquo;Airbus Protect<span style=\"font-weight: 400;\">\u00a0<\/span><\/h3>\n<p>Airbus Protect a accompagn\u00e9 TeleDiag \u00e0 travers une approche structur\u00e9e en trois phases :[\/vc_column_text][vc_row_inner equal_height=\u00a0\u00bbyes\u00a0\u00bb css=\u00a0\u00bb.vc_custom_1771950010144{border-color: #ffffff !important;}\u00a0\u00bb][vc_column_inner width=\u00a0\u00bb1\/3&Prime; bg_style=\u00a0\u00bbbgUniversGraphiqueIndustries\u00a0\u00bb css=\u00a0\u00bb.vc_custom_1771950028623{border-top-width: 5px !important;border-right-width: 5px !important;border-bottom-width: 5px !important;border-left-width: 5px !important;border-left-style: solid !important;border-right-style: solid !important;border-top-style: solid !important;border-bottom-style: solid !important;border-radius: 1px !important;border-color: #ffffff !important;}\u00a0\u00bb][vc_column_text css=\u00a0\u00bb\u00a0\u00bb p_couleur=\u00a0\u00bbpBlanc\u00a0\u00bb]<\/p>\n<h4 style=\"text-align: center;\"><span style=\"color: #00aec7;\">Intervention et stabilisation (Janvier 2024)<\/span><\/h4>\n<p style=\"text-align: center;\"><span style=\"font-weight: 400;\">D\u00e9ploiement imm\u00e9diat des \u00e9quipes de r\u00e9ponse \u00e0 incident, suivi de l&rsquo;activation d&rsquo;un \u00ab SOC de circonstance \u00bb op\u00e9rationnel pendant 3 mois pour garantir la vigilance post-incident<\/span><\/p>\n<p>[\/vc_column_text][\/vc_column_inner][vc_column_inner width=\u00a0\u00bb1\/3&Prime; bg_style=\u00a0\u00bbbgUniversGraphiqueIndustries\u00a0\u00bb css=\u00a0\u00bb.vc_custom_1771950042824{border-top-width: 5px !important;border-right-width: 5px !important;border-bottom-width: 5px !important;border-left-width: 5px !important;border-left-style: solid !important;border-right-style: solid !important;border-top-style: solid !important;border-bottom-style: solid !important;border-radius: 1px !important;border-color: #ffffff !important;}\u00a0\u00bb][vc_column_text css=\u00a0\u00bb\u00a0\u00bb p_couleur=\u00a0\u00bbpBlanc\u00a0\u00bb]<\/p>\n<h4 style=\"text-align: center;\"><span style=\"color: #00aec7;\">Mise en place du SOC MDR<\/span><\/h4>\n<p style=\"text-align: center;\"><span style=\"font-weight: 400;\">Capitalisant sur cette intervention, le service a bascul\u00e9 vers une surveillance 24\/7 p\u00e9renne.<\/span><\/p>\n<p>[\/vc_column_text][\/vc_column_inner][vc_column_inner width=\u00a0\u00bb1\/3&Prime; bg_style=\u00a0\u00bbbgUniversGraphiqueIndustries\u00a0\u00bb css=\u00a0\u00bb.vc_custom_1771950051120{border-top-width: 5px !important;border-right-width: 5px !important;border-bottom-width: 5px !important;border-left-width: 5px !important;border-left-style: solid !important;border-right-style: solid !important;border-top-style: solid !important;border-bottom-style: solid !important;border-radius: 1px !important;border-color: #ffffff !important;}\u00a0\u00bb][vc_column_text css=\u00a0\u00bb\u00a0\u00bb p_couleur=\u00a0\u00bbpBlanc\u00a0\u00bb]<\/p>\n<h4 style=\"text-align: center;\"><span style=\"color: #00aec7;\">Industrialisation et orchestration<\/span><\/h4>\n<p style=\"text-align: center;\"><span style=\"font-weight: 400;\">Le service actuel s&rsquo;appuie sur une solution SOAR (Security Orchestration, Automation, and Response) pour automatiser les investigations et appliquer des r\u00e8gles de d\u00e9tection sp\u00e9cifiques (ciblant notamment la cybercriminalit\u00e9) d\u00e9velopp\u00e9es par Airbus Protect.<\/span><\/p>\n<p>[\/vc_column_text][\/vc_column_inner][\/vc_row_inner][\/vc_column][\/vc_row][vc_row][vc_column][vc_column_text css=\u00a0\u00bb\u00a0\u00bb h3_couleur=\u00a0\u00bbh3BleuProtect\u00a0\u00bb p_style=\u00a0\u00bbpHighlight\u00a0\u00bb]<\/p>\n<h3>B\u00e9n\u00e9fice client<\/h3>\n<p>La r\u00e9activit\u00e9 d\u00e9montr\u00e9e lors de la phase initiale a permis de s\u00e9curiser l&rsquo;activit\u00e9 de TeleDiag et d&rsquo;\u00e9tablir une relation de confiance durable, concr\u00e9tis\u00e9e par le renouvellement du service. Les b\u00e9n\u00e9fices op\u00e9rationnels sont aujourd&rsquo;hui :<\/p>\n<ul>\n<li aria-level=\"1\"><b><span style=\"color: #00aec7;\">Une d\u00e9tection 24\/7 : <\/span><\/b><span style=\"font-weight: 400;\">Continuous monitoring of the company&rsquo;s critical assets.<\/span><\/li>\n<\/ul>\n<ul>\n<li aria-level=\"1\"><span style=\"color: #00aec7;\"><b>Une r\u00e9ponse ma\u00eetris\u00e9e :<\/b><\/span><span style=\"font-weight: 400;\"> Capacit\u00e9 \u00e0 contenir imm\u00e9diatement les incidents critiques gr\u00e2ce \u00e0 des actions techniques pr\u00e9-approuv\u00e9es (isolation de machine, blocage de flux).<\/span><\/li>\n<\/ul>\n<ul>\n<li aria-level=\"1\"><span style=\"color: #00aec7;\"><b>Une am\u00e9lioration continue : <\/b><\/span><span style=\"font-weight: 400;\">Un accompagnement r\u00e9gulier pour adapter la posture de d\u00e9fense aux nouvelles menaces et faire \u00e9voluer l&rsquo;architecture de s\u00e9curit\u00e9.<\/span><\/li>\n<\/ul>\n<p>[\/vc_column_text][vc_column_text css=\u00a0\u00bb\u00a0\u00bb h3_couleur=\u00a0\u00bbh3BleuProtect\u00a0\u00bb]<\/p>\n<h3>Un partenariat bas\u00e9 sur la confiance<\/h3>\n<p>[\/vc_column_text]    <div class=\"citation p\">\n        <p>TeleDiag est tr\u00e8s satisfait de l\u2019accompagnement d\u2019Airbus Protect en mati\u00e8re de cybers\u00e9curit\u00e9 et d\u2019accompagnement. Les \u00e9quipes ont su comprendre nos enjeux sp\u00e9cifiques et nous proposer des solutions concr\u00e8tes, adapt\u00e9es \u00e0 notre environnement et \u00e0 nos contraintes op\u00e9rationnelles li\u00e9es \u00e0 notre activit\u00e9 7\/7 et 24\/24h. Airbus est pour nous un partenaire de confiance, leader dans son secteur, engag\u00e9 dans une d\u00e9marche d\u2019am\u00e9lioration continue pour garantir la r\u00e9silience et la s\u00e9curit\u00e9 de nos syst\u00e8mes.<\/p>\n                <div class=\"infoAuteur\">\n            <div><span class=\"nomAuteur\">St\u00e9phane DUCHER,&nbsp;<\/span><span class=\"poste\"> RSSI \/ DPO chez TeleDiag<\/span><\/div>        <\/div>\n            <\/div>\n    [\/vc_column][\/vc_row][vc_row][vc_column][vc_column_text css=\u00a0\u00bb\u00a0\u00bb]<\/p>\n<h3 style=\"text-align: center;\">Souhaitez-vous en savoir plus sur notre expertise en mati\u00e8re de cyber-r\u00e9silience ?<\/h3>\n<p>[\/vc_column_text]<div class=\"divBtCTA btAlignCenter\"><a href=\"https:\/\/www.protect.airbus.com\/fr\/contact\/\"  class=\"button btAuto\">Contactez nos experts<\/a><\/div>[\/vc_column][\/vc_row]<\/p>\n<\/div>","protected":false},"excerpt":{"rendered":"<p>[vc_row][vc_column][vc_column_text css=\u00a0\u00bb\u00a0\u00bb h2_style=\u00a0\u00bbh2Big\u00a0\u00bb h2_couleur=\u00a0\u00bbh2BleuProtect\u00a0\u00bb p_style=\u00a0\u00bbpHighlight\u00a0\u00bb] De l&rsquo;urgence \u00e0 la confiance : comment la r\u00e9activit\u00e9 d&rsquo;Airbus Protect a permis de construire une relation de confiance avec TeleDiag pour acc\u00e9l\u00e9rer leur Cyber R\u00e9silience. Ce retour d&rsquo;exp\u00e9rience illustre la transformation rapide de la posture de d\u00e9fense de TeleDiag. Initi\u00e9e en janvier 2024 pour r\u00e9pondre \u00e0 un besoin ponctuel [&hellip;]<\/p>\n","protected":false},"author":8,"featured_media":48652,"parent":0,"menu_order":0,"comment_status":"closed","ping_status":"closed","template":"","meta":{"_acf_changed":false,"content-type":"","_relevanssi_hide_post":"","_relevanssi_hide_content":"","_relevanssi_pin_for_all":"","_relevanssi_pin_keywords":"","_relevanssi_unpin_keywords":"","_relevanssi_related_keywords":"","_relevanssi_related_include_ids":"","_relevanssi_related_exclude_ids":"","_relevanssi_related_no_append":"","_relevanssi_related_not_related":"","_relevanssi_related_posts":"","_relevanssi_noindex_reason":"","footnotes":""},"class_list":["post-48643","page","type-page","status-publish","has-post-thumbnail","hentry"],"acf":[],"yoast_head":"<!-- This site is optimized with the Yoast SEO Premium plugin v27.3 (Yoast SEO v27.3) - https:\/\/yoast.com\/product\/yoast-seo-premium-wordpress\/ -->\n<title>Cyber-r\u00e9silience : transformer les menaces en atouts<\/title>\n<meta name=\"description\" content=\"D\u00e9couvrez le t\u00e9moignage de TeleDiag sur sa cyber-r\u00e9silience et son partenariat avec Airbus Protect pour renforcer sa posture de s\u00e9curit\u00e9.\" \/>\n<meta name=\"robots\" content=\"index, follow, max-snippet:-1, max-image-preview:large, max-video-preview:-1\" \/>\n<link rel=\"canonical\" href=\"https:\/\/www.protect.airbus.com\/fr\/temoignage-client-telediag\/\" \/>\n<meta property=\"og:locale\" content=\"fr_FR\" \/>\n<meta property=\"og:type\" content=\"article\" \/>\n<meta property=\"og:title\" content=\"T\u00e9moignage client: TeleDiag\" \/>\n<meta property=\"og:description\" content=\"D\u00e9couvrez le t\u00e9moignage de TeleDiag sur sa cyber-r\u00e9silience et son partenariat avec Airbus Protect pour renforcer sa posture de s\u00e9curit\u00e9.\" \/>\n<meta property=\"og:url\" content=\"https:\/\/www.protect.airbus.com\/fr\/temoignage-client-telediag\/\" \/>\n<meta property=\"og:site_name\" content=\"Airbus Protect\" \/>\n<meta property=\"article:modified_time\" content=\"2026-02-24T16:35:38+00:00\" \/>\n<meta property=\"og:image\" content=\"https:\/\/www.protect.airbus.com\/wp-content\/uploads\/2026\/02\/header-telediag.png\" \/>\n\t<meta property=\"og:image:width\" content=\"1920\" \/>\n\t<meta property=\"og:image:height\" content=\"582\" \/>\n\t<meta property=\"og:image:type\" content=\"image\/png\" \/>\n<meta name=\"twitter:card\" content=\"summary_large_image\" \/>\n<meta name=\"twitter:label1\" content=\"Dur\u00e9e de lecture estim\u00e9e\" \/>\n\t<meta name=\"twitter:data1\" content=\"4 minutes\" \/>\n<script type=\"application\/ld+json\" class=\"yoast-schema-graph\">{\"@context\":\"https:\\\/\\\/schema.org\",\"@graph\":[{\"@type\":\"WebPage\",\"@id\":\"https:\\\/\\\/www.protect.airbus.com\\\/fr\\\/temoignage-client-telediag\\\/\",\"url\":\"https:\\\/\\\/www.protect.airbus.com\\\/fr\\\/temoignage-client-telediag\\\/\",\"name\":\"Cyber-r\u00e9silience : transformer les menaces en atouts\",\"isPartOf\":{\"@id\":\"https:\\\/\\\/www.protect.airbus.com\\\/fr\\\/#website\"},\"primaryImageOfPage\":{\"@id\":\"https:\\\/\\\/www.protect.airbus.com\\\/fr\\\/temoignage-client-telediag\\\/#primaryimage\"},\"image\":{\"@id\":\"https:\\\/\\\/www.protect.airbus.com\\\/fr\\\/temoignage-client-telediag\\\/#primaryimage\"},\"thumbnailUrl\":\"https:\\\/\\\/www.protect.airbus.com\\\/wp-content\\\/uploads\\\/2026\\\/02\\\/header-telediag.png\",\"datePublished\":\"2026-02-24T15:53:37+00:00\",\"dateModified\":\"2026-02-24T16:35:38+00:00\",\"description\":\"D\u00e9couvrez le t\u00e9moignage de TeleDiag sur sa cyber-r\u00e9silience et son partenariat avec Airbus Protect pour renforcer sa posture de s\u00e9curit\u00e9.\",\"breadcrumb\":{\"@id\":\"https:\\\/\\\/www.protect.airbus.com\\\/fr\\\/temoignage-client-telediag\\\/#breadcrumb\"},\"inLanguage\":\"fr-FR\",\"potentialAction\":[{\"@type\":\"ReadAction\",\"target\":[\"https:\\\/\\\/www.protect.airbus.com\\\/fr\\\/temoignage-client-telediag\\\/\"]}]},{\"@type\":\"ImageObject\",\"inLanguage\":\"fr-FR\",\"@id\":\"https:\\\/\\\/www.protect.airbus.com\\\/fr\\\/temoignage-client-telediag\\\/#primaryimage\",\"url\":\"https:\\\/\\\/www.protect.airbus.com\\\/wp-content\\\/uploads\\\/2026\\\/02\\\/header-telediag.png\",\"contentUrl\":\"https:\\\/\\\/www.protect.airbus.com\\\/wp-content\\\/uploads\\\/2026\\\/02\\\/header-telediag.png\",\"width\":1920,\"height\":582},{\"@type\":\"BreadcrumbList\",\"@id\":\"https:\\\/\\\/www.protect.airbus.com\\\/fr\\\/temoignage-client-telediag\\\/#breadcrumb\",\"itemListElement\":[{\"@type\":\"ListItem\",\"position\":1,\"name\":\"Home\",\"item\":\"https:\\\/\\\/www.protect.airbus.com\\\/fr\\\/\"},{\"@type\":\"ListItem\",\"position\":2,\"name\":\"T\u00e9moignage client: TeleDiag\"}]},{\"@type\":\"WebSite\",\"@id\":\"https:\\\/\\\/www.protect.airbus.com\\\/fr\\\/#website\",\"url\":\"https:\\\/\\\/www.protect.airbus.com\\\/fr\\\/\",\"name\":\"Airbus Protect\",\"description\":\"\",\"publisher\":{\"@id\":\"https:\\\/\\\/www.protect.airbus.com\\\/fr\\\/#organization\"},\"potentialAction\":[{\"@type\":\"SearchAction\",\"target\":{\"@type\":\"EntryPoint\",\"urlTemplate\":\"https:\\\/\\\/www.protect.airbus.com\\\/fr\\\/?s={search_term_string}\"},\"query-input\":{\"@type\":\"PropertyValueSpecification\",\"valueRequired\":true,\"valueName\":\"search_term_string\"}}],\"inLanguage\":\"fr-FR\"},{\"@type\":\"Organization\",\"@id\":\"https:\\\/\\\/www.protect.airbus.com\\\/fr\\\/#organization\",\"name\":\"Airbus Protect\",\"url\":\"https:\\\/\\\/www.protect.airbus.com\\\/fr\\\/\",\"logo\":{\"@type\":\"ImageObject\",\"inLanguage\":\"fr-FR\",\"@id\":\"https:\\\/\\\/www.protect.airbus.com\\\/fr\\\/#\\\/schema\\\/logo\\\/image\\\/\",\"url\":\"https:\\\/\\\/www.protect.airbus.com\\\/wp-content\\\/uploads\\\/2023\\\/05\\\/logo-airbus-protect-696-696.png\",\"contentUrl\":\"https:\\\/\\\/www.protect.airbus.com\\\/wp-content\\\/uploads\\\/2023\\\/05\\\/logo-airbus-protect-696-696.png\",\"width\":696,\"height\":696,\"caption\":\"Airbus Protect\"},\"image\":{\"@id\":\"https:\\\/\\\/www.protect.airbus.com\\\/fr\\\/#\\\/schema\\\/logo\\\/image\\\/\"},\"sameAs\":[\"https:\\\/\\\/www.linkedin.com\\\/company\\\/airbus-protect\\\/\",\"https:\\\/\\\/www.youtube.com\\\/@airbusprotect7483\"],\"contactPoint\":{\"@type\":\"ContactPoint\",\"email\":\"protect@airbus.com\",\"contactType\":\"customer service\",\"areaServed\":[\"GB\",\"FR\",\"ES\",\"DE\",\"BE\",\"CH\",\"PT\",\"DK\",\"AT\"],\"availableLanguage\":[\"en\",\"fr\",\"de\"]}}]}<\/script>\n<!-- \/ Yoast SEO Premium plugin. -->","yoast_head_json":{"title":"Cyber-r\u00e9silience : transformer les menaces en atouts","description":"D\u00e9couvrez le t\u00e9moignage de TeleDiag sur sa cyber-r\u00e9silience et son partenariat avec Airbus Protect pour renforcer sa posture de s\u00e9curit\u00e9.","robots":{"index":"index","follow":"follow","max-snippet":"max-snippet:-1","max-image-preview":"max-image-preview:large","max-video-preview":"max-video-preview:-1"},"canonical":"https:\/\/www.protect.airbus.com\/fr\/temoignage-client-telediag\/","og_locale":"fr_FR","og_type":"article","og_title":"T\u00e9moignage client: TeleDiag","og_description":"D\u00e9couvrez le t\u00e9moignage de TeleDiag sur sa cyber-r\u00e9silience et son partenariat avec Airbus Protect pour renforcer sa posture de s\u00e9curit\u00e9.","og_url":"https:\/\/www.protect.airbus.com\/fr\/temoignage-client-telediag\/","og_site_name":"Airbus Protect","article_modified_time":"2026-02-24T16:35:38+00:00","og_image":[{"width":1920,"height":582,"url":"https:\/\/www.protect.airbus.com\/wp-content\/uploads\/2026\/02\/header-telediag.png","type":"image\/png"}],"twitter_card":"summary_large_image","twitter_misc":{"Dur\u00e9e de lecture estim\u00e9e":"4 minutes"},"schema":{"@context":"https:\/\/schema.org","@graph":[{"@type":"WebPage","@id":"https:\/\/www.protect.airbus.com\/fr\/temoignage-client-telediag\/","url":"https:\/\/www.protect.airbus.com\/fr\/temoignage-client-telediag\/","name":"Cyber-r\u00e9silience : transformer les menaces en atouts","isPartOf":{"@id":"https:\/\/www.protect.airbus.com\/fr\/#website"},"primaryImageOfPage":{"@id":"https:\/\/www.protect.airbus.com\/fr\/temoignage-client-telediag\/#primaryimage"},"image":{"@id":"https:\/\/www.protect.airbus.com\/fr\/temoignage-client-telediag\/#primaryimage"},"thumbnailUrl":"https:\/\/www.protect.airbus.com\/wp-content\/uploads\/2026\/02\/header-telediag.png","datePublished":"2026-02-24T15:53:37+00:00","dateModified":"2026-02-24T16:35:38+00:00","description":"D\u00e9couvrez le t\u00e9moignage de TeleDiag sur sa cyber-r\u00e9silience et son partenariat avec Airbus Protect pour renforcer sa posture de s\u00e9curit\u00e9.","breadcrumb":{"@id":"https:\/\/www.protect.airbus.com\/fr\/temoignage-client-telediag\/#breadcrumb"},"inLanguage":"fr-FR","potentialAction":[{"@type":"ReadAction","target":["https:\/\/www.protect.airbus.com\/fr\/temoignage-client-telediag\/"]}]},{"@type":"ImageObject","inLanguage":"fr-FR","@id":"https:\/\/www.protect.airbus.com\/fr\/temoignage-client-telediag\/#primaryimage","url":"https:\/\/www.protect.airbus.com\/wp-content\/uploads\/2026\/02\/header-telediag.png","contentUrl":"https:\/\/www.protect.airbus.com\/wp-content\/uploads\/2026\/02\/header-telediag.png","width":1920,"height":582},{"@type":"BreadcrumbList","@id":"https:\/\/www.protect.airbus.com\/fr\/temoignage-client-telediag\/#breadcrumb","itemListElement":[{"@type":"ListItem","position":1,"name":"Home","item":"https:\/\/www.protect.airbus.com\/fr\/"},{"@type":"ListItem","position":2,"name":"T\u00e9moignage client: TeleDiag"}]},{"@type":"WebSite","@id":"https:\/\/www.protect.airbus.com\/fr\/#website","url":"https:\/\/www.protect.airbus.com\/fr\/","name":"Airbus Protect","description":"","publisher":{"@id":"https:\/\/www.protect.airbus.com\/fr\/#organization"},"potentialAction":[{"@type":"SearchAction","target":{"@type":"EntryPoint","urlTemplate":"https:\/\/www.protect.airbus.com\/fr\/?s={search_term_string}"},"query-input":{"@type":"PropertyValueSpecification","valueRequired":true,"valueName":"search_term_string"}}],"inLanguage":"fr-FR"},{"@type":"Organization","@id":"https:\/\/www.protect.airbus.com\/fr\/#organization","name":"Airbus Protect","url":"https:\/\/www.protect.airbus.com\/fr\/","logo":{"@type":"ImageObject","inLanguage":"fr-FR","@id":"https:\/\/www.protect.airbus.com\/fr\/#\/schema\/logo\/image\/","url":"https:\/\/www.protect.airbus.com\/wp-content\/uploads\/2023\/05\/logo-airbus-protect-696-696.png","contentUrl":"https:\/\/www.protect.airbus.com\/wp-content\/uploads\/2023\/05\/logo-airbus-protect-696-696.png","width":696,"height":696,"caption":"Airbus Protect"},"image":{"@id":"https:\/\/www.protect.airbus.com\/fr\/#\/schema\/logo\/image\/"},"sameAs":["https:\/\/www.linkedin.com\/company\/airbus-protect\/","https:\/\/www.youtube.com\/@airbusprotect7483"],"contactPoint":{"@type":"ContactPoint","email":"protect@airbus.com","contactType":"customer service","areaServed":["GB","FR","ES","DE","BE","CH","PT","DK","AT"],"availableLanguage":["en","fr","de"]}}]}},"_links":{"self":[{"href":"https:\/\/www.protect.airbus.com\/fr\/wp-json\/wp\/v2\/pages\/48643","targetHints":{"allow":["GET"]}}],"collection":[{"href":"https:\/\/www.protect.airbus.com\/fr\/wp-json\/wp\/v2\/pages"}],"about":[{"href":"https:\/\/www.protect.airbus.com\/fr\/wp-json\/wp\/v2\/types\/page"}],"author":[{"embeddable":true,"href":"https:\/\/www.protect.airbus.com\/fr\/wp-json\/wp\/v2\/users\/8"}],"replies":[{"embeddable":true,"href":"https:\/\/www.protect.airbus.com\/fr\/wp-json\/wp\/v2\/comments?post=48643"}],"version-history":[{"count":7,"href":"https:\/\/www.protect.airbus.com\/fr\/wp-json\/wp\/v2\/pages\/48643\/revisions"}],"predecessor-version":[{"id":48674,"href":"https:\/\/www.protect.airbus.com\/fr\/wp-json\/wp\/v2\/pages\/48643\/revisions\/48674"}],"wp:featuredmedia":[{"embeddable":true,"href":"https:\/\/www.protect.airbus.com\/fr\/wp-json\/wp\/v2\/media\/48652"}],"wp:attachment":[{"href":"https:\/\/www.protect.airbus.com\/fr\/wp-json\/wp\/v2\/media?parent=48643"}],"curies":[{"name":"wp","href":"https:\/\/api.w.org\/{rel}","templated":true}]}}