{"id":4805,"date":"2023-03-31T16:01:20","date_gmt":"2023-03-31T14:01:20","guid":{"rendered":"https:\/\/www.protect.airbus.com\/?page_id=4805"},"modified":"2023-04-11T09:10:44","modified_gmt":"2023-04-11T07:10:44","slug":"fonctionnalites","status":"publish","type":"page","link":"https:\/\/www.protect.airbus.com\/fr\/cybersecurite\/fence\/fonctionnalites\/","title":{"rendered":"Fonctionnalit\u00e9s de Fence"},"content":{"rendered":"<div class=\"wpb-content-wrapper\"><p>[vc_row][vc_column][vc_column_text p_style=\u00a0\u00bbpHighlight\u00a0\u00bb]<strong><a href=\"https:\/\/www.protect.airbus.com\/fr\/cybersecurite\/fence\/\">Fence<\/a> <\/strong>\/<strong>\u00a0<span style=\"color: #da1884;\">Fonctionnalit\u00e9s <\/span>\/ <a href=\"https:\/\/www.protect.airbus.com\/fr\/cybersecurite\/fence\/offre\/\">Licences, Services &amp; Formation<\/a> \/ <a href=\"https:\/\/www.protect.airbus.com\/fr\/cybersecurite\/fence\/qui-sommes-nous\/\">Qui sommes-nous ?<\/a> \/ <a href=\"https:\/\/www.protect.airbus.com\/fr\/cybersecurite\/fence\/contact\/\">Contact<\/a><\/strong>[\/vc_column_text][vc_column_text]<\/p>\n<h2>Fonctionnalit\u00e9s principales de Fence<\/h2>\n<p>[\/vc_column_text][\/vc_column][\/vc_row][vc_row equal_height=\u00a0\u00bbyes\u00a0\u00bb][vc_column width=\u00a0\u00bb1\/4&Prime; css=\u00a0\u00bb.vc_custom_1681105715540{margin-right: 10px !important;margin-bottom: 40px !important;margin-left: 10px !important;background-color: #e8e8e8 !important;}\u00a0\u00bb][vc_row_inner equal_height=\u00a0\u00bbyes\u00a0\u00bb][vc_column_inner][vc_column_text css=\u00a0\u00bb.vc_custom_1681196611695{padding-top: 1px !important;padding-right: 9px !important;padding-bottom: 10px !important;padding-left: 9px !important;}\u00a0\u00bb]<\/p>\n<h3 style=\"text-align: center;\"><b>M\u00e9thodologie EBIOS RM<\/b><\/h3>\n<p><span style=\"font-weight: 400;\">\u2022 Analyse <\/span><span style=\"font-weight: 400;\">de risques avec la m\u00e9thodologie EBIOS RM<\/span><\/p>\n<p><span style=\"font-weight: 400;\">\u2022 Analyse de conformit\u00e9<\/span><\/p>\n<p><span style=\"font-weight: 400;\">\u2022 Catalogues <\/span><span style=\"font-weight: 400;\">de contr\u00f4les de s\u00e9curit\u00e9 (guide d\u2019hygi\u00e8ne de l\u2019ANSSI, ISO 27002:2013, ISO 27002:2022, NIST 800-53, II 901, IGI 1300, ISA\/IEC 62443, etc.) et possibilit\u00e9 d\u2019en importer de nouveaux<\/span><\/p>\n<p><span style=\"font-weight: 400;\">\u2022 Flexibilit\u00e9 <\/span><span style=\"font-weight: 400;\">des \u00e9chelles et crit\u00e8res (impact, vraisemblance, risque, etc.)<\/span><\/p>\n<p><span style=\"font-weight: 400;\">\u2022 Catalogues <\/span><span style=\"font-weight: 400;\">de techniques d\u2019attaques (MITRE ATT&amp;CK, CAPEC, etc.)<\/span>[\/vc_column_text][\/vc_column_inner][\/vc_row_inner][\/vc_column][vc_column width=\u00a0\u00bb3\/4&Prime;][vc_row_inner equal_height=\u00a0\u00bbyes\u00a0\u00bb][vc_column_inner width=\u00a0\u00bb1\/3&Prime; css=\u00a0\u00bb.vc_custom_1681105874214{margin-right: 10px !important;margin-bottom: 20px !important;margin-left: 10px !important;background-color: #e8e8e8 !important;}\u00a0\u00bb][vc_column_text css=\u00a0\u00bb.vc_custom_1681196662725{padding-top: 1px !important;padding-right: 9px !important;padding-bottom: 30px !important;padding-left: 9px !important;}\u00a0\u00bb]<\/p>\n<h3 style=\"text-align: center;\"><b>Simplicit\u00e9 &amp; automatisation<\/b><\/h3>\n<p><span style=\"font-weight: 400;\">\u2022 Interface\u00a0simple and intuitive, facile \u00e0 utiliser, con\u00e7ue pour l\u2019efficacit\u00e9 et les gains de temps<\/span><\/p>\n<p><span style=\"font-weight: 400;\">\u2022 G\u00e9n\u00e9ration automatis\u00e9e de rapports Word, avec templates personnalis\u00e9s<\/span><\/p>\n<p>&nbsp;[\/vc_column_text][\/vc_column_inner][vc_column_inner width=\u00a0\u00bb1\/3&Prime; css=\u00a0\u00bb.vc_custom_1681105896377{margin-right: 10px !important;margin-bottom: 20px !important;margin-left: 10px !important;background-color: #e8e8e8 !important;}\u00a0\u00bb][vc_column_text css=\u00a0\u00bb.vc_custom_1681196723663{padding-top: 1px !important;padding-right: 9px !important;padding-bottom: 30px !important;padding-left: 9px !important;}\u00a0\u00bb]<\/p>\n<h3 style=\"text-align: center;\"><b>Gestion de risques<\/b><\/h3>\n<p><span style=\"font-weight: 400;\">\u2022 Suivi des plans de traitement des risques (et de mise en conformit\u00e9)<\/span><\/p>\n<p><span style=\"font-weight: 400;\">\u2022 Suivi <\/span><span style=\"font-weight: 400;\">des risques r\u00e9siduels (waterfall charts)<\/span><\/p>\n<p><span style=\"font-weight: 400;\">\u2022 Indicateurs et tableaux de bord sur l\u2019avanc\u00e9e du plan d\u2019action<\/span><\/p>\n<p>&nbsp;[\/vc_column_text][\/vc_column_inner][vc_column_inner width=\u00a0\u00bb1\/3&Prime; css=\u00a0\u00bb.vc_custom_1681105918387{margin-right: 10px !important;margin-bottom: 20px !important;margin-left: 10px !important;background-color: #e8e8e8 !important;}\u00a0\u00bb][vc_column_text css=\u00a0\u00bb.vc_custom_1681196782935{padding-top: 1px !important;padding-right: 9px !important;padding-bottom: 30px !important;padding-left: 9px !important;background-color: #e8e8e8 !important;}\u00a0\u00bb]<\/p>\n<h3 style=\"text-align: center;\"><b>Installation<\/b><\/h3>\n<p><span style=\"font-weight: 400;\">\u2022 Installation sur serveur \u201con-premises\u201d (RedHat 8, Debian 10)<\/span><\/p>\n<p><span style=\"font-weight: 400;\">\u2022 Installation sur poste de travail (Windows 10)<\/span><\/p>\n<p><span style=\"font-weight: 400;\">\u2022 Installation <\/span><span style=\"font-weight: 400;\">simple et automatis\u00e9e, y compris sans r\u00e9seau<\/span>[\/vc_column_text][\/vc_column_inner][\/vc_row_inner][vc_row_inner][vc_column_inner css=\u00a0\u00bb.vc_custom_1681106074230{margin-right: 10px !important;margin-left: 10px !important;}\u00a0\u00bb offset=\u00a0\u00bbvc_hidden-xs\u00a0\u00bb][vc_empty_space height=\u00a0\u00bb22px\u00a0\u00bb][\/vc_column_inner][\/vc_row_inner][vc_row_inner equal_height=\u00a0\u00bbyes\u00a0\u00bb css=\u00a0\u00bb.vc_custom_1681106137141{margin-bottom: 20px !important;}\u00a0\u00bb][vc_column_inner width=\u00a0\u00bb1\/3&Prime; css=\u00a0\u00bb.vc_custom_1681105874214{margin-right: 10px !important;margin-bottom: 20px !important;margin-left: 10px !important;background-color: #e8e8e8 !important;}\u00a0\u00bb][vc_column_text css=\u00a0\u00bb.vc_custom_1681196842966{padding-top: 1px !important;padding-right: 9px !important;padding-bottom: 30px !important;padding-left: 9px !important;}\u00a0\u00bb]<\/p>\n<h3 style=\"text-align: center;\"><b>Collaboration<\/b><\/h3>\n<p><span style=\"font-weight: 400;\">\u2022 Collaboration en temps r\u00e9el sur une m\u00eame analyse de risque<\/span><\/p>\n<p><span style=\"font-weight: 400;\">\u2022 Bases <\/span><span style=\"font-weight: 400;\">de connaissances, enti\u00e8rement personnalisables, r\u00e9utilisables pour des analyses similaires<\/span><\/p>\n<p><span style=\"font-weight: 400;\">\u2022 Centralisation <\/span><span style=\"font-weight: 400;\">des analyses de risques et de conformit\u00e9, arborescence, archivage, gestion des versions<\/span>[\/vc_column_text][\/vc_column_inner][vc_column_inner width=\u00a0\u00bb1\/3&Prime; css=\u00a0\u00bb.vc_custom_1681105896377{margin-right: 10px !important;margin-bottom: 20px !important;margin-left: 10px !important;background-color: #e8e8e8 !important;}\u00a0\u00bb][vc_column_text css=\u00a0\u00bb.vc_custom_1681196943926{padding-top: 1px !important;padding-right: 9px !important;padding-bottom: 30px !important;padding-left: 9px !important;}\u00a0\u00bb]<\/p>\n<h3 style=\"text-align: center;\"><b>Analyse de conformit\u00e9<\/b><\/h3>\n<p><span style=\"font-weight: 400;\">\u2022 Analyse de conformit\u00e9<\/span><\/p>\n<p><span style=\"font-weight: 400;\">\u2022 Analyse de maturit\u00e9\u00a0<\/span><\/p>\n<p><span style=\"font-weight: 400;\">\u2022 Import <\/span><span style=\"font-weight: 400;\">de n\u2019importe quel catalogue en plus de ceux disponibles (ISO 27002, NIS 800-53, II 901, etc.)<\/span><\/p>\n<p><span style=\"font-weight: 400;\">\u2022 Fonctionnalit\u00e9s avanc\u00e9es : sous-ensembles de contr\u00f4les, risques g\u00e9n\u00e9riques associ\u00e9s aux non-conformit\u00e9s, etc.<\/span><\/p>\n<p>&nbsp;[\/vc_column_text][\/vc_column_inner][vc_column_inner width=\u00a0\u00bb1\/3&Prime; css=\u00a0\u00bb.vc_custom_1681105918387{margin-right: 10px !important;margin-bottom: 20px !important;margin-left: 10px !important;background-color: #e8e8e8 !important;}\u00a0\u00bb][vc_column_text css=\u00a0\u00bb.vc_custom_1681197032502{padding-top: 1px !important;padding-right: 9px !important;padding-bottom: 30px !important;padding-left: 9px !important;}\u00a0\u00bb]<\/p>\n<h3 style=\"text-align: center;\"><b>Securit\u00e9<\/b><\/h3>\n<p><span style=\"font-weight: 400;\">\u2022 SSO <\/span><span style=\"font-weight: 400;\">(Single Sign On avec les protocoles SAML2 et LDAP)<\/span><\/p>\n<p><span style=\"font-weight: 400;\">\u2022 Contr\u00f4le d\u2019acc\u00e8s par groupe\u00a0 (\u00e9galement par utilisateur)<\/span><\/p>\n<p><span style=\"font-weight: 400;\">\u2022 Durcissement automatis\u00e9 inclus dans le processus d\u2019installation<\/span><\/p>\n<p><span style=\"font-weight: 400;\">\u2022 Chiffrement de la base de donn\u00e9es<\/span><\/p>\n<p><span style=\"font-weight: 400;\">\u2022 Int\u00e9gration avec des firewalls applicatifs (WAF) et SOC (Security Operation Center)<\/span>[\/vc_column_text][\/vc_column_inner][\/vc_row_inner][\/vc_column][\/vc_row][vc_row disable_element=\u00a0\u00bbyes\u00a0\u00bb][vc_column][vc_column_text]<\/p>\n<h2>Zoom sur les fonctionnalit\u00e9s cl\u00e9s de Fence<\/h2>\n<p>-&gt; to be authored[\/vc_column_text]<div class=\"blocList blocListKeyfeature bgColorWhite\">\n            <div class=\"lineTitleCTA\">\n            <h2>Focus on key features<\/h2>\n            <a href=\"https:\/\/www.protect.airbus.com\/cybersecurity\/fence\/key-features\/\"  class=\"button btDiscoverMore\">En savoir plus<\/a>\n        <\/div>\n        <div class=\"noResult\">Aucun r\u00e9sultat disponible<\/div><\/div>[\/vc_column][\/vc_row][vc_row disable_element=\u00a0\u00bbyes\u00a0\u00bb][vc_column][\/vc_column][\/vc_row][vc_row][vc_column]<div class=\"blocMoreInfo\">\n    <h2 class=\"h2Big\">Plus sur [FENCE]<\/h2>[vc_column_text p_style=\u00a0\u00bbpHighlight\u00a0\u00bb]<strong>Contactez-nous pour plus d&rsquo;informations<\/strong>[\/vc_column_text]<div class=\"divBtCTA btAlignCenter\"><a href=\"https:\/\/www.protect.airbus.com\/cybersecurity\/fence\/contact\"  class=\"button btAuto\">Nous contacter<\/a><\/div>    <\/div>[\/vc_column][\/vc_row]<\/p>\n<\/div>","protected":false},"excerpt":{"rendered":"<p>[vc_row][vc_column][vc_column_text p_style=\u00a0\u00bbpHighlight\u00a0\u00bb]Fence \/\u00a0Fonctionnalit\u00e9s \/ Licences, Services &amp; Formation \/ Qui sommes-nous ? \/ Contact[\/vc_column_text][vc_column_text] Fonctionnalit\u00e9s principales de Fence [\/vc_column_text][\/vc_column][\/vc_row][vc_row equal_height=\u00a0\u00bbyes\u00a0\u00bb][vc_column width=\u00a0\u00bb1\/4&Prime; css=\u00a0\u00bb.vc_custom_1681105715540{margin-right: 10px !important;margin-bottom: 40px !important;margin-left: 10px !important;background-color: #e8e8e8 !important;}\u00a0\u00bb][vc_row_inner equal_height=\u00a0\u00bbyes\u00a0\u00bb][vc_column_inner][vc_column_text css=\u00a0\u00bb.vc_custom_1681196611695{padding-top: 1px !important;padding-right: 9px !important;padding-bottom: 10px !important;padding-left: 9px !important;}\u00a0\u00bb] M\u00e9thodologie EBIOS RM \u2022 Analyse de risques avec la m\u00e9thodologie EBIOS RM \u2022 Analyse de [&hellip;]<\/p>\n","protected":false},"author":8,"featured_media":4932,"parent":4803,"menu_order":1,"comment_status":"closed","ping_status":"closed","template":"","meta":{"_acf_changed":false,"content-type":"","_relevanssi_hide_post":"","_relevanssi_hide_content":"","_relevanssi_pin_for_all":"","_relevanssi_pin_keywords":"","_relevanssi_unpin_keywords":"","_relevanssi_related_keywords":"","_relevanssi_related_include_ids":"","_relevanssi_related_exclude_ids":"","_relevanssi_related_no_append":"","_relevanssi_related_not_related":"","_relevanssi_related_posts":"","_relevanssi_noindex_reason":"","footnotes":""},"class_list":["post-4805","page","type-page","status-publish","has-post-thumbnail","hentry"],"acf":[],"yoast_head":"<!-- This site is optimized with the Yoast SEO Premium plugin v27.3 (Yoast SEO v27.3) - https:\/\/yoast.com\/product\/yoast-seo-premium-wordpress\/ -->\n<title>Fonctionnalit\u00e9s de Fence - Airbus Protect<\/title>\n<meta name=\"description\" content=\"D\u00e9couvrez les fonctionnalit\u00e9s de Fence, logiciel de gestion des risques de s\u00e9curit\u00e9 par Airbus Protect.\" \/>\n<meta name=\"robots\" content=\"index, follow, max-snippet:-1, max-image-preview:large, max-video-preview:-1\" \/>\n<link rel=\"canonical\" href=\"https:\/\/www.protect.airbus.com\/fr\/cybersecurite\/fence\/fonctionnalites\/\" \/>\n<meta property=\"og:locale\" content=\"fr_FR\" \/>\n<meta property=\"og:type\" content=\"article\" \/>\n<meta property=\"og:title\" content=\"Fonctionnalit\u00e9s de Fence\" \/>\n<meta property=\"og:description\" content=\"D\u00e9couvrez les fonctionnalit\u00e9s de Fence, logiciel de gestion des risques de s\u00e9curit\u00e9 par Airbus Protect.\" \/>\n<meta property=\"og:url\" content=\"https:\/\/www.protect.airbus.com\/fr\/cybersecurite\/fence\/fonctionnalites\/\" \/>\n<meta property=\"og:site_name\" content=\"Airbus Protect\" \/>\n<meta property=\"article:modified_time\" content=\"2023-04-11T07:10:44+00:00\" \/>\n<meta property=\"og:image\" content=\"https:\/\/www.protect.airbus.com\/wp-content\/uploads\/2023\/03\/background-Fence_3-01-1.png\" \/>\n\t<meta property=\"og:image:width\" content=\"1920\" \/>\n\t<meta property=\"og:image:height\" content=\"358\" \/>\n\t<meta property=\"og:image:type\" content=\"image\/png\" \/>\n<meta name=\"twitter:card\" content=\"summary_large_image\" \/>\n<meta name=\"twitter:label1\" content=\"Dur\u00e9e de lecture estim\u00e9e\" \/>\n\t<meta name=\"twitter:data1\" content=\"3 minutes\" \/>\n<script type=\"application\/ld+json\" class=\"yoast-schema-graph\">{\"@context\":\"https:\\\/\\\/schema.org\",\"@graph\":[{\"@type\":\"WebPage\",\"@id\":\"https:\\\/\\\/www.protect.airbus.com\\\/fr\\\/cybersecurite\\\/fence\\\/fonctionnalites\\\/\",\"url\":\"https:\\\/\\\/www.protect.airbus.com\\\/fr\\\/cybersecurite\\\/fence\\\/fonctionnalites\\\/\",\"name\":\"Fonctionnalit\u00e9s de Fence - Airbus Protect\",\"isPartOf\":{\"@id\":\"https:\\\/\\\/www.protect.airbus.com\\\/fr\\\/#website\"},\"primaryImageOfPage\":{\"@id\":\"https:\\\/\\\/www.protect.airbus.com\\\/fr\\\/cybersecurite\\\/fence\\\/fonctionnalites\\\/#primaryimage\"},\"image\":{\"@id\":\"https:\\\/\\\/www.protect.airbus.com\\\/fr\\\/cybersecurite\\\/fence\\\/fonctionnalites\\\/#primaryimage\"},\"thumbnailUrl\":\"https:\\\/\\\/www.protect.airbus.com\\\/wp-content\\\/uploads\\\/2023\\\/03\\\/background-Fence_3-01-1.png\",\"datePublished\":\"2023-03-31T14:01:20+00:00\",\"dateModified\":\"2023-04-11T07:10:44+00:00\",\"description\":\"D\u00e9couvrez les fonctionnalit\u00e9s de Fence, logiciel de gestion des risques de s\u00e9curit\u00e9 par Airbus Protect.\",\"breadcrumb\":{\"@id\":\"https:\\\/\\\/www.protect.airbus.com\\\/fr\\\/cybersecurite\\\/fence\\\/fonctionnalites\\\/#breadcrumb\"},\"inLanguage\":\"fr-FR\",\"potentialAction\":[{\"@type\":\"ReadAction\",\"target\":[\"https:\\\/\\\/www.protect.airbus.com\\\/fr\\\/cybersecurite\\\/fence\\\/fonctionnalites\\\/\"]}]},{\"@type\":\"ImageObject\",\"inLanguage\":\"fr-FR\",\"@id\":\"https:\\\/\\\/www.protect.airbus.com\\\/fr\\\/cybersecurite\\\/fence\\\/fonctionnalites\\\/#primaryimage\",\"url\":\"https:\\\/\\\/www.protect.airbus.com\\\/wp-content\\\/uploads\\\/2023\\\/03\\\/background-Fence_3-01-1.png\",\"contentUrl\":\"https:\\\/\\\/www.protect.airbus.com\\\/wp-content\\\/uploads\\\/2023\\\/03\\\/background-Fence_3-01-1.png\",\"width\":1920,\"height\":358},{\"@type\":\"BreadcrumbList\",\"@id\":\"https:\\\/\\\/www.protect.airbus.com\\\/fr\\\/cybersecurite\\\/fence\\\/fonctionnalites\\\/#breadcrumb\",\"itemListElement\":[{\"@type\":\"ListItem\",\"position\":1,\"name\":\"Home\",\"item\":\"https:\\\/\\\/www.protect.airbus.com\\\/fr\\\/\"},{\"@type\":\"ListItem\",\"position\":2,\"name\":\"Cybers\u00e9curit\u00e9\",\"item\":\"https:\\\/\\\/www.protect.airbus.com\\\/fr\\\/cybersecurite\\\/\"},{\"@type\":\"ListItem\",\"position\":3,\"name\":\"Logiciel Fence\",\"item\":\"https:\\\/\\\/www.protect.airbus.com\\\/fr\\\/cybersecurite\\\/fence\\\/\"},{\"@type\":\"ListItem\",\"position\":4,\"name\":\"Fonctionnalit\u00e9s de Fence\"}]},{\"@type\":\"WebSite\",\"@id\":\"https:\\\/\\\/www.protect.airbus.com\\\/fr\\\/#website\",\"url\":\"https:\\\/\\\/www.protect.airbus.com\\\/fr\\\/\",\"name\":\"Airbus Protect\",\"description\":\"\",\"publisher\":{\"@id\":\"https:\\\/\\\/www.protect.airbus.com\\\/fr\\\/#organization\"},\"potentialAction\":[{\"@type\":\"SearchAction\",\"target\":{\"@type\":\"EntryPoint\",\"urlTemplate\":\"https:\\\/\\\/www.protect.airbus.com\\\/fr\\\/?s={search_term_string}\"},\"query-input\":{\"@type\":\"PropertyValueSpecification\",\"valueRequired\":true,\"valueName\":\"search_term_string\"}}],\"inLanguage\":\"fr-FR\"},{\"@type\":\"Organization\",\"@id\":\"https:\\\/\\\/www.protect.airbus.com\\\/fr\\\/#organization\",\"name\":\"Airbus Protect\",\"url\":\"https:\\\/\\\/www.protect.airbus.com\\\/fr\\\/\",\"logo\":{\"@type\":\"ImageObject\",\"inLanguage\":\"fr-FR\",\"@id\":\"https:\\\/\\\/www.protect.airbus.com\\\/fr\\\/#\\\/schema\\\/logo\\\/image\\\/\",\"url\":\"https:\\\/\\\/www.protect.airbus.com\\\/wp-content\\\/uploads\\\/2023\\\/05\\\/logo-airbus-protect-696-696.png\",\"contentUrl\":\"https:\\\/\\\/www.protect.airbus.com\\\/wp-content\\\/uploads\\\/2023\\\/05\\\/logo-airbus-protect-696-696.png\",\"width\":696,\"height\":696,\"caption\":\"Airbus Protect\"},\"image\":{\"@id\":\"https:\\\/\\\/www.protect.airbus.com\\\/fr\\\/#\\\/schema\\\/logo\\\/image\\\/\"},\"sameAs\":[\"https:\\\/\\\/www.linkedin.com\\\/company\\\/airbus-protect\\\/\",\"https:\\\/\\\/www.youtube.com\\\/@airbusprotect7483\"],\"contactPoint\":{\"@type\":\"ContactPoint\",\"email\":\"protect@airbus.com\",\"contactType\":\"customer service\",\"areaServed\":[\"GB\",\"FR\",\"ES\",\"DE\",\"BE\",\"CH\",\"PT\",\"DK\",\"AT\"],\"availableLanguage\":[\"en\",\"fr\",\"de\"]}}]}<\/script>\n<!-- \/ Yoast SEO Premium plugin. -->","yoast_head_json":{"title":"Fonctionnalit\u00e9s de Fence - Airbus Protect","description":"D\u00e9couvrez les fonctionnalit\u00e9s de Fence, logiciel de gestion des risques de s\u00e9curit\u00e9 par Airbus Protect.","robots":{"index":"index","follow":"follow","max-snippet":"max-snippet:-1","max-image-preview":"max-image-preview:large","max-video-preview":"max-video-preview:-1"},"canonical":"https:\/\/www.protect.airbus.com\/fr\/cybersecurite\/fence\/fonctionnalites\/","og_locale":"fr_FR","og_type":"article","og_title":"Fonctionnalit\u00e9s de Fence","og_description":"D\u00e9couvrez les fonctionnalit\u00e9s de Fence, logiciel de gestion des risques de s\u00e9curit\u00e9 par Airbus Protect.","og_url":"https:\/\/www.protect.airbus.com\/fr\/cybersecurite\/fence\/fonctionnalites\/","og_site_name":"Airbus Protect","article_modified_time":"2023-04-11T07:10:44+00:00","og_image":[{"width":1920,"height":358,"url":"https:\/\/www.protect.airbus.com\/wp-content\/uploads\/2023\/03\/background-Fence_3-01-1.png","type":"image\/png"}],"twitter_card":"summary_large_image","twitter_misc":{"Dur\u00e9e de lecture estim\u00e9e":"3 minutes"},"schema":{"@context":"https:\/\/schema.org","@graph":[{"@type":"WebPage","@id":"https:\/\/www.protect.airbus.com\/fr\/cybersecurite\/fence\/fonctionnalites\/","url":"https:\/\/www.protect.airbus.com\/fr\/cybersecurite\/fence\/fonctionnalites\/","name":"Fonctionnalit\u00e9s de Fence - Airbus Protect","isPartOf":{"@id":"https:\/\/www.protect.airbus.com\/fr\/#website"},"primaryImageOfPage":{"@id":"https:\/\/www.protect.airbus.com\/fr\/cybersecurite\/fence\/fonctionnalites\/#primaryimage"},"image":{"@id":"https:\/\/www.protect.airbus.com\/fr\/cybersecurite\/fence\/fonctionnalites\/#primaryimage"},"thumbnailUrl":"https:\/\/www.protect.airbus.com\/wp-content\/uploads\/2023\/03\/background-Fence_3-01-1.png","datePublished":"2023-03-31T14:01:20+00:00","dateModified":"2023-04-11T07:10:44+00:00","description":"D\u00e9couvrez les fonctionnalit\u00e9s de Fence, logiciel de gestion des risques de s\u00e9curit\u00e9 par Airbus Protect.","breadcrumb":{"@id":"https:\/\/www.protect.airbus.com\/fr\/cybersecurite\/fence\/fonctionnalites\/#breadcrumb"},"inLanguage":"fr-FR","potentialAction":[{"@type":"ReadAction","target":["https:\/\/www.protect.airbus.com\/fr\/cybersecurite\/fence\/fonctionnalites\/"]}]},{"@type":"ImageObject","inLanguage":"fr-FR","@id":"https:\/\/www.protect.airbus.com\/fr\/cybersecurite\/fence\/fonctionnalites\/#primaryimage","url":"https:\/\/www.protect.airbus.com\/wp-content\/uploads\/2023\/03\/background-Fence_3-01-1.png","contentUrl":"https:\/\/www.protect.airbus.com\/wp-content\/uploads\/2023\/03\/background-Fence_3-01-1.png","width":1920,"height":358},{"@type":"BreadcrumbList","@id":"https:\/\/www.protect.airbus.com\/fr\/cybersecurite\/fence\/fonctionnalites\/#breadcrumb","itemListElement":[{"@type":"ListItem","position":1,"name":"Home","item":"https:\/\/www.protect.airbus.com\/fr\/"},{"@type":"ListItem","position":2,"name":"Cybers\u00e9curit\u00e9","item":"https:\/\/www.protect.airbus.com\/fr\/cybersecurite\/"},{"@type":"ListItem","position":3,"name":"Logiciel Fence","item":"https:\/\/www.protect.airbus.com\/fr\/cybersecurite\/fence\/"},{"@type":"ListItem","position":4,"name":"Fonctionnalit\u00e9s de Fence"}]},{"@type":"WebSite","@id":"https:\/\/www.protect.airbus.com\/fr\/#website","url":"https:\/\/www.protect.airbus.com\/fr\/","name":"Airbus Protect","description":"","publisher":{"@id":"https:\/\/www.protect.airbus.com\/fr\/#organization"},"potentialAction":[{"@type":"SearchAction","target":{"@type":"EntryPoint","urlTemplate":"https:\/\/www.protect.airbus.com\/fr\/?s={search_term_string}"},"query-input":{"@type":"PropertyValueSpecification","valueRequired":true,"valueName":"search_term_string"}}],"inLanguage":"fr-FR"},{"@type":"Organization","@id":"https:\/\/www.protect.airbus.com\/fr\/#organization","name":"Airbus Protect","url":"https:\/\/www.protect.airbus.com\/fr\/","logo":{"@type":"ImageObject","inLanguage":"fr-FR","@id":"https:\/\/www.protect.airbus.com\/fr\/#\/schema\/logo\/image\/","url":"https:\/\/www.protect.airbus.com\/wp-content\/uploads\/2023\/05\/logo-airbus-protect-696-696.png","contentUrl":"https:\/\/www.protect.airbus.com\/wp-content\/uploads\/2023\/05\/logo-airbus-protect-696-696.png","width":696,"height":696,"caption":"Airbus Protect"},"image":{"@id":"https:\/\/www.protect.airbus.com\/fr\/#\/schema\/logo\/image\/"},"sameAs":["https:\/\/www.linkedin.com\/company\/airbus-protect\/","https:\/\/www.youtube.com\/@airbusprotect7483"],"contactPoint":{"@type":"ContactPoint","email":"protect@airbus.com","contactType":"customer service","areaServed":["GB","FR","ES","DE","BE","CH","PT","DK","AT"],"availableLanguage":["en","fr","de"]}}]}},"_links":{"self":[{"href":"https:\/\/www.protect.airbus.com\/fr\/wp-json\/wp\/v2\/pages\/4805","targetHints":{"allow":["GET"]}}],"collection":[{"href":"https:\/\/www.protect.airbus.com\/fr\/wp-json\/wp\/v2\/pages"}],"about":[{"href":"https:\/\/www.protect.airbus.com\/fr\/wp-json\/wp\/v2\/types\/page"}],"author":[{"embeddable":true,"href":"https:\/\/www.protect.airbus.com\/fr\/wp-json\/wp\/v2\/users\/8"}],"replies":[{"embeddable":true,"href":"https:\/\/www.protect.airbus.com\/fr\/wp-json\/wp\/v2\/comments?post=4805"}],"version-history":[{"count":16,"href":"https:\/\/www.protect.airbus.com\/fr\/wp-json\/wp\/v2\/pages\/4805\/revisions"}],"predecessor-version":[{"id":5120,"href":"https:\/\/www.protect.airbus.com\/fr\/wp-json\/wp\/v2\/pages\/4805\/revisions\/5120"}],"up":[{"embeddable":true,"href":"https:\/\/www.protect.airbus.com\/fr\/wp-json\/wp\/v2\/pages\/4803"}],"wp:featuredmedia":[{"embeddable":true,"href":"https:\/\/www.protect.airbus.com\/fr\/wp-json\/wp\/v2\/media\/4932"}],"wp:attachment":[{"href":"https:\/\/www.protect.airbus.com\/fr\/wp-json\/wp\/v2\/media?parent=4805"}],"curies":[{"name":"wp","href":"https:\/\/api.w.org\/{rel}","templated":true}]}}