{"id":4803,"date":"2023-03-31T15:39:58","date_gmt":"2023-03-31T13:39:58","guid":{"rendered":"https:\/\/www.protect.airbus.com\/?page_id=4803"},"modified":"2026-03-25T10:06:24","modified_gmt":"2026-03-25T09:06:24","slug":"fence","status":"publish","type":"page","link":"https:\/\/www.protect.airbus.com\/fr\/cybersecurite\/fence\/","title":{"rendered":"Logiciel Fence"},"content":{"rendered":"<div class=\"wpb-content-wrapper\"><p>[vc_row][vc_column][vc_row_inner][vc_column_inner][vc_column_text p_style=\u00a0\u00bbpHighlight\u00a0\u00bb]<strong><span style=\"color: #da1884;\">Fence <\/span>\/ <a href=\"https:\/\/www.protect.airbus.com\/fr\/cybersecurite\/fence\/fonctionnalites\/\">Fonctionnalit\u00e9s<\/a> \/ <a href=\"https:\/\/www.protect.airbus.com\/fr\/cybersecurite\/fence\/offre\/\">Licences, Services &amp; Formation<\/a> \/ <a href=\"https:\/\/www.protect.airbus.com\/fr\/cybersecurite\/fence\/qui-sommes-nous\/\">Qui sommes-nous ?<\/a> \/ <a href=\"https:\/\/www.protect.airbus.com\/fr\/cybersecurite\/fence\/contact\/\">Contact<\/a>\u00a0<\/strong>[\/vc_column_text][\/vc_column_inner][\/vc_row_inner][vc_column_text p_style=\u00a0\u00bbpHighlight\u00a0\u00bb]<\/p>\n<h2>Fence, analyse et gestion des risques de cybers\u00e9curit\u00e9<\/h2>\n<p>Fence est l\u2019outil d\u2019Airbus Protect pour l\u2019analyse et la gestion des risques de cybers\u00e9curit\u00e9.<\/p>\n<p>Fence est une solution logicielle, qui permet la r\u00e9alisation simple et intuitive d\u2019analyse de risques suivant la m\u00e9thodologie EBIOS RM, ainsi que des analyses de conformit\u00e9. Fence sert \u00e9galement au suivi des risques identifi\u00e9s et de leur plan de traitement, fournissant tableaux de bords et indicateurs.<\/p>\n<p>Il s\u2019agit d\u2019une application web, d\u00e9ploy\u00e9e sur le syst\u00e8me d\u2019information de nos clients (\u201con premises\u201d). Il est \u00e9galement possible de l\u2019installer sur un poste de travail (mode \u201cstandalone\u201d), y compris sur un r\u00e9seau s\u00e9gr\u00e9g\u00e9\/d\u00e9connect\u00e9.[\/vc_column_text][vc_column_text p_style=\u00a0\u00bbpHighlight\u00a0\u00bb]<\/p>\n<h2>Un outil con\u00e7u par les analystes de risques qui l\u2019utilisent<\/h2>\n<p style=\"text-align: left;\">A l\u2019origine un outil cr\u00e9\u00e9 pour les \u00e9tudes de risques r\u00e9alis\u00e9es par les consultants d\u2019Airbus Protect, Fence int\u00e8gre notre expertise, \u00e0 disposition de nos plus de 400 utilisateurs.<\/p>\n<p style=\"text-align: left;\">Fence est la solution de gestion de risques de cybers\u00e9curit\u00e9 d\u2019Airbus, d\u00e9sormais disponible sur \u00e9tag\u00e8re. Elle est d\u00e9velopp\u00e9e dans le respect de l\u2019\u00e9tat de l\u2019art du g\u00e9nie logiciel, au sein de notre p\u00f4le d\u2019\u00e9dition logicielle \u00e0 Toulouse.<\/p>\n<p style=\"text-align: left;\">L\u2019origine de Fence est toujours dans son ADN: ses fonctionnalit\u00e9s sont con\u00e7ues en collaboration avec nos consultants qui les utilisent, et nombre d\u2019entre elles sont d\u2019ailleurs d\u00e9velopp\u00e9es \u00e0 leur suggestion.\u00a0 Fence est en effet toujours l\u2019outil utilis\u00e9 au quotidien par nos consultants.<\/p>\n<p>[\/vc_column_text][\/vc_column][\/vc_row][vc_row bg_style=\u00a0\u00bbbgUniversGraphiqueIndustries\u00a0\u00bb css=\u00a0\u00bb.vc_custom_1759913034258{background-color: #00205b !important;}\u00a0\u00bb][vc_column][vc_row_inner css=\u00a0\u00bb.vc_custom_1709914690904{background-color: #00205b !important;}\u00a0\u00bb][vc_column_inner]    <div class=\"blocVideo \">\n        <div class=\"visuelBlocVideo\"><a href=\"https:\/\/www.youtube.com\/embed\/LDln7GlazCM?si=zlgs7BwggsEy0mDS?autoplay=1&TB_iframe=true&width=640&height=480\" title=\"Fence | Solution de risk management | Airbus Protect\" class=\"thickbox\"><img loading=\"lazy\" decoding=\"async\" width=\"500\" height=\"316\" src=\"https:\/\/www.protect.airbus.com\/wp-content\/uploads\/2024\/03\/Fence-miniature-video-500x316.jpg\" class=\"attachment-bloc-video size-bloc-video\" alt=\"Fence miniature video\" srcset=\"https:\/\/www.protect.airbus.com\/wp-content\/uploads\/2024\/03\/Fence-miniature-video-500x316.jpg 500w, https:\/\/www.protect.airbus.com\/wp-content\/uploads\/2024\/03\/Fence-miniature-video-356x225.jpg 356w\" sizes=\"auto, (max-width: 500px) 100vw, 500px\" \/><\/a><\/div>\n        <div class=\"infoBlocVideo\">\n            <span class=\"titreBlocVideo\"><a href=\"https:\/\/www.youtube.com\/embed\/LDln7GlazCM?si=zlgs7BwggsEy0mDS?autoplay=1&TB_iframe=true&width=640&height=480\" title=\"Fence | Solution de risk management | Airbus Protect\" class=\"thickbox\">Fence | Solution de risk management | Airbus Protect<\/a><\/span>\n            <p class=\"descriptionBlocVideo\">Vous souhaitez en savoir plus sur notre outil Fence, l'outil d'analyse et gestion de risques de cybers\u00e9curit\u00e9 ? Visionnez la vid\u00e9o !<\/p>        <\/div>\n    <\/div>\n    [vc_zigzag][\/vc_column_inner][\/vc_row_inner][vc_row_inner][vc_column_inner width=\u00a0\u00bb1\/2&Prime;][vc_column_text css=\u00a0\u00bb\u00a0\u00bb h3_couleur=\u00a0\u00bbh3Blanc\u00a0\u00bb p_style=\u00a0\u00bbpHighlight\u00a0\u00bb p_couleur=\u00a0\u00bbpBlanc\u00a0\u00bb]<\/p>\n<h3 style=\"text-align: center;\"><strong>Notre brochure<\/strong><\/h3>\n<p style=\"text-align: center;\"><strong>Retrouvez dans la brochure tous les d\u00e9tails sur la solution logicielle Fence.<\/strong><\/p>\n<p>[\/vc_column_text]<div class=\"divBtCTA btAlignCenter\"><a href=\"https:\/\/www.protect.airbus.com\/fr\/cybersecurite\/fence\/contact\/\"  class=\"button btGeneral\">Contactez l&#039;\u00e9quipe Fence<\/a><\/div>[\/vc_column_inner][vc_column_inner width=\u00a0\u00bb1\/2&Prime;][vc_single_image image=\u00a0\u00bb35375&Prime; img_size=\u00a0\u00bbfull\u00a0\u00bb css=\u00a0\u00bb\u00a0\u00bb]<div class=\"divBtCTA btAlignCenter\">\n        <a href=\"\/fr\/download\/?id=40778&idFile=40778&k=be46c2e7fa45a28d&idPS=4803&kPS=0f45d2b8afb53b95&FT=Brochure+Fence&kFT=b533531303633735&FST=Brochure+Fence&kFST=b533531303633735&TFT=cybersecurity\" rel=\"nofollow\" class=\"button btAuto\">T\u00e9l\u00e9charger la brochure Fence<\/a>\n        <\/div>[\/vc_column_inner][\/vc_row_inner][\/vc_column][\/vc_row][vc_row][vc_column][vc_column_text css=\u00a0\u00bb\u00a0\u00bb p_style=\u00a0\u00bbpHighlight\u00a0\u00bb]<\/p>\n<h2>ANSSI label &amp; standards<\/h2>\n<p>Fence a re\u00e7u le label EBIOS Risk Manager de l&rsquo;ANSSI, d\u00e9di\u00e9 aux outils d&rsquo;analyse de risques.<\/p>\n<p>Ce label assure que les solutions logicielles impl\u00e9mentant EBIOS RM y sont enti\u00e8rement conforme. Il est d\u00e9livr\u00e9 par l\u2019ANSSI (l\u2019Agence Nationale de la S\u00e9curit\u00e9 des Syst\u00e8mes d\u2019Information), qui est \u00e9galement l\u2019auteur de la m\u00e9thodologie EBIOS RM.<\/p>\n<p>En plus d\u2019EBIOS RM, Fence impl\u00e9mente \u00e9galement les standards suivants:[\/vc_column_text][vc_row_inner][vc_column_inner width=\u00a0\u00bb1\/2&Prime;][vc_column_text css=\u00a0\u00bb\u00a0\u00bb]<\/p>\n<ul>\n<li style=\"font-weight: 400;\" aria-level=\"1\"><span style=\"font-weight: 400;\">ISO 27005:2018 (via EBIOS RM)<\/span><\/li>\n<li style=\"font-weight: 400;\" aria-level=\"1\"><span style=\"font-weight: 400;\">ISO 27002:2013<\/span><\/li>\n<li style=\"font-weight: 400;\" aria-level=\"1\"><span style=\"font-weight: 400;\">ISO 27002:2022<\/span><\/li>\n<li style=\"font-weight: 400;\" aria-level=\"1\"><span style=\"font-weight: 400;\">NIST 800-53<\/span><\/li>\n<li style=\"font-weight: 400;\" aria-level=\"1\"><span style=\"font-weight: 400;\">II 901<\/span><\/li>\n<li style=\"font-weight: 400;\" aria-level=\"1\"><span style=\"font-weight: 400;\">IGI 1300<\/span><\/li>\n<\/ul>\n<p>[\/vc_column_text][\/vc_column_inner][vc_column_inner width=\u00a0\u00bb1\/2&Prime;][vc_column_text css=\u00a0\u00bb\u00a0\u00bb]<\/p>\n<ul>\n<li style=\"font-weight: 400;\" aria-level=\"1\"><span style=\"font-weight: 400;\">MITRE ATT&amp;CK<\/span><\/li>\n<li style=\"font-weight: 400;\" aria-level=\"1\"><span style=\"font-weight: 400;\">ISA\/IEC 62443-2-1<\/span><\/li>\n<li style=\"font-weight: 400;\" aria-level=\"1\"><span style=\"font-weight: 400;\">ISA\/IEC 62443-3-3<\/span><\/li>\n<li style=\"font-weight: 400;\" aria-level=\"1\"><span style=\"font-weight: 400;\">ISA\/IEC 62443-4-2<\/span><\/li>\n<li style=\"font-weight: 400;\" aria-level=\"1\"><span style=\"font-weight: 400;\">Guide d\u2019hygi\u00e8ne informatique de l\u2019ANSSI<\/span><\/li>\n<\/ul>\n<p>[\/vc_column_text][\/vc_column_inner][\/vc_row_inner][\/vc_column][\/vc_row][vc_row full_width=\u00a0\u00bbstretch_row\u00a0\u00bb equal_height=\u00a0\u00bbyes\u00a0\u00bb content_placement=\u00a0\u00bbtop\u00a0\u00bb css=\u00a0\u00bb.vc_custom_1742546057036{background-image: url(https:\/\/www.protect.airbus.com\/wp-content\/uploads\/2022\/06\/bg-bloc-tls.jpg?id=1763) !important;background-position: center !important;background-repeat: no-repeat !important;background-size: cover !important;}\u00a0\u00bb][vc_column][vc_row_inner][vc_column_inner width=\u00a0\u00bb1\/2&Prime;][vc_column_text css=\u00a0\u00bb\u00a0\u00bb h3_style=\u00a0\u00bbh3 h3Light\u00a0\u00bb]<\/p>\n<h3>Nos services de formation pour r\u00e9pondre \u00e0 vos besoins<\/h3>\n<p>[\/vc_column_text][vc_column_text css=\u00a0\u00bb\u00a0\u00bb p_style=\u00a0\u00bbpHighlight\u00a0\u00bb]Nos \u00e9quipes de consultants en ing\u00e9nierie num\u00e9rique et en s\u00e9curit\u00e9 peuvent fournir des impl\u00e9mentations logicielles \u00e9volutives et personnalis\u00e9es, ainsi que des analyses de donn\u00e9es et des formations sur mesure.[\/vc_column_text][vc_column_text css=\u00a0\u00bb\u00a0\u00bb p_style=\u00a0\u00bbpHighlight\u00a0\u00bb]<\/p>\n<p style=\"text-align: center;\">D\u00e9couvrez notre catalogue de formations et notre formation <b>Ebios RM sur l&rsquo;\u00e9valuation des risques avec Fence<\/b><\/p>\n<p>[\/vc_column_text]<div class=\"divBtCTA btAlignCenter\"><a href=\"https:\/\/www.protect.airbus.com\/wp-content\/uploads\/2023\/05\/TRAINING-CATALOGUE-2026-INN_OT_24-00053_1.19-FR.pdf\" target=\"_blank\" class=\"button btGeneral\">T\u00e9l\u00e9charger le catalogue de formation<\/a><\/div>[\/vc_column_inner][vc_column_inner width=\u00a0\u00bb1\/2&Prime;][vc_single_image image=\u00a0\u00bb44990&Prime; img_size=\u00a0\u00bbfull\u00a0\u00bb onclick=\u00a0\u00bbcustom_link\u00a0\u00bb img_link_target=\u00a0\u00bb_blank\u00a0\u00bb css=\u00a0\u00bb\u00a0\u00bb link=\u00a0\u00bbhttps:\/\/www.protect.airbus.com\/wp-content\/uploads\/2023\/05\/TRAINING-CATALOGUE-2026-INN_OT_24-00053_1.19-FR.pdf\u00a0\u00bb][vc_empty_space][\/vc_column_inner][\/vc_row_inner][\/vc_column][\/vc_row][vc_row][vc_column]<div class=\"blocMoreInfo\">\n    [vc_column_text p_style=\u00a0\u00bbpHighlight\u00a0\u00bb]<\/p>\n<h3><span style=\"color: #da1884;\"><strong>Contactez l&rsquo;\u00e9quipe [Fence]<\/strong><\/span><\/h3>\n<p>[\/vc_column_text][vc_column_text css=\u00a0\u00bb\u00a0\u00bb p_style=\u00a0\u00bbpHighlight\u00a0\u00bb]Contactez-nous pour en savoir plus sur le logiciel de gestion des risques Fence, nos autres solutions logicielles ou notre gamme compl\u00e8te de services.[\/vc_column_text]    <\/div><div class=\"divBtCTA btAlignCenter\"><a href=\"https:\/\/www.protect.airbus.com\/fr\/cybersecurity\/fence\/contact\"  class=\"button btCybersecurity\">En savoir plus<\/a><\/div>[\/vc_column][\/vc_row]<\/p>\n<\/div>","protected":false},"excerpt":{"rendered":"<p>[vc_row][vc_column][vc_row_inner][vc_column_inner][vc_column_text p_style=\u00a0\u00bbpHighlight\u00a0\u00bb]Fence \/ Fonctionnalit\u00e9s \/ Licences, Services &amp; Formation \/ Qui sommes-nous ? \/ Contact\u00a0[\/vc_column_text][\/vc_column_inner][\/vc_row_inner][vc_column_text p_style=\u00a0\u00bbpHighlight\u00a0\u00bb] Fence, analyse et gestion des risques de cybers\u00e9curit\u00e9 Fence est l\u2019outil d\u2019Airbus Protect pour l\u2019analyse et la gestion des risques de cybers\u00e9curit\u00e9. Fence est une solution logicielle, qui permet la r\u00e9alisation simple et intuitive d\u2019analyse de risques suivant la [&hellip;]<\/p>\n","protected":false},"author":8,"featured_media":4932,"parent":6938,"menu_order":1,"comment_status":"closed","ping_status":"closed","template":"","meta":{"_acf_changed":false,"content-type":"","_relevanssi_hide_post":"","_relevanssi_hide_content":"","_relevanssi_pin_for_all":"","_relevanssi_pin_keywords":"","_relevanssi_unpin_keywords":"","_relevanssi_related_keywords":"","_relevanssi_related_include_ids":"","_relevanssi_related_exclude_ids":"","_relevanssi_related_no_append":"","_relevanssi_related_not_related":"","_relevanssi_related_posts":"","_relevanssi_noindex_reason":"","footnotes":""},"class_list":["post-4803","page","type-page","status-publish","has-post-thumbnail","hentry"],"acf":[],"yoast_head":"<!-- This site is optimized with the Yoast SEO Premium plugin v27.3 (Yoast SEO v27.3) - https:\/\/yoast.com\/product\/yoast-seo-premium-wordpress\/ -->\n<title>Fence : le logiciel de gestion des risques de cybers\u00e9curit\u00e9<\/title>\n<meta name=\"description\" content=\"D\u00e9couvrez Fence, le logiciel de gestion des risques de s\u00e9curit\u00e9 par Airbus Protect, ses labels ainsi que ses standards.\" \/>\n<meta name=\"robots\" content=\"index, follow, max-snippet:-1, max-image-preview:large, max-video-preview:-1\" \/>\n<link rel=\"canonical\" href=\"https:\/\/www.protect.airbus.com\/fr\/cybersecurite\/fence\/\" \/>\n<meta property=\"og:locale\" content=\"fr_FR\" \/>\n<meta property=\"og:type\" content=\"article\" \/>\n<meta property=\"og:title\" content=\"Logiciel Fence\" \/>\n<meta property=\"og:description\" content=\"D\u00e9couvrez Fence, le logiciel de gestion des risques de s\u00e9curit\u00e9 par Airbus Protect, ses labels ainsi que ses standards.\" \/>\n<meta property=\"og:url\" content=\"https:\/\/www.protect.airbus.com\/fr\/cybersecurite\/fence\/\" \/>\n<meta property=\"og:site_name\" content=\"Airbus Protect\" \/>\n<meta property=\"article:modified_time\" content=\"2026-03-25T09:06:24+00:00\" \/>\n<meta property=\"og:image\" content=\"https:\/\/www.protect.airbus.com\/wp-content\/uploads\/2023\/03\/background-Fence_3-01-1.png\" \/>\n\t<meta property=\"og:image:width\" content=\"1920\" \/>\n\t<meta property=\"og:image:height\" content=\"358\" \/>\n\t<meta property=\"og:image:type\" content=\"image\/png\" \/>\n<meta name=\"twitter:card\" content=\"summary_large_image\" \/>\n<meta name=\"twitter:label1\" content=\"Dur\u00e9e de lecture estim\u00e9e\" \/>\n\t<meta name=\"twitter:data1\" content=\"4 minutes\" \/>\n<script type=\"application\/ld+json\" class=\"yoast-schema-graph\">{\"@context\":\"https:\\\/\\\/schema.org\",\"@graph\":[{\"@type\":\"Service\",\"name\":\"Logiciel Fence\",\"url\":\"https:\\\/\\\/www.protect.airbus.com\\\/fr\\\/cybersecurite\\\/fence\\\/\",\"provider\":{\"@id\":\"https:\\\/\\\/www.protect.airbus.com\\\/#organization\"},\"description\":\"\"},{\"@type\":\"WebPage\",\"@id\":\"https:\\\/\\\/www.protect.airbus.com\\\/fr\\\/cybersecurite\\\/fence\\\/\",\"url\":\"https:\\\/\\\/www.protect.airbus.com\\\/fr\\\/cybersecurite\\\/fence\\\/\",\"name\":\"Fence : le logiciel de gestion des risques de cybers\u00e9curit\u00e9\",\"isPartOf\":{\"@id\":\"https:\\\/\\\/www.protect.airbus.com\\\/fr\\\/#website\"},\"primaryImageOfPage\":{\"@id\":\"https:\\\/\\\/www.protect.airbus.com\\\/fr\\\/cybersecurite\\\/fence\\\/#primaryimage\"},\"image\":{\"@id\":\"https:\\\/\\\/www.protect.airbus.com\\\/fr\\\/cybersecurite\\\/fence\\\/#primaryimage\"},\"thumbnailUrl\":\"https:\\\/\\\/www.protect.airbus.com\\\/wp-content\\\/uploads\\\/2023\\\/03\\\/background-Fence_3-01-1.png\",\"datePublished\":\"2023-03-31T13:39:58+00:00\",\"dateModified\":\"2026-03-25T09:06:24+00:00\",\"description\":\"D\u00e9couvrez Fence, le logiciel de gestion des risques de s\u00e9curit\u00e9 par Airbus Protect, ses labels ainsi que ses standards.\",\"breadcrumb\":{\"@id\":\"https:\\\/\\\/www.protect.airbus.com\\\/fr\\\/cybersecurite\\\/fence\\\/#breadcrumb\"},\"inLanguage\":\"fr-FR\",\"potentialAction\":[{\"@type\":\"ReadAction\",\"target\":[\"https:\\\/\\\/www.protect.airbus.com\\\/fr\\\/cybersecurite\\\/fence\\\/\"]}]},{\"@type\":\"ImageObject\",\"inLanguage\":\"fr-FR\",\"@id\":\"https:\\\/\\\/www.protect.airbus.com\\\/fr\\\/cybersecurite\\\/fence\\\/#primaryimage\",\"url\":\"https:\\\/\\\/www.protect.airbus.com\\\/wp-content\\\/uploads\\\/2023\\\/03\\\/background-Fence_3-01-1.png\",\"contentUrl\":\"https:\\\/\\\/www.protect.airbus.com\\\/wp-content\\\/uploads\\\/2023\\\/03\\\/background-Fence_3-01-1.png\",\"width\":1920,\"height\":358},{\"@type\":\"BreadcrumbList\",\"@id\":\"https:\\\/\\\/www.protect.airbus.com\\\/fr\\\/cybersecurite\\\/fence\\\/#breadcrumb\",\"itemListElement\":[{\"@type\":\"ListItem\",\"position\":1,\"name\":\"Home\",\"item\":\"https:\\\/\\\/www.protect.airbus.com\\\/fr\\\/\"},{\"@type\":\"ListItem\",\"position\":2,\"name\":\"Cybers\u00e9curit\u00e9\",\"item\":\"https:\\\/\\\/www.protect.airbus.com\\\/fr\\\/cybersecurite\\\/\"},{\"@type\":\"ListItem\",\"position\":3,\"name\":\"Logiciel Fence\"}]},{\"@type\":\"WebSite\",\"@id\":\"https:\\\/\\\/www.protect.airbus.com\\\/fr\\\/#website\",\"url\":\"https:\\\/\\\/www.protect.airbus.com\\\/fr\\\/\",\"name\":\"Airbus Protect\",\"description\":\"\",\"publisher\":{\"@id\":\"https:\\\/\\\/www.protect.airbus.com\\\/fr\\\/#organization\"},\"potentialAction\":[{\"@type\":\"SearchAction\",\"target\":{\"@type\":\"EntryPoint\",\"urlTemplate\":\"https:\\\/\\\/www.protect.airbus.com\\\/fr\\\/?s={search_term_string}\"},\"query-input\":{\"@type\":\"PropertyValueSpecification\",\"valueRequired\":true,\"valueName\":\"search_term_string\"}}],\"inLanguage\":\"fr-FR\"},{\"@type\":\"Organization\",\"@id\":\"https:\\\/\\\/www.protect.airbus.com\\\/fr\\\/#organization\",\"name\":\"Airbus Protect\",\"url\":\"https:\\\/\\\/www.protect.airbus.com\\\/fr\\\/\",\"logo\":{\"@type\":\"ImageObject\",\"inLanguage\":\"fr-FR\",\"@id\":\"https:\\\/\\\/www.protect.airbus.com\\\/fr\\\/#\\\/schema\\\/logo\\\/image\\\/\",\"url\":\"https:\\\/\\\/www.protect.airbus.com\\\/wp-content\\\/uploads\\\/2023\\\/05\\\/logo-airbus-protect-696-696.png\",\"contentUrl\":\"https:\\\/\\\/www.protect.airbus.com\\\/wp-content\\\/uploads\\\/2023\\\/05\\\/logo-airbus-protect-696-696.png\",\"width\":696,\"height\":696,\"caption\":\"Airbus Protect\"},\"image\":{\"@id\":\"https:\\\/\\\/www.protect.airbus.com\\\/fr\\\/#\\\/schema\\\/logo\\\/image\\\/\"},\"sameAs\":[\"https:\\\/\\\/www.linkedin.com\\\/company\\\/airbus-protect\\\/\",\"https:\\\/\\\/www.youtube.com\\\/@airbusprotect7483\"],\"contactPoint\":{\"@type\":\"ContactPoint\",\"email\":\"protect@airbus.com\",\"contactType\":\"customer service\",\"areaServed\":[\"GB\",\"FR\",\"ES\",\"DE\",\"BE\",\"CH\",\"PT\",\"DK\",\"AT\"],\"availableLanguage\":[\"en\",\"fr\",\"de\"]}}]}<\/script>\n<!-- \/ Yoast SEO Premium plugin. -->","yoast_head_json":{"title":"Fence : le logiciel de gestion des risques de cybers\u00e9curit\u00e9","description":"D\u00e9couvrez Fence, le logiciel de gestion des risques de s\u00e9curit\u00e9 par Airbus Protect, ses labels ainsi que ses standards.","robots":{"index":"index","follow":"follow","max-snippet":"max-snippet:-1","max-image-preview":"max-image-preview:large","max-video-preview":"max-video-preview:-1"},"canonical":"https:\/\/www.protect.airbus.com\/fr\/cybersecurite\/fence\/","og_locale":"fr_FR","og_type":"article","og_title":"Logiciel Fence","og_description":"D\u00e9couvrez Fence, le logiciel de gestion des risques de s\u00e9curit\u00e9 par Airbus Protect, ses labels ainsi que ses standards.","og_url":"https:\/\/www.protect.airbus.com\/fr\/cybersecurite\/fence\/","og_site_name":"Airbus Protect","article_modified_time":"2026-03-25T09:06:24+00:00","og_image":[{"width":1920,"height":358,"url":"https:\/\/www.protect.airbus.com\/wp-content\/uploads\/2023\/03\/background-Fence_3-01-1.png","type":"image\/png"}],"twitter_card":"summary_large_image","twitter_misc":{"Dur\u00e9e de lecture estim\u00e9e":"4 minutes"},"schema":{"@context":"https:\/\/schema.org","@graph":[{"@type":"Service","name":"Logiciel Fence","url":"https:\/\/www.protect.airbus.com\/fr\/cybersecurite\/fence\/","provider":{"@id":"https:\/\/www.protect.airbus.com\/#organization"},"description":""},{"@type":"WebPage","@id":"https:\/\/www.protect.airbus.com\/fr\/cybersecurite\/fence\/","url":"https:\/\/www.protect.airbus.com\/fr\/cybersecurite\/fence\/","name":"Fence : le logiciel de gestion des risques de cybers\u00e9curit\u00e9","isPartOf":{"@id":"https:\/\/www.protect.airbus.com\/fr\/#website"},"primaryImageOfPage":{"@id":"https:\/\/www.protect.airbus.com\/fr\/cybersecurite\/fence\/#primaryimage"},"image":{"@id":"https:\/\/www.protect.airbus.com\/fr\/cybersecurite\/fence\/#primaryimage"},"thumbnailUrl":"https:\/\/www.protect.airbus.com\/wp-content\/uploads\/2023\/03\/background-Fence_3-01-1.png","datePublished":"2023-03-31T13:39:58+00:00","dateModified":"2026-03-25T09:06:24+00:00","description":"D\u00e9couvrez Fence, le logiciel de gestion des risques de s\u00e9curit\u00e9 par Airbus Protect, ses labels ainsi que ses standards.","breadcrumb":{"@id":"https:\/\/www.protect.airbus.com\/fr\/cybersecurite\/fence\/#breadcrumb"},"inLanguage":"fr-FR","potentialAction":[{"@type":"ReadAction","target":["https:\/\/www.protect.airbus.com\/fr\/cybersecurite\/fence\/"]}]},{"@type":"ImageObject","inLanguage":"fr-FR","@id":"https:\/\/www.protect.airbus.com\/fr\/cybersecurite\/fence\/#primaryimage","url":"https:\/\/www.protect.airbus.com\/wp-content\/uploads\/2023\/03\/background-Fence_3-01-1.png","contentUrl":"https:\/\/www.protect.airbus.com\/wp-content\/uploads\/2023\/03\/background-Fence_3-01-1.png","width":1920,"height":358},{"@type":"BreadcrumbList","@id":"https:\/\/www.protect.airbus.com\/fr\/cybersecurite\/fence\/#breadcrumb","itemListElement":[{"@type":"ListItem","position":1,"name":"Home","item":"https:\/\/www.protect.airbus.com\/fr\/"},{"@type":"ListItem","position":2,"name":"Cybers\u00e9curit\u00e9","item":"https:\/\/www.protect.airbus.com\/fr\/cybersecurite\/"},{"@type":"ListItem","position":3,"name":"Logiciel Fence"}]},{"@type":"WebSite","@id":"https:\/\/www.protect.airbus.com\/fr\/#website","url":"https:\/\/www.protect.airbus.com\/fr\/","name":"Airbus Protect","description":"","publisher":{"@id":"https:\/\/www.protect.airbus.com\/fr\/#organization"},"potentialAction":[{"@type":"SearchAction","target":{"@type":"EntryPoint","urlTemplate":"https:\/\/www.protect.airbus.com\/fr\/?s={search_term_string}"},"query-input":{"@type":"PropertyValueSpecification","valueRequired":true,"valueName":"search_term_string"}}],"inLanguage":"fr-FR"},{"@type":"Organization","@id":"https:\/\/www.protect.airbus.com\/fr\/#organization","name":"Airbus Protect","url":"https:\/\/www.protect.airbus.com\/fr\/","logo":{"@type":"ImageObject","inLanguage":"fr-FR","@id":"https:\/\/www.protect.airbus.com\/fr\/#\/schema\/logo\/image\/","url":"https:\/\/www.protect.airbus.com\/wp-content\/uploads\/2023\/05\/logo-airbus-protect-696-696.png","contentUrl":"https:\/\/www.protect.airbus.com\/wp-content\/uploads\/2023\/05\/logo-airbus-protect-696-696.png","width":696,"height":696,"caption":"Airbus Protect"},"image":{"@id":"https:\/\/www.protect.airbus.com\/fr\/#\/schema\/logo\/image\/"},"sameAs":["https:\/\/www.linkedin.com\/company\/airbus-protect\/","https:\/\/www.youtube.com\/@airbusprotect7483"],"contactPoint":{"@type":"ContactPoint","email":"protect@airbus.com","contactType":"customer service","areaServed":["GB","FR","ES","DE","BE","CH","PT","DK","AT"],"availableLanguage":["en","fr","de"]}}]}},"_links":{"self":[{"href":"https:\/\/www.protect.airbus.com\/fr\/wp-json\/wp\/v2\/pages\/4803","targetHints":{"allow":["GET"]}}],"collection":[{"href":"https:\/\/www.protect.airbus.com\/fr\/wp-json\/wp\/v2\/pages"}],"about":[{"href":"https:\/\/www.protect.airbus.com\/fr\/wp-json\/wp\/v2\/types\/page"}],"author":[{"embeddable":true,"href":"https:\/\/www.protect.airbus.com\/fr\/wp-json\/wp\/v2\/users\/8"}],"replies":[{"embeddable":true,"href":"https:\/\/www.protect.airbus.com\/fr\/wp-json\/wp\/v2\/comments?post=4803"}],"version-history":[{"count":49,"href":"https:\/\/www.protect.airbus.com\/fr\/wp-json\/wp\/v2\/pages\/4803\/revisions"}],"predecessor-version":[{"id":51233,"href":"https:\/\/www.protect.airbus.com\/fr\/wp-json\/wp\/v2\/pages\/4803\/revisions\/51233"}],"up":[{"embeddable":true,"href":"https:\/\/www.protect.airbus.com\/fr\/wp-json\/wp\/v2\/pages\/6938"}],"wp:featuredmedia":[{"embeddable":true,"href":"https:\/\/www.protect.airbus.com\/fr\/wp-json\/wp\/v2\/media\/4932"}],"wp:attachment":[{"href":"https:\/\/www.protect.airbus.com\/fr\/wp-json\/wp\/v2\/media?parent=4803"}],"curies":[{"name":"wp","href":"https:\/\/api.w.org\/{rel}","templated":true}]}}