{"id":45931,"date":"2026-01-20T16:20:32","date_gmt":"2026-01-20T15:20:32","guid":{"rendered":"https:\/\/www.protect.airbus.com\/a-propos\/our-certifications\/"},"modified":"2026-02-05T09:57:55","modified_gmt":"2026-02-05T08:57:55","slug":"nos-certifications","status":"publish","type":"page","link":"https:\/\/www.protect.airbus.com\/fr\/a-propos\/nos-certifications\/","title":{"rendered":"Nos certifications"},"content":{"rendered":"<div class=\"wpb-content-wrapper\"><p>[vc_row][vc_column][vc_column_text css=\u00a0\u00bb\u00a0\u00bb p_style=\u00a0\u00bbpBig\u00a0\u00bb]Chez Airbus Protect, la qualit\u00e9, la s\u00e9curit\u00e9 et la conformit\u00e9 sont au c\u0153ur de toutes nos activit\u00e9s. Nos certifications refl\u00e8tent notre engagement \u00e0 respecter les normes internationales les plus strictes, garantissant ainsi \u00e0 nos clients une expertise fiable et haut de gamme en mati\u00e8re de cybers\u00e9curit\u00e9, de s\u00e9curit\u00e9 et de durabilit\u00e9.[\/vc_column_text][vc_column_text css=\u00a0\u00bb\u00a0\u00bb h3_couleur=\u00a0\u00bbh3BleuProtect\u00a0\u00bb p_style=\u00a0\u00bbpIntermediaire\u00a0\u00bb]<\/p>\n<h3>Normes internationales ISO 27001 et ISO 9001<\/h3>\n<p>Ces certifications t\u00e9moignent de notre engagement commun en faveur de la gestion de la qualit\u00e9 et de la s\u00e9curit\u00e9 des donn\u00e9es dans nos principaux sites europ\u00e9ens, en France, en Allemagne et au Royaume-Uni, dans les domaines de la s\u00e9curit\u00e9, de la cybers\u00e9curit\u00e9 et de la sustainability pour le secteur de l&rsquo;a\u00e9rospatiale et de la d\u00e9fense, les infrastructures critiques et les institutions nationales et europ\u00e9ennes.[\/vc_column_text][vc_row_inner][vc_column_inner width=\u00a0\u00bb1\/4&Prime;][\/vc_column_inner][vc_column_inner width=\u00a0\u00bb1\/4&Prime;][vc_single_image image=\u00a0\u00bb42432&Prime; css=\u00a0\u00bb\u00a0\u00bb][\/vc_column_inner][vc_column_inner width=\u00a0\u00bb1\/4&Prime;][vc_single_image image=\u00a0\u00bb42429&Prime; css=\u00a0\u00bb\u00a0\u00bb][\/vc_column_inner][vc_column_inner width=\u00a0\u00bb1\/4&Prime;][\/vc_column_inner][\/vc_row_inner][vc_column_text css=\u00a0\u00bb\u00a0\u00bb h3_couleur=\u00a0\u00bbh3BleuProtect\u00a0\u00bb p_style=\u00a0\u00bbpIntermediaire\u00a0\u00bb]<\/p>\n<h3>Partenaire agr\u00e9\u00e9 par l&rsquo;AESA<\/h3>\n<p data-path-to-node=\"13\">Airbus Protect est une entit\u00e9 qualifi\u00e9e agr\u00e9\u00e9e par l&rsquo;AESA pour la r\u00e9glementation Part-IS. Cet agr\u00e9ment d\u00e9montre que nous comprenons non seulement la r\u00e9glementation, mais que nous sommes \u00e9galement officiellement reconnus pour vous aider \u00e0 la mettre en \u0153uvre afin de renforcer et de s\u00e9curiser l&rsquo;ensemble de l&rsquo;\u00e9cosyst\u00e8me a\u00e9ronautique.<\/p>\n<p>[\/vc_column_text][vc_single_image image=\u00a0\u00bb45203&Prime; img_size=\u00a0\u00bbmedium\u00a0\u00bb alignment=\u00a0\u00bbcenter\u00a0\u00bb css=\u00a0\u00bb\u00a0\u00bb][vc_row_inner][vc_column_inner][vc_column_text css=\u00a0\u00bb\u00a0\u00bb h3_couleur=\u00a0\u00bbh3BleuProtect\u00a0\u00bb p_style=\u00a0\u00bbpIntermediaire\u00a0\u00bb]<\/p>\n<h3>Partenaire de confiance de l&rsquo;ANSSI<\/h3>\n<p>Airbus Protect est un partenaire de confiance de l&rsquo;Agence nationale de la s\u00e9curit\u00e9 des syst\u00e8mes d&rsquo;information (ANSSI), d\u00e9tenant les qualifications cl\u00e9s pour la protection des infrastructures critiques et des donn\u00e9es sensibles.[\/vc_column_text][\/vc_column_inner][\/vc_row_inner][vc_single_image image=\u00a0\u00bb45187&Prime; img_size=\u00a0\u00bbmedium\u00a0\u00bb alignment=\u00a0\u00bbcenter\u00a0\u00bb css=\u00a0\u00bb\u00a0\u00bb][\/vc_column][\/vc_row][vc_row bg_style=\u00a0\u00bbbgKeyDatas\u00a0\u00bb][vc_column width=\u00a0\u00bb1\/3&Prime;][vc_column_text css=\u00a0\u00bb\u00a0\u00bb p_style=\u00a0\u00bbpIntermediaire\u00a0\u00bb]<\/p>\n<h4 style=\"text-align: center;\">PASSI RGS &amp; PASSI LPM :<\/h4>\n<p>[\/vc_column_text][vc_single_image image=\u00a0\u00bb45508&Prime; alignment=\u00a0\u00bbcenter\u00a0\u00bb css=\u00a0\u00bb\u00a0\u00bb][vc_column_text css=\u00a0\u00bb\u00a0\u00bb p_style=\u00a0\u00bbpIntermediaire\u00a0\u00bb]<\/p>\n<p style=\"text-align: left;\" data-path-to-node=\"14,0,0\">Nous sommes un prestataire qualifi\u00e9 pour les audits de s\u00e9curit\u00e9 des syst\u00e8mes d&rsquo;information, y compris la s\u00e9curit\u00e9 physique, l&rsquo;audit de la configuration des syst\u00e8mes, l&rsquo;audit de l&rsquo;architecture des syst\u00e8mes et les tests de p\u00e9n\u00e9tration. Nos \u00e9valuations sont enti\u00e8rement conformes aux normes des r\u00e8gles g\u00e9n\u00e9rales de s\u00e9curit\u00e9 (RGS) et de la loi sur la programmation militaire (LPM).<\/p>\n<p>[\/vc_column_text][vc_empty_space][\/vc_column][vc_column width=\u00a0\u00bb1\/3&Prime;][vc_column_text css=\u00a0\u00bb\u00a0\u00bb p_style=\u00a0\u00bbpIntermediaire\u00a0\u00bb]<\/p>\n<h4 style=\"text-align: center;\">PDIS :<b data-path-to-node=\"14,1,0\" data-index-in-node=\"0\"><\/b><b data-path-to-node=\"14,1,0\" data-index-in-node=\"0\"><\/b><b data-path-to-node=\"14,1,0\" data-index-in-node=\"0\"><\/b><\/h4>\n<p>[\/vc_column_text][vc_single_image image=\u00a0\u00bb45511&Prime; alignment=\u00a0\u00bbcenter\u00a0\u00bb css=\u00a0\u00bb\u00a0\u00bb][vc_column_text css=\u00a0\u00bb\u00a0\u00bb p_style=\u00a0\u00bbpIntermediaire\u00a0\u00bb]Nous sommes un prestataire de services qualifi\u00e9 pour la d\u00e9tection des incidents de s\u00e9curit\u00e9. Cela confirme que nos centres d&rsquo;op\u00e9rations de s\u00e9curit\u00e9 (SOC) r\u00e9pondent aux exigences techniques et organisationnelles les plus strictes en mati\u00e8re de protection des <b>op\u00e9rateurs d&rsquo;importance vitale (OIV)<\/b>.[\/vc_column_text][vc_empty_space][\/vc_column][vc_column width=\u00a0\u00bb1\/3&Prime;][vc_column_text css=\u00a0\u00bb\u00a0\u00bb p_style=\u00a0\u00bbpIntermediaire\u00a0\u00bb]<\/p>\n<h4 style=\"text-align: center;\">Fence EBIOS RM :<\/h4>\n<p>[\/vc_column_text][vc_single_image image=\u00a0\u00bb45518&Prime; alignment=\u00a0\u00bbcenter\u00a0\u00bb css=\u00a0\u00bb\u00a0\u00bb][vc_column_text css=\u00a0\u00bb\u00a0\u00bb p_style=\u00a0\u00bbpIntermediaire\u00a0\u00bb]Nous disposons d&rsquo;une expertise dans la m\u00e9thodologie de gestion des risques soutenue par l&rsquo;ANSSI avec notre solution logicielle <a href=\"https:\/\/www.protect.airbus.com\/fr\/cybersecurite\/fence\/\">Fence<\/a>.[\/vc_column_text][vc_empty_space][\/vc_column][\/vc_row][vc_row][vc_column][vc_column_text css=\u00a0\u00bb\u00a0\u00bb h3_couleur=\u00a0\u00bbh3BleuProtect\u00a0\u00bb p_style=\u00a0\u00bbpIntermediaire\u00a0\u00bb]<\/p>\n<h3>Accr\u00e9ditations industrielles et sp\u00e9cialis\u00e9es<\/h3>\n<p data-path-to-node=\"17\">Nous d\u00e9tenons des certifications locales sp\u00e9cifiques qui nous permettent d&rsquo;op\u00e9rer dans des environnements techniques hautement r\u00e9glement\u00e9s.<\/p>\n<p>[\/vc_column_text][vc_tta_accordion active_section=\u00a0\u00bb\u00a0\u00bb collapsible_all=\u00a0\u00bbtrue\u00a0\u00bb][vc_tta_section title=\u00a0\u00bbFrance\u00a0\u00bb tab_id=\u00a0\u00bb1768920712619-971898cf-105a\u00a0\u00bb][vc_column_text css=\u00a0\u00bb\u00a0\u00bb]<\/p>\n<h4>Qualiopi<\/h4>\n<p>[\/vc_column_text][vc_single_image image=\u00a0\u00bb14560&Prime; img_size=\u00a0\u00bb200&#215;100&Prime; css=\u00a0\u00bb\u00a0\u00bb][vc_column_text css=\u00a0\u00bb\u00a0\u00bb p_style=\u00a0\u00bbpIntermediaire\u00a0\u00bb]Cette certification reconna\u00eet la qualit\u00e9 de nos processus de formation et de nos programmes de d\u00e9veloppement professionnel.<\/p>\n<p>Consultez notre <a href=\"https:\/\/www.protect.airbus.com\/wp-content\/uploads\/2023\/05\/229818-39311-Certificat-Qualiopi-renouvellement-Cofrac-1.pdf\">certificat Qualiopi.<\/a>[\/vc_column_text][vc_column_text css=\u00a0\u00bb\u00a0\u00bb]<\/p>\n<h4>Qualifoudre<\/h4>\n<p>[\/vc_column_text][vc_single_image image=\u00a0\u00bb45542&Prime; img_size=\u00a0\u00bb200&#215;100&Prime; css=\u00a0\u00bb\u00a0\u00bb][vc_column_text css=\u00a0\u00bb\u00a0\u00bb p_style=\u00a0\u00bbpIntermediaire\u00a0\u00bb]<\/p>\n<p data-path-to-node=\"19,1,0\">Certification pour la conception et la maintenance de syst\u00e8mes de protection contre la foudre, garantissant la s\u00e9curit\u00e9 des sites industriels.<\/p>\n<p>[\/vc_column_text][\/vc_tta_section][vc_tta_section title=\u00a0\u00bbRoyaume-Uni\u00a0\u00bb tab_id=\u00a0\u00bb1768920712629-2b63a5ff-6e11&Prime;][vc_column_text css=\u00a0\u00bb\u00a0\u00bb]<\/p>\n<h4>UVDB (Achilles)<\/h4>\n<p>[\/vc_column_text][vc_column_text css=\u00a0\u00bb\u00a0\u00bb p_style=\u00a0\u00bbpHighlight\u00a0\u00bb]Nous avons atteint les normes suivantes gr\u00e2ce \u00e0 un audit portant sur les pratiques et proc\u00e9dures en mati\u00e8re de s\u00e9curit\u00e9, de sant\u00e9, d&rsquo;environnement et de qualit\u00e9 en tant que fournisseur enregistr\u00e9 sur UVDB Verify.[\/vc_column_text][vc_single_image image=\u00a0\u00bb42420&Prime; img_size=\u00a0\u00bb200&#215;100&Prime; css=\u00a0\u00bb\u00a0\u00bb][vc_column_text css=\u00a0\u00bb\u00a0\u00bb]<\/p>\n<h4>Cyber Essentials<\/h4>\n<p>[\/vc_column_text][vc_single_image image=\u00a0\u00bb42435&Prime; img_size=\u00a0\u00bb160&#215;200&Prime; css=\u00a0\u00bb\u00a0\u00bb][vc_column_text css=\u00a0\u00bb\u00a0\u00bb p_style=\u00a0\u00bbpHighlight\u00a0\u00bb]Airbus Protect UK est <b>certifi\u00e9 Cyber Essentials<\/b>. Cette accr\u00e9ditation d\u00e9montre que nous avons mis en place des contr\u00f4les techniques robustes pour prot\u00e9ger nos clients britanniques contre les menaces les plus courantes li\u00e9es \u00e0 Internet.[\/vc_column_text][\/vc_tta_section][vc_tta_section title=\u00a0\u00bbAllemagne\u00a0\u00bb tab_id=\u00a0\u00bb1769525936213-078e88f3-89de\u00a0\u00bb][vc_column_text css=\u00a0\u00bb\u00a0\u00bb p_style=\u00a0\u00bbpIntermediaire\u00a0\u00bb]<\/p>\n<h4>BSI APT response service provider<\/h4>\n<p>[\/vc_column_text][vc_column_text css=\u00a0\u00bb\u00a0\u00bb p_style=\u00a0\u00bbpIntermediaire\u00a0\u00bb]<\/p>\n<div class=\"wpb_text_column wpb_content_element p h2 h3\">\n<div class=\"wpb_wrapper\">\n<div class=\"pHighlight\">\n<p>Airbus Protect a pass\u00e9 avec succ\u00e8s l&rsquo;examen de l&rsquo;Office f\u00e9d\u00e9ral allemand pour la s\u00e9curit\u00e9 informatique (BSI) et est d\u00e9sormais r\u00e9pertori\u00e9 comme prestataire de services qualifi\u00e9 en mati\u00e8re de r\u00e9ponse aux menaces avanc\u00e9es (APT).<\/p><\/div>\n<\/div>\n<\/div>\n<p>[\/vc_column_text][vc_single_image image=\u00a0\u00bb45708&Prime; img_size=\u00a0\u00bbmedium\u00a0\u00bb css=\u00a0\u00bb\u00a0\u00bb][\/vc_tta_section][\/vc_tta_accordion][\/vc_column][\/vc_row][vc_row][vc_column][vc_column_text css=\u00a0\u00bb\u00a0\u00bb p_style=\u00a0\u00bbpHighlight\u00a0\u00bb]<\/p>\n<h3>Avez-vous des exigences sp\u00e9cifiques en mati\u00e8re de conformit\u00e9 ?<\/h3>\n<p>Nos experts sont pr\u00eats \u00e0 vous aider \u00e0 naviguer dans des environnements r\u00e9glementaires complexes. Contactez-nous pour en savoir plus sur la mani\u00e8re dont nos processus certifi\u00e9s peuvent soutenir vos projets.[\/vc_column_text]<div class=\"divBtCTA btAlignCenter\"><a href=\"https:\/\/www.protect.airbus.com\/fr\/contact\/\"  class=\"button btAuto\">Contactez nos experts<\/a><\/div>[\/vc_column][\/vc_row]<\/p>\n<\/div>","protected":false},"excerpt":{"rendered":"<p>[vc_row][vc_column][vc_column_text css=\u00a0\u00bb\u00a0\u00bb p_style=\u00a0\u00bbpBig\u00a0\u00bb]Chez Airbus Protect, la qualit\u00e9, la s\u00e9curit\u00e9 et la conformit\u00e9 sont au c\u0153ur de toutes nos activit\u00e9s. Nos certifications refl\u00e8tent notre engagement \u00e0 respecter les normes internationales les plus strictes, garantissant ainsi \u00e0 nos clients une expertise fiable et haut de gamme en mati\u00e8re de cybers\u00e9curit\u00e9, de s\u00e9curit\u00e9 et de durabilit\u00e9.[\/vc_column_text][vc_column_text css=\u00a0\u00bb\u00a0\u00bb h3_couleur=\u00a0\u00bbh3BleuProtect\u00a0\u00bb [&hellip;]<\/p>\n","protected":false},"author":8,"featured_media":1759,"parent":3450,"menu_order":0,"comment_status":"closed","ping_status":"closed","template":"","meta":{"_acf_changed":false,"content-type":"","_relevanssi_hide_post":"","_relevanssi_hide_content":"","_relevanssi_pin_for_all":"","_relevanssi_pin_keywords":"","_relevanssi_unpin_keywords":"","_relevanssi_related_keywords":"","_relevanssi_related_include_ids":"","_relevanssi_related_exclude_ids":"","_relevanssi_related_no_append":"","_relevanssi_related_not_related":"","_relevanssi_related_posts":"","_relevanssi_noindex_reason":"","footnotes":""},"class_list":["post-45931","page","type-page","status-publish","has-post-thumbnail","hentry"],"acf":[],"yoast_head":"<!-- This site is optimized with the Yoast SEO Premium plugin v27.3 (Yoast SEO v27.3) - https:\/\/yoast.com\/product\/yoast-seo-premium-wordpress\/ -->\n<title>Nos certifications et accr\u00e9ditations<\/title>\n<meta name=\"description\" content=\"Nos certifications et accr\u00e9ditations locales et internationales, notamment ISO 9001, ISO 27001 en France, en Allemagne et au Royaume-Uni.\" \/>\n<meta name=\"robots\" content=\"index, follow, max-snippet:-1, max-image-preview:large, max-video-preview:-1\" \/>\n<link rel=\"canonical\" href=\"https:\/\/www.protect.airbus.com\/fr\/a-propos\/nos-certifications\/\" \/>\n<meta property=\"og:locale\" content=\"fr_FR\" \/>\n<meta property=\"og:type\" content=\"article\" \/>\n<meta property=\"og:title\" content=\"Nos certifications\" \/>\n<meta property=\"og:description\" content=\"Nos certifications et accr\u00e9ditations locales et internationales, notamment ISO 9001, ISO 27001 en France, en Allemagne et au Royaume-Uni.\" \/>\n<meta property=\"og:url\" content=\"https:\/\/www.protect.airbus.com\/fr\/a-propos\/nos-certifications\/\" \/>\n<meta property=\"og:site_name\" content=\"Airbus Protect\" \/>\n<meta property=\"article:modified_time\" content=\"2026-02-05T08:57:55+00:00\" \/>\n<meta property=\"og:image\" content=\"https:\/\/www.protect.airbus.com\/wp-content\/uploads\/2022\/06\/header-training-learning-services.jpg\" \/>\n\t<meta property=\"og:image:width\" content=\"1920\" \/>\n\t<meta property=\"og:image:height\" content=\"358\" \/>\n\t<meta property=\"og:image:type\" content=\"image\/jpeg\" \/>\n<meta name=\"twitter:card\" content=\"summary_large_image\" \/>\n<meta name=\"twitter:label1\" content=\"Dur\u00e9e de lecture estim\u00e9e\" \/>\n\t<meta name=\"twitter:data1\" content=\"6 minutes\" \/>\n<script type=\"application\/ld+json\" class=\"yoast-schema-graph\">{\"@context\":\"https:\\\/\\\/schema.org\",\"@graph\":[{\"@type\":\"WebPage\",\"@id\":\"https:\\\/\\\/www.protect.airbus.com\\\/fr\\\/a-propos\\\/nos-certifications\\\/\",\"url\":\"https:\\\/\\\/www.protect.airbus.com\\\/fr\\\/a-propos\\\/nos-certifications\\\/\",\"name\":\"Nos certifications et accr\u00e9ditations\",\"isPartOf\":{\"@id\":\"https:\\\/\\\/www.protect.airbus.com\\\/fr\\\/#website\"},\"primaryImageOfPage\":{\"@id\":\"https:\\\/\\\/www.protect.airbus.com\\\/fr\\\/a-propos\\\/nos-certifications\\\/#primaryimage\"},\"image\":{\"@id\":\"https:\\\/\\\/www.protect.airbus.com\\\/fr\\\/a-propos\\\/nos-certifications\\\/#primaryimage\"},\"thumbnailUrl\":\"https:\\\/\\\/www.protect.airbus.com\\\/wp-content\\\/uploads\\\/2022\\\/06\\\/header-training-learning-services.jpg\",\"datePublished\":\"2026-01-20T15:20:32+00:00\",\"dateModified\":\"2026-02-05T08:57:55+00:00\",\"description\":\"Nos certifications et accr\u00e9ditations locales et internationales, notamment ISO 9001, ISO 27001 en France, en Allemagne et au Royaume-Uni.\",\"breadcrumb\":{\"@id\":\"https:\\\/\\\/www.protect.airbus.com\\\/fr\\\/a-propos\\\/nos-certifications\\\/#breadcrumb\"},\"inLanguage\":\"fr-FR\",\"potentialAction\":[{\"@type\":\"ReadAction\",\"target\":[\"https:\\\/\\\/www.protect.airbus.com\\\/fr\\\/a-propos\\\/nos-certifications\\\/\"]}]},{\"@type\":\"ImageObject\",\"inLanguage\":\"fr-FR\",\"@id\":\"https:\\\/\\\/www.protect.airbus.com\\\/fr\\\/a-propos\\\/nos-certifications\\\/#primaryimage\",\"url\":\"https:\\\/\\\/www.protect.airbus.com\\\/wp-content\\\/uploads\\\/2022\\\/06\\\/header-training-learning-services.jpg\",\"contentUrl\":\"https:\\\/\\\/www.protect.airbus.com\\\/wp-content\\\/uploads\\\/2022\\\/06\\\/header-training-learning-services.jpg\",\"width\":1920,\"height\":358},{\"@type\":\"BreadcrumbList\",\"@id\":\"https:\\\/\\\/www.protect.airbus.com\\\/fr\\\/a-propos\\\/nos-certifications\\\/#breadcrumb\",\"itemListElement\":[{\"@type\":\"ListItem\",\"position\":1,\"name\":\"Home\",\"item\":\"https:\\\/\\\/www.protect.airbus.com\\\/fr\\\/\"},{\"@type\":\"ListItem\",\"position\":2,\"name\":\"\u00c0 propos\",\"item\":\"https:\\\/\\\/www.protect.airbus.com\\\/fr\\\/a-propos\\\/\"},{\"@type\":\"ListItem\",\"position\":3,\"name\":\"Nos certifications\"}]},{\"@type\":\"WebSite\",\"@id\":\"https:\\\/\\\/www.protect.airbus.com\\\/fr\\\/#website\",\"url\":\"https:\\\/\\\/www.protect.airbus.com\\\/fr\\\/\",\"name\":\"Airbus Protect\",\"description\":\"\",\"publisher\":{\"@id\":\"https:\\\/\\\/www.protect.airbus.com\\\/fr\\\/#organization\"},\"potentialAction\":[{\"@type\":\"SearchAction\",\"target\":{\"@type\":\"EntryPoint\",\"urlTemplate\":\"https:\\\/\\\/www.protect.airbus.com\\\/fr\\\/?s={search_term_string}\"},\"query-input\":{\"@type\":\"PropertyValueSpecification\",\"valueRequired\":true,\"valueName\":\"search_term_string\"}}],\"inLanguage\":\"fr-FR\"},{\"@type\":\"Organization\",\"@id\":\"https:\\\/\\\/www.protect.airbus.com\\\/fr\\\/#organization\",\"name\":\"Airbus Protect\",\"url\":\"https:\\\/\\\/www.protect.airbus.com\\\/fr\\\/\",\"logo\":{\"@type\":\"ImageObject\",\"inLanguage\":\"fr-FR\",\"@id\":\"https:\\\/\\\/www.protect.airbus.com\\\/fr\\\/#\\\/schema\\\/logo\\\/image\\\/\",\"url\":\"https:\\\/\\\/www.protect.airbus.com\\\/wp-content\\\/uploads\\\/2023\\\/05\\\/logo-airbus-protect-696-696.png\",\"contentUrl\":\"https:\\\/\\\/www.protect.airbus.com\\\/wp-content\\\/uploads\\\/2023\\\/05\\\/logo-airbus-protect-696-696.png\",\"width\":696,\"height\":696,\"caption\":\"Airbus Protect\"},\"image\":{\"@id\":\"https:\\\/\\\/www.protect.airbus.com\\\/fr\\\/#\\\/schema\\\/logo\\\/image\\\/\"},\"sameAs\":[\"https:\\\/\\\/www.linkedin.com\\\/company\\\/airbus-protect\\\/\",\"https:\\\/\\\/www.youtube.com\\\/@airbusprotect7483\"],\"contactPoint\":{\"@type\":\"ContactPoint\",\"email\":\"protect@airbus.com\",\"contactType\":\"customer service\",\"areaServed\":[\"GB\",\"FR\",\"ES\",\"DE\",\"BE\",\"CH\",\"PT\",\"DK\",\"AT\"],\"availableLanguage\":[\"en\",\"fr\",\"de\"]}}]}<\/script>\n<!-- \/ Yoast SEO Premium plugin. -->","yoast_head_json":{"title":"Nos certifications et accr\u00e9ditations","description":"Nos certifications et accr\u00e9ditations locales et internationales, notamment ISO 9001, ISO 27001 en France, en Allemagne et au Royaume-Uni.","robots":{"index":"index","follow":"follow","max-snippet":"max-snippet:-1","max-image-preview":"max-image-preview:large","max-video-preview":"max-video-preview:-1"},"canonical":"https:\/\/www.protect.airbus.com\/fr\/a-propos\/nos-certifications\/","og_locale":"fr_FR","og_type":"article","og_title":"Nos certifications","og_description":"Nos certifications et accr\u00e9ditations locales et internationales, notamment ISO 9001, ISO 27001 en France, en Allemagne et au Royaume-Uni.","og_url":"https:\/\/www.protect.airbus.com\/fr\/a-propos\/nos-certifications\/","og_site_name":"Airbus Protect","article_modified_time":"2026-02-05T08:57:55+00:00","og_image":[{"width":1920,"height":358,"url":"https:\/\/www.protect.airbus.com\/wp-content\/uploads\/2022\/06\/header-training-learning-services.jpg","type":"image\/jpeg"}],"twitter_card":"summary_large_image","twitter_misc":{"Dur\u00e9e de lecture estim\u00e9e":"6 minutes"},"schema":{"@context":"https:\/\/schema.org","@graph":[{"@type":"WebPage","@id":"https:\/\/www.protect.airbus.com\/fr\/a-propos\/nos-certifications\/","url":"https:\/\/www.protect.airbus.com\/fr\/a-propos\/nos-certifications\/","name":"Nos certifications et accr\u00e9ditations","isPartOf":{"@id":"https:\/\/www.protect.airbus.com\/fr\/#website"},"primaryImageOfPage":{"@id":"https:\/\/www.protect.airbus.com\/fr\/a-propos\/nos-certifications\/#primaryimage"},"image":{"@id":"https:\/\/www.protect.airbus.com\/fr\/a-propos\/nos-certifications\/#primaryimage"},"thumbnailUrl":"https:\/\/www.protect.airbus.com\/wp-content\/uploads\/2022\/06\/header-training-learning-services.jpg","datePublished":"2026-01-20T15:20:32+00:00","dateModified":"2026-02-05T08:57:55+00:00","description":"Nos certifications et accr\u00e9ditations locales et internationales, notamment ISO 9001, ISO 27001 en France, en Allemagne et au Royaume-Uni.","breadcrumb":{"@id":"https:\/\/www.protect.airbus.com\/fr\/a-propos\/nos-certifications\/#breadcrumb"},"inLanguage":"fr-FR","potentialAction":[{"@type":"ReadAction","target":["https:\/\/www.protect.airbus.com\/fr\/a-propos\/nos-certifications\/"]}]},{"@type":"ImageObject","inLanguage":"fr-FR","@id":"https:\/\/www.protect.airbus.com\/fr\/a-propos\/nos-certifications\/#primaryimage","url":"https:\/\/www.protect.airbus.com\/wp-content\/uploads\/2022\/06\/header-training-learning-services.jpg","contentUrl":"https:\/\/www.protect.airbus.com\/wp-content\/uploads\/2022\/06\/header-training-learning-services.jpg","width":1920,"height":358},{"@type":"BreadcrumbList","@id":"https:\/\/www.protect.airbus.com\/fr\/a-propos\/nos-certifications\/#breadcrumb","itemListElement":[{"@type":"ListItem","position":1,"name":"Home","item":"https:\/\/www.protect.airbus.com\/fr\/"},{"@type":"ListItem","position":2,"name":"\u00c0 propos","item":"https:\/\/www.protect.airbus.com\/fr\/a-propos\/"},{"@type":"ListItem","position":3,"name":"Nos certifications"}]},{"@type":"WebSite","@id":"https:\/\/www.protect.airbus.com\/fr\/#website","url":"https:\/\/www.protect.airbus.com\/fr\/","name":"Airbus Protect","description":"","publisher":{"@id":"https:\/\/www.protect.airbus.com\/fr\/#organization"},"potentialAction":[{"@type":"SearchAction","target":{"@type":"EntryPoint","urlTemplate":"https:\/\/www.protect.airbus.com\/fr\/?s={search_term_string}"},"query-input":{"@type":"PropertyValueSpecification","valueRequired":true,"valueName":"search_term_string"}}],"inLanguage":"fr-FR"},{"@type":"Organization","@id":"https:\/\/www.protect.airbus.com\/fr\/#organization","name":"Airbus Protect","url":"https:\/\/www.protect.airbus.com\/fr\/","logo":{"@type":"ImageObject","inLanguage":"fr-FR","@id":"https:\/\/www.protect.airbus.com\/fr\/#\/schema\/logo\/image\/","url":"https:\/\/www.protect.airbus.com\/wp-content\/uploads\/2023\/05\/logo-airbus-protect-696-696.png","contentUrl":"https:\/\/www.protect.airbus.com\/wp-content\/uploads\/2023\/05\/logo-airbus-protect-696-696.png","width":696,"height":696,"caption":"Airbus Protect"},"image":{"@id":"https:\/\/www.protect.airbus.com\/fr\/#\/schema\/logo\/image\/"},"sameAs":["https:\/\/www.linkedin.com\/company\/airbus-protect\/","https:\/\/www.youtube.com\/@airbusprotect7483"],"contactPoint":{"@type":"ContactPoint","email":"protect@airbus.com","contactType":"customer service","areaServed":["GB","FR","ES","DE","BE","CH","PT","DK","AT"],"availableLanguage":["en","fr","de"]}}]}},"_links":{"self":[{"href":"https:\/\/www.protect.airbus.com\/fr\/wp-json\/wp\/v2\/pages\/45931","targetHints":{"allow":["GET"]}}],"collection":[{"href":"https:\/\/www.protect.airbus.com\/fr\/wp-json\/wp\/v2\/pages"}],"about":[{"href":"https:\/\/www.protect.airbus.com\/fr\/wp-json\/wp\/v2\/types\/page"}],"author":[{"embeddable":true,"href":"https:\/\/www.protect.airbus.com\/fr\/wp-json\/wp\/v2\/users\/8"}],"replies":[{"embeddable":true,"href":"https:\/\/www.protect.airbus.com\/fr\/wp-json\/wp\/v2\/comments?post=45931"}],"version-history":[{"count":14,"href":"https:\/\/www.protect.airbus.com\/fr\/wp-json\/wp\/v2\/pages\/45931\/revisions"}],"predecessor-version":[{"id":46910,"href":"https:\/\/www.protect.airbus.com\/fr\/wp-json\/wp\/v2\/pages\/45931\/revisions\/46910"}],"up":[{"embeddable":true,"href":"https:\/\/www.protect.airbus.com\/fr\/wp-json\/wp\/v2\/pages\/3450"}],"wp:featuredmedia":[{"embeddable":true,"href":"https:\/\/www.protect.airbus.com\/fr\/wp-json\/wp\/v2\/media\/1759"}],"wp:attachment":[{"href":"https:\/\/www.protect.airbus.com\/fr\/wp-json\/wp\/v2\/media?parent=45931"}],"curies":[{"name":"wp","href":"https:\/\/api.w.org\/{rel}","templated":true}]}}