{"id":43713,"date":"2025-12-16T16:30:47","date_gmt":"2025-12-16T15:30:47","guid":{"rendered":"https:\/\/www.protect.airbus.com\/client-stories\/"},"modified":"2026-02-12T15:46:27","modified_gmt":"2026-02-12T14:46:27","slug":"temoignages-clients","status":"publish","type":"page","link":"https:\/\/www.protect.airbus.com\/fr\/temoignages-clients\/","title":{"rendered":"T\u00e9moignages de clients"},"content":{"rendered":"<div class=\"wpb-content-wrapper\"><p>[vc_row][vc_column]<div class=\"blocList blocListClientstories bgColorGreyBlue\">\n            <form class=\"searchFormBlocList  displayNone searchFormBlocListBlog\" method=\"post\" action=\"https:\/\/www.protect.airbus.com\/fr\/temoignages-clients\/\" id=\"search_69e2b71323c98\" enctype=\"multipart\/form-data\">\n            <div class=\"searchLine\"><div><span class=\"custom-dropdown\"><select name=\"categoryClientstories\" class=\"custom-dropdown__select dw_category\">\n                    <option value=\"\" selected=\"selected\">Sujet<\/option>\n                    <option value=\"cybersecurite-fr\" >Cybers\u00e9curit\u00e9<\/option><option value=\"fence-fr\" >Fence<\/option>                <\/select><\/span><\/div>                <div class=\"btSubmit\">\n                    <button type=\"submit\">Filtre<\/button>\n                <\/div>\n            <\/div>\n        <\/form>\n        <div class=\"blocListItems\"><article class=\"blocListItem\" onclick=\"document.location.href='https:\/\/www.protect.airbus.com\/fr\/temoignage-client-telediag\/';\" ><div class=\"blocListItem_sousconteneur\">\n                        <img loading=\"lazy\" decoding=\"async\" width=\"356\" height=\"225\" src=\"https:\/\/www.protect.airbus.com\/wp-content\/uploads\/2026\/02\/header-telediag-356x225.png\" class=\"attachment-post-list size-post-list wp-post-image\" alt=\"\" srcset=\"https:\/\/www.protect.airbus.com\/wp-content\/uploads\/2026\/02\/header-telediag-356x225.png 356w, https:\/\/www.protect.airbus.com\/wp-content\/uploads\/2026\/02\/header-telediag-500x316.png 500w\" sizes=\"auto, (max-width: 356px) 100vw, 356px\" \/>            <span class=\"category\">Cybers\u00e9curit\u00e9<\/span>            <h3><a href=\"https:\/\/www.protect.airbus.com\/fr\/temoignage-client-telediag\/\">T\u00e9moignage client:  TeleDiag<\/a><\/h3>\n            <p>D\u00e9couvrez la r\u00e9ussite de TeleDiag en mati\u00e8re de cyber-r\u00e9silience et son partenariat avec Airbus Protect pour une s\u00e9curit\u00e9 renforc\u00e9e.<\/p>                        <span class=\"btReadMore\">En savoir plus<\/span>            <\/div><\/article><article class=\"blocListItem\" onclick=\"document.location.href='https:\/\/www.protect.airbus.com\/fr\/temoignage-client-cnes\/';\" ><div class=\"blocListItem_sousconteneur\">\n                        <img loading=\"lazy\" decoding=\"async\" width=\"356\" height=\"225\" src=\"https:\/\/www.protect.airbus.com\/wp-content\/uploads\/2025\/07\/CNES-banner-01-01-356x225.jpg\" class=\"attachment-post-list size-post-list wp-post-image\" alt=\"cnes\" srcset=\"https:\/\/www.protect.airbus.com\/wp-content\/uploads\/2025\/07\/CNES-banner-01-01-356x225.jpg 356w, https:\/\/www.protect.airbus.com\/wp-content\/uploads\/2025\/07\/CNES-banner-01-01-500x316.jpg 500w\" sizes=\"auto, (max-width: 356px) 100vw, 356px\" \/>            <span class=\"category\">Cybers\u00e9curit\u00e9<\/span>            <h3><a href=\"https:\/\/www.protect.airbus.com\/fr\/temoignage-client-cnes\/\">T\u00e9moignage client \u2013 Le CNES<\/a><\/h3>\n            <p>D\u00e9couvrez comment le CNES optimise ses analyses de risques gr\u00e2ce \u00e0 la solution Airbus Protect Fence.<\/p>                        <span class=\"btReadMore\">En savoir plus<\/span>            <\/div><\/article><article class=\"blocListItem\" onclick=\"document.location.href='https:\/\/www.protect.airbus.com\/fr\/temoignage-client-tunnel-mont-blanc\/';\" ><div class=\"blocListItem_sousconteneur\">\n                        <img loading=\"lazy\" decoding=\"async\" width=\"356\" height=\"225\" src=\"https:\/\/www.protect.airbus.com\/wp-content\/uploads\/2025\/07\/AdobeStock_1230147432-356x225.jpeg\" class=\"attachment-post-list size-post-list wp-post-image\" alt=\"\" srcset=\"https:\/\/www.protect.airbus.com\/wp-content\/uploads\/2025\/07\/AdobeStock_1230147432-356x225.jpeg 356w, https:\/\/www.protect.airbus.com\/wp-content\/uploads\/2025\/07\/AdobeStock_1230147432-500x316.jpeg 500w\" sizes=\"auto, (max-width: 356px) 100vw, 356px\" \/>            <span class=\"category\">Cybers\u00e9curit\u00e9<\/span>            <h3><a href=\"https:\/\/www.protect.airbus.com\/fr\/temoignage-client-tunnel-mont-blanc\/\">T\u00e9moignage client : le tunnel du Mont-Blanc<\/a><\/h3>\n            <p>D\u00e9couvrez comment le tunnel du Mont-Blanc a am\u00e9lior\u00e9 sa cyber-r\u00e9silience avec le soutien d'Airbus Protect.<\/p>                        <span class=\"btReadMore\">En savoir plus<\/span>            <\/div><\/article><article class=\"blocListItem\" onclick=\"document.location.href='https:\/\/www.protect.airbus.com\/fr\/temoignage-client-tesat\/';\" ><div class=\"blocListItem_sousconteneur\">\n                        <img loading=\"lazy\" decoding=\"async\" width=\"356\" height=\"225\" src=\"https:\/\/www.protect.airbus.com\/wp-content\/uploads\/2025\/01\/banner_tesat-customer-story-01-01-356x225.png\" class=\"attachment-post-list size-post-list wp-post-image\" alt=\"\" srcset=\"https:\/\/www.protect.airbus.com\/wp-content\/uploads\/2025\/01\/banner_tesat-customer-story-01-01-356x225.png 356w, https:\/\/www.protect.airbus.com\/wp-content\/uploads\/2025\/01\/banner_tesat-customer-story-01-01-500x316.png 500w\" sizes=\"auto, (max-width: 356px) 100vw, 356px\" \/>            <span class=\"category\">Cybers\u00e9curit\u00e9<\/span>            <h3><a href=\"https:\/\/www.protect.airbus.com\/fr\/temoignage-client-tesat\/\">T\u00e9moignage client : la strat\u00e9gie de s\u00e9curit\u00e9 de TESAT<\/a><\/h3>\n            <p>Comment Airbus Protect a renforc\u00e9 la strat\u00e9gie de s\u00e9curit\u00e9 de TESAT; l\u2019un des principaux fabricants d\u2019\u00e9quipements pour satellites. D\u00e9couvrez plus sur notre solution dans ce t\u00e9moignage client.<\/p>                        <span class=\"btReadMore\">En savoir plus<\/span>            <\/div><\/article><article class=\"blocListItem\" onclick=\"document.location.href='https:\/\/www.protect.airbus.com\/fr\/cyber-audit-nda\/';\" ><div class=\"blocListItem_sousconteneur\">\n                        <img loading=\"lazy\" decoding=\"async\" width=\"356\" height=\"225\" src=\"https:\/\/www.protect.airbus.com\/wp-content\/uploads\/2024\/06\/Design-sans-titre-7-356x225.png\" class=\"attachment-post-list size-post-list wp-post-image\" alt=\"\" srcset=\"https:\/\/www.protect.airbus.com\/wp-content\/uploads\/2024\/06\/Design-sans-titre-7-356x225.png 356w, https:\/\/www.protect.airbus.com\/wp-content\/uploads\/2024\/06\/Design-sans-titre-7-500x316.png 500w\" sizes=\"auto, (max-width: 356px) 100vw, 356px\" \/>            <span class=\"category\">Cybers\u00e9curit\u00e9<\/span>            <h3><a href=\"https:\/\/www.protect.airbus.com\/fr\/cyber-audit-nda\/\">T\u00e9moignage client : Audit cyber pour la Nuclear Decommissioning Authority<\/a><\/h3>\n            <p>Airbus Protect et la NDA (Nuclear Decommissioning Authority) entretiennent un partenariat solide depuis plusieurs ann\u00e9es. D\u00e9couvrez le travail d'Airbus Protect autour des tests de vuln\u00e9rabilit\u00e9.<\/p>                        <span class=\"btReadMore\">En savoir plus<\/span>            <\/div><\/article><\/div>\n                <\/div>[\/vc_column][\/vc_row]<\/p>\n<\/div>","protected":false},"excerpt":{"rendered":"<p>[vc_row][vc_column][\/vc_column][\/vc_row]<\/p>\n","protected":false},"author":1,"featured_media":34793,"parent":0,"menu_order":0,"comment_status":"closed","ping_status":"closed","template":"page-list-client-stories.php","meta":{"_acf_changed":false,"content-type":"","_relevanssi_hide_post":"","_relevanssi_hide_content":"","_relevanssi_pin_for_all":"","_relevanssi_pin_keywords":"","_relevanssi_unpin_keywords":"","_relevanssi_related_keywords":"","_relevanssi_related_include_ids":"","_relevanssi_related_exclude_ids":"","_relevanssi_related_no_append":"","_relevanssi_related_not_related":"","_relevanssi_related_posts":"","_relevanssi_noindex_reason":"","footnotes":""},"class_list":["post-43713","page","type-page","status-publish","has-post-thumbnail","hentry"],"acf":[],"yoast_head":"<!-- This site is optimized with the Yoast SEO Premium plugin v27.3 (Yoast SEO v27.3) - https:\/\/yoast.com\/product\/yoast-seo-premium-wordpress\/ -->\n<title>Nos t\u00e9moignages de clients<\/title>\n<meta name=\"robots\" content=\"index, follow, max-snippet:-1, max-image-preview:large, max-video-preview:-1\" \/>\n<link rel=\"canonical\" href=\"https:\/\/www.protect.airbus.com\/fr\/temoignages-clients\/\" \/>\n<meta property=\"og:locale\" content=\"fr_FR\" \/>\n<meta property=\"og:type\" content=\"article\" \/>\n<meta property=\"og:title\" content=\"T\u00e9moignages de clients\" \/>\n<meta property=\"og:description\" content=\"[vc_row][vc_column][\/vc_column][\/vc_row]\" \/>\n<meta property=\"og:url\" content=\"https:\/\/www.protect.airbus.com\/fr\/temoignages-clients\/\" \/>\n<meta property=\"og:site_name\" content=\"Airbus Protect\" \/>\n<meta property=\"article:modified_time\" content=\"2026-02-12T14:46:27+00:00\" \/>\n<meta property=\"og:image\" content=\"https:\/\/www.protect.airbus.com\/wp-content\/uploads\/2025\/07\/customer-succes-stories-banner_Plan-de-travail-1-1-1024x308.jpg\" \/>\n\t<meta property=\"og:image:width\" content=\"1024\" \/>\n\t<meta property=\"og:image:height\" content=\"308\" \/>\n\t<meta property=\"og:image:type\" content=\"image\/jpeg\" \/>\n<meta name=\"twitter:card\" content=\"summary_large_image\" \/>\n<meta name=\"twitter:label1\" content=\"Dur\u00e9e de lecture estim\u00e9e\" \/>\n\t<meta name=\"twitter:data1\" content=\"1 minute\" \/>\n<script type=\"application\/ld+json\" class=\"yoast-schema-graph\">{\"@context\":\"https:\\\/\\\/schema.org\",\"@graph\":[{\"@type\":\"WebPage\",\"@id\":\"https:\\\/\\\/www.protect.airbus.com\\\/fr\\\/temoignages-clients\\\/\",\"url\":\"https:\\\/\\\/www.protect.airbus.com\\\/fr\\\/temoignages-clients\\\/\",\"name\":\"Nos t\u00e9moignages de clients\",\"isPartOf\":{\"@id\":\"https:\\\/\\\/www.protect.airbus.com\\\/fr\\\/#website\"},\"primaryImageOfPage\":{\"@id\":\"https:\\\/\\\/www.protect.airbus.com\\\/fr\\\/temoignages-clients\\\/#primaryimage\"},\"image\":{\"@id\":\"https:\\\/\\\/www.protect.airbus.com\\\/fr\\\/temoignages-clients\\\/#primaryimage\"},\"thumbnailUrl\":\"https:\\\/\\\/www.protect.airbus.com\\\/wp-content\\\/uploads\\\/2025\\\/07\\\/customer-succes-stories-banner_Plan-de-travail-1-1.jpg\",\"datePublished\":\"2025-12-16T15:30:47+00:00\",\"dateModified\":\"2026-02-12T14:46:27+00:00\",\"breadcrumb\":{\"@id\":\"https:\\\/\\\/www.protect.airbus.com\\\/fr\\\/temoignages-clients\\\/#breadcrumb\"},\"inLanguage\":\"fr-FR\",\"potentialAction\":[{\"@type\":\"ReadAction\",\"target\":[\"https:\\\/\\\/www.protect.airbus.com\\\/fr\\\/temoignages-clients\\\/\"]}]},{\"@type\":\"ImageObject\",\"inLanguage\":\"fr-FR\",\"@id\":\"https:\\\/\\\/www.protect.airbus.com\\\/fr\\\/temoignages-clients\\\/#primaryimage\",\"url\":\"https:\\\/\\\/www.protect.airbus.com\\\/wp-content\\\/uploads\\\/2025\\\/07\\\/customer-succes-stories-banner_Plan-de-travail-1-1.jpg\",\"contentUrl\":\"https:\\\/\\\/www.protect.airbus.com\\\/wp-content\\\/uploads\\\/2025\\\/07\\\/customer-succes-stories-banner_Plan-de-travail-1-1.jpg\",\"width\":1920,\"height\":578},{\"@type\":\"BreadcrumbList\",\"@id\":\"https:\\\/\\\/www.protect.airbus.com\\\/fr\\\/temoignages-clients\\\/#breadcrumb\",\"itemListElement\":[{\"@type\":\"ListItem\",\"position\":1,\"name\":\"Home\",\"item\":\"https:\\\/\\\/www.protect.airbus.com\\\/fr\\\/\"},{\"@type\":\"ListItem\",\"position\":2,\"name\":\"T\u00e9moignages de clients\"}]},{\"@type\":\"WebSite\",\"@id\":\"https:\\\/\\\/www.protect.airbus.com\\\/fr\\\/#website\",\"url\":\"https:\\\/\\\/www.protect.airbus.com\\\/fr\\\/\",\"name\":\"Airbus Protect\",\"description\":\"\",\"publisher\":{\"@id\":\"https:\\\/\\\/www.protect.airbus.com\\\/fr\\\/#organization\"},\"potentialAction\":[{\"@type\":\"SearchAction\",\"target\":{\"@type\":\"EntryPoint\",\"urlTemplate\":\"https:\\\/\\\/www.protect.airbus.com\\\/fr\\\/?s={search_term_string}\"},\"query-input\":{\"@type\":\"PropertyValueSpecification\",\"valueRequired\":true,\"valueName\":\"search_term_string\"}}],\"inLanguage\":\"fr-FR\"},{\"@type\":\"Organization\",\"@id\":\"https:\\\/\\\/www.protect.airbus.com\\\/fr\\\/#organization\",\"name\":\"Airbus Protect\",\"url\":\"https:\\\/\\\/www.protect.airbus.com\\\/fr\\\/\",\"logo\":{\"@type\":\"ImageObject\",\"inLanguage\":\"fr-FR\",\"@id\":\"https:\\\/\\\/www.protect.airbus.com\\\/fr\\\/#\\\/schema\\\/logo\\\/image\\\/\",\"url\":\"https:\\\/\\\/www.protect.airbus.com\\\/wp-content\\\/uploads\\\/2023\\\/05\\\/logo-airbus-protect-696-696.png\",\"contentUrl\":\"https:\\\/\\\/www.protect.airbus.com\\\/wp-content\\\/uploads\\\/2023\\\/05\\\/logo-airbus-protect-696-696.png\",\"width\":696,\"height\":696,\"caption\":\"Airbus Protect\"},\"image\":{\"@id\":\"https:\\\/\\\/www.protect.airbus.com\\\/fr\\\/#\\\/schema\\\/logo\\\/image\\\/\"},\"sameAs\":[\"https:\\\/\\\/www.linkedin.com\\\/company\\\/airbus-protect\\\/\",\"https:\\\/\\\/www.youtube.com\\\/@airbusprotect7483\"],\"contactPoint\":{\"@type\":\"ContactPoint\",\"email\":\"protect@airbus.com\",\"contactType\":\"customer service\",\"areaServed\":[\"GB\",\"FR\",\"ES\",\"DE\",\"BE\",\"CH\",\"PT\",\"DK\",\"AT\"],\"availableLanguage\":[\"en\",\"fr\",\"de\"]}}]}<\/script>\n<!-- \/ Yoast SEO Premium plugin. -->","yoast_head_json":{"title":"Nos t\u00e9moignages de clients","robots":{"index":"index","follow":"follow","max-snippet":"max-snippet:-1","max-image-preview":"max-image-preview:large","max-video-preview":"max-video-preview:-1"},"canonical":"https:\/\/www.protect.airbus.com\/fr\/temoignages-clients\/","og_locale":"fr_FR","og_type":"article","og_title":"T\u00e9moignages de clients","og_description":"[vc_row][vc_column][\/vc_column][\/vc_row]","og_url":"https:\/\/www.protect.airbus.com\/fr\/temoignages-clients\/","og_site_name":"Airbus Protect","article_modified_time":"2026-02-12T14:46:27+00:00","og_image":[{"width":1024,"height":308,"url":"https:\/\/www.protect.airbus.com\/wp-content\/uploads\/2025\/07\/customer-succes-stories-banner_Plan-de-travail-1-1-1024x308.jpg","type":"image\/jpeg"}],"twitter_card":"summary_large_image","twitter_misc":{"Dur\u00e9e de lecture estim\u00e9e":"1 minute"},"schema":{"@context":"https:\/\/schema.org","@graph":[{"@type":"WebPage","@id":"https:\/\/www.protect.airbus.com\/fr\/temoignages-clients\/","url":"https:\/\/www.protect.airbus.com\/fr\/temoignages-clients\/","name":"Nos t\u00e9moignages de clients","isPartOf":{"@id":"https:\/\/www.protect.airbus.com\/fr\/#website"},"primaryImageOfPage":{"@id":"https:\/\/www.protect.airbus.com\/fr\/temoignages-clients\/#primaryimage"},"image":{"@id":"https:\/\/www.protect.airbus.com\/fr\/temoignages-clients\/#primaryimage"},"thumbnailUrl":"https:\/\/www.protect.airbus.com\/wp-content\/uploads\/2025\/07\/customer-succes-stories-banner_Plan-de-travail-1-1.jpg","datePublished":"2025-12-16T15:30:47+00:00","dateModified":"2026-02-12T14:46:27+00:00","breadcrumb":{"@id":"https:\/\/www.protect.airbus.com\/fr\/temoignages-clients\/#breadcrumb"},"inLanguage":"fr-FR","potentialAction":[{"@type":"ReadAction","target":["https:\/\/www.protect.airbus.com\/fr\/temoignages-clients\/"]}]},{"@type":"ImageObject","inLanguage":"fr-FR","@id":"https:\/\/www.protect.airbus.com\/fr\/temoignages-clients\/#primaryimage","url":"https:\/\/www.protect.airbus.com\/wp-content\/uploads\/2025\/07\/customer-succes-stories-banner_Plan-de-travail-1-1.jpg","contentUrl":"https:\/\/www.protect.airbus.com\/wp-content\/uploads\/2025\/07\/customer-succes-stories-banner_Plan-de-travail-1-1.jpg","width":1920,"height":578},{"@type":"BreadcrumbList","@id":"https:\/\/www.protect.airbus.com\/fr\/temoignages-clients\/#breadcrumb","itemListElement":[{"@type":"ListItem","position":1,"name":"Home","item":"https:\/\/www.protect.airbus.com\/fr\/"},{"@type":"ListItem","position":2,"name":"T\u00e9moignages de clients"}]},{"@type":"WebSite","@id":"https:\/\/www.protect.airbus.com\/fr\/#website","url":"https:\/\/www.protect.airbus.com\/fr\/","name":"Airbus Protect","description":"","publisher":{"@id":"https:\/\/www.protect.airbus.com\/fr\/#organization"},"potentialAction":[{"@type":"SearchAction","target":{"@type":"EntryPoint","urlTemplate":"https:\/\/www.protect.airbus.com\/fr\/?s={search_term_string}"},"query-input":{"@type":"PropertyValueSpecification","valueRequired":true,"valueName":"search_term_string"}}],"inLanguage":"fr-FR"},{"@type":"Organization","@id":"https:\/\/www.protect.airbus.com\/fr\/#organization","name":"Airbus Protect","url":"https:\/\/www.protect.airbus.com\/fr\/","logo":{"@type":"ImageObject","inLanguage":"fr-FR","@id":"https:\/\/www.protect.airbus.com\/fr\/#\/schema\/logo\/image\/","url":"https:\/\/www.protect.airbus.com\/wp-content\/uploads\/2023\/05\/logo-airbus-protect-696-696.png","contentUrl":"https:\/\/www.protect.airbus.com\/wp-content\/uploads\/2023\/05\/logo-airbus-protect-696-696.png","width":696,"height":696,"caption":"Airbus Protect"},"image":{"@id":"https:\/\/www.protect.airbus.com\/fr\/#\/schema\/logo\/image\/"},"sameAs":["https:\/\/www.linkedin.com\/company\/airbus-protect\/","https:\/\/www.youtube.com\/@airbusprotect7483"],"contactPoint":{"@type":"ContactPoint","email":"protect@airbus.com","contactType":"customer service","areaServed":["GB","FR","ES","DE","BE","CH","PT","DK","AT"],"availableLanguage":["en","fr","de"]}}]}},"_links":{"self":[{"href":"https:\/\/www.protect.airbus.com\/fr\/wp-json\/wp\/v2\/pages\/43713","targetHints":{"allow":["GET"]}}],"collection":[{"href":"https:\/\/www.protect.airbus.com\/fr\/wp-json\/wp\/v2\/pages"}],"about":[{"href":"https:\/\/www.protect.airbus.com\/fr\/wp-json\/wp\/v2\/types\/page"}],"author":[{"embeddable":true,"href":"https:\/\/www.protect.airbus.com\/fr\/wp-json\/wp\/v2\/users\/1"}],"replies":[{"embeddable":true,"href":"https:\/\/www.protect.airbus.com\/fr\/wp-json\/wp\/v2\/comments?post=43713"}],"version-history":[{"count":3,"href":"https:\/\/www.protect.airbus.com\/fr\/wp-json\/wp\/v2\/pages\/43713\/revisions"}],"predecessor-version":[{"id":43715,"href":"https:\/\/www.protect.airbus.com\/fr\/wp-json\/wp\/v2\/pages\/43713\/revisions\/43715"}],"wp:featuredmedia":[{"embeddable":true,"href":"https:\/\/www.protect.airbus.com\/fr\/wp-json\/wp\/v2\/media\/34793"}],"wp:attachment":[{"href":"https:\/\/www.protect.airbus.com\/fr\/wp-json\/wp\/v2\/media?parent=43713"}],"curies":[{"name":"wp","href":"https:\/\/api.w.org\/{rel}","templated":true}]}}