{"id":43418,"date":"2025-11-19T15:55:12","date_gmt":"2025-11-19T14:55:12","guid":{"rendered":"https:\/\/www.protect.airbus.com\/?page_id=43418"},"modified":"2025-12-16T10:40:17","modified_gmt":"2025-12-16T09:40:17","slug":"podcast","status":"publish","type":"page","link":"https:\/\/www.protect.airbus.com\/fr\/podcast\/","title":{"rendered":"Podcast"},"content":{"rendered":"<div class=\"wpb-content-wrapper\"><p>[vc_row][vc_column]<h1 class=\"titreListePodcast\">Podcast<span>:<\/span><\/h1>\n    <a name=\"podcastSearchF\"><\/a>\n    <form class=\"searchFormBlocList searchFormBlocListPodcast\" method=\"post\" action=\"https:\/\/www.protect.airbus.com\/fr\/podcast\/#podcastSearchF\" id=\"search_69f4830302497\" enctype=\"multipart\/form-data\">\n        <div class=\"searchLine\">\n            <div class=\"filtreTopicDate\">\n                <div class=\"nomFiltre\">Filtres<\/div>\n                <div>\n                <span class=\"custom-dropdown\"><select name=\"categoryPodcast\" class=\"custom-dropdown__select dw_category\">\n                    <option value=\"\" selected=\"selected\">Sujet<\/option>\n                            <option value=\"cybersecurite-fr\" >Cybers\u00e9curit\u00e9<\/option>                <\/select><\/span><span class=\"custom-dropdown\"><select name=\"datePodcast\" class=\"custom-dropdown__select dw_date\">\n                    <option value=\"\" selected=\"selected\">Date<\/option>\n                            <option value=\"2025-12\" >d\u00e9cembre 2025<\/option>                <\/select><\/span>                <\/div>\n            <\/div>\n            <div class=\"filtreText\">\n                <div class=\"nomFiltre\">Rechercher un \u00e9pisode<\/div>\n                <div><input type=\"text\" name=\"sPodcast\" value=\"\" placeholder=\"Tapez votre recherche ici\" \/><\/div>\n            <\/div>\n            <div class=\"btSubmit\">\n                <div>\n                    <button type=\"submit\" class=\"button btGeneral\">Filtre<\/button>\n                <\/div>\n            <\/div>\n        <\/div>\n    <\/form>\n    <div class=\"podcastList\">\n<a name=\"podcast_43425\"><\/a>\n<div class=\"podcast\" id=\"podcast_43425\">\n    <div class=\"podcastSerie\" onclick=\"fctTooglePodcast('43425');\">\n        <div class=\"podcastSerieImg\" style=\"background-image:url('https:\/\/www.protect.airbus.com\/wp-content\/uploads\/2025\/12\/Miniature-podcast-500x500.png');\">\n            <div>\n                                            <\/div>\n        <\/div>\n    <\/div>\n    <div class=\"podcastDetail\">\n        <div class=\"podcastLigneAction\" onclick=\"fctTooglePodcast('43425');\">\n            <div class=\"podcastSurTitre\">La norme Part-Is expliqu\u00e9e par notre expert<\/div>\n            <div class=\"podcastBtAction\"><span data-podcast-id=\"43425\">+<\/span><\/div>\n        <\/div>\n        <h2 onclick=\"fctTooglePodcast('43425');\">Yann Berger explique la notre Part-IS<\/h2>\n        <p>Dans cet \u00e9pisode, Yann Berger d\u00e9crypte la norme Part-IS<\/p>        <div class=\"podcastDateDuree\">\n            <div class=\"podcastDate\">15\/12\/2025<\/div><div class=\"podcastDuree\">3.49 min.<\/div><\/div>\n        <div class=\"podcastDetailComplementaire\">\n            <div class=\"podcastBlocLecteur\">\n                <div class=\"podcastLecteur\" data-title=\"Yann Berger explique la notre Part-IS\">\n                    <audio preload=\"metadata\" src=\"https:\/\/www.protect.airbus.com\/wp-content\/uploads\/2025\/12\/Interview-Yann-Berger-Part-IS.mp3\"><\/audio>\n                    <button class=\"back15\"><img decoding=\"async\" src=\"\/wp-content\/themes\/airbusprotect\/images\/audio-backward.svg\" \/><\/button>\n                    <input type=\"range\" class=\"progress\" value=\"0\" step=\"0.1\">\n                    <button class=\"forward15\"><img decoding=\"async\" src=\"\/wp-content\/themes\/airbusprotect\/images\/audio-forward.svg\" \/><\/button>\n                    <span class=\"time\">--:-- \/ --:--<\/span>\n                    <button class=\"playPause\"><svg viewBox=\"0 0 24 24\" fill=\"white\"><path d=\"M8 5v14l11-7z\"\/><\/svg><\/button>\n                <\/div>\n            <\/div>\n                            <div class=\"podcastListeInvite\">\n                    <div class=\"podcastListeTitre\">Invit\u00e9s<\/div>\n                    <div class=\"podcastInvite\">\n                        <div class=\"podcastInviteImg\"><img decoding=\"async\" src=\"https:\/\/www.protect.airbus.com\/wp-content\/uploads\/2022\/06\/Temoignage-Yann_Berger-150x150.png\"\/><\/div>\n                        <div class=\"podcastInviteDetail\">\n                            <div class=\"podcastInviteTitre\">Yann Berger<\/div>\n                            <div class=\"podcastInviteFonction\"> Lead Auditor & Part-IS Team Leader at Airbus Protect<\/div>                            <div class=\"podcastInviteDescription\">Yann est un cyber-expert et auditeur certifi\u00e9 en s\u00e9curit\u00e9 qui compte plus de 30 ans d'exp\u00e9rience dans le domaine de la s\u00e9curit\u00e9 informatique et a\u00e9ronautique. Il dirige l'\u00e9quipe Airbus Protect Part-IS, qui aide les clients \u00e0 se conformer aux normes de s\u00e9curit\u00e9 Part-IS. Il veille \u00e0 ce que les exigences en mati\u00e8re de gestion des risques et des vuln\u00e9rabilit\u00e9s soient respect\u00e9es en combinant ses connaissances en mati\u00e8re de s\u00e9curit\u00e9 a\u00e9ronautique et informatique avec ses comp\u00e9tences en mati\u00e8re de s\u00e9curit\u00e9.<\/div>                        <\/div>\n                        <\/div>                <\/div>\n                        <\/div>\n    <\/div>\n<\/div>\n<\/div>[\/vc_column][\/vc_row]<\/p>\n<\/div>","protected":false},"excerpt":{"rendered":"<p>[vc_row][vc_column][\/vc_column][\/vc_row]<\/p>\n","protected":false},"author":1,"featured_media":0,"parent":0,"menu_order":0,"comment_status":"closed","ping_status":"closed","template":"page-list-podcast.php","meta":{"_acf_changed":false,"content-type":"","_relevanssi_hide_post":"","_relevanssi_hide_content":"","_relevanssi_pin_for_all":"","_relevanssi_pin_keywords":"","_relevanssi_unpin_keywords":"","_relevanssi_related_keywords":"","_relevanssi_related_include_ids":"","_relevanssi_related_exclude_ids":"","_relevanssi_related_no_append":"","_relevanssi_related_not_related":"","_relevanssi_related_posts":"","_relevanssi_noindex_reason":"","footnotes":""},"class_list":["post-43418","page","type-page","status-publish","hentry"],"acf":[],"yoast_head":"<!-- This site is optimized with the Yoast SEO Premium plugin v27.4 (Yoast SEO v27.4) - https:\/\/yoast.com\/product\/yoast-seo-premium-wordpress\/ -->\n<title>Podcast - Airbus Protect<\/title>\n<meta name=\"robots\" content=\"index, follow, max-snippet:-1, max-image-preview:large, max-video-preview:-1\" \/>\n<link rel=\"canonical\" href=\"https:\/\/www.protect.airbus.com\/fr\/podcast\/\" \/>\n<meta property=\"og:locale\" content=\"fr_FR\" \/>\n<meta property=\"og:type\" content=\"article\" \/>\n<meta property=\"og:title\" content=\"Podcast\" \/>\n<meta property=\"og:description\" content=\"[vc_row][vc_column][\/vc_column][\/vc_row]\" \/>\n<meta property=\"og:url\" content=\"https:\/\/www.protect.airbus.com\/fr\/podcast\/\" \/>\n<meta property=\"og:site_name\" content=\"Airbus Protect\" \/>\n<meta property=\"article:modified_time\" content=\"2025-12-16T09:40:17+00:00\" \/>\n<meta name=\"twitter:card\" content=\"summary_large_image\" \/>\n<meta name=\"twitter:label1\" content=\"Dur\u00e9e de lecture estim\u00e9e\" \/>\n\t<meta name=\"twitter:data1\" content=\"1 minute\" \/>\n<script type=\"application\/ld+json\" class=\"yoast-schema-graph\">{\"@context\":\"https:\\\/\\\/schema.org\",\"@graph\":[{\"@type\":\"WebPage\",\"@id\":\"https:\\\/\\\/www.protect.airbus.com\\\/fr\\\/podcast\\\/\",\"url\":\"https:\\\/\\\/www.protect.airbus.com\\\/fr\\\/podcast\\\/\",\"name\":\"Podcast - Airbus Protect\",\"isPartOf\":{\"@id\":\"https:\\\/\\\/www.protect.airbus.com\\\/fr\\\/#website\"},\"datePublished\":\"2025-11-19T14:55:12+00:00\",\"dateModified\":\"2025-12-16T09:40:17+00:00\",\"breadcrumb\":{\"@id\":\"https:\\\/\\\/www.protect.airbus.com\\\/fr\\\/podcast\\\/#breadcrumb\"},\"inLanguage\":\"fr-FR\",\"potentialAction\":[{\"@type\":\"ReadAction\",\"target\":[\"https:\\\/\\\/www.protect.airbus.com\\\/fr\\\/podcast\\\/\"]}]},{\"@type\":\"BreadcrumbList\",\"@id\":\"https:\\\/\\\/www.protect.airbus.com\\\/fr\\\/podcast\\\/#breadcrumb\",\"itemListElement\":[{\"@type\":\"ListItem\",\"position\":1,\"name\":\"Home\",\"item\":\"https:\\\/\\\/www.protect.airbus.com\\\/fr\\\/\"},{\"@type\":\"ListItem\",\"position\":2,\"name\":\"Podcast\"}]},{\"@type\":\"WebSite\",\"@id\":\"https:\\\/\\\/www.protect.airbus.com\\\/fr\\\/#website\",\"url\":\"https:\\\/\\\/www.protect.airbus.com\\\/fr\\\/\",\"name\":\"Airbus Protect\",\"description\":\"\",\"publisher\":{\"@id\":\"https:\\\/\\\/www.protect.airbus.com\\\/fr\\\/#organization\"},\"potentialAction\":[{\"@type\":\"SearchAction\",\"target\":{\"@type\":\"EntryPoint\",\"urlTemplate\":\"https:\\\/\\\/www.protect.airbus.com\\\/fr\\\/?s={search_term_string}\"},\"query-input\":{\"@type\":\"PropertyValueSpecification\",\"valueRequired\":true,\"valueName\":\"search_term_string\"}}],\"inLanguage\":\"fr-FR\"},{\"@type\":\"Organization\",\"@id\":\"https:\\\/\\\/www.protect.airbus.com\\\/fr\\\/#organization\",\"name\":\"Airbus Protect\",\"url\":\"https:\\\/\\\/www.protect.airbus.com\\\/fr\\\/\",\"logo\":{\"@type\":\"ImageObject\",\"inLanguage\":\"fr-FR\",\"@id\":\"https:\\\/\\\/www.protect.airbus.com\\\/fr\\\/#\\\/schema\\\/logo\\\/image\\\/\",\"url\":\"https:\\\/\\\/www.protect.airbus.com\\\/wp-content\\\/uploads\\\/2023\\\/05\\\/logo-airbus-protect-696-696.png\",\"contentUrl\":\"https:\\\/\\\/www.protect.airbus.com\\\/wp-content\\\/uploads\\\/2023\\\/05\\\/logo-airbus-protect-696-696.png\",\"width\":696,\"height\":696,\"caption\":\"Airbus Protect\"},\"image\":{\"@id\":\"https:\\\/\\\/www.protect.airbus.com\\\/fr\\\/#\\\/schema\\\/logo\\\/image\\\/\"},\"sameAs\":[\"https:\\\/\\\/www.linkedin.com\\\/company\\\/airbus-protect\\\/\",\"https:\\\/\\\/www.youtube.com\\\/@airbusprotect7483\"],\"contactPoint\":{\"@type\":\"ContactPoint\",\"email\":\"protect@airbus.com\",\"contactType\":\"customer service\",\"areaServed\":[\"GB\",\"FR\",\"ES\",\"DE\",\"BE\",\"CH\",\"PT\",\"DK\",\"AT\"],\"availableLanguage\":[\"en\",\"fr\",\"de\"]}}]}<\/script>\n<!-- \/ Yoast SEO Premium plugin. -->","yoast_head_json":{"title":"Podcast - Airbus Protect","robots":{"index":"index","follow":"follow","max-snippet":"max-snippet:-1","max-image-preview":"max-image-preview:large","max-video-preview":"max-video-preview:-1"},"canonical":"https:\/\/www.protect.airbus.com\/fr\/podcast\/","og_locale":"fr_FR","og_type":"article","og_title":"Podcast","og_description":"[vc_row][vc_column][\/vc_column][\/vc_row]","og_url":"https:\/\/www.protect.airbus.com\/fr\/podcast\/","og_site_name":"Airbus Protect","article_modified_time":"2025-12-16T09:40:17+00:00","twitter_card":"summary_large_image","twitter_misc":{"Dur\u00e9e de lecture estim\u00e9e":"1 minute"},"schema":{"@context":"https:\/\/schema.org","@graph":[{"@type":"WebPage","@id":"https:\/\/www.protect.airbus.com\/fr\/podcast\/","url":"https:\/\/www.protect.airbus.com\/fr\/podcast\/","name":"Podcast - Airbus Protect","isPartOf":{"@id":"https:\/\/www.protect.airbus.com\/fr\/#website"},"datePublished":"2025-11-19T14:55:12+00:00","dateModified":"2025-12-16T09:40:17+00:00","breadcrumb":{"@id":"https:\/\/www.protect.airbus.com\/fr\/podcast\/#breadcrumb"},"inLanguage":"fr-FR","potentialAction":[{"@type":"ReadAction","target":["https:\/\/www.protect.airbus.com\/fr\/podcast\/"]}]},{"@type":"BreadcrumbList","@id":"https:\/\/www.protect.airbus.com\/fr\/podcast\/#breadcrumb","itemListElement":[{"@type":"ListItem","position":1,"name":"Home","item":"https:\/\/www.protect.airbus.com\/fr\/"},{"@type":"ListItem","position":2,"name":"Podcast"}]},{"@type":"WebSite","@id":"https:\/\/www.protect.airbus.com\/fr\/#website","url":"https:\/\/www.protect.airbus.com\/fr\/","name":"Airbus Protect","description":"","publisher":{"@id":"https:\/\/www.protect.airbus.com\/fr\/#organization"},"potentialAction":[{"@type":"SearchAction","target":{"@type":"EntryPoint","urlTemplate":"https:\/\/www.protect.airbus.com\/fr\/?s={search_term_string}"},"query-input":{"@type":"PropertyValueSpecification","valueRequired":true,"valueName":"search_term_string"}}],"inLanguage":"fr-FR"},{"@type":"Organization","@id":"https:\/\/www.protect.airbus.com\/fr\/#organization","name":"Airbus Protect","url":"https:\/\/www.protect.airbus.com\/fr\/","logo":{"@type":"ImageObject","inLanguage":"fr-FR","@id":"https:\/\/www.protect.airbus.com\/fr\/#\/schema\/logo\/image\/","url":"https:\/\/www.protect.airbus.com\/wp-content\/uploads\/2023\/05\/logo-airbus-protect-696-696.png","contentUrl":"https:\/\/www.protect.airbus.com\/wp-content\/uploads\/2023\/05\/logo-airbus-protect-696-696.png","width":696,"height":696,"caption":"Airbus Protect"},"image":{"@id":"https:\/\/www.protect.airbus.com\/fr\/#\/schema\/logo\/image\/"},"sameAs":["https:\/\/www.linkedin.com\/company\/airbus-protect\/","https:\/\/www.youtube.com\/@airbusprotect7483"],"contactPoint":{"@type":"ContactPoint","email":"protect@airbus.com","contactType":"customer service","areaServed":["GB","FR","ES","DE","BE","CH","PT","DK","AT"],"availableLanguage":["en","fr","de"]}}]}},"_links":{"self":[{"href":"https:\/\/www.protect.airbus.com\/fr\/wp-json\/wp\/v2\/pages\/43418","targetHints":{"allow":["GET"]}}],"collection":[{"href":"https:\/\/www.protect.airbus.com\/fr\/wp-json\/wp\/v2\/pages"}],"about":[{"href":"https:\/\/www.protect.airbus.com\/fr\/wp-json\/wp\/v2\/types\/page"}],"author":[{"embeddable":true,"href":"https:\/\/www.protect.airbus.com\/fr\/wp-json\/wp\/v2\/users\/1"}],"replies":[{"embeddable":true,"href":"https:\/\/www.protect.airbus.com\/fr\/wp-json\/wp\/v2\/comments?post=43418"}],"version-history":[{"count":4,"href":"https:\/\/www.protect.airbus.com\/fr\/wp-json\/wp\/v2\/pages\/43418\/revisions"}],"predecessor-version":[{"id":43635,"href":"https:\/\/www.protect.airbus.com\/fr\/wp-json\/wp\/v2\/pages\/43418\/revisions\/43635"}],"wp:attachment":[{"href":"https:\/\/www.protect.airbus.com\/fr\/wp-json\/wp\/v2\/media?parent=43418"}],"curies":[{"name":"wp","href":"https:\/\/api.w.org\/{rel}","templated":true}]}}