{"id":3760,"date":"2022-06-09T06:19:33","date_gmt":"2022-06-09T04:19:33","guid":{"rendered":"https:\/\/www.protect.airbus.com\/informations\/case-studies\/"},"modified":"2023-02-02T15:10:58","modified_gmt":"2023-02-02T14:10:58","slug":"etudes-de-cas","status":"publish","type":"page","link":"https:\/\/www.protect.airbus.com\/fr\/informations\/etudes-de-cas\/","title":{"rendered":"\u00c9tudes de cas"},"content":{"rendered":"<div class=\"wpb-content-wrapper\"><p>[vc_row][vc_column]<div class=\"blocList blocListCasestudie bgColorGreyBlue\">\n            <form class=\"searchFormBlocList \" method=\"post\" action=\"https:\/\/www.protect.airbus.com\/fr\/informations\/etudes-de-cas\/\" id=\"search_69d2561f90364\" enctype=\"multipart\/form-data\">\n            <div class=\"searchLine\"><div><span class=\"custom-dropdown\"><select name=\"categoryCasestudie\" class=\"custom-dropdown__select dw_category\">\n                    <option value=\"\" selected=\"selected\">Sujet<\/option>\n                    <option value=\"cybersecurite-fr\" >Cybers\u00e9curit\u00e9<\/option>                <\/select><\/span><\/div><div><span class=\"custom-dropdown\"><select name=\"dateCasestudie\" class=\"custom-dropdown__select dw_date\">\n                    <option value=\"\" selected=\"selected\">Date<\/option>\n                        <option value=\"2023-04\" >avril 2023<\/option>                <\/select><\/span><\/div>                <div class=\"btSubmit\">\n                    <button type=\"submit\">Filtre<\/button>\n                <\/div>\n            <\/div>\n        <\/form>\n        <div class=\"blocListItems\"><article class=\"blocListItem\"  ><div class=\"blocListItem_sousconteneur\">\n            <a href=\"\/fr\/download\/?id=5265&idFile=5265&k=86e30c724a4bcc06&idPS=3760&kPS=53d6c996399fdab3&FT=AFNOR+%3A+72+heures+pour+r%C3%A9agir&kFT=235088464f5fcea7&FST=%C3%89tudes+de+cas&kFST=75a9737b5435baf1&TFT=%C3%89tudes+de+cas\" rel=\"nofollow\" ><img loading=\"lazy\" decoding=\"async\" width=\"356\" height=\"225\" src=\"https:\/\/www.protect.airbus.com\/wp-content\/uploads\/2023\/04\/afnor_miniature-356x225.png\" class=\"attachment-post-list size-post-list wp-post-image\" alt=\"Afnor r\u00e9f\u00e9rence client\" \/><\/a><span class=\"category\">Cybers\u00e9curit\u00e9<\/span>            <h3>AFNOR : 72 heures pour r\u00e9agir<\/h3>\n            <p>En fe\u0301vrier 2021, le Groupe AFNOR a e\u0301te\u0301 infecte\u0301 par un ranc\u0327ongiciel. Certains\r\nde leurs fichiers ont e\u0301te\u0301 chiffre\u0301s et la plupart des serveurs sont devenus inaccessibles. L\u2019infection provenait d\u2019un email de phishing, envoye\u0301 3 jours avant la cyberattaque.\r\n<\/p><a href=\"\/fr\/download\/?id=5265&idFile=5265&k=86e30c724a4bcc06&idPS=3760&kPS=53d6c996399fdab3&FT=AFNOR+%3A+72+heures+pour+r%C3%A9agir&kFT=235088464f5fcea7&FST=%C3%89tudes+de+cas&kFST=75a9737b5435baf1&TFT=%C3%89tudes+de+cas\" rel=\"nofollow\" class=\"button btReadMore\" >T\u00e9l\u00e9charger<\/a>            <\/div><\/article><article class=\"blocListItem\"  ><div class=\"blocListItem_sousconteneur\">\n            <a href=\"\/fr\/download\/?id=5179&idFile=5179&k=a3a3bfeab912f8f4&idPS=3760&kPS=53d6c996399fdab3&FT=Accompagner+la+banque+M%C3%BCnchener+Hypothekenbank+dans+la+mise+en+%C5%93uvre+d%E2%80%99une+solution+SOC+MSSP&kFT=7af93c791eabd99b&FST=%C3%89tudes+de+cas&kFST=75a9737b5435baf1&TFT=%C3%89tudes+de+cas\" rel=\"nofollow\" ><img loading=\"lazy\" decoding=\"async\" width=\"356\" height=\"225\" src=\"https:\/\/www.protect.airbus.com\/wp-content\/uploads\/2023\/04\/CaseStudies-Munchener-Hypothekenbank-v2_FR-356x225.png\" class=\"attachment-post-list size-post-list wp-post-image\" alt=\"Etudes de cas Munchener Hypothekenbank SOC MSSP\" \/><\/a><span class=\"category\">Cybers\u00e9curit\u00e9<\/span>            <h3>Accompagner la banque M\u00fcnchener Hypothekenbank dans la mise en \u0153uvre d\u2019une solution SOC MSSP<\/h3>\n            <p>M\u00fcnchener Hypothekenbank eG (M\u00fcnchenerHyp) propose \u00e0 ses clients une large gamme de services de financement immobilier pour les particuliers et les professionnels. Cette banque, fond\u00e9e en 1896, est l\u2019un des derniers \u00e9tablissements ind\u00e9pendants allemands \u00e0 proposer des pr\u00eats hypoth\u00e9caires. <\/p><a href=\"\/fr\/download\/?id=5179&idFile=5179&k=a3a3bfeab912f8f4&idPS=3760&kPS=53d6c996399fdab3&FT=Accompagner+la+banque+M%C3%BCnchener+Hypothekenbank+dans+la+mise+en+%C5%93uvre+d%E2%80%99une+solution+SOC+MSSP&kFT=7af93c791eabd99b&FST=%C3%89tudes+de+cas&kFST=75a9737b5435baf1&TFT=%C3%89tudes+de+cas\" rel=\"nofollow\" class=\"button btReadMore\" >T\u00e9l\u00e9charger<\/a>            <\/div><\/article><article class=\"blocListItem\"  ><div class=\"blocListItem_sousconteneur\">\n            <a href=\"\/fr\/download\/?id=5172&idFile=5172&k=f4e74614644131df&idPS=3760&kPS=53d6c996399fdab3&FT=Institutions+europ%C3%A9ennes+un+contrat-cadre+couvrant+tous+les+besoins+en+cybers%C3%A9curit%C3%A9&kFT=ccba80cad32a1184&FST=%C3%89tudes+de+cas&kFST=75a9737b5435baf1&TFT=%C3%89tudes+de+cas\" rel=\"nofollow\" ><img loading=\"lazy\" decoding=\"async\" width=\"356\" height=\"225\" src=\"https:\/\/www.protect.airbus.com\/wp-content\/uploads\/2022\/11\/CaseStudies-EU-Instituts-v2_FR-356x225.png\" class=\"attachment-post-list size-post-list wp-post-image\" alt=\"Case study\" \/><\/a><span class=\"category\">Cybers\u00e9curit\u00e9<\/span>            <h3>Institutions europ\u00e9ennes un contrat-cadre couvrant tous les besoins en cybers\u00e9curit\u00e9<\/h3>\n            <p>En 2017, le Conseil de l\u2019Union europ\u00e9enne a attribu\u00e9 \u00e0 Airbus Protect un contrat-cadre portant sur la cybers\u00e9curit\u00e9 des syst\u00e8mes informatiques de l\u2019UE en vue de couvrir tous les besoins en cybers\u00e9curit\u00e9 des 17 institutions europ\u00e9ennes (notamment la Banque centrale europ\u00e9enne, Europol et Frontex).<\/p><a href=\"\/fr\/download\/?id=5172&idFile=5172&k=f4e74614644131df&idPS=3760&kPS=53d6c996399fdab3&FT=Institutions+europ%C3%A9ennes+un+contrat-cadre+couvrant+tous+les+besoins+en+cybers%C3%A9curit%C3%A9&kFT=ccba80cad32a1184&FST=%C3%89tudes+de+cas&kFST=75a9737b5435baf1&TFT=%C3%89tudes+de+cas\" rel=\"nofollow\" class=\"button btReadMore\" >T\u00e9l\u00e9charger<\/a>            <\/div><\/article><\/div>\n                <\/div>[\/vc_column][\/vc_row]<\/p>\n<\/div>","protected":false},"excerpt":{"rendered":"<p>[vc_row][vc_column][\/vc_column][\/vc_row]<\/p>\n","protected":false},"author":1,"featured_media":1631,"parent":3502,"menu_order":3,"comment_status":"closed","ping_status":"closed","template":"","meta":{"_acf_changed":false,"content-type":"","_relevanssi_hide_post":"","_relevanssi_hide_content":"","_relevanssi_pin_for_all":"","_relevanssi_pin_keywords":"","_relevanssi_unpin_keywords":"","_relevanssi_related_keywords":"","_relevanssi_related_include_ids":"","_relevanssi_related_exclude_ids":"","_relevanssi_related_no_append":"","_relevanssi_related_not_related":"","_relevanssi_related_posts":"","_relevanssi_noindex_reason":"","footnotes":""},"class_list":["post-3760","page","type-page","status-publish","has-post-thumbnail","hentry"],"acf":[],"yoast_head":"<!-- This site is optimized with the Yoast SEO Premium plugin v27.2 (Yoast SEO v27.2) - https:\/\/yoast.com\/product\/yoast-seo-premium-wordpress\/ -->\n<title>\u00c9tudes de cas - Airbus Protect<\/title>\n<meta name=\"robots\" content=\"index, follow, max-snippet:-1, max-image-preview:large, max-video-preview:-1\" \/>\n<link rel=\"canonical\" href=\"https:\/\/www.protect.airbus.com\/fr\/informations\/etudes-de-cas\/\" \/>\n<meta property=\"og:locale\" content=\"fr_FR\" \/>\n<meta property=\"og:type\" content=\"article\" \/>\n<meta property=\"og:title\" content=\"\u00c9tudes de cas\" \/>\n<meta property=\"og:description\" content=\"[vc_row][vc_column][\/vc_column][\/vc_row]\" \/>\n<meta property=\"og:url\" content=\"https:\/\/www.protect.airbus.com\/fr\/informations\/etudes-de-cas\/\" \/>\n<meta property=\"og:site_name\" content=\"Airbus Protect\" \/>\n<meta property=\"article:modified_time\" content=\"2023-02-02T14:10:58+00:00\" \/>\n<meta property=\"og:image\" content=\"https:\/\/www.protect.airbus.com\/wp-content\/uploads\/2022\/06\/header-case-studies.jpg\" \/>\n\t<meta property=\"og:image:width\" content=\"1920\" \/>\n\t<meta property=\"og:image:height\" content=\"358\" \/>\n\t<meta property=\"og:image:type\" content=\"image\/jpeg\" \/>\n<meta name=\"twitter:card\" content=\"summary_large_image\" \/>\n<meta name=\"twitter:label1\" content=\"Dur\u00e9e de lecture estim\u00e9e\" \/>\n\t<meta name=\"twitter:data1\" content=\"1 minute\" \/>\n<script type=\"application\/ld+json\" class=\"yoast-schema-graph\">{\"@context\":\"https:\/\/schema.org\",\"@graph\":[{\"@type\":\"WebPage\",\"@id\":\"https:\/\/www.protect.airbus.com\/fr\/informations\/etudes-de-cas\/\",\"url\":\"https:\/\/www.protect.airbus.com\/fr\/informations\/etudes-de-cas\/\",\"name\":\"\u00c9tudes de cas - Airbus Protect\",\"isPartOf\":{\"@id\":\"https:\/\/www.protect.airbus.com\/fr\/#website\"},\"primaryImageOfPage\":{\"@id\":\"https:\/\/www.protect.airbus.com\/fr\/informations\/etudes-de-cas\/#primaryimage\"},\"image\":{\"@id\":\"https:\/\/www.protect.airbus.com\/fr\/informations\/etudes-de-cas\/#primaryimage\"},\"thumbnailUrl\":\"https:\/\/www.protect.airbus.com\/wp-content\/uploads\/2022\/06\/header-case-studies.jpg\",\"datePublished\":\"2022-06-09T04:19:33+00:00\",\"dateModified\":\"2023-02-02T14:10:58+00:00\",\"breadcrumb\":{\"@id\":\"https:\/\/www.protect.airbus.com\/fr\/informations\/etudes-de-cas\/#breadcrumb\"},\"inLanguage\":\"fr-FR\",\"potentialAction\":[{\"@type\":\"ReadAction\",\"target\":[\"https:\/\/www.protect.airbus.com\/fr\/informations\/etudes-de-cas\/\"]}]},{\"@type\":\"ImageObject\",\"inLanguage\":\"fr-FR\",\"@id\":\"https:\/\/www.protect.airbus.com\/fr\/informations\/etudes-de-cas\/#primaryimage\",\"url\":\"https:\/\/www.protect.airbus.com\/wp-content\/uploads\/2022\/06\/header-case-studies.jpg\",\"contentUrl\":\"https:\/\/www.protect.airbus.com\/wp-content\/uploads\/2022\/06\/header-case-studies.jpg\",\"width\":1920,\"height\":358},{\"@type\":\"BreadcrumbList\",\"@id\":\"https:\/\/www.protect.airbus.com\/fr\/informations\/etudes-de-cas\/#breadcrumb\",\"itemListElement\":[{\"@type\":\"ListItem\",\"position\":1,\"name\":\"Home\",\"item\":\"https:\/\/www.protect.airbus.com\/fr\/\"},{\"@type\":\"ListItem\",\"position\":2,\"name\":\"Informations\",\"item\":\"https:\/\/www.protect.airbus.com\/fr\/informations\/\"},{\"@type\":\"ListItem\",\"position\":3,\"name\":\"\u00c9tudes de cas\"}]},{\"@type\":\"WebSite\",\"@id\":\"https:\/\/www.protect.airbus.com\/fr\/#website\",\"url\":\"https:\/\/www.protect.airbus.com\/fr\/\",\"name\":\"Airbus Protect\",\"description\":\"\",\"publisher\":{\"@id\":\"https:\/\/www.protect.airbus.com\/fr\/#organization\"},\"potentialAction\":[{\"@type\":\"SearchAction\",\"target\":{\"@type\":\"EntryPoint\",\"urlTemplate\":\"https:\/\/www.protect.airbus.com\/fr\/?s={search_term_string}\"},\"query-input\":{\"@type\":\"PropertyValueSpecification\",\"valueRequired\":true,\"valueName\":\"search_term_string\"}}],\"inLanguage\":\"fr-FR\"},{\"@type\":\"Organization\",\"@id\":\"https:\/\/www.protect.airbus.com\/fr\/#organization\",\"name\":\"Airbus Protect\",\"url\":\"https:\/\/www.protect.airbus.com\/fr\/\",\"logo\":{\"@type\":\"ImageObject\",\"inLanguage\":\"fr-FR\",\"@id\":\"https:\/\/www.protect.airbus.com\/fr\/#\/schema\/logo\/image\/\",\"url\":\"https:\/\/www.protect.airbus.com\/wp-content\/uploads\/2023\/05\/logo-airbus-protect-696-696.png\",\"contentUrl\":\"https:\/\/www.protect.airbus.com\/wp-content\/uploads\/2023\/05\/logo-airbus-protect-696-696.png\",\"width\":696,\"height\":696,\"caption\":\"Airbus Protect\"},\"image\":{\"@id\":\"https:\/\/www.protect.airbus.com\/fr\/#\/schema\/logo\/image\/\"},\"sameAs\":[\"https:\/\/www.linkedin.com\/company\/airbus-protect\/\",\"https:\/\/www.youtube.com\/@airbusprotect7483\"],\"contactPoint\":{\"@type\":\"ContactPoint\",\"email\":\"protect@airbus.com\",\"contactType\":\"customer service\",\"areaServed\":[\"GB\",\"FR\",\"ES\",\"DE\",\"BE\",\"CH\",\"PT\",\"DK\",\"AT\"],\"availableLanguage\":[\"en\",\"fr\",\"de\"]}}]}<\/script>\n<!-- \/ Yoast SEO Premium plugin. -->","yoast_head_json":{"title":"\u00c9tudes de cas - Airbus Protect","robots":{"index":"index","follow":"follow","max-snippet":"max-snippet:-1","max-image-preview":"max-image-preview:large","max-video-preview":"max-video-preview:-1"},"canonical":"https:\/\/www.protect.airbus.com\/fr\/informations\/etudes-de-cas\/","og_locale":"fr_FR","og_type":"article","og_title":"\u00c9tudes de cas","og_description":"[vc_row][vc_column][\/vc_column][\/vc_row]","og_url":"https:\/\/www.protect.airbus.com\/fr\/informations\/etudes-de-cas\/","og_site_name":"Airbus Protect","article_modified_time":"2023-02-02T14:10:58+00:00","og_image":[{"width":1920,"height":358,"url":"https:\/\/www.protect.airbus.com\/wp-content\/uploads\/2022\/06\/header-case-studies.jpg","type":"image\/jpeg"}],"twitter_card":"summary_large_image","twitter_misc":{"Dur\u00e9e de lecture estim\u00e9e":"1 minute"},"schema":{"@context":"https:\/\/schema.org","@graph":[{"@type":"WebPage","@id":"https:\/\/www.protect.airbus.com\/fr\/informations\/etudes-de-cas\/","url":"https:\/\/www.protect.airbus.com\/fr\/informations\/etudes-de-cas\/","name":"\u00c9tudes de cas - Airbus Protect","isPartOf":{"@id":"https:\/\/www.protect.airbus.com\/fr\/#website"},"primaryImageOfPage":{"@id":"https:\/\/www.protect.airbus.com\/fr\/informations\/etudes-de-cas\/#primaryimage"},"image":{"@id":"https:\/\/www.protect.airbus.com\/fr\/informations\/etudes-de-cas\/#primaryimage"},"thumbnailUrl":"https:\/\/www.protect.airbus.com\/wp-content\/uploads\/2022\/06\/header-case-studies.jpg","datePublished":"2022-06-09T04:19:33+00:00","dateModified":"2023-02-02T14:10:58+00:00","breadcrumb":{"@id":"https:\/\/www.protect.airbus.com\/fr\/informations\/etudes-de-cas\/#breadcrumb"},"inLanguage":"fr-FR","potentialAction":[{"@type":"ReadAction","target":["https:\/\/www.protect.airbus.com\/fr\/informations\/etudes-de-cas\/"]}]},{"@type":"ImageObject","inLanguage":"fr-FR","@id":"https:\/\/www.protect.airbus.com\/fr\/informations\/etudes-de-cas\/#primaryimage","url":"https:\/\/www.protect.airbus.com\/wp-content\/uploads\/2022\/06\/header-case-studies.jpg","contentUrl":"https:\/\/www.protect.airbus.com\/wp-content\/uploads\/2022\/06\/header-case-studies.jpg","width":1920,"height":358},{"@type":"BreadcrumbList","@id":"https:\/\/www.protect.airbus.com\/fr\/informations\/etudes-de-cas\/#breadcrumb","itemListElement":[{"@type":"ListItem","position":1,"name":"Home","item":"https:\/\/www.protect.airbus.com\/fr\/"},{"@type":"ListItem","position":2,"name":"Informations","item":"https:\/\/www.protect.airbus.com\/fr\/informations\/"},{"@type":"ListItem","position":3,"name":"\u00c9tudes de cas"}]},{"@type":"WebSite","@id":"https:\/\/www.protect.airbus.com\/fr\/#website","url":"https:\/\/www.protect.airbus.com\/fr\/","name":"Airbus Protect","description":"","publisher":{"@id":"https:\/\/www.protect.airbus.com\/fr\/#organization"},"potentialAction":[{"@type":"SearchAction","target":{"@type":"EntryPoint","urlTemplate":"https:\/\/www.protect.airbus.com\/fr\/?s={search_term_string}"},"query-input":{"@type":"PropertyValueSpecification","valueRequired":true,"valueName":"search_term_string"}}],"inLanguage":"fr-FR"},{"@type":"Organization","@id":"https:\/\/www.protect.airbus.com\/fr\/#organization","name":"Airbus Protect","url":"https:\/\/www.protect.airbus.com\/fr\/","logo":{"@type":"ImageObject","inLanguage":"fr-FR","@id":"https:\/\/www.protect.airbus.com\/fr\/#\/schema\/logo\/image\/","url":"https:\/\/www.protect.airbus.com\/wp-content\/uploads\/2023\/05\/logo-airbus-protect-696-696.png","contentUrl":"https:\/\/www.protect.airbus.com\/wp-content\/uploads\/2023\/05\/logo-airbus-protect-696-696.png","width":696,"height":696,"caption":"Airbus Protect"},"image":{"@id":"https:\/\/www.protect.airbus.com\/fr\/#\/schema\/logo\/image\/"},"sameAs":["https:\/\/www.linkedin.com\/company\/airbus-protect\/","https:\/\/www.youtube.com\/@airbusprotect7483"],"contactPoint":{"@type":"ContactPoint","email":"protect@airbus.com","contactType":"customer service","areaServed":["GB","FR","ES","DE","BE","CH","PT","DK","AT"],"availableLanguage":["en","fr","de"]}}]}},"_links":{"self":[{"href":"https:\/\/www.protect.airbus.com\/fr\/wp-json\/wp\/v2\/pages\/3760","targetHints":{"allow":["GET"]}}],"collection":[{"href":"https:\/\/www.protect.airbus.com\/fr\/wp-json\/wp\/v2\/pages"}],"about":[{"href":"https:\/\/www.protect.airbus.com\/fr\/wp-json\/wp\/v2\/types\/page"}],"author":[{"embeddable":true,"href":"https:\/\/www.protect.airbus.com\/fr\/wp-json\/wp\/v2\/users\/1"}],"replies":[{"embeddable":true,"href":"https:\/\/www.protect.airbus.com\/fr\/wp-json\/wp\/v2\/comments?post=3760"}],"version-history":[{"count":2,"href":"https:\/\/www.protect.airbus.com\/fr\/wp-json\/wp\/v2\/pages\/3760\/revisions"}],"predecessor-version":[{"id":3764,"href":"https:\/\/www.protect.airbus.com\/fr\/wp-json\/wp\/v2\/pages\/3760\/revisions\/3764"}],"up":[{"embeddable":true,"href":"https:\/\/www.protect.airbus.com\/fr\/wp-json\/wp\/v2\/pages\/3502"}],"wp:featuredmedia":[{"embeddable":true,"href":"https:\/\/www.protect.airbus.com\/fr\/wp-json\/wp\/v2\/media\/1631"}],"wp:attachment":[{"href":"https:\/\/www.protect.airbus.com\/fr\/wp-json\/wp\/v2\/media?parent=3760"}],"curies":[{"name":"wp","href":"https:\/\/api.w.org\/{rel}","templated":true}]}}