{"id":3713,"date":"2022-06-13T12:36:39","date_gmt":"2022-06-13T10:36:39","guid":{"rendered":"https:\/\/www.protect.airbus.com\/industries\/"},"modified":"2026-03-10T14:52:07","modified_gmt":"2026-03-10T13:52:07","slug":"secteurs","status":"publish","type":"page","link":"https:\/\/www.protect.airbus.com\/fr\/secteurs\/","title":{"rendered":"Secteurs"},"content":{"rendered":"<div class=\"wpb-content-wrapper\"><p>[vc_row][vc_column][vc_column_text p_style=\u00a0\u00bbpChapeau\u00a0\u00bb]Nous poss\u00e9dons plusieurs d\u00e9cennies d&rsquo;exp\u00e9rience dans de nombreux secteurs. Nos experts en gestion des risques, s\u00fbret\u00e9, cybers\u00e9curit\u00e9 et sustainability aident nos clients \u00e0 construire un avenir meilleur.[\/vc_column_text][\/vc_column][\/vc_row][vc_row content_placement=\u00a0\u00bbmiddle\u00a0\u00bb css=\u00a0\u00bb.vc_custom_1662565693014{padding-top: 25px !important;padding-bottom: 25px !important;}\u00a0\u00bb][vc_column width=\u00a0\u00bb5\/12&Prime;][vc_column_text css=\u00a0\u00bb\u00a0\u00bb h2_style=\u00a0\u00bbh2Big\u00a0\u00bb p_style=\u00a0\u00bbpHighlight\u00a0\u00bb]<\/p>\n<h2>A\u00e9rospatiale<\/h2>\n<p>L\u2019industrie spatiale conna\u00eet une transformation profonde, port\u00e9e par des technologies r\u00e9volutionnaires, des barri\u00e8res \u00e0 l\u2019entr\u00e9e plus faibles, de nouveaux acteurs \u00e9mergents et un \u00e9cosyst\u00e8me en expansion de produits et services innovants. Nous mettons aujourd\u2019hui notre h\u00e9ritage dans l&rsquo;a\u00e9rospatiale afin de soutenir l\u2019avenir de cette industrie dynamique.[\/vc_column_text]<div class=\"divBtCTA btAlignLeft\"><a href=\"https:\/\/www.protect.airbus.com\/fr\/secteurs\/aerospace\/\"  class=\"button btAuto\">En savoir plus<\/a><\/div>[\/vc_column][vc_column width=\u00a0\u00bb7\/12&Prime;][vc_single_image image=\u00a0\u00bb40413&Prime; img_size=\u00a0\u00bbfull\u00a0\u00bb css=\u00a0\u00bb\u00a0\u00bb][\/vc_column][\/vc_row][vc_row content_placement=\u00a0\u00bbmiddle\u00a0\u00bb css=\u00a0\u00bb.vc_custom_1662565693014{padding-top: 25px !important;padding-bottom: 25px !important;}\u00a0\u00bb][vc_column width=\u00a0\u00bb7\/12&Prime;][vc_single_image image=\u00a0\u00bb2004&Prime; img_size=\u00a0\u00bbfull\u00a0\u00bb][\/vc_column][vc_column width=\u00a0\u00bb5\/12&Prime;][vc_column_text h2_style=\u00a0\u00bbh2Big\u00a0\u00bb p_style=\u00a0\u00bbpHighlight\u00a0\u00bb]<\/p>\n<h2>A\u00e9ronautique<\/h2>\n<p>La transformation est en pleine croissance. La cybers\u00e9curit\u00e9 et la transformation digitale sont devenues incontournables, et viennent s\u2019imbriquer dans de nouvelles mesures de durabilit\u00e9. En vue d&rsquo;atteindre l&rsquo;objectif z\u00e9ro \u00e9mission nette \u00e0 l&rsquo;horizon 2050, de nouvelles conceptions et op\u00e9rations sont n\u00e9cessaires pour les a\u00e9ronefs. Nous sommes l\u00e0 pour b\u00e2tir ce nouvel avenir avec vous.[\/vc_column_text]<div class=\"divBtCTA btAlignLeft\"><a href=\"https:\/\/www.protect.airbus.com\/fr\/secteurs\/aviation\/\"  class=\"button btAuto\">En savoir plus<\/a><\/div>[\/vc_column][\/vc_row][vc_row content_placement=\u00a0\u00bbmiddle\u00a0\u00bb css=\u00a0\u00bb.vc_custom_1662565698395{padding-top: 25px !important;padding-bottom: 25px !important;}\u00a0\u00bb][vc_column width=\u00a0\u00bb5\/12&Prime;][vc_column_text h2_style=\u00a0\u00bbh2Big\u00a0\u00bb p_style=\u00a0\u00bbpHighlight\u00a0\u00bb]<\/p>\n<h2 style=\"text-align: right;\">Infrastructures critiques<\/h2>\n<p style=\"text-align: right;\">Alors que les syst\u00e8mes et les r\u00e9seaux sont de plus en plus connect\u00e9s, la vuln\u00e9rabilit\u00e9 des infrastructures critiques ne cesse d\u2019augmenter. Les entreprises concern\u00e9es doivent \u00eatre \u00e9quip\u00e9es des toutes derni\u00e8res solutions afin de pouvoir se d\u00e9fendre contre les attaques. Nous offrons des solutions de pointe conformes \u00e0 l\u2019\u00e9volution de la r\u00e9glementation afin d\u2019assurer s\u00fbret\u00e9, s\u00e9curit\u00e9 et sustainability, tout en garantissant la r\u00e9silience.<\/p>\n<p>[\/vc_column_text]<div class=\"divBtCTA btAlignRight\"><a href=\"https:\/\/www.protect.airbus.com\/fr\/secteurs\/critical-national-infrastructure\/\"  class=\"button btAuto\">En savoir plus<\/a><\/div>[\/vc_column][vc_column width=\u00a0\u00bb7\/12&Prime;][vc_single_image image=\u00a0\u00bb1036&Prime; img_size=\u00a0\u00bbfull\u00a0\u00bb alignment=\u00a0\u00bbright\u00a0\u00bb][\/vc_column][\/vc_row][vc_row content_placement=\u00a0\u00bbmiddle\u00a0\u00bb css=\u00a0\u00bb.vc_custom_1662565708782{padding-top: 25px !important;padding-bottom: 25px !important;}\u00a0\u00bb][vc_column width=\u00a0\u00bb7\/12&Prime;][vc_single_image image=\u00a0\u00bb1046&Prime; img_size=\u00a0\u00bbfull\u00a0\u00bb alignment=\u00a0\u00bbright\u00a0\u00bb][\/vc_column][vc_column width=\u00a0\u00bb5\/12&Prime;][vc_column_text h2_style=\u00a0\u00bbh2Big\u00a0\u00bb p_style=\u00a0\u00bbpHighlight\u00a0\u00bb]<\/p>\n<h2 style=\"text-align: right;\">Production industrielle<\/h2>\n<p style=\"text-align: right;\">La production se digitalise rapidement. L&rsquo;automatisation de la haute technologie et les processus pilot\u00e9s par les donn\u00e9es exposent les usines et les cha\u00eenes logistiques \u00e0 de nouvelles cybermenaces. Parall\u00e8lement, l&rsquo;att\u00e9nuation du changement climatique n\u00e9cessite une gestion plus intelligente des risques, conforme \u00e0 l&rsquo;\u00e9volution de la r\u00e9glementation. Nous assurons la conformit\u00e9 et la r\u00e9silience, et nous co-cr\u00e9ons des solutions de premier ordre pour l&rsquo;avenir.<\/p>\n<p>[\/vc_column_text]<div class=\"divBtCTA btAlignRight\"><a href=\"https:\/\/www.protect.airbus.com\/fr\/secteurs\/industrie-manufacturiere\/\"  class=\"button btAuto\">En savoir plus<\/a><\/div>[\/vc_column][\/vc_row][vc_row content_placement=\u00a0\u00bbmiddle\u00a0\u00bb css=\u00a0\u00bb.vc_custom_1662565687886{padding-top: 25px !important;padding-bottom: 25px !important;}\u00a0\u00bb][vc_column width=\u00a0\u00bb5\/12&Prime;][vc_column_text h2_style=\u00a0\u00bbh2Big\u00a0\u00bb p_style=\u00a0\u00bbpHighlight\u00a0\u00bb]<\/p>\n<h2>Transport<\/h2>\n<h2>&amp; mobilit\u00e9 intelligente<\/h2>\n<p>De nouvelles formes de transport, comme les v\u00e9hicules \u00e9lectriques, connect\u00e9s et autonomes, font leur apparition dans les villes. \u00c0 l\u2019avenir, les syst\u00e8mes de transport multimodaux seront complexes, pilot\u00e9s par les donn\u00e9es et int\u00e9gr\u00e9s aux modes de transport a\u00e9riens et terrestres. Nous contribuons \u00e0 \u00e9tablir les normes de demain, qui permettront d\u2019int\u00e9grer la mobilit\u00e9 du futur aux villes intelligentes.[\/vc_column_text]<div class=\"divBtCTA btAlignLeft\"><a href=\"https:\/\/www.protect.airbus.com\/fr\/secteurs\/transport-mobilite-intelligente\/\"  class=\"button btAuto\">En savoir plus<\/a><\/div>[\/vc_column][vc_column width=\u00a0\u00bb7\/12&Prime;][vc_single_image image=\u00a0\u00bb1048&Prime; img_size=\u00a0\u00bbfull\u00a0\u00bb][\/vc_column][\/vc_row][vc_row content_placement=\u00a0\u00bbmiddle\u00a0\u00bb css=\u00a0\u00bb.vc_custom_1662565714507{padding-top: 25px !important;padding-bottom: 25px !important;}\u00a0\u00bb][vc_column width=\u00a0\u00bb7\/12&Prime;][vc_single_image image=\u00a0\u00bb1040&Prime; img_size=\u00a0\u00bbfull\u00a0\u00bb][\/vc_column][vc_column width=\u00a0\u00bb5\/12&Prime;][vc_column_text css=\u00a0\u00bb\u00a0\u00bb h2_style=\u00a0\u00bbh2Big\u00a0\u00bb p_style=\u00a0\u00bbpHighlight\u00a0\u00bb]<\/p>\n<h2>Energie<\/h2>\n<p>La transition \u00e9nerg\u00e9tique est en cours. Parall\u00e8lement au d\u00e9veloppement des syst\u00e8mes \u00e9nerg\u00e9tiques propres et renouvelables, l\u2019\u00e9mergence de nouvelles technologies s\u2019accompagne de menaces in\u00e9dites, qui envahissent la production d\u2019\u00e9nergie, le transport, le stockage et la distribution. Face \u00e0 ces menaces, seules des solutions \u00e0 la pointe de la technologie sont efficaces. Nous vous permettons de vous concentrer sur la transformation de votre entreprise pendant que nous la rendons s\u00fbre, s\u00e9curis\u00e9e et durable.[\/vc_column_text]<div class=\"divBtCTA btAlignLeft\"><a href=\"https:\/\/www.protect.airbus.com\/fr\/secteurs\/energie\/\"  class=\"button btAuto\">En savoir plus<\/a><\/div>[\/vc_column][\/vc_row][vc_row content_placement=\u00a0\u00bbmiddle\u00a0\u00bb disable_element=\u00a0\u00bbyes\u00a0\u00bb css=\u00a0\u00bb.vc_custom_1770721174013{padding-top: 25px !important;padding-bottom: 25px !important;}\u00a0\u00bb][vc_column width=\u00a0\u00bb5\/12&Prime;][vc_column_text h2_style=\u00a0\u00bbh2Big\u00a0\u00bb p_style=\u00a0\u00bbpHighlight\u00a0\u00bb]<\/p>\n<h2 style=\"text-align: right;\">Hydrog\u00e8ne<\/h2>\n<p style=\"text-align: right;\">L\u2019hydrog\u00e8ne est destin\u00e9 \u00e0 jouer un r\u00f4le crucial dans la d\u00e9carbonation mondiale, qui implique des \u00e9nergies renouvelables vertes et propres. Nous vous soutenons dans la lib\u00e9ration de son potentiel, que ce soit au niveau de la production, des infrastructures, du transport, du stockage ou du rendement des piles \u00e0 combustible.<\/p>\n<p>[\/vc_column_text]<div class=\"divBtCTA btAlignRight\"><a href=\"https:\/\/www.protect.airbus.com\/fr\/contact\/\"  class=\"button btAuto\">Nous contacter<\/a><\/div>[\/vc_column][vc_column width=\u00a0\u00bb7\/12&Prime;][vc_single_image image=\u00a0\u00bb1044&Prime; img_size=\u00a0\u00bbfull\u00a0\u00bb alignment=\u00a0\u00bbright\u00a0\u00bb][\/vc_column][\/vc_row][vc_row content_placement=\u00a0\u00bbmiddle\u00a0\u00bb css=\u00a0\u00bb.vc_custom_1662565703164{padding-top: 25px !important;padding-bottom: 25px !important;}\u00a0\u00bb][vc_column width=\u00a0\u00bb5\/12&Prime;][vc_column_text css=\u00a0\u00bb\u00a0\u00bb h2_style=\u00a0\u00bbh2Big\u00a0\u00bb p_style=\u00a0\u00bbpHighlight\u00a0\u00bb]<\/p>\n<h2>Institutions<\/h2>\n<h2>&amp; Gouvernements<\/h2>\n<p>Les secteurs public et priv\u00e9 sont tous deux de plus en plus digitalis\u00e9s, connect\u00e9s et intelligents, ce qui pr\u00e9sente des risques compte tenu des menaces actuelles. La cyberd\u00e9fense est par cons\u00e9quent plus indispensable que jamais. Nous collaborons \u00e9troitement avec des gouvernements et des institutions dans toute l\u2019Europe, en fournissant des solutions innovantes en r\u00e9ponse aux derni\u00e8res cybermenaces.[\/vc_column_text]<div class=\"divBtCTA btAlignLeft\"><a href=\"https:\/\/www.protect.airbus.com\/fr\/secteurs\/gouvernements-institutions\/\"  class=\"button btAuto\">En savoir plus<\/a><\/div>[\/vc_column][vc_column width=\u00a0\u00bb7\/12&Prime;][vc_single_image image=\u00a0\u00bb1042&Prime; img_size=\u00a0\u00bbfull\u00a0\u00bb][\/vc_column][\/vc_row][vc_row content_placement=\u00a0\u00bbmiddle\u00a0\u00bb css=\u00a0\u00bb.vc_custom_1662565720864{padding-top: 25px !important;padding-bottom: 25px !important;}\u00a0\u00bb][vc_column width=\u00a0\u00bb7\/12&Prime;][vc_single_image image=\u00a0\u00bb1038&Prime; img_size=\u00a0\u00bbfull\u00a0\u00bb alignment=\u00a0\u00bbright\u00a0\u00bb][\/vc_column][vc_column width=\u00a0\u00bb5\/12&Prime;][vc_column_text h2_style=\u00a0\u00bbh2Big\u00a0\u00bb p_style=\u00a0\u00bbpHighlight\u00a0\u00bb]<\/p>\n<h2 style=\"text-align: right;\">D\u00e9fense<\/h2>\n<p style=\"text-align: right;\">R\u00e9agir face aux \u00e9volutions des tensions g\u00e9opolitiques et aux menaces complexes requiert des syst\u00e8mes de d\u00e9fense intelligents et des infrastructures terrestres, a\u00e9riennes et spatiales. Ces syst\u00e8mes doivent \u00e9galement rester totalement op\u00e9rationnels. Nous assurons le plus haut niveau de disponibilit\u00e9 et de fiabilit\u00e9 du syst\u00e8me tout en respectant les derni\u00e8res normes en mati\u00e8re de s\u00fbret\u00e9 et de s\u00e9curit\u00e9.<\/p>\n<p>[\/vc_column_text]<div class=\"divBtCTA btAlignRight\"><a href=\"https:\/\/www.protect.airbus.com\/fr\/secteurs\/defense\/\"  class=\"button btAuto\">En savoir plus<\/a><\/div>[\/vc_column][\/vc_row]<\/p>\n<\/div>","protected":false},"excerpt":{"rendered":"<p>[vc_row][vc_column][vc_column_text p_style=\u00a0\u00bbpChapeau\u00a0\u00bb]Nous poss\u00e9dons plusieurs d\u00e9cennies d&rsquo;exp\u00e9rience dans de nombreux secteurs. Nos experts en gestion des risques, s\u00fbret\u00e9, cybers\u00e9curit\u00e9 et sustainability aident nos clients \u00e0 construire un avenir meilleur.[\/vc_column_text][\/vc_column][\/vc_row][vc_row content_placement=\u00a0\u00bbmiddle\u00a0\u00bb css=\u00a0\u00bb.vc_custom_1662565693014{padding-top: 25px !important;padding-bottom: 25px !important;}\u00a0\u00bb][vc_column width=\u00a0\u00bb5\/12&Prime;][vc_column_text css=\u00a0\u00bb\u00a0\u00bb h2_style=\u00a0\u00bbh2Big\u00a0\u00bb p_style=\u00a0\u00bbpHighlight\u00a0\u00bb] A\u00e9rospatiale L\u2019industrie spatiale conna\u00eet une transformation profonde, port\u00e9e par des technologies r\u00e9volutionnaires, des barri\u00e8res \u00e0 l\u2019entr\u00e9e plus [&hellip;]<\/p>\n","protected":false},"author":1,"featured_media":976,"parent":0,"menu_order":0,"comment_status":"closed","ping_status":"closed","template":"","meta":{"_acf_changed":false,"content-type":"","_relevanssi_hide_post":"","_relevanssi_hide_content":"","_relevanssi_pin_for_all":"","_relevanssi_pin_keywords":"","_relevanssi_unpin_keywords":"","_relevanssi_related_keywords":"","_relevanssi_related_include_ids":"","_relevanssi_related_exclude_ids":"","_relevanssi_related_no_append":"","_relevanssi_related_not_related":"","_relevanssi_related_posts":"","_relevanssi_noindex_reason":"","footnotes":""},"class_list":["post-3713","page","type-page","status-publish","has-post-thumbnail","hentry"],"acf":[],"yoast_head":"<!-- This site is optimized with the Yoast SEO Premium plugin v27.2 (Yoast SEO v27.2) - https:\/\/yoast.com\/product\/yoast-seo-premium-wordpress\/ -->\n<title>Les industries que nous servons : Exp\u00e9rience et expertise<\/title>\n<meta name=\"description\" content=\"Chez Airbus Protect, nous rendons le monde de nos clients s\u00fbr, s\u00e9curis\u00e9 et durable dans divers secteurs : aviation, \u00e9nergie, transport, etc.\" \/>\n<meta name=\"robots\" content=\"index, follow, max-snippet:-1, max-image-preview:large, max-video-preview:-1\" \/>\n<link rel=\"canonical\" href=\"https:\/\/www.protect.airbus.com\/fr\/secteurs\/\" \/>\n<meta property=\"og:locale\" content=\"fr_FR\" \/>\n<meta property=\"og:type\" content=\"article\" \/>\n<meta property=\"og:title\" content=\"Secteurs\" \/>\n<meta property=\"og:description\" content=\"Chez Airbus Protect, nous rendons le monde de nos clients s\u00fbr, s\u00e9curis\u00e9 et durable dans divers secteurs : aviation, \u00e9nergie, transport, etc.\" \/>\n<meta property=\"og:url\" content=\"https:\/\/www.protect.airbus.com\/fr\/secteurs\/\" \/>\n<meta property=\"og:site_name\" content=\"Airbus Protect\" \/>\n<meta property=\"article:modified_time\" content=\"2026-03-10T13:52:07+00:00\" \/>\n<meta property=\"og:image\" content=\"https:\/\/www.protect.airbus.com\/wp-content\/uploads\/2022\/06\/header-industries-1.jpg\" \/>\n\t<meta property=\"og:image:width\" content=\"1920\" \/>\n\t<meta property=\"og:image:height\" content=\"577\" \/>\n\t<meta property=\"og:image:type\" content=\"image\/jpeg\" \/>\n<meta name=\"twitter:card\" content=\"summary_large_image\" \/>\n<meta name=\"twitter:label1\" content=\"Dur\u00e9e de lecture estim\u00e9e\" \/>\n\t<meta name=\"twitter:data1\" content=\"6 minutes\" \/>\n<script type=\"application\/ld+json\" class=\"yoast-schema-graph\">{\"@context\":\"https:\/\/schema.org\",\"@graph\":[{\"@type\":\"WebPage\",\"@id\":\"https:\/\/www.protect.airbus.com\/fr\/secteurs\/\",\"url\":\"https:\/\/www.protect.airbus.com\/fr\/secteurs\/\",\"name\":\"Les industries que nous servons : Exp\u00e9rience et expertise\",\"isPartOf\":{\"@id\":\"https:\/\/www.protect.airbus.com\/fr\/#website\"},\"primaryImageOfPage\":{\"@id\":\"https:\/\/www.protect.airbus.com\/fr\/secteurs\/#primaryimage\"},\"image\":{\"@id\":\"https:\/\/www.protect.airbus.com\/fr\/secteurs\/#primaryimage\"},\"thumbnailUrl\":\"https:\/\/www.protect.airbus.com\/wp-content\/uploads\/2022\/06\/header-industries-1.jpg\",\"datePublished\":\"2022-06-13T10:36:39+00:00\",\"dateModified\":\"2026-03-10T13:52:07+00:00\",\"description\":\"Chez Airbus Protect, nous rendons le monde de nos clients s\u00fbr, s\u00e9curis\u00e9 et durable dans divers secteurs : aviation, \u00e9nergie, transport, etc.\",\"breadcrumb\":{\"@id\":\"https:\/\/www.protect.airbus.com\/fr\/secteurs\/#breadcrumb\"},\"inLanguage\":\"fr-FR\",\"potentialAction\":[{\"@type\":\"ReadAction\",\"target\":[\"https:\/\/www.protect.airbus.com\/fr\/secteurs\/\"]}]},{\"@type\":\"ImageObject\",\"inLanguage\":\"fr-FR\",\"@id\":\"https:\/\/www.protect.airbus.com\/fr\/secteurs\/#primaryimage\",\"url\":\"https:\/\/www.protect.airbus.com\/wp-content\/uploads\/2022\/06\/header-industries-1.jpg\",\"contentUrl\":\"https:\/\/www.protect.airbus.com\/wp-content\/uploads\/2022\/06\/header-industries-1.jpg\",\"width\":1920,\"height\":577},{\"@type\":\"BreadcrumbList\",\"@id\":\"https:\/\/www.protect.airbus.com\/fr\/secteurs\/#breadcrumb\",\"itemListElement\":[{\"@type\":\"ListItem\",\"position\":1,\"name\":\"Home\",\"item\":\"https:\/\/www.protect.airbus.com\/fr\/\"},{\"@type\":\"ListItem\",\"position\":2,\"name\":\"Secteurs\"}]},{\"@type\":\"WebSite\",\"@id\":\"https:\/\/www.protect.airbus.com\/fr\/#website\",\"url\":\"https:\/\/www.protect.airbus.com\/fr\/\",\"name\":\"Airbus Protect\",\"description\":\"\",\"publisher\":{\"@id\":\"https:\/\/www.protect.airbus.com\/fr\/#organization\"},\"potentialAction\":[{\"@type\":\"SearchAction\",\"target\":{\"@type\":\"EntryPoint\",\"urlTemplate\":\"https:\/\/www.protect.airbus.com\/fr\/?s={search_term_string}\"},\"query-input\":{\"@type\":\"PropertyValueSpecification\",\"valueRequired\":true,\"valueName\":\"search_term_string\"}}],\"inLanguage\":\"fr-FR\"},{\"@type\":\"Organization\",\"@id\":\"https:\/\/www.protect.airbus.com\/fr\/#organization\",\"name\":\"Airbus Protect\",\"url\":\"https:\/\/www.protect.airbus.com\/fr\/\",\"logo\":{\"@type\":\"ImageObject\",\"inLanguage\":\"fr-FR\",\"@id\":\"https:\/\/www.protect.airbus.com\/fr\/#\/schema\/logo\/image\/\",\"url\":\"https:\/\/www.protect.airbus.com\/wp-content\/uploads\/2023\/05\/logo-airbus-protect-696-696.png\",\"contentUrl\":\"https:\/\/www.protect.airbus.com\/wp-content\/uploads\/2023\/05\/logo-airbus-protect-696-696.png\",\"width\":696,\"height\":696,\"caption\":\"Airbus Protect\"},\"image\":{\"@id\":\"https:\/\/www.protect.airbus.com\/fr\/#\/schema\/logo\/image\/\"},\"sameAs\":[\"https:\/\/www.linkedin.com\/company\/airbus-protect\/\",\"https:\/\/www.youtube.com\/@airbusprotect7483\"],\"contactPoint\":{\"@type\":\"ContactPoint\",\"email\":\"protect@airbus.com\",\"contactType\":\"customer service\",\"areaServed\":[\"GB\",\"FR\",\"ES\",\"DE\",\"BE\",\"CH\",\"PT\",\"DK\",\"AT\"],\"availableLanguage\":[\"en\",\"fr\",\"de\"]}}]}<\/script>\n<!-- \/ Yoast SEO Premium plugin. -->","yoast_head_json":{"title":"Les industries que nous servons : Exp\u00e9rience et expertise","description":"Chez Airbus Protect, nous rendons le monde de nos clients s\u00fbr, s\u00e9curis\u00e9 et durable dans divers secteurs : aviation, \u00e9nergie, transport, etc.","robots":{"index":"index","follow":"follow","max-snippet":"max-snippet:-1","max-image-preview":"max-image-preview:large","max-video-preview":"max-video-preview:-1"},"canonical":"https:\/\/www.protect.airbus.com\/fr\/secteurs\/","og_locale":"fr_FR","og_type":"article","og_title":"Secteurs","og_description":"Chez Airbus Protect, nous rendons le monde de nos clients s\u00fbr, s\u00e9curis\u00e9 et durable dans divers secteurs : aviation, \u00e9nergie, transport, etc.","og_url":"https:\/\/www.protect.airbus.com\/fr\/secteurs\/","og_site_name":"Airbus Protect","article_modified_time":"2026-03-10T13:52:07+00:00","og_image":[{"width":1920,"height":577,"url":"https:\/\/www.protect.airbus.com\/wp-content\/uploads\/2022\/06\/header-industries-1.jpg","type":"image\/jpeg"}],"twitter_card":"summary_large_image","twitter_misc":{"Dur\u00e9e de lecture estim\u00e9e":"6 minutes"},"schema":{"@context":"https:\/\/schema.org","@graph":[{"@type":"WebPage","@id":"https:\/\/www.protect.airbus.com\/fr\/secteurs\/","url":"https:\/\/www.protect.airbus.com\/fr\/secteurs\/","name":"Les industries que nous servons : Exp\u00e9rience et expertise","isPartOf":{"@id":"https:\/\/www.protect.airbus.com\/fr\/#website"},"primaryImageOfPage":{"@id":"https:\/\/www.protect.airbus.com\/fr\/secteurs\/#primaryimage"},"image":{"@id":"https:\/\/www.protect.airbus.com\/fr\/secteurs\/#primaryimage"},"thumbnailUrl":"https:\/\/www.protect.airbus.com\/wp-content\/uploads\/2022\/06\/header-industries-1.jpg","datePublished":"2022-06-13T10:36:39+00:00","dateModified":"2026-03-10T13:52:07+00:00","description":"Chez Airbus Protect, nous rendons le monde de nos clients s\u00fbr, s\u00e9curis\u00e9 et durable dans divers secteurs : aviation, \u00e9nergie, transport, etc.","breadcrumb":{"@id":"https:\/\/www.protect.airbus.com\/fr\/secteurs\/#breadcrumb"},"inLanguage":"fr-FR","potentialAction":[{"@type":"ReadAction","target":["https:\/\/www.protect.airbus.com\/fr\/secteurs\/"]}]},{"@type":"ImageObject","inLanguage":"fr-FR","@id":"https:\/\/www.protect.airbus.com\/fr\/secteurs\/#primaryimage","url":"https:\/\/www.protect.airbus.com\/wp-content\/uploads\/2022\/06\/header-industries-1.jpg","contentUrl":"https:\/\/www.protect.airbus.com\/wp-content\/uploads\/2022\/06\/header-industries-1.jpg","width":1920,"height":577},{"@type":"BreadcrumbList","@id":"https:\/\/www.protect.airbus.com\/fr\/secteurs\/#breadcrumb","itemListElement":[{"@type":"ListItem","position":1,"name":"Home","item":"https:\/\/www.protect.airbus.com\/fr\/"},{"@type":"ListItem","position":2,"name":"Secteurs"}]},{"@type":"WebSite","@id":"https:\/\/www.protect.airbus.com\/fr\/#website","url":"https:\/\/www.protect.airbus.com\/fr\/","name":"Airbus Protect","description":"","publisher":{"@id":"https:\/\/www.protect.airbus.com\/fr\/#organization"},"potentialAction":[{"@type":"SearchAction","target":{"@type":"EntryPoint","urlTemplate":"https:\/\/www.protect.airbus.com\/fr\/?s={search_term_string}"},"query-input":{"@type":"PropertyValueSpecification","valueRequired":true,"valueName":"search_term_string"}}],"inLanguage":"fr-FR"},{"@type":"Organization","@id":"https:\/\/www.protect.airbus.com\/fr\/#organization","name":"Airbus Protect","url":"https:\/\/www.protect.airbus.com\/fr\/","logo":{"@type":"ImageObject","inLanguage":"fr-FR","@id":"https:\/\/www.protect.airbus.com\/fr\/#\/schema\/logo\/image\/","url":"https:\/\/www.protect.airbus.com\/wp-content\/uploads\/2023\/05\/logo-airbus-protect-696-696.png","contentUrl":"https:\/\/www.protect.airbus.com\/wp-content\/uploads\/2023\/05\/logo-airbus-protect-696-696.png","width":696,"height":696,"caption":"Airbus Protect"},"image":{"@id":"https:\/\/www.protect.airbus.com\/fr\/#\/schema\/logo\/image\/"},"sameAs":["https:\/\/www.linkedin.com\/company\/airbus-protect\/","https:\/\/www.youtube.com\/@airbusprotect7483"],"contactPoint":{"@type":"ContactPoint","email":"protect@airbus.com","contactType":"customer service","areaServed":["GB","FR","ES","DE","BE","CH","PT","DK","AT"],"availableLanguage":["en","fr","de"]}}]}},"_links":{"self":[{"href":"https:\/\/www.protect.airbus.com\/fr\/wp-json\/wp\/v2\/pages\/3713","targetHints":{"allow":["GET"]}}],"collection":[{"href":"https:\/\/www.protect.airbus.com\/fr\/wp-json\/wp\/v2\/pages"}],"about":[{"href":"https:\/\/www.protect.airbus.com\/fr\/wp-json\/wp\/v2\/types\/page"}],"author":[{"embeddable":true,"href":"https:\/\/www.protect.airbus.com\/fr\/wp-json\/wp\/v2\/users\/1"}],"replies":[{"embeddable":true,"href":"https:\/\/www.protect.airbus.com\/fr\/wp-json\/wp\/v2\/comments?post=3713"}],"version-history":[{"count":20,"href":"https:\/\/www.protect.airbus.com\/fr\/wp-json\/wp\/v2\/pages\/3713\/revisions"}],"predecessor-version":[{"id":49592,"href":"https:\/\/www.protect.airbus.com\/fr\/wp-json\/wp\/v2\/pages\/3713\/revisions\/49592"}],"wp:featuredmedia":[{"embeddable":true,"href":"https:\/\/www.protect.airbus.com\/fr\/wp-json\/wp\/v2\/media\/976"}],"wp:attachment":[{"href":"https:\/\/www.protect.airbus.com\/fr\/wp-json\/wp\/v2\/media?parent=3713"}],"curies":[{"name":"wp","href":"https:\/\/api.w.org\/{rel}","templated":true}]}}