{"id":3644,"date":"2022-10-07T11:28:37","date_gmt":"2022-10-07T09:28:37","guid":{"rendered":"https:\/\/www.protect.airbus.com\/?page_id=3644"},"modified":"2023-01-13T11:36:38","modified_gmt":"2023-01-13T10:36:38","slug":"download","status":"publish","type":"page","link":"https:\/\/www.protect.airbus.com\/fr\/download\/","title":{"rendered":"T\u00e9l\u00e9chargement"},"content":{"rendered":"<div class=\"wpb-content-wrapper\"><p>[vc_row][vc_column][vc_raw_html]JTVCdGVsZWNoYXJnZW1lbnRGaWNoaWVyJTVE[\/vc_raw_html][vc_column_text]<form id=\"forminator-module-3585\" class=\"forminator-custom-form forminator-custom-form-3585\" method=\"post\" data-forminator-render=\"0\" data-uid=\"69da89bb6ada6\"><div role=\"alert\" aria-live=\"polite\" class=\"forminator-response-message forminator-error\" aria-hidden=\"true\"><\/div><\/form>[\/vc_column_text][vc_column_text]<strong>Note informative sur la confidentialit\u00e9<\/strong><\/p>\n<p>Via ce cookie sur la session, lorsque vous y avez consenti, les informations saisies dans le formulaire sont transmises et trait\u00e9es par Airbus Protect pour un usage interne uniquement, afin de pouvoir vous contacter \u00e0 l&rsquo;avenir. Ces informations marqu\u00e9es d&rsquo;un ast\u00e9risque doivent \u00eatre fournies. \u00c0 d\u00e9faut, nous ne serons pas en mesure de vous r\u00e9pondre.\u00a0 Votre consentement n&rsquo;est obtenu que pour la dur\u00e9e de la session de navigation ouverte. Si vous avez donn\u00e9 votre consentement et que vous ne souhaitez pas \u00eatre recontact\u00e9, vous pouvez exercer votre droit de retrait en envoyant un courrier \u00e0 l&rsquo;adresse suivante \u00ab<a href=\"mailto:data.protection@apsys-airbus.com\">data.protection@apsys-airbus.com<\/a> \u00bb.<br \/>\nPour plus d&rsquo;informations sur le traitement ou la gestion de vos Cookies par Airbus Protect, veuillez consulter la <a href=\"https:\/\/www.protect.airbus.com\/fr\/privacy-notice\/\">Notice de confidentialit\u00e9<\/a> et la <a href=\"https:\/\/www.protect.airbus.com\/fr\/politique-de-cookies\/\">Politique de cookies<\/a>.<\/p>\n<p>Si vous avez des questions sur la gestion de vos donn\u00e9es personnelles ou pour exercer vos droits, veuillez contacter le Responsable de la protection des donn\u00e9es personnelles \u00e0 l&rsquo;adresse suivante : <a href=\"mailto:data.protection@apsys-airbus.com\">data.protection@apsys-airbus.com<\/a> ou l&rsquo;envoyer \u00e0 l&rsquo;adresse suivante : \u00ab Airbus Protect, Responsable de la protection des donn\u00e9es, 37 Avenue Escadrille Normandie Niemen, 31700 Blagnac, France \u00bb[\/vc_column_text][\/vc_column][\/vc_row]<\/p>\n<\/div>","protected":false},"excerpt":{"rendered":"<p>[vc_row][vc_column][vc_raw_html]JTVCdGVsZWNoYXJnZW1lbnRGaWNoaWVyJTVE[\/vc_raw_html][vc_column_text][\/vc_column_text][vc_column_text]Note informative sur la confidentialit\u00e9 Via ce cookie sur la session, lorsque vous y avez consenti, les informations saisies dans le formulaire sont transmises et trait\u00e9es par Airbus Protect pour un usage interne uniquement, afin de pouvoir vous contacter \u00e0 l&rsquo;avenir. Ces informations marqu\u00e9es d&rsquo;un ast\u00e9risque doivent \u00eatre fournies. \u00c0 d\u00e9faut, nous ne serons pas [&hellip;]<\/p>\n","protected":false},"author":1,"featured_media":2141,"parent":0,"menu_order":0,"comment_status":"closed","ping_status":"closed","template":"","meta":{"_acf_changed":false,"content-type":"","_relevanssi_hide_post":"","_relevanssi_hide_content":"","_relevanssi_pin_for_all":"","_relevanssi_pin_keywords":"","_relevanssi_unpin_keywords":"","_relevanssi_related_keywords":"","_relevanssi_related_include_ids":"","_relevanssi_related_exclude_ids":"","_relevanssi_related_no_append":"","_relevanssi_related_not_related":"","_relevanssi_related_posts":"","_relevanssi_noindex_reason":"","footnotes":""},"class_list":["post-3644","page","type-page","status-publish","has-post-thumbnail","hentry"],"acf":[],"yoast_head":"<!-- This site is optimized with the Yoast SEO Premium plugin v27.3 (Yoast SEO v27.3) - https:\/\/yoast.com\/product\/yoast-seo-premium-wordpress\/ -->\n<title>T\u00e9l\u00e9chargement - Airbus Protect<\/title>\n<meta name=\"robots\" content=\"noindex, nofollow\" \/>\n<meta property=\"og:locale\" content=\"fr_FR\" \/>\n<meta property=\"og:type\" content=\"article\" \/>\n<meta property=\"og:title\" content=\"T\u00e9l\u00e9chargement\" \/>\n<meta property=\"og:description\" content=\"[vc_row][vc_column][vc_raw_html]JTVCdGVsZWNoYXJnZW1lbnRGaWNoaWVyJTVE[\/vc_raw_html][vc_column_text][\/vc_column_text][vc_column_text]Note informative sur la confidentialit\u00e9 Via ce cookie sur la session, lorsque vous y avez consenti, les informations saisies dans le formulaire sont transmises et trait\u00e9es par Airbus Protect pour un usage interne uniquement, afin de pouvoir vous contacter \u00e0 l&rsquo;avenir. Ces informations marqu\u00e9es d&rsquo;un ast\u00e9risque doivent \u00eatre fournies. \u00c0 d\u00e9faut, nous ne serons pas [&hellip;]\" \/>\n<meta property=\"og:url\" content=\"https:\/\/www.protect.airbus.com\/fr\/download\/\" \/>\n<meta property=\"og:site_name\" content=\"Airbus Protect\" \/>\n<meta property=\"article:modified_time\" content=\"2023-01-13T10:36:38+00:00\" \/>\n<meta property=\"og:image\" content=\"https:\/\/www.protect.airbus.com\/wp-content\/uploads\/2022\/06\/header-contact.jpg\" \/>\n\t<meta property=\"og:image:width\" content=\"1920\" \/>\n\t<meta property=\"og:image:height\" content=\"577\" \/>\n\t<meta property=\"og:image:type\" content=\"image\/jpeg\" \/>\n<meta name=\"twitter:card\" content=\"summary_large_image\" \/>\n<meta name=\"twitter:label1\" content=\"Dur\u00e9e de lecture estim\u00e9e\" \/>\n\t<meta name=\"twitter:data1\" content=\"1 minute\" \/>\n<script type=\"application\/ld+json\" class=\"yoast-schema-graph\">{\"@context\":\"https:\\\/\\\/schema.org\",\"@graph\":[{\"@type\":\"WebPage\",\"@id\":\"https:\\\/\\\/www.protect.airbus.com\\\/fr\\\/download\\\/\",\"url\":\"https:\\\/\\\/www.protect.airbus.com\\\/fr\\\/download\\\/\",\"name\":\"T\u00e9l\u00e9chargement - Airbus Protect\",\"isPartOf\":{\"@id\":\"https:\\\/\\\/www.protect.airbus.com\\\/fr\\\/#website\"},\"primaryImageOfPage\":{\"@id\":\"https:\\\/\\\/www.protect.airbus.com\\\/fr\\\/download\\\/#primaryimage\"},\"image\":{\"@id\":\"https:\\\/\\\/www.protect.airbus.com\\\/fr\\\/download\\\/#primaryimage\"},\"thumbnailUrl\":\"https:\\\/\\\/www.protect.airbus.com\\\/wp-content\\\/uploads\\\/2022\\\/06\\\/header-contact.jpg\",\"datePublished\":\"2022-10-07T09:28:37+00:00\",\"dateModified\":\"2023-01-13T10:36:38+00:00\",\"breadcrumb\":{\"@id\":\"https:\\\/\\\/www.protect.airbus.com\\\/fr\\\/download\\\/#breadcrumb\"},\"inLanguage\":\"fr-FR\",\"potentialAction\":[{\"@type\":\"ReadAction\",\"target\":[\"https:\\\/\\\/www.protect.airbus.com\\\/fr\\\/download\\\/\"]}]},{\"@type\":\"ImageObject\",\"inLanguage\":\"fr-FR\",\"@id\":\"https:\\\/\\\/www.protect.airbus.com\\\/fr\\\/download\\\/#primaryimage\",\"url\":\"https:\\\/\\\/www.protect.airbus.com\\\/wp-content\\\/uploads\\\/2022\\\/06\\\/header-contact.jpg\",\"contentUrl\":\"https:\\\/\\\/www.protect.airbus.com\\\/wp-content\\\/uploads\\\/2022\\\/06\\\/header-contact.jpg\",\"width\":1920,\"height\":577},{\"@type\":\"BreadcrumbList\",\"@id\":\"https:\\\/\\\/www.protect.airbus.com\\\/fr\\\/download\\\/#breadcrumb\",\"itemListElement\":[{\"@type\":\"ListItem\",\"position\":1,\"name\":\"Home\",\"item\":\"https:\\\/\\\/www.protect.airbus.com\\\/fr\\\/\"},{\"@type\":\"ListItem\",\"position\":2,\"name\":\"T\u00e9l\u00e9chargement\"}]},{\"@type\":\"WebSite\",\"@id\":\"https:\\\/\\\/www.protect.airbus.com\\\/fr\\\/#website\",\"url\":\"https:\\\/\\\/www.protect.airbus.com\\\/fr\\\/\",\"name\":\"Airbus Protect\",\"description\":\"\",\"publisher\":{\"@id\":\"https:\\\/\\\/www.protect.airbus.com\\\/fr\\\/#organization\"},\"potentialAction\":[{\"@type\":\"SearchAction\",\"target\":{\"@type\":\"EntryPoint\",\"urlTemplate\":\"https:\\\/\\\/www.protect.airbus.com\\\/fr\\\/?s={search_term_string}\"},\"query-input\":{\"@type\":\"PropertyValueSpecification\",\"valueRequired\":true,\"valueName\":\"search_term_string\"}}],\"inLanguage\":\"fr-FR\"},{\"@type\":\"Organization\",\"@id\":\"https:\\\/\\\/www.protect.airbus.com\\\/fr\\\/#organization\",\"name\":\"Airbus Protect\",\"url\":\"https:\\\/\\\/www.protect.airbus.com\\\/fr\\\/\",\"logo\":{\"@type\":\"ImageObject\",\"inLanguage\":\"fr-FR\",\"@id\":\"https:\\\/\\\/www.protect.airbus.com\\\/fr\\\/#\\\/schema\\\/logo\\\/image\\\/\",\"url\":\"https:\\\/\\\/www.protect.airbus.com\\\/wp-content\\\/uploads\\\/2023\\\/05\\\/logo-airbus-protect-696-696.png\",\"contentUrl\":\"https:\\\/\\\/www.protect.airbus.com\\\/wp-content\\\/uploads\\\/2023\\\/05\\\/logo-airbus-protect-696-696.png\",\"width\":696,\"height\":696,\"caption\":\"Airbus Protect\"},\"image\":{\"@id\":\"https:\\\/\\\/www.protect.airbus.com\\\/fr\\\/#\\\/schema\\\/logo\\\/image\\\/\"},\"sameAs\":[\"https:\\\/\\\/www.linkedin.com\\\/company\\\/airbus-protect\\\/\",\"https:\\\/\\\/www.youtube.com\\\/@airbusprotect7483\"],\"contactPoint\":{\"@type\":\"ContactPoint\",\"email\":\"protect@airbus.com\",\"contactType\":\"customer service\",\"areaServed\":[\"GB\",\"FR\",\"ES\",\"DE\",\"BE\",\"CH\",\"PT\",\"DK\",\"AT\"],\"availableLanguage\":[\"en\",\"fr\",\"de\"]}}]}<\/script>\n<!-- \/ Yoast SEO Premium plugin. -->","yoast_head_json":{"title":"T\u00e9l\u00e9chargement - Airbus Protect","robots":{"index":"noindex","follow":"nofollow"},"og_locale":"fr_FR","og_type":"article","og_title":"T\u00e9l\u00e9chargement","og_description":"[vc_row][vc_column][vc_raw_html]JTVCdGVsZWNoYXJnZW1lbnRGaWNoaWVyJTVE[\/vc_raw_html][vc_column_text][\/vc_column_text][vc_column_text]Note informative sur la confidentialit\u00e9 Via ce cookie sur la session, lorsque vous y avez consenti, les informations saisies dans le formulaire sont transmises et trait\u00e9es par Airbus Protect pour un usage interne uniquement, afin de pouvoir vous contacter \u00e0 l&rsquo;avenir. Ces informations marqu\u00e9es d&rsquo;un ast\u00e9risque doivent \u00eatre fournies. \u00c0 d\u00e9faut, nous ne serons pas [&hellip;]","og_url":"https:\/\/www.protect.airbus.com\/fr\/download\/","og_site_name":"Airbus Protect","article_modified_time":"2023-01-13T10:36:38+00:00","og_image":[{"width":1920,"height":577,"url":"https:\/\/www.protect.airbus.com\/wp-content\/uploads\/2022\/06\/header-contact.jpg","type":"image\/jpeg"}],"twitter_card":"summary_large_image","twitter_misc":{"Dur\u00e9e de lecture estim\u00e9e":"1 minute"},"schema":{"@context":"https:\/\/schema.org","@graph":[{"@type":"WebPage","@id":"https:\/\/www.protect.airbus.com\/fr\/download\/","url":"https:\/\/www.protect.airbus.com\/fr\/download\/","name":"T\u00e9l\u00e9chargement - Airbus Protect","isPartOf":{"@id":"https:\/\/www.protect.airbus.com\/fr\/#website"},"primaryImageOfPage":{"@id":"https:\/\/www.protect.airbus.com\/fr\/download\/#primaryimage"},"image":{"@id":"https:\/\/www.protect.airbus.com\/fr\/download\/#primaryimage"},"thumbnailUrl":"https:\/\/www.protect.airbus.com\/wp-content\/uploads\/2022\/06\/header-contact.jpg","datePublished":"2022-10-07T09:28:37+00:00","dateModified":"2023-01-13T10:36:38+00:00","breadcrumb":{"@id":"https:\/\/www.protect.airbus.com\/fr\/download\/#breadcrumb"},"inLanguage":"fr-FR","potentialAction":[{"@type":"ReadAction","target":["https:\/\/www.protect.airbus.com\/fr\/download\/"]}]},{"@type":"ImageObject","inLanguage":"fr-FR","@id":"https:\/\/www.protect.airbus.com\/fr\/download\/#primaryimage","url":"https:\/\/www.protect.airbus.com\/wp-content\/uploads\/2022\/06\/header-contact.jpg","contentUrl":"https:\/\/www.protect.airbus.com\/wp-content\/uploads\/2022\/06\/header-contact.jpg","width":1920,"height":577},{"@type":"BreadcrumbList","@id":"https:\/\/www.protect.airbus.com\/fr\/download\/#breadcrumb","itemListElement":[{"@type":"ListItem","position":1,"name":"Home","item":"https:\/\/www.protect.airbus.com\/fr\/"},{"@type":"ListItem","position":2,"name":"T\u00e9l\u00e9chargement"}]},{"@type":"WebSite","@id":"https:\/\/www.protect.airbus.com\/fr\/#website","url":"https:\/\/www.protect.airbus.com\/fr\/","name":"Airbus Protect","description":"","publisher":{"@id":"https:\/\/www.protect.airbus.com\/fr\/#organization"},"potentialAction":[{"@type":"SearchAction","target":{"@type":"EntryPoint","urlTemplate":"https:\/\/www.protect.airbus.com\/fr\/?s={search_term_string}"},"query-input":{"@type":"PropertyValueSpecification","valueRequired":true,"valueName":"search_term_string"}}],"inLanguage":"fr-FR"},{"@type":"Organization","@id":"https:\/\/www.protect.airbus.com\/fr\/#organization","name":"Airbus Protect","url":"https:\/\/www.protect.airbus.com\/fr\/","logo":{"@type":"ImageObject","inLanguage":"fr-FR","@id":"https:\/\/www.protect.airbus.com\/fr\/#\/schema\/logo\/image\/","url":"https:\/\/www.protect.airbus.com\/wp-content\/uploads\/2023\/05\/logo-airbus-protect-696-696.png","contentUrl":"https:\/\/www.protect.airbus.com\/wp-content\/uploads\/2023\/05\/logo-airbus-protect-696-696.png","width":696,"height":696,"caption":"Airbus Protect"},"image":{"@id":"https:\/\/www.protect.airbus.com\/fr\/#\/schema\/logo\/image\/"},"sameAs":["https:\/\/www.linkedin.com\/company\/airbus-protect\/","https:\/\/www.youtube.com\/@airbusprotect7483"],"contactPoint":{"@type":"ContactPoint","email":"protect@airbus.com","contactType":"customer service","areaServed":["GB","FR","ES","DE","BE","CH","PT","DK","AT"],"availableLanguage":["en","fr","de"]}}]}},"_links":{"self":[{"href":"https:\/\/www.protect.airbus.com\/fr\/wp-json\/wp\/v2\/pages\/3644","targetHints":{"allow":["GET"]}}],"collection":[{"href":"https:\/\/www.protect.airbus.com\/fr\/wp-json\/wp\/v2\/pages"}],"about":[{"href":"https:\/\/www.protect.airbus.com\/fr\/wp-json\/wp\/v2\/types\/page"}],"author":[{"embeddable":true,"href":"https:\/\/www.protect.airbus.com\/fr\/wp-json\/wp\/v2\/users\/1"}],"replies":[{"embeddable":true,"href":"https:\/\/www.protect.airbus.com\/fr\/wp-json\/wp\/v2\/comments?post=3644"}],"version-history":[{"count":9,"href":"https:\/\/www.protect.airbus.com\/fr\/wp-json\/wp\/v2\/pages\/3644\/revisions"}],"predecessor-version":[{"id":3657,"href":"https:\/\/www.protect.airbus.com\/fr\/wp-json\/wp\/v2\/pages\/3644\/revisions\/3657"}],"wp:featuredmedia":[{"embeddable":true,"href":"https:\/\/www.protect.airbus.com\/fr\/wp-json\/wp\/v2\/media\/2141"}],"wp:attachment":[{"href":"https:\/\/www.protect.airbus.com\/fr\/wp-json\/wp\/v2\/media?parent=3644"}],"curies":[{"name":"wp","href":"https:\/\/api.w.org\/{rel}","templated":true}]}}