{"id":3626,"date":"2022-06-09T22:23:12","date_gmt":"2022-06-09T20:23:12","guid":{"rendered":"https:\/\/www.protect.airbus.com\/insights\/brochures\/"},"modified":"2024-05-29T11:18:19","modified_gmt":"2024-05-29T09:18:19","slug":"brochures","status":"publish","type":"page","link":"https:\/\/www.protect.airbus.com\/fr\/informations\/brochures\/","title":{"rendered":"Brochures"},"content":{"rendered":"<div class=\"wpb-content-wrapper\"><p>[vc_row][vc_column][vc_column_text p_style=\u00a0\u00bbpBig\u00a0\u00bb][\/vc_column_text]<div class=\"blocList blocListBrochure bgColorGreyBlue\">\n            <form class=\"searchFormBlocList \" method=\"post\" action=\"https:\/\/www.protect.airbus.com\/fr\/informations\/brochures\/\" id=\"search_69db6183a694b\" enctype=\"multipart\/form-data\">\n            <div class=\"searchLine\"><div><span class=\"custom-dropdown\"><select name=\"categoryBrochure\" class=\"custom-dropdown__select dw_category\">\n                    <option value=\"\" selected=\"selected\">Sujet<\/option>\n                    <option value=\"cybersecurite-fr\" >Cybers\u00e9curit\u00e9<\/option><option value=\"training-fr\" >Formation<\/option><option value=\"safety-fr\" >Safety<\/option><option value=\"sustainability-fr\" >Sustainability<\/option>                <\/select><\/span><\/div>                <div class=\"btSubmit\">\n                    <button type=\"submit\">Filtre<\/button>\n                <\/div>\n            <\/div>\n        <\/form>\n        <div class=\"blocListItems\"><article class=\"blocListItem\"  ><div class=\"blocListItem_sousconteneur\">\n            <span class=\"category\">Cybers\u00e9curit\u00e9<\/span>            <h3>Cyber Resilience<\/h3>\n            <a href=\"\/fr\/download\/?id=40019&idFile=40019&k=80516bbb769fdd5a&idPS=3626&kPS=65b77fb8983d2567&FT=Cyber+Resilience&kFT=22bec8972245baf8&FST=Brochures&kFST=9a99eeb5aed32e12&TFT=Brochures\" rel=\"nofollow\" class=\"button btReadMore\" >T\u00e9l\u00e9charger<\/a>            <\/div><\/article><article class=\"blocListItem\"  ><div class=\"blocListItem_sousconteneur\">\n                        <h3>Services SOC<\/h3>\n            <a href=\"\/fr\/download\/?id=17760&idFile=17760&k=b0731a9948500682&idPS=3626&kPS=65b77fb8983d2567&FT=Services+SOC&kFT=cfcc08bb1db55fc5&FST=Brochures&kFST=9a99eeb5aed32e12&TFT=Brochures\" rel=\"nofollow\" class=\"button btReadMore\" >T\u00e9l\u00e9charger<\/a>            <\/div><\/article><article class=\"blocListItem\"  ><div class=\"blocListItem_sousconteneur\">\n            <span class=\"category\">Cybers\u00e9curit\u00e9<\/span>            <h3>Services de s\u00e9curit\u00e9 manag\u00e9s<\/h3>\n            <a href=\"\/fr\/download\/?id=17742&idFile=17742&k=8ff47eb22121adda&idPS=3626&kPS=65b77fb8983d2567&FT=Services+de+s%C3%A9curit%C3%A9+manag%C3%A9s&kFT=ddb62888b440e8b4&FST=Brochures&kFST=9a99eeb5aed32e12&TFT=Brochures\" rel=\"nofollow\" class=\"button btReadMore\" >T\u00e9l\u00e9charger<\/a>            <\/div><\/article><article class=\"blocListItem\"  ><div class=\"blocListItem_sousconteneur\">\n            <span class=\"category\">Cybers\u00e9curit\u00e9<\/span>            <h3>Logiciel Fence<\/h3>\n            <a href=\"\/fr\/download\/?id=40778&idFile=40778&k=be46c2e7fa45a28d&idPS=3626&kPS=65b77fb8983d2567&FT=Logiciel+Fence&kFT=e82ddef3ecd1c6b7&FST=Brochures&kFST=9a99eeb5aed32e12&TFT=Brochures\" rel=\"nofollow\" class=\"button btReadMore\" >T\u00e9l\u00e9charger<\/a>            <\/div><\/article><article class=\"blocListItem\"  ><div class=\"blocListItem_sousconteneur\">\n            <span class=\"category\">Sustainability<\/span>            <h3>Protection de l\u2019environnement et risques industriels<\/h3>\n            <a href=\"\/fr\/download\/?id=3154&idFile=3154&k=41b4186e3eea6ade&idPS=3626&kPS=65b77fb8983d2567&FT=Protection+de+l%E2%80%99environnement+et+risques+industriels&kFT=db3a6a23c1535037&FST=Brochures&kFST=9a99eeb5aed32e12&TFT=Brochures\" rel=\"nofollow\" class=\"button btReadMore\" >T\u00e9l\u00e9charger<\/a>            <\/div><\/article><article class=\"blocListItem\"  ><div class=\"blocListItem_sousconteneur\">\n            <span class=\"category\">Safety<\/span>            <h3>L\u2019humain au coeur de la s\u00e9curit\u00e9<\/h3>\n            <a href=\"\/fr\/download\/?id=3110&idFile=3110&k=8415a3cff52f87f9&idPS=3626&kPS=65b77fb8983d2567&FT=L%E2%80%99humain+au+coeur+de+la+s%C3%A9curit%C3%A9&kFT=2640d1a05b57b112&FST=Brochures&kFST=9a99eeb5aed32e12&TFT=Brochures\" rel=\"nofollow\" class=\"button btReadMore\" >T\u00e9l\u00e9charger<\/a>            <\/div><\/article><article class=\"blocListItem\"  ><div class=\"blocListItem_sousconteneur\">\n            <span class=\"category\">Formation<\/span>            <h3>Catalogue de formation<\/h3>\n            <a href=\"?dlFileAP=1&id=51227&idFile=51227&k=cbb8f0c9d51b27da&idPS=3626&kPS=65b77fb8983d2567&FT=Catalogue+de+formation&kFT=530dd5f2d2dec7f5&FST=Brochures&kFST=9a99eeb5aed32e12&TFT=Brochures&dfNoForm=f682836ddf5229e2\" target=\"_blank\" \"  class=\"button btReadMore\" >T\u00e9l\u00e9charger<\/a>            <\/div><\/article><article class=\"blocListItem\"  ><div class=\"blocListItem_sousconteneur\">\n            <span class=\"category\">Safety<\/span>            <h3>Conseil en S\u00fbret\u00e9 et S\u00e9curit\u00e9 int\u00e9rieure<\/h3>\n            <a href=\"\/fr\/download\/?id=1614&idFile=1614&k=b769ccce490dff84&idPS=3626&kPS=65b77fb8983d2567&FT=Conseil+en+S%C3%BBret%C3%A9+et+S%C3%A9curit%C3%A9+int%C3%A9rieure&kFT=3ebbd11dc4f4eb23&FST=Brochures&kFST=9a99eeb5aed32e12&TFT=Brochures\" rel=\"nofollow\" class=\"button btReadMore\" >T\u00e9l\u00e9charger<\/a>            <\/div><\/article><article class=\"blocListItem\"  ><div class=\"blocListItem_sousconteneur\">\n            <span class=\"category\">Safety<\/span>            <h3>Conseil en S\u00fbret\u00e9 et S\u00e9curit\u00e9 en d\u00e9fense et nucl\u00e9aire<\/h3>\n            <a href=\"\/fr\/download\/?id=1608&idFile=1608&k=6fdb829e43db39e4&idPS=3626&kPS=65b77fb8983d2567&FT=Conseil+en+S%C3%BBret%C3%A9+et+S%C3%A9curit%C3%A9+en+d%C3%A9fense+et+nucl%C3%A9aire&kFT=9dd896e2d915f3d2&FST=Brochures&kFST=9a99eeb5aed32e12&TFT=Brochures\" rel=\"nofollow\" class=\"button btReadMore\" >T\u00e9l\u00e9charger<\/a>            <\/div><\/article><article class=\"blocListItem\"  ><div class=\"blocListItem_sousconteneur\">\n            <span class=\"category\">Sustainability<\/span>            <h3>S\u00e9curiser et optimiser les performances hydrog\u00e8ne<\/h3>\n            <a href=\"\/fr\/download\/?id=20625&idFile=20625&k=ed1205be83414641&idPS=3626&kPS=65b77fb8983d2567&FT=S%C3%A9curiser+et+optimiser+les+performances+hydrog%C3%A8ne&kFT=2cece6fb9e68e039&FST=Brochures&kFST=9a99eeb5aed32e12&TFT=Brochures\" rel=\"nofollow\" class=\"button btReadMore\" >T\u00e9l\u00e9charger<\/a>            <\/div><\/article><\/div>\n                <\/div>[\/vc_column][\/vc_row]<\/p>\n<\/div>","protected":false},"excerpt":{"rendered":"<p>[vc_row][vc_column][vc_column_text p_style=\u00a0\u00bbpBig\u00a0\u00bb][\/vc_column_text][\/vc_column][\/vc_row]<\/p>\n","protected":false},"author":1,"featured_media":2460,"parent":3502,"menu_order":4,"comment_status":"closed","ping_status":"closed","template":"","meta":{"_acf_changed":false,"content-type":"","_relevanssi_hide_post":"","_relevanssi_hide_content":"","_relevanssi_pin_for_all":"","_relevanssi_pin_keywords":"","_relevanssi_unpin_keywords":"","_relevanssi_related_keywords":"","_relevanssi_related_include_ids":"","_relevanssi_related_exclude_ids":"","_relevanssi_related_no_append":"","_relevanssi_related_not_related":"","_relevanssi_related_posts":"","_relevanssi_noindex_reason":"","footnotes":""},"class_list":["post-3626","page","type-page","status-publish","has-post-thumbnail","hentry"],"acf":[],"yoast_head":"<!-- This site is optimized with the Yoast SEO Premium plugin v27.3 (Yoast SEO v27.3) - https:\/\/yoast.com\/product\/yoast-seo-premium-wordpress\/ -->\n<title>Brochures - Airbus Protect D\u00e9couvrez nos brochures<\/title>\n<meta name=\"description\" content=\"Explorez les diff\u00e9rentes brochures des services Safety, Cybers\u00e9curit\u00e9 ou Sustainability d&#039;Airbus Protect.\" \/>\n<meta name=\"robots\" content=\"index, follow, max-snippet:-1, max-image-preview:large, max-video-preview:-1\" \/>\n<link rel=\"canonical\" href=\"https:\/\/www.protect.airbus.com\/fr\/informations\/brochures\/\" \/>\n<meta property=\"og:locale\" content=\"fr_FR\" \/>\n<meta property=\"og:type\" content=\"article\" \/>\n<meta property=\"og:title\" content=\"Brochures\" \/>\n<meta property=\"og:description\" content=\"Explorez les diff\u00e9rentes brochures des services Safety, Cybers\u00e9curit\u00e9 ou Sustainability d&#039;Airbus Protect.\" \/>\n<meta property=\"og:url\" content=\"https:\/\/www.protect.airbus.com\/fr\/informations\/brochures\/\" \/>\n<meta property=\"og:site_name\" content=\"Airbus Protect\" \/>\n<meta property=\"article:modified_time\" content=\"2024-05-29T09:18:19+00:00\" \/>\n<meta property=\"og:image\" content=\"https:\/\/www.protect.airbus.com\/wp-content\/uploads\/2022\/06\/header-brochures.jpg\" \/>\n\t<meta property=\"og:image:width\" content=\"1920\" \/>\n\t<meta property=\"og:image:height\" content=\"358\" \/>\n\t<meta property=\"og:image:type\" content=\"image\/jpeg\" \/>\n<meta name=\"twitter:card\" content=\"summary_large_image\" \/>\n<meta name=\"twitter:label1\" content=\"Dur\u00e9e de lecture estim\u00e9e\" \/>\n\t<meta name=\"twitter:data1\" content=\"1 minute\" \/>\n<script type=\"application\/ld+json\" class=\"yoast-schema-graph\">{\"@context\":\"https:\\\/\\\/schema.org\",\"@graph\":[{\"@type\":\"WebPage\",\"@id\":\"https:\\\/\\\/www.protect.airbus.com\\\/fr\\\/informations\\\/brochures\\\/\",\"url\":\"https:\\\/\\\/www.protect.airbus.com\\\/fr\\\/informations\\\/brochures\\\/\",\"name\":\"Brochures - Airbus Protect D\u00e9couvrez nos brochures\",\"isPartOf\":{\"@id\":\"https:\\\/\\\/www.protect.airbus.com\\\/fr\\\/#website\"},\"primaryImageOfPage\":{\"@id\":\"https:\\\/\\\/www.protect.airbus.com\\\/fr\\\/informations\\\/brochures\\\/#primaryimage\"},\"image\":{\"@id\":\"https:\\\/\\\/www.protect.airbus.com\\\/fr\\\/informations\\\/brochures\\\/#primaryimage\"},\"thumbnailUrl\":\"https:\\\/\\\/www.protect.airbus.com\\\/wp-content\\\/uploads\\\/2022\\\/06\\\/header-brochures.jpg\",\"datePublished\":\"2022-06-09T20:23:12+00:00\",\"dateModified\":\"2024-05-29T09:18:19+00:00\",\"description\":\"Explorez les diff\u00e9rentes brochures des services Safety, Cybers\u00e9curit\u00e9 ou Sustainability d'Airbus Protect.\",\"breadcrumb\":{\"@id\":\"https:\\\/\\\/www.protect.airbus.com\\\/fr\\\/informations\\\/brochures\\\/#breadcrumb\"},\"inLanguage\":\"fr-FR\",\"potentialAction\":[{\"@type\":\"ReadAction\",\"target\":[\"https:\\\/\\\/www.protect.airbus.com\\\/fr\\\/informations\\\/brochures\\\/\"]}]},{\"@type\":\"ImageObject\",\"inLanguage\":\"fr-FR\",\"@id\":\"https:\\\/\\\/www.protect.airbus.com\\\/fr\\\/informations\\\/brochures\\\/#primaryimage\",\"url\":\"https:\\\/\\\/www.protect.airbus.com\\\/wp-content\\\/uploads\\\/2022\\\/06\\\/header-brochures.jpg\",\"contentUrl\":\"https:\\\/\\\/www.protect.airbus.com\\\/wp-content\\\/uploads\\\/2022\\\/06\\\/header-brochures.jpg\",\"width\":1920,\"height\":358},{\"@type\":\"BreadcrumbList\",\"@id\":\"https:\\\/\\\/www.protect.airbus.com\\\/fr\\\/informations\\\/brochures\\\/#breadcrumb\",\"itemListElement\":[{\"@type\":\"ListItem\",\"position\":1,\"name\":\"Home\",\"item\":\"https:\\\/\\\/www.protect.airbus.com\\\/fr\\\/\"},{\"@type\":\"ListItem\",\"position\":2,\"name\":\"Informations\",\"item\":\"https:\\\/\\\/www.protect.airbus.com\\\/fr\\\/informations\\\/\"},{\"@type\":\"ListItem\",\"position\":3,\"name\":\"Brochures\"}]},{\"@type\":\"WebSite\",\"@id\":\"https:\\\/\\\/www.protect.airbus.com\\\/fr\\\/#website\",\"url\":\"https:\\\/\\\/www.protect.airbus.com\\\/fr\\\/\",\"name\":\"Airbus Protect\",\"description\":\"\",\"publisher\":{\"@id\":\"https:\\\/\\\/www.protect.airbus.com\\\/fr\\\/#organization\"},\"potentialAction\":[{\"@type\":\"SearchAction\",\"target\":{\"@type\":\"EntryPoint\",\"urlTemplate\":\"https:\\\/\\\/www.protect.airbus.com\\\/fr\\\/?s={search_term_string}\"},\"query-input\":{\"@type\":\"PropertyValueSpecification\",\"valueRequired\":true,\"valueName\":\"search_term_string\"}}],\"inLanguage\":\"fr-FR\"},{\"@type\":\"Organization\",\"@id\":\"https:\\\/\\\/www.protect.airbus.com\\\/fr\\\/#organization\",\"name\":\"Airbus Protect\",\"url\":\"https:\\\/\\\/www.protect.airbus.com\\\/fr\\\/\",\"logo\":{\"@type\":\"ImageObject\",\"inLanguage\":\"fr-FR\",\"@id\":\"https:\\\/\\\/www.protect.airbus.com\\\/fr\\\/#\\\/schema\\\/logo\\\/image\\\/\",\"url\":\"https:\\\/\\\/www.protect.airbus.com\\\/wp-content\\\/uploads\\\/2023\\\/05\\\/logo-airbus-protect-696-696.png\",\"contentUrl\":\"https:\\\/\\\/www.protect.airbus.com\\\/wp-content\\\/uploads\\\/2023\\\/05\\\/logo-airbus-protect-696-696.png\",\"width\":696,\"height\":696,\"caption\":\"Airbus Protect\"},\"image\":{\"@id\":\"https:\\\/\\\/www.protect.airbus.com\\\/fr\\\/#\\\/schema\\\/logo\\\/image\\\/\"},\"sameAs\":[\"https:\\\/\\\/www.linkedin.com\\\/company\\\/airbus-protect\\\/\",\"https:\\\/\\\/www.youtube.com\\\/@airbusprotect7483\"],\"contactPoint\":{\"@type\":\"ContactPoint\",\"email\":\"protect@airbus.com\",\"contactType\":\"customer service\",\"areaServed\":[\"GB\",\"FR\",\"ES\",\"DE\",\"BE\",\"CH\",\"PT\",\"DK\",\"AT\"],\"availableLanguage\":[\"en\",\"fr\",\"de\"]}}]}<\/script>\n<!-- \/ Yoast SEO Premium plugin. -->","yoast_head_json":{"title":"Brochures - Airbus Protect D\u00e9couvrez nos brochures","description":"Explorez les diff\u00e9rentes brochures des services Safety, Cybers\u00e9curit\u00e9 ou Sustainability d'Airbus Protect.","robots":{"index":"index","follow":"follow","max-snippet":"max-snippet:-1","max-image-preview":"max-image-preview:large","max-video-preview":"max-video-preview:-1"},"canonical":"https:\/\/www.protect.airbus.com\/fr\/informations\/brochures\/","og_locale":"fr_FR","og_type":"article","og_title":"Brochures","og_description":"Explorez les diff\u00e9rentes brochures des services Safety, Cybers\u00e9curit\u00e9 ou Sustainability d'Airbus Protect.","og_url":"https:\/\/www.protect.airbus.com\/fr\/informations\/brochures\/","og_site_name":"Airbus Protect","article_modified_time":"2024-05-29T09:18:19+00:00","og_image":[{"width":1920,"height":358,"url":"https:\/\/www.protect.airbus.com\/wp-content\/uploads\/2022\/06\/header-brochures.jpg","type":"image\/jpeg"}],"twitter_card":"summary_large_image","twitter_misc":{"Dur\u00e9e de lecture estim\u00e9e":"1 minute"},"schema":{"@context":"https:\/\/schema.org","@graph":[{"@type":"WebPage","@id":"https:\/\/www.protect.airbus.com\/fr\/informations\/brochures\/","url":"https:\/\/www.protect.airbus.com\/fr\/informations\/brochures\/","name":"Brochures - Airbus Protect D\u00e9couvrez nos brochures","isPartOf":{"@id":"https:\/\/www.protect.airbus.com\/fr\/#website"},"primaryImageOfPage":{"@id":"https:\/\/www.protect.airbus.com\/fr\/informations\/brochures\/#primaryimage"},"image":{"@id":"https:\/\/www.protect.airbus.com\/fr\/informations\/brochures\/#primaryimage"},"thumbnailUrl":"https:\/\/www.protect.airbus.com\/wp-content\/uploads\/2022\/06\/header-brochures.jpg","datePublished":"2022-06-09T20:23:12+00:00","dateModified":"2024-05-29T09:18:19+00:00","description":"Explorez les diff\u00e9rentes brochures des services Safety, Cybers\u00e9curit\u00e9 ou Sustainability d'Airbus Protect.","breadcrumb":{"@id":"https:\/\/www.protect.airbus.com\/fr\/informations\/brochures\/#breadcrumb"},"inLanguage":"fr-FR","potentialAction":[{"@type":"ReadAction","target":["https:\/\/www.protect.airbus.com\/fr\/informations\/brochures\/"]}]},{"@type":"ImageObject","inLanguage":"fr-FR","@id":"https:\/\/www.protect.airbus.com\/fr\/informations\/brochures\/#primaryimage","url":"https:\/\/www.protect.airbus.com\/wp-content\/uploads\/2022\/06\/header-brochures.jpg","contentUrl":"https:\/\/www.protect.airbus.com\/wp-content\/uploads\/2022\/06\/header-brochures.jpg","width":1920,"height":358},{"@type":"BreadcrumbList","@id":"https:\/\/www.protect.airbus.com\/fr\/informations\/brochures\/#breadcrumb","itemListElement":[{"@type":"ListItem","position":1,"name":"Home","item":"https:\/\/www.protect.airbus.com\/fr\/"},{"@type":"ListItem","position":2,"name":"Informations","item":"https:\/\/www.protect.airbus.com\/fr\/informations\/"},{"@type":"ListItem","position":3,"name":"Brochures"}]},{"@type":"WebSite","@id":"https:\/\/www.protect.airbus.com\/fr\/#website","url":"https:\/\/www.protect.airbus.com\/fr\/","name":"Airbus Protect","description":"","publisher":{"@id":"https:\/\/www.protect.airbus.com\/fr\/#organization"},"potentialAction":[{"@type":"SearchAction","target":{"@type":"EntryPoint","urlTemplate":"https:\/\/www.protect.airbus.com\/fr\/?s={search_term_string}"},"query-input":{"@type":"PropertyValueSpecification","valueRequired":true,"valueName":"search_term_string"}}],"inLanguage":"fr-FR"},{"@type":"Organization","@id":"https:\/\/www.protect.airbus.com\/fr\/#organization","name":"Airbus Protect","url":"https:\/\/www.protect.airbus.com\/fr\/","logo":{"@type":"ImageObject","inLanguage":"fr-FR","@id":"https:\/\/www.protect.airbus.com\/fr\/#\/schema\/logo\/image\/","url":"https:\/\/www.protect.airbus.com\/wp-content\/uploads\/2023\/05\/logo-airbus-protect-696-696.png","contentUrl":"https:\/\/www.protect.airbus.com\/wp-content\/uploads\/2023\/05\/logo-airbus-protect-696-696.png","width":696,"height":696,"caption":"Airbus Protect"},"image":{"@id":"https:\/\/www.protect.airbus.com\/fr\/#\/schema\/logo\/image\/"},"sameAs":["https:\/\/www.linkedin.com\/company\/airbus-protect\/","https:\/\/www.youtube.com\/@airbusprotect7483"],"contactPoint":{"@type":"ContactPoint","email":"protect@airbus.com","contactType":"customer service","areaServed":["GB","FR","ES","DE","BE","CH","PT","DK","AT"],"availableLanguage":["en","fr","de"]}}]}},"_links":{"self":[{"href":"https:\/\/www.protect.airbus.com\/fr\/wp-json\/wp\/v2\/pages\/3626","targetHints":{"allow":["GET"]}}],"collection":[{"href":"https:\/\/www.protect.airbus.com\/fr\/wp-json\/wp\/v2\/pages"}],"about":[{"href":"https:\/\/www.protect.airbus.com\/fr\/wp-json\/wp\/v2\/types\/page"}],"author":[{"embeddable":true,"href":"https:\/\/www.protect.airbus.com\/fr\/wp-json\/wp\/v2\/users\/1"}],"replies":[{"embeddable":true,"href":"https:\/\/www.protect.airbus.com\/fr\/wp-json\/wp\/v2\/comments?post=3626"}],"version-history":[{"count":2,"href":"https:\/\/www.protect.airbus.com\/fr\/wp-json\/wp\/v2\/pages\/3626\/revisions"}],"predecessor-version":[{"id":3765,"href":"https:\/\/www.protect.airbus.com\/fr\/wp-json\/wp\/v2\/pages\/3626\/revisions\/3765"}],"up":[{"embeddable":true,"href":"https:\/\/www.protect.airbus.com\/fr\/wp-json\/wp\/v2\/pages\/3502"}],"wp:featuredmedia":[{"embeddable":true,"href":"https:\/\/www.protect.airbus.com\/fr\/wp-json\/wp\/v2\/media\/2460"}],"wp:attachment":[{"href":"https:\/\/www.protect.airbus.com\/fr\/wp-json\/wp\/v2\/media?parent=3626"}],"curies":[{"name":"wp","href":"https:\/\/api.w.org\/{rel}","templated":true}]}}