{"id":3476,"date":"2022-06-20T18:31:37","date_gmt":"2022-06-20T16:31:37","guid":{"rendered":"https:\/\/www.protect.airbus.com\/cyber-incident-response\/"},"modified":"2023-02-06T15:42:36","modified_gmt":"2023-02-06T14:42:36","slug":"reponse-incident-digital-forensics","status":"publish","type":"page","link":"https:\/\/www.protect.airbus.com\/fr\/reponse-incident-digital-forensics\/","title":{"rendered":"R\u00e9ponse \u00e0 Incidents &#038; Digital Forensics"},"content":{"rendered":"<div class=\"wpb-content-wrapper\"><p>[vc_row][vc_column offset=\u00a0\u00bbvc_col-lg-8 vc_col-md-12 vc_col-xs-12&Prime;][vc_column_text p_style=\u00a0\u00bbpHighlight\u00a0\u00bb]<\/p>\n<h2><strong>Victime d\u2019une attaque\u00a0?<\/strong><\/h2>\n<p><strong>En cas de violation de s\u00e9curit\u00e9 ou pour toute autre demande urgente, contactez notre \u00e9quipe ou remplissez le formulaire ci-contre pour une r\u00e9ponse rapide.<\/strong><\/p>\n<p>France: +33 9 72 30 13 99<br \/>\nAllemagne : remplir le formulaire<br \/>\nPartout ailleurs : +33 9 72 30 13 99[\/vc_column_text][vc_column_text p_style=\u00a0\u00bbpHighlight\u00a0\u00bb]<\/p>\n<h3><strong>L\u2019\u00e9quipe CSIRT d&rsquo;Airbus\u00a0Protect<\/strong><\/h3>\n<p>L&rsquo;\u00e9quipe CSIRT d&rsquo;Airbus\u00a0Protect r\u00e9unit les meilleurs intervenants en cas d&rsquo;incident de cybers\u00e9curit\u00e9, gestionnaires d&rsquo;incidents et gestionnaires de crise afin de prot\u00e9ger nos clients dans diff\u00e9rents secteurs\u00a0: m\u00e9dias, services financiers, production industrielle, gouvernements, etc.<\/p>\n<p>Nos experts sont disponibles 24\/7 pour vous aider \u00e0 r\u00e9agir et \u00e0 contenir rapidement les menaces en vue de maintenir la continuit\u00e9 de vos activit\u00e9s.[\/vc_column_text][vc_column_text p_style=\u00a0\u00bbpHighlight\u00a0\u00bb]<\/p>\n<h3><b>Nos actions<\/b><\/h3>\n<ul>\n<li>Analyse<\/li>\n<li>Identification de la port\u00e9e de l&rsquo;attaque<\/li>\n<li>Identification de l&rsquo;objectif de l&rsquo;attaque<\/li>\n<li>Confinement, \u00e9radication, restauration<\/li>\n<li>Soutien aux op\u00e9rations de gestion de crise<\/li>\n<\/ul>\n<p>[\/vc_column_text][\/vc_column][vc_column offset=\u00a0\u00bbvc_col-lg-4 vc_col-md-12 vc_col-xs-12&Prime;][vc_column_text]<\/p>\n<form id=\"forminator-module-3601\" class=\"forminator-custom-form forminator-custom-form-3601\" method=\"post\" data-forminator-render=\"0\" data-uid=\"69ece079ab434\">\n<div role=\"alert\" aria-live=\"polite\" class=\"forminator-response-message forminator-error\" aria-hidden=\"true\"><\/div>\n<\/form>\n<p>[\/vc_column_text][\/vc_column][\/vc_row]<\/p>\n<\/div>","protected":false},"excerpt":{"rendered":"<p>[vc_row][vc_column offset=\u00a0\u00bbvc_col-lg-8 vc_col-md-12 vc_col-xs-12&Prime;][vc_column_text p_style=\u00a0\u00bbpHighlight\u00a0\u00bb] Victime d\u2019une attaque\u00a0? En cas de violation de s\u00e9curit\u00e9 ou pour toute autre demande urgente, contactez notre \u00e9quipe ou remplissez le formulaire ci-contre pour une r\u00e9ponse rapide. France: +33 9 72 30 13 99 Allemagne : remplir le formulaire Partout ailleurs : +33 9 72 30 13 99[\/vc_column_text][vc_column_text p_style=\u00a0\u00bbpHighlight\u00a0\u00bb] L\u2019\u00e9quipe [&hellip;]<\/p>\n","protected":false},"author":1,"featured_media":1054,"parent":0,"menu_order":0,"comment_status":"closed","ping_status":"closed","template":"","meta":{"_acf_changed":false,"content-type":"","_relevanssi_hide_post":"","_relevanssi_hide_content":"","_relevanssi_pin_for_all":"","_relevanssi_pin_keywords":"","_relevanssi_unpin_keywords":"","_relevanssi_related_keywords":"","_relevanssi_related_include_ids":"","_relevanssi_related_exclude_ids":"","_relevanssi_related_no_append":"","_relevanssi_related_not_related":"","_relevanssi_related_posts":"","_relevanssi_noindex_reason":"","footnotes":""},"class_list":["post-3476","page","type-page","status-publish","has-post-thumbnail","hentry"],"acf":[],"yoast_head":"<!-- This site is optimized with the Yoast SEO Premium plugin v27.4 (Yoast SEO v27.4) - https:\/\/yoast.com\/product\/yoast-seo-premium-wordpress\/ -->\n<title>R\u00e9ponse \u00e0 Incidents &amp; Digital Forensics - Airbus Protect<\/title>\n<meta name=\"description\" content=\"Victime d\u2019une attaque : Comment r\u00e9agir ? Contactez notre \u00e9quipe d&#039;intervention d\u00e9di\u00e9e aux incidents de s\u00e9curit\u00e9 informatique\" \/>\n<meta name=\"robots\" content=\"index, follow, max-snippet:-1, max-image-preview:large, max-video-preview:-1\" \/>\n<link rel=\"canonical\" href=\"https:\/\/www.protect.airbus.com\/fr\/reponse-incident-digital-forensics\/\" \/>\n<meta property=\"og:locale\" content=\"fr_FR\" \/>\n<meta property=\"og:type\" content=\"article\" \/>\n<meta property=\"og:title\" content=\"R\u00e9ponse \u00e0 Incidents &amp; Digital Forensics\" \/>\n<meta property=\"og:description\" content=\"Victime d\u2019une attaque : Comment r\u00e9agir ? Contactez notre \u00e9quipe d&#039;intervention d\u00e9di\u00e9e aux incidents de s\u00e9curit\u00e9 informatique\" \/>\n<meta property=\"og:url\" content=\"https:\/\/www.protect.airbus.com\/fr\/reponse-incident-digital-forensics\/\" \/>\n<meta property=\"og:site_name\" content=\"Airbus Protect\" \/>\n<meta property=\"article:modified_time\" content=\"2023-02-06T14:42:36+00:00\" \/>\n<meta property=\"og:image\" content=\"https:\/\/www.protect.airbus.com\/wp-content\/uploads\/2022\/07\/cyber-incident-reponse-social.png\" \/>\n\t<meta property=\"og:image:width\" content=\"2378\" \/>\n\t<meta property=\"og:image:height\" content=\"1284\" \/>\n\t<meta property=\"og:image:type\" content=\"image\/png\" \/>\n<meta name=\"twitter:card\" content=\"summary_large_image\" \/>\n<meta name=\"twitter:label1\" content=\"Dur\u00e9e de lecture estim\u00e9e\" \/>\n\t<meta name=\"twitter:data1\" content=\"1 minute\" \/>\n<script type=\"application\/ld+json\" class=\"yoast-schema-graph\">{\"@context\":\"https:\\\/\\\/schema.org\",\"@graph\":[{\"@type\":\"WebPage\",\"@id\":\"https:\\\/\\\/www.protect.airbus.com\\\/fr\\\/reponse-incident-digital-forensics\\\/\",\"url\":\"https:\\\/\\\/www.protect.airbus.com\\\/fr\\\/reponse-incident-digital-forensics\\\/\",\"name\":\"R\u00e9ponse \u00e0 Incidents & Digital Forensics - Airbus Protect\",\"isPartOf\":{\"@id\":\"https:\\\/\\\/www.protect.airbus.com\\\/fr\\\/#website\"},\"primaryImageOfPage\":{\"@id\":\"https:\\\/\\\/www.protect.airbus.com\\\/fr\\\/reponse-incident-digital-forensics\\\/#primaryimage\"},\"image\":{\"@id\":\"https:\\\/\\\/www.protect.airbus.com\\\/fr\\\/reponse-incident-digital-forensics\\\/#primaryimage\"},\"thumbnailUrl\":\"https:\\\/\\\/www.protect.airbus.com\\\/wp-content\\\/uploads\\\/2022\\\/06\\\/header-cybersecurity.jpg\",\"datePublished\":\"2022-06-20T16:31:37+00:00\",\"dateModified\":\"2023-02-06T14:42:36+00:00\",\"description\":\"Victime d\u2019une attaque : Comment r\u00e9agir ? Contactez notre \u00e9quipe d'intervention d\u00e9di\u00e9e aux incidents de s\u00e9curit\u00e9 informatique\",\"breadcrumb\":{\"@id\":\"https:\\\/\\\/www.protect.airbus.com\\\/fr\\\/reponse-incident-digital-forensics\\\/#breadcrumb\"},\"inLanguage\":\"fr-FR\",\"potentialAction\":[{\"@type\":\"ReadAction\",\"target\":[\"https:\\\/\\\/www.protect.airbus.com\\\/fr\\\/reponse-incident-digital-forensics\\\/\"]}]},{\"@type\":\"ImageObject\",\"inLanguage\":\"fr-FR\",\"@id\":\"https:\\\/\\\/www.protect.airbus.com\\\/fr\\\/reponse-incident-digital-forensics\\\/#primaryimage\",\"url\":\"https:\\\/\\\/www.protect.airbus.com\\\/wp-content\\\/uploads\\\/2022\\\/06\\\/header-cybersecurity.jpg\",\"contentUrl\":\"https:\\\/\\\/www.protect.airbus.com\\\/wp-content\\\/uploads\\\/2022\\\/06\\\/header-cybersecurity.jpg\",\"width\":1920,\"height\":577,\"caption\":\"cybersecurity - airbus protect\"},{\"@type\":\"BreadcrumbList\",\"@id\":\"https:\\\/\\\/www.protect.airbus.com\\\/fr\\\/reponse-incident-digital-forensics\\\/#breadcrumb\",\"itemListElement\":[{\"@type\":\"ListItem\",\"position\":1,\"name\":\"Home\",\"item\":\"https:\\\/\\\/www.protect.airbus.com\\\/fr\\\/\"},{\"@type\":\"ListItem\",\"position\":2,\"name\":\"R\u00e9ponse \u00e0 Incidents &#038; Digital Forensics\"}]},{\"@type\":\"WebSite\",\"@id\":\"https:\\\/\\\/www.protect.airbus.com\\\/fr\\\/#website\",\"url\":\"https:\\\/\\\/www.protect.airbus.com\\\/fr\\\/\",\"name\":\"Airbus Protect\",\"description\":\"\",\"publisher\":{\"@id\":\"https:\\\/\\\/www.protect.airbus.com\\\/fr\\\/#organization\"},\"potentialAction\":[{\"@type\":\"SearchAction\",\"target\":{\"@type\":\"EntryPoint\",\"urlTemplate\":\"https:\\\/\\\/www.protect.airbus.com\\\/fr\\\/?s={search_term_string}\"},\"query-input\":{\"@type\":\"PropertyValueSpecification\",\"valueRequired\":true,\"valueName\":\"search_term_string\"}}],\"inLanguage\":\"fr-FR\"},{\"@type\":\"Organization\",\"@id\":\"https:\\\/\\\/www.protect.airbus.com\\\/fr\\\/#organization\",\"name\":\"Airbus Protect\",\"url\":\"https:\\\/\\\/www.protect.airbus.com\\\/fr\\\/\",\"logo\":{\"@type\":\"ImageObject\",\"inLanguage\":\"fr-FR\",\"@id\":\"https:\\\/\\\/www.protect.airbus.com\\\/fr\\\/#\\\/schema\\\/logo\\\/image\\\/\",\"url\":\"https:\\\/\\\/www.protect.airbus.com\\\/wp-content\\\/uploads\\\/2023\\\/05\\\/logo-airbus-protect-696-696.png\",\"contentUrl\":\"https:\\\/\\\/www.protect.airbus.com\\\/wp-content\\\/uploads\\\/2023\\\/05\\\/logo-airbus-protect-696-696.png\",\"width\":696,\"height\":696,\"caption\":\"Airbus Protect\"},\"image\":{\"@id\":\"https:\\\/\\\/www.protect.airbus.com\\\/fr\\\/#\\\/schema\\\/logo\\\/image\\\/\"},\"sameAs\":[\"https:\\\/\\\/www.linkedin.com\\\/company\\\/airbus-protect\\\/\",\"https:\\\/\\\/www.youtube.com\\\/@airbusprotect7483\"],\"contactPoint\":{\"@type\":\"ContactPoint\",\"email\":\"protect@airbus.com\",\"contactType\":\"customer service\",\"areaServed\":[\"GB\",\"FR\",\"ES\",\"DE\",\"BE\",\"CH\",\"PT\",\"DK\",\"AT\"],\"availableLanguage\":[\"en\",\"fr\",\"de\"]}}]}<\/script>\n<!-- \/ Yoast SEO Premium plugin. -->","yoast_head_json":{"title":"R\u00e9ponse \u00e0 Incidents & Digital Forensics - Airbus Protect","description":"Victime d\u2019une attaque : Comment r\u00e9agir ? Contactez notre \u00e9quipe d'intervention d\u00e9di\u00e9e aux incidents de s\u00e9curit\u00e9 informatique","robots":{"index":"index","follow":"follow","max-snippet":"max-snippet:-1","max-image-preview":"max-image-preview:large","max-video-preview":"max-video-preview:-1"},"canonical":"https:\/\/www.protect.airbus.com\/fr\/reponse-incident-digital-forensics\/","og_locale":"fr_FR","og_type":"article","og_title":"R\u00e9ponse \u00e0 Incidents & Digital Forensics","og_description":"Victime d\u2019une attaque : Comment r\u00e9agir ? Contactez notre \u00e9quipe d'intervention d\u00e9di\u00e9e aux incidents de s\u00e9curit\u00e9 informatique","og_url":"https:\/\/www.protect.airbus.com\/fr\/reponse-incident-digital-forensics\/","og_site_name":"Airbus Protect","article_modified_time":"2023-02-06T14:42:36+00:00","og_image":[{"width":2378,"height":1284,"url":"https:\/\/www.protect.airbus.com\/wp-content\/uploads\/2022\/07\/cyber-incident-reponse-social.png","type":"image\/png"}],"twitter_card":"summary_large_image","twitter_misc":{"Dur\u00e9e de lecture estim\u00e9e":"1 minute"},"schema":{"@context":"https:\/\/schema.org","@graph":[{"@type":"WebPage","@id":"https:\/\/www.protect.airbus.com\/fr\/reponse-incident-digital-forensics\/","url":"https:\/\/www.protect.airbus.com\/fr\/reponse-incident-digital-forensics\/","name":"R\u00e9ponse \u00e0 Incidents & Digital Forensics - Airbus Protect","isPartOf":{"@id":"https:\/\/www.protect.airbus.com\/fr\/#website"},"primaryImageOfPage":{"@id":"https:\/\/www.protect.airbus.com\/fr\/reponse-incident-digital-forensics\/#primaryimage"},"image":{"@id":"https:\/\/www.protect.airbus.com\/fr\/reponse-incident-digital-forensics\/#primaryimage"},"thumbnailUrl":"https:\/\/www.protect.airbus.com\/wp-content\/uploads\/2022\/06\/header-cybersecurity.jpg","datePublished":"2022-06-20T16:31:37+00:00","dateModified":"2023-02-06T14:42:36+00:00","description":"Victime d\u2019une attaque : Comment r\u00e9agir ? Contactez notre \u00e9quipe d'intervention d\u00e9di\u00e9e aux incidents de s\u00e9curit\u00e9 informatique","breadcrumb":{"@id":"https:\/\/www.protect.airbus.com\/fr\/reponse-incident-digital-forensics\/#breadcrumb"},"inLanguage":"fr-FR","potentialAction":[{"@type":"ReadAction","target":["https:\/\/www.protect.airbus.com\/fr\/reponse-incident-digital-forensics\/"]}]},{"@type":"ImageObject","inLanguage":"fr-FR","@id":"https:\/\/www.protect.airbus.com\/fr\/reponse-incident-digital-forensics\/#primaryimage","url":"https:\/\/www.protect.airbus.com\/wp-content\/uploads\/2022\/06\/header-cybersecurity.jpg","contentUrl":"https:\/\/www.protect.airbus.com\/wp-content\/uploads\/2022\/06\/header-cybersecurity.jpg","width":1920,"height":577,"caption":"cybersecurity - airbus protect"},{"@type":"BreadcrumbList","@id":"https:\/\/www.protect.airbus.com\/fr\/reponse-incident-digital-forensics\/#breadcrumb","itemListElement":[{"@type":"ListItem","position":1,"name":"Home","item":"https:\/\/www.protect.airbus.com\/fr\/"},{"@type":"ListItem","position":2,"name":"R\u00e9ponse \u00e0 Incidents &#038; Digital Forensics"}]},{"@type":"WebSite","@id":"https:\/\/www.protect.airbus.com\/fr\/#website","url":"https:\/\/www.protect.airbus.com\/fr\/","name":"Airbus Protect","description":"","publisher":{"@id":"https:\/\/www.protect.airbus.com\/fr\/#organization"},"potentialAction":[{"@type":"SearchAction","target":{"@type":"EntryPoint","urlTemplate":"https:\/\/www.protect.airbus.com\/fr\/?s={search_term_string}"},"query-input":{"@type":"PropertyValueSpecification","valueRequired":true,"valueName":"search_term_string"}}],"inLanguage":"fr-FR"},{"@type":"Organization","@id":"https:\/\/www.protect.airbus.com\/fr\/#organization","name":"Airbus Protect","url":"https:\/\/www.protect.airbus.com\/fr\/","logo":{"@type":"ImageObject","inLanguage":"fr-FR","@id":"https:\/\/www.protect.airbus.com\/fr\/#\/schema\/logo\/image\/","url":"https:\/\/www.protect.airbus.com\/wp-content\/uploads\/2023\/05\/logo-airbus-protect-696-696.png","contentUrl":"https:\/\/www.protect.airbus.com\/wp-content\/uploads\/2023\/05\/logo-airbus-protect-696-696.png","width":696,"height":696,"caption":"Airbus Protect"},"image":{"@id":"https:\/\/www.protect.airbus.com\/fr\/#\/schema\/logo\/image\/"},"sameAs":["https:\/\/www.linkedin.com\/company\/airbus-protect\/","https:\/\/www.youtube.com\/@airbusprotect7483"],"contactPoint":{"@type":"ContactPoint","email":"protect@airbus.com","contactType":"customer service","areaServed":["GB","FR","ES","DE","BE","CH","PT","DK","AT"],"availableLanguage":["en","fr","de"]}}]}},"_links":{"self":[{"href":"https:\/\/www.protect.airbus.com\/fr\/wp-json\/wp\/v2\/pages\/3476","targetHints":{"allow":["GET"]}}],"collection":[{"href":"https:\/\/www.protect.airbus.com\/fr\/wp-json\/wp\/v2\/pages"}],"about":[{"href":"https:\/\/www.protect.airbus.com\/fr\/wp-json\/wp\/v2\/types\/page"}],"author":[{"embeddable":true,"href":"https:\/\/www.protect.airbus.com\/fr\/wp-json\/wp\/v2\/users\/1"}],"replies":[{"embeddable":true,"href":"https:\/\/www.protect.airbus.com\/fr\/wp-json\/wp\/v2\/comments?post=3476"}],"version-history":[{"count":11,"href":"https:\/\/www.protect.airbus.com\/fr\/wp-json\/wp\/v2\/pages\/3476\/revisions"}],"predecessor-version":[{"id":4244,"href":"https:\/\/www.protect.airbus.com\/fr\/wp-json\/wp\/v2\/pages\/3476\/revisions\/4244"}],"wp:featuredmedia":[{"embeddable":true,"href":"https:\/\/www.protect.airbus.com\/fr\/wp-json\/wp\/v2\/media\/1054"}],"wp:attachment":[{"href":"https:\/\/www.protect.airbus.com\/fr\/wp-json\/wp\/v2\/media?parent=3476"}],"curies":[{"name":"wp","href":"https:\/\/api.w.org\/{rel}","templated":true}]}}