{"id":34721,"date":"2025-07-28T11:08:22","date_gmt":"2025-07-28T09:08:22","guid":{"rendered":"https:\/\/www.protect.airbus.com\/?page_id=34721"},"modified":"2026-02-12T16:43:54","modified_gmt":"2026-02-12T15:43:54","slug":"temoignage-client-cnes","status":"publish","type":"page","link":"https:\/\/www.protect.airbus.com\/fr\/temoignage-client-cnes\/","title":{"rendered":"T\u00e9moignage client \u2013 Le CNES"},"content":{"rendered":"<div class=\"wpb-content-wrapper\"><p>[vc_row][vc_column][vc_column_text css=\u00a0\u00bb\u00a0\u00bb h2_style=\u00a0\u00bbh2Big\u00a0\u00bb h2_couleur=\u00a0\u00bbh2BleuProtect\u00a0\u00bb]<\/p>\n<h2>Comment le CNES optimise ses analyses de risques avec la solution Fence d&rsquo;Airbus Protect<\/h2>\n<p>[\/vc_column_text][\/vc_column][\/vc_row][vc_row equal_height=\u00a0\u00bbyes\u00a0\u00bb][vc_column width=\u00a0\u00bb1\/2&Prime;][vc_column_text css=\u00a0\u00bb\u00a0\u00bb h2_style=\u00a0\u00bbh2Big\u00a0\u00bb h2_couleur=\u00a0\u00bbh2BleuProtect\u00a0\u00bb h3_couleur=\u00a0\u00bbh3BleuProtect\u00a0\u00bb]<\/p>\n<h3>Une efficacit\u00e9 et une simplicit\u00e9 pl\u00e9biscit\u00e9es<\/h3>\n<p>[\/vc_column_text]    <div class=\"citation pIntermediaire\">\n        <p>Fence est une solution intuitive, simple d\u2019utilisation, qui permet \u00e0 notre vingtaine d\u2019utilisateurs de r\u00e9aliser des analyses de risques sur nos 40 syst\u00e8mes d\u2019informations. Nous r\u00e9alisons \u00e9galement des qualifications de la sensibilit\u00e9, et notre objectif est d'utiliser Fence pour notre conformit\u00e9 \u00e0 NIS2. Fence est facile \u00e0 prendre en main, surtout avec la formation associ\u00e9e, et nous permet de travailler rapidement et efficacement. M\u00eame les utilisateurs non form\u00e9s s\u2019y adaptent tr\u00e8s rapidement, c\u2019est un r\u00e9el point fort. \u00c0 noter qu\u2019en cas de besoin l\u2019\u00e9quipe de support est r\u00e9active et disponible. Nous appr\u00e9cions \u00e9galement les importantes capacit\u00e9s d\u2019\u00e9volution de Fence, en fonction de nos besoins op\u00e9rationnels.<\/p>\n                <div class=\"infoAuteur\">\n            <img decoding=\"async\" src=\"https:\/\/www.protect.airbus.com\/wp-content\/uploads\/2025\/07\/CNES_logo_pillars-1-1-150x150.jpg\" \/><div><span class=\"nomAuteur\">Le CNES<\/span><\/div>        <\/div>\n            <\/div>\n    [\/vc_column][vc_column width=\u00a0\u00bb1\/2&Prime;][vc_empty_space][vc_single_image image=\u00a0\u00bb14838&Prime; img_size=\u00a0\u00bbmedium\u00a0\u00bb alignment=\u00a0\u00bbcenter\u00a0\u00bb onclick=\u00a0\u00bbcustom_link\u00a0\u00bb img_link_target=\u00a0\u00bb_blank\u00a0\u00bb css=\u00a0\u00bb\u00a0\u00bb]<div class=\"divBtCTA btAlignCenter\"><a href=\"https:\/\/www.protect.airbus.com\/fr\/cybersecurite\/logiciel-fence-ppc\/\"  class=\"button btIndustries\">D\u00e9couvrez plus \u00e0 propos de Fence<\/a><\/div>[\/vc_column][\/vc_row][vc_row][vc_column width=\u00a0\u00bb1\/2&Prime;][vc_single_image image=\u00a0\u00bb34093&Prime; img_size=\u00a0\u00bb400&#215;250&Prime; alignment=\u00a0\u00bbcenter\u00a0\u00bb onclick=\u00a0\u00bbcustom_link\u00a0\u00bb img_link_target=\u00a0\u00bb_blank\u00a0\u00bb css=\u00a0\u00bb\u00a0\u00bb link=\u00a0\u00bbhttps:\/\/cnes.fr\u00a0\u00bb][\/vc_column][vc_column width=\u00a0\u00bb1\/2&Prime;][vc_column_text css=\u00a0\u00bb\u00a0\u00bb h3_couleur=\u00a0\u00bbh3BleuProtect\u00a0\u00bb p_style=\u00a0\u00bbpIntermediaire\u00a0\u00bb]<\/p>\n<h3>T\u00e9moignage client<\/h3>\n<p>Pour les organisations strat\u00e9giques comme le CNES (Centre National d&rsquo;\u00c9tudes Spatiales), la gestion de la cybers\u00e9curit\u00e9 est un enjeu de souverainet\u00e9 et de performance. Avec un parc de 40 syst\u00e8mes d\u2019information critiques, l&rsquo;institution cherchait une solution \u00e0 la fois puissante et accessible pour permettre \u00e0 ses \u00e9quipes de mener des analyses de risques de mani\u00e8re autonome, rapide et efficace.[\/vc_column_text][\/vc_column][\/vc_row][vc_row][vc_column][vc_column_text css=\u00a0\u00bb\u00a0\u00bb h3_couleur=\u00a0\u00bbh3BleuProtect\u00a0\u00bb p_style=\u00a0\u00bbpIntermediaire\u00a0\u00bb]<\/p>\n<h3>Le besoin : une solution intuitive pour un enjeu complexe<\/h3>\n<p>Le d\u00e9fi du CNES \u00e9tait de trouver un outil capable de simplifier les analyses de risques sans sacrifier la rigueur. L\u2019outil devait \u00e9galement \u00eatre facilement adopt\u00e9 par une vingtaine d&rsquo;utilisateurs aux profils vari\u00e9s. L&rsquo;objectif \u00e9tait double : renforcer la posture de cybers\u00e9curit\u00e9 actuelle et pr\u00e9parer la mise en conformit\u00e9 avec les futures r\u00e9glementations, notamment la directive NIS2.[\/vc_column_text][\/vc_column][\/vc_row][vc_row][vc_column width=\u00a0\u00bb1\/2&Prime;][vc_column_text css=\u00a0\u00bb\u00a0\u00bb h3_couleur=\u00a0\u00bbh3BleuProtect\u00a0\u00bb p_style=\u00a0\u00bbpIntermediaire\u00a0\u00bb]<\/p>\n<h3>La solution : Fence, l\u2019outil d\u2019analyse et de gestion des risques de cybers\u00e9curit\u00e9<\/h3>\n<p>La solution Fence d&rsquo;Airbus Protect simplifie l&rsquo;analyse et le suivi des risques de cybers\u00e9curit\u00e9 en s&rsquo;appuyant sur la m\u00e9thodologie EBIOS RM. Flexible, cette application web s&rsquo;installe aussi bien sur les infrastructures qu&rsquo;en mode autonome sur un poste de travail, m\u00eame hors connexion.<\/p>\n<p>Gr\u00e2ce \u00e0 une ergonomie intuitive et une formation d\u00e9di\u00e9e, les \u00e9quipes du CNES ont pu, tr\u00e8s rapidement, prendre la solution en main. Fence leur permet aujourd&rsquo;hui de r\u00e9aliser leurs analyses de risques, de qualifier la sensibilit\u00e9 de leurs syst\u00e8mes et de travailler de mani\u00e8re plus collaborative, tout en b\u00e9n\u00e9ficiant du support client r\u00e9actif d\u2019Airbus Protect.[\/vc_column_text]<div class=\"divBtCTA btAlignCenter\"><a href=\"https:\/\/www.protect.airbus.com\/fr\/a-propos\/formation\/\"  class=\"button btIndustries\">D\u00e9couvrez notre formation en cybers\u00e9curit\u00e9<\/a><\/div>[\/vc_column][vc_column width=\u00a0\u00bb1\/2&Prime;][vc_single_image image=\u00a0\u00bb45974&Prime; img_size=\u00a0\u00bbLARGE\u00a0\u00bb css=\u00a0\u00bb\u00a0\u00bb][\/vc_column][\/vc_row][vc_row][vc_column][vc_column_text css=\u00a0\u00bb\u00a0\u00bb h3_couleur=\u00a0\u00bbh3BleuProtect\u00a0\u00bb p_style=\u00a0\u00bbpIntermediaire\u00a0\u00bb]<\/p>\n<h3>B\u00e9n\u00e9fices : gain de temps, autonomie et vision strat\u00e9gique<\/h3>\n<p>L&rsquo;adoption de Fence a permis au CNES de fluidifier et d&rsquo;acc\u00e9l\u00e9rer ses processus de gestion des risques. La facilit\u00e9 d&rsquo;utilisation, m\u00eame pour les utilisateurs non form\u00e9s, constitue un atout majeur, garantissant une adoption large et une efficacit\u00e9 imm\u00e9diate. Les capacit\u00e9s d&rsquo;\u00e9volution de la solution assurent par ailleurs au CNES de pouvoir adapter l&rsquo;outil \u00e0 ses besoins futurs, notamment pour la conformit\u00e9 \u00e0 NIS2.[\/vc_column_text]<div class=\"divBtCTA btAlignCenter\"><a href=\"https:\/\/www.protect.airbus.com\/fr\/cybersecurite\/fence\/contact\/\"  class=\"button btCybersecurity\">Demandez une d\u00e9mo \u00e0 l&#039;\u00e9quipe Fence<\/a><\/div>[\/vc_column][\/vc_row]<\/p>\n<\/div>","protected":false},"excerpt":{"rendered":"<p>[vc_row][vc_column][vc_column_text css=\u00a0\u00bb\u00a0\u00bb h2_style=\u00a0\u00bbh2Big\u00a0\u00bb h2_couleur=\u00a0\u00bbh2BleuProtect\u00a0\u00bb] Comment le CNES optimise ses analyses de risques avec la solution Fence d&rsquo;Airbus Protect [\/vc_column_text][\/vc_column][\/vc_row][vc_row equal_height=\u00a0\u00bbyes\u00a0\u00bb][vc_column width=\u00a0\u00bb1\/2&Prime;][vc_column_text css=\u00a0\u00bb\u00a0\u00bb h2_style=\u00a0\u00bbh2Big\u00a0\u00bb h2_couleur=\u00a0\u00bbh2BleuProtect\u00a0\u00bb h3_couleur=\u00a0\u00bbh3BleuProtect\u00a0\u00bb] Une efficacit\u00e9 et une simplicit\u00e9 pl\u00e9biscit\u00e9es [\/vc_column_text][\/vc_column][vc_column width=\u00a0\u00bb1\/2&Prime;][vc_empty_space][vc_single_image image=\u00a0\u00bb14838&Prime; img_size=\u00a0\u00bbmedium\u00a0\u00bb alignment=\u00a0\u00bbcenter\u00a0\u00bb onclick=\u00a0\u00bbcustom_link\u00a0\u00bb img_link_target=\u00a0\u00bb_blank\u00a0\u00bb css=\u00a0\u00bb\u00a0\u00bb][\/vc_column][\/vc_row][vc_row][vc_column width=\u00a0\u00bb1\/2&Prime;][vc_single_image image=\u00a0\u00bb34093&Prime; img_size=\u00a0\u00bb400&#215;250&Prime; alignment=\u00a0\u00bbcenter\u00a0\u00bb onclick=\u00a0\u00bbcustom_link\u00a0\u00bb img_link_target=\u00a0\u00bb_blank\u00a0\u00bb css=\u00a0\u00bb\u00a0\u00bb link=\u00a0\u00bbhttps:\/\/cnes.fr\u00a0\u00bb][\/vc_column][vc_column width=\u00a0\u00bb1\/2&Prime;][vc_column_text css=\u00a0\u00bb\u00a0\u00bb h3_couleur=\u00a0\u00bbh3BleuProtect\u00a0\u00bb p_style=\u00a0\u00bbpIntermediaire\u00a0\u00bb] T\u00e9moignage client Pour les [&hellip;]<\/p>\n","protected":false},"author":8,"featured_media":34754,"parent":0,"menu_order":0,"comment_status":"closed","ping_status":"closed","template":"","meta":{"_acf_changed":false,"content-type":"","_relevanssi_hide_post":"","_relevanssi_hide_content":"","_relevanssi_pin_for_all":"","_relevanssi_pin_keywords":"","_relevanssi_unpin_keywords":"","_relevanssi_related_keywords":"","_relevanssi_related_include_ids":"","_relevanssi_related_exclude_ids":"","_relevanssi_related_no_append":"","_relevanssi_related_not_related":"","_relevanssi_related_posts":"","_relevanssi_noindex_reason":"","footnotes":""},"class_list":["post-34721","page","type-page","status-publish","has-post-thumbnail","hentry"],"acf":[],"yoast_head":"<!-- This site is optimized with the Yoast SEO Premium plugin v27.3 (Yoast SEO v27.3) - https:\/\/yoast.com\/product\/yoast-seo-premium-wordpress\/ -->\n<title>T\u00e9moignage client : Analyse de risques du CNES avec l&#039;outil Fence<\/title>\n<meta name=\"description\" content=\"D\u00e9couvrez dans ce t\u00e9moignage client du CNES comment notre solution Fence a am\u00e9lior\u00e9 la gestion des risques et la conformit\u00e9 aux normes.\" \/>\n<meta name=\"robots\" content=\"index, follow, max-snippet:-1, max-image-preview:large, max-video-preview:-1\" \/>\n<link rel=\"canonical\" href=\"https:\/\/www.protect.airbus.com\/fr\/temoignage-client-cnes\/\" \/>\n<meta property=\"og:locale\" content=\"fr_FR\" \/>\n<meta property=\"og:type\" content=\"article\" \/>\n<meta property=\"og:title\" content=\"T\u00e9moignage client \u2013 Le CNES\" \/>\n<meta property=\"og:description\" content=\"D\u00e9couvrez dans ce t\u00e9moignage client du CNES comment notre solution Fence a am\u00e9lior\u00e9 la gestion des risques et la conformit\u00e9 aux normes.\" \/>\n<meta property=\"og:url\" content=\"https:\/\/www.protect.airbus.com\/fr\/temoignage-client-cnes\/\" \/>\n<meta property=\"og:site_name\" content=\"Airbus Protect\" \/>\n<meta property=\"article:modified_time\" content=\"2026-02-12T15:43:54+00:00\" \/>\n<meta property=\"og:image\" content=\"https:\/\/www.protect.airbus.com\/wp-content\/uploads\/2025\/07\/CNES-banner-01-01.jpg\" \/>\n\t<meta property=\"og:image:width\" content=\"1920\" \/>\n\t<meta property=\"og:image:height\" content=\"359\" \/>\n\t<meta property=\"og:image:type\" content=\"image\/jpeg\" \/>\n<meta name=\"twitter:card\" content=\"summary_large_image\" \/>\n<meta name=\"twitter:label1\" content=\"Dur\u00e9e de lecture estim\u00e9e\" \/>\n\t<meta name=\"twitter:data1\" content=\"4 minutes\" \/>\n<script type=\"application\/ld+json\" class=\"yoast-schema-graph\">{\"@context\":\"https:\\\/\\\/schema.org\",\"@graph\":[{\"@type\":\"WebPage\",\"@id\":\"https:\\\/\\\/www.protect.airbus.com\\\/fr\\\/temoignage-client-cnes\\\/\",\"url\":\"https:\\\/\\\/www.protect.airbus.com\\\/fr\\\/temoignage-client-cnes\\\/\",\"name\":\"T\u00e9moignage client : Analyse de risques du CNES avec l'outil Fence\",\"isPartOf\":{\"@id\":\"https:\\\/\\\/www.protect.airbus.com\\\/fr\\\/#website\"},\"primaryImageOfPage\":{\"@id\":\"https:\\\/\\\/www.protect.airbus.com\\\/fr\\\/temoignage-client-cnes\\\/#primaryimage\"},\"image\":{\"@id\":\"https:\\\/\\\/www.protect.airbus.com\\\/fr\\\/temoignage-client-cnes\\\/#primaryimage\"},\"thumbnailUrl\":\"https:\\\/\\\/www.protect.airbus.com\\\/wp-content\\\/uploads\\\/2025\\\/07\\\/CNES-banner-01-01.jpg\",\"datePublished\":\"2025-07-28T09:08:22+00:00\",\"dateModified\":\"2026-02-12T15:43:54+00:00\",\"description\":\"D\u00e9couvrez dans ce t\u00e9moignage client du CNES comment notre solution Fence a am\u00e9lior\u00e9 la gestion des risques et la conformit\u00e9 aux normes.\",\"breadcrumb\":{\"@id\":\"https:\\\/\\\/www.protect.airbus.com\\\/fr\\\/temoignage-client-cnes\\\/#breadcrumb\"},\"inLanguage\":\"fr-FR\",\"potentialAction\":[{\"@type\":\"ReadAction\",\"target\":[\"https:\\\/\\\/www.protect.airbus.com\\\/fr\\\/temoignage-client-cnes\\\/\"]}]},{\"@type\":\"ImageObject\",\"inLanguage\":\"fr-FR\",\"@id\":\"https:\\\/\\\/www.protect.airbus.com\\\/fr\\\/temoignage-client-cnes\\\/#primaryimage\",\"url\":\"https:\\\/\\\/www.protect.airbus.com\\\/wp-content\\\/uploads\\\/2025\\\/07\\\/CNES-banner-01-01.jpg\",\"contentUrl\":\"https:\\\/\\\/www.protect.airbus.com\\\/wp-content\\\/uploads\\\/2025\\\/07\\\/CNES-banner-01-01.jpg\",\"width\":1920,\"height\":359,\"caption\":\"cnes\"},{\"@type\":\"BreadcrumbList\",\"@id\":\"https:\\\/\\\/www.protect.airbus.com\\\/fr\\\/temoignage-client-cnes\\\/#breadcrumb\",\"itemListElement\":[{\"@type\":\"ListItem\",\"position\":1,\"name\":\"Home\",\"item\":\"https:\\\/\\\/www.protect.airbus.com\\\/fr\\\/\"},{\"@type\":\"ListItem\",\"position\":2,\"name\":\"T\u00e9moignage client \u2013 Le CNES\"}]},{\"@type\":\"WebSite\",\"@id\":\"https:\\\/\\\/www.protect.airbus.com\\\/fr\\\/#website\",\"url\":\"https:\\\/\\\/www.protect.airbus.com\\\/fr\\\/\",\"name\":\"Airbus Protect\",\"description\":\"\",\"publisher\":{\"@id\":\"https:\\\/\\\/www.protect.airbus.com\\\/fr\\\/#organization\"},\"potentialAction\":[{\"@type\":\"SearchAction\",\"target\":{\"@type\":\"EntryPoint\",\"urlTemplate\":\"https:\\\/\\\/www.protect.airbus.com\\\/fr\\\/?s={search_term_string}\"},\"query-input\":{\"@type\":\"PropertyValueSpecification\",\"valueRequired\":true,\"valueName\":\"search_term_string\"}}],\"inLanguage\":\"fr-FR\"},{\"@type\":\"Organization\",\"@id\":\"https:\\\/\\\/www.protect.airbus.com\\\/fr\\\/#organization\",\"name\":\"Airbus Protect\",\"url\":\"https:\\\/\\\/www.protect.airbus.com\\\/fr\\\/\",\"logo\":{\"@type\":\"ImageObject\",\"inLanguage\":\"fr-FR\",\"@id\":\"https:\\\/\\\/www.protect.airbus.com\\\/fr\\\/#\\\/schema\\\/logo\\\/image\\\/\",\"url\":\"https:\\\/\\\/www.protect.airbus.com\\\/wp-content\\\/uploads\\\/2023\\\/05\\\/logo-airbus-protect-696-696.png\",\"contentUrl\":\"https:\\\/\\\/www.protect.airbus.com\\\/wp-content\\\/uploads\\\/2023\\\/05\\\/logo-airbus-protect-696-696.png\",\"width\":696,\"height\":696,\"caption\":\"Airbus Protect\"},\"image\":{\"@id\":\"https:\\\/\\\/www.protect.airbus.com\\\/fr\\\/#\\\/schema\\\/logo\\\/image\\\/\"},\"sameAs\":[\"https:\\\/\\\/www.linkedin.com\\\/company\\\/airbus-protect\\\/\",\"https:\\\/\\\/www.youtube.com\\\/@airbusprotect7483\"],\"contactPoint\":{\"@type\":\"ContactPoint\",\"email\":\"protect@airbus.com\",\"contactType\":\"customer service\",\"areaServed\":[\"GB\",\"FR\",\"ES\",\"DE\",\"BE\",\"CH\",\"PT\",\"DK\",\"AT\"],\"availableLanguage\":[\"en\",\"fr\",\"de\"]}}]}<\/script>\n<!-- \/ Yoast SEO Premium plugin. -->","yoast_head_json":{"title":"T\u00e9moignage client : Analyse de risques du CNES avec l'outil Fence","description":"D\u00e9couvrez dans ce t\u00e9moignage client du CNES comment notre solution Fence a am\u00e9lior\u00e9 la gestion des risques et la conformit\u00e9 aux normes.","robots":{"index":"index","follow":"follow","max-snippet":"max-snippet:-1","max-image-preview":"max-image-preview:large","max-video-preview":"max-video-preview:-1"},"canonical":"https:\/\/www.protect.airbus.com\/fr\/temoignage-client-cnes\/","og_locale":"fr_FR","og_type":"article","og_title":"T\u00e9moignage client \u2013 Le CNES","og_description":"D\u00e9couvrez dans ce t\u00e9moignage client du CNES comment notre solution Fence a am\u00e9lior\u00e9 la gestion des risques et la conformit\u00e9 aux normes.","og_url":"https:\/\/www.protect.airbus.com\/fr\/temoignage-client-cnes\/","og_site_name":"Airbus Protect","article_modified_time":"2026-02-12T15:43:54+00:00","og_image":[{"width":1920,"height":359,"url":"https:\/\/www.protect.airbus.com\/wp-content\/uploads\/2025\/07\/CNES-banner-01-01.jpg","type":"image\/jpeg"}],"twitter_card":"summary_large_image","twitter_misc":{"Dur\u00e9e de lecture estim\u00e9e":"4 minutes"},"schema":{"@context":"https:\/\/schema.org","@graph":[{"@type":"WebPage","@id":"https:\/\/www.protect.airbus.com\/fr\/temoignage-client-cnes\/","url":"https:\/\/www.protect.airbus.com\/fr\/temoignage-client-cnes\/","name":"T\u00e9moignage client : Analyse de risques du CNES avec l'outil Fence","isPartOf":{"@id":"https:\/\/www.protect.airbus.com\/fr\/#website"},"primaryImageOfPage":{"@id":"https:\/\/www.protect.airbus.com\/fr\/temoignage-client-cnes\/#primaryimage"},"image":{"@id":"https:\/\/www.protect.airbus.com\/fr\/temoignage-client-cnes\/#primaryimage"},"thumbnailUrl":"https:\/\/www.protect.airbus.com\/wp-content\/uploads\/2025\/07\/CNES-banner-01-01.jpg","datePublished":"2025-07-28T09:08:22+00:00","dateModified":"2026-02-12T15:43:54+00:00","description":"D\u00e9couvrez dans ce t\u00e9moignage client du CNES comment notre solution Fence a am\u00e9lior\u00e9 la gestion des risques et la conformit\u00e9 aux normes.","breadcrumb":{"@id":"https:\/\/www.protect.airbus.com\/fr\/temoignage-client-cnes\/#breadcrumb"},"inLanguage":"fr-FR","potentialAction":[{"@type":"ReadAction","target":["https:\/\/www.protect.airbus.com\/fr\/temoignage-client-cnes\/"]}]},{"@type":"ImageObject","inLanguage":"fr-FR","@id":"https:\/\/www.protect.airbus.com\/fr\/temoignage-client-cnes\/#primaryimage","url":"https:\/\/www.protect.airbus.com\/wp-content\/uploads\/2025\/07\/CNES-banner-01-01.jpg","contentUrl":"https:\/\/www.protect.airbus.com\/wp-content\/uploads\/2025\/07\/CNES-banner-01-01.jpg","width":1920,"height":359,"caption":"cnes"},{"@type":"BreadcrumbList","@id":"https:\/\/www.protect.airbus.com\/fr\/temoignage-client-cnes\/#breadcrumb","itemListElement":[{"@type":"ListItem","position":1,"name":"Home","item":"https:\/\/www.protect.airbus.com\/fr\/"},{"@type":"ListItem","position":2,"name":"T\u00e9moignage client \u2013 Le CNES"}]},{"@type":"WebSite","@id":"https:\/\/www.protect.airbus.com\/fr\/#website","url":"https:\/\/www.protect.airbus.com\/fr\/","name":"Airbus Protect","description":"","publisher":{"@id":"https:\/\/www.protect.airbus.com\/fr\/#organization"},"potentialAction":[{"@type":"SearchAction","target":{"@type":"EntryPoint","urlTemplate":"https:\/\/www.protect.airbus.com\/fr\/?s={search_term_string}"},"query-input":{"@type":"PropertyValueSpecification","valueRequired":true,"valueName":"search_term_string"}}],"inLanguage":"fr-FR"},{"@type":"Organization","@id":"https:\/\/www.protect.airbus.com\/fr\/#organization","name":"Airbus Protect","url":"https:\/\/www.protect.airbus.com\/fr\/","logo":{"@type":"ImageObject","inLanguage":"fr-FR","@id":"https:\/\/www.protect.airbus.com\/fr\/#\/schema\/logo\/image\/","url":"https:\/\/www.protect.airbus.com\/wp-content\/uploads\/2023\/05\/logo-airbus-protect-696-696.png","contentUrl":"https:\/\/www.protect.airbus.com\/wp-content\/uploads\/2023\/05\/logo-airbus-protect-696-696.png","width":696,"height":696,"caption":"Airbus Protect"},"image":{"@id":"https:\/\/www.protect.airbus.com\/fr\/#\/schema\/logo\/image\/"},"sameAs":["https:\/\/www.linkedin.com\/company\/airbus-protect\/","https:\/\/www.youtube.com\/@airbusprotect7483"],"contactPoint":{"@type":"ContactPoint","email":"protect@airbus.com","contactType":"customer service","areaServed":["GB","FR","ES","DE","BE","CH","PT","DK","AT"],"availableLanguage":["en","fr","de"]}}]}},"_links":{"self":[{"href":"https:\/\/www.protect.airbus.com\/fr\/wp-json\/wp\/v2\/pages\/34721","targetHints":{"allow":["GET"]}}],"collection":[{"href":"https:\/\/www.protect.airbus.com\/fr\/wp-json\/wp\/v2\/pages"}],"about":[{"href":"https:\/\/www.protect.airbus.com\/fr\/wp-json\/wp\/v2\/types\/page"}],"author":[{"embeddable":true,"href":"https:\/\/www.protect.airbus.com\/fr\/wp-json\/wp\/v2\/users\/8"}],"replies":[{"embeddable":true,"href":"https:\/\/www.protect.airbus.com\/fr\/wp-json\/wp\/v2\/comments?post=34721"}],"version-history":[{"count":9,"href":"https:\/\/www.protect.airbus.com\/fr\/wp-json\/wp\/v2\/pages\/34721\/revisions"}],"predecessor-version":[{"id":47571,"href":"https:\/\/www.protect.airbus.com\/fr\/wp-json\/wp\/v2\/pages\/34721\/revisions\/47571"}],"wp:featuredmedia":[{"embeddable":true,"href":"https:\/\/www.protect.airbus.com\/fr\/wp-json\/wp\/v2\/media\/34754"}],"wp:attachment":[{"href":"https:\/\/www.protect.airbus.com\/fr\/wp-json\/wp\/v2\/media?parent=34721"}],"curies":[{"name":"wp","href":"https:\/\/api.w.org\/{rel}","templated":true}]}}