{"id":33697,"date":"2025-07-08T11:12:32","date_gmt":"2025-07-08T09:12:32","guid":{"rendered":"https:\/\/www.protect.airbus.com\/customer-success-story-mont-blanc-tunnels-cyber-resilience\/"},"modified":"2026-02-12T16:45:29","modified_gmt":"2026-02-12T15:45:29","slug":"temoignage-client-tunnel-mont-blanc","status":"publish","type":"page","link":"https:\/\/www.protect.airbus.com\/fr\/temoignage-client-tunnel-mont-blanc\/","title":{"rendered":"T\u00e9moignage client : le tunnel du Mont-Blanc"},"content":{"rendered":"<div class=\"wpb-content-wrapper\"><p>[vc_row][vc_column][vc_column_text css=\u00a0\u00bb\u00a0\u00bb h2_style=\u00a0\u00bbh2Big\u00a0\u00bb h2_couleur=\u00a0\u00bbh2BleuProtect\u00a0\u00bb]<\/p>\n<h2><b>Comment le tunnel du Mont-Blanc a am\u00e9lior\u00e9 sa cyber-r\u00e9silience avec le soutien d&rsquo;Airbus Protect : t\u00e9moignage client<\/b><\/h2>\n<p>[\/vc_column_text][\/vc_column][\/vc_row][vc_row][vc_column][vc_column_text css=\u00a0\u00bb\u00a0\u00bb p_style=\u00a0\u00bbpHighlight\u00a0\u00bb]<span style=\"font-weight: 400;\">Les organismes publics responsables des infrastructures critiques transnationales, en particulier dans les domaines de l&rsquo;industrie et des transports, op\u00e8rent dans un environnement particuli\u00e8rement sensible. Ces secteurs s&rsquo;appuient souvent sur des syst\u00e8mes technologiques op\u00e9rationnels (OT) complexes qui sont profond\u00e9ment int\u00e9gr\u00e9s dans les processus physiques, ce qui les rend particuli\u00e8rement vuln\u00e9rables aux cyber perturbations. Alors que la complexit\u00e9 et la fr\u00e9quence des cybermenaces ne cessent d&rsquo;augmenter, le maintien d&rsquo;une cybers\u00e9curit\u00e9 robuste n&rsquo;est pas seulement une exigence technique, mais une n\u00e9cessit\u00e9 strat\u00e9gique.<\/span><\/p>\n<p><span style=\"font-weight: 400;\"> La protection de l&rsquo;int\u00e9grit\u00e9 des syst\u00e8mes op\u00e9rationnels et la garantie de la continuit\u00e9 des services au-del\u00e0 des fronti\u00e8res exigent une vigilance constante. Pour ces organisations, l&rsquo;acc\u00e8s rapide \u00e0 une surveillance experte, \u00e0 une expertise approfondie sp\u00e9cifique \u00e0 l&rsquo;OT et \u00e0 une r\u00e9ponse rapide aux incidents est essentiel pour att\u00e9nuer les risques \u00e9mergents et maintenir la confiance nationale et internationale dans les services critiques.<\/span>[\/vc_column_text][\/vc_column][\/vc_row][vc_row][vc_column]<div class=\"divBtCTA btAlignCenter\"><a href=\"https:\/\/www.protect.airbus.com\/fr\/contact\/\"  class=\"button btIndustries\">Contactez nos experts<\/a><\/div>[\/vc_column][\/vc_row][vc_row][vc_column][vc_column_text css=\u00a0\u00bb\u00a0\u00bb h3_couleur=\u00a0\u00bbh3BleuProtect\u00a0\u00bb p_style=\u00a0\u00bbpIntermediaire\u00a0\u00bb]<\/p>\n<h3>Le Tunnel du Mont Blanc fait confiance \u00e0 Airbus Protect<\/h3>\n<p><span style=\"font-weight: 400;\">Le tunnel du Mont Blanc est un lien transalpin critique entre la France et l&rsquo;Italie, qui a accueilli en 2024 plus de 1,4 million de v\u00e9hicules, dont environ 360 000 poids lourds. Il joue un r\u00f4le strat\u00e9gique dans le transit europ\u00e9en de marchandises, facilitant les flux \u00e9conomiques importants entre le nord et le sud de l&rsquo;Europe. Long de 11,6 km, le tunnel n&rsquo;est pas seulement un lien physique essentiel, mais aussi une infrastructure de grande valeur o\u00f9 la s\u00e9curit\u00e9 et la continuit\u00e9 sont non n\u00e9gociables. Compte tenu de sa structure ferm\u00e9e et de son importance internationale, toute perturbation, qu&rsquo;elle soit technique, environnementale ou cybern\u00e9tique, peut avoir des r\u00e9percussions transfrontali\u00e8res imm\u00e9diates. Il est donc primordial de garantir sa r\u00e9silience pour maintenir la mobilit\u00e9 r\u00e9gionale et europ\u00e9enne.<\/span>[\/vc_column_text][\/vc_column][\/vc_row][vc_row][vc_column width=\u00a0\u00bb1\/2&Prime;][vc_empty_space height=\u00a0\u00bb42px\u00a0\u00bb][vc_single_image image=\u00a0\u00bb33234&Prime; img_size=\u00a0\u00bbmedium\u00a0\u00bb alignment=\u00a0\u00bbcenter\u00a0\u00bb onclick=\u00a0\u00bbcustom_link\u00a0\u00bb img_link_target=\u00a0\u00bb_blank\u00a0\u00bb css=\u00a0\u00bb\u00a0\u00bb link=\u00a0\u00bbhttps:\/\/www.tunnelmb.net\/en-US\u00a0\u00bb][\/vc_column][vc_column width=\u00a0\u00bb1\/2&Prime;][vc_column_text css=\u00a0\u00bb\u00a0\u00bb]<\/p>\n<h3><b>Un partenariat bas\u00e9 sur la confiance<\/b><\/h3>\n<p>[\/vc_column_text]    <div class=\"citation pIntermediaire\">\n        <p>Le Tunnel du Mont Blanc est tr\u00e8s satisfait des services fournis par Airbus Protect, tant en termes d'efficacit\u00e9 que de ponctualit\u00e9. Airbus Protect est consid\u00e9r\u00e9 comme un v\u00e9ritable partenaire, car les propositions partag\u00e9es avec le Tunnel du Mont Blanc nous ont permis de renforcer continuellement notre cybers\u00e9curit\u00e9, dans une perspective d'am\u00e9lioration r\u00e9elle et continue.<\/p>\n                <div class=\"infoAuteur\">\n            <div><span class=\"nomAuteur\">Andrea Colombo,&nbsp;<\/span><span class=\"poste\">Responsable de la s\u00e9curit\u00e9 informatique, Tunnel du Mont Blanc GEIE<\/span><\/div>        <\/div>\n            <\/div>\n    [\/vc_column][\/vc_row][vc_row][vc_column][vc_column_text css=\u00a0\u00bb\u00a0\u00bb h3_couleur=\u00a0\u00bbh3BleuProtect\u00a0\u00bb p_style=\u00a0\u00bbpIntermediaire\u00a0\u00bb]<\/p>\n<h3>Le besoin du tunnel du Mont Blanc: un partenaire de confiance pour r\u00e9pondre \u00e0 des exigences critiques.<\/h3>\n<p>Dans un environnement \u00e0 haut risque o\u00f9 la cybers\u00e9curit\u00e9 joue un r\u00f4le crutial, le tunnel du Mont Blanc recherchait un partenaire de confiance capable de comprendre ses contraintes op\u00e9rationnelles, notamment celles sp\u00e9cifiques aux syst\u00e8mes industriels et OT, de s&rsquo;adapter \u00e0 un environnement IT\/OT hybride complexe et de r\u00e9agir rapidement \u00e0 l&rsquo;\u00e9volution des priorit\u00e9s strat\u00e9giques. La nature critique de ses op\u00e9rations exigeait un partenaire disposant non seulement d&rsquo;une solide expertise technique, mais aussi d&rsquo;une compr\u00e9hension approfondie des risques et des d\u00e9pendances propres aux environnements industriels.<\/p>\n<h3>Notre solution : une approche personnalis\u00e9e<\/h3>\n<p>Airbus Protect a propos\u00e9 une approche sur mesure fond\u00e9e sur une collaboration \u00e9troite, une communication transparente et une expertise sectorielle approfondie, notamment une solide compr\u00e9hension des environnements industriels et OT, qui fait partie int\u00e9grante de l&rsquo;ADN d&rsquo;Airbus. Nos \u00e9quipes sont pleinement int\u00e9gr\u00e9es \u00e0 celles du tunnel du Mont Blanc, ce qui permet une coordination fluide et garantit une grande r\u00e9activit\u00e9. Cette proximit\u00e9 nous permet d&rsquo;anticiper les d\u00e9fis et d&rsquo;apporter un soutien \u00e0 la fois proactif et r\u00e9actif, adapt\u00e9 aux besoins et au contexte du tunnel du Mont-Blanc.<\/p>\n<h3>Les b\u00e9n\u00e9fices : renforcer la cyber-r\u00e9silience et la continuit\u00e9 des activit\u00e9s<\/h3>\n<p>Cette collaboration a consid\u00e9rablement renforc\u00e9 la posture de cybers\u00e9curit\u00e9 du tunnel du Mont Blanc dans les environnements informatiques et op\u00e9rationnels, gr\u00e2ce \u00e0 un partenariat \u00e0 long terme bas\u00e9 sur la confiance. Les scores de satisfaction toujours \u00e9lev\u00e9s, notamment en mati\u00e8re de r\u00e9activit\u00e9 et de compr\u00e9hension des enjeux strat\u00e9giques, refl\u00e8tent la solidit\u00e9 de cette relation. En rejoignant notre programme de r\u00e9f\u00e9rence, le tunnel du Mont-Blanc a reconnu la valeur strat\u00e9gique de ce partenariat et a exprim\u00e9 son intention de continuer \u00e0 d\u00e9velopper cette collaboration de confiance.[\/vc_column_text][\/vc_column][\/vc_row][vc_row][vc_column][vc_column_text css=\u00a0\u00bb\u00a0\u00bb h2_style=\u00a0\u00bbh2Big\u00a0\u00bb h2_couleur=\u00a0\u00bbh2BleuProtect\u00a0\u00bb]<\/p>\n<div class=\"wpb_text_column wpb_content_element pHighlight h2 h3\">\n<div class=\"wpb_wrapper\">\n<div class=\"wpb_text_column wpb_content_element pHighlight h2 h3\">\n<div class=\"wpb_wrapper\">\n<h2>Vous souhaitez obtenir plus d&rsquo;informations sur le renforcement de la cyber-r\u00e9silience de vos activit\u00e9s ?<\/h2>\n<\/div>\n<\/div>\n<\/div>\n<\/div>\n<div class=\"wpb_raw_code wpb_raw_html wpb_content_element\">\n<div class=\"wpb_wrapper\"><\/div>\n<\/div>\n<p>[\/vc_column_text][\/vc_column][\/vc_row][vc_row][vc_column]<div class=\"divBtCTA btAlignCenter\"><a href=\"https:\/\/www.protect.airbus.com\/fr\/cybersecurite\/cyber-resilience\/\"  class=\"button btIndustries\">D\u00e9couvrez nos services en cyber resilience<\/a><\/div>[\/vc_column][\/vc_row]<\/p>\n<\/div>","protected":false},"excerpt":{"rendered":"<p>[vc_row][vc_column][vc_column_text css=\u00a0\u00bb\u00a0\u00bb h2_style=\u00a0\u00bbh2Big\u00a0\u00bb h2_couleur=\u00a0\u00bbh2BleuProtect\u00a0\u00bb] Comment le tunnel du Mont-Blanc a am\u00e9lior\u00e9 sa cyber-r\u00e9silience avec le soutien d&rsquo;Airbus Protect : t\u00e9moignage client [\/vc_column_text][\/vc_column][\/vc_row][vc_row][vc_column][vc_column_text css=\u00a0\u00bb\u00a0\u00bb p_style=\u00a0\u00bbpHighlight\u00a0\u00bb]Les organismes publics responsables des infrastructures critiques transnationales, en particulier dans les domaines de l&rsquo;industrie et des transports, op\u00e8rent dans un environnement particuli\u00e8rement sensible. Ces secteurs s&rsquo;appuient souvent sur des syst\u00e8mes technologiques [&hellip;]<\/p>\n","protected":false},"author":8,"featured_media":33231,"parent":0,"menu_order":0,"comment_status":"closed","ping_status":"closed","template":"","meta":{"_acf_changed":false,"content-type":"","_relevanssi_hide_post":"","_relevanssi_hide_content":"","_relevanssi_pin_for_all":"","_relevanssi_pin_keywords":"","_relevanssi_unpin_keywords":"","_relevanssi_related_keywords":"","_relevanssi_related_include_ids":"","_relevanssi_related_exclude_ids":"","_relevanssi_related_no_append":"","_relevanssi_related_not_related":"","_relevanssi_related_posts":"","_relevanssi_noindex_reason":"","footnotes":""},"class_list":["post-33697","page","type-page","status-publish","has-post-thumbnail","hentry"],"acf":[],"yoast_head":"<!-- This site is optimized with the Yoast SEO Premium plugin v27.3 (Yoast SEO v27.3) - https:\/\/yoast.com\/product\/yoast-seo-premium-wordpress\/ -->\n<title>T\u00e9moignage client : La Cyber Resilience du Tunnel du Mont Blanc<\/title>\n<meta name=\"description\" content=\"D\u00e9couvrez le t\u00e9moignage client qui met en avant les strat\u00e9gies essentielles en Cyber Resilience pour les organisations du secteur public et les syst\u00e8mes OT.\" \/>\n<meta name=\"robots\" content=\"index, follow, max-snippet:-1, max-image-preview:large, max-video-preview:-1\" \/>\n<link rel=\"canonical\" href=\"https:\/\/www.protect.airbus.com\/fr\/temoignage-client-tunnel-mont-blanc\/\" \/>\n<meta property=\"og:locale\" content=\"fr_FR\" \/>\n<meta property=\"og:type\" content=\"article\" \/>\n<meta property=\"og:title\" content=\"T\u00e9moignage client : le tunnel du Mont-Blanc\" \/>\n<meta property=\"og:description\" content=\"D\u00e9couvrez le t\u00e9moignage client qui met en avant les strat\u00e9gies essentielles en Cyber Resilience pour les organisations du secteur public et les syst\u00e8mes OT.\" \/>\n<meta property=\"og:url\" content=\"https:\/\/www.protect.airbus.com\/fr\/temoignage-client-tunnel-mont-blanc\/\" \/>\n<meta property=\"og:site_name\" content=\"Airbus Protect\" \/>\n<meta property=\"article:modified_time\" content=\"2026-02-12T15:45:29+00:00\" \/>\n<meta property=\"og:image\" content=\"https:\/\/www.protect.airbus.com\/wp-content\/uploads\/2025\/07\/AdobeStock_1230147432-scaled.jpeg\" \/>\n\t<meta property=\"og:image:width\" content=\"2560\" \/>\n\t<meta property=\"og:image:height\" content=\"1435\" \/>\n\t<meta property=\"og:image:type\" content=\"image\/jpeg\" \/>\n<meta name=\"twitter:card\" content=\"summary_large_image\" \/>\n<meta name=\"twitter:label1\" content=\"Dur\u00e9e de lecture estim\u00e9e\" \/>\n\t<meta name=\"twitter:data1\" content=\"4 minutes\" \/>\n<script type=\"application\/ld+json\" class=\"yoast-schema-graph\">{\"@context\":\"https:\\\/\\\/schema.org\",\"@graph\":[{\"@type\":\"WebPage\",\"@id\":\"https:\\\/\\\/www.protect.airbus.com\\\/fr\\\/temoignage-client-tunnel-mont-blanc\\\/\",\"url\":\"https:\\\/\\\/www.protect.airbus.com\\\/fr\\\/temoignage-client-tunnel-mont-blanc\\\/\",\"name\":\"T\u00e9moignage client : La Cyber Resilience du Tunnel du Mont Blanc\",\"isPartOf\":{\"@id\":\"https:\\\/\\\/www.protect.airbus.com\\\/fr\\\/#website\"},\"primaryImageOfPage\":{\"@id\":\"https:\\\/\\\/www.protect.airbus.com\\\/fr\\\/temoignage-client-tunnel-mont-blanc\\\/#primaryimage\"},\"image\":{\"@id\":\"https:\\\/\\\/www.protect.airbus.com\\\/fr\\\/temoignage-client-tunnel-mont-blanc\\\/#primaryimage\"},\"thumbnailUrl\":\"https:\\\/\\\/www.protect.airbus.com\\\/wp-content\\\/uploads\\\/2025\\\/07\\\/AdobeStock_1230147432-scaled.jpeg\",\"datePublished\":\"2025-07-08T09:12:32+00:00\",\"dateModified\":\"2026-02-12T15:45:29+00:00\",\"description\":\"D\u00e9couvrez le t\u00e9moignage client qui met en avant les strat\u00e9gies essentielles en Cyber Resilience pour les organisations du secteur public et les syst\u00e8mes OT.\",\"breadcrumb\":{\"@id\":\"https:\\\/\\\/www.protect.airbus.com\\\/fr\\\/temoignage-client-tunnel-mont-blanc\\\/#breadcrumb\"},\"inLanguage\":\"fr-FR\",\"potentialAction\":[{\"@type\":\"ReadAction\",\"target\":[\"https:\\\/\\\/www.protect.airbus.com\\\/fr\\\/temoignage-client-tunnel-mont-blanc\\\/\"]}]},{\"@type\":\"ImageObject\",\"inLanguage\":\"fr-FR\",\"@id\":\"https:\\\/\\\/www.protect.airbus.com\\\/fr\\\/temoignage-client-tunnel-mont-blanc\\\/#primaryimage\",\"url\":\"https:\\\/\\\/www.protect.airbus.com\\\/wp-content\\\/uploads\\\/2025\\\/07\\\/AdobeStock_1230147432-scaled.jpeg\",\"contentUrl\":\"https:\\\/\\\/www.protect.airbus.com\\\/wp-content\\\/uploads\\\/2025\\\/07\\\/AdobeStock_1230147432-scaled.jpeg\",\"width\":2560,\"height\":1435,\"caption\":\"Futuristic digital tunnel with motion blur and binary code. Concept of fast data transfer and advanced technology.\"},{\"@type\":\"BreadcrumbList\",\"@id\":\"https:\\\/\\\/www.protect.airbus.com\\\/fr\\\/temoignage-client-tunnel-mont-blanc\\\/#breadcrumb\",\"itemListElement\":[{\"@type\":\"ListItem\",\"position\":1,\"name\":\"Home\",\"item\":\"https:\\\/\\\/www.protect.airbus.com\\\/fr\\\/\"},{\"@type\":\"ListItem\",\"position\":2,\"name\":\"T\u00e9moignage client : le tunnel du Mont-Blanc\"}]},{\"@type\":\"WebSite\",\"@id\":\"https:\\\/\\\/www.protect.airbus.com\\\/fr\\\/#website\",\"url\":\"https:\\\/\\\/www.protect.airbus.com\\\/fr\\\/\",\"name\":\"Airbus Protect\",\"description\":\"\",\"publisher\":{\"@id\":\"https:\\\/\\\/www.protect.airbus.com\\\/fr\\\/#organization\"},\"potentialAction\":[{\"@type\":\"SearchAction\",\"target\":{\"@type\":\"EntryPoint\",\"urlTemplate\":\"https:\\\/\\\/www.protect.airbus.com\\\/fr\\\/?s={search_term_string}\"},\"query-input\":{\"@type\":\"PropertyValueSpecification\",\"valueRequired\":true,\"valueName\":\"search_term_string\"}}],\"inLanguage\":\"fr-FR\"},{\"@type\":\"Organization\",\"@id\":\"https:\\\/\\\/www.protect.airbus.com\\\/fr\\\/#organization\",\"name\":\"Airbus Protect\",\"url\":\"https:\\\/\\\/www.protect.airbus.com\\\/fr\\\/\",\"logo\":{\"@type\":\"ImageObject\",\"inLanguage\":\"fr-FR\",\"@id\":\"https:\\\/\\\/www.protect.airbus.com\\\/fr\\\/#\\\/schema\\\/logo\\\/image\\\/\",\"url\":\"https:\\\/\\\/www.protect.airbus.com\\\/wp-content\\\/uploads\\\/2023\\\/05\\\/logo-airbus-protect-696-696.png\",\"contentUrl\":\"https:\\\/\\\/www.protect.airbus.com\\\/wp-content\\\/uploads\\\/2023\\\/05\\\/logo-airbus-protect-696-696.png\",\"width\":696,\"height\":696,\"caption\":\"Airbus Protect\"},\"image\":{\"@id\":\"https:\\\/\\\/www.protect.airbus.com\\\/fr\\\/#\\\/schema\\\/logo\\\/image\\\/\"},\"sameAs\":[\"https:\\\/\\\/www.linkedin.com\\\/company\\\/airbus-protect\\\/\",\"https:\\\/\\\/www.youtube.com\\\/@airbusprotect7483\"],\"contactPoint\":{\"@type\":\"ContactPoint\",\"email\":\"protect@airbus.com\",\"contactType\":\"customer service\",\"areaServed\":[\"GB\",\"FR\",\"ES\",\"DE\",\"BE\",\"CH\",\"PT\",\"DK\",\"AT\"],\"availableLanguage\":[\"en\",\"fr\",\"de\"]}}]}<\/script>\n<!-- \/ Yoast SEO Premium plugin. -->","yoast_head_json":{"title":"T\u00e9moignage client : La Cyber Resilience du Tunnel du Mont Blanc","description":"D\u00e9couvrez le t\u00e9moignage client qui met en avant les strat\u00e9gies essentielles en Cyber Resilience pour les organisations du secteur public et les syst\u00e8mes OT.","robots":{"index":"index","follow":"follow","max-snippet":"max-snippet:-1","max-image-preview":"max-image-preview:large","max-video-preview":"max-video-preview:-1"},"canonical":"https:\/\/www.protect.airbus.com\/fr\/temoignage-client-tunnel-mont-blanc\/","og_locale":"fr_FR","og_type":"article","og_title":"T\u00e9moignage client : le tunnel du Mont-Blanc","og_description":"D\u00e9couvrez le t\u00e9moignage client qui met en avant les strat\u00e9gies essentielles en Cyber Resilience pour les organisations du secteur public et les syst\u00e8mes OT.","og_url":"https:\/\/www.protect.airbus.com\/fr\/temoignage-client-tunnel-mont-blanc\/","og_site_name":"Airbus Protect","article_modified_time":"2026-02-12T15:45:29+00:00","og_image":[{"width":2560,"height":1435,"url":"https:\/\/www.protect.airbus.com\/wp-content\/uploads\/2025\/07\/AdobeStock_1230147432-scaled.jpeg","type":"image\/jpeg"}],"twitter_card":"summary_large_image","twitter_misc":{"Dur\u00e9e de lecture estim\u00e9e":"4 minutes"},"schema":{"@context":"https:\/\/schema.org","@graph":[{"@type":"WebPage","@id":"https:\/\/www.protect.airbus.com\/fr\/temoignage-client-tunnel-mont-blanc\/","url":"https:\/\/www.protect.airbus.com\/fr\/temoignage-client-tunnel-mont-blanc\/","name":"T\u00e9moignage client : La Cyber Resilience du Tunnel du Mont Blanc","isPartOf":{"@id":"https:\/\/www.protect.airbus.com\/fr\/#website"},"primaryImageOfPage":{"@id":"https:\/\/www.protect.airbus.com\/fr\/temoignage-client-tunnel-mont-blanc\/#primaryimage"},"image":{"@id":"https:\/\/www.protect.airbus.com\/fr\/temoignage-client-tunnel-mont-blanc\/#primaryimage"},"thumbnailUrl":"https:\/\/www.protect.airbus.com\/wp-content\/uploads\/2025\/07\/AdobeStock_1230147432-scaled.jpeg","datePublished":"2025-07-08T09:12:32+00:00","dateModified":"2026-02-12T15:45:29+00:00","description":"D\u00e9couvrez le t\u00e9moignage client qui met en avant les strat\u00e9gies essentielles en Cyber Resilience pour les organisations du secteur public et les syst\u00e8mes OT.","breadcrumb":{"@id":"https:\/\/www.protect.airbus.com\/fr\/temoignage-client-tunnel-mont-blanc\/#breadcrumb"},"inLanguage":"fr-FR","potentialAction":[{"@type":"ReadAction","target":["https:\/\/www.protect.airbus.com\/fr\/temoignage-client-tunnel-mont-blanc\/"]}]},{"@type":"ImageObject","inLanguage":"fr-FR","@id":"https:\/\/www.protect.airbus.com\/fr\/temoignage-client-tunnel-mont-blanc\/#primaryimage","url":"https:\/\/www.protect.airbus.com\/wp-content\/uploads\/2025\/07\/AdobeStock_1230147432-scaled.jpeg","contentUrl":"https:\/\/www.protect.airbus.com\/wp-content\/uploads\/2025\/07\/AdobeStock_1230147432-scaled.jpeg","width":2560,"height":1435,"caption":"Futuristic digital tunnel with motion blur and binary code. Concept of fast data transfer and advanced technology."},{"@type":"BreadcrumbList","@id":"https:\/\/www.protect.airbus.com\/fr\/temoignage-client-tunnel-mont-blanc\/#breadcrumb","itemListElement":[{"@type":"ListItem","position":1,"name":"Home","item":"https:\/\/www.protect.airbus.com\/fr\/"},{"@type":"ListItem","position":2,"name":"T\u00e9moignage client : le tunnel du Mont-Blanc"}]},{"@type":"WebSite","@id":"https:\/\/www.protect.airbus.com\/fr\/#website","url":"https:\/\/www.protect.airbus.com\/fr\/","name":"Airbus Protect","description":"","publisher":{"@id":"https:\/\/www.protect.airbus.com\/fr\/#organization"},"potentialAction":[{"@type":"SearchAction","target":{"@type":"EntryPoint","urlTemplate":"https:\/\/www.protect.airbus.com\/fr\/?s={search_term_string}"},"query-input":{"@type":"PropertyValueSpecification","valueRequired":true,"valueName":"search_term_string"}}],"inLanguage":"fr-FR"},{"@type":"Organization","@id":"https:\/\/www.protect.airbus.com\/fr\/#organization","name":"Airbus Protect","url":"https:\/\/www.protect.airbus.com\/fr\/","logo":{"@type":"ImageObject","inLanguage":"fr-FR","@id":"https:\/\/www.protect.airbus.com\/fr\/#\/schema\/logo\/image\/","url":"https:\/\/www.protect.airbus.com\/wp-content\/uploads\/2023\/05\/logo-airbus-protect-696-696.png","contentUrl":"https:\/\/www.protect.airbus.com\/wp-content\/uploads\/2023\/05\/logo-airbus-protect-696-696.png","width":696,"height":696,"caption":"Airbus Protect"},"image":{"@id":"https:\/\/www.protect.airbus.com\/fr\/#\/schema\/logo\/image\/"},"sameAs":["https:\/\/www.linkedin.com\/company\/airbus-protect\/","https:\/\/www.youtube.com\/@airbusprotect7483"],"contactPoint":{"@type":"ContactPoint","email":"protect@airbus.com","contactType":"customer service","areaServed":["GB","FR","ES","DE","BE","CH","PT","DK","AT"],"availableLanguage":["en","fr","de"]}}]}},"_links":{"self":[{"href":"https:\/\/www.protect.airbus.com\/fr\/wp-json\/wp\/v2\/pages\/33697","targetHints":{"allow":["GET"]}}],"collection":[{"href":"https:\/\/www.protect.airbus.com\/fr\/wp-json\/wp\/v2\/pages"}],"about":[{"href":"https:\/\/www.protect.airbus.com\/fr\/wp-json\/wp\/v2\/types\/page"}],"author":[{"embeddable":true,"href":"https:\/\/www.protect.airbus.com\/fr\/wp-json\/wp\/v2\/users\/8"}],"replies":[{"embeddable":true,"href":"https:\/\/www.protect.airbus.com\/fr\/wp-json\/wp\/v2\/comments?post=33697"}],"version-history":[{"count":8,"href":"https:\/\/www.protect.airbus.com\/fr\/wp-json\/wp\/v2\/pages\/33697\/revisions"}],"predecessor-version":[{"id":47573,"href":"https:\/\/www.protect.airbus.com\/fr\/wp-json\/wp\/v2\/pages\/33697\/revisions\/47573"}],"wp:featuredmedia":[{"embeddable":true,"href":"https:\/\/www.protect.airbus.com\/fr\/wp-json\/wp\/v2\/media\/33231"}],"wp:attachment":[{"href":"https:\/\/www.protect.airbus.com\/fr\/wp-json\/wp\/v2\/media?parent=33697"}],"curies":[{"name":"wp","href":"https:\/\/api.w.org\/{rel}","templated":true}]}}