{"id":29771,"date":"2022-06-30T15:39:01","date_gmt":"2022-06-30T13:39:01","guid":{"rendered":"https:\/\/www.protect.airbus.com\/legal-notice\/"},"modified":"2025-05-23T15:31:39","modified_gmt":"2025-05-23T13:31:39","slug":"mentions-legales","status":"publish","type":"page","link":"https:\/\/www.protect.airbus.com\/fr\/mentions-legales\/","title":{"rendered":"Mentions l\u00e9gales"},"content":{"rendered":"<div class=\"wpb-content-wrapper\"><p>[vc_row][vc_column][vc_column_text css=\u00a0\u00bb\u00a0\u00bb p_style=\u00a0\u00bbpHighlight\u00a0\u00bb]<\/p>\r\n<h2 class=\"wp-block-heading\">\u00c9diteur du site<\/h2>\r\n<p><strong>AIRBUS PROTECT<\/strong><\/p>\r\n<p>36 rue Raymond Grimaud<br \/>31700 BLAGNAC &#8211; France<br \/>Siret : 33225298000104<\/p>\r\n<p><strong>Directeur de la publication : Thierry RACAUD<\/strong><\/p>\r\n\r\n<p>&nbsp;<\/p>\r\n\r\n<h2 class=\"wp-block-heading\">H\u00e9bergement<\/h2>\r\n<p><strong>3W DEVELOPPEMENT<\/strong><\/p>\r\n<p>SASU, capital de 5 000<br \/>RCS TOULON B 803 406 511 00029<br \/>Code APE : 620Z<br \/>Num\u00e9ro de TVA : FR 17 803 406 511<br \/>Si\u00e8ge social : 1047 Avenue de la r\u00e9sistance, Bat E \u2013 83000 Toulon \u2013 France.<\/p>\r\n\r\n<p>&nbsp;<\/p>\r\n\r\n<h2 class=\"wp-block-heading\"><strong>Concept \/ Direction artistique<\/strong><\/h2>\r\n\r\n<p><strong>Pavillon noir<br \/><\/strong>67 all\u00e9es Jean Jaur\u00e8s<br \/>31000 Toulouse<\/p>\r\n\r\n<p>&nbsp;<\/p>\r\n\r\n<h2 class=\"wp-block-heading\"><strong>D\u00e9veloppement<\/strong><\/h2>\r\n\r\n<p><strong>3W DEVELOPPEMENT<br \/><\/strong>1047 avenue de la R\u00e9sistance, Bat E<br \/>83000 TOULON<\/p>\r\n\r\n<p>&nbsp;<\/p>\r\n\r\n<h2 class=\"wp-block-heading\"><strong>General Terms of Use<\/strong><\/h2>\r\n\r\n<p>En utilisant notre site web www.protect.airbus.com, vous acceptez pleinement et sans r\u00e9serve les conditions g\u00e9n\u00e9rales d&rsquo;utilisation pr\u00e9cis\u00e9es dans nos mentions l\u00e9gales. AIRBUS PROTECT s&rsquo;efforce d&rsquo;assurer l&rsquo;accessibilit\u00e9 de son site 24 heures sur 24 et 7 jours sur 7, mais ne saurait \u00eatre tenue responsable en cas d&rsquo;indisponibilit\u00e9 du site. Conform\u00e9ment \u00e0 sa politique de communication, le site www.protect.airbus.com a pour objectif d&rsquo;informer les utilisateurs sur les services propos\u00e9s par AIRBUS PROTECT, qui s&rsquo;efforce de fournir des informations pr\u00e9cises sur son activit\u00e9. Toutefois, des inexactitudes ou des omissions peuvent exister : la soci\u00e9t\u00e9 ne peut en aucun cas \u00eatre tenue responsable des erreurs pr\u00e9sentes sur le site www.protect.airbus.com.<\/p>\r\n<!-- \/wp:post-content -->\r\n<p>&nbsp;<\/p>\r\n<!-- wp:heading -->\r\n<h2><b>Limitations contractuelles<\/b><\/h2>\r\n<!-- \/wp:heading -->\r\n<p>Les informations transcrites sur notre site www.protect.airbus.com font l&rsquo;objet de d\u00e9marches qualitatives visant \u00e0 garantir leur fiabilit\u00e9. Toutefois, nous ne pouvons \u00eatre tenus responsables des inexactitudes techniques dans nos explications. Si vous constatez une erreur concernant des informations que nous aurions omises, n&rsquo;h\u00e9sitez pas \u00e0 nous en faire part par e-mail \u00e0 l&rsquo;adresse airbus-protect-legal@airbus.com. Les liens renvoyant directement ou indirectement \u00e0 notre site web www.protect.airbus.com ne sont pas sous le contr\u00f4le de notre soci\u00e9t\u00e9. Nous ne pouvons donc pas v\u00e9rifier l&rsquo;exactitude des informations contenues sur ces autres sites web.<\/p>\r\n<!-- \/wp:paragraph -->\r\n<p>&nbsp;<\/p>\r\n<!-- wp:heading -->\r\n<h2>Propri\u00e9t\u00e9 intellectuelle et contenu du site web<\/h2>\r\n<!-- \/wp:heading -->\r\n<p>Le contenu \u00e9ditorial du site web www.protect.airbus.com appartient exclusivement \u00e0 AIRBUS PROTECT. Toute repr\u00e9sentation totale ou partielle de ce site par quelque proc\u00e9d\u00e9 que ce soit sans l&rsquo;autorisation expresse d&rsquo;AIRBUS PROTECT est interdite et constituerait une contrefa\u00e7on sanctionn\u00e9e par les articles L.335-2 et suivants du Code de la propri\u00e9t\u00e9 intellectuelle. Il en va de m\u00eame pour les bases de donn\u00e9es figurant sur ce site, qui sont prot\u00e9g\u00e9es par les dispositions de la loi du 1er juillet 1998 relative \u00e0 la protection juridique des bases de donn\u00e9es. Le site www.protect.airbus.com ne peut \u00eatre tenu responsable des propos injurieux, racistes, diffamatoires ou pornographiques \u00e9chang\u00e9s sur ses espaces interactifs. La soci\u00e9t\u00e9 se r\u00e9serve \u00e9galement le droit de supprimer tout contenu contraire aux valeurs de la soci\u00e9t\u00e9 ou \u00e0 la l\u00e9gislation applicable en France. En parcourant le site www.protect.airbus.com, l&rsquo;utilisateur accepte l&rsquo;installation \u00e9ventuelle de cookies sur son ordinateur. Les photographies, dessins et documents figurant sur ce site sont des documents purement prospectifs, qui n&rsquo;ont pas de caract\u00e8re d\u00e9finitif et ne peuvent donc avoir aucune valeur contractuelle et ne peuvent \u00eatre invoqu\u00e9s par un acheteur potentiel, celui-ci ne pouvant se pr\u00e9valoir que des dispositions de son acte et des documents qui y sont annex\u00e9s.<\/p>\r\n<!-- \/wp:paragraph -->\r\n<p>&nbsp;<\/p>\r\n<!-- wp:heading -->\r\n<h2>Donn\u00e9es personnelles, respect de la vie priv\u00e9e et de vos libert\u00e9s<\/h2>\r\n<!-- \/wp:heading -->\r\n<p>Conform\u00e9ment aux dispositions de la loi du 6 janvier 1978 relative \u00e0 l&rsquo;informatique, aux fichiers et aux libert\u00e9s, le traitement automatis\u00e9 des donn\u00e9es \u00e0 caract\u00e8re personnel effectu\u00e9 sur le site www.protect.airbus.com a fait l&rsquo;objet d&rsquo;une d\u00e9claration aupr\u00e8s de la Commission nationale de l&rsquo;informatique et des libert\u00e9s (CNIL).<br \/>AIRBUS PROTECT s&rsquo;engage \u00e0 ne divulguer de quelque mani\u00e8re que ce soit les informations concernant les utilisateurs du site web (vente, \u00e9change, pr\u00eat, location, donation). Conform\u00e9ment \u00e0 la loi fran\u00e7aise \u00ab Informatique et Libert\u00e9s \u00bb du 6 janvier 1978, modifi\u00e9e en 2004, les utilisateurs disposent d&rsquo;un droit d&rsquo;acc\u00e8s et de rectification des informations les concernant, qu&rsquo;ils peuvent exercer \u00e0 tout moment en envoyant un e-mail \u00e0 airbus-protect-legal@airbus.com ou par courrier postal \u00e0 l&rsquo;adresse suivante : ZAC du Grand Noble \u2013 37, avenue Escadrille Normandie Niemen \u2013 31700 BLAGNAC \u2013 France.<\/p>\r\n<!-- \/wp:paragraph -->\r\n<p>&nbsp;<\/p>\r\n<!-- wp:heading -->\r\n<h2>Droit applicable et droit substantiel<\/h2>\r\n<!-- \/wp:heading -->\r\n<p>Le site web www.protect.airbus.com est soumis \u00e0 la loi fran\u00e7aise et r\u00e9gi par la loi n\u00b0 2004-2005 du 21 juin 2004 sur la confiance dans l&rsquo;\u00e9conomie num\u00e9rique, l&rsquo;article L.335-2 du Code de la propri\u00e9t\u00e9 intellectuelle et la loi \u00ab Informatique et Libert\u00e9s \u00bb du 6 janvier 1978 modifi\u00e9e en 2004.<\/p>\r\n<!-- \/wp:paragraph -->\r\n<p>&nbsp;<\/p>\r\n<p>[\/vc_column_text][\/vc_column][\/vc_row]<\/p><\/div>","protected":false},"excerpt":{"rendered":"<p>[vc_row][vc_column][vc_column_text css=\u00a0\u00bb\u00a0\u00bb p_style=\u00a0\u00bbpHighlight\u00a0\u00bb] \u00c9diteur du site AIRBUS PROTECT 36 rue Raymond Grimaud31700 BLAGNAC &#8211; FranceSiret : 33225298000104 Directeur de la publication : Thierry RACAUD &nbsp; H\u00e9bergement 3W DEVELOPPEMENT SASU, capital de 5 000RCS TOULON B 803 406 511 00029Code APE : 620ZNum\u00e9ro de TVA : FR 17 803 406 511Si\u00e8ge social : 1047 Avenue de [&hellip;]<\/p>\n","protected":false},"author":1,"featured_media":0,"parent":0,"menu_order":0,"comment_status":"closed","ping_status":"closed","template":"","meta":{"_acf_changed":false,"content-type":"","_relevanssi_hide_post":"","_relevanssi_hide_content":"","_relevanssi_pin_for_all":"","_relevanssi_pin_keywords":"","_relevanssi_unpin_keywords":"","_relevanssi_related_keywords":"","_relevanssi_related_include_ids":"","_relevanssi_related_exclude_ids":"","_relevanssi_related_no_append":"","_relevanssi_related_not_related":"","_relevanssi_related_posts":"","_relevanssi_noindex_reason":"","footnotes":""},"class_list":["post-29771","page","type-page","status-publish","hentry"],"acf":[],"yoast_head":"<!-- This site is optimized with the Yoast SEO Premium plugin v27.3 (Yoast SEO v27.3) - https:\/\/yoast.com\/product\/yoast-seo-premium-wordpress\/ -->\n<title>Mentions l\u00e9gales - Airbus Protect<\/title>\n<meta name=\"robots\" content=\"index, nofollow, max-snippet:-1, max-image-preview:large, max-video-preview:-1\" \/>\n<link rel=\"canonical\" href=\"https:\/\/www.protect.airbus.com\/fr\/mentions-legales\/\" \/>\n<meta property=\"og:locale\" content=\"fr_FR\" \/>\n<meta property=\"og:type\" content=\"article\" \/>\n<meta property=\"og:title\" content=\"Mentions l\u00e9gales\" \/>\n<meta property=\"og:description\" content=\"[vc_row][vc_column][vc_column_text css=\u00a0\u00bb\u00a0\u00bb p_style=\u00a0\u00bbpHighlight\u00a0\u00bb] \u00c9diteur du site AIRBUS PROTECT 36 rue Raymond Grimaud31700 BLAGNAC &#8211; FranceSiret : 33225298000104 Directeur de la publication : Thierry RACAUD &nbsp; H\u00e9bergement 3W DEVELOPPEMENT SASU, capital de 5 000RCS TOULON B 803 406 511 00029Code APE : 620ZNum\u00e9ro de TVA : FR 17 803 406 511Si\u00e8ge social : 1047 Avenue de [&hellip;]\" \/>\n<meta property=\"og:url\" content=\"https:\/\/www.protect.airbus.com\/fr\/mentions-legales\/\" \/>\n<meta property=\"og:site_name\" content=\"Airbus Protect\" \/>\n<meta property=\"article:modified_time\" content=\"2025-05-23T13:31:39+00:00\" \/>\n<meta name=\"twitter:card\" content=\"summary_large_image\" \/>\n<meta name=\"twitter:label1\" content=\"Dur\u00e9e de lecture estim\u00e9e\" \/>\n\t<meta name=\"twitter:data1\" content=\"4 minutes\" \/>\n<script type=\"application\/ld+json\" class=\"yoast-schema-graph\">{\"@context\":\"https:\\\/\\\/schema.org\",\"@graph\":[{\"@type\":\"WebPage\",\"@id\":\"https:\\\/\\\/www.protect.airbus.com\\\/fr\\\/mentions-legales\\\/\",\"url\":\"https:\\\/\\\/www.protect.airbus.com\\\/fr\\\/mentions-legales\\\/\",\"name\":\"Mentions l\u00e9gales - Airbus Protect\",\"isPartOf\":{\"@id\":\"https:\\\/\\\/www.protect.airbus.com\\\/fr\\\/#website\"},\"datePublished\":\"2022-06-30T13:39:01+00:00\",\"dateModified\":\"2025-05-23T13:31:39+00:00\",\"breadcrumb\":{\"@id\":\"https:\\\/\\\/www.protect.airbus.com\\\/fr\\\/mentions-legales\\\/#breadcrumb\"},\"inLanguage\":\"fr-FR\",\"potentialAction\":[{\"@type\":\"ReadAction\",\"target\":[\"https:\\\/\\\/www.protect.airbus.com\\\/fr\\\/mentions-legales\\\/\"]}]},{\"@type\":\"BreadcrumbList\",\"@id\":\"https:\\\/\\\/www.protect.airbus.com\\\/fr\\\/mentions-legales\\\/#breadcrumb\",\"itemListElement\":[{\"@type\":\"ListItem\",\"position\":1,\"name\":\"Home\",\"item\":\"https:\\\/\\\/www.protect.airbus.com\\\/fr\\\/\"},{\"@type\":\"ListItem\",\"position\":2,\"name\":\"Mentions l\u00e9gales\"}]},{\"@type\":\"WebSite\",\"@id\":\"https:\\\/\\\/www.protect.airbus.com\\\/fr\\\/#website\",\"url\":\"https:\\\/\\\/www.protect.airbus.com\\\/fr\\\/\",\"name\":\"Airbus Protect\",\"description\":\"\",\"publisher\":{\"@id\":\"https:\\\/\\\/www.protect.airbus.com\\\/fr\\\/#organization\"},\"potentialAction\":[{\"@type\":\"SearchAction\",\"target\":{\"@type\":\"EntryPoint\",\"urlTemplate\":\"https:\\\/\\\/www.protect.airbus.com\\\/fr\\\/?s={search_term_string}\"},\"query-input\":{\"@type\":\"PropertyValueSpecification\",\"valueRequired\":true,\"valueName\":\"search_term_string\"}}],\"inLanguage\":\"fr-FR\"},{\"@type\":\"Organization\",\"@id\":\"https:\\\/\\\/www.protect.airbus.com\\\/fr\\\/#organization\",\"name\":\"Airbus Protect\",\"url\":\"https:\\\/\\\/www.protect.airbus.com\\\/fr\\\/\",\"logo\":{\"@type\":\"ImageObject\",\"inLanguage\":\"fr-FR\",\"@id\":\"https:\\\/\\\/www.protect.airbus.com\\\/fr\\\/#\\\/schema\\\/logo\\\/image\\\/\",\"url\":\"https:\\\/\\\/www.protect.airbus.com\\\/wp-content\\\/uploads\\\/2023\\\/05\\\/logo-airbus-protect-696-696.png\",\"contentUrl\":\"https:\\\/\\\/www.protect.airbus.com\\\/wp-content\\\/uploads\\\/2023\\\/05\\\/logo-airbus-protect-696-696.png\",\"width\":696,\"height\":696,\"caption\":\"Airbus Protect\"},\"image\":{\"@id\":\"https:\\\/\\\/www.protect.airbus.com\\\/fr\\\/#\\\/schema\\\/logo\\\/image\\\/\"},\"sameAs\":[\"https:\\\/\\\/www.linkedin.com\\\/company\\\/airbus-protect\\\/\",\"https:\\\/\\\/www.youtube.com\\\/@airbusprotect7483\"],\"contactPoint\":{\"@type\":\"ContactPoint\",\"email\":\"protect@airbus.com\",\"contactType\":\"customer service\",\"areaServed\":[\"GB\",\"FR\",\"ES\",\"DE\",\"BE\",\"CH\",\"PT\",\"DK\",\"AT\"],\"availableLanguage\":[\"en\",\"fr\",\"de\"]}}]}<\/script>\n<!-- \/ Yoast SEO Premium plugin. -->","yoast_head_json":{"title":"Mentions l\u00e9gales - Airbus Protect","robots":{"index":"index","follow":"nofollow","max-snippet":"max-snippet:-1","max-image-preview":"max-image-preview:large","max-video-preview":"max-video-preview:-1"},"canonical":"https:\/\/www.protect.airbus.com\/fr\/mentions-legales\/","og_locale":"fr_FR","og_type":"article","og_title":"Mentions l\u00e9gales","og_description":"[vc_row][vc_column][vc_column_text css=\u00a0\u00bb\u00a0\u00bb p_style=\u00a0\u00bbpHighlight\u00a0\u00bb] \u00c9diteur du site AIRBUS PROTECT 36 rue Raymond Grimaud31700 BLAGNAC &#8211; FranceSiret : 33225298000104 Directeur de la publication : Thierry RACAUD &nbsp; H\u00e9bergement 3W DEVELOPPEMENT SASU, capital de 5 000RCS TOULON B 803 406 511 00029Code APE : 620ZNum\u00e9ro de TVA : FR 17 803 406 511Si\u00e8ge social : 1047 Avenue de [&hellip;]","og_url":"https:\/\/www.protect.airbus.com\/fr\/mentions-legales\/","og_site_name":"Airbus Protect","article_modified_time":"2025-05-23T13:31:39+00:00","twitter_card":"summary_large_image","twitter_misc":{"Dur\u00e9e de lecture estim\u00e9e":"4 minutes"},"schema":{"@context":"https:\/\/schema.org","@graph":[{"@type":"WebPage","@id":"https:\/\/www.protect.airbus.com\/fr\/mentions-legales\/","url":"https:\/\/www.protect.airbus.com\/fr\/mentions-legales\/","name":"Mentions l\u00e9gales - Airbus Protect","isPartOf":{"@id":"https:\/\/www.protect.airbus.com\/fr\/#website"},"datePublished":"2022-06-30T13:39:01+00:00","dateModified":"2025-05-23T13:31:39+00:00","breadcrumb":{"@id":"https:\/\/www.protect.airbus.com\/fr\/mentions-legales\/#breadcrumb"},"inLanguage":"fr-FR","potentialAction":[{"@type":"ReadAction","target":["https:\/\/www.protect.airbus.com\/fr\/mentions-legales\/"]}]},{"@type":"BreadcrumbList","@id":"https:\/\/www.protect.airbus.com\/fr\/mentions-legales\/#breadcrumb","itemListElement":[{"@type":"ListItem","position":1,"name":"Home","item":"https:\/\/www.protect.airbus.com\/fr\/"},{"@type":"ListItem","position":2,"name":"Mentions l\u00e9gales"}]},{"@type":"WebSite","@id":"https:\/\/www.protect.airbus.com\/fr\/#website","url":"https:\/\/www.protect.airbus.com\/fr\/","name":"Airbus Protect","description":"","publisher":{"@id":"https:\/\/www.protect.airbus.com\/fr\/#organization"},"potentialAction":[{"@type":"SearchAction","target":{"@type":"EntryPoint","urlTemplate":"https:\/\/www.protect.airbus.com\/fr\/?s={search_term_string}"},"query-input":{"@type":"PropertyValueSpecification","valueRequired":true,"valueName":"search_term_string"}}],"inLanguage":"fr-FR"},{"@type":"Organization","@id":"https:\/\/www.protect.airbus.com\/fr\/#organization","name":"Airbus Protect","url":"https:\/\/www.protect.airbus.com\/fr\/","logo":{"@type":"ImageObject","inLanguage":"fr-FR","@id":"https:\/\/www.protect.airbus.com\/fr\/#\/schema\/logo\/image\/","url":"https:\/\/www.protect.airbus.com\/wp-content\/uploads\/2023\/05\/logo-airbus-protect-696-696.png","contentUrl":"https:\/\/www.protect.airbus.com\/wp-content\/uploads\/2023\/05\/logo-airbus-protect-696-696.png","width":696,"height":696,"caption":"Airbus Protect"},"image":{"@id":"https:\/\/www.protect.airbus.com\/fr\/#\/schema\/logo\/image\/"},"sameAs":["https:\/\/www.linkedin.com\/company\/airbus-protect\/","https:\/\/www.youtube.com\/@airbusprotect7483"],"contactPoint":{"@type":"ContactPoint","email":"protect@airbus.com","contactType":"customer service","areaServed":["GB","FR","ES","DE","BE","CH","PT","DK","AT"],"availableLanguage":["en","fr","de"]}}]}},"_links":{"self":[{"href":"https:\/\/www.protect.airbus.com\/fr\/wp-json\/wp\/v2\/pages\/29771","targetHints":{"allow":["GET"]}}],"collection":[{"href":"https:\/\/www.protect.airbus.com\/fr\/wp-json\/wp\/v2\/pages"}],"about":[{"href":"https:\/\/www.protect.airbus.com\/fr\/wp-json\/wp\/v2\/types\/page"}],"author":[{"embeddable":true,"href":"https:\/\/www.protect.airbus.com\/fr\/wp-json\/wp\/v2\/users\/1"}],"replies":[{"embeddable":true,"href":"https:\/\/www.protect.airbus.com\/fr\/wp-json\/wp\/v2\/comments?post=29771"}],"version-history":[{"count":3,"href":"https:\/\/www.protect.airbus.com\/fr\/wp-json\/wp\/v2\/pages\/29771\/revisions"}],"predecessor-version":[{"id":29774,"href":"https:\/\/www.protect.airbus.com\/fr\/wp-json\/wp\/v2\/pages\/29771\/revisions\/29774"}],"wp:attachment":[{"href":"https:\/\/www.protect.airbus.com\/fr\/wp-json\/wp\/v2\/media?parent=29771"}],"curies":[{"name":"wp","href":"https:\/\/api.w.org\/{rel}","templated":true}]}}