{"id":29124,"date":"2025-05-16T10:06:35","date_gmt":"2025-05-16T08:06:35","guid":{"rendered":"https:\/\/www.protect.airbus.com\/?page_id=29124"},"modified":"2025-12-19T11:36:32","modified_gmt":"2025-12-19T10:36:32","slug":"cyber-resilience","status":"publish","type":"page","link":"https:\/\/www.protect.airbus.com\/fr\/cyber-resilience\/","title":{"rendered":"Cyber-R\u00e9silience"},"content":{"rendered":"<div class=\"wpb-content-wrapper\"><p>[vc_row][vc_column][vc_column_text css=\u00a0\u00bb\u00a0\u00bb h2_style=\u00a0\u00bbh2Big\u00a0\u00bb p_style=\u00a0\u00bbpChapeau\u00a0\u00bb]<\/p>\n<h2>Renforcez la cyber-r\u00e9silience de vos activit\u00e9s en tirant parti de notre expertise en mati\u00e8re de gestion de crise et de continuit\u00e9 des activit\u00e9s dans le cadre d&rsquo;une offre multiservices.<\/h2>\n<p>[\/vc_column_text][vc_column_text css=\u00a0\u00bb\u00a0\u00bb h2_style=\u00a0\u00bbh2Big\u00a0\u00bb p_style=\u00a0\u00bbpHighlight\u00a0\u00bb]Les experts d\u2019Airbus Protect \u00e9valuent la maturit\u00e9 des solutions de r\u00e9silience et de protection de nos clients afin de g\u00e9rer les risques au-del\u00e0 de la conformit\u00e9. Nous les aidons \u00e0 faire face en cas d&rsquo;incident en veillant \u00e0 ce que leurs syst\u00e8mes soient hautement r\u00e9silients. Pour ce faire, nos consultants et experts en cybern\u00e9tique sont pleinement int\u00e9gr\u00e9s aux \u00e9quipes de nos clients, parlent le m\u00eame langage et fournissent des services de gestion des risques et de cyber-r\u00e9silience :<\/p>\n<ul>\n<li aria-level=\"2\"><b>Gestion des risques et des menaces :<\/b><span style=\"font-weight: 400;\"> Identification et \u00e9valuation des sc\u00e9narios de risque. Gestion des menaces potentielles et de leurs cons\u00e9quences \u00e0 l&rsquo;aide d&rsquo;informations sur les menaces.<\/span><\/li>\n<\/ul>\n<ul>\n<li aria-level=\"2\"><b>Gestion des incidents : <\/b><span style=\"font-weight: 400;\">En cas d&rsquo;incident (perturbation limit\u00e9e et g\u00e9rable localement sans compromettre l&rsquo;existence de l&rsquo;entreprise), une r\u00e9ponse imm\u00e9diate et op\u00e9rationnelle ainsi qu&rsquo;un processus d&rsquo;escalade sont pr\u00e9vus.<\/span><\/li>\n<\/ul>\n<ul>\n<li aria-level=\"2\"><b>Gestion des crises :<\/b><span style=\"font-weight: 400;\"> Gouvernance et exercices de crise, \u00e9laboration de documents de gestion de crise et coordination des activit\u00e9s. R\u00e9ponse strat\u00e9gique \u00e0 la crise (\u00e9v\u00e9nement \u00e0 fort impact n\u00e9cessitant une r\u00e9ponse strat\u00e9gique coordonn\u00e9e).<\/span><\/li>\n<li aria-level=\"2\"><b>Gestion de la continuit\u00e9 des activit\u00e9s :<\/b><span style=\"font-weight: 400;\"> Cr\u00e9er des Plan de Continuit\u00e9 d\u2019Activit\u00e9 (PCA) pour maintenir les activit\u00e9s essentielles. D\u00e9clencher ces plans en cas de crise. Permettre \u00e0 une organisation de maintenir les activit\u00e9s critiques gr\u00e2ce \u00e0 une organisation sp\u00e9cifique, des r\u00f4les, des responsabilit\u00e9s, des ressources, des proc\u00e9dures\/BCP et des tests\/exercices.<\/span><\/li>\n<li aria-level=\"2\"><b>Gestion de la reprise apr\u00e8s sinistre : <\/b>Soutien \u00e0 la restauration des syst\u00e8mes, de l&rsquo;infrastructure et des op\u00e9rations pour qu&rsquo;ils retrouvent leur \u00e9tat normal apr\u00e8s une crise.<\/li>\n<\/ul>\n<p>[\/vc_column_text][\/vc_column][\/vc_row][vc_row equal_height=\u00a0\u00bbyes\u00a0\u00bb content_placement=\u00a0\u00bbmiddle\u00a0\u00bb][vc_column width=\u00a0\u00bb1\/2&Prime;][vc_single_image image=\u00a0\u00bb41091&Prime; img_size=\u00a0\u00bbfull\u00a0\u00bb alignment=\u00a0\u00bbcenter\u00a0\u00bb css=\u00a0\u00bb\u00a0\u00bb][\/vc_column][vc_column width=\u00a0\u00bb1\/2&Prime;][vc_column_text css=\u00a0\u00bb\u00a0\u00bb p_style=\u00a0\u00bbpHighlight\u00a0\u00bb]En regroupant la gestion des risques et des menaces, la gestion des incidents, la gestion des crises, la gestion de la continuit\u00e9 des activit\u00e9s et la gestion de la reprise apr\u00e8s sinistre dans une approche unique, interconnect\u00e9e et int\u00e9gr\u00e9e, nous aidons nos clients \u00e0 d\u00e9velopper une v\u00e9ritable r\u00e9silience cyber, non seulement pour se remettre des incidents, mais aussi pour les anticiper, s&rsquo;adapter rapidement et maintenir les op\u00e9rations critiques quoi qu&rsquo;il arrive.<\/p>\n<p>Cette approche globale nous permet d&rsquo;accompagner nos clients de bout en bout, en leur offrant une gamme compl\u00e8te de services pour assurer la cyber-r\u00e9silience de leur IT, OT et leurs produits finis.[\/vc_column_text][\/vc_column][\/vc_row][vc_row full_width=\u00a0\u00bbstretch_row\u00a0\u00bb css=\u00a0\u00bb.vc_custom_1760449643867{background-image: url(https:\/\/www.protect.airbus.com\/wp-content\/uploads\/2022\/06\/bg-bloc-tls.jpg?id=1763) !important;background-position: center !important;background-repeat: no-repeat !important;background-size: cover !important;}\u00a0\u00bb][vc_column][vc_column_text css=\u00a0\u00bb\u00a0\u00bb]<\/p>\n<h2>Notre ambition est de d\u00e9passer la cyber-r\u00e9silience pour instaurer une v\u00e9ritable r\u00e9silience d\u2019entreprise.<\/h2>\n<p>[\/vc_column_text][\/vc_column][vc_column width=\u00a0\u00bb1\/2&Prime;][vc_single_image image=\u00a0\u00bb36498&Prime; img_size=\u00a0\u00bbfull\u00a0\u00bb css=\u00a0\u00bb\u00a0\u00bb][\/vc_column][vc_column width=\u00a0\u00bb1\/2&Prime;][vc_column_text css=\u00a0\u00bb\u00a0\u00bb]<\/p>\n<h3>D\u00e9couvrez notre approche multiservices en mati\u00e8re de cyber-r\u00e9silience<\/h3>\n<p>[\/vc_column_text]<div class=\"divBtCTA btAlignCenter\">\n        <a href=\"?dlFileAP=1&id=40019&idFile=40019&k=80516bbb769fdd5a&idPS=29124&kPS=fc12de7f25310c5b&FT=&kFT=c15b31c90aac27c9&FST=&kFST=c15b31c90aac27c9&dfNoForm=6d1052d51131adc5\" target=\"_blank\" \" rel=\"nofollow\" class=\"button btAuto\">T\u00e9l\u00e9charger la brochure Cyber Resilience<\/a>\n        <\/div>[\/vc_column][\/vc_row][vc_row full_width=\u00a0\u00bbstretch_row\u00a0\u00bb content_placement=\u00a0\u00bbmiddle\u00a0\u00bb bg_style=\u00a0\u00bbbgUniversGraphiqueIndustries\u00a0\u00bb][vc_column][vc_column_text css=\u00a0\u00bb\u00a0\u00bb]<\/p>\n<h3>D\u00e9couvrez notre Resilience Lab<\/h3>\n<p>[\/vc_column_text][vc_row_inner content_placement=\u00a0\u00bbmiddle\u00a0\u00bb][vc_column_inner width=\u00a0\u00bb2\/3&Prime;]<div class=\"blocImages blocImages-3\"><div class=\"colonne\"><div class=\"blocImage\" style=\"background-image:url('https:\/\/www.protect.airbus.com\/wp-content\/uploads\/2025\/11\/courtance-resilience-lab.jpg');\"><\/div><\/div>\n        <div class=\"colonne\"><div class=\"blocImage\" style=\"background-image:url('https:\/\/www.protect.airbus.com\/wp-content\/uploads\/2025\/11\/resilience-lab_2.jpg');\"><\/div><div class=\"blocImage\" style=\"background-image:url('https:\/\/www.protect.airbus.com\/wp-content\/uploads\/2025\/11\/resilience-lab_3.jpg');\"><\/div><\/div><\/div>[\/vc_column_inner][vc_column_inner width=\u00a0\u00bb1\/3&Prime;][vc_column_text css=\u00a0\u00bb\u00a0\u00bb p_style=\u00a0\u00bbpHighlight\u00a0\u00bb]La question essentielle est de savoir comment traduire cette vision strat\u00e9gique en une culture concr\u00e8te au sein de vos \u00e9quipes.<\/p>\n<p>C&rsquo;est pr\u00e9cis\u00e9ment l&rsquo;objectif de notre <b>R\u00e9silience Lab<\/b><span style=\"font-weight: 400;\">.<\/span> Il s&rsquo;agit d&rsquo;un atelier interactif ax\u00e9 sur le d\u00e9veloppement des capacit\u00e9s d\u2019adaptation et l&rsquo;ancrage d&rsquo;une culture de la r\u00e9silience qui va au-del\u00e0 des seules comp\u00e9tences techniques.[\/vc_column_text][vc_column_text css=\u00a0\u00bb\u00a0\u00bb p_style=\u00a0\u00bbpIntermediaire\u00a0\u00bb]<\/p>\n<p style=\"text-align: center;\"><strong>En savoir plus sur le Resilience Lab sur la page 60<\/strong><\/p>\n<p>[\/vc_column_text]<div class=\"divBtCTA btAlignCenter\"><a href=\"https:\/\/www.protect.airbus.com\/wp-content\/uploads\/2023\/05\/TRAINING-CATALOGUE-2025-INN_OT_24-00053_1.15-FR-1.pdf\" target=\"_blank\" class=\"button btGeneral\">D\u00e9couvrez le catalogue de formation<\/a><\/div>[\/vc_column_inner][\/vc_row_inner][\/vc_column][\/vc_row][vc_row][vc_column width=\u00a0\u00bb1\/2&Prime; el_class=\u00a0\u00bbblocIndustriesOffers\u00a0\u00bb css=\u00a0\u00bb.vc_custom_1749817768825{border-top-width: 1px !important;border-right-width: 1px !important;border-bottom-width: 1px !important;border-left-width: 1px !important;border-left-style: solid !important;border-right-style: solid !important;border-top-style: solid !important;border-bottom-style: solid !important;border-color: #fe5000 !important;}\u00a0\u00bb][vc_column_text css=\u00a0\u00bb\u00a0\u00bb]<\/p>\n<ul>\n<li><a href=\"https:\/\/www.protect.airbus.com\/fr\/safety\/\">Safety<\/a><\/li>\n<\/ul>\n<p>[\/vc_column_text][\/vc_column][vc_column width=\u00a0\u00bb1\/2&Prime; el_class=\u00a0\u00bbblocIndustriesOffers\u00a0\u00bb css=\u00a0\u00bb.vc_custom_1749817811753{border-top-width: 1px !important;border-right-width: 1px !important;border-bottom-width: 1px !important;border-left-width: 1px !important;border-left-style: solid !important;border-right-style: solid !important;border-top-style: solid !important;border-bottom-style: solid !important;border-color: #84bd00 !important;}\u00a0\u00bb][vc_column_text css=\u00a0\u00bb\u00a0\u00bb]<\/p>\n<ul>\n<li><a href=\"https:\/\/www.protect.airbus.com\/fr\/sustainability\/\">Sustainability<\/a><\/li>\n<\/ul>\n<p>[\/vc_column_text][\/vc_column][\/vc_row][vc_row][vc_column]<div class=\"blocMoreInfo\">\n    <h2 class=\"h2Big\">Faites \u00e9quipe avec nous pour faire de la r\u00e9silience un avantage strat\u00e9gique !<\/h2>[vc_column_text p_style=\u00a0\u00bbpHighlight\u00a0\u00bb]<span style=\"font-weight: 400;\">Contactez-nous pour d\u00e9couvrir comment nous pouvons vous aider.<\/span>[\/vc_column_text]<div class=\"divBtCTA btAlignCenter\"><a href=\"https:\/\/www.protect.airbus.com\/contact\/\"  class=\"button btGeneral\">Nous contacter<\/a><\/div>    <\/div>[\/vc_column][\/vc_row]<\/p>\n<\/div>","protected":false},"excerpt":{"rendered":"<p>[vc_row][vc_column][vc_column_text css=\u00a0\u00bb\u00a0\u00bb h2_style=\u00a0\u00bbh2Big\u00a0\u00bb p_style=\u00a0\u00bbpChapeau\u00a0\u00bb] Renforcez la cyber-r\u00e9silience de vos activit\u00e9s en tirant parti de notre expertise en mati\u00e8re de gestion de crise et de continuit\u00e9 des activit\u00e9s dans le cadre d&rsquo;une offre multiservices. [\/vc_column_text][vc_column_text css=\u00a0\u00bb\u00a0\u00bb h2_style=\u00a0\u00bbh2Big\u00a0\u00bb p_style=\u00a0\u00bbpHighlight\u00a0\u00bb]Les experts d\u2019Airbus Protect \u00e9valuent la maturit\u00e9 des solutions de r\u00e9silience et de protection de nos clients afin de [&hellip;]<\/p>\n","protected":false},"author":8,"featured_media":36075,"parent":0,"menu_order":0,"comment_status":"closed","ping_status":"closed","template":"","meta":{"_acf_changed":false,"content-type":"","_relevanssi_hide_post":"","_relevanssi_hide_content":"","_relevanssi_pin_for_all":"","_relevanssi_pin_keywords":"","_relevanssi_unpin_keywords":"","_relevanssi_related_keywords":"","_relevanssi_related_include_ids":"","_relevanssi_related_exclude_ids":"","_relevanssi_related_no_append":"","_relevanssi_related_not_related":"","_relevanssi_related_posts":"","_relevanssi_noindex_reason":"","footnotes":""},"class_list":["post-29124","page","type-page","status-publish","has-post-thumbnail","hentry"],"acf":[],"yoast_head":"<!-- This site is optimized with the Yoast SEO Premium plugin v27.3 (Yoast SEO v27.3) - https:\/\/yoast.com\/product\/yoast-seo-premium-wordpress\/ -->\n<title>Cyber-r\u00e9silience : \u00e9valuer la maturit\u00e9 de votre cybers\u00e9curit\u00e9<\/title>\n<meta name=\"description\" content=\"D\u00e9couvrez comment atteindre la cyber-r\u00e9silience gr\u00e2ce \u00e0 des solutions compl\u00e8tes d&#039;\u00e9valuation et de gestion des risques adapt\u00e9es \u00e0 vos besoins\" \/>\n<meta name=\"robots\" content=\"index, follow, max-snippet:-1, max-image-preview:large, max-video-preview:-1\" \/>\n<link rel=\"canonical\" href=\"https:\/\/www.protect.airbus.com\/fr\/cyber-resilience\/\" \/>\n<meta property=\"og:locale\" content=\"fr_FR\" \/>\n<meta property=\"og:type\" content=\"article\" \/>\n<meta property=\"og:title\" content=\"Cyber-R\u00e9silience\" \/>\n<meta property=\"og:description\" content=\"D\u00e9couvrez comment atteindre la cyber-r\u00e9silience gr\u00e2ce \u00e0 des solutions compl\u00e8tes d&#039;\u00e9valuation et de gestion des risques adapt\u00e9es \u00e0 vos besoins\" \/>\n<meta property=\"og:url\" content=\"https:\/\/www.protect.airbus.com\/fr\/cyber-resilience\/\" \/>\n<meta property=\"og:site_name\" content=\"Airbus Protect\" \/>\n<meta property=\"article:modified_time\" content=\"2025-12-19T10:36:32+00:00\" \/>\n<meta property=\"og:image\" content=\"https:\/\/www.protect.airbus.com\/wp-content\/uploads\/2025\/08\/business-reilience-01.jpg\" \/>\n\t<meta property=\"og:image:width\" content=\"1920\" \/>\n\t<meta property=\"og:image:height\" content=\"359\" \/>\n\t<meta property=\"og:image:type\" content=\"image\/jpeg\" \/>\n<meta name=\"twitter:card\" content=\"summary_large_image\" \/>\n<meta name=\"twitter:label1\" content=\"Dur\u00e9e de lecture estim\u00e9e\" \/>\n\t<meta name=\"twitter:data1\" content=\"4 minutes\" \/>\n<script type=\"application\/ld+json\" class=\"yoast-schema-graph\">{\"@context\":\"https:\\\/\\\/schema.org\",\"@graph\":[{\"@type\":\"Service\",\"name\":\"Cyber-R\u00e9silience\",\"url\":\"https:\\\/\\\/www.protect.airbus.com\\\/fr\\\/cyber-resilience\\\/\",\"provider\":{\"@id\":\"https:\\\/\\\/www.protect.airbus.com\\\/#organization\"},\"description\":\"\"},{\"@type\":\"WebPage\",\"@id\":\"https:\\\/\\\/www.protect.airbus.com\\\/fr\\\/cyber-resilience\\\/\",\"url\":\"https:\\\/\\\/www.protect.airbus.com\\\/fr\\\/cyber-resilience\\\/\",\"name\":\"Cyber-r\u00e9silience : \u00e9valuer la maturit\u00e9 de votre cybers\u00e9curit\u00e9\",\"isPartOf\":{\"@id\":\"https:\\\/\\\/www.protect.airbus.com\\\/fr\\\/#website\"},\"primaryImageOfPage\":{\"@id\":\"https:\\\/\\\/www.protect.airbus.com\\\/fr\\\/cyber-resilience\\\/#primaryimage\"},\"image\":{\"@id\":\"https:\\\/\\\/www.protect.airbus.com\\\/fr\\\/cyber-resilience\\\/#primaryimage\"},\"thumbnailUrl\":\"https:\\\/\\\/www.protect.airbus.com\\\/wp-content\\\/uploads\\\/2025\\\/08\\\/business-reilience-01.jpg\",\"datePublished\":\"2025-05-16T08:06:35+00:00\",\"dateModified\":\"2025-12-19T10:36:32+00:00\",\"description\":\"D\u00e9couvrez comment atteindre la cyber-r\u00e9silience gr\u00e2ce \u00e0 des solutions compl\u00e8tes d'\u00e9valuation et de gestion des risques adapt\u00e9es \u00e0 vos besoins\",\"breadcrumb\":{\"@id\":\"https:\\\/\\\/www.protect.airbus.com\\\/fr\\\/cyber-resilience\\\/#breadcrumb\"},\"inLanguage\":\"fr-FR\",\"potentialAction\":[{\"@type\":\"ReadAction\",\"target\":[\"https:\\\/\\\/www.protect.airbus.com\\\/fr\\\/cyber-resilience\\\/\"]}]},{\"@type\":\"ImageObject\",\"inLanguage\":\"fr-FR\",\"@id\":\"https:\\\/\\\/www.protect.airbus.com\\\/fr\\\/cyber-resilience\\\/#primaryimage\",\"url\":\"https:\\\/\\\/www.protect.airbus.com\\\/wp-content\\\/uploads\\\/2025\\\/08\\\/business-reilience-01.jpg\",\"contentUrl\":\"https:\\\/\\\/www.protect.airbus.com\\\/wp-content\\\/uploads\\\/2025\\\/08\\\/business-reilience-01.jpg\",\"width\":1920,\"height\":359},{\"@type\":\"BreadcrumbList\",\"@id\":\"https:\\\/\\\/www.protect.airbus.com\\\/fr\\\/cyber-resilience\\\/#breadcrumb\",\"itemListElement\":[{\"@type\":\"ListItem\",\"position\":1,\"name\":\"Home\",\"item\":\"https:\\\/\\\/www.protect.airbus.com\\\/fr\\\/\"},{\"@type\":\"ListItem\",\"position\":2,\"name\":\"Cyber-R\u00e9silience\"}]},{\"@type\":\"WebSite\",\"@id\":\"https:\\\/\\\/www.protect.airbus.com\\\/fr\\\/#website\",\"url\":\"https:\\\/\\\/www.protect.airbus.com\\\/fr\\\/\",\"name\":\"Airbus Protect\",\"description\":\"\",\"publisher\":{\"@id\":\"https:\\\/\\\/www.protect.airbus.com\\\/fr\\\/#organization\"},\"potentialAction\":[{\"@type\":\"SearchAction\",\"target\":{\"@type\":\"EntryPoint\",\"urlTemplate\":\"https:\\\/\\\/www.protect.airbus.com\\\/fr\\\/?s={search_term_string}\"},\"query-input\":{\"@type\":\"PropertyValueSpecification\",\"valueRequired\":true,\"valueName\":\"search_term_string\"}}],\"inLanguage\":\"fr-FR\"},{\"@type\":\"Organization\",\"@id\":\"https:\\\/\\\/www.protect.airbus.com\\\/fr\\\/#organization\",\"name\":\"Airbus Protect\",\"url\":\"https:\\\/\\\/www.protect.airbus.com\\\/fr\\\/\",\"logo\":{\"@type\":\"ImageObject\",\"inLanguage\":\"fr-FR\",\"@id\":\"https:\\\/\\\/www.protect.airbus.com\\\/fr\\\/#\\\/schema\\\/logo\\\/image\\\/\",\"url\":\"https:\\\/\\\/www.protect.airbus.com\\\/wp-content\\\/uploads\\\/2023\\\/05\\\/logo-airbus-protect-696-696.png\",\"contentUrl\":\"https:\\\/\\\/www.protect.airbus.com\\\/wp-content\\\/uploads\\\/2023\\\/05\\\/logo-airbus-protect-696-696.png\",\"width\":696,\"height\":696,\"caption\":\"Airbus Protect\"},\"image\":{\"@id\":\"https:\\\/\\\/www.protect.airbus.com\\\/fr\\\/#\\\/schema\\\/logo\\\/image\\\/\"},\"sameAs\":[\"https:\\\/\\\/www.linkedin.com\\\/company\\\/airbus-protect\\\/\",\"https:\\\/\\\/www.youtube.com\\\/@airbusprotect7483\"],\"contactPoint\":{\"@type\":\"ContactPoint\",\"email\":\"protect@airbus.com\",\"contactType\":\"customer service\",\"areaServed\":[\"GB\",\"FR\",\"ES\",\"DE\",\"BE\",\"CH\",\"PT\",\"DK\",\"AT\"],\"availableLanguage\":[\"en\",\"fr\",\"de\"]}}]}<\/script>\n<!-- \/ Yoast SEO Premium plugin. -->","yoast_head_json":{"title":"Cyber-r\u00e9silience : \u00e9valuer la maturit\u00e9 de votre cybers\u00e9curit\u00e9","description":"D\u00e9couvrez comment atteindre la cyber-r\u00e9silience gr\u00e2ce \u00e0 des solutions compl\u00e8tes d'\u00e9valuation et de gestion des risques adapt\u00e9es \u00e0 vos besoins","robots":{"index":"index","follow":"follow","max-snippet":"max-snippet:-1","max-image-preview":"max-image-preview:large","max-video-preview":"max-video-preview:-1"},"canonical":"https:\/\/www.protect.airbus.com\/fr\/cyber-resilience\/","og_locale":"fr_FR","og_type":"article","og_title":"Cyber-R\u00e9silience","og_description":"D\u00e9couvrez comment atteindre la cyber-r\u00e9silience gr\u00e2ce \u00e0 des solutions compl\u00e8tes d'\u00e9valuation et de gestion des risques adapt\u00e9es \u00e0 vos besoins","og_url":"https:\/\/www.protect.airbus.com\/fr\/cyber-resilience\/","og_site_name":"Airbus Protect","article_modified_time":"2025-12-19T10:36:32+00:00","og_image":[{"width":1920,"height":359,"url":"https:\/\/www.protect.airbus.com\/wp-content\/uploads\/2025\/08\/business-reilience-01.jpg","type":"image\/jpeg"}],"twitter_card":"summary_large_image","twitter_misc":{"Dur\u00e9e de lecture estim\u00e9e":"4 minutes"},"schema":{"@context":"https:\/\/schema.org","@graph":[{"@type":"Service","name":"Cyber-R\u00e9silience","url":"https:\/\/www.protect.airbus.com\/fr\/cyber-resilience\/","provider":{"@id":"https:\/\/www.protect.airbus.com\/#organization"},"description":""},{"@type":"WebPage","@id":"https:\/\/www.protect.airbus.com\/fr\/cyber-resilience\/","url":"https:\/\/www.protect.airbus.com\/fr\/cyber-resilience\/","name":"Cyber-r\u00e9silience : \u00e9valuer la maturit\u00e9 de votre cybers\u00e9curit\u00e9","isPartOf":{"@id":"https:\/\/www.protect.airbus.com\/fr\/#website"},"primaryImageOfPage":{"@id":"https:\/\/www.protect.airbus.com\/fr\/cyber-resilience\/#primaryimage"},"image":{"@id":"https:\/\/www.protect.airbus.com\/fr\/cyber-resilience\/#primaryimage"},"thumbnailUrl":"https:\/\/www.protect.airbus.com\/wp-content\/uploads\/2025\/08\/business-reilience-01.jpg","datePublished":"2025-05-16T08:06:35+00:00","dateModified":"2025-12-19T10:36:32+00:00","description":"D\u00e9couvrez comment atteindre la cyber-r\u00e9silience gr\u00e2ce \u00e0 des solutions compl\u00e8tes d'\u00e9valuation et de gestion des risques adapt\u00e9es \u00e0 vos besoins","breadcrumb":{"@id":"https:\/\/www.protect.airbus.com\/fr\/cyber-resilience\/#breadcrumb"},"inLanguage":"fr-FR","potentialAction":[{"@type":"ReadAction","target":["https:\/\/www.protect.airbus.com\/fr\/cyber-resilience\/"]}]},{"@type":"ImageObject","inLanguage":"fr-FR","@id":"https:\/\/www.protect.airbus.com\/fr\/cyber-resilience\/#primaryimage","url":"https:\/\/www.protect.airbus.com\/wp-content\/uploads\/2025\/08\/business-reilience-01.jpg","contentUrl":"https:\/\/www.protect.airbus.com\/wp-content\/uploads\/2025\/08\/business-reilience-01.jpg","width":1920,"height":359},{"@type":"BreadcrumbList","@id":"https:\/\/www.protect.airbus.com\/fr\/cyber-resilience\/#breadcrumb","itemListElement":[{"@type":"ListItem","position":1,"name":"Home","item":"https:\/\/www.protect.airbus.com\/fr\/"},{"@type":"ListItem","position":2,"name":"Cyber-R\u00e9silience"}]},{"@type":"WebSite","@id":"https:\/\/www.protect.airbus.com\/fr\/#website","url":"https:\/\/www.protect.airbus.com\/fr\/","name":"Airbus Protect","description":"","publisher":{"@id":"https:\/\/www.protect.airbus.com\/fr\/#organization"},"potentialAction":[{"@type":"SearchAction","target":{"@type":"EntryPoint","urlTemplate":"https:\/\/www.protect.airbus.com\/fr\/?s={search_term_string}"},"query-input":{"@type":"PropertyValueSpecification","valueRequired":true,"valueName":"search_term_string"}}],"inLanguage":"fr-FR"},{"@type":"Organization","@id":"https:\/\/www.protect.airbus.com\/fr\/#organization","name":"Airbus Protect","url":"https:\/\/www.protect.airbus.com\/fr\/","logo":{"@type":"ImageObject","inLanguage":"fr-FR","@id":"https:\/\/www.protect.airbus.com\/fr\/#\/schema\/logo\/image\/","url":"https:\/\/www.protect.airbus.com\/wp-content\/uploads\/2023\/05\/logo-airbus-protect-696-696.png","contentUrl":"https:\/\/www.protect.airbus.com\/wp-content\/uploads\/2023\/05\/logo-airbus-protect-696-696.png","width":696,"height":696,"caption":"Airbus Protect"},"image":{"@id":"https:\/\/www.protect.airbus.com\/fr\/#\/schema\/logo\/image\/"},"sameAs":["https:\/\/www.linkedin.com\/company\/airbus-protect\/","https:\/\/www.youtube.com\/@airbusprotect7483"],"contactPoint":{"@type":"ContactPoint","email":"protect@airbus.com","contactType":"customer service","areaServed":["GB","FR","ES","DE","BE","CH","PT","DK","AT"],"availableLanguage":["en","fr","de"]}}]}},"_links":{"self":[{"href":"https:\/\/www.protect.airbus.com\/fr\/wp-json\/wp\/v2\/pages\/29124","targetHints":{"allow":["GET"]}}],"collection":[{"href":"https:\/\/www.protect.airbus.com\/fr\/wp-json\/wp\/v2\/pages"}],"about":[{"href":"https:\/\/www.protect.airbus.com\/fr\/wp-json\/wp\/v2\/types\/page"}],"author":[{"embeddable":true,"href":"https:\/\/www.protect.airbus.com\/fr\/wp-json\/wp\/v2\/users\/8"}],"replies":[{"embeddable":true,"href":"https:\/\/www.protect.airbus.com\/fr\/wp-json\/wp\/v2\/comments?post=29124"}],"version-history":[{"count":20,"href":"https:\/\/www.protect.airbus.com\/fr\/wp-json\/wp\/v2\/pages\/29124\/revisions"}],"predecessor-version":[{"id":43863,"href":"https:\/\/www.protect.airbus.com\/fr\/wp-json\/wp\/v2\/pages\/29124\/revisions\/43863"}],"wp:featuredmedia":[{"embeddable":true,"href":"https:\/\/www.protect.airbus.com\/fr\/wp-json\/wp\/v2\/media\/36075"}],"wp:attachment":[{"href":"https:\/\/www.protect.airbus.com\/fr\/wp-json\/wp\/v2\/media?parent=29124"}],"curies":[{"name":"wp","href":"https:\/\/api.w.org\/{rel}","templated":true}]}}