{"id":25529,"date":"2025-02-26T11:10:05","date_gmt":"2025-02-26T10:10:05","guid":{"rendered":"https:\/\/www.protect.airbus.com\/?page_id=25529"},"modified":"2025-09-24T17:12:40","modified_gmt":"2025-09-24T15:12:40","slug":"securite-industrielle-ot","status":"publish","type":"page","link":"https:\/\/www.protect.airbus.com\/fr\/cybersecurite\/securite-industrielle-ot\/","title":{"rendered":"S\u00e9curit\u00e9 industrielle \/ S\u00e9curit\u00e9 pour l\u2019OT"},"content":{"rendered":"<div class=\"wpb-content-wrapper\"><p>[vc_row][vc_column][vc_column_text css=\u00a0\u00bb\u00a0\u00bb p_style=\u00a0\u00bbpHighlight\u00a0\u00bb]<span style=\"font-weight: 400;\">L&rsquo;augmentation de la connectivit\u00e9 dans les environnements industriels ouvre de nouvelles perspectives et opportunit\u00e9s, mais vous expose \u00e9galement \u00e0 de nouvelles menaces. Airbus Protect propose des solutions sur mesure pour analyser vos actifs industriels critiques et \u00e9valuer les risques associ\u00e9s. Nous vous accompagnons dans la protection et la gestion de la s\u00e9curit\u00e9 de vos environnements et de vos op\u00e9rations industrielles.<\/span><\/p>\n<p><span style=\"font-weight: 400;\">Gr\u00e2ce \u00e0 notre large expertise en cybers\u00e9curit\u00e9 industrielle, nous aidons les organisations \u00e0 s\u00e9curiser et p\u00e9renniser leurs syst\u00e8mes OT (Technologies Op\u00e9rationnelles). Avec plus de 15 ans d\u2019exp\u00e9rience dans ce domaine, nos consultants et experts vous accompagnent dans le d\u00e9veloppement d\u2019une cyber-r\u00e9silience durable pour prot\u00e9ger et renforcer votre entreprise.<\/span>[\/vc_column_text][vc_column_text css=\u00a0\u00bb.vc_custom_1740584597866{margin-bottom: 0px !important;padding-bottom: 0px !important;}\u00a0\u00bb h2_style=\u00a0\u00bbh2Big\u00a0\u00bb]<\/p>\n<h3>Nos services de s\u00e9curit\u00e9 OT<\/h3>\n<ol>\n<li><b>\u00c9valuation de la maturit\u00e9 :<\/b><span style=\"font-weight: 400;\"> nous \u00e9valuons la maturit\u00e9 de vos pratiques de cybers\u00e9curit\u00e9, en identifiant les points forts et les lacunes, et en fournissant des recommandations concr\u00e8tes pour renforcer votre posture de s\u00e9curit\u00e9 OT.<\/span><\/li>\n<li><b>Roadmap cybers\u00e9curit\u00e9 et soutien \u00e0 la gouvernance :<\/b><span style=\"font-weight: 400;\"> nous d\u00e9veloppons et mettons en \u0153uvre des feuilles de route de cybers\u00e9curit\u00e9 adapt\u00e9es et align\u00e9es sur vos contraintes et priorit\u00e9s commerciales, couvrant l&rsquo;ensemble du cycle de vie de vos syst\u00e8mes OT. Nos experts conseillent les dirigeants sur les meilleures pratiques pour g\u00e9rer les risques associ\u00e9s aux syst\u00e8mes informatiques et assurer la conformit\u00e9 avec les r\u00e9glementations industrielles, renfor\u00e7ant ainsi la gouvernance globale de la cybers\u00e9curit\u00e9.<\/span><\/li>\n<li><b>Analyse des r\u00e9seaux et des vuln\u00e9rabilit\u00e9s :<br \/>\n<\/b><b>\u2022 D\u00e9couverte des actifs :<\/b><span style=\"font-weight: 400;\"> cartographie et classification des actifs OT afin d&rsquo;obtenir une visibilit\u00e9 compl\u00e8te des infrastructures critiques.<br \/>\n<\/span><b> \u2022 Analyse de la surface d&rsquo;attaque : <\/b><span style=\"font-weight: 400;\">identification des failles dans les environnements OT et hi\u00e9rarchisation des risques cyber, afin de fournir rapidement une vue d\u2019ensemble des vuln\u00e9rabilit\u00e9s potentielles. Cela vous permet de planifier et d&rsquo;att\u00e9nuer les risques de mani\u00e8re proactive, en s\u00e9curisant efficacement vos actifs.<\/span><\/li>\n<\/ol>\n<ol start=\"4\">\n<li><b> Protection et renforcement de vos actifs : <\/b><span style=\"font-weight: 400;\">prot\u00e9gez ensuite vos actifs OT en d\u00e9ployant un syst\u00e8me de s\u00e9curit\u00e9 g\u00e9r\u00e9 d\u00e9tectant les menaces afin de limiter l&rsquo;impact potentiel. Renforcer les syst\u00e8mes de contr\u00f4le industriel (ICS), les automates programmables, les SCADA et les autres composants OT afin d&#8217;emp\u00eacher leur exploitation.<\/span><\/li>\n<li><b> Op\u00e9rations de s\u00e9curit\u00e9 convergentes (SOC) : <\/b>Une approche SOC int\u00e9gr\u00e9e am\u00e9liore la surveillance et la gestion de la protection des environnements IT et OT, en incorporant la r\u00e9ponse aux incidents pour les deux environnements.<br \/>\nNotre offre de rem\u00e9diation comprend des services de s\u00e9curit\u00e9 manag\u00e9s fournissant des conseils et des recommandations au client, tandis que dans l&rsquo;approche MDR (Managed Detection and Response), nous sommes en mesure de fournir une att\u00e9nuation des risques dans le cadre d&rsquo;une gouvernance d\u00e9di\u00e9e aux technologies de l&rsquo;information et de la communication.<\/li>\n<li><b>Gestion des correctifs et surveillance de la s\u00e9curit\u00e9 :<\/b> l\u2019objectif est de vous aider \u00e0 garantir la cyber-r\u00e9silience globale de vos syst\u00e8mes OT face \u00e0 l&rsquo;\u00e9volution des menaces.<\/li>\n<\/ol>\n<p>[\/vc_column_text][vc_column_text css=\u00a0\u00bb\u00a0\u00bb p_style=\u00a0\u00bbpHighlight\u00a0\u00bb]<\/p>\n<h3><b>Pourquoi Airbus Protect ?<\/b><\/h3>\n<ul>\n<li style=\"font-weight: 400;\" aria-level=\"1\"><b>Une expertise industrielle approfondie :<\/b> plus de 15 ans d&rsquo;exp\u00e9rience dans la protection des syst\u00e8mes informatiques, OT industriels et dans la sauvegarde des infrastructures critiques.<\/li>\n<li style=\"font-weight: 400;\" aria-level=\"1\"><b>Des solutions flexibles et modulaires : <\/b>flexibilit\u00e9 dans la fourniture de services personnalis\u00e9s, tant les projets ponctuels que dans le cadre de partenariats \u00e0 long terme.<\/li>\n<li style=\"font-weight: 400;\" aria-level=\"1\"><b>Approche IT\/OT int\u00e9gr\u00e9e :<\/b> nous contribuons \u00e0 l&rsquo;unification des processus de s\u00e9curit\u00e9 informatique et t\u00e9l\u00e9matique afin d&rsquo;identifier rapidement les menaces et d&rsquo;y r\u00e9pondre efficacement.<\/li>\n<li style=\"font-weight: 400;\" aria-level=\"1\"><b>M\u00e9thodes \u00e9prouv\u00e9es :<\/b> nous tirons parti de notre exp\u00e9rience et de notre connaissance du secteur pour mettre en \u0153uvre des politiques de s\u00e9curit\u00e9 et r\u00e9duire les risques.<\/li>\n<li style=\"font-weight: 400;\" aria-level=\"1\"><b>Conformit\u00e9 r\u00e9glementaire : <\/b><span style=\"font-weight: 400;\">nous soutenons la conformit\u00e9 aux normes internationales et sectorielles telles que ISO 27001, NIS2, GDPR et Part-IS.<\/span><\/li>\n<\/ul>\n<p>[\/vc_column_text][vc_column_text css=\u00a0\u00bb\u00a0\u00bb p_style=\u00a0\u00bbpIntermediaire\u00a0\u00bb]<\/p>\n<h3>Principes fondamentaux de la s\u00e9curit\u00e9 OT &#8211; Pourquoi est-ce important ?<\/h3>\n<p>Avec l&rsquo;essor de l&rsquo;industrie 5.0, qui va au-del\u00e0 de l&rsquo;automatisation et de l&rsquo;IoT pour mettre l&rsquo;accent sur la collaboration entre les humains et les machines, les exigences en mati\u00e8re de cybers\u00e9curit\u00e9 \u00e9voluent plus rapidement que jamais. OT (Operational Technology) d\u00e9signe toutes les technologies qui soutiennent les processus physiques, tels que ceux de la fabrication, de la sant\u00e9 ou du transport. \u00c0 mesure que les industries int\u00e8grent l&rsquo;IA, la robotique et les syst\u00e8mes intelligents dans leurs op\u00e9rations, la n\u00e9cessit\u00e9 de mesures de cybers\u00e9curit\u00e9 robustes pour prot\u00e9ger \u00e0 la fois les interactions homme-machine et les infrastructures critiques devient encore plus cruciale.<\/p>\n<h3>Nouveaux d\u00e9fis en mati\u00e8re de connectivit\u00e9 :<\/h3>\n<p>Les syst\u00e8mes OT, notamment SCADA, PLC et DPC (Discrete Process Control), sont de plus en plus interconnect\u00e9s, ce qui les rend vuln\u00e9rables aux cyberattaques.<\/p>\n<p>Les dispositifs et protocoles OT mal s\u00e9curis\u00e9s pr\u00e9sentent des risques importants.<\/p>\n<p>Les entreprises doivent identifier avec pr\u00e9cision les actifs OT afin de mettre en \u0153uvre les mesures de s\u00e9curit\u00e9 appropri\u00e9es.<\/p>\n<p>Une protection unifi\u00e9e pour les syst\u00e8mes informatiques et \u00e9lectroniques :<\/p>\n<p>Un mod\u00e8le de s\u00e9curit\u00e9 int\u00e9gr\u00e9 offre une meilleure visibilit\u00e9 et des temps de r\u00e9ponse plus rapides aux menaces. Une approche SOC convergente favorise la collaboration entre les mesures de s\u00e9curit\u00e9 IT et OT, permettant une protection compl\u00e8te.<\/p>\n<h3>Les clients qui nous font confiance<\/h3>\n<p>[\/vc_column_text][\/vc_column][\/vc_row][vc_row][vc_column width=\u00a0\u00bb1\/6&Prime;][vc_single_image image=\u00a0\u00bb25547&Prime; img_size=\u00a0\u00bb200&#215;50&Prime; alignment=\u00a0\u00bbcenter\u00a0\u00bb css=\u00a0\u00bb\u00a0\u00bb][\/vc_column][vc_column width=\u00a0\u00bb1\/6&Prime;][vc_single_image image=\u00a0\u00bb25535&Prime; img_size=\u00a0\u00bb200&#215;50&Prime; alignment=\u00a0\u00bbcenter\u00a0\u00bb css=\u00a0\u00bb\u00a0\u00bb][\/vc_column][vc_column width=\u00a0\u00bb1\/6&Prime;][vc_single_image image=\u00a0\u00bb25538&Prime; img_size=\u00a0\u00bb200&#215;100&Prime; alignment=\u00a0\u00bbcenter\u00a0\u00bb css=\u00a0\u00bb\u00a0\u00bb][\/vc_column][vc_column width=\u00a0\u00bb1\/6&Prime;][vc_single_image image=\u00a0\u00bb25544&Prime; img_size=\u00a0\u00bb200&#215;100&Prime; alignment=\u00a0\u00bbcenter\u00a0\u00bb css=\u00a0\u00bb\u00a0\u00bb][\/vc_column][vc_column width=\u00a0\u00bb1\/6&Prime;][vc_single_image image=\u00a0\u00bb25541&Prime; img_size=\u00a0\u00bb200&#215;50&Prime; alignment=\u00a0\u00bbcenter\u00a0\u00bb css=\u00a0\u00bb\u00a0\u00bb][\/vc_column][vc_column width=\u00a0\u00bb1\/6&Prime;][\/vc_column][\/vc_row][vc_row][vc_column]    <div class=\"hightlightBracket\">\n        <div class=\"glyphe\"><\/div>\n        <div class=\"highlight\"><p>Vous avez des questions sur la s\u00e9curisation de vos syst\u00e8mes OT ou vous souhaitez en savoir plus sur nos services ? Nos experts sont l\u00e0 pour vous aider.<\/p><\/div>\n    <\/div>\n    <div class=\"divBtCTA btAlignCenter\"><a href=\"https:\/\/www.protect.airbus.com\/fr\/contact\/\"  class=\"button btAuto\">Contactez nous<\/a><\/div>[\/vc_column][\/vc_row][vc_row][vc_column]<div class=\"whatsNew\" id=\"whatsnew_69d8bff8d9c3c\">\n    <div class=\"lineTitleFilter\">\n        <div id=\"conteneur_h2_WhatsNew\"><h2>Des nouveaut\u00e9s ?<\/h2><\/div>\n        <div id=\"conteneur_FiltreWhatsNew\">\n\t\t\t<div class=\"filterWhatsNew\"><span>Filtre<\/span>\n\t\t\t\t<ul>\n\t\t\t\t\t<li><button type=\"button\" class=\"btFilter bfFilterNews\" onclick=\"fctFilterWhatsNew('news','cybersecurity','whatsnew_69d8bff8d9c3c')\">Actualit\u00e9<\/button><\/li>\n\t\t\t\t\t<li><button type=\"button\" class=\"btFilter bfFilterWhitePaper\" onclick=\"fctFilterWhatsNew('whitepaper','cybersecurity','whatsnew_69d8bff8d9c3c')\">Livre blanc<\/button><\/li>\n\t\t\t\t\t<li><button type=\"button\" class=\"btFilter bfFilterBlog\" onclick=\"fctFilterWhatsNew('blog','cybersecurity','whatsnew_69d8bff8d9c3c')\">Blog<\/button><\/li>\n\t\t\t\t\t<li><button type=\"button\" class=\"btFilter bfFilterEvent\" onclick=\"fctFilterWhatsNew('event','cybersecurity','whatsnew_69d8bff8d9c3c')\">\u00c9v\u00e9nement<\/button><\/li>\n\t\t\t\t<\/ul><\/div>\n\t\t\t<div id=\"whathsnew_glyphe\"><\/div>\n\t\t<\/div>\n    <\/div>\n\t\n    <div class=\"listWhatsNew\">\n        <\/div>\n    <div class=\"conteneurLineMoreInsight\"><div class=\"lineMoreInsight\"><a href=\"\/fr\/informations\/\">d\u00e9couvrir<\/a><\/div><\/div>\n<\/div>\n[\/vc_column][\/vc_row]<\/p>\n<\/div>","protected":false},"excerpt":{"rendered":"<p>[vc_row][vc_column][vc_column_text css=\u00a0\u00bb\u00a0\u00bb p_style=\u00a0\u00bbpHighlight\u00a0\u00bb]L&rsquo;augmentation de la connectivit\u00e9 dans les environnements industriels ouvre de nouvelles perspectives et opportunit\u00e9s, mais vous expose \u00e9galement \u00e0 de nouvelles menaces. Airbus Protect propose des solutions sur mesure pour analyser vos actifs industriels critiques et \u00e9valuer les risques associ\u00e9s. Nous vous accompagnons dans la protection et la gestion de la s\u00e9curit\u00e9 de [&hellip;]<\/p>\n","protected":false},"author":8,"featured_media":36919,"parent":6938,"menu_order":0,"comment_status":"closed","ping_status":"closed","template":"","meta":{"_acf_changed":false,"content-type":"","_relevanssi_hide_post":"","_relevanssi_hide_content":"","_relevanssi_pin_for_all":"","_relevanssi_pin_keywords":"","_relevanssi_unpin_keywords":"","_relevanssi_related_keywords":"","_relevanssi_related_include_ids":"","_relevanssi_related_exclude_ids":"","_relevanssi_related_no_append":"","_relevanssi_related_not_related":"","_relevanssi_related_posts":"","_relevanssi_noindex_reason":"","footnotes":""},"class_list":["post-25529","page","type-page","status-publish","has-post-thumbnail","hentry"],"acf":[],"yoast_head":"<!-- This site is optimized with the Yoast SEO Premium plugin v27.3 (Yoast SEO v27.3) - https:\/\/yoast.com\/product\/yoast-seo-premium-wordpress\/ -->\n<title>S\u00e9curit\u00e9 industrielle OT : Prot\u00e9ger vos syst\u00e8mes<\/title>\n<meta name=\"description\" content=\"D\u00e9couvrez comment nous pouvons vous aider \u00e0 assurer la s\u00e9curit\u00e9 industrielle op\u00e9rationnelle de vos op\u00e9rations contre les risques cyber.\" \/>\n<meta name=\"robots\" content=\"index, follow, max-snippet:-1, max-image-preview:large, max-video-preview:-1\" \/>\n<link rel=\"canonical\" href=\"https:\/\/www.protect.airbus.com\/fr\/cybersecurite\/securite-industrielle-ot\/\" \/>\n<meta property=\"og:locale\" content=\"fr_FR\" \/>\n<meta property=\"og:type\" content=\"article\" \/>\n<meta property=\"og:title\" content=\"S\u00e9curit\u00e9 industrielle \/ S\u00e9curit\u00e9 pour l\u2019OT\" \/>\n<meta property=\"og:description\" content=\"D\u00e9couvrez comment nous pouvons vous aider \u00e0 assurer la s\u00e9curit\u00e9 industrielle op\u00e9rationnelle de vos op\u00e9rations contre les risques cyber.\" \/>\n<meta property=\"og:url\" content=\"https:\/\/www.protect.airbus.com\/fr\/cybersecurite\/securite-industrielle-ot\/\" \/>\n<meta property=\"og:site_name\" content=\"Airbus Protect\" \/>\n<meta property=\"article:modified_time\" content=\"2025-09-24T15:12:40+00:00\" \/>\n<meta property=\"og:image\" content=\"https:\/\/www.protect.airbus.com\/wp-content\/uploads\/2025\/08\/OT-Security-1.png\" \/>\n\t<meta property=\"og:image:width\" content=\"1929\" \/>\n\t<meta property=\"og:image:height\" content=\"359\" \/>\n\t<meta property=\"og:image:type\" content=\"image\/png\" \/>\n<meta name=\"twitter:card\" content=\"summary_large_image\" \/>\n<meta name=\"twitter:label1\" content=\"Dur\u00e9e de lecture estim\u00e9e\" \/>\n\t<meta name=\"twitter:data1\" content=\"5 minutes\" \/>\n<script type=\"application\/ld+json\" class=\"yoast-schema-graph\">{\"@context\":\"https:\\\/\\\/schema.org\",\"@graph\":[{\"@type\":\"Service\",\"name\":\"S\u00e9curit\u00e9 industrielle \\\/ S\u00e9curit\u00e9 pour l\u2019OT\",\"url\":\"https:\\\/\\\/www.protect.airbus.com\\\/fr\\\/cybersecurite\\\/securite-industrielle-ot\\\/\",\"provider\":{\"@id\":\"https:\\\/\\\/www.protect.airbus.com\\\/#organization\"},\"description\":\"\"},{\"@type\":\"WebPage\",\"@id\":\"https:\\\/\\\/www.protect.airbus.com\\\/fr\\\/cybersecurite\\\/securite-industrielle-ot\\\/\",\"url\":\"https:\\\/\\\/www.protect.airbus.com\\\/fr\\\/cybersecurite\\\/securite-industrielle-ot\\\/\",\"name\":\"S\u00e9curit\u00e9 industrielle OT : Prot\u00e9ger vos syst\u00e8mes\",\"isPartOf\":{\"@id\":\"https:\\\/\\\/www.protect.airbus.com\\\/fr\\\/#website\"},\"primaryImageOfPage\":{\"@id\":\"https:\\\/\\\/www.protect.airbus.com\\\/fr\\\/cybersecurite\\\/securite-industrielle-ot\\\/#primaryimage\"},\"image\":{\"@id\":\"https:\\\/\\\/www.protect.airbus.com\\\/fr\\\/cybersecurite\\\/securite-industrielle-ot\\\/#primaryimage\"},\"thumbnailUrl\":\"https:\\\/\\\/www.protect.airbus.com\\\/wp-content\\\/uploads\\\/2025\\\/08\\\/OT-Security-1.png\",\"datePublished\":\"2025-02-26T10:10:05+00:00\",\"dateModified\":\"2025-09-24T15:12:40+00:00\",\"description\":\"D\u00e9couvrez comment nous pouvons vous aider \u00e0 assurer la s\u00e9curit\u00e9 industrielle op\u00e9rationnelle de vos op\u00e9rations contre les risques cyber.\",\"breadcrumb\":{\"@id\":\"https:\\\/\\\/www.protect.airbus.com\\\/fr\\\/cybersecurite\\\/securite-industrielle-ot\\\/#breadcrumb\"},\"inLanguage\":\"fr-FR\",\"potentialAction\":[{\"@type\":\"ReadAction\",\"target\":[\"https:\\\/\\\/www.protect.airbus.com\\\/fr\\\/cybersecurite\\\/securite-industrielle-ot\\\/\"]}]},{\"@type\":\"ImageObject\",\"inLanguage\":\"fr-FR\",\"@id\":\"https:\\\/\\\/www.protect.airbus.com\\\/fr\\\/cybersecurite\\\/securite-industrielle-ot\\\/#primaryimage\",\"url\":\"https:\\\/\\\/www.protect.airbus.com\\\/wp-content\\\/uploads\\\/2025\\\/08\\\/OT-Security-1.png\",\"contentUrl\":\"https:\\\/\\\/www.protect.airbus.com\\\/wp-content\\\/uploads\\\/2025\\\/08\\\/OT-Security-1.png\",\"width\":1929,\"height\":359,\"caption\":\"Airbus Protect delivers Cybersecurity Solutions for OT\"},{\"@type\":\"BreadcrumbList\",\"@id\":\"https:\\\/\\\/www.protect.airbus.com\\\/fr\\\/cybersecurite\\\/securite-industrielle-ot\\\/#breadcrumb\",\"itemListElement\":[{\"@type\":\"ListItem\",\"position\":1,\"name\":\"Home\",\"item\":\"https:\\\/\\\/www.protect.airbus.com\\\/fr\\\/\"},{\"@type\":\"ListItem\",\"position\":2,\"name\":\"Cybers\u00e9curit\u00e9\",\"item\":\"https:\\\/\\\/www.protect.airbus.com\\\/fr\\\/cybersecurite\\\/\"},{\"@type\":\"ListItem\",\"position\":3,\"name\":\"S\u00e9curit\u00e9 industrielle \\\/ S\u00e9curit\u00e9 pour l\u2019OT\"}]},{\"@type\":\"WebSite\",\"@id\":\"https:\\\/\\\/www.protect.airbus.com\\\/fr\\\/#website\",\"url\":\"https:\\\/\\\/www.protect.airbus.com\\\/fr\\\/\",\"name\":\"Airbus Protect\",\"description\":\"\",\"publisher\":{\"@id\":\"https:\\\/\\\/www.protect.airbus.com\\\/fr\\\/#organization\"},\"potentialAction\":[{\"@type\":\"SearchAction\",\"target\":{\"@type\":\"EntryPoint\",\"urlTemplate\":\"https:\\\/\\\/www.protect.airbus.com\\\/fr\\\/?s={search_term_string}\"},\"query-input\":{\"@type\":\"PropertyValueSpecification\",\"valueRequired\":true,\"valueName\":\"search_term_string\"}}],\"inLanguage\":\"fr-FR\"},{\"@type\":\"Organization\",\"@id\":\"https:\\\/\\\/www.protect.airbus.com\\\/fr\\\/#organization\",\"name\":\"Airbus Protect\",\"url\":\"https:\\\/\\\/www.protect.airbus.com\\\/fr\\\/\",\"logo\":{\"@type\":\"ImageObject\",\"inLanguage\":\"fr-FR\",\"@id\":\"https:\\\/\\\/www.protect.airbus.com\\\/fr\\\/#\\\/schema\\\/logo\\\/image\\\/\",\"url\":\"https:\\\/\\\/www.protect.airbus.com\\\/wp-content\\\/uploads\\\/2023\\\/05\\\/logo-airbus-protect-696-696.png\",\"contentUrl\":\"https:\\\/\\\/www.protect.airbus.com\\\/wp-content\\\/uploads\\\/2023\\\/05\\\/logo-airbus-protect-696-696.png\",\"width\":696,\"height\":696,\"caption\":\"Airbus Protect\"},\"image\":{\"@id\":\"https:\\\/\\\/www.protect.airbus.com\\\/fr\\\/#\\\/schema\\\/logo\\\/image\\\/\"},\"sameAs\":[\"https:\\\/\\\/www.linkedin.com\\\/company\\\/airbus-protect\\\/\",\"https:\\\/\\\/www.youtube.com\\\/@airbusprotect7483\"],\"contactPoint\":{\"@type\":\"ContactPoint\",\"email\":\"protect@airbus.com\",\"contactType\":\"customer service\",\"areaServed\":[\"GB\",\"FR\",\"ES\",\"DE\",\"BE\",\"CH\",\"PT\",\"DK\",\"AT\"],\"availableLanguage\":[\"en\",\"fr\",\"de\"]}}]}<\/script>\n<!-- \/ Yoast SEO Premium plugin. -->","yoast_head_json":{"title":"S\u00e9curit\u00e9 industrielle OT : Prot\u00e9ger vos syst\u00e8mes","description":"D\u00e9couvrez comment nous pouvons vous aider \u00e0 assurer la s\u00e9curit\u00e9 industrielle op\u00e9rationnelle de vos op\u00e9rations contre les risques cyber.","robots":{"index":"index","follow":"follow","max-snippet":"max-snippet:-1","max-image-preview":"max-image-preview:large","max-video-preview":"max-video-preview:-1"},"canonical":"https:\/\/www.protect.airbus.com\/fr\/cybersecurite\/securite-industrielle-ot\/","og_locale":"fr_FR","og_type":"article","og_title":"S\u00e9curit\u00e9 industrielle \/ S\u00e9curit\u00e9 pour l\u2019OT","og_description":"D\u00e9couvrez comment nous pouvons vous aider \u00e0 assurer la s\u00e9curit\u00e9 industrielle op\u00e9rationnelle de vos op\u00e9rations contre les risques cyber.","og_url":"https:\/\/www.protect.airbus.com\/fr\/cybersecurite\/securite-industrielle-ot\/","og_site_name":"Airbus Protect","article_modified_time":"2025-09-24T15:12:40+00:00","og_image":[{"width":1929,"height":359,"url":"https:\/\/www.protect.airbus.com\/wp-content\/uploads\/2025\/08\/OT-Security-1.png","type":"image\/png"}],"twitter_card":"summary_large_image","twitter_misc":{"Dur\u00e9e de lecture estim\u00e9e":"5 minutes"},"schema":{"@context":"https:\/\/schema.org","@graph":[{"@type":"Service","name":"S\u00e9curit\u00e9 industrielle \/ S\u00e9curit\u00e9 pour l\u2019OT","url":"https:\/\/www.protect.airbus.com\/fr\/cybersecurite\/securite-industrielle-ot\/","provider":{"@id":"https:\/\/www.protect.airbus.com\/#organization"},"description":""},{"@type":"WebPage","@id":"https:\/\/www.protect.airbus.com\/fr\/cybersecurite\/securite-industrielle-ot\/","url":"https:\/\/www.protect.airbus.com\/fr\/cybersecurite\/securite-industrielle-ot\/","name":"S\u00e9curit\u00e9 industrielle OT : Prot\u00e9ger vos syst\u00e8mes","isPartOf":{"@id":"https:\/\/www.protect.airbus.com\/fr\/#website"},"primaryImageOfPage":{"@id":"https:\/\/www.protect.airbus.com\/fr\/cybersecurite\/securite-industrielle-ot\/#primaryimage"},"image":{"@id":"https:\/\/www.protect.airbus.com\/fr\/cybersecurite\/securite-industrielle-ot\/#primaryimage"},"thumbnailUrl":"https:\/\/www.protect.airbus.com\/wp-content\/uploads\/2025\/08\/OT-Security-1.png","datePublished":"2025-02-26T10:10:05+00:00","dateModified":"2025-09-24T15:12:40+00:00","description":"D\u00e9couvrez comment nous pouvons vous aider \u00e0 assurer la s\u00e9curit\u00e9 industrielle op\u00e9rationnelle de vos op\u00e9rations contre les risques cyber.","breadcrumb":{"@id":"https:\/\/www.protect.airbus.com\/fr\/cybersecurite\/securite-industrielle-ot\/#breadcrumb"},"inLanguage":"fr-FR","potentialAction":[{"@type":"ReadAction","target":["https:\/\/www.protect.airbus.com\/fr\/cybersecurite\/securite-industrielle-ot\/"]}]},{"@type":"ImageObject","inLanguage":"fr-FR","@id":"https:\/\/www.protect.airbus.com\/fr\/cybersecurite\/securite-industrielle-ot\/#primaryimage","url":"https:\/\/www.protect.airbus.com\/wp-content\/uploads\/2025\/08\/OT-Security-1.png","contentUrl":"https:\/\/www.protect.airbus.com\/wp-content\/uploads\/2025\/08\/OT-Security-1.png","width":1929,"height":359,"caption":"Airbus Protect delivers Cybersecurity Solutions for OT"},{"@type":"BreadcrumbList","@id":"https:\/\/www.protect.airbus.com\/fr\/cybersecurite\/securite-industrielle-ot\/#breadcrumb","itemListElement":[{"@type":"ListItem","position":1,"name":"Home","item":"https:\/\/www.protect.airbus.com\/fr\/"},{"@type":"ListItem","position":2,"name":"Cybers\u00e9curit\u00e9","item":"https:\/\/www.protect.airbus.com\/fr\/cybersecurite\/"},{"@type":"ListItem","position":3,"name":"S\u00e9curit\u00e9 industrielle \/ S\u00e9curit\u00e9 pour l\u2019OT"}]},{"@type":"WebSite","@id":"https:\/\/www.protect.airbus.com\/fr\/#website","url":"https:\/\/www.protect.airbus.com\/fr\/","name":"Airbus Protect","description":"","publisher":{"@id":"https:\/\/www.protect.airbus.com\/fr\/#organization"},"potentialAction":[{"@type":"SearchAction","target":{"@type":"EntryPoint","urlTemplate":"https:\/\/www.protect.airbus.com\/fr\/?s={search_term_string}"},"query-input":{"@type":"PropertyValueSpecification","valueRequired":true,"valueName":"search_term_string"}}],"inLanguage":"fr-FR"},{"@type":"Organization","@id":"https:\/\/www.protect.airbus.com\/fr\/#organization","name":"Airbus Protect","url":"https:\/\/www.protect.airbus.com\/fr\/","logo":{"@type":"ImageObject","inLanguage":"fr-FR","@id":"https:\/\/www.protect.airbus.com\/fr\/#\/schema\/logo\/image\/","url":"https:\/\/www.protect.airbus.com\/wp-content\/uploads\/2023\/05\/logo-airbus-protect-696-696.png","contentUrl":"https:\/\/www.protect.airbus.com\/wp-content\/uploads\/2023\/05\/logo-airbus-protect-696-696.png","width":696,"height":696,"caption":"Airbus Protect"},"image":{"@id":"https:\/\/www.protect.airbus.com\/fr\/#\/schema\/logo\/image\/"},"sameAs":["https:\/\/www.linkedin.com\/company\/airbus-protect\/","https:\/\/www.youtube.com\/@airbusprotect7483"],"contactPoint":{"@type":"ContactPoint","email":"protect@airbus.com","contactType":"customer service","areaServed":["GB","FR","ES","DE","BE","CH","PT","DK","AT"],"availableLanguage":["en","fr","de"]}}]}},"_links":{"self":[{"href":"https:\/\/www.protect.airbus.com\/fr\/wp-json\/wp\/v2\/pages\/25529","targetHints":{"allow":["GET"]}}],"collection":[{"href":"https:\/\/www.protect.airbus.com\/fr\/wp-json\/wp\/v2\/pages"}],"about":[{"href":"https:\/\/www.protect.airbus.com\/fr\/wp-json\/wp\/v2\/types\/page"}],"author":[{"embeddable":true,"href":"https:\/\/www.protect.airbus.com\/fr\/wp-json\/wp\/v2\/users\/8"}],"replies":[{"embeddable":true,"href":"https:\/\/www.protect.airbus.com\/fr\/wp-json\/wp\/v2\/comments?post=25529"}],"version-history":[{"count":13,"href":"https:\/\/www.protect.airbus.com\/fr\/wp-json\/wp\/v2\/pages\/25529\/revisions"}],"predecessor-version":[{"id":38442,"href":"https:\/\/www.protect.airbus.com\/fr\/wp-json\/wp\/v2\/pages\/25529\/revisions\/38442"}],"up":[{"embeddable":true,"href":"https:\/\/www.protect.airbus.com\/fr\/wp-json\/wp\/v2\/pages\/6938"}],"wp:featuredmedia":[{"embeddable":true,"href":"https:\/\/www.protect.airbus.com\/fr\/wp-json\/wp\/v2\/media\/36919"}],"wp:attachment":[{"href":"https:\/\/www.protect.airbus.com\/fr\/wp-json\/wp\/v2\/media?parent=25529"}],"curies":[{"name":"wp","href":"https:\/\/api.w.org\/{rel}","templated":true}]}}