{"id":24452,"date":"2025-02-04T10:43:52","date_gmt":"2025-02-04T09:43:52","guid":{"rendered":"https:\/\/www.protect.airbus.com\/?page_id=24452"},"modified":"2025-03-05T17:46:52","modified_gmt":"2025-03-05T16:46:52","slug":"ppc-safety","status":"publish","type":"page","link":"https:\/\/www.protect.airbus.com\/fr\/ppc-safety\/","title":{"rendered":"Conformit\u00e9 aux normes de s\u00fbret\u00e9 et gestion des risques"},"content":{"rendered":"<div class=\"wpb-content-wrapper\"><p>[vc_row][vc_column][vc_column_text css=\u00a0\u00bb\u00a0\u00bb h2_style=\u00a0\u00bbh2Big\u00a0\u00bb h2_couleur=\u00a0\u00bbh2SafeMobility\u00a0\u00bb]<\/p>\n<h2 style=\"text-align: center;\"><strong>Aller au-del\u00e0 de la s\u00fbret\u00e9 industrielle standard pour rendre les industries et les syst\u00e8mes de transport plus verts.<\/strong><\/h2>\n<p>[\/vc_column_text]<div class=\"divBtCTA btAlignCenter\"><a onclick=\"fctGoToSection('formulaire-safety-ppc');\" class=\"button btSafeMobility\">Contactez-nous<\/a><\/div>[vc_column_text p_style=\u00a0\u00bbpIntermediaire\u00a0\u00bb]<strong>Alors que nous entrons dans une nouvelle \u00e8re en mati\u00e8re de mobilit\u00e9 a\u00e9rienne et terrestre dans les villes intelligentes, de nouvelles normes de s\u00fbret\u00e9 fiables en mati\u00e8re de safety sont requises.<\/strong><\/p>\n<p><strong>Afin d\u2019\u00eatre pr\u00eates pour l\u2019avenir, les technologies \u00e9mergentes doivent atteindre des objectifs de sustainability environnementale et z\u00e9ro \u00e9mission, tout en \u00e9tant int\u00e9gr\u00e9es de mani\u00e8re s\u00fbre et s\u00e9curis\u00e9e aux r\u00e9seaux de transport.<\/strong><\/p>\n<p><strong>Nous comprenons les risques associ\u00e9s et nous savons comment les att\u00e9nuer. De plus, nous soutenons et collaborons avec nos clients et nos partenaires en vue de d\u00e9velopper une politique et une r\u00e9glementation efficaces autour de la mobilit\u00e9 de demain.<\/strong>[\/vc_column_text][vc_tta_accordion active_section=\u00a0\u00bb0&Prime; collapsible_all=\u00a0\u00bbtrue\u00a0\u00bb][vc_tta_section title=\u00a0\u00bbPionniers en mati\u00e8re de s\u00e9curit\u00e9 industrielle\u00a0\u00bb tab_id=\u00a0\u00bb1690558830937-1a92930a-f7cc\u00a0\u00bb][vc_column_text]<\/p>\n<div class=\"wpb_text_column wpb_content_element pHighlight h2 h3\">\n<div class=\"wpb_wrapper\">\n<p>Avec plus de 30\u00a0ans d\u2019exp\u00e9rience dans le domaine de la s\u00fbret\u00e9 et de la gestion des risques, en plus de notre expertise en R&amp;D et de notre ADN marqu\u00e9 par l\u2019innovation, nous soutenons nos clients afin qu\u2019ils deviennent leaders dans la r\u00e9volution des mobilit\u00e9s intelligentes.<\/p>\n<p>Qu\u2019il s\u2019agisse de transport z\u00e9ro \u00e9mission, de villes intelligentes, de v\u00e9hicules connect\u00e9s\/autonomes ou de tout autre domaine, nous vous offrons notre expertise en mati\u00e8re de safety afin que vous puissiez vous concentrer sur votre activit\u00e9 principale. Cela signifie :<\/p>\n<\/div>\n<\/div>\n<div class=\"wpb_text_column wpb_content_element pHighlight h2 h3\">\n<div class=\"wpb_wrapper\">\n<ul>\n<li>S\u00e9curiser tous les aspects de votre activit\u00e9 et de votre infrastructure de mobilit\u00e9<\/li>\n<li>\n<div class=\"docos-collapsible-replyview\">\n<div class=\"docos-replyview-static\">\n<div class=\"docos-replyview-body docos-anchoredreplyview-body docos-replyview-body-emoji-reactable docos-replyview-body-emoji-reactable-background\" dir=\"ltr\">Am\u00e9liorer votre Safety Management System (SMS)<\/div>\n<\/div>\n<\/div>\n<\/li>\n<li>Collaborer avec les organismes de r\u00e9gulation et les autorit\u00e9s afin d\u2019obtenir les certifications dont vous avez besoin<\/li>\n<li>Encourager et renforcer l\u2019acceptation sociale des utilisateurs finaux dans vos solutions de mobilit\u00e9 de demain<\/li>\n<\/ul>\n<\/div>\n<\/div>\n<p>[\/vc_column_text][\/vc_tta_section][vc_tta_section title=\u00a0\u00bbNotre approche et notre \u00e9cosyst\u00e8me\u00a0\u00bb tab_id=\u00a0\u00bb1690558830945-a92b88cb-9f31&Prime;][vc_column_text p_style=\u00a0\u00bbpHighlight\u00a0\u00bb]Nous savons que chaque organisation est unique et qu\u2019elle est en constante \u00e9volution. Une approche hautement personnalis\u00e9e est donc un facteur cl\u00e9.<\/p>\n<p>Notre expertise est profond\u00e9ment ancr\u00e9e dans le cycle de vie commercial et produit de nos clients. Nous sommes reconnus pour notre capacit\u00e9 \u00e0 g\u00e9rer les risques safety de mani\u00e8re holistique tout en restant concentr\u00e9s sur l\u2019am\u00e9lioration continue. Cela recouvre l\u2019int\u00e9gralit\u00e9 du processus, de la conception du produit au recyclage s\u00fbr.[\/vc_column_text][\/vc_tta_section][\/vc_tta_accordion][\/vc_column][\/vc_row][vc_row][vc_column]<div class=\"conteneurSolutionService conteneurSolutionServiceSafeMobility\">\n<h2>Solutions et services<\/h2><div class=\"listeSolutionService\">\n    <div class=\"headerListeSolutionService\">\n                    <\/div>\n<div class=\"blocsSolutionService\"><div class=\"blocSolutionService blocSolutionServiceURL\">\n    <div>\n                <h4>Conformit\u00e9 et certification en mati\u00e8re de safety<\/h4>        <p>Nous vous aidons \u00e0 allier safety et confiance pour les utilisateurs finaux.<\/p>    <\/div>\n            <div class=\"overlay\" onclick=\"document.location.href='https:\/\/www.protect.airbus.com\/fr\/safety\/conformite-certification\/';\">\n            <span class=\"readMore\"><a href=\"https:\/\/www.protect.airbus.com\/fr\/safety\/conformite-certification\/\" title=\"Conformit\u00e9 et certification en mati\u00e8re de safety\">Lire la suite &gt;<\/a><\/span>\n        <\/div>\n        <\/div><div class=\"blocSolutionService blocSolutionServiceURL\">\n    <div>\n                <h4>Syst\u00e8mes et infrastructures de d\u00e9fense<\/h4>        <p>Nous vous accompagnons pour am\u00e9lioration de la s\u00fbret\u00e9 et la s\u00e9curit\u00e9 des projets de d\u00e9fense critiques.<\/p>    <\/div>\n            <div class=\"overlay\" onclick=\"document.location.href='https:\/\/www.protect.airbus.com\/fr\/safety\/systemes-et-infrastructures-defense\/';\">\n            <span class=\"readMore\"><a href=\"https:\/\/www.protect.airbus.com\/fr\/safety\/systemes-et-infrastructures-defense\/\" title=\"Syst\u00e8mes et infrastructures de d\u00e9fense\">Lire la suite &gt;<\/a><\/span>\n        <\/div>\n        <\/div><div class=\"blocSolutionService blocSolutionServiceURL\">\n    <div>\n                <h4>V\u00e9hicules autonomes<\/h4>        <p>Nous vous montrons comment mettre la safety au service des syst\u00e8mes de transport autonomes<\/p>    <\/div>\n            <div class=\"overlay\" onclick=\"document.location.href='https:\/\/www.protect.airbus.com\/fr\/safety\/vehicules-autonomes\/';\">\n            <span class=\"readMore\"><a href=\"https:\/\/www.protect.airbus.com\/fr\/safety\/vehicules-autonomes\/\" title=\"V\u00e9hicules autonomes\">Lire la suite &gt;<\/a><\/span>\n        <\/div>\n        <\/div><div class=\"blocSolutionService blocSolutionServiceURL\">\n    <div>\n                <h4>ATM \/ UTM - Gestion du trafic a\u00e9rien et du trafic des drones<\/h4>        <p>Nous acc\u00e9l\u00e9rons l&#039;int\u00e9gration et l&#039;automatisation ATM\/UTM<\/p>    <\/div>\n            <div class=\"overlay\" onclick=\"document.location.href='https:\/\/www.protect.airbus.com\/fr\/safety\/gestion-trafic-aerien-et-trafic-des-drones\/';\">\n            <span class=\"readMore\"><a href=\"https:\/\/www.protect.airbus.com\/fr\/safety\/gestion-trafic-aerien-et-trafic-des-drones\/\" title=\"ATM \/ UTM - Gestion du trafic a\u00e9rien et du trafic des drones\">Lire la suite &gt;<\/a><\/span>\n        <\/div>\n        <\/div><div class=\"blocSolutionService blocSolutionServiceURL\">\n    <div>\n                <h4>Mobilit\u00e9 intelligente<\/h4>        <p>Nous favorisons la transition vers des plateformes de mobilit\u00e9 plus s\u00fbres et plus propres.<\/p>    <\/div>\n            <div class=\"overlay\" onclick=\"document.location.href='https:\/\/www.protect.airbus.com\/fr\/safety\/mobilite-intelligence\/';\">\n            <span class=\"readMore\"><a href=\"https:\/\/www.protect.airbus.com\/fr\/safety\/mobilite-intelligence\/\" title=\"Mobilit\u00e9 intelligente\">Lire la suite &gt;<\/a><\/span>\n        <\/div>\n        <\/div><div class=\"blocSolutionService blocSolutionServiceURL\">\n    <div>\n                <h4>Mobilit\u00e9 \u00e0 hydrog\u00e8ne<\/h4>        <p>Nous garantissons une utilisation plus s\u00fbre des syst\u00e8mes \u00e0 l&#039;hydrog\u00e8ne.<\/p>    <\/div>\n            <div class=\"overlay\" onclick=\"document.location.href='https:\/\/www.protect.airbus.com\/fr\/safety\/mobilite-hydrogene\/';\">\n            <span class=\"readMore\"><a href=\"https:\/\/www.protect.airbus.com\/fr\/safety\/mobilite-hydrogene\/\" title=\"Mobilit\u00e9 \u00e0 hydrog\u00e8ne\">Lire la suite &gt;<\/a><\/span>\n        <\/div>\n        <\/div><\/div>\n    <\/div><\/div>[vc_column_text css=\u00a0\u00bb\u00a0\u00bb]<\/p>\n<h2>Ils nous font confiance<\/h2>\n<p>[\/vc_column_text][vc_gallery type=\u00a0\u00bbimage_grid\u00a0\u00bb images=\u00a0\u00bb17483,17480,17477,17474,25891&Prime; img_size=\u00a0\u00bbmedium\u00a0\u00bb css=\u00a0\u00bb\u00a0\u00bb][\/vc_column][\/vc_row][vc_row][vc_column]<div class=\"blocMoreInfo\">\n    <div class=\"ancreDeDestination\" data-ancre-destination=\"formulaire-safety-ppc\" id=\"formulaire-safety-ppc\"><\/div>[vc_column_text css=\u00a0\u00bb\u00a0\u00bb p_style=\u00a0\u00bbpHighlight\u00a0\u00bb]<\/p>\n<h3><b>Atteindre la conformit\u00e9 en mati\u00e8re de s\u00fbret\u00e9 industrielle avec Airbus Protect<\/b><\/h3>\n<p><b>R\u00e9duisez les risques et assurez un avenir plus s\u00fbr \u00e0 vos op\u00e9rations.<\/b>[\/vc_column_text][vc_raw_html css=\u00a0\u00bb\u00a0\u00bb]JTNDaWZyYW1lJTIwd2lkdGglM0QlMjIxMDAwJTIyJTIwaGVpZ2h0JTNEJTIyMTIwMCUyMiUyMHNyYyUzRCUyMmh0dHBzJTNBJTJGJTJGMmU0OTIzMzMuc2liZm9ybXMuY29tJTJGc2VydmUlMkZNVUlGQURqempseWFuMGYzYmFqZ2Q2MFE0cGIzbmpqejdZaHBiMFNyT0kyQUJWOEtDMy1aemlMOHNqWXN0V3MzQlFUSWlRbDJVcVJWdzh0ZEFwWGo2bjMtUVRmZ3gzUm5hMlV1dk1JbFdGek5WMXFIWUUtblJjQ2I4c2c1clNtNWZ1SWdkeTdQdGJsdnJLTlJsbzFvbEVieU5qUmRwYVZ3M2d6SkpncTc5RmtyVzZFTW1adzJhZFdwWmJISXFOWEZUQm9lVElvU3ZWWW9iMk5OJTIyJTIwZnJhbWVib3JkZXIlM0QlMjIwJTIyJTIwc2Nyb2xsaW5nJTNEJTIyYXV0byUyMiUyMGFsbG93ZnVsbHNjcmVlbiUyMHN0eWxlJTNEJTIyZGlzcGxheSUzQSUyMGJsb2NrJTNCbWFyZ2luLWxlZnQlM0ElMjBhdXRvJTNCbWFyZ2luLXJpZ2h0JTNBJTIwYXV0byUzQm1heC13aWR0aCUzQSUyMDEwMCUyNSUzQiUyMiUzRSUzQyUyRmlmcmFtZSUzRQ==[\/vc_raw_html]    <\/div>[\/vc_column][\/vc_row]<\/p>\n<\/div>","protected":false},"excerpt":{"rendered":"<p>[vc_row][vc_column][vc_column_text css=\u00a0\u00bb\u00a0\u00bb h2_style=\u00a0\u00bbh2Big\u00a0\u00bb h2_couleur=\u00a0\u00bbh2SafeMobility\u00a0\u00bb] Aller au-del\u00e0 de la s\u00fbret\u00e9 industrielle standard pour rendre les industries et les syst\u00e8mes de transport plus verts. [\/vc_column_text][vc_column_text p_style=\u00a0\u00bbpIntermediaire\u00a0\u00bb]Alors que nous entrons dans une nouvelle \u00e8re en mati\u00e8re de mobilit\u00e9 a\u00e9rienne et terrestre dans les villes intelligentes, de nouvelles normes de s\u00fbret\u00e9 fiables en mati\u00e8re de safety sont requises. Afin [&hellip;]<\/p>\n","protected":false},"author":4,"featured_media":6509,"parent":0,"menu_order":0,"comment_status":"closed","ping_status":"closed","template":"page-header-slider.php","meta":{"_acf_changed":false,"content-type":"","_relevanssi_hide_post":"","_relevanssi_hide_content":"","_relevanssi_pin_for_all":"","_relevanssi_pin_keywords":"","_relevanssi_unpin_keywords":"","_relevanssi_related_keywords":"","_relevanssi_related_include_ids":"","_relevanssi_related_exclude_ids":"","_relevanssi_related_no_append":"","_relevanssi_related_not_related":"","_relevanssi_related_posts":"","_relevanssi_noindex_reason":"","footnotes":""},"class_list":["post-24452","page","type-page","status-publish","has-post-thumbnail","hentry"],"acf":[],"yoast_head":"<!-- This site is optimized with the Yoast SEO Premium plugin v27.2 (Yoast SEO v27.2) - https:\/\/yoast.com\/product\/yoast-seo-premium-wordpress\/ -->\n<title>Safety : limiter les risques dans les technologies \u00e9mergentes<\/title>\n<meta name=\"description\" content=\"Faites appel \u00e0 nos experts en safety pour des industries et des syst\u00e8mes de transport plus s\u00fbrs, plus verts et plus inclusifs.\" \/>\n<meta name=\"robots\" content=\"index, nofollow, max-snippet:-1, max-image-preview:large, max-video-preview:-1\" \/>\n<link rel=\"canonical\" href=\"https:\/\/www.protect.airbus.com\/fr\/ppc-safety\/\" \/>\n<meta property=\"og:locale\" content=\"fr_FR\" \/>\n<meta property=\"og:type\" content=\"article\" \/>\n<meta property=\"og:title\" content=\"Conformit\u00e9 aux normes de s\u00fbret\u00e9 et gestion des risques\" \/>\n<meta property=\"og:description\" content=\"Faites appel \u00e0 nos experts en safety pour des industries et des syst\u00e8mes de transport plus s\u00fbrs, plus verts et plus inclusifs.\" \/>\n<meta property=\"og:url\" content=\"https:\/\/www.protect.airbus.com\/fr\/ppc-safety\/\" \/>\n<meta property=\"og:site_name\" content=\"Airbus Protect\" \/>\n<meta property=\"article:modified_time\" content=\"2025-03-05T16:46:52+00:00\" \/>\n<meta property=\"og:image\" content=\"https:\/\/www.protect.airbus.com\/wp-content\/uploads\/revslider\/header-safety-en\/slider-header-safety-4.jpg\" \/>\n\t<meta property=\"og:image:width\" content=\"960\" \/>\n\t<meta property=\"og:image:height\" content=\"582\" \/>\n\t<meta property=\"og:image:type\" content=\"image\/jpeg\" \/>\n<meta name=\"twitter:card\" content=\"summary_large_image\" \/>\n<meta name=\"twitter:label1\" content=\"Dur\u00e9e de lecture estim\u00e9e\" \/>\n\t<meta name=\"twitter:data1\" content=\"3 minutes\" \/>\n<script type=\"application\/ld+json\" class=\"yoast-schema-graph\">{\"@context\":\"https:\/\/schema.org\",\"@graph\":[{\"@type\":\"WebPage\",\"@id\":\"https:\/\/www.protect.airbus.com\/fr\/ppc-safety\/\",\"url\":\"https:\/\/www.protect.airbus.com\/fr\/ppc-safety\/\",\"name\":\"Safety : limiter les risques dans les technologies \u00e9mergentes\",\"isPartOf\":{\"@id\":\"https:\/\/www.protect.airbus.com\/fr\/#website\"},\"primaryImageOfPage\":{\"@id\":\"https:\/\/www.protect.airbus.com\/fr\/ppc-safety\/#primaryimage\"},\"image\":{\"@id\":\"https:\/\/www.protect.airbus.com\/fr\/ppc-safety\/#primaryimage\"},\"thumbnailUrl\":\"https:\/\/www.protect.airbus.com\/wp-content\/uploads\/revslider\/header-safety-en\/slider-header-safety-4.jpg\",\"datePublished\":\"2025-02-04T09:43:52+00:00\",\"dateModified\":\"2025-03-05T16:46:52+00:00\",\"description\":\"Faites appel \u00e0 nos experts en safety pour des industries et des syst\u00e8mes de transport plus s\u00fbrs, plus verts et plus inclusifs.\",\"breadcrumb\":{\"@id\":\"https:\/\/www.protect.airbus.com\/fr\/ppc-safety\/#breadcrumb\"},\"inLanguage\":\"fr-FR\",\"potentialAction\":[{\"@type\":\"ReadAction\",\"target\":[\"https:\/\/www.protect.airbus.com\/fr\/ppc-safety\/\"]}]},{\"@type\":\"ImageObject\",\"inLanguage\":\"fr-FR\",\"@id\":\"https:\/\/www.protect.airbus.com\/fr\/ppc-safety\/#primaryimage\",\"url\":\"https:\/\/www.protect.airbus.com\/wp-content\/uploads\/revslider\/header-safety-en\/slider-header-safety-4.jpg\",\"contentUrl\":\"https:\/\/www.protect.airbus.com\/wp-content\/uploads\/revslider\/header-safety-en\/slider-header-safety-4.jpg\",\"width\":960,\"height\":582},{\"@type\":\"BreadcrumbList\",\"@id\":\"https:\/\/www.protect.airbus.com\/fr\/ppc-safety\/#breadcrumb\",\"itemListElement\":[{\"@type\":\"ListItem\",\"position\":1,\"name\":\"Home\",\"item\":\"https:\/\/www.protect.airbus.com\/fr\/\"},{\"@type\":\"ListItem\",\"position\":2,\"name\":\"Conformit\u00e9 aux normes de s\u00fbret\u00e9 et gestion des risques\"}]},{\"@type\":\"WebSite\",\"@id\":\"https:\/\/www.protect.airbus.com\/fr\/#website\",\"url\":\"https:\/\/www.protect.airbus.com\/fr\/\",\"name\":\"Airbus Protect\",\"description\":\"\",\"publisher\":{\"@id\":\"https:\/\/www.protect.airbus.com\/fr\/#organization\"},\"potentialAction\":[{\"@type\":\"SearchAction\",\"target\":{\"@type\":\"EntryPoint\",\"urlTemplate\":\"https:\/\/www.protect.airbus.com\/fr\/?s={search_term_string}\"},\"query-input\":{\"@type\":\"PropertyValueSpecification\",\"valueRequired\":true,\"valueName\":\"search_term_string\"}}],\"inLanguage\":\"fr-FR\"},{\"@type\":\"Organization\",\"@id\":\"https:\/\/www.protect.airbus.com\/fr\/#organization\",\"name\":\"Airbus Protect\",\"url\":\"https:\/\/www.protect.airbus.com\/fr\/\",\"logo\":{\"@type\":\"ImageObject\",\"inLanguage\":\"fr-FR\",\"@id\":\"https:\/\/www.protect.airbus.com\/fr\/#\/schema\/logo\/image\/\",\"url\":\"https:\/\/www.protect.airbus.com\/wp-content\/uploads\/2023\/05\/logo-airbus-protect-696-696.png\",\"contentUrl\":\"https:\/\/www.protect.airbus.com\/wp-content\/uploads\/2023\/05\/logo-airbus-protect-696-696.png\",\"width\":696,\"height\":696,\"caption\":\"Airbus Protect\"},\"image\":{\"@id\":\"https:\/\/www.protect.airbus.com\/fr\/#\/schema\/logo\/image\/\"},\"sameAs\":[\"https:\/\/www.linkedin.com\/company\/airbus-protect\/\",\"https:\/\/www.youtube.com\/@airbusprotect7483\"],\"contactPoint\":{\"@type\":\"ContactPoint\",\"email\":\"protect@airbus.com\",\"contactType\":\"customer service\",\"areaServed\":[\"GB\",\"FR\",\"ES\",\"DE\",\"BE\",\"CH\",\"PT\",\"DK\",\"AT\"],\"availableLanguage\":[\"en\",\"fr\",\"de\"]}}]}<\/script>\n<!-- \/ Yoast SEO Premium plugin. -->","yoast_head_json":{"title":"Safety : limiter les risques dans les technologies \u00e9mergentes","description":"Faites appel \u00e0 nos experts en safety pour des industries et des syst\u00e8mes de transport plus s\u00fbrs, plus verts et plus inclusifs.","robots":{"index":"index","follow":"nofollow","max-snippet":"max-snippet:-1","max-image-preview":"max-image-preview:large","max-video-preview":"max-video-preview:-1"},"canonical":"https:\/\/www.protect.airbus.com\/fr\/ppc-safety\/","og_locale":"fr_FR","og_type":"article","og_title":"Conformit\u00e9 aux normes de s\u00fbret\u00e9 et gestion des risques","og_description":"Faites appel \u00e0 nos experts en safety pour des industries et des syst\u00e8mes de transport plus s\u00fbrs, plus verts et plus inclusifs.","og_url":"https:\/\/www.protect.airbus.com\/fr\/ppc-safety\/","og_site_name":"Airbus Protect","article_modified_time":"2025-03-05T16:46:52+00:00","og_image":[{"width":960,"height":582,"url":"https:\/\/www.protect.airbus.com\/wp-content\/uploads\/revslider\/header-safety-en\/slider-header-safety-4.jpg","type":"image\/jpeg"}],"twitter_card":"summary_large_image","twitter_misc":{"Dur\u00e9e de lecture estim\u00e9e":"3 minutes"},"schema":{"@context":"https:\/\/schema.org","@graph":[{"@type":"WebPage","@id":"https:\/\/www.protect.airbus.com\/fr\/ppc-safety\/","url":"https:\/\/www.protect.airbus.com\/fr\/ppc-safety\/","name":"Safety : limiter les risques dans les technologies \u00e9mergentes","isPartOf":{"@id":"https:\/\/www.protect.airbus.com\/fr\/#website"},"primaryImageOfPage":{"@id":"https:\/\/www.protect.airbus.com\/fr\/ppc-safety\/#primaryimage"},"image":{"@id":"https:\/\/www.protect.airbus.com\/fr\/ppc-safety\/#primaryimage"},"thumbnailUrl":"https:\/\/www.protect.airbus.com\/wp-content\/uploads\/revslider\/header-safety-en\/slider-header-safety-4.jpg","datePublished":"2025-02-04T09:43:52+00:00","dateModified":"2025-03-05T16:46:52+00:00","description":"Faites appel \u00e0 nos experts en safety pour des industries et des syst\u00e8mes de transport plus s\u00fbrs, plus verts et plus inclusifs.","breadcrumb":{"@id":"https:\/\/www.protect.airbus.com\/fr\/ppc-safety\/#breadcrumb"},"inLanguage":"fr-FR","potentialAction":[{"@type":"ReadAction","target":["https:\/\/www.protect.airbus.com\/fr\/ppc-safety\/"]}]},{"@type":"ImageObject","inLanguage":"fr-FR","@id":"https:\/\/www.protect.airbus.com\/fr\/ppc-safety\/#primaryimage","url":"https:\/\/www.protect.airbus.com\/wp-content\/uploads\/revslider\/header-safety-en\/slider-header-safety-4.jpg","contentUrl":"https:\/\/www.protect.airbus.com\/wp-content\/uploads\/revslider\/header-safety-en\/slider-header-safety-4.jpg","width":960,"height":582},{"@type":"BreadcrumbList","@id":"https:\/\/www.protect.airbus.com\/fr\/ppc-safety\/#breadcrumb","itemListElement":[{"@type":"ListItem","position":1,"name":"Home","item":"https:\/\/www.protect.airbus.com\/fr\/"},{"@type":"ListItem","position":2,"name":"Conformit\u00e9 aux normes de s\u00fbret\u00e9 et gestion des risques"}]},{"@type":"WebSite","@id":"https:\/\/www.protect.airbus.com\/fr\/#website","url":"https:\/\/www.protect.airbus.com\/fr\/","name":"Airbus Protect","description":"","publisher":{"@id":"https:\/\/www.protect.airbus.com\/fr\/#organization"},"potentialAction":[{"@type":"SearchAction","target":{"@type":"EntryPoint","urlTemplate":"https:\/\/www.protect.airbus.com\/fr\/?s={search_term_string}"},"query-input":{"@type":"PropertyValueSpecification","valueRequired":true,"valueName":"search_term_string"}}],"inLanguage":"fr-FR"},{"@type":"Organization","@id":"https:\/\/www.protect.airbus.com\/fr\/#organization","name":"Airbus Protect","url":"https:\/\/www.protect.airbus.com\/fr\/","logo":{"@type":"ImageObject","inLanguage":"fr-FR","@id":"https:\/\/www.protect.airbus.com\/fr\/#\/schema\/logo\/image\/","url":"https:\/\/www.protect.airbus.com\/wp-content\/uploads\/2023\/05\/logo-airbus-protect-696-696.png","contentUrl":"https:\/\/www.protect.airbus.com\/wp-content\/uploads\/2023\/05\/logo-airbus-protect-696-696.png","width":696,"height":696,"caption":"Airbus Protect"},"image":{"@id":"https:\/\/www.protect.airbus.com\/fr\/#\/schema\/logo\/image\/"},"sameAs":["https:\/\/www.linkedin.com\/company\/airbus-protect\/","https:\/\/www.youtube.com\/@airbusprotect7483"],"contactPoint":{"@type":"ContactPoint","email":"protect@airbus.com","contactType":"customer service","areaServed":["GB","FR","ES","DE","BE","CH","PT","DK","AT"],"availableLanguage":["en","fr","de"]}}]}},"_links":{"self":[{"href":"https:\/\/www.protect.airbus.com\/fr\/wp-json\/wp\/v2\/pages\/24452","targetHints":{"allow":["GET"]}}],"collection":[{"href":"https:\/\/www.protect.airbus.com\/fr\/wp-json\/wp\/v2\/pages"}],"about":[{"href":"https:\/\/www.protect.airbus.com\/fr\/wp-json\/wp\/v2\/types\/page"}],"author":[{"embeddable":true,"href":"https:\/\/www.protect.airbus.com\/fr\/wp-json\/wp\/v2\/users\/4"}],"replies":[{"embeddable":true,"href":"https:\/\/www.protect.airbus.com\/fr\/wp-json\/wp\/v2\/comments?post=24452"}],"version-history":[{"count":25,"href":"https:\/\/www.protect.airbus.com\/fr\/wp-json\/wp\/v2\/pages\/24452\/revisions"}],"predecessor-version":[{"id":25911,"href":"https:\/\/www.protect.airbus.com\/fr\/wp-json\/wp\/v2\/pages\/24452\/revisions\/25911"}],"wp:featuredmedia":[{"embeddable":true,"href":"https:\/\/www.protect.airbus.com\/fr\/wp-json\/wp\/v2\/media\/6509"}],"wp:attachment":[{"href":"https:\/\/www.protect.airbus.com\/fr\/wp-json\/wp\/v2\/media?parent=24452"}],"curies":[{"name":"wp","href":"https:\/\/api.w.org\/{rel}","templated":true}]}}