{"id":22520,"date":"2025-01-08T17:33:33","date_gmt":"2025-01-08T16:33:33","guid":{"rendered":"https:\/\/www.protect.airbus.com\/?page_id=22520"},"modified":"2026-02-12T17:12:04","modified_gmt":"2026-02-12T16:12:04","slug":"temoignage-client-tesat","status":"publish","type":"page","link":"https:\/\/www.protect.airbus.com\/fr\/temoignage-client-tesat\/","title":{"rendered":"T\u00e9moignage client : la strat\u00e9gie de s\u00e9curit\u00e9 de TESAT"},"content":{"rendered":"<div class=\"wpb-content-wrapper\"><p>[vc_row][vc_column][vc_empty_space height=\u00a0\u00bb20px\u00a0\u00bb][vc_column_text css=\u00a0\u00bb.vc_custom_1739806745276{margin-bottom: 0px !important;padding-bottom: 0px !important;}\u00a0\u00bb h2_style=\u00a0\u00bbh2Big\u00a0\u00bb p_style=\u00a0\u00bbpBig\u00a0\u00bb]<\/p>\n<h2>T\u00e9moignage client : Comment Airbus Protect a renforc\u00e9 la strat\u00e9gie de s\u00e9curit\u00e9 de TESAT<\/h2>\n<p>[\/vc_column_text][vc_column_text css=\u00a0\u00bb.vc_custom_1739804450379{margin-bottom: 0px !important;padding-bottom: 0px !important;}\u00a0\u00bb p_style=\u00a0\u00bbpHighlight\u00a0\u00bb]<span style=\"font-weight: 400;\">Les entreprises manufacturi\u00e8res de divers secteurs constituent la base de la client\u00e8le d&rsquo;Airbus Protect. Une cyberattaque r\u00e9ussie contre ces organisations peut perturber les cha\u00eenes d&rsquo;approvisionnement, arr\u00eater les lignes de production et entra\u00eener des pertes financi\u00e8res importantes, ce qui en fait des cibles de choix pour les cybermenaces. Dans un paysage cyber en constante \u00e9volution, la s\u00e9curit\u00e9 de ces entreprises manufacturi\u00e8res est primordiale pour maintenir la continuit\u00e9 op\u00e9rationnelle et la stabilit\u00e9 \u00e9conomique.<\/span>[\/vc_column_text][vc_empty_space height=\u00a0\u00bb20px\u00a0\u00bb]<div class=\"divBtCTA btAlignCenter\"><a onclick=\"fctGoToSection('formulaire-contact');\" class=\"button btCybersecurity\">Contactez notre \u00e9quipe d&#039;experts<\/a><\/div>[\/vc_column][vc_column][vc_row_inner][vc_column_inner][vc_column_text css=\u00a0\u00bb\u00a0\u00bb h3_couleur=\u00a0\u00bbh3BleuAirbus\u00a0\u00bb p_style=\u00a0\u00bbpIntermediaire\u00a0\u00bb]<\/p>\n<h3>Le client<\/h3>\n<p>TESAT est l&rsquo;un des principaux fabricants d&rsquo;\u00e9quipements pour satellites. Sa gamme de produits s&rsquo;\u00e9tend des plus petits composants spatiaux aux modules, en passant par des assemblages complets ou des \u00e9quipements pour les t\u00e9l\u00e9communications, la navigation, l&rsquo;observation de la Terre et les missions scientifiques. \u00c0 Backnang, en Allemagne, plus de 1 200 employ\u00e9s d\u00e9veloppent, assemblent et testent des syst\u00e8mes et des \u00e9quipements pour les communications par satellite. TESAT est le leader technologique des terminaux de communication optique v\u00e9rifi\u00e9s en orbite pour la transmission de donn\u00e9es par laser et se concentre sur les programmes spatiaux commerciaux et institutionnels.[\/vc_column_text][vc_single_image image=\u00a0\u00bb22525&Prime; img_size=\u00a0\u00bbmedium\u00a0\u00bb alignment=\u00a0\u00bbcenter\u00a0\u00bb onclick=\u00a0\u00bbcustom_link\u00a0\u00bb img_link_target=\u00a0\u00bb_blank\u00a0\u00bb css=\u00a0\u00bb\u00a0\u00bb link=\u00a0\u00bbhttps:\/\/www.tesat.de\/\u00a0\u00bb][vc_column_text css=\u00a0\u00bb\u00a0\u00bb p_style=\u00a0\u00bbpIntermediaire\u00a0\u00bb]<\/p>\n<h3>Besoin du client : Construire et tester un SMSI robuste avec l&rsquo;accompagnement d&rsquo;experts<\/h3>\n<p>Afin d&rsquo;am\u00e9liorer son programme de s\u00e9curit\u00e9 de l&rsquo;information et de garantir la conformit\u00e9 aux exigences l\u00e9gales, r\u00e9glementaires et des clients, TESAT a d\u00e9cid\u00e9 de d\u00e9velopper et d&rsquo;exploiter un syst\u00e8me de management de la s\u00e9curit\u00e9 de l&rsquo;information (SMSI) certifi\u00e9 ISO 27001.<\/p>\n<p>Pour cr\u00e9er et mettre en \u0153uvre les politiques, processus et directives de s\u00e9curit\u00e9 de l&rsquo;information n\u00e9cessaires \u00e0 la certification, TESAT a demand\u00e9 l&rsquo;aide d&rsquo;Airbus Protect. Apr\u00e8s avoir obtenu la certification ISO 27001, TESAT a souhait\u00e9 r\u00e9aliser un exercice de simulation pour s&rsquo;entra\u00eener \u00e0 la gestion Pour cr\u00e9er et mettre en \u0153uvre les politiques, processus et directives de s\u00e9curit\u00e9 de l&rsquo;information n\u00e9cessaires \u00e0 la certification, TESAT a demand\u00e9 un accompagnement \u00e0 Airbus Protect.<\/p>\n<p>Apr\u00e8s avoir obtenu la certification ISO 27001, TESAT a souhait\u00e9 r\u00e9aliser un exercice de simulation pour s&rsquo;entra\u00eener \u00e0 g\u00e9rer une crise cyber en suivant une approche \u00ab train-as-you-fight \u00bb avec une \u00e9quipe de r\u00e9ponse aux incidents. L&rsquo;objectif de cet exercice \u00e9tait de r\u00e9duire les temps de r\u00e9ponse, d&rsquo;am\u00e9liorer la r\u00e9activit\u00e9 globale et d&rsquo;\u00e9valuer la conformit\u00e9 aux exigences de reporting, en se concentrant sur l&rsquo;identification et l&rsquo;\u00e9limination des obstacles et des erreurs. Il s&rsquo;agissait notamment de v\u00e9rifier le respect des obligations de signalement NIS2 dans les d\u00e9lais de 24 et 72 heures.<\/p>\n<h3>Notre solution : au-del\u00e0 de la conformit\u00e9 ISO 27001<\/h3>\n<p>Airbus Protect a aid\u00e9 TESAT \u00e0 mettre en place un SMSI conforme \u00e0 la norme ISO 27001 et l&rsquo;a accompagn\u00e9e dans le processus de certification. Airbus Protect a mis \u00e0 disposition des consultants en cybers\u00e9curit\u00e9 exp\u00e9riment\u00e9s pour l&rsquo;aider \u00e0 \u00e9laborer les politiques et les descriptions de processus n\u00e9cessaires, \u00e0 accompagner la mise en \u0153uvre des mesures de s\u00e9curit\u00e9, ainsi que pendant les audits de certification.<\/p>\n<p>Afin de pr\u00e9parer au mieux TESAT \u00e0 une cyber-crise, un exercice d&rsquo;intervention d&rsquo;urgence en cas d&rsquo;incident a \u00e9t\u00e9 organis\u00e9. Un sc\u00e9nario fictif de cyber-incident a \u00e9t\u00e9 con\u00e7u pour simuler des conditions d&rsquo;urgence r\u00e9elles. L&rsquo;exercice s&rsquo;est concentr\u00e9 sur la r\u00e9ponse \u00e0 apporter comme s&rsquo;il s&rsquo;agissait d&rsquo;une crise r\u00e9elle, en \u00e9valuant \u00e0 la fois les processus d&rsquo;urgence mis en \u0153uvre et la proc\u00e9dure de signalement interne. En outre, la solution a \u00e9t\u00e9 test\u00e9e avec succ\u00e8s pour v\u00e9rifier sa conformit\u00e9 avec les nouvelles obligations de signalement de la directive NIS2.<\/p>\n<h3>Avantage client : Renforcer la r\u00e9silience pour une meilleure s\u00e9curit\u00e9<\/h3>\n<p>Airbus Protect a jou\u00e9 un r\u00f4le important en aidant TESAT \u00e0 mettre en place un SMSI conforme \u00e0 la norme ISO 27001. Ce soutien a permis de garantir la conformit\u00e9 aux lois et r\u00e9glementations en vigueur, de combler les lacunes et les vuln\u00e9rabilit\u00e9s en mati\u00e8re de cybers\u00e9curit\u00e9 et d&rsquo;obtenir la certification ISO 27001.<\/p>\n<p>De plus, Airbus Protect a am\u00e9lior\u00e9 la pr\u00e9paration de TESAT aux incidents de cybers\u00e9curit\u00e9 gr\u00e2ce \u00e0 une exp\u00e9rience pratique. Cela a permis d&rsquo;identifier et de combler les lacunes dans la proc\u00e9dure de signalement, d&rsquo;acc\u00e9l\u00e9rer les temps de r\u00e9ponse, d&rsquo;am\u00e9liorer la coordination au sein de l&rsquo;\u00e9quipe de gestion de crise et de r\u00e9duire les temps d&rsquo;arr\u00eat potentiels de l&rsquo;activit\u00e9 pendant les incidents.<\/p>\n<p>Gr\u00e2ce au soutien d&rsquo;Airbus Protect, TESAT a consid\u00e9rablement renforc\u00e9 sa s\u00e9curit\u00e9 globale et est d\u00e9sormais bien pr\u00e9par\u00e9e pour contrer efficacement les cyberattaques, en tirant parti de l&rsquo;exp\u00e9rience acquise pour assurer une gestion de crise solide.<\/p>\n<h3>Une relation client solide<\/h3>\n<p>[\/vc_column_text][\/vc_column_inner][\/vc_row_inner]    <div class=\"citation pIntermediaire\">\n        <p>La r\u00e9activit\u00e9, la disponibilit\u00e9 sur site et l'expertise ont \u00e9t\u00e9 essentielles pour la mise en \u0153uvre d'un syst\u00e8me de management de la s\u00e9curit\u00e9 de l'information et la certification ult\u00e9rieure dans un d\u00e9lai tr\u00e8s court.<\/p>\n                <div class=\"infoAuteur\">\n            <div><span class=\"nomAuteur\">Michael Waibel,&nbsp;<\/span><span class=\"poste\">Responsable de la s\u00e9curit\u00e9 des syst\u00e8mes d&#039;information chez TESAT<\/span><\/div>        <\/div>\n            <\/div>\n    [vc_column_text css=\u00a0\u00bb\u00a0\u00bb]<\/p>\n<h3>Commentaires de nos experts Airbus Protect<\/h3>\n<p>[\/vc_column_text]    <div class=\"citation pIntermediaire\">\n        <p>L'obtention de la certification ISO 27001 avec seulement quelques \u00e9carts mineurs est exceptionnelle et constitue une r\u00e9alisation importante pour toute l'\u00e9quipe impliqu\u00e9e.<\/p>\n                <div class=\"infoAuteur\">\n            <div><span class=\"nomAuteur\">Thomas Wershofen,&nbsp;<\/span><span class=\"poste\">Consultant principal en cybers\u00e9curit\u00e9 OT chez Airbus Protect<\/span><\/div>        <\/div>\n            <\/div>\n        <div class=\"citation pIntermediaire\">\n        <p>En concevant des exercices r\u00e9alistes et personnalis\u00e9s, nous am\u00e9liorons l'acceptation et l'efficacit\u00e9 de la formation parmi les employ\u00e9s et au sein de l'organisation. Cette approche permet non seulement de d\u00e9couvrir et de r\u00e9soudre les probl\u00e8mes r\u00e9els, mais aussi de favoriser la sensibilisation et la pr\u00e9paration \u00e0 long terme pour g\u00e9rer les cybercrises.<\/p>\n                <div class=\"infoAuteur\">\n            <div><span class=\"nomAuteur\">Markus Neumaier,&nbsp;<\/span><span class=\"poste\">Responsable des interventions en cas d&#039;incident chez Airbus Protect<\/span><\/div>        <\/div>\n            <\/div>\n    [\/vc_column][\/vc_row][vc_row][vc_column]<div class=\"conteneurSolutionService conteneurSolutionServiceCybersecurity\">\n<h2>En savoir plus sur nos offres de cybers\u00e9curit\u00e9<\/h2><div class=\"listeSolutionService\">\n    <div class=\"headerListeSolutionService\">\n                <p>En savoir plus sur les services mentionn\u00e9s dans ce t\u00e9moignage client<\/p>    <\/div>\n<div class=\"blocsSolutionService\"><div class=\"blocSolutionService blocSolutionServiceURL\">\n    <div>\n                <h4>Gouvernance, risques, conformit\u00e9 et audits<\/h4>        <p>Nous vous aidons \u00e0 comprendre le paysage actuel des menaces, \u00e0 anticiper les risques avant qu&#039;ils ne se mat\u00e9rialisent et \u00e0 vous tenir au courant des r\u00e9glementations en vigueur.<\/p>    <\/div>\n            <div class=\"overlay\" onclick=\"document.location.href='https:\/\/www.protect.airbus.com\/fr\/cybersecurite\/gouvernance-risque-conformite\/';\">\n            <span class=\"readMore\"><a href=\"https:\/\/www.protect.airbus.com\/fr\/cybersecurite\/gouvernance-risque-conformite\/\" title=\"Gouvernance, risques, conformit\u00e9 et audits\">Lire la suite &gt;<\/a><\/span>\n        <\/div>\n        <\/div><div class=\"blocSolutionService blocSolutionServiceURL\">\n    <div>\n                <h4>R\u00e9ponse aux incidents<\/h4>        <p>Vous \u00eates attaqu\u00e9 et vous ne savez pas comment r\u00e9agir ? Notre \u00e9quipe CSIRT, sp\u00e9cialis\u00e9e dans la gestion des incidents de cybers\u00e9curit\u00e9, vous aidera \u00e0 les r\u00e9soudre tout en minimisant leur impact.<\/p>    <\/div>\n            <div class=\"overlay\" onclick=\"document.location.href='https:\/\/www.protect.airbus.com\/fr\/cybersecurite\/csirt\/';\">\n            <span class=\"readMore\"><a href=\"https:\/\/www.protect.airbus.com\/fr\/cybersecurite\/csirt\/\" title=\"R\u00e9ponse aux incidents\">Lire la suite &gt;<\/a><\/span>\n        <\/div>\n        <\/div><\/div>\n    <\/div><\/div><div class=\"ancreDeDestination\" data-ancre-destination=\"formulaire-contact\" id=\"formulaire-contact\"><\/div>[vc_column_text css=\u00a0\u00bb\u00a0\u00bb p_style=\u00a0\u00bbpIntermediaire\u00a0\u00bb]<\/p>\n<div class=\"wpb_text_column wpb_content_element pHighlight h2 h3\">\n<div class=\"wpb_wrapper\">\n<div class=\"wpb_text_column wpb_content_element pHighlight h2 h3\">\n<div class=\"wpb_wrapper\">\n<div class=\"wpb_text_column wpb_content_element pHighlight h2 h3\">\n<div class=\"wpb_wrapper\">\n<p style=\"text-align: center;\">Vous souhaitez obtenir plus d&rsquo;informations sur l&rsquo;un des sujets mentionn\u00e9s dans ce t\u00e9moignage client ?<\/p>\n<\/div>\n<\/div>\n<\/div>\n<\/div>\n<\/div>\n<\/div>\n<p>[\/vc_column_text][vc_raw_html css=\u00a0\u00bb\u00a0\u00bb]JTNDaWZyYW1lJTIwd2lkdGglM0QlMjIxMDAwJTIyJTIwaGVpZ2h0JTNEJTIyMTIwMCUyMiUyMHNyYyUzRCUyMmh0dHBzJTNBJTJGJTJGMmU0OTIzMzMuc2liZm9ybXMuY29tJTJGc2VydmUlMkZNVUlGQUFlS1prZlZDLTN5MFFxTmtnQ1lyVDhvSE9IenU2SE82TGZELUFmMkdRbGRWT3hVQm5MMnNBYlVfUzRHRVdMTEczV1NpMVNMODhFbFBoXzVDOWhXRV9rb1ZxZEJOUDQxUGpGUndLajNYY3B0N0pTRDdra3VmbU5weUdJYXo0SFo0TmNZX1RnMzBYcHhRVGFSUVMydEdQcGIzdzJlZGNtdGdIVHlBdjBzSUo1dVdxc0NEMW55c1BHT05OVHhRU3g0UXhOTEplT2tCNWgxJTIyJTIwZnJhbWVib3JkZXIlM0QlMjIwJTIyJTIwc2Nyb2xsaW5nJTNEJTIyYXV0byUyMiUyMGFsbG93ZnVsbHNjcmVlbiUyMHN0eWxlJTNEJTIyZGlzcGxheSUzQSUyMGJsb2NrJTNCbWFyZ2luLWxlZnQlM0ElMjBhdXRvJTNCbWFyZ2luLXJpZ2h0JTNBJTIwYXV0byUzQm1heC13aWR0aCUzQSUyMDEwMCUyNSUzQiUyMiUzRSUzQyUyRmlmcmFtZSUzRQ==[\/vc_raw_html][\/vc_column][\/vc_row][vc_column][\/vc_column]<\/p>\n<\/div>","protected":false},"excerpt":{"rendered":"<p>[vc_row][vc_column][vc_empty_space height=\u00a0\u00bb20px\u00a0\u00bb][vc_column_text css=\u00a0\u00bb.vc_custom_1739806745276{margin-bottom: 0px !important;padding-bottom: 0px !important;}\u00a0\u00bb h2_style=\u00a0\u00bbh2Big\u00a0\u00bb p_style=\u00a0\u00bbpBig\u00a0\u00bb] T\u00e9moignage client : Comment Airbus Protect a renforc\u00e9 la strat\u00e9gie de s\u00e9curit\u00e9 de TESAT [\/vc_column_text][vc_column_text css=\u00a0\u00bb.vc_custom_1739804450379{margin-bottom: 0px !important;padding-bottom: 0px !important;}\u00a0\u00bb p_style=\u00a0\u00bbpHighlight\u00a0\u00bb]Les entreprises manufacturi\u00e8res de divers secteurs constituent la base de la client\u00e8le d&rsquo;Airbus Protect. Une cyberattaque r\u00e9ussie contre ces organisations peut perturber les cha\u00eenes d&rsquo;approvisionnement, arr\u00eater [&hellip;]<\/p>\n","protected":false},"author":8,"featured_media":22561,"parent":0,"menu_order":0,"comment_status":"closed","ping_status":"closed","template":"","meta":{"_acf_changed":false,"content-type":"","_relevanssi_hide_post":"","_relevanssi_hide_content":"","_relevanssi_pin_for_all":"","_relevanssi_pin_keywords":"","_relevanssi_unpin_keywords":"","_relevanssi_related_keywords":"","_relevanssi_related_include_ids":"","_relevanssi_related_exclude_ids":"","_relevanssi_related_no_append":"","_relevanssi_related_not_related":"","_relevanssi_related_posts":"","_relevanssi_noindex_reason":"","footnotes":""},"class_list":["post-22520","page","type-page","status-publish","has-post-thumbnail","hentry"],"acf":[],"yoast_head":"<!-- This site is optimized with the Yoast SEO Premium plugin v27.3 (Yoast SEO v27.3) - https:\/\/yoast.com\/product\/yoast-seo-premium-wordpress\/ -->\n<title>T\u00e9moignage client : cybers\u00e9curit\u00e9 d&#039;une entreprise manufacturi\u00e8re<\/title>\n<meta name=\"description\" content=\"D\u00e9couvrez l&#039;importance de s\u00e9curitser les cha\u00eenes d&#039;approvisionnement et les lignes de production contre les cybermenaces.\" \/>\n<meta name=\"robots\" content=\"index, follow, max-snippet:-1, max-image-preview:large, max-video-preview:-1\" \/>\n<link rel=\"canonical\" href=\"https:\/\/www.protect.airbus.com\/fr\/temoignage-client-tesat\/\" \/>\n<meta property=\"og:locale\" content=\"fr_FR\" \/>\n<meta property=\"og:type\" content=\"article\" \/>\n<meta property=\"og:title\" content=\"T\u00e9moignage client : la strat\u00e9gie de s\u00e9curit\u00e9 de TESAT\" \/>\n<meta property=\"og:description\" content=\"D\u00e9couvrez l&#039;importance de s\u00e9curitser les cha\u00eenes d&#039;approvisionnement et les lignes de production contre les cybermenaces.\" \/>\n<meta property=\"og:url\" content=\"https:\/\/www.protect.airbus.com\/fr\/temoignage-client-tesat\/\" \/>\n<meta property=\"og:site_name\" content=\"Airbus Protect\" \/>\n<meta property=\"article:modified_time\" content=\"2026-02-12T16:12:04+00:00\" \/>\n<meta property=\"og:image\" content=\"https:\/\/www.protect.airbus.com\/wp-content\/uploads\/2025\/01\/banner_tesat-customer-story-01-01.png\" \/>\n\t<meta property=\"og:image:width\" content=\"1920\" \/>\n\t<meta property=\"og:image:height\" content=\"582\" \/>\n\t<meta property=\"og:image:type\" content=\"image\/png\" \/>\n<meta name=\"twitter:card\" content=\"summary_large_image\" \/>\n<meta name=\"twitter:label1\" content=\"Dur\u00e9e de lecture estim\u00e9e\" \/>\n\t<meta name=\"twitter:data1\" content=\"5 minutes\" \/>\n<script type=\"application\/ld+json\" class=\"yoast-schema-graph\">{\"@context\":\"https:\\\/\\\/schema.org\",\"@graph\":[{\"@type\":\"WebPage\",\"@id\":\"https:\\\/\\\/www.protect.airbus.com\\\/fr\\\/temoignage-client-tesat\\\/\",\"url\":\"https:\\\/\\\/www.protect.airbus.com\\\/fr\\\/temoignage-client-tesat\\\/\",\"name\":\"T\u00e9moignage client : cybers\u00e9curit\u00e9 d'une entreprise manufacturi\u00e8re\",\"isPartOf\":{\"@id\":\"https:\\\/\\\/www.protect.airbus.com\\\/fr\\\/#website\"},\"primaryImageOfPage\":{\"@id\":\"https:\\\/\\\/www.protect.airbus.com\\\/fr\\\/temoignage-client-tesat\\\/#primaryimage\"},\"image\":{\"@id\":\"https:\\\/\\\/www.protect.airbus.com\\\/fr\\\/temoignage-client-tesat\\\/#primaryimage\"},\"thumbnailUrl\":\"https:\\\/\\\/www.protect.airbus.com\\\/wp-content\\\/uploads\\\/2025\\\/01\\\/banner_tesat-customer-story-01-01.png\",\"datePublished\":\"2025-01-08T16:33:33+00:00\",\"dateModified\":\"2026-02-12T16:12:04+00:00\",\"description\":\"D\u00e9couvrez l'importance de s\u00e9curitser les cha\u00eenes d'approvisionnement et les lignes de production contre les cybermenaces.\",\"breadcrumb\":{\"@id\":\"https:\\\/\\\/www.protect.airbus.com\\\/fr\\\/temoignage-client-tesat\\\/#breadcrumb\"},\"inLanguage\":\"fr-FR\",\"potentialAction\":[{\"@type\":\"ReadAction\",\"target\":[\"https:\\\/\\\/www.protect.airbus.com\\\/fr\\\/temoignage-client-tesat\\\/\"]}]},{\"@type\":\"ImageObject\",\"inLanguage\":\"fr-FR\",\"@id\":\"https:\\\/\\\/www.protect.airbus.com\\\/fr\\\/temoignage-client-tesat\\\/#primaryimage\",\"url\":\"https:\\\/\\\/www.protect.airbus.com\\\/wp-content\\\/uploads\\\/2025\\\/01\\\/banner_tesat-customer-story-01-01.png\",\"contentUrl\":\"https:\\\/\\\/www.protect.airbus.com\\\/wp-content\\\/uploads\\\/2025\\\/01\\\/banner_tesat-customer-story-01-01.png\",\"width\":1920,\"height\":582},{\"@type\":\"BreadcrumbList\",\"@id\":\"https:\\\/\\\/www.protect.airbus.com\\\/fr\\\/temoignage-client-tesat\\\/#breadcrumb\",\"itemListElement\":[{\"@type\":\"ListItem\",\"position\":1,\"name\":\"Home\",\"item\":\"https:\\\/\\\/www.protect.airbus.com\\\/fr\\\/\"},{\"@type\":\"ListItem\",\"position\":2,\"name\":\"T\u00e9moignage client : la strat\u00e9gie de s\u00e9curit\u00e9 de TESAT\"}]},{\"@type\":\"WebSite\",\"@id\":\"https:\\\/\\\/www.protect.airbus.com\\\/fr\\\/#website\",\"url\":\"https:\\\/\\\/www.protect.airbus.com\\\/fr\\\/\",\"name\":\"Airbus Protect\",\"description\":\"\",\"publisher\":{\"@id\":\"https:\\\/\\\/www.protect.airbus.com\\\/fr\\\/#organization\"},\"potentialAction\":[{\"@type\":\"SearchAction\",\"target\":{\"@type\":\"EntryPoint\",\"urlTemplate\":\"https:\\\/\\\/www.protect.airbus.com\\\/fr\\\/?s={search_term_string}\"},\"query-input\":{\"@type\":\"PropertyValueSpecification\",\"valueRequired\":true,\"valueName\":\"search_term_string\"}}],\"inLanguage\":\"fr-FR\"},{\"@type\":\"Organization\",\"@id\":\"https:\\\/\\\/www.protect.airbus.com\\\/fr\\\/#organization\",\"name\":\"Airbus Protect\",\"url\":\"https:\\\/\\\/www.protect.airbus.com\\\/fr\\\/\",\"logo\":{\"@type\":\"ImageObject\",\"inLanguage\":\"fr-FR\",\"@id\":\"https:\\\/\\\/www.protect.airbus.com\\\/fr\\\/#\\\/schema\\\/logo\\\/image\\\/\",\"url\":\"https:\\\/\\\/www.protect.airbus.com\\\/wp-content\\\/uploads\\\/2023\\\/05\\\/logo-airbus-protect-696-696.png\",\"contentUrl\":\"https:\\\/\\\/www.protect.airbus.com\\\/wp-content\\\/uploads\\\/2023\\\/05\\\/logo-airbus-protect-696-696.png\",\"width\":696,\"height\":696,\"caption\":\"Airbus Protect\"},\"image\":{\"@id\":\"https:\\\/\\\/www.protect.airbus.com\\\/fr\\\/#\\\/schema\\\/logo\\\/image\\\/\"},\"sameAs\":[\"https:\\\/\\\/www.linkedin.com\\\/company\\\/airbus-protect\\\/\",\"https:\\\/\\\/www.youtube.com\\\/@airbusprotect7483\"],\"contactPoint\":{\"@type\":\"ContactPoint\",\"email\":\"protect@airbus.com\",\"contactType\":\"customer service\",\"areaServed\":[\"GB\",\"FR\",\"ES\",\"DE\",\"BE\",\"CH\",\"PT\",\"DK\",\"AT\"],\"availableLanguage\":[\"en\",\"fr\",\"de\"]}}]}<\/script>\n<!-- \/ Yoast SEO Premium plugin. -->","yoast_head_json":{"title":"T\u00e9moignage client : cybers\u00e9curit\u00e9 d'une entreprise manufacturi\u00e8re","description":"D\u00e9couvrez l'importance de s\u00e9curitser les cha\u00eenes d'approvisionnement et les lignes de production contre les cybermenaces.","robots":{"index":"index","follow":"follow","max-snippet":"max-snippet:-1","max-image-preview":"max-image-preview:large","max-video-preview":"max-video-preview:-1"},"canonical":"https:\/\/www.protect.airbus.com\/fr\/temoignage-client-tesat\/","og_locale":"fr_FR","og_type":"article","og_title":"T\u00e9moignage client : la strat\u00e9gie de s\u00e9curit\u00e9 de TESAT","og_description":"D\u00e9couvrez l'importance de s\u00e9curitser les cha\u00eenes d'approvisionnement et les lignes de production contre les cybermenaces.","og_url":"https:\/\/www.protect.airbus.com\/fr\/temoignage-client-tesat\/","og_site_name":"Airbus Protect","article_modified_time":"2026-02-12T16:12:04+00:00","og_image":[{"width":1920,"height":582,"url":"https:\/\/www.protect.airbus.com\/wp-content\/uploads\/2025\/01\/banner_tesat-customer-story-01-01.png","type":"image\/png"}],"twitter_card":"summary_large_image","twitter_misc":{"Dur\u00e9e de lecture estim\u00e9e":"5 minutes"},"schema":{"@context":"https:\/\/schema.org","@graph":[{"@type":"WebPage","@id":"https:\/\/www.protect.airbus.com\/fr\/temoignage-client-tesat\/","url":"https:\/\/www.protect.airbus.com\/fr\/temoignage-client-tesat\/","name":"T\u00e9moignage client : cybers\u00e9curit\u00e9 d'une entreprise manufacturi\u00e8re","isPartOf":{"@id":"https:\/\/www.protect.airbus.com\/fr\/#website"},"primaryImageOfPage":{"@id":"https:\/\/www.protect.airbus.com\/fr\/temoignage-client-tesat\/#primaryimage"},"image":{"@id":"https:\/\/www.protect.airbus.com\/fr\/temoignage-client-tesat\/#primaryimage"},"thumbnailUrl":"https:\/\/www.protect.airbus.com\/wp-content\/uploads\/2025\/01\/banner_tesat-customer-story-01-01.png","datePublished":"2025-01-08T16:33:33+00:00","dateModified":"2026-02-12T16:12:04+00:00","description":"D\u00e9couvrez l'importance de s\u00e9curitser les cha\u00eenes d'approvisionnement et les lignes de production contre les cybermenaces.","breadcrumb":{"@id":"https:\/\/www.protect.airbus.com\/fr\/temoignage-client-tesat\/#breadcrumb"},"inLanguage":"fr-FR","potentialAction":[{"@type":"ReadAction","target":["https:\/\/www.protect.airbus.com\/fr\/temoignage-client-tesat\/"]}]},{"@type":"ImageObject","inLanguage":"fr-FR","@id":"https:\/\/www.protect.airbus.com\/fr\/temoignage-client-tesat\/#primaryimage","url":"https:\/\/www.protect.airbus.com\/wp-content\/uploads\/2025\/01\/banner_tesat-customer-story-01-01.png","contentUrl":"https:\/\/www.protect.airbus.com\/wp-content\/uploads\/2025\/01\/banner_tesat-customer-story-01-01.png","width":1920,"height":582},{"@type":"BreadcrumbList","@id":"https:\/\/www.protect.airbus.com\/fr\/temoignage-client-tesat\/#breadcrumb","itemListElement":[{"@type":"ListItem","position":1,"name":"Home","item":"https:\/\/www.protect.airbus.com\/fr\/"},{"@type":"ListItem","position":2,"name":"T\u00e9moignage client : la strat\u00e9gie de s\u00e9curit\u00e9 de TESAT"}]},{"@type":"WebSite","@id":"https:\/\/www.protect.airbus.com\/fr\/#website","url":"https:\/\/www.protect.airbus.com\/fr\/","name":"Airbus Protect","description":"","publisher":{"@id":"https:\/\/www.protect.airbus.com\/fr\/#organization"},"potentialAction":[{"@type":"SearchAction","target":{"@type":"EntryPoint","urlTemplate":"https:\/\/www.protect.airbus.com\/fr\/?s={search_term_string}"},"query-input":{"@type":"PropertyValueSpecification","valueRequired":true,"valueName":"search_term_string"}}],"inLanguage":"fr-FR"},{"@type":"Organization","@id":"https:\/\/www.protect.airbus.com\/fr\/#organization","name":"Airbus Protect","url":"https:\/\/www.protect.airbus.com\/fr\/","logo":{"@type":"ImageObject","inLanguage":"fr-FR","@id":"https:\/\/www.protect.airbus.com\/fr\/#\/schema\/logo\/image\/","url":"https:\/\/www.protect.airbus.com\/wp-content\/uploads\/2023\/05\/logo-airbus-protect-696-696.png","contentUrl":"https:\/\/www.protect.airbus.com\/wp-content\/uploads\/2023\/05\/logo-airbus-protect-696-696.png","width":696,"height":696,"caption":"Airbus Protect"},"image":{"@id":"https:\/\/www.protect.airbus.com\/fr\/#\/schema\/logo\/image\/"},"sameAs":["https:\/\/www.linkedin.com\/company\/airbus-protect\/","https:\/\/www.youtube.com\/@airbusprotect7483"],"contactPoint":{"@type":"ContactPoint","email":"protect@airbus.com","contactType":"customer service","areaServed":["GB","FR","ES","DE","BE","CH","PT","DK","AT"],"availableLanguage":["en","fr","de"]}}]}},"_links":{"self":[{"href":"https:\/\/www.protect.airbus.com\/fr\/wp-json\/wp\/v2\/pages\/22520","targetHints":{"allow":["GET"]}}],"collection":[{"href":"https:\/\/www.protect.airbus.com\/fr\/wp-json\/wp\/v2\/pages"}],"about":[{"href":"https:\/\/www.protect.airbus.com\/fr\/wp-json\/wp\/v2\/types\/page"}],"author":[{"embeddable":true,"href":"https:\/\/www.protect.airbus.com\/fr\/wp-json\/wp\/v2\/users\/8"}],"replies":[{"embeddable":true,"href":"https:\/\/www.protect.airbus.com\/fr\/wp-json\/wp\/v2\/comments?post=22520"}],"version-history":[{"count":20,"href":"https:\/\/www.protect.airbus.com\/fr\/wp-json\/wp\/v2\/pages\/22520\/revisions"}],"predecessor-version":[{"id":47576,"href":"https:\/\/www.protect.airbus.com\/fr\/wp-json\/wp\/v2\/pages\/22520\/revisions\/47576"}],"wp:featuredmedia":[{"embeddable":true,"href":"https:\/\/www.protect.airbus.com\/fr\/wp-json\/wp\/v2\/media\/22561"}],"wp:attachment":[{"href":"https:\/\/www.protect.airbus.com\/fr\/wp-json\/wp\/v2\/media?parent=22520"}],"curies":[{"name":"wp","href":"https:\/\/api.w.org\/{rel}","templated":true}]}}