{"id":21616,"date":"2024-12-18T17:44:36","date_gmt":"2024-12-18T16:44:36","guid":{"rendered":"https:\/\/www.protect.airbus.com\/?page_id=21616"},"modified":"2025-08-05T15:15:00","modified_gmt":"2025-08-05T13:15:00","slug":"services-sustainability-ppc","status":"publish","type":"page","link":"https:\/\/www.protect.airbus.com\/fr\/services-sustainability-ppc\/","title":{"rendered":"Sustainability"},"content":{"rendered":"<div class=\"wpb-content-wrapper\"><p>[vc_row][vc_column][vc_column_text p_style=\u00a0\u00bbpIntermediaire\u00a0\u00bb]<strong>Dans tous les secteurs, la sustainability et le changement climatique sont les principales priorit\u00e9s des organisations. Ces nouveaux risques et d\u00e9fis sont \u00e9galement une opportunit\u00e9 de r\u00e9inventer le fonctionnement des entreprises et plus globalement de la soci\u00e9t\u00e9.<\/strong><\/p>\n<p><strong>Ces nouvelles opportunit\u00e9s nous permettront de repenser notre mani\u00e8re d\u2019innover, de fonctionner et de cr\u00e9er de la valeur pour toutes les parties prenantes, en laissant derri\u00e8re nous les anciennes pratiques et en adoptant la vision d\u2019un avenir vert \u00e0 travers des strat\u00e9gies compl\u00e8tement durables.<\/strong>[\/vc_column_text]<div class=\"divBtCTA btAlignCenter\"><a onclick=\"fctGoToSection('ppc-fr-contact');\" class=\"button btSustainability\">Contactez nos experts<\/a><\/div>[vc_row_inner][vc_column_inner bg_style=\u00a0\u00bbbgGrey\u00a0\u00bb css=\u00a0\u00bb.vc_custom_1754399697904{background-color: #00205b !important;}\u00a0\u00bb]    <div class=\"blocVideo \">\n        <div class=\"visuelBlocVideo\"><a href=\"https:\/\/www.youtube.com\/embed\/xCEEgRPQgrk?si=0QxdMY9cF4C2G7Bx?autoplay=1&TB_iframe=true&width=640&height=480\" title=\"Solutions sustainability\" class=\"thickbox\"><img loading=\"lazy\" decoding=\"async\" width=\"500\" height=\"316\" src=\"https:\/\/www.protect.airbus.com\/wp-content\/uploads\/2024\/05\/miniature-sustainability-01-1-500x316.jpg\" class=\"attachment-bloc-video size-bloc-video\" alt=\"\" srcset=\"https:\/\/www.protect.airbus.com\/wp-content\/uploads\/2024\/05\/miniature-sustainability-01-1-500x316.jpg 500w, https:\/\/www.protect.airbus.com\/wp-content\/uploads\/2024\/05\/miniature-sustainability-01-1-356x225.jpg 356w\" sizes=\"auto, (max-width: 500px) 100vw, 500px\" \/><\/a><\/div>\n        <div class=\"infoBlocVideo\">\n            <span class=\"titreBlocVideo\"><a href=\"https:\/\/www.youtube.com\/embed\/xCEEgRPQgrk?si=0QxdMY9cF4C2G7Bx?autoplay=1&TB_iframe=true&width=640&height=480\" title=\"Solutions sustainability\" class=\"thickbox\">Solutions sustainability<\/a><\/span>\n            <p class=\"descriptionBlocVideo\">D\u00e9couvrez la vid\u00e9o des solutions sustainability chez Airbus Protect.<\/p>        <\/div>\n    <\/div>\n    [\/vc_column_inner][\/vc_row_inner][vc_tta_accordion active_section=\u00a0\u00bb0&Prime; collapsible_all=\u00a0\u00bbtrue\u00a0\u00bb][vc_tta_section title=\u00a0\u00bbOuvrir la voie\u00a0\u00bb tab_id=\u00a0\u00bb1690558830937-1a92930a-f7cc\u00a0\u00bb][vc_column_text]<\/p>\n<div class=\"wpb_text_column wpb_content_element pHighlight h2 h3\">\n<div class=\"wpb_wrapper\">\n<div class=\"wpb_text_column wpb_content_element pHighlight h2 h3\">\n<div class=\"wpb_wrapper\">\n<p>Notre grande exp\u00e9rience en gestion des risques nous permet de garantir la s\u00fbret\u00e9, la s\u00e9curit\u00e9 et la r\u00e9silience pour ce transfert vers un futur plus sustainable. Nous aidons nos clients \u00e0 transformer leurs attentes en mati\u00e8re de sustainability :<\/p>\n<\/div>\n<\/div>\n<\/div>\n<\/div>\n<div class=\"wpb_text_column wpb_content_element pHighlight h2 h3\">\n<div class=\"wpb_wrapper\">\n<ul>\n<li>En soutenant la conception et la mise en \u0153uvre de strat\u00e9gies de d\u00e9carbonation et de sustainability au niveau de l\u2019entreprise et organisations,<\/li>\n<li>En g\u00e9rant tous les aspects en lien avec la conformit\u00e9 et la gestion des risques des sites industriels<\/li>\n<li>En am\u00e9liorant la sustainability globale des produits\/syst\u00e8mes\/infrastructures, de la cha\u00eene logistique, des ressources et des op\u00e9rations gr\u00e2ce aux toutes derni\u00e8res solutions d\u2019ing\u00e9nierie intelligentes et\/ou digitales.<\/li>\n<\/ul>\n<\/div>\n<\/div>\n<p>[\/vc_column_text][\/vc_tta_section][vc_tta_section title=\u00a0\u00bbNotre approche\u00a0\u00bb tab_id=\u00a0\u00bb1690558830945-a92b88cb-9f31&Prime;][vc_column_text p_style=\u00a0\u00bbpHighlight\u00a0\u00bb]Pour atteindre nos objectifs de sustainability, des changements radicaux sont n\u00e9cessaires au niveau de notre mode de vie, de la mani\u00e8re dont nous travaillons et en prenant \u00e9galement en compte le climat. Il convient donc d\u2019identifier et d\u2019att\u00e9nuer les risques d\u2019aujourd\u2019hui, mais \u00e9galement d\u2019anticiper les futurs d\u00e9fis et d\u2019inventer de nouvelles fa\u00e7ons de travailler afin de s\u2019assurer un avenir meilleur.[\/vc_column_text][\/vc_tta_section][\/vc_tta_accordion][\/vc_column][vc_column][\/vc_column][\/vc_row][vc_row][vc_column]<div class=\"conteneurSolutionService conteneurSolutionServiceSustainability\">\n<h2>Solutions et services<\/h2><div class=\"listeSolutionService\">\n    <div class=\"headerListeSolutionService\">\n        <h3>Risques industriels et conformit\u00e9<\/h3>            <\/div>\n<div class=\"blocsSolutionService\"><div class=\"blocSolutionService blocSolutionServiceURL\">\n    <div>\n                <h4>\u00c9tudes environnementales et r\u00e9glementaires<\/h4>        <p>Nous vous assurons de bout en bout le respect des contraintes r\u00e9glementaires applicables aux installations industrielles.<\/p>    <\/div>\n            <div class=\"overlay\" onclick=\"document.location.href='https:\/\/www.protect.airbus.com\/fr\/sustainability\/etudes-environnementales-reglementaires\/';\">\n            <span class=\"readMore\"><a href=\"https:\/\/www.protect.airbus.com\/fr\/sustainability\/etudes-environnementales-reglementaires\/\" title=\"\u00c9tudes environnementales et r\u00e9glementaires\">Lire la suite &gt;<\/a><\/span>\n        <\/div>\n        <\/div><div class=\"blocSolutionService blocSolutionServiceURL\">\n    <div>\n                <h4>Gestion de la s\u00e9curit\u00e9 des proc\u00e9d\u00e9s et ing\u00e9nierie de la s\u00e9curit\u00e9<\/h4>        <p>Nous vous aidons \u00e0 renforcer la s\u00fbret\u00e9 et la s\u00e9curit\u00e9 des installations industrielles.<\/p>    <\/div>\n            <div class=\"overlay\" onclick=\"document.location.href='https:\/\/www.protect.airbus.com\/fr\/sustainability\/gestion-securite-procedes-ingenierie-securite\/';\">\n            <span class=\"readMore\"><a href=\"https:\/\/www.protect.airbus.com\/fr\/sustainability\/gestion-securite-procedes-ingenierie-securite\/\" title=\"Gestion de la s\u00e9curit\u00e9 des proc\u00e9d\u00e9s et ing\u00e9nierie de la s\u00e9curit\u00e9\">Lire la suite &gt;<\/a><\/span>\n        <\/div>\n        <\/div><div class=\"blocSolutionService blocSolutionServiceURL\">\n    <div>\n                <h4>Mod\u00e9lisation des ph\u00e9nom\u00e8nes dangereux<\/h4>        <p>Nous vous r\u00e9alisons la mod\u00e9lisation des cons\u00e9quences des ph\u00e9nom\u00e8nes accidentels.<\/p>    <\/div>\n            <div class=\"overlay\" onclick=\"document.location.href='https:\/\/www.protect.airbus.com\/fr\/sustainability\/modelisation-phenomenes-dangereux\/';\">\n            <span class=\"readMore\"><a href=\"https:\/\/www.protect.airbus.com\/fr\/sustainability\/modelisation-phenomenes-dangereux\/\" title=\"Mod\u00e9lisation des ph\u00e9nom\u00e8nes dangereux\">Lire la suite &gt;<\/a><\/span>\n        <\/div>\n        <\/div><div class=\"blocSolutionService blocSolutionServiceURL\">\n    <div>\n                <h4>Ing\u00e9nierie de s\u00e9curit\u00e9 incendie<\/h4>        <p>Nous vous aidons \u00e0 \u00e9valuer et ma\u00eetriser la vuln\u00e9rabilit\u00e9 de votre b\u00e2timent ou installation vis-\u00e0-vis du risque incendie.<\/p>    <\/div>\n            <div class=\"overlay\" onclick=\"document.location.href='https:\/\/www.protect.airbus.com\/fr\/sustainability\/ingenierie-securite-incendie\/';\">\n            <span class=\"readMore\"><a href=\"https:\/\/www.protect.airbus.com\/fr\/sustainability\/ingenierie-securite-incendie\/\" title=\"Ing\u00e9nierie de s\u00e9curit\u00e9 incendie\">Lire la suite &gt;<\/a><\/span>\n        <\/div>\n        <\/div><\/div>\n    <\/div><div class=\"listeSolutionService\">\n    <div class=\"headerListeSolutionService\">\n        <h3>Services en Sustainability<\/h3>            <\/div>\n<div class=\"blocsSolutionService\"><div class=\"blocSolutionService blocSolutionServiceURL\">\n    <div>\n                <h4>\u00c9co-conception et analyse du cycle de vie<\/h4>        <p>Nous \u00e9tablissons la durabilit\u00e9 comme une exigence fonctionnelle tout au long des processus op\u00e9rationnels (\u00e0 toutes les \u00e9tapes du cycle de vie de l\u2019initiative).<\/p>    <\/div>\n            <div class=\"overlay\" onclick=\"document.location.href='https:\/\/www.protect.airbus.com\/fr\/sustainability\/eco-conception-analyse-du-cycle-de-vie\/';\">\n            <span class=\"readMore\"><a href=\"https:\/\/www.protect.airbus.com\/fr\/sustainability\/eco-conception-analyse-du-cycle-de-vie\/\" title=\"\u00c9co-conception et analyse du cycle de vie\">Lire la suite &gt;<\/a><\/span>\n        <\/div>\n        <\/div><div class=\"blocSolutionService blocSolutionServiceURL\">\n    <div>\n                <h4>D\u00e9carbonisation et changement climatique<\/h4>        <p>Nous lib\u00e9rons le potentiel de votre entreprise pour d\u00e9velopper des solutions durables et \u00e0 faible \u00e9mission de carbone.<\/p>    <\/div>\n            <div class=\"overlay\" onclick=\"document.location.href='https:\/\/www.protect.airbus.com\/fr\/sustainability\/decarbonisation-changement-climatique\/';\">\n            <span class=\"readMore\"><a href=\"https:\/\/www.protect.airbus.com\/fr\/sustainability\/decarbonisation-changement-climatique\/\" title=\"D\u00e9carbonisation et changement climatique\">Lire la suite &gt;<\/a><\/span>\n        <\/div>\n        <\/div><div class=\"blocSolutionService \">\n    <div>\n                <h4>Supply Chain durable &amp; Due-Diligence<\/h4>            <\/div>\n    <\/div><div class=\"blocSolutionService blocSolutionServiceURL\">\n    <div>\n                <h4>Substances et mat\u00e9riaux<\/h4>        <p>Nous aidons votre organisation \u00e0 atteindre ses objectifs de d\u00e9veloppement durable en respectant les r\u00e9glementations environnementales au niveau des mat\u00e9riaux et des substances.<\/p>    <\/div>\n            <div class=\"overlay\" onclick=\"document.location.href='https:\/\/www.protect.airbus.com\/fr\/sustainability\/substances-materiaux';\">\n            <span class=\"readMore\"><a href=\"https:\/\/www.protect.airbus.com\/fr\/sustainability\/substances-materiaux\" title=\"Substances et mat\u00e9riaux\">Lire la suite &gt;<\/a><\/span>\n        <\/div>\n        <\/div><\/div>\n    <\/div><div class=\"listeSolutionService\">\n    <div class=\"headerListeSolutionService\">\n        <h3>Services transversaux<\/h3>            <\/div>\n<div class=\"blocsSolutionService\"><div class=\"blocSolutionService blocSolutionServiceURL\">\n    <div>\n                <h4>D\u00e9veloppement d\u2019une strat\u00e9gie de durabilit\u00e9 et de RSE<\/h4>        <p>Nous pouvons vous aider \u00e0 int\u00e9grer le d\u00e9veloppement durable dans la strat\u00e9gie d&#039;entreprise et \u00e0 am\u00e9liorer vos performances en mati\u00e8re de RSE vis-\u00e0-vis des parties prenantes.<\/p>    <\/div>\n            <div class=\"overlay\" onclick=\"document.location.href='https:\/\/www.protect.airbus.com\/fr\/sustainability\/strategie-developpement-durable-rse\/';\">\n            <span class=\"readMore\"><a href=\"https:\/\/www.protect.airbus.com\/fr\/sustainability\/strategie-developpement-durable-rse\/\" title=\"D\u00e9veloppement d\u2019une strat\u00e9gie de durabilit\u00e9 et de RSE\">Lire la suite &gt;<\/a><\/span>\n        <\/div>\n        <\/div><div class=\"blocSolutionService \">\n    <div>\n                <h4>Adaptation et r\u00e9silience aux changements environnementaux<\/h4>            <\/div>\n    <\/div><\/div>\n    <\/div><\/div>[vc_gallery type=\u00a0\u00bbimage_grid\u00a0\u00bb images=\u00a0\u00bb34092,34079,34082,34076&Prime; img_size=\u00a0\u00bbmedium\u00a0\u00bb css=\u00a0\u00bb\u00a0\u00bb title=\u00a0\u00bbIls nous font confiance\u00a0\u00bb][\/vc_column][\/vc_row][vc_row][vc_column]<div class=\"ancreDeDestination\" data-ancre-destination=\"ppc-fr-contact\" id=\"ppc-fr-contact\"><\/div>[vc_raw_html css=\u00a0\u00bb\u00a0\u00bb]JTNDaWZyYW1lJTIwd2lkdGglM0QlMjIxNTAwJTIyJTIwaGVpZ2h0JTNEJTIyMTMwMCUyMiUyMHNyYyUzRCUyMmh0dHBzJTNBJTJGJTJGMmU0OTIzMzMuc2liZm9ybXMuY29tJTJGc2VydmUlMkZNVUlGQUFVUElPVGpYcXRyTnJOaHFIQng4LVZaeUd0b2o4QWZyVnVLSWJ1b3BBcC1QSDZLaWdwRXFtSG5pUEs0cHQydUNkeDR5RXNHSjg3U0ZQMl8zOWpBQm1rWlQ4OC13S0g4YTZIX09JSHJMV2VBNkY3ZGdNWndGUk5FX2FRUzEyTTd2bHZOOXV2MncwMWhVMmhuVzYwbXQ1U3EtS2l1U3VNNGpVNXRfUDQ2bmhmTjVscGpaMG5BNDk2d1VrUVBIbUZEWGc0SHVyeG5XeUZmJTIyJTIwZnJhbWVib3JkZXIlM0QlMjIwJTIyJTIwc2Nyb2xsaW5nJTNEJTIyYXV0byUyMiUyMGFsbG93ZnVsbHNjcmVlbiUyMHN0eWxlJTNEJTIyZGlzcGxheSUzQSUyMGJsb2NrJTNCbWFyZ2luLWxlZnQlM0ElMjBhdXRvJTNCbWFyZ2luLXJpZ2h0JTNBJTIwYXV0byUzQm1heC13aWR0aCUzQSUyMDEwMCUyNSUzQiUyMiUzRSUzQyUyRmlmcmFtZSUzRQ==[\/vc_raw_html][\/vc_column][\/vc_row]<\/p>\n<\/div>","protected":false},"excerpt":{"rendered":"<p>[vc_row][vc_column][vc_column_text p_style=\u00a0\u00bbpIntermediaire\u00a0\u00bb]Dans tous les secteurs, la sustainability et le changement climatique sont les principales priorit\u00e9s des organisations. Ces nouveaux risques et d\u00e9fis sont \u00e9galement une opportunit\u00e9 de r\u00e9inventer le fonctionnement des entreprises et plus globalement de la soci\u00e9t\u00e9. Ces nouvelles opportunit\u00e9s nous permettront de repenser notre mani\u00e8re d\u2019innover, de fonctionner et de cr\u00e9er de la [&hellip;]<\/p>\n","protected":false},"author":4,"featured_media":1318,"parent":0,"menu_order":0,"comment_status":"closed","ping_status":"closed","template":"page-header-slider.php","meta":{"_acf_changed":false,"content-type":"","_relevanssi_hide_post":"","_relevanssi_hide_content":"","_relevanssi_pin_for_all":"","_relevanssi_pin_keywords":"","_relevanssi_unpin_keywords":"","_relevanssi_related_keywords":"","_relevanssi_related_include_ids":"","_relevanssi_related_exclude_ids":"","_relevanssi_related_no_append":"","_relevanssi_related_not_related":"","_relevanssi_related_posts":"","_relevanssi_noindex_reason":"","footnotes":""},"class_list":["post-21616","page","type-page","status-publish","has-post-thumbnail","hentry"],"acf":[],"yoast_head":"<!-- This site is optimized with the Yoast SEO Premium plugin v27.5 (Yoast SEO v27.5) - https:\/\/yoast.com\/product\/yoast-seo-premium-wordpress\/ -->\n<title>Agir pour un avenir durable gr\u00e2ce aux services de Sustainability<\/title>\n<meta name=\"description\" content=\"Nos experts offrent des services en Sustainability pour accompagner votre entreprise dans ses engagements ambitieux pour un avenir durable.\" \/>\n<meta name=\"robots\" content=\"index, follow, max-snippet:-1, max-image-preview:large, max-video-preview:-1\" \/>\n<link rel=\"canonical\" href=\"https:\/\/www.protect.airbus.com\/fr\/services-sustainability-ppc\/\" \/>\n<meta property=\"og:locale\" content=\"fr_FR\" \/>\n<meta property=\"og:type\" content=\"article\" \/>\n<meta property=\"og:title\" content=\"Sustainability\" \/>\n<meta property=\"og:description\" content=\"Nos experts offrent des services en Sustainability pour accompagner votre entreprise dans ses engagements ambitieux pour un avenir durable.\" \/>\n<meta property=\"og:url\" content=\"https:\/\/www.protect.airbus.com\/fr\/services-sustainability-ppc\/\" \/>\n<meta property=\"og:site_name\" content=\"Airbus Protect\" \/>\n<meta property=\"article:modified_time\" content=\"2025-08-05T13:15:00+00:00\" \/>\n<meta property=\"og:image\" content=\"https:\/\/www.protect.airbus.com\/wp-content\/uploads\/2022\/06\/bg-sustainability-section-1.jpg\" \/>\n\t<meta property=\"og:image:width\" content=\"1920\" \/>\n\t<meta property=\"og:image:height\" content=\"1080\" \/>\n\t<meta property=\"og:image:type\" content=\"image\/jpeg\" \/>\n<meta name=\"twitter:card\" content=\"summary_large_image\" \/>\n<meta name=\"twitter:label1\" content=\"Dur\u00e9e de lecture estim\u00e9e\" \/>\n\t<meta name=\"twitter:data1\" content=\"4 minutes\" \/>\n<script type=\"application\/ld+json\" class=\"yoast-schema-graph\">{\"@context\":\"https:\\\/\\\/schema.org\",\"@graph\":[{\"@type\":\"WebPage\",\"@id\":\"https:\\\/\\\/www.protect.airbus.com\\\/fr\\\/services-sustainability-ppc\\\/\",\"url\":\"https:\\\/\\\/www.protect.airbus.com\\\/fr\\\/services-sustainability-ppc\\\/\",\"name\":\"Agir pour un avenir durable gr\u00e2ce aux services de Sustainability\",\"isPartOf\":{\"@id\":\"https:\\\/\\\/www.protect.airbus.com\\\/fr\\\/#website\"},\"primaryImageOfPage\":{\"@id\":\"https:\\\/\\\/www.protect.airbus.com\\\/fr\\\/services-sustainability-ppc\\\/#primaryimage\"},\"image\":{\"@id\":\"https:\\\/\\\/www.protect.airbus.com\\\/fr\\\/services-sustainability-ppc\\\/#primaryimage\"},\"thumbnailUrl\":\"https:\\\/\\\/www.protect.airbus.com\\\/wp-content\\\/uploads\\\/2022\\\/06\\\/bg-sustainability-section-1.jpg\",\"datePublished\":\"2024-12-18T16:44:36+00:00\",\"dateModified\":\"2025-08-05T13:15:00+00:00\",\"description\":\"Nos experts offrent des services en Sustainability pour accompagner votre entreprise dans ses engagements ambitieux pour un avenir durable.\",\"breadcrumb\":{\"@id\":\"https:\\\/\\\/www.protect.airbus.com\\\/fr\\\/services-sustainability-ppc\\\/#breadcrumb\"},\"inLanguage\":\"fr-FR\",\"potentialAction\":[{\"@type\":\"ReadAction\",\"target\":[\"https:\\\/\\\/www.protect.airbus.com\\\/fr\\\/services-sustainability-ppc\\\/\"]}]},{\"@type\":\"ImageObject\",\"inLanguage\":\"fr-FR\",\"@id\":\"https:\\\/\\\/www.protect.airbus.com\\\/fr\\\/services-sustainability-ppc\\\/#primaryimage\",\"url\":\"https:\\\/\\\/www.protect.airbus.com\\\/wp-content\\\/uploads\\\/2022\\\/06\\\/bg-sustainability-section-1.jpg\",\"contentUrl\":\"https:\\\/\\\/www.protect.airbus.com\\\/wp-content\\\/uploads\\\/2022\\\/06\\\/bg-sustainability-section-1.jpg\",\"width\":1920,\"height\":1080},{\"@type\":\"BreadcrumbList\",\"@id\":\"https:\\\/\\\/www.protect.airbus.com\\\/fr\\\/services-sustainability-ppc\\\/#breadcrumb\",\"itemListElement\":[{\"@type\":\"ListItem\",\"position\":1,\"name\":\"Home\",\"item\":\"https:\\\/\\\/www.protect.airbus.com\\\/fr\\\/\"},{\"@type\":\"ListItem\",\"position\":2,\"name\":\"Sustainability\"}]},{\"@type\":\"WebSite\",\"@id\":\"https:\\\/\\\/www.protect.airbus.com\\\/fr\\\/#website\",\"url\":\"https:\\\/\\\/www.protect.airbus.com\\\/fr\\\/\",\"name\":\"Airbus Protect\",\"description\":\"\",\"publisher\":{\"@id\":\"https:\\\/\\\/www.protect.airbus.com\\\/fr\\\/#organization\"},\"potentialAction\":[{\"@type\":\"SearchAction\",\"target\":{\"@type\":\"EntryPoint\",\"urlTemplate\":\"https:\\\/\\\/www.protect.airbus.com\\\/fr\\\/?s={search_term_string}\"},\"query-input\":{\"@type\":\"PropertyValueSpecification\",\"valueRequired\":true,\"valueName\":\"search_term_string\"}}],\"inLanguage\":\"fr-FR\"},{\"@type\":\"Organization\",\"@id\":\"https:\\\/\\\/www.protect.airbus.com\\\/fr\\\/#organization\",\"name\":\"Airbus Protect\",\"url\":\"https:\\\/\\\/www.protect.airbus.com\\\/fr\\\/\",\"logo\":{\"@type\":\"ImageObject\",\"inLanguage\":\"fr-FR\",\"@id\":\"https:\\\/\\\/www.protect.airbus.com\\\/fr\\\/#\\\/schema\\\/logo\\\/image\\\/\",\"url\":\"https:\\\/\\\/www.protect.airbus.com\\\/wp-content\\\/uploads\\\/2023\\\/05\\\/logo-airbus-protect-696-696.png\",\"contentUrl\":\"https:\\\/\\\/www.protect.airbus.com\\\/wp-content\\\/uploads\\\/2023\\\/05\\\/logo-airbus-protect-696-696.png\",\"width\":696,\"height\":696,\"caption\":\"Airbus Protect\"},\"image\":{\"@id\":\"https:\\\/\\\/www.protect.airbus.com\\\/fr\\\/#\\\/schema\\\/logo\\\/image\\\/\"},\"sameAs\":[\"https:\\\/\\\/www.linkedin.com\\\/company\\\/airbus-protect\\\/\",\"https:\\\/\\\/www.youtube.com\\\/@airbusprotect7483\"],\"contactPoint\":{\"@type\":\"ContactPoint\",\"email\":\"protect@airbus.com\",\"contactType\":\"customer service\",\"areaServed\":[\"GB\",\"FR\",\"ES\",\"DE\",\"BE\",\"CH\",\"PT\",\"DK\",\"AT\"],\"availableLanguage\":[\"en\",\"fr\",\"de\"]}}]}<\/script>\n<!-- \/ Yoast SEO Premium plugin. -->","yoast_head_json":{"title":"Agir pour un avenir durable gr\u00e2ce aux services de Sustainability","description":"Nos experts offrent des services en Sustainability pour accompagner votre entreprise dans ses engagements ambitieux pour un avenir durable.","robots":{"index":"index","follow":"follow","max-snippet":"max-snippet:-1","max-image-preview":"max-image-preview:large","max-video-preview":"max-video-preview:-1"},"canonical":"https:\/\/www.protect.airbus.com\/fr\/services-sustainability-ppc\/","og_locale":"fr_FR","og_type":"article","og_title":"Sustainability","og_description":"Nos experts offrent des services en Sustainability pour accompagner votre entreprise dans ses engagements ambitieux pour un avenir durable.","og_url":"https:\/\/www.protect.airbus.com\/fr\/services-sustainability-ppc\/","og_site_name":"Airbus Protect","article_modified_time":"2025-08-05T13:15:00+00:00","og_image":[{"width":1920,"height":1080,"url":"https:\/\/www.protect.airbus.com\/wp-content\/uploads\/2022\/06\/bg-sustainability-section-1.jpg","type":"image\/jpeg"}],"twitter_card":"summary_large_image","twitter_misc":{"Dur\u00e9e de lecture estim\u00e9e":"4 minutes"},"schema":{"@context":"https:\/\/schema.org","@graph":[{"@type":"WebPage","@id":"https:\/\/www.protect.airbus.com\/fr\/services-sustainability-ppc\/","url":"https:\/\/www.protect.airbus.com\/fr\/services-sustainability-ppc\/","name":"Agir pour un avenir durable gr\u00e2ce aux services de Sustainability","isPartOf":{"@id":"https:\/\/www.protect.airbus.com\/fr\/#website"},"primaryImageOfPage":{"@id":"https:\/\/www.protect.airbus.com\/fr\/services-sustainability-ppc\/#primaryimage"},"image":{"@id":"https:\/\/www.protect.airbus.com\/fr\/services-sustainability-ppc\/#primaryimage"},"thumbnailUrl":"https:\/\/www.protect.airbus.com\/wp-content\/uploads\/2022\/06\/bg-sustainability-section-1.jpg","datePublished":"2024-12-18T16:44:36+00:00","dateModified":"2025-08-05T13:15:00+00:00","description":"Nos experts offrent des services en Sustainability pour accompagner votre entreprise dans ses engagements ambitieux pour un avenir durable.","breadcrumb":{"@id":"https:\/\/www.protect.airbus.com\/fr\/services-sustainability-ppc\/#breadcrumb"},"inLanguage":"fr-FR","potentialAction":[{"@type":"ReadAction","target":["https:\/\/www.protect.airbus.com\/fr\/services-sustainability-ppc\/"]}]},{"@type":"ImageObject","inLanguage":"fr-FR","@id":"https:\/\/www.protect.airbus.com\/fr\/services-sustainability-ppc\/#primaryimage","url":"https:\/\/www.protect.airbus.com\/wp-content\/uploads\/2022\/06\/bg-sustainability-section-1.jpg","contentUrl":"https:\/\/www.protect.airbus.com\/wp-content\/uploads\/2022\/06\/bg-sustainability-section-1.jpg","width":1920,"height":1080},{"@type":"BreadcrumbList","@id":"https:\/\/www.protect.airbus.com\/fr\/services-sustainability-ppc\/#breadcrumb","itemListElement":[{"@type":"ListItem","position":1,"name":"Home","item":"https:\/\/www.protect.airbus.com\/fr\/"},{"@type":"ListItem","position":2,"name":"Sustainability"}]},{"@type":"WebSite","@id":"https:\/\/www.protect.airbus.com\/fr\/#website","url":"https:\/\/www.protect.airbus.com\/fr\/","name":"Airbus Protect","description":"","publisher":{"@id":"https:\/\/www.protect.airbus.com\/fr\/#organization"},"potentialAction":[{"@type":"SearchAction","target":{"@type":"EntryPoint","urlTemplate":"https:\/\/www.protect.airbus.com\/fr\/?s={search_term_string}"},"query-input":{"@type":"PropertyValueSpecification","valueRequired":true,"valueName":"search_term_string"}}],"inLanguage":"fr-FR"},{"@type":"Organization","@id":"https:\/\/www.protect.airbus.com\/fr\/#organization","name":"Airbus Protect","url":"https:\/\/www.protect.airbus.com\/fr\/","logo":{"@type":"ImageObject","inLanguage":"fr-FR","@id":"https:\/\/www.protect.airbus.com\/fr\/#\/schema\/logo\/image\/","url":"https:\/\/www.protect.airbus.com\/wp-content\/uploads\/2023\/05\/logo-airbus-protect-696-696.png","contentUrl":"https:\/\/www.protect.airbus.com\/wp-content\/uploads\/2023\/05\/logo-airbus-protect-696-696.png","width":696,"height":696,"caption":"Airbus Protect"},"image":{"@id":"https:\/\/www.protect.airbus.com\/fr\/#\/schema\/logo\/image\/"},"sameAs":["https:\/\/www.linkedin.com\/company\/airbus-protect\/","https:\/\/www.youtube.com\/@airbusprotect7483"],"contactPoint":{"@type":"ContactPoint","email":"protect@airbus.com","contactType":"customer service","areaServed":["GB","FR","ES","DE","BE","CH","PT","DK","AT"],"availableLanguage":["en","fr","de"]}}]}},"_links":{"self":[{"href":"https:\/\/www.protect.airbus.com\/fr\/wp-json\/wp\/v2\/pages\/21616","targetHints":{"allow":["GET"]}}],"collection":[{"href":"https:\/\/www.protect.airbus.com\/fr\/wp-json\/wp\/v2\/pages"}],"about":[{"href":"https:\/\/www.protect.airbus.com\/fr\/wp-json\/wp\/v2\/types\/page"}],"author":[{"embeddable":true,"href":"https:\/\/www.protect.airbus.com\/fr\/wp-json\/wp\/v2\/users\/4"}],"replies":[{"embeddable":true,"href":"https:\/\/www.protect.airbus.com\/fr\/wp-json\/wp\/v2\/comments?post=21616"}],"version-history":[{"count":16,"href":"https:\/\/www.protect.airbus.com\/fr\/wp-json\/wp\/v2\/pages\/21616\/revisions"}],"predecessor-version":[{"id":35500,"href":"https:\/\/www.protect.airbus.com\/fr\/wp-json\/wp\/v2\/pages\/21616\/revisions\/35500"}],"wp:featuredmedia":[{"embeddable":true,"href":"https:\/\/www.protect.airbus.com\/fr\/wp-json\/wp\/v2\/media\/1318"}],"wp:attachment":[{"href":"https:\/\/www.protect.airbus.com\/fr\/wp-json\/wp\/v2\/media?parent=21616"}],"curies":[{"name":"wp","href":"https:\/\/api.w.org\/{rel}","templated":true}]}}