{"id":20773,"date":"2024-11-28T15:53:50","date_gmt":"2024-11-28T14:53:50","guid":{"rendered":"https:\/\/www.protect.airbus.com\/cybersecurite\/strategic-cybersecurity-consulting\/"},"modified":"2025-09-24T17:10:06","modified_gmt":"2025-09-24T15:10:06","slug":"conseil-cybersecurite-strategique","status":"publish","type":"page","link":"https:\/\/www.protect.airbus.com\/fr\/cybersecurite\/conseil-cybersecurite-strategique\/","title":{"rendered":"Conseil cybersecurit\u00e9 strat\u00e9gique"},"content":{"rendered":"<div class=\"wpb-content-wrapper\"><p>[vc_row][vc_column][vc_column_text css=\u00a0\u00bb\u00a0\u00bb h2_style=\u00a0\u00bbh2Big\u00a0\u00bb]<\/p>\n<h2>S\u00e9curisez aujourd\u2019hui pour \u00eatre pr\u00eat demain<\/h2>\n<p>[\/vc_column_text][vc_column_text css=\u00a0\u00bb\u00a0\u00bb]<\/p>\n<h3><b>Gr\u00e2ce \u00e0 notre offre compl\u00e8te de Conseils Strat\u00e9giques en Cybers\u00e9curit\u00e9<\/b><\/h3>\n<p>[\/vc_column_text][\/vc_column][\/vc_row][vc_row][vc_column][vc_column_text css=\u00a0\u00bb\u00a0\u00bb p_style=\u00a0\u00bbpHighlight\u00a0\u00bb]<b>Avec plus de 15 ans d\u2019exp\u00e9rience, nos Consultants Seniors et Confirm\u00e9s vous accompagnent dans la consolidation d\u2019une strat\u00e9gie de cybers\u00e9curit\u00e9 compl\u00e8te. Ils aident les dirigeants de grandes entreprises de secteurs critiques \u00e0 g\u00e9rer les risques strat\u00e9giques pour renforcer leur cyber r\u00e9silience.<\/b>[\/vc_column_text][vc_column_text css=\u00a0\u00bb\u00a0\u00bb p_style=\u00a0\u00bbpHighlight\u00a0\u00bb]<span style=\"font-weight: 400;\">Aujourd&rsquo;hui, la cybers\u00e9curit\u00e9 ne se limite plus \u00e0 la protection des syst\u00e8mes d&rsquo;information : elle fa\u00e7onne la p\u00e9rennit\u00e9 et la comp\u00e9titivit\u00e9 des entreprises. Les menaces ne cessent d&rsquo;\u00e9voluer, et les d\u00e9cisions prises par les dirigeants ont un impact direct sur la r\u00e9silience num\u00e9rique et la confiance des parties prenantes. Face \u00e0 la multiplication des attaques cibl\u00e9es, des nouvelles r\u00e9gulations et des exigences croissantes de transparence, la cybers\u00e9curit\u00e9 doit devenir un pilier central de votre strat\u00e9gie d\u2019entreprise.<\/span><\/p>\n<p><span style=\"font-weight: 400;\">Notre offre de Conseil strat\u00e9gique en cybers\u00e9curit\u00e9 vous aide \u00e0 passer d\u2019une posture r\u00e9active \u00e0 une approche proactive, int\u00e9grant les imp\u00e9ratifs cyber dans la gouvernance de votre organisation tout en prenant en compte vos priorit\u00e9s strat\u00e9giques. Nous vous accompagnons \u00e0 chaque \u00e9tape, en alignant vos choix strat\u00e9giques sur les enjeux op\u00e9rationnels et r\u00e9glementaires pour transformer les d\u00e9fis de cybers\u00e9curit\u00e9 en opportunit\u00e9s de croissance. <\/span><\/p>\n<h3><b>Notre offre de Conseil Strat\u00e9giques en Cybers\u00e9curit\u00e9<\/b><\/h3>\n<p>Nous pouvons vous aider \u00e0 d\u00e9finir et ex\u00e9cuter votre\u00a0 strat\u00e9gie de gestion du risque de cybers\u00e9curit\u00e9 dans votre organisation au travers des missions types suivantes :<\/p>\n<ul>\n<li style=\"font-weight: 400;\" aria-level=\"1\"><span style=\"color: #00aec7;\"><b>Conseil en strat\u00e9gie de cybers\u00e9curit\u00e9 :<\/b><\/span> <strong>nous \u00e9laborons des feuilles de route cyber au regard de votre contexte et de vos objectifs sp\u00e9cifiques. <\/strong><\/li>\n<\/ul>\n<p><span style=\"font-weight: 400;\">Nous d\u00e9finissons et coordonnons des plans d\u2019action sur mesure pour aligner vos priorit\u00e9s cyber avec vos objectifs strat\u00e9giques d\u2019entreprise. Cela inclut la mise en place d\u2019un Syst\u00e8me de Management de la S\u00e9curit\u00e9 de l\u2019Information (SMSI). <\/span><\/p>\n<ul>\n<li aria-level=\"1\"><span style=\"color: #00aec7;\"><b>Conseil sur les options de <span style=\"color: #00aec7;\">cybergouvernance<\/span> :<\/b><\/span> <strong>d\u00e9finition des meilleures pratiques en mati\u00e8re de gouvernance de la cybers\u00e9curit\u00e9.\u00a0\u00a0<\/strong><\/li>\n<\/ul>\n<p>Nous accompagnons les dirigeants pour assurer une gestion efficace des risques et de la conformit\u00e9 aux r\u00e8glements propres \u00e0 votre industrie, ou aux l\u00e9gislations applicables dans votre r\u00e9gion.<\/p>\n<ul>\n<li aria-level=\"1\"><span style=\"color: #00aec7;\"><span style=\"color: #000000;\"><b><span style=\"color: #00aec7;\">Soutien tactique au niveau ex\u00e9cutif : <\/span><\/b><\/span><\/span><strong>partager la responsabilit\u00e9 en mati\u00e8re de cybers\u00e9curit\u00e9.<\/strong><\/li>\n<\/ul>\n<p>Nous intervenons directement au niveau du comit\u00e9 de direction pour vous aider \u00e0 prendre des d\u00e9cisions \u00e9clair\u00e9es sur les questions cyber, et \u00e0 g\u00e9rer les incidents de mani\u00e8re proactive. Nous vous aidons \u00e0 renforcer l&rsquo;alignement entre votre conseil d&rsquo;administration, les responsables de la cybers\u00e9curit\u00e9 et les dirigeants d&rsquo;entreprise.<\/p>\n<ul>\n<li aria-level=\"1\"><span style=\"color: #00aec7;\"><b>RSSI-as-a-service : <\/b><\/span><strong>d\u00e9tachement de RSSI \u00e0 temps partiel ou en transition.<\/strong><\/li>\n<\/ul>\n<p>Nous mettons \u00e0 votre disposition des RSSI exp\u00e9riment\u00e9s, capables d\u2019intervenir temporairement pour assurer la continuit\u00e9 de vos activit\u00e9s en cybers\u00e9curit\u00e9 ou pour piloter une phase de transformation de votre organisation cyber.[\/vc_column_text][\/vc_column][\/vc_row][vc_row][vc_column][vc_column_text css=\u00a0\u00bb\u00a0\u00bb p_style=\u00a0\u00bbpHighlight\u00a0\u00bb]<\/p>\n<h3><b>Pourquoi Airbus Protect ?\u00a0<\/b><\/h3>\n<p><span style=\"font-weight: 400;\">Nos consultants en conseil de cybers\u00e9curit\u00e9 strat\u00e9giques, experts des secteurs critiques, poss\u00e8dent chacun une exp\u00e9rience \u00e9prouv\u00e9e en management d\u2019\u00e9quipes, de projets et en d\u00e9ploiement de solutions de cybers\u00e9curit\u00e9. Ils m\u00e8nent des missions techniques et assurent une gestion proactive des relations client-fournisseur. Nous nous engageons \u00e0 r\u00e9duire les risques tout en co-cr\u00e9ant, \u00e0 vos c\u00f4t\u00e9s, une r\u00e9silience durable pour votre organisation.<\/span><\/p>\n<p><span style=\"font-weight: 400;\">En pla\u00e7ant vos besoins sp\u00e9cifiques au c\u0153ur de notre approche, nous vous accompagnons \u00e0 chaque \u00e9tape de votre parcours de gestion des risques de cybers\u00e9curit\u00e9, en adaptant nos solutions \u00e0 votre environnement et vos d\u00e9fis uniques. Nous pouvons vous aider \u00e0 b\u00e2tir et d\u00e9ployer une strat\u00e9gie en cybers\u00e9curit\u00e9 dans l\u2019ensemble de votre organisation gr\u00e2ce \u00e0\u00a0 :<\/span><\/p>\n<ul>\n<li><b>Flexibilit\u00e9 de l\u2019offre propos\u00e9e :<\/b><span style=\"font-weight: 400;\"> des services personnalis\u00e9s, qu&rsquo;il s&rsquo;agisse de missions ponctuelles, de d\u00e9tachement de RSSI en transition ou de soutien permanent<\/span><\/li>\n<li><b>Evaluation de votre environnement :<\/b><span style=\"font-weight: 400;\"> avant de mettre en place une strat\u00e9gie de gouvernance de la cybers\u00e9curit\u00e9, nos experts \u00e9valueront votre environnement dans son ensemble de mani\u00e8re d\u00e9taill\u00e9e, par exemple en tenant compte de votre empreinte industrielle, du risque cyber dans la conception de vos produits et de votre exposition g\u00e9opolitique ou r\u00e9glementaire.<\/span><\/li>\n<li><b>Capitalisation sur notre exp\u00e9rience :<\/b><span style=\"font-weight: 400;\"> nous permettant d\u2019aider nos clients \u00e0 respecter la r\u00e9glementation internationale et sectorielle en mati\u00e8re de cybers\u00e9curit\u00e9; qu\u2019il s\u2019agisse du RGPD, de la norme ISO 27001, de la directive NIS2 ou de toute autre loi notamment des obligations auxquelles fait face Airbus.<\/span><\/li>\n<li><b>Compl\u00e9mentarit\u00e9 de nos services : <\/b>nos consultants peuvent vous fournir des \u00e9valuations d\u2019impact relatives \u00e0 la protection des donn\u00e9es \u00e0 caract\u00e8re personnel ou organiser des audits sur la conformit\u00e9 aux r\u00e8glements en la mati\u00e8re.<\/li>\n<\/ul>\n<p>Nos solutions de Conseil strat\u00e9gique en cybers\u00e9curit\u00e9 vous permettent de ma\u00eetriser votre environnement num\u00e9rique tout en vous concentrant sur votre c\u0153ur de m\u00e9tier. Gr\u00e2ce \u00e0 notre approche transversale, nous vous aidons \u00e0 anticiper et g\u00e9rer les risques tout en construisant une cyber r\u00e9silience durable.[\/vc_column_text][\/vc_column][\/vc_row][vc_row][vc_column][vc_column_text css=\u00a0\u00bb\u00a0\u00bb]<\/p>\n<h3><b>D\u00e9couvrez \u00e9galement nos autres services de conseil en cybers\u00e9curit\u00e9 et de s\u00e9curit\u00e9 manag\u00e9e (MSS), pour une protection compl\u00e8te et continue de votre organisation face aux menaces cyber en constante \u00e9volution.<\/b><\/h3>\n<p>[\/vc_column_text]<div class=\"divBtCTA btAlignCenter\"><a href=\"https:\/\/www.protect.airbus.com\/fr\/contact\/\"  class=\"button btCybersecurity\">Contactez-nous !<\/a><\/div>[\/vc_column][\/vc_row]<\/p>\n<\/div>","protected":false},"excerpt":{"rendered":"<p>[vc_row][vc_column][vc_column_text css=\u00a0\u00bb\u00a0\u00bb h2_style=\u00a0\u00bbh2Big\u00a0\u00bb] S\u00e9curisez aujourd\u2019hui pour \u00eatre pr\u00eat demain [\/vc_column_text][vc_column_text css=\u00a0\u00bb\u00a0\u00bb] Gr\u00e2ce \u00e0 notre offre compl\u00e8te de Conseils Strat\u00e9giques en Cybers\u00e9curit\u00e9 [\/vc_column_text][\/vc_column][\/vc_row][vc_row][vc_column][vc_column_text css=\u00a0\u00bb\u00a0\u00bb p_style=\u00a0\u00bbpHighlight\u00a0\u00bb]Avec plus de 15 ans d\u2019exp\u00e9rience, nos Consultants Seniors et Confirm\u00e9s vous accompagnent dans la consolidation d\u2019une strat\u00e9gie de cybers\u00e9curit\u00e9 compl\u00e8te. Ils aident les dirigeants de grandes entreprises de secteurs critiques \u00e0 [&hellip;]<\/p>\n","protected":false},"author":8,"featured_media":6467,"parent":6938,"menu_order":0,"comment_status":"closed","ping_status":"closed","template":"","meta":{"_acf_changed":false,"content-type":"","_relevanssi_hide_post":"","_relevanssi_hide_content":"","_relevanssi_pin_for_all":"","_relevanssi_pin_keywords":"","_relevanssi_unpin_keywords":"","_relevanssi_related_keywords":"","_relevanssi_related_include_ids":"","_relevanssi_related_exclude_ids":"","_relevanssi_related_no_append":"","_relevanssi_related_not_related":"","_relevanssi_related_posts":"","_relevanssi_noindex_reason":"","footnotes":""},"class_list":["post-20773","page","type-page","status-publish","has-post-thumbnail","hentry"],"acf":[],"yoast_head":"<!-- This site is optimized with the Yoast SEO Premium plugin v27.2 (Yoast SEO v27.2) - https:\/\/yoast.com\/product\/yoast-seo-premium-wordpress\/ -->\n<title>Conseil strat\u00e9gique en cybers\u00e9curit\u00e9 : Renforcer votre cyber-r\u00e9silience<\/title>\n<meta name=\"description\" content=\"Renforcez votre cyber-r\u00e9silience gr\u00e2ce \u00e0 des conseils strat\u00e9giques en cybers\u00e9curit\u00e9. Nos consultants seniors exp\u00e9riment\u00e9s peuvent vous aider \u00e0 \u00e9laborer une strat\u00e9gie globale de cybers\u00e9curit\u00e9.\" \/>\n<meta name=\"robots\" content=\"index, follow, max-snippet:-1, max-image-preview:large, max-video-preview:-1\" \/>\n<link rel=\"canonical\" href=\"https:\/\/www.protect.airbus.com\/fr\/cybersecurite\/conseil-cybersecurite-strategique\/\" \/>\n<meta property=\"og:locale\" content=\"fr_FR\" \/>\n<meta property=\"og:type\" content=\"article\" \/>\n<meta property=\"og:title\" content=\"Conseil cybersecurit\u00e9 strat\u00e9gique\" \/>\n<meta property=\"og:description\" content=\"Renforcez votre cyber-r\u00e9silience gr\u00e2ce \u00e0 des conseils strat\u00e9giques en cybers\u00e9curit\u00e9. Nos consultants seniors exp\u00e9riment\u00e9s peuvent vous aider \u00e0 \u00e9laborer une strat\u00e9gie globale de cybers\u00e9curit\u00e9.\" \/>\n<meta property=\"og:url\" content=\"https:\/\/www.protect.airbus.com\/fr\/cybersecurite\/conseil-cybersecurite-strategique\/\" \/>\n<meta property=\"og:site_name\" content=\"Airbus Protect\" \/>\n<meta property=\"article:modified_time\" content=\"2025-09-24T15:10:06+00:00\" \/>\n<meta property=\"og:image\" content=\"https:\/\/www.protect.airbus.com\/wp-content\/uploads\/revslider\/header-cybersecurity-en\/bg-cybersecurity.png\" \/>\n\t<meta property=\"og:image:width\" content=\"1920\" \/>\n\t<meta property=\"og:image:height\" content=\"582\" \/>\n\t<meta property=\"og:image:type\" content=\"image\/png\" \/>\n<meta name=\"twitter:card\" content=\"summary_large_image\" \/>\n<meta name=\"twitter:label1\" content=\"Dur\u00e9e de lecture estim\u00e9e\" \/>\n\t<meta name=\"twitter:data1\" content=\"4 minutes\" \/>\n<script type=\"application\/ld+json\" class=\"yoast-schema-graph\">{\"@context\":\"https:\/\/schema.org\",\"@graph\":[{\"@type\":\"Service\",\"name\":\"Conseil cybersecurit\u00e9 strat\u00e9gique\",\"url\":\"https:\/\/www.protect.airbus.com\/fr\/cybersecurite\/conseil-cybersecurite-strategique\/\",\"provider\":{\"@id\":\"https:\/\/www.protect.airbus.com\/#organization\"},\"description\":\"\"},{\"@type\":\"WebPage\",\"@id\":\"https:\/\/www.protect.airbus.com\/fr\/cybersecurite\/conseil-cybersecurite-strategique\/\",\"url\":\"https:\/\/www.protect.airbus.com\/fr\/cybersecurite\/conseil-cybersecurite-strategique\/\",\"name\":\"Conseil strat\u00e9gique en cybers\u00e9curit\u00e9 : Renforcer votre cyber-r\u00e9silience\",\"isPartOf\":{\"@id\":\"https:\/\/www.protect.airbus.com\/fr\/#website\"},\"primaryImageOfPage\":{\"@id\":\"https:\/\/www.protect.airbus.com\/fr\/cybersecurite\/conseil-cybersecurite-strategique\/#primaryimage\"},\"image\":{\"@id\":\"https:\/\/www.protect.airbus.com\/fr\/cybersecurite\/conseil-cybersecurite-strategique\/#primaryimage\"},\"thumbnailUrl\":\"https:\/\/www.protect.airbus.com\/wp-content\/uploads\/revslider\/header-cybersecurity-en\/bg-cybersecurity.png\",\"datePublished\":\"2024-11-28T14:53:50+00:00\",\"dateModified\":\"2025-09-24T15:10:06+00:00\",\"description\":\"Renforcez votre cyber-r\u00e9silience gr\u00e2ce \u00e0 des conseils strat\u00e9giques en cybers\u00e9curit\u00e9. Nos consultants seniors exp\u00e9riment\u00e9s peuvent vous aider \u00e0 \u00e9laborer une strat\u00e9gie globale de cybers\u00e9curit\u00e9.\",\"breadcrumb\":{\"@id\":\"https:\/\/www.protect.airbus.com\/fr\/cybersecurite\/conseil-cybersecurite-strategique\/#breadcrumb\"},\"inLanguage\":\"fr-FR\",\"potentialAction\":[{\"@type\":\"ReadAction\",\"target\":[\"https:\/\/www.protect.airbus.com\/fr\/cybersecurite\/conseil-cybersecurite-strategique\/\"]}]},{\"@type\":\"ImageObject\",\"inLanguage\":\"fr-FR\",\"@id\":\"https:\/\/www.protect.airbus.com\/fr\/cybersecurite\/conseil-cybersecurite-strategique\/#primaryimage\",\"url\":\"https:\/\/www.protect.airbus.com\/wp-content\/uploads\/revslider\/header-cybersecurity-en\/bg-cybersecurity.png\",\"contentUrl\":\"https:\/\/www.protect.airbus.com\/wp-content\/uploads\/revslider\/header-cybersecurity-en\/bg-cybersecurity.png\",\"width\":1920,\"height\":582},{\"@type\":\"BreadcrumbList\",\"@id\":\"https:\/\/www.protect.airbus.com\/fr\/cybersecurite\/conseil-cybersecurite-strategique\/#breadcrumb\",\"itemListElement\":[{\"@type\":\"ListItem\",\"position\":1,\"name\":\"Home\",\"item\":\"https:\/\/www.protect.airbus.com\/fr\/\"},{\"@type\":\"ListItem\",\"position\":2,\"name\":\"Cybers\u00e9curit\u00e9\",\"item\":\"https:\/\/www.protect.airbus.com\/fr\/cybersecurite\/\"},{\"@type\":\"ListItem\",\"position\":3,\"name\":\"Conseil cybersecurit\u00e9 strat\u00e9gique\"}]},{\"@type\":\"WebSite\",\"@id\":\"https:\/\/www.protect.airbus.com\/fr\/#website\",\"url\":\"https:\/\/www.protect.airbus.com\/fr\/\",\"name\":\"Airbus Protect\",\"description\":\"\",\"publisher\":{\"@id\":\"https:\/\/www.protect.airbus.com\/fr\/#organization\"},\"potentialAction\":[{\"@type\":\"SearchAction\",\"target\":{\"@type\":\"EntryPoint\",\"urlTemplate\":\"https:\/\/www.protect.airbus.com\/fr\/?s={search_term_string}\"},\"query-input\":{\"@type\":\"PropertyValueSpecification\",\"valueRequired\":true,\"valueName\":\"search_term_string\"}}],\"inLanguage\":\"fr-FR\"},{\"@type\":\"Organization\",\"@id\":\"https:\/\/www.protect.airbus.com\/fr\/#organization\",\"name\":\"Airbus Protect\",\"url\":\"https:\/\/www.protect.airbus.com\/fr\/\",\"logo\":{\"@type\":\"ImageObject\",\"inLanguage\":\"fr-FR\",\"@id\":\"https:\/\/www.protect.airbus.com\/fr\/#\/schema\/logo\/image\/\",\"url\":\"https:\/\/www.protect.airbus.com\/wp-content\/uploads\/2023\/05\/logo-airbus-protect-696-696.png\",\"contentUrl\":\"https:\/\/www.protect.airbus.com\/wp-content\/uploads\/2023\/05\/logo-airbus-protect-696-696.png\",\"width\":696,\"height\":696,\"caption\":\"Airbus Protect\"},\"image\":{\"@id\":\"https:\/\/www.protect.airbus.com\/fr\/#\/schema\/logo\/image\/\"},\"sameAs\":[\"https:\/\/www.linkedin.com\/company\/airbus-protect\/\",\"https:\/\/www.youtube.com\/@airbusprotect7483\"],\"contactPoint\":{\"@type\":\"ContactPoint\",\"email\":\"protect@airbus.com\",\"contactType\":\"customer service\",\"areaServed\":[\"GB\",\"FR\",\"ES\",\"DE\",\"BE\",\"CH\",\"PT\",\"DK\",\"AT\"],\"availableLanguage\":[\"en\",\"fr\",\"de\"]}}]}<\/script>\n<!-- \/ Yoast SEO Premium plugin. -->","yoast_head_json":{"title":"Conseil strat\u00e9gique en cybers\u00e9curit\u00e9 : Renforcer votre cyber-r\u00e9silience","description":"Renforcez votre cyber-r\u00e9silience gr\u00e2ce \u00e0 des conseils strat\u00e9giques en cybers\u00e9curit\u00e9. Nos consultants seniors exp\u00e9riment\u00e9s peuvent vous aider \u00e0 \u00e9laborer une strat\u00e9gie globale de cybers\u00e9curit\u00e9.","robots":{"index":"index","follow":"follow","max-snippet":"max-snippet:-1","max-image-preview":"max-image-preview:large","max-video-preview":"max-video-preview:-1"},"canonical":"https:\/\/www.protect.airbus.com\/fr\/cybersecurite\/conseil-cybersecurite-strategique\/","og_locale":"fr_FR","og_type":"article","og_title":"Conseil cybersecurit\u00e9 strat\u00e9gique","og_description":"Renforcez votre cyber-r\u00e9silience gr\u00e2ce \u00e0 des conseils strat\u00e9giques en cybers\u00e9curit\u00e9. Nos consultants seniors exp\u00e9riment\u00e9s peuvent vous aider \u00e0 \u00e9laborer une strat\u00e9gie globale de cybers\u00e9curit\u00e9.","og_url":"https:\/\/www.protect.airbus.com\/fr\/cybersecurite\/conseil-cybersecurite-strategique\/","og_site_name":"Airbus Protect","article_modified_time":"2025-09-24T15:10:06+00:00","og_image":[{"width":1920,"height":582,"url":"https:\/\/www.protect.airbus.com\/wp-content\/uploads\/revslider\/header-cybersecurity-en\/bg-cybersecurity.png","type":"image\/png"}],"twitter_card":"summary_large_image","twitter_misc":{"Dur\u00e9e de lecture estim\u00e9e":"4 minutes"},"schema":{"@context":"https:\/\/schema.org","@graph":[{"@type":"Service","name":"Conseil cybersecurit\u00e9 strat\u00e9gique","url":"https:\/\/www.protect.airbus.com\/fr\/cybersecurite\/conseil-cybersecurite-strategique\/","provider":{"@id":"https:\/\/www.protect.airbus.com\/#organization"},"description":""},{"@type":"WebPage","@id":"https:\/\/www.protect.airbus.com\/fr\/cybersecurite\/conseil-cybersecurite-strategique\/","url":"https:\/\/www.protect.airbus.com\/fr\/cybersecurite\/conseil-cybersecurite-strategique\/","name":"Conseil strat\u00e9gique en cybers\u00e9curit\u00e9 : Renforcer votre cyber-r\u00e9silience","isPartOf":{"@id":"https:\/\/www.protect.airbus.com\/fr\/#website"},"primaryImageOfPage":{"@id":"https:\/\/www.protect.airbus.com\/fr\/cybersecurite\/conseil-cybersecurite-strategique\/#primaryimage"},"image":{"@id":"https:\/\/www.protect.airbus.com\/fr\/cybersecurite\/conseil-cybersecurite-strategique\/#primaryimage"},"thumbnailUrl":"https:\/\/www.protect.airbus.com\/wp-content\/uploads\/revslider\/header-cybersecurity-en\/bg-cybersecurity.png","datePublished":"2024-11-28T14:53:50+00:00","dateModified":"2025-09-24T15:10:06+00:00","description":"Renforcez votre cyber-r\u00e9silience gr\u00e2ce \u00e0 des conseils strat\u00e9giques en cybers\u00e9curit\u00e9. Nos consultants seniors exp\u00e9riment\u00e9s peuvent vous aider \u00e0 \u00e9laborer une strat\u00e9gie globale de cybers\u00e9curit\u00e9.","breadcrumb":{"@id":"https:\/\/www.protect.airbus.com\/fr\/cybersecurite\/conseil-cybersecurite-strategique\/#breadcrumb"},"inLanguage":"fr-FR","potentialAction":[{"@type":"ReadAction","target":["https:\/\/www.protect.airbus.com\/fr\/cybersecurite\/conseil-cybersecurite-strategique\/"]}]},{"@type":"ImageObject","inLanguage":"fr-FR","@id":"https:\/\/www.protect.airbus.com\/fr\/cybersecurite\/conseil-cybersecurite-strategique\/#primaryimage","url":"https:\/\/www.protect.airbus.com\/wp-content\/uploads\/revslider\/header-cybersecurity-en\/bg-cybersecurity.png","contentUrl":"https:\/\/www.protect.airbus.com\/wp-content\/uploads\/revslider\/header-cybersecurity-en\/bg-cybersecurity.png","width":1920,"height":582},{"@type":"BreadcrumbList","@id":"https:\/\/www.protect.airbus.com\/fr\/cybersecurite\/conseil-cybersecurite-strategique\/#breadcrumb","itemListElement":[{"@type":"ListItem","position":1,"name":"Home","item":"https:\/\/www.protect.airbus.com\/fr\/"},{"@type":"ListItem","position":2,"name":"Cybers\u00e9curit\u00e9","item":"https:\/\/www.protect.airbus.com\/fr\/cybersecurite\/"},{"@type":"ListItem","position":3,"name":"Conseil cybersecurit\u00e9 strat\u00e9gique"}]},{"@type":"WebSite","@id":"https:\/\/www.protect.airbus.com\/fr\/#website","url":"https:\/\/www.protect.airbus.com\/fr\/","name":"Airbus Protect","description":"","publisher":{"@id":"https:\/\/www.protect.airbus.com\/fr\/#organization"},"potentialAction":[{"@type":"SearchAction","target":{"@type":"EntryPoint","urlTemplate":"https:\/\/www.protect.airbus.com\/fr\/?s={search_term_string}"},"query-input":{"@type":"PropertyValueSpecification","valueRequired":true,"valueName":"search_term_string"}}],"inLanguage":"fr-FR"},{"@type":"Organization","@id":"https:\/\/www.protect.airbus.com\/fr\/#organization","name":"Airbus Protect","url":"https:\/\/www.protect.airbus.com\/fr\/","logo":{"@type":"ImageObject","inLanguage":"fr-FR","@id":"https:\/\/www.protect.airbus.com\/fr\/#\/schema\/logo\/image\/","url":"https:\/\/www.protect.airbus.com\/wp-content\/uploads\/2023\/05\/logo-airbus-protect-696-696.png","contentUrl":"https:\/\/www.protect.airbus.com\/wp-content\/uploads\/2023\/05\/logo-airbus-protect-696-696.png","width":696,"height":696,"caption":"Airbus Protect"},"image":{"@id":"https:\/\/www.protect.airbus.com\/fr\/#\/schema\/logo\/image\/"},"sameAs":["https:\/\/www.linkedin.com\/company\/airbus-protect\/","https:\/\/www.youtube.com\/@airbusprotect7483"],"contactPoint":{"@type":"ContactPoint","email":"protect@airbus.com","contactType":"customer service","areaServed":["GB","FR","ES","DE","BE","CH","PT","DK","AT"],"availableLanguage":["en","fr","de"]}}]}},"_links":{"self":[{"href":"https:\/\/www.protect.airbus.com\/fr\/wp-json\/wp\/v2\/pages\/20773","targetHints":{"allow":["GET"]}}],"collection":[{"href":"https:\/\/www.protect.airbus.com\/fr\/wp-json\/wp\/v2\/pages"}],"about":[{"href":"https:\/\/www.protect.airbus.com\/fr\/wp-json\/wp\/v2\/types\/page"}],"author":[{"embeddable":true,"href":"https:\/\/www.protect.airbus.com\/fr\/wp-json\/wp\/v2\/users\/8"}],"replies":[{"embeddable":true,"href":"https:\/\/www.protect.airbus.com\/fr\/wp-json\/wp\/v2\/comments?post=20773"}],"version-history":[{"count":11,"href":"https:\/\/www.protect.airbus.com\/fr\/wp-json\/wp\/v2\/pages\/20773\/revisions"}],"predecessor-version":[{"id":38436,"href":"https:\/\/www.protect.airbus.com\/fr\/wp-json\/wp\/v2\/pages\/20773\/revisions\/38436"}],"up":[{"embeddable":true,"href":"https:\/\/www.protect.airbus.com\/fr\/wp-json\/wp\/v2\/pages\/6938"}],"wp:featuredmedia":[{"embeddable":true,"href":"https:\/\/www.protect.airbus.com\/fr\/wp-json\/wp\/v2\/media\/6467"}],"wp:attachment":[{"href":"https:\/\/www.protect.airbus.com\/fr\/wp-json\/wp\/v2\/media?parent=20773"}],"curies":[{"name":"wp","href":"https:\/\/api.w.org\/{rel}","templated":true}]}}