{"id":19493,"date":"2024-11-06T10:59:13","date_gmt":"2024-11-06T09:59:13","guid":{"rendered":"https:\/\/www.protect.airbus.com\/?page_id=19493"},"modified":"2025-10-07T11:48:15","modified_gmt":"2025-10-07T09:48:15","slug":"conseil-cybersecurite","status":"publish","type":"page","link":"https:\/\/www.protect.airbus.com\/fr\/cybersecurite\/conseil-cybersecurite\/","title":{"rendered":"Services de conseil en cybers\u00e9curit\u00e9"},"content":{"rendered":"<div class=\"wpb-content-wrapper\"><p>[vc_row][vc_column][vc_column_text css=\u00a0\u00bb.vc_custom_1730903784571{margin-bottom: 0px !important;padding-bottom: 0px !important;}\u00a0\u00bb h2_style=\u00a0\u00bbh2Big\u00a0\u00bb p_style=\u00a0\u00bbpChapeau\u00a0\u00bb]<b>Confiez \u00e0 nos experts la d\u00e9finition de votre mod\u00e8le de gouvernance et la gestion de votre posture de s\u00e9curit\u00e9 pour renforcer votre cyber r\u00e9silience.<\/b>[\/vc_column_text][vc_column_text css=\u00a0\u00bb\u00a0\u00bb p_style=\u00a0\u00bbpBig\u00a0\u00bb]Les d\u00e9cideurs doivent veiller \u00e0 g\u00e9rer les cyberrisques \u00e0 chaque \u00e9tape de la cha\u00eene de valeur, y compris les syst\u00e8mes modernes et anciens, tout en respectant les exigences r\u00e9glementaires. Cela repr\u00e9sente un d\u00e9fi consid\u00e9rable en termes de budget, de ressources et d&rsquo;expertise.[\/vc_column_text][vc_column_text css=\u00a0\u00bb\u00a0\u00bb p_style=\u00a0\u00bbpBig\u00a0\u00bb]<b>Nos services de conseil en mati\u00e8re de technologies de l&rsquo;information, de technologies de l&rsquo;information et de produits sont con\u00e7us pour aider les organisations de divers secteurs \u00e0 accro\u00eetre leur cyber-r\u00e9silience \u00e0 chaque \u00e9tape du cycle de vie de l&rsquo;entreprise.<\/b>[\/vc_column_text][vc_column_text css=\u00a0\u00bb.vc_custom_1730904937154{margin-bottom: 0px !important;padding-bottom: 0px !important;}\u00a0\u00bb h2_style=\u00a0\u00bbh2Big\u00a0\u00bb]<\/p>\n<h3>Pourquoi choisir Airbus Protect pour les prestations de conseil en cybers\u00e9curit\u00e9 ?<\/h3>\n<p>[\/vc_column_text][vc_column_text css=\u00a0\u00bb\u00a0\u00bb p_style=\u00a0\u00bbpHighlight\u00a0\u00bb]Nos plus de 320 consultants fournissent des prestations de conseil en cybers\u00e9curit\u00e9 \u00e0 forte valeur ajout\u00e9e, en particulier pour les secteurs de l&rsquo;a\u00e9rospatiale, des infrastructures critiques, des transports et bien d&rsquo;autres industries.<\/p>\n<p>Lorsque vous faites appel \u00e0 Airbus Protect, vous b\u00e9n\u00e9ficiez d\u2019une expertise de haute qualit\u00e9 adapt\u00e9e \u00e0 vos besoins sp\u00e9cifiques, vos contraintes et votre environnement. Nos consultants d\u00e9di\u00e9s travaillent en \u00e9troite collaboration avec nos clients afin de mieux comprendre leurs d\u00e9fis et anticiper \u00e0 la fois leurs risques externes, mais aussi internes. Nous permettons \u00e0 nos partenaires de confiance d\u2019am\u00e9liorer leur cyber-r\u00e9silience de bout en bout gr\u00e2ce \u00e0 une approche proactive de la cybers\u00e9curit\u00e9.<\/p>\n<p><span style=\"font-weight: 400;\">Nous soutenons nos clients pour :<\/span><\/p>\n<ul>\n<li><span style=\"font-weight: 400;\">\u00a0Cr\u00e9er une strat\u00e9gie et une gouvernance de cybers\u00e9curit\u00e9 tourn\u00e9es vers les nouveaux enjeux<\/span><\/li>\n<li>S\u00e9curiser et am\u00e9liorer de bout en bout la gouvernance des donn\u00e9es pour garantir la conformit\u00e9 et prot\u00e9ger les actifs sensibles<\/li>\n<li>Att\u00e9nuer les cyber-risques et r\u00e9duire les temps d\u2019arr\u00eat en \u00e9laborant des plans d&rsquo;action sur-mesure pour la mise en place de r\u00e9ponses rapides et efficaces<\/li>\n<li>Simuler des attaques afin de d\u00e9couvrir des vuln\u00e9rabilit\u00e9s cach\u00e9es et \u00e0 renforcer les dispositifs en place<\/li>\n<li>Garantir la conformit\u00e9 r\u00e9glementaire et maintenir les mesures de s\u00e9curit\u00e9 \u00e0 jour<\/li>\n<li>Mettre en place des architectures de cybers\u00e9curit\u00e9 s\u00e9curis\u00e9es et personnalis\u00e9es pour les syst\u00e8mes IT\/OT et produitsAm\u00e9liorer la cyber-r\u00e9silience de bout en bout<\/li>\n<\/ul>\n<p>[\/vc_column_text][vc_column_text css=\u00a0\u00bb.vc_custom_1682673520600{margin-bottom: 0px !important;padding-bottom: 0px !important;}\u00a0\u00bb h2_style=\u00a0\u00bbh2Big\u00a0\u00bb]<\/p>\n<h3><b>Notre offre<\/b><\/h3>\n<p>[\/vc_column_text]<div class=\"conteneurSolutionService conteneurSolutionServiceCybersecurity\">\n<h2>Service de conseil en cybers\u00e9curit\u00e9<\/h2><div class=\"listeSolutionService\">\n    <div class=\"headerListeSolutionService\">\n                <p>Des services de conseil pour prot\u00e9ger les organisations de mani\u00e8re proactive en am\u00e9liorant la gouvernance d\u2019entreprise et la posture de s\u00e9curit\u00e9 afin d&#039;am\u00e9liorer la cyber-r\u00e9silience globale.<\/p>    <\/div>\n<div class=\"blocsSolutionService\"><div class=\"blocSolutionService blocSolutionServiceURL\">\n    <div>\n        <span>S\u00e9curit\u00e9 d\u00e9fensive<\/span>        <h4>Gouvernance, risque, conformit\u00e9 et audit<\/h4>        <p>Nous vous aidons \u00e0 comprendre le paysage actuel des menaces, \u00e0 anticiper les risques avant qu&#039;ils ne se mat\u00e9rialisent et \u00e0 vous tenir au courant des r\u00e9glementations en vigueur.<\/p>    <\/div>\n            <div class=\"overlay\" onclick=\"document.location.href='https:\/\/www.protect.airbus.com\/fr\/cybersecurite\/gouvernance-risque-conformite\/';\">\n            <span class=\"readMore\"><a href=\"https:\/\/www.protect.airbus.com\/fr\/cybersecurite\/gouvernance-risque-conformite\/\" title=\"Gouvernance, risque, conformit\u00e9 et audit\">Lire la suite &gt;<\/a><\/span>\n        <\/div>\n        <\/div><div class=\"blocSolutionService blocSolutionServiceURL\">\n    <div>\n        <span>S\u00e9curit\u00e9 d\u00e9fensive<\/span>        <h4>Contr\u00f4le des exportations et confidentialit\u00e9 des donn\u00e9es<\/h4>        <p>Nous aidons les entreprises \u00e0 d\u00e9velopper des processus complets de gouvernance et de confidentialit\u00e9 des donn\u00e9es, du GDPR au contr\u00f4le des exportations.<\/p>    <\/div>\n            <div class=\"overlay\" onclick=\"document.location.href='https:\/\/www.protect.airbus.com\/fr\/cybersecurite\/controle-exportations-protection-donnees\/';\">\n            <span class=\"readMore\"><a href=\"https:\/\/www.protect.airbus.com\/fr\/cybersecurite\/controle-exportations-protection-donnees\/\" title=\"Contr\u00f4le des exportations et confidentialit\u00e9 des donn\u00e9es\">Lire la suite &gt;<\/a><\/span>\n        <\/div>\n        <\/div><div class=\"blocSolutionService blocSolutionServiceURL\">\n    <div>\n        <span>S\u00e9curit\u00e9 d\u00e9fensive<\/span>        <h4>Architecture et conception de la s\u00e9curit\u00e9<\/h4>        <p>Nous pouvons vous aider \u00e0 mettre en place une architecture de cybers\u00e9curit\u00e9 s\u00e9curis\u00e9e et personnalis\u00e9e pour vos syst\u00e8mes et produits IT\/OT.<\/p>    <\/div>\n            <div class=\"overlay\" onclick=\"document.location.href='https:\/\/www.protect.airbus.com\/fr\/cybersecurite\/conception-architecture\/';\">\n            <span class=\"readMore\"><a href=\"https:\/\/www.protect.airbus.com\/fr\/cybersecurite\/conception-architecture\/\" title=\"Architecture et conception de la s\u00e9curit\u00e9\">Lire la suite &gt;<\/a><\/span>\n        <\/div>\n        <\/div><div class=\"blocSolutionService blocSolutionServiceURL\">\n    <div>\n        <span>S\u00e9curit\u00e9 offensive<\/span>        <h4>Pentest<\/h4>        <p>Nous vous aidons \u00e0 d\u00e9couvrir les vuln\u00e9rabilit\u00e9s cach\u00e9es et \u00e0 comprendre les exploits potentiels des syst\u00e8mes. R\u00e9v\u00e9ler la maturit\u00e9 cybern\u00e9tique de votre organisation gr\u00e2ce \u00e0 nos services de pentests.<\/p>    <\/div>\n            <div class=\"overlay\" onclick=\"document.location.href='https:\/\/www.protect.airbus.com\/fr\/cybersecurite\/vulnerability-assessments-and-pentesting\/';\">\n            <span class=\"readMore\"><a href=\"https:\/\/www.protect.airbus.com\/fr\/cybersecurite\/vulnerability-assessments-and-pentesting\/\" title=\"Pentest\">Lire la suite &gt;<\/a><\/span>\n        <\/div>\n        <\/div><div class=\"blocSolutionService blocSolutionServiceURL\">\n    <div>\n        <span>S\u00e9curit\u00e9 offensive<\/span>        <h4>Red Team<\/h4>        <p>Nous testerons les cyberd\u00e9fenses de votre organisation en simulant des attaques contre les vuln\u00e9rabilit\u00e9s critiques (personnes, processus et technologies).<\/p>    <\/div>\n            <div class=\"overlay\" onclick=\"document.location.href='https:\/\/www.protect.airbus.com\/fr\/cybersecurite\/red-team\/';\">\n            <span class=\"readMore\"><a href=\"https:\/\/www.protect.airbus.com\/fr\/cybersecurite\/red-team\/\" title=\"Red Team\">Lire la suite &gt;<\/a><\/span>\n        <\/div>\n        <\/div><div class=\"blocSolutionService blocSolutionServiceURL\">\n    <div>\n        <span>S\u00e9curit\u00e9 transversale<\/span>        <h4>Purple team<\/h4>        <p>Nous renfor\u00e7ons votre posture de s\u00e9curit\u00e9 avec des exercices de purple team qui rassemblent les forces des red et blue teams pour cr\u00e9er une force de protection imparable.<\/p>    <\/div>\n            <div class=\"overlay\" onclick=\"document.location.href='https:\/\/www.protect.airbus.com\/fr\/cybersecurite\/purple-team\/';\">\n            <span class=\"readMore\"><a href=\"https:\/\/www.protect.airbus.com\/fr\/cybersecurite\/purple-team\/\" title=\"Purple team\">Lire la suite &gt;<\/a><\/span>\n        <\/div>\n        <\/div><div class=\"blocSolutionService blocSolutionServiceURL\">\n    <div>\n        <span>S\u00e9curit\u00e9 transversale<\/span>        <h4>Partie-IS<\/h4>        <p>Nous experts en S\u00e9curit\u00e9 et en Safety travaillent en collaboration avec vous pour impl\u00e9menter la r\u00e9glementation de la Partie-IS et vous aider \u00e0 franchir cette \u00e9tape de conformit\u00e9.<\/p>    <\/div>\n            <div class=\"overlay\" onclick=\"document.location.href='https:\/\/www.protect.airbus.com\/fr\/cybersecurite\/partie-is\/';\">\n            <span class=\"readMore\"><a href=\"https:\/\/www.protect.airbus.com\/fr\/cybersecurite\/partie-is\/\" title=\"Partie-IS\">Lire la suite &gt;<\/a><\/span>\n        <\/div>\n        <\/div><div class=\"blocSolutionService blocSolutionServiceURL\">\n    <div>\n        <span>S\u00e9curit\u00e9 transversale<\/span>        <h4>Directive NIS2<\/h4>        <p>Airbus Protect poss\u00e8de une \u00e9quipe d&#039;experts qui peut vous aider \u00e0 impl\u00e9menter la directive NIS2.<\/p>    <\/div>\n            <div class=\"overlay\" onclick=\"document.location.href='https:\/\/www.protect.airbus.com\/fr\/cybersecurite\/nis2\/';\">\n            <span class=\"readMore\"><a href=\"https:\/\/www.protect.airbus.com\/fr\/cybersecurite\/nis2\/\" title=\"Directive NIS2\">Lire la suite &gt;<\/a><\/span>\n        <\/div>\n        <\/div><div class=\"blocSolutionService blocSolutionServiceURL\">\n    <div>\n        <span>S\u00e9curit\u00e9 offensive<\/span>        <h4>Sensibilisation et formation<\/h4>        <p>Nous pouvons vous aider \u00e0 tester la pr\u00e9paration de votre organisation \u00e0 une cyberattaque gr\u00e2ce \u00e0 des exercices de sensibilisation et de formation.<\/p>    <\/div>\n            <div class=\"overlay\" onclick=\"document.location.href='https:\/\/www.protect.airbus.com\/fr\/cybersecurite\/simulation-et-formation\/';\">\n            <span class=\"readMore\"><a href=\"https:\/\/www.protect.airbus.com\/fr\/cybersecurite\/simulation-et-formation\/\" title=\"Sensibilisation et formation\">Lire la suite &gt;<\/a><\/span>\n        <\/div>\n        <\/div><\/div>\n    <\/div><\/div>    <div class=\"hightlightBracket\">\n        <div class=\"glyphe\"><\/div>\n        <div class=\"highlight\"><p>Contactez-nous pour d\u00e9couvrir comment nous pouvons vous aider<\/p><\/div>\n    <\/div>\n    <div class=\"divBtCTA btAlignCenter\"><a href=\"https:\/\/www.protect.airbus.com\/fr\/contact\/\"  class=\"button btAuto\">Nous contacter<\/a><\/div><div class=\"whatsNew\" id=\"whatsnew_69f051f4c8df8\">\n    <div class=\"lineTitleFilter\">\n        <div id=\"conteneur_h2_WhatsNew\"><h2>Des nouveaut\u00e9s ?<\/h2><\/div>\n        <div id=\"conteneur_FiltreWhatsNew\">\n\t\t\t<div class=\"filterWhatsNew\"><span>Filtre<\/span>\n\t\t\t\t<ul>\n\t\t\t\t\t<li><button type=\"button\" class=\"btFilter bfFilterNews\" onclick=\"fctFilterWhatsNew('news','cybersecurity','whatsnew_69f051f4c8df8')\">Actualit\u00e9<\/button><\/li>\n\t\t\t\t\t<li><button type=\"button\" class=\"btFilter bfFilterWhitePaper\" onclick=\"fctFilterWhatsNew('whitepaper','cybersecurity','whatsnew_69f051f4c8df8')\">Livre blanc<\/button><\/li>\n\t\t\t\t\t<li><button type=\"button\" class=\"btFilter bfFilterBlog\" onclick=\"fctFilterWhatsNew('blog','cybersecurity','whatsnew_69f051f4c8df8')\">Blog<\/button><\/li>\n\t\t\t\t\t<li><button type=\"button\" class=\"btFilter bfFilterEvent\" onclick=\"fctFilterWhatsNew('event','cybersecurity','whatsnew_69f051f4c8df8')\">\u00c9v\u00e9nement<\/button><\/li>\n\t\t\t\t<\/ul><\/div>\n\t\t\t<div id=\"whathsnew_glyphe\"><\/div>\n\t\t<\/div>\n    <\/div>\n\t\n    <div class=\"listWhatsNew\">\n        <\/div>\n    <div class=\"conteneurLineMoreInsight\"><div class=\"lineMoreInsight\"><a href=\"\/fr\/informations\/\">d\u00e9couvrir<\/a><\/div><\/div>\n<\/div>\n[\/vc_column][\/vc_row]<\/p>\n<\/div>","protected":false},"excerpt":{"rendered":"<p>[vc_row][vc_column][vc_column_text css=\u00a0\u00bb.vc_custom_1730903784571{margin-bottom: 0px !important;padding-bottom: 0px !important;}\u00a0\u00bb h2_style=\u00a0\u00bbh2Big\u00a0\u00bb p_style=\u00a0\u00bbpChapeau\u00a0\u00bb]Confiez \u00e0 nos experts la d\u00e9finition de votre mod\u00e8le de gouvernance et la gestion de votre posture de s\u00e9curit\u00e9 pour renforcer votre cyber r\u00e9silience.[\/vc_column_text][vc_column_text css=\u00a0\u00bb\u00a0\u00bb p_style=\u00a0\u00bbpBig\u00a0\u00bb]Les d\u00e9cideurs doivent veiller \u00e0 g\u00e9rer les cyberrisques \u00e0 chaque \u00e9tape de la cha\u00eene de valeur, y compris les syst\u00e8mes modernes et anciens, [&hellip;]<\/p>\n","protected":false},"author":8,"featured_media":6467,"parent":6938,"menu_order":0,"comment_status":"closed","ping_status":"closed","template":"","meta":{"_acf_changed":false,"content-type":"","_relevanssi_hide_post":"","_relevanssi_hide_content":"","_relevanssi_pin_for_all":"","_relevanssi_pin_keywords":"","_relevanssi_unpin_keywords":"","_relevanssi_related_keywords":"","_relevanssi_related_include_ids":"","_relevanssi_related_exclude_ids":"","_relevanssi_related_no_append":"","_relevanssi_related_not_related":"","_relevanssi_related_posts":"","_relevanssi_noindex_reason":"","footnotes":""},"class_list":["post-19493","page","type-page","status-publish","has-post-thumbnail","hentry"],"acf":[],"yoast_head":"<!-- This site is optimized with the Yoast SEO Premium plugin v27.4 (Yoast SEO v27.4) - https:\/\/yoast.com\/product\/yoast-seo-premium-wordpress\/ -->\n<title>Services de conseil en cybers\u00e9curit\u00e9 : Renforcer la cyber-r\u00e9silience<\/title>\n<meta name=\"description\" content=\"Nous vous aidons \u00e0 prot\u00e9ger votre organisation contre les cybermenaces gr\u00e2ce \u00e0 nos services complets de conseil en cybers\u00e9curit\u00e9.\" \/>\n<meta name=\"robots\" content=\"index, follow, max-snippet:-1, max-image-preview:large, max-video-preview:-1\" \/>\n<link rel=\"canonical\" href=\"https:\/\/www.protect.airbus.com\/fr\/cybersecurite\/conseil-cybersecurite\/\" \/>\n<meta property=\"og:locale\" content=\"fr_FR\" \/>\n<meta property=\"og:type\" content=\"article\" \/>\n<meta property=\"og:title\" content=\"Services de conseil en cybers\u00e9curit\u00e9\" \/>\n<meta property=\"og:description\" content=\"Nous vous aidons \u00e0 prot\u00e9ger votre organisation contre les cybermenaces gr\u00e2ce \u00e0 nos services complets de conseil en cybers\u00e9curit\u00e9.\" \/>\n<meta property=\"og:url\" content=\"https:\/\/www.protect.airbus.com\/fr\/cybersecurite\/conseil-cybersecurite\/\" \/>\n<meta property=\"og:site_name\" content=\"Airbus Protect\" \/>\n<meta property=\"article:modified_time\" content=\"2025-10-07T09:48:15+00:00\" \/>\n<meta property=\"og:image\" content=\"https:\/\/www.protect.airbus.com\/wp-content\/uploads\/revslider\/header-cybersecurity-en\/bg-cybersecurity.png\" \/>\n\t<meta property=\"og:image:width\" content=\"1920\" \/>\n\t<meta property=\"og:image:height\" content=\"582\" \/>\n\t<meta property=\"og:image:type\" content=\"image\/png\" \/>\n<meta name=\"twitter:card\" content=\"summary_large_image\" \/>\n<meta name=\"twitter:label1\" content=\"Dur\u00e9e de lecture estim\u00e9e\" \/>\n\t<meta name=\"twitter:data1\" content=\"4 minutes\" \/>\n<script type=\"application\/ld+json\" class=\"yoast-schema-graph\">{\"@context\":\"https:\\\/\\\/schema.org\",\"@graph\":[{\"@type\":\"Service\",\"name\":\"Services de conseil en cybers\u00e9curit\u00e9\",\"url\":\"https:\\\/\\\/www.protect.airbus.com\\\/fr\\\/cybersecurite\\\/conseil-cybersecurite\\\/\",\"provider\":{\"@id\":\"https:\\\/\\\/www.protect.airbus.com\\\/#organization\"},\"description\":\"\"},{\"@type\":\"WebPage\",\"@id\":\"https:\\\/\\\/www.protect.airbus.com\\\/fr\\\/cybersecurite\\\/conseil-cybersecurite\\\/\",\"url\":\"https:\\\/\\\/www.protect.airbus.com\\\/fr\\\/cybersecurite\\\/conseil-cybersecurite\\\/\",\"name\":\"Services de conseil en cybers\u00e9curit\u00e9 : Renforcer la cyber-r\u00e9silience\",\"isPartOf\":{\"@id\":\"https:\\\/\\\/www.protect.airbus.com\\\/fr\\\/#website\"},\"primaryImageOfPage\":{\"@id\":\"https:\\\/\\\/www.protect.airbus.com\\\/fr\\\/cybersecurite\\\/conseil-cybersecurite\\\/#primaryimage\"},\"image\":{\"@id\":\"https:\\\/\\\/www.protect.airbus.com\\\/fr\\\/cybersecurite\\\/conseil-cybersecurite\\\/#primaryimage\"},\"thumbnailUrl\":\"https:\\\/\\\/www.protect.airbus.com\\\/wp-content\\\/uploads\\\/revslider\\\/header-cybersecurity-en\\\/bg-cybersecurity.png\",\"datePublished\":\"2024-11-06T09:59:13+00:00\",\"dateModified\":\"2025-10-07T09:48:15+00:00\",\"description\":\"Nous vous aidons \u00e0 prot\u00e9ger votre organisation contre les cybermenaces gr\u00e2ce \u00e0 nos services complets de conseil en cybers\u00e9curit\u00e9.\",\"breadcrumb\":{\"@id\":\"https:\\\/\\\/www.protect.airbus.com\\\/fr\\\/cybersecurite\\\/conseil-cybersecurite\\\/#breadcrumb\"},\"inLanguage\":\"fr-FR\",\"potentialAction\":[{\"@type\":\"ReadAction\",\"target\":[\"https:\\\/\\\/www.protect.airbus.com\\\/fr\\\/cybersecurite\\\/conseil-cybersecurite\\\/\"]}]},{\"@type\":\"ImageObject\",\"inLanguage\":\"fr-FR\",\"@id\":\"https:\\\/\\\/www.protect.airbus.com\\\/fr\\\/cybersecurite\\\/conseil-cybersecurite\\\/#primaryimage\",\"url\":\"https:\\\/\\\/www.protect.airbus.com\\\/wp-content\\\/uploads\\\/revslider\\\/header-cybersecurity-en\\\/bg-cybersecurity.png\",\"contentUrl\":\"https:\\\/\\\/www.protect.airbus.com\\\/wp-content\\\/uploads\\\/revslider\\\/header-cybersecurity-en\\\/bg-cybersecurity.png\",\"width\":1920,\"height\":582},{\"@type\":\"BreadcrumbList\",\"@id\":\"https:\\\/\\\/www.protect.airbus.com\\\/fr\\\/cybersecurite\\\/conseil-cybersecurite\\\/#breadcrumb\",\"itemListElement\":[{\"@type\":\"ListItem\",\"position\":1,\"name\":\"Home\",\"item\":\"https:\\\/\\\/www.protect.airbus.com\\\/fr\\\/\"},{\"@type\":\"ListItem\",\"position\":2,\"name\":\"Cybers\u00e9curit\u00e9\",\"item\":\"https:\\\/\\\/www.protect.airbus.com\\\/fr\\\/cybersecurite\\\/\"},{\"@type\":\"ListItem\",\"position\":3,\"name\":\"Services de conseil en cybers\u00e9curit\u00e9\"}]},{\"@type\":\"WebSite\",\"@id\":\"https:\\\/\\\/www.protect.airbus.com\\\/fr\\\/#website\",\"url\":\"https:\\\/\\\/www.protect.airbus.com\\\/fr\\\/\",\"name\":\"Airbus Protect\",\"description\":\"\",\"publisher\":{\"@id\":\"https:\\\/\\\/www.protect.airbus.com\\\/fr\\\/#organization\"},\"potentialAction\":[{\"@type\":\"SearchAction\",\"target\":{\"@type\":\"EntryPoint\",\"urlTemplate\":\"https:\\\/\\\/www.protect.airbus.com\\\/fr\\\/?s={search_term_string}\"},\"query-input\":{\"@type\":\"PropertyValueSpecification\",\"valueRequired\":true,\"valueName\":\"search_term_string\"}}],\"inLanguage\":\"fr-FR\"},{\"@type\":\"Organization\",\"@id\":\"https:\\\/\\\/www.protect.airbus.com\\\/fr\\\/#organization\",\"name\":\"Airbus Protect\",\"url\":\"https:\\\/\\\/www.protect.airbus.com\\\/fr\\\/\",\"logo\":{\"@type\":\"ImageObject\",\"inLanguage\":\"fr-FR\",\"@id\":\"https:\\\/\\\/www.protect.airbus.com\\\/fr\\\/#\\\/schema\\\/logo\\\/image\\\/\",\"url\":\"https:\\\/\\\/www.protect.airbus.com\\\/wp-content\\\/uploads\\\/2023\\\/05\\\/logo-airbus-protect-696-696.png\",\"contentUrl\":\"https:\\\/\\\/www.protect.airbus.com\\\/wp-content\\\/uploads\\\/2023\\\/05\\\/logo-airbus-protect-696-696.png\",\"width\":696,\"height\":696,\"caption\":\"Airbus Protect\"},\"image\":{\"@id\":\"https:\\\/\\\/www.protect.airbus.com\\\/fr\\\/#\\\/schema\\\/logo\\\/image\\\/\"},\"sameAs\":[\"https:\\\/\\\/www.linkedin.com\\\/company\\\/airbus-protect\\\/\",\"https:\\\/\\\/www.youtube.com\\\/@airbusprotect7483\"],\"contactPoint\":{\"@type\":\"ContactPoint\",\"email\":\"protect@airbus.com\",\"contactType\":\"customer service\",\"areaServed\":[\"GB\",\"FR\",\"ES\",\"DE\",\"BE\",\"CH\",\"PT\",\"DK\",\"AT\"],\"availableLanguage\":[\"en\",\"fr\",\"de\"]}}]}<\/script>\n<!-- \/ Yoast SEO Premium plugin. -->","yoast_head_json":{"title":"Services de conseil en cybers\u00e9curit\u00e9 : Renforcer la cyber-r\u00e9silience","description":"Nous vous aidons \u00e0 prot\u00e9ger votre organisation contre les cybermenaces gr\u00e2ce \u00e0 nos services complets de conseil en cybers\u00e9curit\u00e9.","robots":{"index":"index","follow":"follow","max-snippet":"max-snippet:-1","max-image-preview":"max-image-preview:large","max-video-preview":"max-video-preview:-1"},"canonical":"https:\/\/www.protect.airbus.com\/fr\/cybersecurite\/conseil-cybersecurite\/","og_locale":"fr_FR","og_type":"article","og_title":"Services de conseil en cybers\u00e9curit\u00e9","og_description":"Nous vous aidons \u00e0 prot\u00e9ger votre organisation contre les cybermenaces gr\u00e2ce \u00e0 nos services complets de conseil en cybers\u00e9curit\u00e9.","og_url":"https:\/\/www.protect.airbus.com\/fr\/cybersecurite\/conseil-cybersecurite\/","og_site_name":"Airbus Protect","article_modified_time":"2025-10-07T09:48:15+00:00","og_image":[{"width":1920,"height":582,"url":"https:\/\/www.protect.airbus.com\/wp-content\/uploads\/revslider\/header-cybersecurity-en\/bg-cybersecurity.png","type":"image\/png"}],"twitter_card":"summary_large_image","twitter_misc":{"Dur\u00e9e de lecture estim\u00e9e":"4 minutes"},"schema":{"@context":"https:\/\/schema.org","@graph":[{"@type":"Service","name":"Services de conseil en cybers\u00e9curit\u00e9","url":"https:\/\/www.protect.airbus.com\/fr\/cybersecurite\/conseil-cybersecurite\/","provider":{"@id":"https:\/\/www.protect.airbus.com\/#organization"},"description":""},{"@type":"WebPage","@id":"https:\/\/www.protect.airbus.com\/fr\/cybersecurite\/conseil-cybersecurite\/","url":"https:\/\/www.protect.airbus.com\/fr\/cybersecurite\/conseil-cybersecurite\/","name":"Services de conseil en cybers\u00e9curit\u00e9 : Renforcer la cyber-r\u00e9silience","isPartOf":{"@id":"https:\/\/www.protect.airbus.com\/fr\/#website"},"primaryImageOfPage":{"@id":"https:\/\/www.protect.airbus.com\/fr\/cybersecurite\/conseil-cybersecurite\/#primaryimage"},"image":{"@id":"https:\/\/www.protect.airbus.com\/fr\/cybersecurite\/conseil-cybersecurite\/#primaryimage"},"thumbnailUrl":"https:\/\/www.protect.airbus.com\/wp-content\/uploads\/revslider\/header-cybersecurity-en\/bg-cybersecurity.png","datePublished":"2024-11-06T09:59:13+00:00","dateModified":"2025-10-07T09:48:15+00:00","description":"Nous vous aidons \u00e0 prot\u00e9ger votre organisation contre les cybermenaces gr\u00e2ce \u00e0 nos services complets de conseil en cybers\u00e9curit\u00e9.","breadcrumb":{"@id":"https:\/\/www.protect.airbus.com\/fr\/cybersecurite\/conseil-cybersecurite\/#breadcrumb"},"inLanguage":"fr-FR","potentialAction":[{"@type":"ReadAction","target":["https:\/\/www.protect.airbus.com\/fr\/cybersecurite\/conseil-cybersecurite\/"]}]},{"@type":"ImageObject","inLanguage":"fr-FR","@id":"https:\/\/www.protect.airbus.com\/fr\/cybersecurite\/conseil-cybersecurite\/#primaryimage","url":"https:\/\/www.protect.airbus.com\/wp-content\/uploads\/revslider\/header-cybersecurity-en\/bg-cybersecurity.png","contentUrl":"https:\/\/www.protect.airbus.com\/wp-content\/uploads\/revslider\/header-cybersecurity-en\/bg-cybersecurity.png","width":1920,"height":582},{"@type":"BreadcrumbList","@id":"https:\/\/www.protect.airbus.com\/fr\/cybersecurite\/conseil-cybersecurite\/#breadcrumb","itemListElement":[{"@type":"ListItem","position":1,"name":"Home","item":"https:\/\/www.protect.airbus.com\/fr\/"},{"@type":"ListItem","position":2,"name":"Cybers\u00e9curit\u00e9","item":"https:\/\/www.protect.airbus.com\/fr\/cybersecurite\/"},{"@type":"ListItem","position":3,"name":"Services de conseil en cybers\u00e9curit\u00e9"}]},{"@type":"WebSite","@id":"https:\/\/www.protect.airbus.com\/fr\/#website","url":"https:\/\/www.protect.airbus.com\/fr\/","name":"Airbus Protect","description":"","publisher":{"@id":"https:\/\/www.protect.airbus.com\/fr\/#organization"},"potentialAction":[{"@type":"SearchAction","target":{"@type":"EntryPoint","urlTemplate":"https:\/\/www.protect.airbus.com\/fr\/?s={search_term_string}"},"query-input":{"@type":"PropertyValueSpecification","valueRequired":true,"valueName":"search_term_string"}}],"inLanguage":"fr-FR"},{"@type":"Organization","@id":"https:\/\/www.protect.airbus.com\/fr\/#organization","name":"Airbus Protect","url":"https:\/\/www.protect.airbus.com\/fr\/","logo":{"@type":"ImageObject","inLanguage":"fr-FR","@id":"https:\/\/www.protect.airbus.com\/fr\/#\/schema\/logo\/image\/","url":"https:\/\/www.protect.airbus.com\/wp-content\/uploads\/2023\/05\/logo-airbus-protect-696-696.png","contentUrl":"https:\/\/www.protect.airbus.com\/wp-content\/uploads\/2023\/05\/logo-airbus-protect-696-696.png","width":696,"height":696,"caption":"Airbus Protect"},"image":{"@id":"https:\/\/www.protect.airbus.com\/fr\/#\/schema\/logo\/image\/"},"sameAs":["https:\/\/www.linkedin.com\/company\/airbus-protect\/","https:\/\/www.youtube.com\/@airbusprotect7483"],"contactPoint":{"@type":"ContactPoint","email":"protect@airbus.com","contactType":"customer service","areaServed":["GB","FR","ES","DE","BE","CH","PT","DK","AT"],"availableLanguage":["en","fr","de"]}}]}},"_links":{"self":[{"href":"https:\/\/www.protect.airbus.com\/fr\/wp-json\/wp\/v2\/pages\/19493","targetHints":{"allow":["GET"]}}],"collection":[{"href":"https:\/\/www.protect.airbus.com\/fr\/wp-json\/wp\/v2\/pages"}],"about":[{"href":"https:\/\/www.protect.airbus.com\/fr\/wp-json\/wp\/v2\/types\/page"}],"author":[{"embeddable":true,"href":"https:\/\/www.protect.airbus.com\/fr\/wp-json\/wp\/v2\/users\/8"}],"replies":[{"embeddable":true,"href":"https:\/\/www.protect.airbus.com\/fr\/wp-json\/wp\/v2\/comments?post=19493"}],"version-history":[{"count":11,"href":"https:\/\/www.protect.airbus.com\/fr\/wp-json\/wp\/v2\/pages\/19493\/revisions"}],"predecessor-version":[{"id":39397,"href":"https:\/\/www.protect.airbus.com\/fr\/wp-json\/wp\/v2\/pages\/19493\/revisions\/39397"}],"up":[{"embeddable":true,"href":"https:\/\/www.protect.airbus.com\/fr\/wp-json\/wp\/v2\/pages\/6938"}],"wp:featuredmedia":[{"embeddable":true,"href":"https:\/\/www.protect.airbus.com\/fr\/wp-json\/wp\/v2\/media\/6467"}],"wp:attachment":[{"href":"https:\/\/www.protect.airbus.com\/fr\/wp-json\/wp\/v2\/media?parent=19493"}],"curies":[{"name":"wp","href":"https:\/\/api.w.org\/{rel}","templated":true}]}}