{"id":16710,"date":"2024-09-05T14:30:09","date_gmt":"2024-09-05T12:30:09","guid":{"rendered":"https:\/\/www.protect.airbus.com\/?page_id=16710"},"modified":"2024-10-17T14:10:52","modified_gmt":"2024-10-17T12:10:52","slug":"ppc-la-directive-nis2","status":"publish","type":"page","link":"https:\/\/www.protect.airbus.com\/fr\/cybersecurite\/ppc-la-directive-nis2\/","title":{"rendered":"Tout savoir sur la directive NIS2"},"content":{"rendered":"<div class=\"wpb-content-wrapper\"><p>[vc_row][vc_column]<div class=\"divBtCTA btAlignCenter\"><a href=\"https:\/\/www.protect.airbus.com\/fr\/ppc-contact-nis2\/\" target=\"_blank\" class=\"button btAuto\">Contactez nos experts<\/a><\/div>[vc_column_text css=\u00a0\u00bb.vc_custom_1723105571134{margin-bottom: 0px !important;padding-bottom: 0px !important;}\u00a0\u00bb h2_style=\u00a0\u00bbh2Big\u00a0\u00bb p_style=\u00a0\u00bbpBig\u00a0\u00bb]<strong>Avec la directive NIS2, des mesures de s\u00e9curit\u00e9 obligatoires et des exigences de rapport s&rsquo;appliqueront \u00e0 de nombreuses entreprises \u00e0 partir d&rsquo;octobre 2024 &#8211; m\u00eame celles qui n&rsquo;\u00e9taient pas concern\u00e9es auparavant<\/strong>[\/vc_column_text][vc_column_text css=\u00a0\u00bb\u00a0\u00bb p_style=\u00a0\u00bbpHighlight\u00a0\u00bb]La directive NIS2 (Network and Information Systems 2 Directive) est un texte de loi europ\u00e9en d\u00e9taill\u00e9 visant \u00e0 renforcer la cybers\u00e9curit\u00e9 dans les \u00c9tats membres. \u00c0 partir d&rsquo;octobre 2024, elle remplacera la directive NIS originale de 2016, en \u00e9tendant son champ d&rsquo;application \u00e0 des secteurs plus critiques et en fixant des exigences de s\u00e9curit\u00e9 plus \u00e9lev\u00e9es. En particulier, les prestataires de services num\u00e9riques sont d\u00e9sormais \u00e9galement inclus dans le champ d&rsquo;application de la NIS2, ce qui \u00e9tend consid\u00e9rablement la port\u00e9e de la directive.<span style=\"font-weight: 400;\"><br \/>\n<\/span>[\/vc_column_text][vc_column_text css=\u00a0\u00bb.vc_custom_1723105679712{margin-bottom: 0px !important;padding-bottom: 0px !important;}\u00a0\u00bb h2_style=\u00a0\u00bbh2Big\u00a0\u00bb]<\/p>\n<h3>V\u00e9rifiez si votre entreprise est concern\u00e9e et quelles sont les exigences auxquelles vous devez r\u00e9pondre<\/h3>\n<p>[\/vc_column_text][vc_single_image image=\u00a0\u00bb16945&Prime; img_size=\u00a0\u00bblarge\u00a0\u00bb alignment=\u00a0\u00bbcenter\u00a0\u00bb onclick=\u00a0\u00bblink_image\u00a0\u00bb css=\u00a0\u00bb\u00a0\u00bb][vc_column_text css=\u00a0\u00bb\u00a0\u00bb p_style=\u00a0\u00bbpHighlight\u00a0\u00bb]<\/p>\n<h3>Les domaines couverts par la directive NIS2 :<\/h3>\n<p>[\/vc_column_text][vc_row_inner css=\u00a0\u00bb.vc_custom_1723106184917{background-color: #efefef !important;}\u00a0\u00bb][vc_column_inner width=\u00a0\u00bb1\/2&Prime;][vc_column_text css=\u00a0\u00bb\u00a0\u00bb]<strong><span style=\"color: #00aec7;\">&#8211;<\/span> Analyse des risques et politiques de s\u00e9curit\u00e9 pour les syst\u00e8mes d&rsquo;information<\/strong><\/p>\n<p><strong><span style=\"color: #00aec7;\">&#8211;<\/span> Gestion des incidents<\/strong><\/p>\n<p><strong>&#8211; Gestion de la continuit\u00e9 des activit\u00e9s<\/strong><\/p>\n<p><strong><span style=\"color: #00aec7;\">&#8211;<\/span> Gestion des sauvegardes<\/strong><\/p>\n<p><strong><span style=\"color: #00aec7;\">&#8211;<\/span> Gestion de crise<\/strong><\/p>\n<p><strong><span style=\"color: #00aec7;\">&#8211;<\/span> S\u00e9curit\u00e9 de la cha\u00eene d&rsquo;approvisionnement<\/strong><\/p>\n<p><strong><span style=\"color: #00aec7;\">&#8211;<\/span> Mesures de s\u00e9curit\u00e9 pour l&rsquo;acquisition, le d\u00e9veloppement <\/strong><\/p>\n<p><strong>et la maintenance des r\u00e9seaux et des syst\u00e8mes d&rsquo;information<\/strong><\/p>\n<p><strong><span style=\"color: #00aec7;\">&#8211;<\/span> Gestion des vuln\u00e9rabilit\u00e9s<\/strong>[\/vc_column_text][\/vc_column_inner][vc_column_inner width=\u00a0\u00bb1\/2&Prime;][vc_column_text css=\u00a0\u00bb\u00a0\u00bb]<strong><span style=\"color: #00aec7;\">&#8211;<\/span>\u00a0\u00c9valuation de l&rsquo;efficacit\u00e9 des mesures de gestion des risques<\/strong><\/p>\n<p><strong><span style=\"color: #00aec7;\">&#8211;<\/span>\u00a0Proc\u00e9dures de s\u00e9curit\u00e9 pour les collaborateurs ayant acc\u00e8s \u00e0 des donn\u00e9es sensibles ou importantes<\/strong><\/p>\n<p><strong><span style=\"color: #00aec7;\">&#8211;\u00a0<\/span>Formation et sensibilisation \u00e0 la cybers\u00e9curit\u00e9<\/strong><\/p>\n<p><strong><span style=\"color: #00aec7;\">&#8211;<\/span>\u00a0Concepts pour l&rsquo;utilisation de la cryptographie<\/strong><\/p>\n<p><strong><span style=\"color: #00aec7;\">&#8211;\u00a0<\/span>Contr\u00f4le d&rsquo;acc\u00e8s et gestion des actifs<\/strong><\/p>\n<p><strong><span style=\"color: #00aec7;\">&#8211;\u00a0<\/span>Utilisation de l&rsquo;authentification multifactorielle (MFA) ou de l&rsquo;authentification continue (SSO)<\/strong><\/p>\n<p><strong><span style=\"color: #00aec7;\">&#8211;\u00a0<\/span>S\u00e9curisation des communications vocales, vid\u00e9o et textuelles et, si n\u00e9cessaire, s\u00e9curisation des syst\u00e8mes de communication d&rsquo;urgence<\/strong><\/p>\n<p><strong><span style=\"color: #00aec7;\">&#8211;\u00a0<\/span>Mise en \u0153uvre d&rsquo;un syst\u00e8me de gestion de la s\u00e9curit\u00e9 de l&rsquo;information<\/strong>[\/vc_column_text][\/vc_column_inner][\/vc_row_inner][vc_column_text css=\u00a0\u00bb\u00a0\u00bb p_style=\u00a0\u00bbpHighlight\u00a0\u00bb]<span style=\"font-weight: 400;\">Pour avoir une vue d&rsquo;ensemble de tous ces \u00e9l\u00e9ments, vous pouvez t\u00e9l\u00e9charger notre <a href=\"https:\/\/www.protect.airbus.com\/wp-content\/uploads\/2023\/05\/Page-setup-FRENCH-doc-.pdf\" target=\"_blank\" rel=\"noopener\">checklist NIS2 ici<\/a><\/span><span style=\"font-weight: 400;\">.<\/span>[\/vc_column_text][vc_column_text css=\u00a0\u00bb\u00a0\u00bb]<\/p>\n<h3>Obligations de d\u00e9claration des cyber incidents : Que faut-il signaler ?<\/h3>\n<p>[\/vc_column_text][vc_column_text css=\u00a0\u00bb\u00a0\u00bb p_style=\u00a0\u00bbpHighlight\u00a0\u00bb]Il est essentiel de savoir quels incidents cyber doivent \u00eatre signal\u00e9s, \u00e0 qui et dans quel d\u00e9lai. Par exemple, une premi\u00e8re alerte doit \u00eatre envoy\u00e9e \u00e0 l&rsquo;autorit\u00e9 de s\u00e9curit\u00e9 du pays dans les 24 heures suivant la suspicion d&rsquo;un incident. Si les soup\u00e7ons sont fond\u00e9s ou confirm\u00e9s, un rapport sur l&rsquo;incident de s\u00e9curit\u00e9 doit suivre dans les 72 heures. Enfin, un rapport final doit \u00eatre envoy\u00e9 au plus tard un mois apr\u00e8s la notification de l&rsquo;incident confirm\u00e9.<\/p>\n<p>&nbsp;<\/p>\n<p>Le rapport final doit comprendre les \u00e9l\u00e9ments suivants :<\/p>\n<ul>\n<li style=\"font-weight: 400;\" aria-level=\"1\"><span style=\"font-weight: 400;\">le rapport de r\u00e9ponse \u00e0 l&rsquo;incident<\/span><\/li>\n<li style=\"font-weight: 400;\" aria-level=\"1\"><span style=\"font-weight: 400;\">la discussion sur la vuln\u00e9rabilit\u00e9 exploit\u00e9e<\/span><\/li>\n<li style=\"font-weight: 400;\" aria-level=\"1\"><span style=\"font-weight: 400;\">les mesures correctives prises et en cours<\/span><\/li>\n<li aria-level=\"1\">la zone d&rsquo;impact<\/li>\n<\/ul>\n<p>Si l&rsquo;incident n&rsquo;est pas r\u00e9solu dans un d\u00e9lai d&rsquo;un mois, les organisations sont tenues de fournir un rapport d&rsquo;avancement. Dans ce cas, le rapport final doit suivre au plus tard un mois apr\u00e8s le traitement de l&rsquo;incident de s\u00e9curit\u00e9.<\/p>\n<p>Comme vous pouvez le constater, ces d\u00e9lais sont extr\u00eamement serr\u00e9s. Pour gagner un temps pr\u00e9cieux en cas d&rsquo;incident, nous recommandons un \u00ab\u00a0exercice d&rsquo;urgence de r\u00e9ponse \u00e0 incident\u00a0\u00bb annuel et un contrat-cadre pour les activit\u00e9s de r\u00e9ponse \u00e0 incident. Cela permet \u00e0 l&rsquo;\u00e9quipe d&rsquo;intervention de se familiariser avec vos syst\u00e8mes en \u00ab\u00a0temps de paix\u00a0\u00bb. Cela vous permet \u00e9galement de d\u00e9finir \u00e0 l&rsquo;avance les points de contact, les \u00e9quipes de crise et les d\u00e9cideurs, et de les familiariser avec les processus importants de la cha\u00eene de communication.<span style=\"font-weight: 400;\"><br \/>\n<\/span>[\/vc_column_text][vc_column_text css=\u00a0\u00bb\u00a0\u00bb p_style=\u00a0\u00bbpBig\u00a0\u00bb]<strong>Vous n&rsquo;\u00eates pas s\u00fbr de la marche \u00e0 suivre ? Nos experts peuvent vous aider.<\/strong>[\/vc_column_text]    <div class=\"hightlightBracket\">\n        <div class=\"glyphe\"><\/div>\n        <div class=\"highlight\"><p>Contactez-nous pour d\u00e9couvrir comment nous pouvons vous aider<\/p><\/div>\n    <\/div>\n    <div class=\"divBtCTA btAlignCenter\"><a href=\"https:\/\/www.protect.airbus.com\/fr\/ppc-contact-nis2\/\" target=\"_blank\" class=\"button btAuto\">Nous contacter<\/a><\/div><div class=\"whatsNew\" id=\"whatsnew_69dc01aa70fdb\">\n    <div class=\"lineTitleFilter\">\n        <div id=\"conteneur_h2_WhatsNew\"><h2>Des nouveaut\u00e9s ?<\/h2><\/div>\n        <div id=\"conteneur_FiltreWhatsNew\">\n\t\t\t<div class=\"filterWhatsNew\"><span>Filtre<\/span>\n\t\t\t\t<ul>\n\t\t\t\t\t<li><button type=\"button\" class=\"btFilter bfFilterNews\" onclick=\"fctFilterWhatsNew('news','cybersecurity','whatsnew_69dc01aa70fdb')\">Actualit\u00e9<\/button><\/li>\n\t\t\t\t\t<li><button type=\"button\" class=\"btFilter bfFilterWhitePaper\" onclick=\"fctFilterWhatsNew('whitepaper','cybersecurity','whatsnew_69dc01aa70fdb')\">Livre blanc<\/button><\/li>\n\t\t\t\t\t<li><button type=\"button\" class=\"btFilter bfFilterBlog\" onclick=\"fctFilterWhatsNew('blog','cybersecurity','whatsnew_69dc01aa70fdb')\">Blog<\/button><\/li>\n\t\t\t\t\t<li><button type=\"button\" class=\"btFilter bfFilterEvent\" onclick=\"fctFilterWhatsNew('event','cybersecurity','whatsnew_69dc01aa70fdb')\">\u00c9v\u00e9nement<\/button><\/li>\n\t\t\t\t<\/ul><\/div>\n\t\t\t<div id=\"whathsnew_glyphe\"><\/div>\n\t\t<\/div>\n    <\/div>\n\t\n    <div class=\"listWhatsNew\">\n    <article id=\"whatsnew_item_5015\">\n    <span class=\"whatsNewType\">Actualit\u00e9<\/span>\n    <a href=\"https:\/\/www.protect.airbus.com\/fr\/fence-ebios-risk-manager-anssi\/\"><img loading=\"lazy\" decoding=\"async\" width=\"349\" height=\"189\" src=\"https:\/\/www.protect.airbus.com\/wp-content\/uploads\/2023\/04\/Fence-news-image-for-website-349x189.png\" class=\"attachment-post-bloc size-post-bloc wp-post-image\" alt=\"logo Fence\" \/><\/a>\n    <div class=\"titreWN\">Fence a re\u00e7u le label EBIOS Risk Manager de l\u2019ANSSI<\/div>\n    <p><p>Fence, la solution logicielle d\u2019analyse et gestion de risque de cybers\u00e9curit\u00e9 d\u2019Airbus Protect, a re\u00e7u le label EBIOS Risk Manager de l\u2019ANSSI. L\u2019outil d\u2019Airbus Protect Fence permet la r\u00e9alisation simple et intuitive d\u2019analyse de risques suivant la m\u00e9thode EBIOS Risk Manager, ainsi que des analyses de conformit\u00e9. Il assure \u00e9galement le suivi des risques identifi\u00e9s [&hellip;]<\/p>\n<\/p>\n        <div id=\"conteneur_btReadMore\"><a href=\"https:\/\/www.protect.airbus.com\/fr\/fence-ebios-risk-manager-anssi\/\" class=\"btReadMore\">En savoir plus<\/a><\/div><\/article>\n<article id=\"whatsnew_item_4258\">\n    <span class=\"whatsNewType\">Blog<\/span>\n    <a href=\"https:\/\/www.protect.airbus.com\/fr\/blog\/3-questions-1-experts-christian-siemers\/\"><img loading=\"lazy\" decoding=\"async\" width=\"349\" height=\"189\" src=\"https:\/\/www.protect.airbus.com\/wp-content\/uploads\/2022\/12\/3-questions-1-expert-Christian-Siemers_image-en-avant-349x189.png\" class=\"attachment-post-bloc size-post-bloc wp-post-image\" alt=\"3_questions_1_expert_serie_Christian Siemers\" \/><\/a>\n    <div class=\"titreWN\">3 questions, 1 experts : Christian Siemers, consultant OT (certifi\u00e9 CISSP)<\/div>\n    <p><p>Dans cette nouvelle s\u00e9rie, nous posons trois questions \u00e0 des experts en s\u00fbret\u00e9, en sustainability et en cybers\u00e9curit\u00e9 pour en savoir plus sur leur r\u00f4le au sein d&rsquo;Airbus Protect. Nous commen\u00e7ons par Christian Siemers, qui est bas\u00e9 dans notre bureau d&rsquo;Ottobrunn. Peux-tu nous dire en quoi consiste ton travail de consultant OT ? La premi\u00e8re [&hellip;]<\/p>\n<\/p>\n        <div id=\"conteneur_btReadMore\"><a href=\"https:\/\/www.protect.airbus.com\/fr\/blog\/3-questions-1-experts-christian-siemers\/\" class=\"btReadMore\">En savoir plus<\/a><\/div><\/article>\n    <\/div>\n    <div class=\"conteneurLineMoreInsight\"><div class=\"lineMoreInsight\"><a href=\"\/fr\/informations\/\">d\u00e9couvrir<\/a><\/div><\/div>\n<\/div>\n[\/vc_column][\/vc_row][vc_row][vc_column][\/vc_column][\/vc_row]<\/p>\n<\/div>","protected":false},"excerpt":{"rendered":"<p>[vc_row][vc_column][vc_column_text css=\u00a0\u00bb.vc_custom_1723105571134{margin-bottom: 0px !important;padding-bottom: 0px !important;}\u00a0\u00bb h2_style=\u00a0\u00bbh2Big\u00a0\u00bb p_style=\u00a0\u00bbpBig\u00a0\u00bb]Avec la directive NIS2, des mesures de s\u00e9curit\u00e9 obligatoires et des exigences de rapport s&rsquo;appliqueront \u00e0 de nombreuses entreprises \u00e0 partir d&rsquo;octobre 2024 &#8211; m\u00eame celles qui n&rsquo;\u00e9taient pas concern\u00e9es auparavant[\/vc_column_text][vc_column_text css=\u00a0\u00bb\u00a0\u00bb p_style=\u00a0\u00bbpHighlight\u00a0\u00bb]La directive NIS2 (Network and Information Systems 2 Directive) est un texte de loi europ\u00e9en d\u00e9taill\u00e9 [&hellip;]<\/p>\n","protected":false},"author":4,"featured_media":821,"parent":6938,"menu_order":0,"comment_status":"closed","ping_status":"closed","template":"","meta":{"_acf_changed":false,"content-type":"","_relevanssi_hide_post":"","_relevanssi_hide_content":"","_relevanssi_pin_for_all":"","_relevanssi_pin_keywords":"","_relevanssi_unpin_keywords":"","_relevanssi_related_keywords":"","_relevanssi_related_include_ids":"","_relevanssi_related_exclude_ids":"","_relevanssi_related_no_append":"","_relevanssi_related_not_related":"","_relevanssi_related_posts":"","_relevanssi_noindex_reason":"Yoast SEO","footnotes":""},"class_list":["post-16710","page","type-page","status-publish","has-post-thumbnail","hentry"],"acf":[],"yoast_head":"<!-- This site is optimized with the Yoast SEO Premium plugin v27.3 (Yoast SEO v27.3) - https:\/\/yoast.com\/product\/yoast-seo-premium-wordpress\/ -->\n<title>La directive NIS2 : Renforcer la cybers\u00e9curit\u00e9 et la conformit\u00e9<\/title>\n<meta name=\"description\" content=\"Nos experts vous aident \u00e0 vous conformer \u00e0 la directive NIS2. D\u00e9couvrez son importance pour l&#039;am\u00e9lioration de la cybers\u00e9curit\u00e9.\" \/>\n<meta name=\"robots\" content=\"noindex, nofollow\" \/>\n<meta property=\"og:locale\" content=\"fr_FR\" \/>\n<meta property=\"og:type\" content=\"article\" \/>\n<meta property=\"og:title\" content=\"Tout savoir sur la directive NIS2\" \/>\n<meta property=\"og:description\" content=\"Nos experts vous aident \u00e0 vous conformer \u00e0 la directive NIS2. D\u00e9couvrez son importance pour l&#039;am\u00e9lioration de la cybers\u00e9curit\u00e9.\" \/>\n<meta property=\"og:url\" content=\"https:\/\/www.protect.airbus.com\/fr\/cybersecurite\/ppc-la-directive-nis2\/\" \/>\n<meta property=\"og:site_name\" content=\"Airbus Protect\" \/>\n<meta property=\"article:modified_time\" content=\"2024-10-17T12:10:52+00:00\" \/>\n<meta property=\"og:image\" content=\"https:\/\/www.protect.airbus.com\/wp-content\/uploads\/2022\/06\/header-sustainability-sous-page.jpg\" \/>\n\t<meta property=\"og:image:width\" content=\"1920\" \/>\n\t<meta property=\"og:image:height\" content=\"358\" \/>\n\t<meta property=\"og:image:type\" content=\"image\/jpeg\" \/>\n<meta name=\"twitter:card\" content=\"summary_large_image\" \/>\n<meta name=\"twitter:label1\" content=\"Dur\u00e9e de lecture estim\u00e9e\" \/>\n\t<meta name=\"twitter:data1\" content=\"4 minutes\" \/>\n<script type=\"application\/ld+json\" class=\"yoast-schema-graph\">{\"@context\":\"https:\\\/\\\/schema.org\",\"@graph\":[{\"@type\":\"BlogPosting\",\"mainEntityOfPage\":{\"@type\":\"WebPage\",\"@id\":\"https:\\\/\\\/www.protect.airbus.com\\\/fr\\\/cybersecurite\\\/ppc-la-directive-nis2\\\/\"},\"headline\":\"3 questions, 1 experts : Christian Siemers, consultant OT (certifi\u00e9 CISSP)\",\"description\":\"\",\"author\":{\"@id\":\"https:\\\/\\\/www.protect.airbus.com\\\/#organization\"},\"publisher\":{\"@id\":\"https:\\\/\\\/www.protect.airbus.com\\\/#organization\"},\"image\":\"https:\\\/\\\/www.protect.airbus.com\\\/wp-content\\\/uploads\\\/2022\\\/12\\\/3-questions-1-expert-Christian-Siemers_image-en-avant.png\",\"datePublished\":\"2024-09-05T12:30:09+00:00\",\"dateModified\":\"2024-10-17T12:10:52+00:00\"},{\"@type\":\"WebPage\",\"@id\":\"https:\\\/\\\/www.protect.airbus.com\\\/fr\\\/cybersecurite\\\/ppc-la-directive-nis2\\\/\",\"url\":\"https:\\\/\\\/www.protect.airbus.com\\\/fr\\\/cybersecurite\\\/ppc-la-directive-nis2\\\/\",\"name\":\"La directive NIS2 : Renforcer la cybers\u00e9curit\u00e9 et la conformit\u00e9\",\"isPartOf\":{\"@id\":\"https:\\\/\\\/www.protect.airbus.com\\\/fr\\\/#website\"},\"primaryImageOfPage\":{\"@id\":\"https:\\\/\\\/www.protect.airbus.com\\\/fr\\\/cybersecurite\\\/ppc-la-directive-nis2\\\/#primaryimage\"},\"image\":{\"@id\":\"https:\\\/\\\/www.protect.airbus.com\\\/fr\\\/cybersecurite\\\/ppc-la-directive-nis2\\\/#primaryimage\"},\"thumbnailUrl\":\"https:\\\/\\\/www.protect.airbus.com\\\/wp-content\\\/uploads\\\/2022\\\/06\\\/header-sustainability-sous-page.jpg\",\"datePublished\":\"2024-09-05T12:30:09+00:00\",\"dateModified\":\"2024-10-17T12:10:52+00:00\",\"description\":\"Nos experts vous aident \u00e0 vous conformer \u00e0 la directive NIS2. D\u00e9couvrez son importance pour l'am\u00e9lioration de la cybers\u00e9curit\u00e9.\",\"breadcrumb\":{\"@id\":\"https:\\\/\\\/www.protect.airbus.com\\\/fr\\\/cybersecurite\\\/ppc-la-directive-nis2\\\/#breadcrumb\"},\"inLanguage\":\"fr-FR\",\"potentialAction\":[{\"@type\":\"ReadAction\",\"target\":[\"https:\\\/\\\/www.protect.airbus.com\\\/fr\\\/cybersecurite\\\/ppc-la-directive-nis2\\\/\"]}]},{\"@type\":\"ImageObject\",\"inLanguage\":\"fr-FR\",\"@id\":\"https:\\\/\\\/www.protect.airbus.com\\\/fr\\\/cybersecurite\\\/ppc-la-directive-nis2\\\/#primaryimage\",\"url\":\"https:\\\/\\\/www.protect.airbus.com\\\/wp-content\\\/uploads\\\/2022\\\/06\\\/header-sustainability-sous-page.jpg\",\"contentUrl\":\"https:\\\/\\\/www.protect.airbus.com\\\/wp-content\\\/uploads\\\/2022\\\/06\\\/header-sustainability-sous-page.jpg\",\"width\":1920,\"height\":358},{\"@type\":\"BreadcrumbList\",\"@id\":\"https:\\\/\\\/www.protect.airbus.com\\\/fr\\\/cybersecurite\\\/ppc-la-directive-nis2\\\/#breadcrumb\",\"itemListElement\":[{\"@type\":\"ListItem\",\"position\":1,\"name\":\"Home\",\"item\":\"https:\\\/\\\/www.protect.airbus.com\\\/fr\\\/\"},{\"@type\":\"ListItem\",\"position\":2,\"name\":\"Cybers\u00e9curit\u00e9\",\"item\":\"https:\\\/\\\/www.protect.airbus.com\\\/fr\\\/cybersecurite\\\/\"},{\"@type\":\"ListItem\",\"position\":3,\"name\":\"Tout savoir sur la directive NIS2\"}]},{\"@type\":\"WebSite\",\"@id\":\"https:\\\/\\\/www.protect.airbus.com\\\/fr\\\/#website\",\"url\":\"https:\\\/\\\/www.protect.airbus.com\\\/fr\\\/\",\"name\":\"Airbus Protect\",\"description\":\"\",\"publisher\":{\"@id\":\"https:\\\/\\\/www.protect.airbus.com\\\/fr\\\/#organization\"},\"potentialAction\":[{\"@type\":\"SearchAction\",\"target\":{\"@type\":\"EntryPoint\",\"urlTemplate\":\"https:\\\/\\\/www.protect.airbus.com\\\/fr\\\/?s={search_term_string}\"},\"query-input\":{\"@type\":\"PropertyValueSpecification\",\"valueRequired\":true,\"valueName\":\"search_term_string\"}}],\"inLanguage\":\"fr-FR\"},{\"@type\":\"Organization\",\"@id\":\"https:\\\/\\\/www.protect.airbus.com\\\/fr\\\/#organization\",\"name\":\"Airbus Protect\",\"url\":\"https:\\\/\\\/www.protect.airbus.com\\\/fr\\\/\",\"logo\":{\"@type\":\"ImageObject\",\"inLanguage\":\"fr-FR\",\"@id\":\"https:\\\/\\\/www.protect.airbus.com\\\/fr\\\/#\\\/schema\\\/logo\\\/image\\\/\",\"url\":\"https:\\\/\\\/www.protect.airbus.com\\\/wp-content\\\/uploads\\\/2023\\\/05\\\/logo-airbus-protect-696-696.png\",\"contentUrl\":\"https:\\\/\\\/www.protect.airbus.com\\\/wp-content\\\/uploads\\\/2023\\\/05\\\/logo-airbus-protect-696-696.png\",\"width\":696,\"height\":696,\"caption\":\"Airbus Protect\"},\"image\":{\"@id\":\"https:\\\/\\\/www.protect.airbus.com\\\/fr\\\/#\\\/schema\\\/logo\\\/image\\\/\"},\"sameAs\":[\"https:\\\/\\\/www.linkedin.com\\\/company\\\/airbus-protect\\\/\",\"https:\\\/\\\/www.youtube.com\\\/@airbusprotect7483\"],\"contactPoint\":{\"@type\":\"ContactPoint\",\"email\":\"protect@airbus.com\",\"contactType\":\"customer service\",\"areaServed\":[\"GB\",\"FR\",\"ES\",\"DE\",\"BE\",\"CH\",\"PT\",\"DK\",\"AT\"],\"availableLanguage\":[\"en\",\"fr\",\"de\"]}}]}<\/script>\n<!-- \/ Yoast SEO Premium plugin. -->","yoast_head_json":{"title":"La directive NIS2 : Renforcer la cybers\u00e9curit\u00e9 et la conformit\u00e9","description":"Nos experts vous aident \u00e0 vous conformer \u00e0 la directive NIS2. D\u00e9couvrez son importance pour l'am\u00e9lioration de la cybers\u00e9curit\u00e9.","robots":{"index":"noindex","follow":"nofollow"},"og_locale":"fr_FR","og_type":"article","og_title":"Tout savoir sur la directive NIS2","og_description":"Nos experts vous aident \u00e0 vous conformer \u00e0 la directive NIS2. D\u00e9couvrez son importance pour l'am\u00e9lioration de la cybers\u00e9curit\u00e9.","og_url":"https:\/\/www.protect.airbus.com\/fr\/cybersecurite\/ppc-la-directive-nis2\/","og_site_name":"Airbus Protect","article_modified_time":"2024-10-17T12:10:52+00:00","og_image":[{"width":1920,"height":358,"url":"https:\/\/www.protect.airbus.com\/wp-content\/uploads\/2022\/06\/header-sustainability-sous-page.jpg","type":"image\/jpeg"}],"twitter_card":"summary_large_image","twitter_misc":{"Dur\u00e9e de lecture estim\u00e9e":"4 minutes"},"schema":{"@context":"https:\/\/schema.org","@graph":[{"@type":"BlogPosting","mainEntityOfPage":{"@type":"WebPage","@id":"https:\/\/www.protect.airbus.com\/fr\/cybersecurite\/ppc-la-directive-nis2\/"},"headline":"3 questions, 1 experts : Christian Siemers, consultant OT (certifi\u00e9 CISSP)","description":"","author":{"@id":"https:\/\/www.protect.airbus.com\/#organization"},"publisher":{"@id":"https:\/\/www.protect.airbus.com\/#organization"},"image":"https:\/\/www.protect.airbus.com\/wp-content\/uploads\/2022\/12\/3-questions-1-expert-Christian-Siemers_image-en-avant.png","datePublished":"2024-09-05T12:30:09+00:00","dateModified":"2024-10-17T12:10:52+00:00"},{"@type":"WebPage","@id":"https:\/\/www.protect.airbus.com\/fr\/cybersecurite\/ppc-la-directive-nis2\/","url":"https:\/\/www.protect.airbus.com\/fr\/cybersecurite\/ppc-la-directive-nis2\/","name":"La directive NIS2 : Renforcer la cybers\u00e9curit\u00e9 et la conformit\u00e9","isPartOf":{"@id":"https:\/\/www.protect.airbus.com\/fr\/#website"},"primaryImageOfPage":{"@id":"https:\/\/www.protect.airbus.com\/fr\/cybersecurite\/ppc-la-directive-nis2\/#primaryimage"},"image":{"@id":"https:\/\/www.protect.airbus.com\/fr\/cybersecurite\/ppc-la-directive-nis2\/#primaryimage"},"thumbnailUrl":"https:\/\/www.protect.airbus.com\/wp-content\/uploads\/2022\/06\/header-sustainability-sous-page.jpg","datePublished":"2024-09-05T12:30:09+00:00","dateModified":"2024-10-17T12:10:52+00:00","description":"Nos experts vous aident \u00e0 vous conformer \u00e0 la directive NIS2. D\u00e9couvrez son importance pour l'am\u00e9lioration de la cybers\u00e9curit\u00e9.","breadcrumb":{"@id":"https:\/\/www.protect.airbus.com\/fr\/cybersecurite\/ppc-la-directive-nis2\/#breadcrumb"},"inLanguage":"fr-FR","potentialAction":[{"@type":"ReadAction","target":["https:\/\/www.protect.airbus.com\/fr\/cybersecurite\/ppc-la-directive-nis2\/"]}]},{"@type":"ImageObject","inLanguage":"fr-FR","@id":"https:\/\/www.protect.airbus.com\/fr\/cybersecurite\/ppc-la-directive-nis2\/#primaryimage","url":"https:\/\/www.protect.airbus.com\/wp-content\/uploads\/2022\/06\/header-sustainability-sous-page.jpg","contentUrl":"https:\/\/www.protect.airbus.com\/wp-content\/uploads\/2022\/06\/header-sustainability-sous-page.jpg","width":1920,"height":358},{"@type":"BreadcrumbList","@id":"https:\/\/www.protect.airbus.com\/fr\/cybersecurite\/ppc-la-directive-nis2\/#breadcrumb","itemListElement":[{"@type":"ListItem","position":1,"name":"Home","item":"https:\/\/www.protect.airbus.com\/fr\/"},{"@type":"ListItem","position":2,"name":"Cybers\u00e9curit\u00e9","item":"https:\/\/www.protect.airbus.com\/fr\/cybersecurite\/"},{"@type":"ListItem","position":3,"name":"Tout savoir sur la directive NIS2"}]},{"@type":"WebSite","@id":"https:\/\/www.protect.airbus.com\/fr\/#website","url":"https:\/\/www.protect.airbus.com\/fr\/","name":"Airbus Protect","description":"","publisher":{"@id":"https:\/\/www.protect.airbus.com\/fr\/#organization"},"potentialAction":[{"@type":"SearchAction","target":{"@type":"EntryPoint","urlTemplate":"https:\/\/www.protect.airbus.com\/fr\/?s={search_term_string}"},"query-input":{"@type":"PropertyValueSpecification","valueRequired":true,"valueName":"search_term_string"}}],"inLanguage":"fr-FR"},{"@type":"Organization","@id":"https:\/\/www.protect.airbus.com\/fr\/#organization","name":"Airbus Protect","url":"https:\/\/www.protect.airbus.com\/fr\/","logo":{"@type":"ImageObject","inLanguage":"fr-FR","@id":"https:\/\/www.protect.airbus.com\/fr\/#\/schema\/logo\/image\/","url":"https:\/\/www.protect.airbus.com\/wp-content\/uploads\/2023\/05\/logo-airbus-protect-696-696.png","contentUrl":"https:\/\/www.protect.airbus.com\/wp-content\/uploads\/2023\/05\/logo-airbus-protect-696-696.png","width":696,"height":696,"caption":"Airbus Protect"},"image":{"@id":"https:\/\/www.protect.airbus.com\/fr\/#\/schema\/logo\/image\/"},"sameAs":["https:\/\/www.linkedin.com\/company\/airbus-protect\/","https:\/\/www.youtube.com\/@airbusprotect7483"],"contactPoint":{"@type":"ContactPoint","email":"protect@airbus.com","contactType":"customer service","areaServed":["GB","FR","ES","DE","BE","CH","PT","DK","AT"],"availableLanguage":["en","fr","de"]}}]}},"_links":{"self":[{"href":"https:\/\/www.protect.airbus.com\/fr\/wp-json\/wp\/v2\/pages\/16710","targetHints":{"allow":["GET"]}}],"collection":[{"href":"https:\/\/www.protect.airbus.com\/fr\/wp-json\/wp\/v2\/pages"}],"about":[{"href":"https:\/\/www.protect.airbus.com\/fr\/wp-json\/wp\/v2\/types\/page"}],"author":[{"embeddable":true,"href":"https:\/\/www.protect.airbus.com\/fr\/wp-json\/wp\/v2\/users\/4"}],"replies":[{"embeddable":true,"href":"https:\/\/www.protect.airbus.com\/fr\/wp-json\/wp\/v2\/comments?post=16710"}],"version-history":[{"count":7,"href":"https:\/\/www.protect.airbus.com\/fr\/wp-json\/wp\/v2\/pages\/16710\/revisions"}],"predecessor-version":[{"id":18431,"href":"https:\/\/www.protect.airbus.com\/fr\/wp-json\/wp\/v2\/pages\/16710\/revisions\/18431"}],"up":[{"embeddable":true,"href":"https:\/\/www.protect.airbus.com\/fr\/wp-json\/wp\/v2\/pages\/6938"}],"wp:featuredmedia":[{"embeddable":true,"href":"https:\/\/www.protect.airbus.com\/fr\/wp-json\/wp\/v2\/media\/821"}],"wp:attachment":[{"href":"https:\/\/www.protect.airbus.com\/fr\/wp-json\/wp\/v2\/media?parent=16710"}],"curies":[{"name":"wp","href":"https:\/\/api.w.org\/{rel}","templated":true}]}}