{"id":15469,"date":"2024-08-02T11:29:32","date_gmt":"2024-08-02T09:29:32","guid":{"rendered":"https:\/\/www.protect.airbus.com\/?page_id=15469"},"modified":"2026-04-28T14:25:07","modified_gmt":"2026-04-28T12:25:07","slug":"gestion-surface-attaque","status":"publish","type":"page","link":"https:\/\/www.protect.airbus.com\/fr\/cybersecurite\/services-securite-manages\/gestion-surface-attaque\/","title":{"rendered":"Gestion de la Surface d&rsquo;Attaque"},"content":{"rendered":"<div class=\"wpb-content-wrapper\"><p>[vc_row][vc_column][vc_column_text css=\u00a0\u00bb.vc_custom_1777378166375{margin-bottom: 0px !important;padding-bottom: 0px !important;}\u00a0\u00bb h2_style=\u00a0\u00bbh2Big\u00a0\u00bb p_style=\u00a0\u00bbpChapeau\u00a0\u00bb]<strong>Adoptez une approche proactive pour mieux prot\u00e9ger votre entreprise<\/strong>[\/vc_column_text][vc_empty_space][vc_column_text css=\u00a0\u00bb\u00a0\u00bb h2_style=\u00a0\u00bbh2Big\u00a0\u00bb p_style=\u00a0\u00bbpBig\u00a0\u00bb]<\/p>\n<h2>Qu\u2019est-ce que la gestion de la surface d\u2019attaque (Attack Surface Management)\u00a0?<\/h2>\n<p>La gestion de la surface d&rsquo;attaque consiste \u00e0 cartographier cet environnement de mani\u00e8re proactive, de l&rsquo;ext\u00e9rieur vers l&rsquo;int\u00e9rieur. En adoptant le point de vue de l&rsquo;attaquant, nous veillons \u00e0 ce que les failles cach\u00e9es soient corrig\u00e9es avant qu&rsquo;elles ne puissent \u00eatre exploit\u00e9es.<\/p>\n<h3>Qu\u2019est-ce qu\u2019une surface d\u2019attaque\u00a0?<\/h3>\n<p>Votre empreinte num\u00e9rique est plus \u00e9tendue que vous ne le pensez. Elle correspond \u00e0 l&rsquo;ensemble des points d&rsquo;entr\u00e9e par lesquels un attaquant pourrait frapper. Pour s\u00e9curiser ce p\u00e9rim\u00e8tre, nous identifions les vuln\u00e9rabilit\u00e9s actuelles de vos syst\u00e8mes informatiques tout en mettant au jour le \u00ab Shadow IT \u00bb, c&rsquo;est-\u00e0-dire les ressources non g\u00e9r\u00e9es, telles que les environnements de test oubli\u00e9s et les API non autoris\u00e9es, qui \u00e9chappent \u00e0 la surveillance officielle. Ces services, qui passent souvent inaper\u00e7us, sont pr\u00e9cis\u00e9ment ce que les attaquants recherchent en premier lieu, car ils ne b\u00e9n\u00e9ficient g\u00e9n\u00e9ralement pas de la protection solide de votre infrastructure principale.[\/vc_column_text][vc_single_image image=\u00a0\u00bb44675&Prime; img_size=\u00a0\u00bblarge\u00a0\u00bb alignment=\u00a0\u00bbcenter\u00a0\u00bb onclick=\u00a0\u00bblink_image\u00a0\u00bb css=\u00a0\u00bb\u00a0\u00bb][vc_column_text css_animation=\u00a0\u00bbnone\u00a0\u00bb css=\u00a0\u00bb\u00a0\u00bb h2_style=\u00a0\u00bbh2Big\u00a0\u00bb p_style=\u00a0\u00bbpHighlight\u00a0\u00bb]<\/p>\n<h2>Pourquoi la gestion de la surface d\u2019attaque\u00a0est-elle importante\u00a0?<\/h2>\n<p>Dans un environnement industriel hyperconnect\u00e9, le p\u00e9rim\u00e8tre traditionnel a disparu. L&rsquo;ASM (Attack Surface Management) constitue le fondement de la r\u00e9silience num\u00e9rique : elle vous permet d&rsquo;\u00e9liminer les angles morts et de vous concentrer sur les risques r\u00e9els plut\u00f4t que de vous perdre dans des listes interminables de vuln\u00e9rabilit\u00e9s. Pour les organisations des secteurs critiques, cette surveillance continue est essentielle pour se conformer aux exigences de la directive NIS2 et garder une longueur d&rsquo;avance sur les attaquants, qui exploitent de nouvelles failles en l&rsquo;espace de quelques heures.<\/p>\n<h2>Comment la gestion de la surface d\u2019attaque\u00a0fonctionne-t-elle\u00a0?<\/h2>\n<p>Nous transformons la \u00ab perspective de l&rsquo;attaquant \u00bb en une strat\u00e9gie d\u00e9fensive structur\u00e9e et hautement performante, reposant sur trois piliers fondamentaux :<\/p>\n<p><strong>Identification rapide du p\u00e9rim\u00e8tre :<\/strong>\u00a0 Nous mettons en place un processus de d\u00e9couverte \u00e0 haute fr\u00e9quence et non intrusif afin de recenser tous les actifs expos\u00e9s \u00e0 Internet associ\u00e9s \u00e0 votre marque. Cela permet de d\u00e9tecter imm\u00e9diatement les vuln\u00e9rabilit\u00e9s sur l&rsquo;ensemble de votre r\u00e9seau mondial.<\/p>\n<p><strong>Inventaire complet des ressources :<\/strong> Nous fournissons une cartographie en temps r\u00e9el des ressources num\u00e9riques de votre organisation. En analysant la posture de s\u00e9curit\u00e9 de chaque ressource, nous identifions les risques sp\u00e9cifiques associ\u00e9s \u00e0 votre infrastructure, \u00e0 vos instances cloud et \u00e0 vos connexions tierces.<\/p>\n<p><strong>Plans de rem\u00e9diation cibl\u00e9s :<\/strong> La visibilit\u00e9 n\u2019est que la premi\u00e8re \u00e9tape. Nous fournissons des informations exploitables et des feuilles de route claires en mati\u00e8re de rem\u00e9diation, con\u00e7ues pour att\u00e9nuer les menaces prioritaires, garantissant ainsi que vos \u00e9quipes de s\u00e9curit\u00e9 concentrent leurs efforts l\u00e0 o\u00f9 ils auront le plus d\u2019impact.<\/p>\n<h2>Quels sont les d\u00e9fis relatifs \u00e0 la gestion de la surface d\u2019attaque?<\/h2>\n<p>La protection d&rsquo;une entreprise d&rsquo;envergure mondiale est une t\u00e2che complexe. Les organisations modernes sont confront\u00e9es \u00e0 une surcharge de donn\u00e9es et \u00e0 la difficult\u00e9 de l&rsquo;attribution des actifs, c&rsquo;est-\u00e0-dire de relier les services non autoris\u00e9s \u00e0 l&rsquo;unit\u00e9 op\u00e9rationnelle concern\u00e9e. De plus, la <b>nature \u00e9ph\u00e9m\u00e8re du cloud<\/b> fait que les actifs apparaissent et disparaissent plus rapidement que ne peuvent le suivre les outils traditionnels.<\/p>\n<p><b>Airbus Protect comble ces lacunes. Nous combinons notre savoir-faire industriel \u00e0 une automatisation de pointe pour transformer une surface d&rsquo;attaque tentaculaire et dynamique en une fronti\u00e8re g\u00e9rable et s\u00e9curis\u00e9e.<\/b>[\/vc_column_text][vc_column_text css_animation=\u00a0\u00bbnone\u00a0\u00bb css=\u00a0\u00bb\u00a0\u00bb p_style=\u00a0\u00bbpHighlight\u00a0\u00bb]<\/p>\n<h2>Pourquoi choisir Airbus Protect pour votre gestion de la surface d&rsquo;attaque?<\/h2>\n<p>Gr\u00e2ce au service ASM (Attack Surface Management) d\u2019Airbus Protect, int\u00e9grez la gestion proactive des vuln\u00e9rabilit\u00e9s pour renforcer votre syst\u00e8me en amont des menaces. Combinez \u00e0 cela les capacit\u00e9s r\u00e9actives de nos services SOC et R\u00e9ponse aux Incidents pour assurer une cybers\u00e9curit\u00e9 optimale et une d\u00e9fense compl\u00e8te contre les menaces.<\/p>\n<p>Notre approche transverse en mati\u00e8re de cyber-r\u00e9silience vous assure, \u00e0 la fois une meilleure pr\u00e9vention des cyberattaques, et une r\u00e9cup\u00e9ration rapide en cas d\u2019incident, minimisant les interruptions et assurant la continuit\u00e9 de vos activit\u00e9s. D\u00e9couvrez comment ces services ASM peuvent compl\u00e9ter et optimiser la protection de votre syst\u00e8me d\u2019information.<\/p>\n<p>&nbsp;[\/vc_column_text]<div class=\"divBtCTA btAlignCenter\"><a href=\"https:\/\/www.protect.airbus.com\/fr\/contact\/\"  class=\"button btAuto\">Contactez nos experts<\/a><\/div>[vc_column_text css_animation=\u00a0\u00bbnone\u00a0\u00bb css=\u00a0\u00bb\u00a0\u00bb p_style=\u00a0\u00bbpHighlight\u00a0\u00bb]<\/p>\n<h2><span style=\"font-weight: 400;\">Attack Surface Management\u00a0: n<\/span><span style=\"font-weight: 400;\">otre offre<\/span><\/h2>\n<ul>\n<li aria-level=\"1\">\u00c9valuation rapide de la surface d\u2019attaque pour une visibilit\u00e9 compl\u00e8te : obtenez rapidement une vue d\u2019ensemble de votre surface d\u2019attaque, identifiant les zones vuln\u00e9rables et les potentielles failles de s\u00e9curit\u00e9 class\u00e9es par ordre de priorit\u00e9.<\/li>\n<li aria-level=\"1\">Proposition de plans de rem\u00e9diation pr\u00e9cis : b\u00e9n\u00e9ficiez de recommandations pr\u00e9cises et personnalis\u00e9es,\u00a0 adapt\u00e9es \u00e0 vos besoins sp\u00e9cifiques, pour rem\u00e9dier aux vuln\u00e9rabilit\u00e9s identifi\u00e9es, avec des plans d\u2019action concrets pour renforcer la s\u00e9curit\u00e9 de votre infrastructure num\u00e9rique.<\/li>\n<li aria-level=\"1\">Renforcement de votre cyber-r\u00e9silience: d\u00e9couvrez nos services de monitoring annuels pour une supervision r\u00e9guli\u00e8re des risques, indispensables pour les moyens de production consid\u00e9r\u00e9s comme critiques.<\/li>\n<\/ul>\n<h2><span style=\"font-weight: 400;\">\u00a0<\/span><span style=\"font-weight: 400;\">Gestion efficace de la surface d&rsquo;attaque, sans risque d&rsquo;impact<\/span><\/h2>\n<p>Rapidement, nous mettons en place un processus efficace pour identifier les failles potentielles au sein de votre p\u00e9rim\u00e8tre, vous permettant de comprendre les vuln\u00e9rabilit\u00e9s de votre environnement. En \u00e9valuant minutieusement votre surface d\u2019attaque et exposition aux menaces, nous vous aidons \u00e0 \u00e9laborer des strat\u00e9gies de protection adapt\u00e9es, sans perturber vos op\u00e9rations courantes. Gr\u00e2ce \u00e0 nos experts, identifiez et corrigez les vuln\u00e9rabilit\u00e9s avant qu\u2019elles ne soient exploit\u00e9es par des attaquants. Nous prenons en compte les sp\u00e9cificit\u00e9s de votre environnement et de vos besoins uniques, tout en mettant en place ces solutions. Nous garantissons ainsi une transition fluide et une int\u00e9gration harmonieuse des mesures de s\u00e9curit\u00e9.<\/p>\n<h3>Dressez l&rsquo;inventaire des risques associ\u00e9s \u00e0 vos ressources<\/h3>\n<p>Notre service inclut un inventaire exhaustif des ressources pr\u00e9sentes dans votre organisation. Nous cartographions vos actifs num\u00e9riques, identifions les zones vuln\u00e9rables et \u00e9valuons les risques associ\u00e9s. Cette d\u00e9marche vous fournit une compr\u00e9hension claire de votre surface d\u2019attaque et vous aide \u00e0 prioriser les actions de s\u00e9curit\u00e9 n\u00e9cessaires. Vous pouvez ainsi prendre compl\u00e8tement conscience de votre exposition face aux cyber menaces.<\/p>\n<h3>Att\u00e9nuez vos risques gr\u00e2ce \u00e0 un plan de rem\u00e9diation personnalis\u00e9<\/h3>\n<p>Une fois les failles identifi\u00e9es, nous vous proposons des plans de rem\u00e9diation d\u00e9taill\u00e9s et personnalis\u00e9s pour att\u00e9nuer les menaces prioritaires. Nos recommandations, bas\u00e9es sur notre exp\u00e9rience avec diff\u00e9rentes configurations, sont adapt\u00e9es \u00e0 votre environnement sp\u00e9cifique, garantissant une mise en \u0153uvre efficace et cibl\u00e9e des mesures de s\u00e9curit\u00e9.<\/p>\n<h2><span style=\"font-weight: 400;\">Surface Attack Management\u00a0: p<\/span><span style=\"font-weight: 400;\">renez le contr\u00f4le de votre s\u00e9curit\u00e9 num\u00e9rique !<\/span><\/h2>\n<p><span style=\"font-weight: 400;\">Ne laissez pas les cybermenaces prendre le dessus. Contactez-nous d\u00e8s aujourd\u2019hui pour d\u00e9couvrir comment notre service de Gestion de la Surface d\u2019Attaque peut renforcer la s\u00e9curit\u00e9 de votre organisation et prot\u00e9ger vos actifs les plus essentiels. Ensemble, assurons la p\u00e9rennit\u00e9 et la r\u00e9silience de votre entreprise face aux d\u00e9fis d\u2019aujourd\u2019hui et de demain, tout en maintenant la continuit\u00e9 de vos activit\u00e9s.<\/span>[\/vc_column_text]    <div class=\"hightlightBracket\">\n        <div class=\"glyphe\"><\/div>\n        <div class=\"highlight\"><p>Prenez contact avec nous pour d\u00e9couvrir comment nous pouvons vous aider.<\/p><\/div>\n    <\/div>\n    <div class=\"divBtCTA btAlignCenter\"><a href=\"https:\/\/www.protect.airbus.com\/fr\/contact\/\"  class=\"button btAuto\">Nous contacter<\/a><\/div>[\/vc_column][\/vc_row]<\/p>\n<\/div>","protected":false},"excerpt":{"rendered":"<p>[vc_row][vc_column][vc_column_text css=\u00a0\u00bb.vc_custom_1777378166375{margin-bottom: 0px !important;padding-bottom: 0px !important;}\u00a0\u00bb h2_style=\u00a0\u00bbh2Big\u00a0\u00bb p_style=\u00a0\u00bbpChapeau\u00a0\u00bb]Adoptez une approche proactive pour mieux prot\u00e9ger votre entreprise[\/vc_column_text][vc_empty_space][vc_column_text css=\u00a0\u00bb\u00a0\u00bb h2_style=\u00a0\u00bbh2Big\u00a0\u00bb p_style=\u00a0\u00bbpBig\u00a0\u00bb] Qu\u2019est-ce que la gestion de la surface d\u2019attaque (Attack Surface Management)\u00a0? La gestion de la surface d&rsquo;attaque consiste \u00e0 cartographier cet environnement de mani\u00e8re proactive, de l&rsquo;ext\u00e9rieur vers l&rsquo;int\u00e9rieur. En adoptant le point de vue de [&hellip;]<\/p>\n","protected":false},"author":8,"featured_media":6467,"parent":5502,"menu_order":0,"comment_status":"closed","ping_status":"closed","template":"","meta":{"_acf_changed":false,"content-type":"","_relevanssi_hide_post":"","_relevanssi_hide_content":"","_relevanssi_pin_for_all":"","_relevanssi_pin_keywords":"","_relevanssi_unpin_keywords":"","_relevanssi_related_keywords":"","_relevanssi_related_include_ids":"","_relevanssi_related_exclude_ids":"","_relevanssi_related_no_append":"","_relevanssi_related_not_related":"","_relevanssi_related_posts":"","_relevanssi_noindex_reason":"","footnotes":""},"class_list":["post-15469","page","type-page","status-publish","has-post-thumbnail","hentry"],"acf":[],"yoast_head":"<!-- This site is optimized with the Yoast SEO Premium plugin v27.5 (Yoast SEO v27.5) - https:\/\/yoast.com\/product\/yoast-seo-premium-wordpress\/ -->\n<title>Gestion de la Surface d&#039;Attaque : \u00e9valuer et g\u00e9rer les risques<\/title>\n<meta name=\"description\" content=\"Identifiez vos vuln\u00e9rabilit\u00e9s, limitez les risques et prot\u00e9gez vos actifs num\u00e9riques gr\u00e2ce au service d\u2019Attack Surface Management.\" \/>\n<meta name=\"robots\" content=\"index, follow, max-snippet:-1, max-image-preview:large, max-video-preview:-1\" \/>\n<link rel=\"canonical\" href=\"https:\/\/www.protect.airbus.com\/fr\/cybersecurite\/services-securite-manages\/gestion-surface-attaque\/\" \/>\n<meta property=\"og:locale\" content=\"fr_FR\" \/>\n<meta property=\"og:type\" content=\"article\" \/>\n<meta property=\"og:title\" content=\"Gestion de la Surface d&#039;Attaque\" \/>\n<meta property=\"og:description\" content=\"Identifiez vos vuln\u00e9rabilit\u00e9s, limitez les risques et prot\u00e9gez vos actifs num\u00e9riques gr\u00e2ce au service d\u2019Attack Surface Management.\" \/>\n<meta property=\"og:url\" content=\"https:\/\/www.protect.airbus.com\/fr\/cybersecurite\/services-securite-manages\/gestion-surface-attaque\/\" \/>\n<meta property=\"og:site_name\" content=\"Airbus Protect\" \/>\n<meta property=\"article:modified_time\" content=\"2026-04-28T12:25:07+00:00\" \/>\n<meta property=\"og:image\" content=\"https:\/\/www.protect.airbus.com\/wp-content\/uploads\/revslider\/header-cybersecurity-en\/bg-cybersecurity.png\" \/>\n\t<meta property=\"og:image:width\" content=\"1920\" \/>\n\t<meta property=\"og:image:height\" content=\"582\" \/>\n\t<meta property=\"og:image:type\" content=\"image\/png\" \/>\n<meta name=\"twitter:card\" content=\"summary_large_image\" \/>\n<meta name=\"twitter:label1\" content=\"Dur\u00e9e de lecture estim\u00e9e\" \/>\n\t<meta name=\"twitter:data1\" content=\"4 minutes\" \/>\n<script type=\"application\/ld+json\" class=\"yoast-schema-graph\">{\"@context\":\"https:\\\/\\\/schema.org\",\"@graph\":[{\"@type\":\"WebPage\",\"@id\":\"https:\\\/\\\/www.protect.airbus.com\\\/fr\\\/cybersecurite\\\/services-securite-manages\\\/gestion-surface-attaque\\\/\",\"url\":\"https:\\\/\\\/www.protect.airbus.com\\\/fr\\\/cybersecurite\\\/services-securite-manages\\\/gestion-surface-attaque\\\/\",\"name\":\"Gestion de la Surface d'Attaque : \u00e9valuer et g\u00e9rer les risques\",\"isPartOf\":{\"@id\":\"https:\\\/\\\/www.protect.airbus.com\\\/fr\\\/#website\"},\"primaryImageOfPage\":{\"@id\":\"https:\\\/\\\/www.protect.airbus.com\\\/fr\\\/cybersecurite\\\/services-securite-manages\\\/gestion-surface-attaque\\\/#primaryimage\"},\"image\":{\"@id\":\"https:\\\/\\\/www.protect.airbus.com\\\/fr\\\/cybersecurite\\\/services-securite-manages\\\/gestion-surface-attaque\\\/#primaryimage\"},\"thumbnailUrl\":\"https:\\\/\\\/www.protect.airbus.com\\\/wp-content\\\/uploads\\\/revslider\\\/header-cybersecurity-en\\\/bg-cybersecurity.png\",\"datePublished\":\"2024-08-02T09:29:32+00:00\",\"dateModified\":\"2026-04-28T12:25:07+00:00\",\"description\":\"Identifiez vos vuln\u00e9rabilit\u00e9s, limitez les risques et prot\u00e9gez vos actifs num\u00e9riques gr\u00e2ce au service d\u2019Attack Surface Management.\",\"breadcrumb\":{\"@id\":\"https:\\\/\\\/www.protect.airbus.com\\\/fr\\\/cybersecurite\\\/services-securite-manages\\\/gestion-surface-attaque\\\/#breadcrumb\"},\"inLanguage\":\"fr-FR\",\"potentialAction\":[{\"@type\":\"ReadAction\",\"target\":[\"https:\\\/\\\/www.protect.airbus.com\\\/fr\\\/cybersecurite\\\/services-securite-manages\\\/gestion-surface-attaque\\\/\"]}]},{\"@type\":\"ImageObject\",\"inLanguage\":\"fr-FR\",\"@id\":\"https:\\\/\\\/www.protect.airbus.com\\\/fr\\\/cybersecurite\\\/services-securite-manages\\\/gestion-surface-attaque\\\/#primaryimage\",\"url\":\"https:\\\/\\\/www.protect.airbus.com\\\/wp-content\\\/uploads\\\/revslider\\\/header-cybersecurity-en\\\/bg-cybersecurity.png\",\"contentUrl\":\"https:\\\/\\\/www.protect.airbus.com\\\/wp-content\\\/uploads\\\/revslider\\\/header-cybersecurity-en\\\/bg-cybersecurity.png\",\"width\":1920,\"height\":582},{\"@type\":\"BreadcrumbList\",\"@id\":\"https:\\\/\\\/www.protect.airbus.com\\\/fr\\\/cybersecurite\\\/services-securite-manages\\\/gestion-surface-attaque\\\/#breadcrumb\",\"itemListElement\":[{\"@type\":\"ListItem\",\"position\":1,\"name\":\"Home\",\"item\":\"https:\\\/\\\/www.protect.airbus.com\\\/fr\\\/\"},{\"@type\":\"ListItem\",\"position\":2,\"name\":\"Cybers\u00e9curit\u00e9\",\"item\":\"https:\\\/\\\/www.protect.airbus.com\\\/fr\\\/cybersecurite\\\/\"},{\"@type\":\"ListItem\",\"position\":3,\"name\":\"Services de s\u00e9curit\u00e9 manag\u00e9s\",\"item\":\"https:\\\/\\\/www.protect.airbus.com\\\/fr\\\/cybersecurite\\\/services-securite-manages\\\/\"},{\"@type\":\"ListItem\",\"position\":4,\"name\":\"Gestion de la Surface d&#8217;Attaque\"}]},{\"@type\":\"WebSite\",\"@id\":\"https:\\\/\\\/www.protect.airbus.com\\\/fr\\\/#website\",\"url\":\"https:\\\/\\\/www.protect.airbus.com\\\/fr\\\/\",\"name\":\"Airbus Protect\",\"description\":\"\",\"publisher\":{\"@id\":\"https:\\\/\\\/www.protect.airbus.com\\\/fr\\\/#organization\"},\"potentialAction\":[{\"@type\":\"SearchAction\",\"target\":{\"@type\":\"EntryPoint\",\"urlTemplate\":\"https:\\\/\\\/www.protect.airbus.com\\\/fr\\\/?s={search_term_string}\"},\"query-input\":{\"@type\":\"PropertyValueSpecification\",\"valueRequired\":true,\"valueName\":\"search_term_string\"}}],\"inLanguage\":\"fr-FR\"},{\"@type\":\"Organization\",\"@id\":\"https:\\\/\\\/www.protect.airbus.com\\\/fr\\\/#organization\",\"name\":\"Airbus Protect\",\"url\":\"https:\\\/\\\/www.protect.airbus.com\\\/fr\\\/\",\"logo\":{\"@type\":\"ImageObject\",\"inLanguage\":\"fr-FR\",\"@id\":\"https:\\\/\\\/www.protect.airbus.com\\\/fr\\\/#\\\/schema\\\/logo\\\/image\\\/\",\"url\":\"https:\\\/\\\/www.protect.airbus.com\\\/wp-content\\\/uploads\\\/2023\\\/05\\\/logo-airbus-protect-696-696.png\",\"contentUrl\":\"https:\\\/\\\/www.protect.airbus.com\\\/wp-content\\\/uploads\\\/2023\\\/05\\\/logo-airbus-protect-696-696.png\",\"width\":696,\"height\":696,\"caption\":\"Airbus Protect\"},\"image\":{\"@id\":\"https:\\\/\\\/www.protect.airbus.com\\\/fr\\\/#\\\/schema\\\/logo\\\/image\\\/\"},\"sameAs\":[\"https:\\\/\\\/www.linkedin.com\\\/company\\\/airbus-protect\\\/\",\"https:\\\/\\\/www.youtube.com\\\/@airbusprotect7483\"],\"contactPoint\":{\"@type\":\"ContactPoint\",\"email\":\"protect@airbus.com\",\"contactType\":\"customer service\",\"areaServed\":[\"GB\",\"FR\",\"ES\",\"DE\",\"BE\",\"CH\",\"PT\",\"DK\",\"AT\"],\"availableLanguage\":[\"en\",\"fr\",\"de\"]}}]}<\/script>\n<!-- \/ Yoast SEO Premium plugin. -->","yoast_head_json":{"title":"Gestion de la Surface d'Attaque : \u00e9valuer et g\u00e9rer les risques","description":"Identifiez vos vuln\u00e9rabilit\u00e9s, limitez les risques et prot\u00e9gez vos actifs num\u00e9riques gr\u00e2ce au service d\u2019Attack Surface Management.","robots":{"index":"index","follow":"follow","max-snippet":"max-snippet:-1","max-image-preview":"max-image-preview:large","max-video-preview":"max-video-preview:-1"},"canonical":"https:\/\/www.protect.airbus.com\/fr\/cybersecurite\/services-securite-manages\/gestion-surface-attaque\/","og_locale":"fr_FR","og_type":"article","og_title":"Gestion de la Surface d'Attaque","og_description":"Identifiez vos vuln\u00e9rabilit\u00e9s, limitez les risques et prot\u00e9gez vos actifs num\u00e9riques gr\u00e2ce au service d\u2019Attack Surface Management.","og_url":"https:\/\/www.protect.airbus.com\/fr\/cybersecurite\/services-securite-manages\/gestion-surface-attaque\/","og_site_name":"Airbus Protect","article_modified_time":"2026-04-28T12:25:07+00:00","og_image":[{"width":1920,"height":582,"url":"https:\/\/www.protect.airbus.com\/wp-content\/uploads\/revslider\/header-cybersecurity-en\/bg-cybersecurity.png","type":"image\/png"}],"twitter_card":"summary_large_image","twitter_misc":{"Dur\u00e9e de lecture estim\u00e9e":"4 minutes"},"schema":{"@context":"https:\/\/schema.org","@graph":[{"@type":"WebPage","@id":"https:\/\/www.protect.airbus.com\/fr\/cybersecurite\/services-securite-manages\/gestion-surface-attaque\/","url":"https:\/\/www.protect.airbus.com\/fr\/cybersecurite\/services-securite-manages\/gestion-surface-attaque\/","name":"Gestion de la Surface d'Attaque : \u00e9valuer et g\u00e9rer les risques","isPartOf":{"@id":"https:\/\/www.protect.airbus.com\/fr\/#website"},"primaryImageOfPage":{"@id":"https:\/\/www.protect.airbus.com\/fr\/cybersecurite\/services-securite-manages\/gestion-surface-attaque\/#primaryimage"},"image":{"@id":"https:\/\/www.protect.airbus.com\/fr\/cybersecurite\/services-securite-manages\/gestion-surface-attaque\/#primaryimage"},"thumbnailUrl":"https:\/\/www.protect.airbus.com\/wp-content\/uploads\/revslider\/header-cybersecurity-en\/bg-cybersecurity.png","datePublished":"2024-08-02T09:29:32+00:00","dateModified":"2026-04-28T12:25:07+00:00","description":"Identifiez vos vuln\u00e9rabilit\u00e9s, limitez les risques et prot\u00e9gez vos actifs num\u00e9riques gr\u00e2ce au service d\u2019Attack Surface Management.","breadcrumb":{"@id":"https:\/\/www.protect.airbus.com\/fr\/cybersecurite\/services-securite-manages\/gestion-surface-attaque\/#breadcrumb"},"inLanguage":"fr-FR","potentialAction":[{"@type":"ReadAction","target":["https:\/\/www.protect.airbus.com\/fr\/cybersecurite\/services-securite-manages\/gestion-surface-attaque\/"]}]},{"@type":"ImageObject","inLanguage":"fr-FR","@id":"https:\/\/www.protect.airbus.com\/fr\/cybersecurite\/services-securite-manages\/gestion-surface-attaque\/#primaryimage","url":"https:\/\/www.protect.airbus.com\/wp-content\/uploads\/revslider\/header-cybersecurity-en\/bg-cybersecurity.png","contentUrl":"https:\/\/www.protect.airbus.com\/wp-content\/uploads\/revslider\/header-cybersecurity-en\/bg-cybersecurity.png","width":1920,"height":582},{"@type":"BreadcrumbList","@id":"https:\/\/www.protect.airbus.com\/fr\/cybersecurite\/services-securite-manages\/gestion-surface-attaque\/#breadcrumb","itemListElement":[{"@type":"ListItem","position":1,"name":"Home","item":"https:\/\/www.protect.airbus.com\/fr\/"},{"@type":"ListItem","position":2,"name":"Cybers\u00e9curit\u00e9","item":"https:\/\/www.protect.airbus.com\/fr\/cybersecurite\/"},{"@type":"ListItem","position":3,"name":"Services de s\u00e9curit\u00e9 manag\u00e9s","item":"https:\/\/www.protect.airbus.com\/fr\/cybersecurite\/services-securite-manages\/"},{"@type":"ListItem","position":4,"name":"Gestion de la Surface d&#8217;Attaque"}]},{"@type":"WebSite","@id":"https:\/\/www.protect.airbus.com\/fr\/#website","url":"https:\/\/www.protect.airbus.com\/fr\/","name":"Airbus Protect","description":"","publisher":{"@id":"https:\/\/www.protect.airbus.com\/fr\/#organization"},"potentialAction":[{"@type":"SearchAction","target":{"@type":"EntryPoint","urlTemplate":"https:\/\/www.protect.airbus.com\/fr\/?s={search_term_string}"},"query-input":{"@type":"PropertyValueSpecification","valueRequired":true,"valueName":"search_term_string"}}],"inLanguage":"fr-FR"},{"@type":"Organization","@id":"https:\/\/www.protect.airbus.com\/fr\/#organization","name":"Airbus Protect","url":"https:\/\/www.protect.airbus.com\/fr\/","logo":{"@type":"ImageObject","inLanguage":"fr-FR","@id":"https:\/\/www.protect.airbus.com\/fr\/#\/schema\/logo\/image\/","url":"https:\/\/www.protect.airbus.com\/wp-content\/uploads\/2023\/05\/logo-airbus-protect-696-696.png","contentUrl":"https:\/\/www.protect.airbus.com\/wp-content\/uploads\/2023\/05\/logo-airbus-protect-696-696.png","width":696,"height":696,"caption":"Airbus Protect"},"image":{"@id":"https:\/\/www.protect.airbus.com\/fr\/#\/schema\/logo\/image\/"},"sameAs":["https:\/\/www.linkedin.com\/company\/airbus-protect\/","https:\/\/www.youtube.com\/@airbusprotect7483"],"contactPoint":{"@type":"ContactPoint","email":"protect@airbus.com","contactType":"customer service","areaServed":["GB","FR","ES","DE","BE","CH","PT","DK","AT"],"availableLanguage":["en","fr","de"]}}]}},"_links":{"self":[{"href":"https:\/\/www.protect.airbus.com\/fr\/wp-json\/wp\/v2\/pages\/15469","targetHints":{"allow":["GET"]}}],"collection":[{"href":"https:\/\/www.protect.airbus.com\/fr\/wp-json\/wp\/v2\/pages"}],"about":[{"href":"https:\/\/www.protect.airbus.com\/fr\/wp-json\/wp\/v2\/types\/page"}],"author":[{"embeddable":true,"href":"https:\/\/www.protect.airbus.com\/fr\/wp-json\/wp\/v2\/users\/8"}],"replies":[{"embeddable":true,"href":"https:\/\/www.protect.airbus.com\/fr\/wp-json\/wp\/v2\/comments?post=15469"}],"version-history":[{"count":15,"href":"https:\/\/www.protect.airbus.com\/fr\/wp-json\/wp\/v2\/pages\/15469\/revisions"}],"predecessor-version":[{"id":54123,"href":"https:\/\/www.protect.airbus.com\/fr\/wp-json\/wp\/v2\/pages\/15469\/revisions\/54123"}],"up":[{"embeddable":true,"href":"https:\/\/www.protect.airbus.com\/fr\/wp-json\/wp\/v2\/pages\/5502"}],"wp:featuredmedia":[{"embeddable":true,"href":"https:\/\/www.protect.airbus.com\/fr\/wp-json\/wp\/v2\/media\/6467"}],"wp:attachment":[{"href":"https:\/\/www.protect.airbus.com\/fr\/wp-json\/wp\/v2\/media?parent=15469"}],"curies":[{"name":"wp","href":"https:\/\/api.w.org\/{rel}","templated":true}]}}