{"id":13017,"date":"2024-06-14T14:39:24","date_gmt":"2024-06-14T12:39:24","guid":{"rendered":"https:\/\/www.protect.airbus.com\/?page_id=13017"},"modified":"2026-03-31T14:05:15","modified_gmt":"2026-03-31T12:05:15","slug":"nis2","status":"publish","type":"page","link":"https:\/\/www.protect.airbus.com\/fr\/cybersecurite\/nis2\/","title":{"rendered":"La directive NIS2 : assurer la conformit\u00e9"},"content":{"rendered":"<div class=\"wpb-content-wrapper\"><p>[vc_row][vc_column][vc_column_text css=\u00a0\u00bb.vc_custom_1729157400719{margin-bottom: 0px !important;padding-bottom: 0px !important;}\u00a0\u00bb h2_style=\u00a0\u00bbh2Big\u00a0\u00bb p_style=\u00a0\u00bbpHighlight\u00a0\u00bb]<\/p>\n<h2>Qu&rsquo;est-ce que la Directive NIS2?<\/h2>\n<p>Avec la directive NIS2, des mesures de s\u00e9curit\u00e9 obligatoires et des exigences de rapport s&rsquo;appliqueront \u00e0 de nombreuses entreprises \u00e0 partir d&rsquo;octobre 2024 &#8211; m\u00eame celles qui n&rsquo;\u00e9taient pas concern\u00e9es auparavant[\/vc_column_text][vc_column_text css=\u00a0\u00bb\u00a0\u00bb p_style=\u00a0\u00bbpHighlight\u00a0\u00bb]La directive NIS2 (Network and Information Systems 2 Directive) est un texte de loi europ\u00e9en d\u00e9taill\u00e9 visant \u00e0 renforcer la cybers\u00e9curit\u00e9 dans les \u00c9tats membres. \u00c0 partir d&rsquo;octobre 2024, elle remplacera la directive NIS originale de 2016, en \u00e9tendant son champ d&rsquo;application \u00e0 des secteurs plus critiques et en fixant des exigences de s\u00e9curit\u00e9 plus \u00e9lev\u00e9es. En particulier, les prestataires de services num\u00e9riques sont d\u00e9sormais \u00e9galement inclus dans le champ d&rsquo;application de la NIS2, ce qui \u00e9tend consid\u00e9rablement la port\u00e9e de la directive.<span style=\"font-weight: 400;\"><br \/>\n<\/span>[\/vc_column_text]<div class=\"divBtCTA btAlignCenter\"><a href=\"https:\/\/www.protect.airbus.com\/fr\/contact\/\"  class=\"button btCybersecurity\">Contactez-nous maintenant !<\/a><\/div>[vc_column_text css=\u00a0\u00bb.vc_custom_1729157540805{margin-bottom: 0px !important;padding-bottom: 0px !important;}\u00a0\u00bb h2_style=\u00a0\u00bbh2Big\u00a0\u00bb p_style=\u00a0\u00bbpHighlight\u00a0\u00bb]<\/p>\n<h2>Votre organisation est-elle affect\u00e9e par la Directive NIS2?<\/h2>\n<p>V\u00e9rifiez si votre entreprise est concern\u00e9e et quelles sont les exigences auxquelles vous devez r\u00e9pondre :[\/vc_column_text][vc_single_image image=\u00a0\u00bb16945&Prime; img_size=\u00a0\u00bblarge\u00a0\u00bb alignment=\u00a0\u00bbcenter\u00a0\u00bb onclick=\u00a0\u00bblink_image\u00a0\u00bb css=\u00a0\u00bb\u00a0\u00bb][vc_column_text css=\u00a0\u00bb\u00a0\u00bb p_style=\u00a0\u00bbpHighlight\u00a0\u00bb]<\/p>\n<h3>Les domaines couverts par la directive NIS2 :<\/h3>\n<p>[\/vc_column_text][vc_row_inner css=\u00a0\u00bb.vc_custom_1723106184917{background-color: #efefef !important;}\u00a0\u00bb][vc_column_inner width=\u00a0\u00bb1\/2&Prime;][vc_column_text css=\u00a0\u00bb\u00a0\u00bb]<strong><span style=\"color: #00aec7;\">&#8211;<\/span> Analyse des risques et politiques de s\u00e9curit\u00e9 pour les syst\u00e8mes d&rsquo;information<\/strong><\/p>\n<p><strong><span style=\"color: #00aec7;\">&#8211;<\/span> Gestion des incidents<\/strong><\/p>\n<p><strong>&#8211; Gestion de la continuit\u00e9 des activit\u00e9s<\/strong><\/p>\n<p><strong><span style=\"color: #00aec7;\">&#8211;<\/span> Gestion des sauvegardes<\/strong><\/p>\n<p><strong><span style=\"color: #00aec7;\">&#8211;<\/span> Gestion de crise<\/strong><\/p>\n<p><strong><span style=\"color: #00aec7;\">&#8211;<\/span> S\u00e9curit\u00e9 de la cha\u00eene d&rsquo;approvisionnement<\/strong><\/p>\n<p><strong><span style=\"color: #00aec7;\">&#8211;<\/span> Mesures de s\u00e9curit\u00e9 pour l&rsquo;acquisition, le d\u00e9veloppement <\/strong><\/p>\n<p><strong>et la maintenance des r\u00e9seaux et des syst\u00e8mes d&rsquo;information<\/strong><\/p>\n<p><strong><span style=\"color: #00aec7;\">&#8211;<\/span> Gestion des vuln\u00e9rabilit\u00e9s<\/strong>[\/vc_column_text][\/vc_column_inner][vc_column_inner width=\u00a0\u00bb1\/2&Prime;][vc_column_text css=\u00a0\u00bb\u00a0\u00bb]<strong><span style=\"color: #00aec7;\">&#8211;<\/span>\u00a0\u00c9valuation de l&rsquo;efficacit\u00e9 des mesures de gestion des risques<\/strong><\/p>\n<p><strong><span style=\"color: #00aec7;\">&#8211;<\/span>\u00a0Proc\u00e9dures de s\u00e9curit\u00e9 pour les collaborateurs ayant acc\u00e8s \u00e0 des donn\u00e9es sensibles ou importantes<\/strong><\/p>\n<p><strong><span style=\"color: #00aec7;\">&#8211;\u00a0<\/span>Formation et sensibilisation \u00e0 la cybers\u00e9curit\u00e9<\/strong><\/p>\n<p><strong><span style=\"color: #00aec7;\">&#8211;<\/span>\u00a0Concepts pour l&rsquo;utilisation de la cryptographie<\/strong><\/p>\n<p><strong><span style=\"color: #00aec7;\">&#8211;\u00a0<\/span>Contr\u00f4le d&rsquo;acc\u00e8s et gestion des actifs<\/strong><\/p>\n<p><strong><span style=\"color: #00aec7;\">&#8211;\u00a0<\/span>Utilisation de l&rsquo;authentification multifactorielle (MFA) ou de l&rsquo;authentification continue (SSO)<\/strong><\/p>\n<p><strong><span style=\"color: #00aec7;\">&#8211;\u00a0<\/span>S\u00e9curisation des communications vocales, vid\u00e9o et textuelles et, si n\u00e9cessaire, s\u00e9curisation des syst\u00e8mes de communication d&rsquo;urgence<\/strong><\/p>\n<p><strong><span style=\"color: #00aec7;\">&#8211;\u00a0<\/span>Mise en \u0153uvre d&rsquo;un syst\u00e8me de gestion de la s\u00e9curit\u00e9 de l&rsquo;information<\/strong>[\/vc_column_text][\/vc_column_inner][\/vc_row_inner][vc_column_text css=\u00a0\u00bb\u00a0\u00bb p_style=\u00a0\u00bbpHighlight\u00a0\u00bb]Vous souhaitez avoir une vue d&rsquo;ensemble de tous ces \u00e9l\u00e9ments ?[\/vc_column_text]<div class=\"divBtCTA btAlignCenter\"><a href=\"https:\/\/www.protect.airbus.com\/wp-content\/uploads\/2023\/06\/APSC_NIS2-Checklist_FR_2026.pdf\" target=\"_blank\" class=\"button btAuto\">T\u00e9l\u00e9chargez la check-list NIS2<\/a><\/div>[vc_column_text css=\u00a0\u00bb\u00a0\u00bb h2_style=\u00a0\u00bbh2Big\u00a0\u00bb]<\/p>\n<h2>Obligations de d\u00e9claration des cyber incidents : Que faut-il signaler ?<\/h2>\n<p>[\/vc_column_text][vc_column_text css=\u00a0\u00bb\u00a0\u00bb p_style=\u00a0\u00bbpHighlight\u00a0\u00bb]Il est essentiel de savoir quels incidents cyber doivent \u00eatre signal\u00e9s, \u00e0 qui et dans quel d\u00e9lai. Par exemple, une premi\u00e8re alerte doit \u00eatre envoy\u00e9e \u00e0 l&rsquo;autorit\u00e9 de s\u00e9curit\u00e9 du pays dans les 24 heures suivant la suspicion d&rsquo;un incident. Si les soup\u00e7ons sont fond\u00e9s ou confirm\u00e9s, un rapport sur l&rsquo;incident de s\u00e9curit\u00e9 doit suivre dans les 72 heures. Enfin, un rapport final doit \u00eatre envoy\u00e9 au plus tard un mois apr\u00e8s la notification de l&rsquo;incident confirm\u00e9.<\/p>\n<p>&nbsp;<\/p>\n<p>Le rapport final doit comprendre les \u00e9l\u00e9ments suivants :<\/p>\n<ul>\n<li style=\"font-weight: 400;\" aria-level=\"1\"><span style=\"font-weight: 400;\">le rapport de r\u00e9ponse \u00e0 l&rsquo;incident<\/span><\/li>\n<li style=\"font-weight: 400;\" aria-level=\"1\"><span style=\"font-weight: 400;\">la discussion sur la vuln\u00e9rabilit\u00e9 exploit\u00e9e<\/span><\/li>\n<li style=\"font-weight: 400;\" aria-level=\"1\"><span style=\"font-weight: 400;\">les mesures correctives prises et en cours<\/span><\/li>\n<li aria-level=\"1\">la zone d&rsquo;impact<\/li>\n<\/ul>\n<p>Si l&rsquo;incident n&rsquo;est pas r\u00e9solu dans un d\u00e9lai d&rsquo;un mois, les organisations sont tenues de fournir un rapport d&rsquo;avancement. Dans ce cas, le rapport final doit suivre au plus tard un mois apr\u00e8s le traitement de l&rsquo;incident de s\u00e9curit\u00e9.<\/p>\n<p>Comme vous pouvez le constater, ces d\u00e9lais sont extr\u00eamement serr\u00e9s. Pour gagner un temps pr\u00e9cieux en cas d&rsquo;incident, nous recommandons un \u00ab\u00a0exercice d&rsquo;urgence de r\u00e9ponse \u00e0 incident\u00a0\u00bb annuel et un contrat-cadre pour les activit\u00e9s de r\u00e9ponse \u00e0 incident. Cela permet \u00e0 l&rsquo;\u00e9quipe d&rsquo;intervention de se familiariser avec vos syst\u00e8mes en \u00ab\u00a0temps de paix\u00a0\u00bb. Cela vous permet \u00e9galement de d\u00e9finir \u00e0 l&rsquo;avance les points de contact, les \u00e9quipes de crise et les d\u00e9cideurs, et de les familiariser avec les processus importants de la cha\u00eene de communication.<span style=\"font-weight: 400;\"><br \/>\n<\/span>[\/vc_column_text][vc_column_text css=\u00a0\u00bb\u00a0\u00bb h2_style=\u00a0\u00bbh2Big\u00a0\u00bb p_style=\u00a0\u00bbpBig\u00a0\u00bb]<\/p>\n<h2>Vous n&rsquo;\u00eates pas s\u00fbr de la marche \u00e0 suivre ? Nos experts peuvent vous aider.<\/h2>\n<p>[\/vc_column_text]<div class=\"divBtCTA btAlignCenter\"><a href=\"https:\/\/www.protect.airbus.com\/fr\/contact\/\"  class=\"button btAuto\">Nous contacter<\/a><\/div>    <div class=\"hightlightBracket\">\n        <div class=\"glyphe\"><\/div>\n        <div class=\"highlight\"><p>Vous souhaitez en savoir plus sur les services de Gouvernance, Risque et Conformit\u00e9 ?<\/p><\/div>\n    <\/div>\n    <div class=\"divBtCTA btAlignCenter\"><a href=\"https:\/\/www.protect.airbus.com\/fr\/cybersecurite\/gouvernance-risque-conformite\/\"  class=\"button btAuto\">D\u00e9couvrez tous nos services de gouvernances<\/a><\/div>[\/vc_column][\/vc_row][vc_row][vc_column][\/vc_column][\/vc_row]<\/p>\n<\/div>","protected":false},"excerpt":{"rendered":"<p>[vc_row][vc_column][vc_column_text css=\u00a0\u00bb.vc_custom_1729157400719{margin-bottom: 0px !important;padding-bottom: 0px !important;}\u00a0\u00bb h2_style=\u00a0\u00bbh2Big\u00a0\u00bb p_style=\u00a0\u00bbpHighlight\u00a0\u00bb] Qu&rsquo;est-ce que la Directive NIS2? Avec la directive NIS2, des mesures de s\u00e9curit\u00e9 obligatoires et des exigences de rapport s&rsquo;appliqueront \u00e0 de nombreuses entreprises \u00e0 partir d&rsquo;octobre 2024 &#8211; m\u00eame celles qui n&rsquo;\u00e9taient pas concern\u00e9es auparavant[\/vc_column_text][vc_column_text css=\u00a0\u00bb\u00a0\u00bb p_style=\u00a0\u00bbpHighlight\u00a0\u00bb]La directive NIS2 (Network and Information Systems 2 Directive) est [&hellip;]<\/p>\n","protected":false},"author":8,"featured_media":6467,"parent":6938,"menu_order":0,"comment_status":"closed","ping_status":"closed","template":"","meta":{"_acf_changed":false,"content-type":"","_relevanssi_hide_post":"","_relevanssi_hide_content":"","_relevanssi_pin_for_all":"","_relevanssi_pin_keywords":"","_relevanssi_unpin_keywords":"","_relevanssi_related_keywords":"","_relevanssi_related_include_ids":"","_relevanssi_related_exclude_ids":"","_relevanssi_related_no_append":"","_relevanssi_related_not_related":"","_relevanssi_related_posts":"","_relevanssi_noindex_reason":"","footnotes":""},"class_list":["post-13017","page","type-page","status-publish","has-post-thumbnail","hentry"],"acf":[],"yoast_head":"<!-- This site is optimized with the Yoast SEO Premium plugin v27.3 (Yoast SEO v27.3) - https:\/\/yoast.com\/product\/yoast-seo-premium-wordpress\/ -->\n<title>La directive NIS2 : assurer la mise en conformit\u00e9<\/title>\n<meta name=\"description\" content=\"D\u00e9couvrez les principales caract\u00e9ristiques de la directive NIS2, son impact sur votre organisation et comment nous pouvons vous aider.\" \/>\n<meta name=\"robots\" content=\"index, follow, max-snippet:-1, max-image-preview:large, max-video-preview:-1\" \/>\n<link rel=\"canonical\" href=\"https:\/\/www.protect.airbus.com\/fr\/cybersecurite\/nis2\/\" \/>\n<meta property=\"og:locale\" content=\"fr_FR\" \/>\n<meta property=\"og:type\" content=\"article\" \/>\n<meta property=\"og:title\" content=\"La directive NIS2 : assurer la conformit\u00e9\" \/>\n<meta property=\"og:description\" content=\"D\u00e9couvrez les principales caract\u00e9ristiques de la directive NIS2, son impact sur votre organisation et comment nous pouvons vous aider.\" \/>\n<meta property=\"og:url\" content=\"https:\/\/www.protect.airbus.com\/fr\/cybersecurite\/nis2\/\" \/>\n<meta property=\"og:site_name\" content=\"Airbus Protect\" \/>\n<meta property=\"article:modified_time\" content=\"2026-03-31T12:05:15+00:00\" \/>\n<meta property=\"og:image\" content=\"https:\/\/www.protect.airbus.com\/wp-content\/uploads\/revslider\/header-cybersecurity-en\/bg-cybersecurity.png\" \/>\n\t<meta property=\"og:image:width\" content=\"1920\" \/>\n\t<meta property=\"og:image:height\" content=\"582\" \/>\n\t<meta property=\"og:image:type\" content=\"image\/png\" \/>\n<meta name=\"twitter:card\" content=\"summary_large_image\" \/>\n<meta name=\"twitter:label1\" content=\"Dur\u00e9e de lecture estim\u00e9e\" \/>\n\t<meta name=\"twitter:data1\" content=\"4 minutes\" \/>\n<script type=\"application\/ld+json\" class=\"yoast-schema-graph\">{\"@context\":\"https:\\\/\\\/schema.org\",\"@graph\":[{\"@type\":\"Service\",\"name\":\"La directive NIS2 : assurer la conformit\u00e9\",\"url\":\"https:\\\/\\\/www.protect.airbus.com\\\/fr\\\/cybersecurite\\\/nis2\\\/\",\"provider\":{\"@id\":\"https:\\\/\\\/www.protect.airbus.com\\\/#organization\"},\"description\":\"\"},{\"@type\":\"WebPage\",\"@id\":\"https:\\\/\\\/www.protect.airbus.com\\\/fr\\\/cybersecurite\\\/nis2\\\/\",\"url\":\"https:\\\/\\\/www.protect.airbus.com\\\/fr\\\/cybersecurite\\\/nis2\\\/\",\"name\":\"La directive NIS2 : assurer la mise en conformit\u00e9\",\"isPartOf\":{\"@id\":\"https:\\\/\\\/www.protect.airbus.com\\\/fr\\\/#website\"},\"primaryImageOfPage\":{\"@id\":\"https:\\\/\\\/www.protect.airbus.com\\\/fr\\\/cybersecurite\\\/nis2\\\/#primaryimage\"},\"image\":{\"@id\":\"https:\\\/\\\/www.protect.airbus.com\\\/fr\\\/cybersecurite\\\/nis2\\\/#primaryimage\"},\"thumbnailUrl\":\"https:\\\/\\\/www.protect.airbus.com\\\/wp-content\\\/uploads\\\/revslider\\\/header-cybersecurity-en\\\/bg-cybersecurity.png\",\"datePublished\":\"2024-06-14T12:39:24+00:00\",\"dateModified\":\"2026-03-31T12:05:15+00:00\",\"description\":\"D\u00e9couvrez les principales caract\u00e9ristiques de la directive NIS2, son impact sur votre organisation et comment nous pouvons vous aider.\",\"breadcrumb\":{\"@id\":\"https:\\\/\\\/www.protect.airbus.com\\\/fr\\\/cybersecurite\\\/nis2\\\/#breadcrumb\"},\"inLanguage\":\"fr-FR\",\"potentialAction\":[{\"@type\":\"ReadAction\",\"target\":[\"https:\\\/\\\/www.protect.airbus.com\\\/fr\\\/cybersecurite\\\/nis2\\\/\"]}]},{\"@type\":\"ImageObject\",\"inLanguage\":\"fr-FR\",\"@id\":\"https:\\\/\\\/www.protect.airbus.com\\\/fr\\\/cybersecurite\\\/nis2\\\/#primaryimage\",\"url\":\"https:\\\/\\\/www.protect.airbus.com\\\/wp-content\\\/uploads\\\/revslider\\\/header-cybersecurity-en\\\/bg-cybersecurity.png\",\"contentUrl\":\"https:\\\/\\\/www.protect.airbus.com\\\/wp-content\\\/uploads\\\/revslider\\\/header-cybersecurity-en\\\/bg-cybersecurity.png\",\"width\":1920,\"height\":582},{\"@type\":\"BreadcrumbList\",\"@id\":\"https:\\\/\\\/www.protect.airbus.com\\\/fr\\\/cybersecurite\\\/nis2\\\/#breadcrumb\",\"itemListElement\":[{\"@type\":\"ListItem\",\"position\":1,\"name\":\"Home\",\"item\":\"https:\\\/\\\/www.protect.airbus.com\\\/fr\\\/\"},{\"@type\":\"ListItem\",\"position\":2,\"name\":\"Cybers\u00e9curit\u00e9\",\"item\":\"https:\\\/\\\/www.protect.airbus.com\\\/fr\\\/cybersecurite\\\/\"},{\"@type\":\"ListItem\",\"position\":3,\"name\":\"La directive NIS2 : assurer la conformit\u00e9\"}]},{\"@type\":\"WebSite\",\"@id\":\"https:\\\/\\\/www.protect.airbus.com\\\/fr\\\/#website\",\"url\":\"https:\\\/\\\/www.protect.airbus.com\\\/fr\\\/\",\"name\":\"Airbus Protect\",\"description\":\"\",\"publisher\":{\"@id\":\"https:\\\/\\\/www.protect.airbus.com\\\/fr\\\/#organization\"},\"potentialAction\":[{\"@type\":\"SearchAction\",\"target\":{\"@type\":\"EntryPoint\",\"urlTemplate\":\"https:\\\/\\\/www.protect.airbus.com\\\/fr\\\/?s={search_term_string}\"},\"query-input\":{\"@type\":\"PropertyValueSpecification\",\"valueRequired\":true,\"valueName\":\"search_term_string\"}}],\"inLanguage\":\"fr-FR\"},{\"@type\":\"Organization\",\"@id\":\"https:\\\/\\\/www.protect.airbus.com\\\/fr\\\/#organization\",\"name\":\"Airbus Protect\",\"url\":\"https:\\\/\\\/www.protect.airbus.com\\\/fr\\\/\",\"logo\":{\"@type\":\"ImageObject\",\"inLanguage\":\"fr-FR\",\"@id\":\"https:\\\/\\\/www.protect.airbus.com\\\/fr\\\/#\\\/schema\\\/logo\\\/image\\\/\",\"url\":\"https:\\\/\\\/www.protect.airbus.com\\\/wp-content\\\/uploads\\\/2023\\\/05\\\/logo-airbus-protect-696-696.png\",\"contentUrl\":\"https:\\\/\\\/www.protect.airbus.com\\\/wp-content\\\/uploads\\\/2023\\\/05\\\/logo-airbus-protect-696-696.png\",\"width\":696,\"height\":696,\"caption\":\"Airbus Protect\"},\"image\":{\"@id\":\"https:\\\/\\\/www.protect.airbus.com\\\/fr\\\/#\\\/schema\\\/logo\\\/image\\\/\"},\"sameAs\":[\"https:\\\/\\\/www.linkedin.com\\\/company\\\/airbus-protect\\\/\",\"https:\\\/\\\/www.youtube.com\\\/@airbusprotect7483\"],\"contactPoint\":{\"@type\":\"ContactPoint\",\"email\":\"protect@airbus.com\",\"contactType\":\"customer service\",\"areaServed\":[\"GB\",\"FR\",\"ES\",\"DE\",\"BE\",\"CH\",\"PT\",\"DK\",\"AT\"],\"availableLanguage\":[\"en\",\"fr\",\"de\"]}}]}<\/script>\n<!-- \/ Yoast SEO Premium plugin. -->","yoast_head_json":{"title":"La directive NIS2 : assurer la mise en conformit\u00e9","description":"D\u00e9couvrez les principales caract\u00e9ristiques de la directive NIS2, son impact sur votre organisation et comment nous pouvons vous aider.","robots":{"index":"index","follow":"follow","max-snippet":"max-snippet:-1","max-image-preview":"max-image-preview:large","max-video-preview":"max-video-preview:-1"},"canonical":"https:\/\/www.protect.airbus.com\/fr\/cybersecurite\/nis2\/","og_locale":"fr_FR","og_type":"article","og_title":"La directive NIS2 : assurer la conformit\u00e9","og_description":"D\u00e9couvrez les principales caract\u00e9ristiques de la directive NIS2, son impact sur votre organisation et comment nous pouvons vous aider.","og_url":"https:\/\/www.protect.airbus.com\/fr\/cybersecurite\/nis2\/","og_site_name":"Airbus Protect","article_modified_time":"2026-03-31T12:05:15+00:00","og_image":[{"width":1920,"height":582,"url":"https:\/\/www.protect.airbus.com\/wp-content\/uploads\/revslider\/header-cybersecurity-en\/bg-cybersecurity.png","type":"image\/png"}],"twitter_card":"summary_large_image","twitter_misc":{"Dur\u00e9e de lecture estim\u00e9e":"4 minutes"},"schema":{"@context":"https:\/\/schema.org","@graph":[{"@type":"Service","name":"La directive NIS2 : assurer la conformit\u00e9","url":"https:\/\/www.protect.airbus.com\/fr\/cybersecurite\/nis2\/","provider":{"@id":"https:\/\/www.protect.airbus.com\/#organization"},"description":""},{"@type":"WebPage","@id":"https:\/\/www.protect.airbus.com\/fr\/cybersecurite\/nis2\/","url":"https:\/\/www.protect.airbus.com\/fr\/cybersecurite\/nis2\/","name":"La directive NIS2 : assurer la mise en conformit\u00e9","isPartOf":{"@id":"https:\/\/www.protect.airbus.com\/fr\/#website"},"primaryImageOfPage":{"@id":"https:\/\/www.protect.airbus.com\/fr\/cybersecurite\/nis2\/#primaryimage"},"image":{"@id":"https:\/\/www.protect.airbus.com\/fr\/cybersecurite\/nis2\/#primaryimage"},"thumbnailUrl":"https:\/\/www.protect.airbus.com\/wp-content\/uploads\/revslider\/header-cybersecurity-en\/bg-cybersecurity.png","datePublished":"2024-06-14T12:39:24+00:00","dateModified":"2026-03-31T12:05:15+00:00","description":"D\u00e9couvrez les principales caract\u00e9ristiques de la directive NIS2, son impact sur votre organisation et comment nous pouvons vous aider.","breadcrumb":{"@id":"https:\/\/www.protect.airbus.com\/fr\/cybersecurite\/nis2\/#breadcrumb"},"inLanguage":"fr-FR","potentialAction":[{"@type":"ReadAction","target":["https:\/\/www.protect.airbus.com\/fr\/cybersecurite\/nis2\/"]}]},{"@type":"ImageObject","inLanguage":"fr-FR","@id":"https:\/\/www.protect.airbus.com\/fr\/cybersecurite\/nis2\/#primaryimage","url":"https:\/\/www.protect.airbus.com\/wp-content\/uploads\/revslider\/header-cybersecurity-en\/bg-cybersecurity.png","contentUrl":"https:\/\/www.protect.airbus.com\/wp-content\/uploads\/revslider\/header-cybersecurity-en\/bg-cybersecurity.png","width":1920,"height":582},{"@type":"BreadcrumbList","@id":"https:\/\/www.protect.airbus.com\/fr\/cybersecurite\/nis2\/#breadcrumb","itemListElement":[{"@type":"ListItem","position":1,"name":"Home","item":"https:\/\/www.protect.airbus.com\/fr\/"},{"@type":"ListItem","position":2,"name":"Cybers\u00e9curit\u00e9","item":"https:\/\/www.protect.airbus.com\/fr\/cybersecurite\/"},{"@type":"ListItem","position":3,"name":"La directive NIS2 : assurer la conformit\u00e9"}]},{"@type":"WebSite","@id":"https:\/\/www.protect.airbus.com\/fr\/#website","url":"https:\/\/www.protect.airbus.com\/fr\/","name":"Airbus Protect","description":"","publisher":{"@id":"https:\/\/www.protect.airbus.com\/fr\/#organization"},"potentialAction":[{"@type":"SearchAction","target":{"@type":"EntryPoint","urlTemplate":"https:\/\/www.protect.airbus.com\/fr\/?s={search_term_string}"},"query-input":{"@type":"PropertyValueSpecification","valueRequired":true,"valueName":"search_term_string"}}],"inLanguage":"fr-FR"},{"@type":"Organization","@id":"https:\/\/www.protect.airbus.com\/fr\/#organization","name":"Airbus Protect","url":"https:\/\/www.protect.airbus.com\/fr\/","logo":{"@type":"ImageObject","inLanguage":"fr-FR","@id":"https:\/\/www.protect.airbus.com\/fr\/#\/schema\/logo\/image\/","url":"https:\/\/www.protect.airbus.com\/wp-content\/uploads\/2023\/05\/logo-airbus-protect-696-696.png","contentUrl":"https:\/\/www.protect.airbus.com\/wp-content\/uploads\/2023\/05\/logo-airbus-protect-696-696.png","width":696,"height":696,"caption":"Airbus Protect"},"image":{"@id":"https:\/\/www.protect.airbus.com\/fr\/#\/schema\/logo\/image\/"},"sameAs":["https:\/\/www.linkedin.com\/company\/airbus-protect\/","https:\/\/www.youtube.com\/@airbusprotect7483"],"contactPoint":{"@type":"ContactPoint","email":"protect@airbus.com","contactType":"customer service","areaServed":["GB","FR","ES","DE","BE","CH","PT","DK","AT"],"availableLanguage":["en","fr","de"]}}]}},"_links":{"self":[{"href":"https:\/\/www.protect.airbus.com\/fr\/wp-json\/wp\/v2\/pages\/13017","targetHints":{"allow":["GET"]}}],"collection":[{"href":"https:\/\/www.protect.airbus.com\/fr\/wp-json\/wp\/v2\/pages"}],"about":[{"href":"https:\/\/www.protect.airbus.com\/fr\/wp-json\/wp\/v2\/types\/page"}],"author":[{"embeddable":true,"href":"https:\/\/www.protect.airbus.com\/fr\/wp-json\/wp\/v2\/users\/8"}],"replies":[{"embeddable":true,"href":"https:\/\/www.protect.airbus.com\/fr\/wp-json\/wp\/v2\/comments?post=13017"}],"version-history":[{"count":30,"href":"https:\/\/www.protect.airbus.com\/fr\/wp-json\/wp\/v2\/pages\/13017\/revisions"}],"predecessor-version":[{"id":18424,"href":"https:\/\/www.protect.airbus.com\/fr\/wp-json\/wp\/v2\/pages\/13017\/revisions\/18424"}],"up":[{"embeddable":true,"href":"https:\/\/www.protect.airbus.com\/fr\/wp-json\/wp\/v2\/pages\/6938"}],"wp:featuredmedia":[{"embeddable":true,"href":"https:\/\/www.protect.airbus.com\/fr\/wp-json\/wp\/v2\/media\/6467"}],"wp:attachment":[{"href":"https:\/\/www.protect.airbus.com\/fr\/wp-json\/wp\/v2\/media?parent=13017"}],"curies":[{"name":"wp","href":"https:\/\/api.w.org\/{rel}","templated":true}]}}