{"id":8775,"date":"2024-02-22T15:16:21","date_gmt":"2024-02-22T14:16:21","guid":{"rendered":"https:\/\/www.protect.airbus.com\/?page_id=8775"},"modified":"2024-02-29T14:08:31","modified_gmt":"2024-02-29T13:08:31","slug":"csr-strategie","status":"publish","type":"page","link":"https:\/\/www.protect.airbus.com\/de\/sustainability\/csr-strategie\/","title":{"rendered":"Entwicklung einer Nachhaltigkeits- und CSR-Strategie"},"content":{"rendered":"<div class=\"wpb-content-wrapper\"><p>[vc_row][vc_column][vc_column_text h2_style=&#8220;h2Big&#8220;]<\/p>\n<h2>\u00a0Nachhaltigkeit wird oft als Schl\u00fcssel f\u00fcr eine bessere Zukunft genannt, aber was bedeutet das?<\/h2>\n<p>[\/vc_column_text][vc_column_text p_style=&#8220;pBig&#8220;]<span style=\"font-weight: 400;\">Die Auswirkungen der Gesellschaft und der traditionellen Gesch\u00e4ftsmodelle auf unseren Planeten sind zu riskant geworden, um ignoriert zu werden. Der Klimawandel ist keine Bedrohung mehr, sondern Realit\u00e4t, und die Erde steht vor irreversiblen Ver\u00e4nderungen wie dem Verlust der biologischen Vielfalt, Massenaussterben, Wasserknappheit und der Ersch\u00f6pfung der nat\u00fcrlichen Ressourcen.<\/span><\/p>\n<p><span style=\"font-weight: 400;\">Um unseren Planeten und unsere Zukunft zu sichern, m\u00fcssen die Unternehmen ihr Gesch\u00e4ftsmodell \u00e4ndern und ihre Strategie \u00fcber das Gewinnstreben hinaus auf eine Strategie ausweiten, die einen positiven Beitrag f\u00fcr die Gesellschaft und die Umwelt leistet.\u00a0<\/span><\/p>\n<p><span style=\"font-weight: 400;\">In diesem Zusammenhang wurden die Begriffe &#8222;Nachhaltigkeit&#8220;, die ein breites Spektrum \u00f6kologischer und sozialer Herausforderungen umfasst, und &#8222;Corporate Social Responsibility&#8220; (CSR), die sich auf die ethische, soziale und \u00f6kologische Verantwortung von Unternehmen bezieht, eingef\u00fchrt.<\/span>[\/vc_column_text][vc_column_text]<\/p>\n<h3><b>Wir sind Wegbereiter<\/b><\/h3>\n<p>[\/vc_column_text][vc_column_text p_style=&#8220;pHighlight&#8220;]<span style=\"font-weight: 400;\">Nachhaltigkeit und Corporate Social Responsibility (CSR) m\u00fcssen ein zentraler Bestandteil der Unternehmensstrategie werden. Die Herausforderung besteht darin, von Absichten zu konkreten Verpflichtungen und Ma\u00dfnahmen \u00fcberzugehen, um eine echte Nachhaltigkeitstransformation zu erreichen.\u00a0<\/span><\/p>\n<p><span style=\"font-weight: 400;\">Mit unserem Expertenteam f\u00fcr Nachhaltigkeit k\u00f6nnen wir Ihr Unternehmen auf seinem Weg zur Nachhaltigkeit unterst\u00fctzen, indem wir Sie in verschiedenen Schl\u00fcsselbereichen fachkundig beraten.\u00a0<\/span><\/p>\n<p><span style=\"font-weight: 400;\">Von der Durchf\u00fchrung einer umfassenden Bewertung des aktuellen \u00f6kologischen Fu\u00dfabdrucks Ihres Unternehmens bis hin zur Unterst\u00fctzung bei der Umsetzung einer Strategie sind wir ein zuverl\u00e4ssiger Partner f\u00fcr jede Organisation, die ihre betriebliche Resilienz steigern und gleichzeitig die Einhaltung der Nachhaltigkeitsvorschriften verbessern m\u00f6chte.<\/span>[\/vc_column_text][vc_column_text]<\/p>\n<h3>Warum Airbus Protect?<\/h3>\n<p>[\/vc_column_text][vc_column_text p_style=&#8220;pHighlight&#8220;]<span style=\"font-weight: 400;\">Wir unterst\u00fctzen unsere Kunden bei der Bew\u00e4ltigung von Umwelt- und Sozialfragen in ihrem Arbeitsumfeld und bei ihren Kernt\u00e4tigkeiten. Unsere Dienstleistungen basieren auf:<\/span>[\/vc_column_text][vc_column_text]<\/p>\n<ul>\n<li><span style=\"font-weight: 400;\">Langj\u00e4hriger Erfahrung in einem breiten Spektrum von Industrien<\/span><\/li>\n<li><span style=\"font-weight: 400;\">Sicherstellung der Einhaltung der neuesten Umweltvorschriften<\/span><\/li>\n<li><span style=\"font-weight: 400;\">Identifizierung von Gesch\u00e4ftsrisiken und -chancen<\/span><\/li>\n<li><span style=\"font-weight: 400;\">F\u00f6rderung der ethischen, sozialen und \u00f6kologischen Verantwortung<\/span><\/li>\n<li><span style=\"font-weight: 400;\">F\u00f6rderung einer nachhaltigen Organisationskultur in Unternehmen<\/span><\/li>\n<\/ul>\n<p>[\/vc_column_text][vc_column_text]<\/p>\n<h3>Unser Angebot:<\/h3>\n<p>[\/vc_column_text][vc_column_text p_style=&#8220;pHighlight&#8220;]<span style=\"font-weight: 400;\">Unser Team aus hochqualifizierten Beratern, Experten und Ausbildern kann Sie bei der Integration von Nachhaltigkeit in Ihre Unternehmensstrategie unterst\u00fctzen und Ihre CSR- und Nachhaltigkeitsleistung verbessern und den Stakeholdern vermitteln. Unser Angebot umfasst:<\/span>[\/vc_column_text][vc_column_text]<\/p>\n<ul>\n<li><strong><span style=\"font-weight: 400;\">Definition der <\/span><b>Nachhaltigkeitsstrategie<\/b><span style=\"font-weight: 400;\"> und Umsetzung des <\/span><b>Fahrplans<\/b><\/strong><b><\/b><\/li>\n<li><b>Wesentlichkeitsbewertungen <\/b><span style=\"font-weight: 400;\">zahlreicher potenzieller Umwelt-, Sozial- und Governance-Aspekte<\/span><\/li>\n<li><span style=\"font-weight: 400;\">Beratung zu <\/span><b>Nachhaltigkeitsrisiken und zur Widerstandsf\u00e4higkeit der Wertsch\u00f6pfungskette<\/b><span style=\"font-weight: 400;\"> (kritische Rohstoffe, Sorgfaltspflicht der Lieferanten, Anf\u00e4lligkeit f\u00fcr den Klimawandel, Abh\u00e4ngigkeit von der biologischen Vielfalt &#8230;)<\/span><\/li>\n<li><span style=\"font-weight: 400;\">Entwicklung von <\/span><b>Materialien zur Sensibilisierung <\/b><span style=\"font-weight: 400;\">und <\/span><b>Schulungen<\/b><\/li>\n<\/ul>\n<p>[\/vc_column_text][\/vc_column][\/vc_row][vc_row][vc_column]    <div class=\"hightlightBracket\">\n        <div class=\"glyphe\"><\/div>\n        <div class=\"highlight\"><p>Nehmen Sie Kontakt auf und erfahren Sie, wie wir Sie unterst\u00fctzen k\u00f6nnen<\/p><\/div>\n    <\/div>\n    <div class=\"divBtCTA btAlignCenter\"><a href=\"https:\/\/www.protect.airbus.com\/de\/kontakt\/\"  class=\"button btAuto\">Kontakt aufnehmen<\/a><\/div><div class=\"whatsNew\" id=\"whatsnew_69e4a505787b0\">\n    <div class=\"lineTitleFilter\">\n        <div id=\"conteneur_h2_WhatsNew\"><h2>Was gibt&#039;s Neues?<\/h2><\/div>\n        <div id=\"conteneur_FiltreWhatsNew\">\n\t\t\t<div class=\"filterWhatsNew\"><span>Filter<\/span>\n\t\t\t\t<ul>\n\t\t\t\t\t<li><button type=\"button\" class=\"btFilter bfFilterNews\" onclick=\"fctFilterWhatsNew('news','sustainability-de','whatsnew_69e4a505787b0')\">News<\/button><\/li>\n\t\t\t\t\t<li><button type=\"button\" class=\"btFilter bfFilterWhitePaper\" onclick=\"fctFilterWhatsNew('whitepaper','sustainability-de','whatsnew_69e4a505787b0')\">White paper<\/button><\/li>\n\t\t\t\t\t<li><button type=\"button\" class=\"btFilter bfFilterBlog\" onclick=\"fctFilterWhatsNew('blog','sustainability-de','whatsnew_69e4a505787b0')\">Blog<\/button><\/li>\n\t\t\t\t\t<li><button type=\"button\" class=\"btFilter bfFilterEvent\" onclick=\"fctFilterWhatsNew('event','sustainability-de','whatsnew_69e4a505787b0')\">Events<\/button><\/li>\n\t\t\t\t<\/ul><\/div>\n\t\t\t<div id=\"whathsnew_glyphe\"><\/div>\n\t\t<\/div>\n    <\/div>\n\t\n    <div class=\"listWhatsNew\">\n    <article id=\"whatsnew_item_7247\">\n    <span class=\"whatsNewType\">Blog<\/span>\n    <a href=\"https:\/\/www.protect.airbus.com\/de\/blog\/women-in-stem-ibriza-industrial-risk-design-engineer\/\"><img loading=\"lazy\" decoding=\"async\" width=\"349\" height=\"189\" src=\"https:\/\/www.protect.airbus.com\/wp-content\/uploads\/2023\/07\/Women-in-STEM-Template-1-349x189.png\" class=\"attachment-post-bloc size-post-bloc wp-post-image\" alt=\"Women in STEM template\" \/><\/a>\n    <div class=\"titreWN\">Frauen im MINT-Bereich: Ibriza, Ingenieurin f\u00fcr industrielles Risikodesign<\/div>\n    <p><p>[vc_row][vc_column][vc_column_text] Ibriza Jouini kam im November 2022 zu Airbus Protect in Toulouse. In diesem Interview erkl\u00e4rt sie, was der Job eines Industrial Risk Engineer beinhaltet und gibt Frauen, die im Ingenieurwesen arbeiten wollen, wertvolle Tipps. K\u00f6nnen Sie Ihre Arbeit und Ihre t\u00e4glichen Aufgaben beschreiben? Ich bin Ingenieurin f\u00fcr industrielle Risikoforschung und zust\u00e4ndig f\u00fcr die Modellierung [&hellip;]<\/p>\n<\/p>\n        <div id=\"conteneur_btReadMore\"><a href=\"https:\/\/www.protect.airbus.com\/de\/blog\/women-in-stem-ibriza-industrial-risk-design-engineer\/\" class=\"btReadMore\">Mehr erfahren<\/a><\/div><\/article>\n<article id=\"whatsnew_item_24920\">\n    <span class=\"whatsNewType\">Blog<\/span>\n    <a href=\"https:\/\/www.protect.airbus.com\/de\/blog\/csr-strategie\/\"><img loading=\"lazy\" decoding=\"async\" width=\"349\" height=\"189\" src=\"https:\/\/www.protect.airbus.com\/wp-content\/uploads\/2024\/12\/blog-banner-25-349x189.png\" class=\"attachment-post-bloc size-post-bloc wp-post-image\" alt=\"CSR Best Practices\" \/><\/a>\n    <div class=\"titreWN\">Was sind die Best Practices zur Entwicklung Ihrer CSR-Strategie?<\/div>\n    <p><p>[vc_row][vc_column][vc_column_text] Was ist Corporate Social Responsibility? Corporate Social Responsibility ist ein unternehmerischer Ansatz, der alle Initiativen eines Unternehmens umfasst, um seine Auswirkungen auf soziale und \u00f6kologische Herausforderungen zu bewerten und Verantwortung daf\u00fcr zu \u00fcbernehmen. Im Wesentlichen geht es bei CSR darum, soziale und \u00f6kologische Belange in die Gesch\u00e4ftst\u00e4tigkeit und die Interaktionen eines Unternehmens mit seinen [&hellip;]<\/p>\n<\/p>\n        <div id=\"conteneur_btReadMore\"><a href=\"https:\/\/www.protect.airbus.com\/de\/blog\/csr-strategie\/\" class=\"btReadMore\">Mehr erfahren<\/a><\/div><\/article>\n<article id=\"whatsnew_item_8010\">\n    <span class=\"whatsNewType\">Blog<\/span>\n    <a href=\"https:\/\/www.protect.airbus.com\/de\/blog\/3-questions-1-expert-pierre-wolf\/\"><img loading=\"lazy\" decoding=\"async\" width=\"349\" height=\"189\" src=\"https:\/\/www.protect.airbus.com\/wp-content\/uploads\/2023\/03\/3-questions-1-expert-Pierre-Wolf-WEBSITE-349x189.png\" class=\"attachment-post-bloc size-post-bloc wp-post-image\" alt=\"Pierre Wolf, Line Manager at Airbus Protect\" \/><\/a>\n    <div class=\"titreWN\">3 Fragen, 1 Experte: Pierre Wolf, Line Manager Modelling<\/div>\n    <p><p>Lernen Sie Pierre Wolf, Line Manager Modelling bei Airbus Protect, kennen. Erz\u00e4hlen Sie uns kurz etwas \u00fcber Ihre Funktion als Line Manager Modelling. Als Ingenieur f\u00fcr industrielle Risikomodellierung bin ich daf\u00fcr zust\u00e4ndig, gef\u00e4hrliche Ph\u00e4nomene wie Br\u00e4nde, Explosionen und Giftwolken numerisch zu modellieren, um ihre potenziellen Auswirkungen zu simulieren. Die Ergebnisse meiner Analysen werden verwendet, um: [&hellip;]<\/p>\n<\/p>\n        <div id=\"conteneur_btReadMore\"><a href=\"https:\/\/www.protect.airbus.com\/de\/blog\/3-questions-1-expert-pierre-wolf\/\" class=\"btReadMore\">Mehr erfahren<\/a><\/div><\/article>\n    <\/div>\n    <div class=\"conteneurLineMoreInsight\"><div class=\"lineMoreInsight\"><a href=\"\/de\/insights\/\">Weitere Einblicke<\/a><\/div><\/div>\n<\/div>\n[\/vc_column][\/vc_row]<\/p>\n<\/div>","protected":false},"excerpt":{"rendered":"<p>[vc_row][vc_column][vc_column_text h2_style=&#8220;h2Big&#8220;] \u00a0Nachhaltigkeit wird oft als Schl\u00fcssel f\u00fcr eine bessere Zukunft genannt, aber was bedeutet das? [\/vc_column_text][vc_column_text p_style=&#8220;pBig&#8220;]Die Auswirkungen der Gesellschaft und der traditionellen Gesch\u00e4ftsmodelle auf unseren Planeten sind zu riskant geworden, um ignoriert zu werden. Der Klimawandel ist keine Bedrohung mehr, sondern Realit\u00e4t, und die Erde steht vor irreversiblen Ver\u00e4nderungen wie dem Verlust der [&hellip;]<\/p>\n","protected":false},"author":8,"featured_media":3837,"parent":7285,"menu_order":0,"comment_status":"closed","ping_status":"closed","template":"","meta":{"_acf_changed":false,"content-type":"","_relevanssi_hide_post":"","_relevanssi_hide_content":"","_relevanssi_pin_for_all":"","_relevanssi_pin_keywords":"","_relevanssi_unpin_keywords":"","_relevanssi_related_keywords":"","_relevanssi_related_include_ids":"","_relevanssi_related_exclude_ids":"","_relevanssi_related_no_append":"","_relevanssi_related_not_related":"","_relevanssi_related_posts":"","_relevanssi_noindex_reason":"","footnotes":""},"class_list":["post-8775","page","type-page","status-publish","has-post-thumbnail","hentry"],"acf":[],"yoast_head":"<!-- This site is optimized with the Yoast SEO Premium plugin v27.3 (Yoast SEO v27.3) - https:\/\/yoast.com\/product\/yoast-seo-premium-wordpress\/ -->\n<title>Entwicklung einer Nachhaltigkeits- und CSR-Strategie - Airbus Protect<\/title>\n<meta name=\"description\" content=\"Erfahren Sie, wie unsere Experten Sie bei der Entwicklung einer guten Nachhaltigkeits- und CSR-Strategie unterst\u00fctzen.\" \/>\n<meta name=\"robots\" content=\"index, follow, max-snippet:-1, max-image-preview:large, max-video-preview:-1\" \/>\n<link rel=\"canonical\" href=\"https:\/\/www.protect.airbus.com\/de\/sustainability\/csr-strategie\/\" \/>\n<meta property=\"og:locale\" content=\"de_DE\" \/>\n<meta property=\"og:type\" content=\"article\" \/>\n<meta property=\"og:title\" content=\"Entwicklung einer Nachhaltigkeits- und CSR-Strategie\" \/>\n<meta property=\"og:description\" content=\"Erfahren Sie, wie unsere Experten Sie bei der Entwicklung einer guten Nachhaltigkeits- und CSR-Strategie unterst\u00fctzen.\" \/>\n<meta property=\"og:url\" content=\"https:\/\/www.protect.airbus.com\/de\/sustainability\/csr-strategie\/\" \/>\n<meta property=\"og:site_name\" content=\"Airbus Protect\" \/>\n<meta property=\"article:modified_time\" content=\"2024-02-29T13:08:31+00:00\" \/>\n<meta property=\"og:image\" content=\"https:\/\/www.protect.airbus.com\/wp-content\/uploads\/2022\/06\/header-sustainability-sous-page.jpg\" \/>\n\t<meta property=\"og:image:width\" content=\"1920\" \/>\n\t<meta property=\"og:image:height\" content=\"358\" \/>\n\t<meta property=\"og:image:type\" content=\"image\/jpeg\" \/>\n<meta name=\"twitter:card\" content=\"summary_large_image\" \/>\n<meta name=\"twitter:label1\" content=\"Gesch\u00e4tzte Lesezeit\" \/>\n\t<meta name=\"twitter:data1\" content=\"2\u00a0Minuten\" \/>\n<script type=\"application\/ld+json\" class=\"yoast-schema-graph\">{\"@context\":\"https:\\\/\\\/schema.org\",\"@graph\":[{\"@type\":\"BlogPosting\",\"mainEntityOfPage\":{\"@type\":\"WebPage\",\"@id\":\"https:\\\/\\\/www.protect.airbus.com\\\/de\\\/sustainability\\\/csr-strategie\\\/\"},\"headline\":\"3 Fragen, 1 Experte: Pierre Wolf, Line Manager Modelling\",\"description\":\"\",\"author\":{\"@id\":\"https:\\\/\\\/www.protect.airbus.com\\\/#organization\"},\"publisher\":{\"@id\":\"https:\\\/\\\/www.protect.airbus.com\\\/#organization\"},\"image\":\"https:\\\/\\\/www.protect.airbus.com\\\/wp-content\\\/uploads\\\/2023\\\/03\\\/3-questions-1-expert-Pierre-Wolf-WEBSITE.png\",\"datePublished\":\"2024-02-22T14:16:21+00:00\",\"dateModified\":\"2024-02-29T13:08:31+00:00\"},{\"@type\":\"WebPage\",\"@id\":\"https:\\\/\\\/www.protect.airbus.com\\\/de\\\/sustainability\\\/csr-strategie\\\/\",\"url\":\"https:\\\/\\\/www.protect.airbus.com\\\/de\\\/sustainability\\\/csr-strategie\\\/\",\"name\":\"Entwicklung einer Nachhaltigkeits- und CSR-Strategie - Airbus Protect\",\"isPartOf\":{\"@id\":\"https:\\\/\\\/www.protect.airbus.com\\\/de\\\/#website\"},\"primaryImageOfPage\":{\"@id\":\"https:\\\/\\\/www.protect.airbus.com\\\/de\\\/sustainability\\\/csr-strategie\\\/#primaryimage\"},\"image\":{\"@id\":\"https:\\\/\\\/www.protect.airbus.com\\\/de\\\/sustainability\\\/csr-strategie\\\/#primaryimage\"},\"thumbnailUrl\":\"https:\\\/\\\/www.protect.airbus.com\\\/wp-content\\\/uploads\\\/2022\\\/06\\\/header-sustainability-sous-page.jpg\",\"datePublished\":\"2024-02-22T14:16:21+00:00\",\"dateModified\":\"2024-02-29T13:08:31+00:00\",\"description\":\"Erfahren Sie, wie unsere Experten Sie bei der Entwicklung einer guten Nachhaltigkeits- und CSR-Strategie unterst\u00fctzen.\",\"breadcrumb\":{\"@id\":\"https:\\\/\\\/www.protect.airbus.com\\\/de\\\/sustainability\\\/csr-strategie\\\/#breadcrumb\"},\"inLanguage\":\"de\",\"potentialAction\":[{\"@type\":\"ReadAction\",\"target\":[\"https:\\\/\\\/www.protect.airbus.com\\\/de\\\/sustainability\\\/csr-strategie\\\/\"]}]},{\"@type\":\"ImageObject\",\"inLanguage\":\"de\",\"@id\":\"https:\\\/\\\/www.protect.airbus.com\\\/de\\\/sustainability\\\/csr-strategie\\\/#primaryimage\",\"url\":\"https:\\\/\\\/www.protect.airbus.com\\\/wp-content\\\/uploads\\\/2022\\\/06\\\/header-sustainability-sous-page.jpg\",\"contentUrl\":\"https:\\\/\\\/www.protect.airbus.com\\\/wp-content\\\/uploads\\\/2022\\\/06\\\/header-sustainability-sous-page.jpg\",\"width\":1920,\"height\":358},{\"@type\":\"BreadcrumbList\",\"@id\":\"https:\\\/\\\/www.protect.airbus.com\\\/de\\\/sustainability\\\/csr-strategie\\\/#breadcrumb\",\"itemListElement\":[{\"@type\":\"ListItem\",\"position\":1,\"name\":\"Home\",\"item\":\"https:\\\/\\\/www.protect.airbus.com\\\/de\\\/\"},{\"@type\":\"ListItem\",\"position\":2,\"name\":\"Sustainability\",\"item\":\"https:\\\/\\\/www.protect.airbus.com\\\/de\\\/sustainability\\\/\"},{\"@type\":\"ListItem\",\"position\":3,\"name\":\"Entwicklung einer Nachhaltigkeits- und CSR-Strategie\"}]},{\"@type\":\"WebSite\",\"@id\":\"https:\\\/\\\/www.protect.airbus.com\\\/de\\\/#website\",\"url\":\"https:\\\/\\\/www.protect.airbus.com\\\/de\\\/\",\"name\":\"Airbus Protect\",\"description\":\"\",\"publisher\":{\"@id\":\"https:\\\/\\\/www.protect.airbus.com\\\/de\\\/#organization\"},\"potentialAction\":[{\"@type\":\"SearchAction\",\"target\":{\"@type\":\"EntryPoint\",\"urlTemplate\":\"https:\\\/\\\/www.protect.airbus.com\\\/de\\\/?s={search_term_string}\"},\"query-input\":{\"@type\":\"PropertyValueSpecification\",\"valueRequired\":true,\"valueName\":\"search_term_string\"}}],\"inLanguage\":\"de\"},{\"@type\":\"Organization\",\"@id\":\"https:\\\/\\\/www.protect.airbus.com\\\/de\\\/#organization\",\"name\":\"Airbus Protect\",\"url\":\"https:\\\/\\\/www.protect.airbus.com\\\/de\\\/\",\"logo\":{\"@type\":\"ImageObject\",\"inLanguage\":\"de\",\"@id\":\"https:\\\/\\\/www.protect.airbus.com\\\/de\\\/#\\\/schema\\\/logo\\\/image\\\/\",\"url\":\"https:\\\/\\\/www.protect.airbus.com\\\/wp-content\\\/uploads\\\/2023\\\/05\\\/logo-airbus-protect-696-696.png\",\"contentUrl\":\"https:\\\/\\\/www.protect.airbus.com\\\/wp-content\\\/uploads\\\/2023\\\/05\\\/logo-airbus-protect-696-696.png\",\"width\":696,\"height\":696,\"caption\":\"Airbus Protect\"},\"image\":{\"@id\":\"https:\\\/\\\/www.protect.airbus.com\\\/de\\\/#\\\/schema\\\/logo\\\/image\\\/\"},\"sameAs\":[\"https:\\\/\\\/www.linkedin.com\\\/company\\\/airbus-protect\\\/\",\"https:\\\/\\\/www.youtube.com\\\/@airbusprotect7483\"],\"contactPoint\":{\"@type\":\"ContactPoint\",\"email\":\"protect@airbus.com\",\"contactType\":\"customer service\",\"areaServed\":[\"GB\",\"FR\",\"ES\",\"DE\",\"BE\",\"CH\",\"PT\",\"DK\",\"AT\"],\"availableLanguage\":[\"en\",\"fr\",\"de\"]}}]}<\/script>\n<!-- \/ Yoast SEO Premium plugin. -->","yoast_head_json":{"title":"Entwicklung einer Nachhaltigkeits- und CSR-Strategie - Airbus Protect","description":"Erfahren Sie, wie unsere Experten Sie bei der Entwicklung einer guten Nachhaltigkeits- und CSR-Strategie unterst\u00fctzen.","robots":{"index":"index","follow":"follow","max-snippet":"max-snippet:-1","max-image-preview":"max-image-preview:large","max-video-preview":"max-video-preview:-1"},"canonical":"https:\/\/www.protect.airbus.com\/de\/sustainability\/csr-strategie\/","og_locale":"de_DE","og_type":"article","og_title":"Entwicklung einer Nachhaltigkeits- und CSR-Strategie","og_description":"Erfahren Sie, wie unsere Experten Sie bei der Entwicklung einer guten Nachhaltigkeits- und CSR-Strategie unterst\u00fctzen.","og_url":"https:\/\/www.protect.airbus.com\/de\/sustainability\/csr-strategie\/","og_site_name":"Airbus Protect","article_modified_time":"2024-02-29T13:08:31+00:00","og_image":[{"width":1920,"height":358,"url":"https:\/\/www.protect.airbus.com\/wp-content\/uploads\/2022\/06\/header-sustainability-sous-page.jpg","type":"image\/jpeg"}],"twitter_card":"summary_large_image","twitter_misc":{"Gesch\u00e4tzte Lesezeit":"2\u00a0Minuten"},"schema":{"@context":"https:\/\/schema.org","@graph":[{"@type":"BlogPosting","mainEntityOfPage":{"@type":"WebPage","@id":"https:\/\/www.protect.airbus.com\/de\/sustainability\/csr-strategie\/"},"headline":"3 Fragen, 1 Experte: Pierre Wolf, Line Manager Modelling","description":"","author":{"@id":"https:\/\/www.protect.airbus.com\/#organization"},"publisher":{"@id":"https:\/\/www.protect.airbus.com\/#organization"},"image":"https:\/\/www.protect.airbus.com\/wp-content\/uploads\/2023\/03\/3-questions-1-expert-Pierre-Wolf-WEBSITE.png","datePublished":"2024-02-22T14:16:21+00:00","dateModified":"2024-02-29T13:08:31+00:00"},{"@type":"WebPage","@id":"https:\/\/www.protect.airbus.com\/de\/sustainability\/csr-strategie\/","url":"https:\/\/www.protect.airbus.com\/de\/sustainability\/csr-strategie\/","name":"Entwicklung einer Nachhaltigkeits- und CSR-Strategie - Airbus Protect","isPartOf":{"@id":"https:\/\/www.protect.airbus.com\/de\/#website"},"primaryImageOfPage":{"@id":"https:\/\/www.protect.airbus.com\/de\/sustainability\/csr-strategie\/#primaryimage"},"image":{"@id":"https:\/\/www.protect.airbus.com\/de\/sustainability\/csr-strategie\/#primaryimage"},"thumbnailUrl":"https:\/\/www.protect.airbus.com\/wp-content\/uploads\/2022\/06\/header-sustainability-sous-page.jpg","datePublished":"2024-02-22T14:16:21+00:00","dateModified":"2024-02-29T13:08:31+00:00","description":"Erfahren Sie, wie unsere Experten Sie bei der Entwicklung einer guten Nachhaltigkeits- und CSR-Strategie unterst\u00fctzen.","breadcrumb":{"@id":"https:\/\/www.protect.airbus.com\/de\/sustainability\/csr-strategie\/#breadcrumb"},"inLanguage":"de","potentialAction":[{"@type":"ReadAction","target":["https:\/\/www.protect.airbus.com\/de\/sustainability\/csr-strategie\/"]}]},{"@type":"ImageObject","inLanguage":"de","@id":"https:\/\/www.protect.airbus.com\/de\/sustainability\/csr-strategie\/#primaryimage","url":"https:\/\/www.protect.airbus.com\/wp-content\/uploads\/2022\/06\/header-sustainability-sous-page.jpg","contentUrl":"https:\/\/www.protect.airbus.com\/wp-content\/uploads\/2022\/06\/header-sustainability-sous-page.jpg","width":1920,"height":358},{"@type":"BreadcrumbList","@id":"https:\/\/www.protect.airbus.com\/de\/sustainability\/csr-strategie\/#breadcrumb","itemListElement":[{"@type":"ListItem","position":1,"name":"Home","item":"https:\/\/www.protect.airbus.com\/de\/"},{"@type":"ListItem","position":2,"name":"Sustainability","item":"https:\/\/www.protect.airbus.com\/de\/sustainability\/"},{"@type":"ListItem","position":3,"name":"Entwicklung einer Nachhaltigkeits- und CSR-Strategie"}]},{"@type":"WebSite","@id":"https:\/\/www.protect.airbus.com\/de\/#website","url":"https:\/\/www.protect.airbus.com\/de\/","name":"Airbus Protect","description":"","publisher":{"@id":"https:\/\/www.protect.airbus.com\/de\/#organization"},"potentialAction":[{"@type":"SearchAction","target":{"@type":"EntryPoint","urlTemplate":"https:\/\/www.protect.airbus.com\/de\/?s={search_term_string}"},"query-input":{"@type":"PropertyValueSpecification","valueRequired":true,"valueName":"search_term_string"}}],"inLanguage":"de"},{"@type":"Organization","@id":"https:\/\/www.protect.airbus.com\/de\/#organization","name":"Airbus Protect","url":"https:\/\/www.protect.airbus.com\/de\/","logo":{"@type":"ImageObject","inLanguage":"de","@id":"https:\/\/www.protect.airbus.com\/de\/#\/schema\/logo\/image\/","url":"https:\/\/www.protect.airbus.com\/wp-content\/uploads\/2023\/05\/logo-airbus-protect-696-696.png","contentUrl":"https:\/\/www.protect.airbus.com\/wp-content\/uploads\/2023\/05\/logo-airbus-protect-696-696.png","width":696,"height":696,"caption":"Airbus Protect"},"image":{"@id":"https:\/\/www.protect.airbus.com\/de\/#\/schema\/logo\/image\/"},"sameAs":["https:\/\/www.linkedin.com\/company\/airbus-protect\/","https:\/\/www.youtube.com\/@airbusprotect7483"],"contactPoint":{"@type":"ContactPoint","email":"protect@airbus.com","contactType":"customer service","areaServed":["GB","FR","ES","DE","BE","CH","PT","DK","AT"],"availableLanguage":["en","fr","de"]}}]}},"_links":{"self":[{"href":"https:\/\/www.protect.airbus.com\/de\/wp-json\/wp\/v2\/pages\/8775","targetHints":{"allow":["GET"]}}],"collection":[{"href":"https:\/\/www.protect.airbus.com\/de\/wp-json\/wp\/v2\/pages"}],"about":[{"href":"https:\/\/www.protect.airbus.com\/de\/wp-json\/wp\/v2\/types\/page"}],"author":[{"embeddable":true,"href":"https:\/\/www.protect.airbus.com\/de\/wp-json\/wp\/v2\/users\/8"}],"replies":[{"embeddable":true,"href":"https:\/\/www.protect.airbus.com\/de\/wp-json\/wp\/v2\/comments?post=8775"}],"version-history":[{"count":2,"href":"https:\/\/www.protect.airbus.com\/de\/wp-json\/wp\/v2\/pages\/8775\/revisions"}],"predecessor-version":[{"id":8868,"href":"https:\/\/www.protect.airbus.com\/de\/wp-json\/wp\/v2\/pages\/8775\/revisions\/8868"}],"up":[{"embeddable":true,"href":"https:\/\/www.protect.airbus.com\/de\/wp-json\/wp\/v2\/pages\/7285"}],"wp:featuredmedia":[{"embeddable":true,"href":"https:\/\/www.protect.airbus.com\/de\/wp-json\/wp\/v2\/media\/3837"}],"wp:attachment":[{"href":"https:\/\/www.protect.airbus.com\/de\/wp-json\/wp\/v2\/media?parent=8775"}],"curies":[{"name":"wp","href":"https:\/\/api.w.org\/{rel}","templated":true}]}}