{"id":8611,"date":"2024-02-08T16:37:16","date_gmt":"2024-02-08T15:37:16","guid":{"rendered":"https:\/\/www.protect.airbus.com\/?page_id=8611"},"modified":"2026-03-25T15:05:39","modified_gmt":"2026-03-25T14:05:39","slug":"schulungsdienste","status":"publish","type":"page","link":"https:\/\/www.protect.airbus.com\/de\/uber-uns\/schulungsdienste\/","title":{"rendered":"Schulungsdienste"},"content":{"rendered":"<div class=\"wpb-content-wrapper\"><p>[vc_row][vc_column][vc_column_text p_style=&#8220;pChapeau&#8220;]<span style=\"font-weight: 400;\">Wissens- und Kompetenzentwicklung zur St\u00e4rkung Ihrer Teams<\/span>[\/vc_column_text][vc_column_text h2_style=&#8220;h2Big&#8220; p_style=&#8220;pHighlight&#8220;]<\/p>\n<h2>Cybersecurity- und Safety-Schulungen<\/h2>\n<p>In der komplexen, unbest\u00e4ndigen und schnelllebigen Gesch\u00e4ftswelt von heute sind kontinuierliche Schulungen und Weiterbildungen entscheidend, um sicherzustellen, dass Ihre Teams effektiv arbeiten und geltende Vorschriften einhalten.<\/p>\n<p>Unsere Schulungsprogramme in den Bereichen Cybersecurity und Sicherheit sollen Ihnen dabei helfen, genau das zu erreichen. Durch die Kombination von innovativem Fachwissen mit modernsten Inhalten und Lehrmethoden bieten wir eine einzigartige Lernerfahrung, die Ihre Mitarbeiterinnen und Mitarbeiter auf die n\u00e4chste Stufe bringt.<\/p>\n<p>Wir bieten eine Reihe von Standardschulungen und k\u00f6nnen in allen Bereichen ma\u00dfgeschneiderte Programme anbieten:<\/p>\n<ul>\n<li>Unsere Kurse in Cybersecurity reichen von Awareness-Schulungen bis hin zu realistischen Angriffssimulationen.<\/li>\n<\/ul>\n<p>[\/vc_column_text][\/vc_column][\/vc_row][vc_row full_width=&#8220;stretch_row&#8220; equal_height=&#8220;yes&#8220; content_placement=&#8220;top&#8220; css=&#8220;.vc_custom_1656315843162{background-image: url(https:\/\/www.protect.airbus.com\/wp-content\/uploads\/2022\/06\/bg-bloc-tls.jpg?id=1762) !important;background-position: center !important;background-repeat: no-repeat !important;background-size: cover !important;}&#8220;][vc_column width=&#8220;5\/12&#8243;][vc_column_text h2_style=&#8220;h2Big&#8220; p_style=&#8220;pHighlight&#8220;]<\/p>\n<h2>Entdecken Sie unser Angebot an Schulungen<\/h2>\n<p>Der Schulungskatalog umfasst unser Standardangebot an Schulungen zu Cybersecurity und Safety, Schulungen zu Methoden und Werkzeugen sowie unsere Schulungen zur Softwareinstandhaltung.[\/vc_column_text]<div class=\"divBtCTA btAlignCenter\"><a href=\"https:\/\/www.protect.airbus.com\/wp-content\/uploads\/2023\/05\/TRAINING-CATALOGUE-2026-INN_OT_24-00053_1.20-EN.pdf\" target=\"_blank\" class=\"button btIndustries\">Herunterladen<\/a><\/div>[\/vc_column][vc_column width=&#8220;7\/12&#8243;][vc_single_image image=&#8220;44991&#8243; img_size=&#8220;full&#8220; alignment=&#8220;center&#8220; onclick=&#8220;custom_link&#8220; img_link_target=&#8220;_blank&#8220; css=&#8220;&#8220; link=&#8220;https:\/\/www.protect.airbus.com\/wp-content\/uploads\/2023\/05\/TRAINING-CATALOGUE-2026-INN_OT_24-00053_1.20-EN.pdf&#8220;]<div class=\"divBtCTA btAlignCenter\"><a href=\"https:\/\/www.protect.airbus.com\/wp-content\/uploads\/2023\/05\/TRAINING-CATALOGUE-2026-INN_OT_24-00053_1.20-EN.pdf\" target=\"_blank\" class=\"button btGeneral\">Herunterladen<\/a><\/div>[\/vc_column][\/vc_row][vc_row][vc_column][vc_column_text h2_style=&#8220;h2Big&#8220; p_style=&#8220;pHighlight&#8220;]<\/p>\n<ul>\n<li><span style=\"font-weight: 400;\">Unsere Softwarekurse decken die Bereiche Flugzeugwartung, Sicherheitsanalyse, RAMS-Studien sowie Lieferketten- und Logistik-Modellierung ab<\/span><\/li>\n<li><span style=\"font-weight: 400;\">Unsere Kurse im Bereich Cybersecurity und Safety in der Luftfahrt reichen von Design Assurance bis zur Sicherstellung dauerhafter Flugt\u00fcchtigkeit, Zertifizierungen und Einhaltung von Vorschriften<\/span><\/li>\n<li><span style=\"font-weight: 400;\">Unsere Kurse im Bereich Air Traffic Management (ATM) \/ Unmanned Traffic Management (UTM) behandeln Awareness und Design Assurance<\/span><\/li>\n<\/ul>\n<p>[\/vc_column_text][\/vc_column][\/vc_row][vc_row equal_height=&#8220;yes&#8220; content_placement=&#8220;top&#8220; css=&#8220;.vc_custom_1656319724201{margin-top: 50px !important;margin-bottom: 50px !important;}&#8220;][vc_column width=&#8220;7\/12&#8243; css=&#8220;.vc_custom_1656319650636{margin-right: 15px !important;border-top-width: 1px !important;border-bottom-width: 1px !important;border-top-color: #e02e87 !important;border-top-style: solid !important;border-bottom-color: #e02e87 !important;border-bottom-style: solid !important;}&#8220;][vc_column_text p_style=&#8220;pHighlight&#8220; el_class=&#8220;sansMarginPaddingFirstP&#8220;]Neben unseren Standardschulungen bieten wir auch kundenindividuelle Schulungen an. Unser Schulungsangebot ist darauf ausgerichtet, Ihre Teams mit den Kompetenzen auszustatten, die sie ben\u00f6tigen, um die Herausforderungen an Unternehmen von heute und morgen zu meistern.<\/p>\n<p>Unsere Schulungen werden f\u00fcr alle Menschen durchgef\u00fchrt und k\u00f6nnen f\u00fcr besondere Bed\u00fcrfnisse und Behinderungen angepasst werden. F\u00fcr weitere Informationen kontaktieren Sie bitte unseren Inklusionsreferenten \u00fcber : <strong><a href=\"mailto:inclusion.protect@airbus.com\" target=\"_blank\" rel=\"noopener\">inclusion.protect@airbus.com<\/a><\/strong>[\/vc_column_text][\/vc_column][vc_column width=&#8220;5\/12&#8243; bg_style=&#8220;bgUniversGraphiqueCybersecurity&#8220; css=&#8220;.vc_custom_1656319144353{padding-top: 3% !important;padding-right: 5% !important;padding-bottom: 3% !important;padding-left: 5% !important;}&#8220;][vc_column_text h2_style=&#8220;h2Big&#8220; p_style=&#8220;pBig&#8220;]<b>Erfahren Sie, wie Sie Ihren Schulungsbedarf erf\u00fcllen k\u00f6nnen<\/b>[\/vc_column_text]<div class=\"divBtCTA btAlignRight\"><a href=\"https:\/\/www.protect.airbus.com\/wp-content\/uploads\/2023\/05\/TRAINING-CATALOGUE-2026-INN_OT_24-00053_1.20-EN.pdf\" target=\"_blank\" class=\"button btIndustries\">Kontaktieren aufnehmen<\/a><\/div>[\/vc_column][\/vc_row][vc_row disable_element=&#8220;yes&#8220;][vc_column][vc_column_text h2_style=&#8220;h2Big&#8220; p_style=&#8220;pHighlight&#8220;]<\/p>\n<h2>Our ethos: What\u2019s the difference between training and learning?<\/h2>\n<p>Although they\u2019re inextricably linked, training and learning have distinct roles in the education journey.<\/p>\n<p>Training is the process of receiving information and knowledge through spoken, written and other demonstrations<\/p>\n<p>Learning is the process of absorbing and anchoring information to increase skills and operate accordingly in real situations.[\/vc_column_text][vc_single_image image=&#8220;4531&#8243; img_size=&#8220;full&#8220; alignment=&#8220;center&#8220;][\/vc_column][\/vc_row][vc_row][vc_column][vc_column_text p_style=&#8220;pHighlight&#8220;]Wir sind stolz darauf, diese gro\u00dfartigen Resultate vorweisen zu k\u00f6nnen:[\/vc_column_text][\/vc_column][\/vc_row][vc_row disable_element=&#8220;yes&#8220;][vc_column width=&#8220;1\/3&#8243;]<div class=\"chiffreClef\">\n    <span class=\"titre\">Gesamtzufriedenheitsrate<\/span><span class=\"chiffreClef\">90.3%<\/span><\/div>[\/vc_column][vc_column width=&#8220;1\/3&#8243;]<div class=\"chiffreClef\">\n    <span class=\"titre\">Bewertung der Lehrmethodik<\/span><span class=\"chiffreClef\">9\/10<\/span><\/div>[\/vc_column][vc_column width=&#8220;1\/3&#8243;]<div class=\"chiffreClef\">\n    <span class=\"titre\">Geschulte Personen<\/span><span class=\"chiffreClef\">1,169<\/span><\/div>[\/vc_column][\/vc_row][vc_row][vc_column][vc_column_text css=&#8220;&#8220; h2_style=&#8220;h2Big&#8220; p_style=&#8220;pHighlight&#8220;]<\/p>\n<h2>Entdecken Sie unser vielf\u00e4ltiges Schulungsangebot<\/h2>\n<p>Das Kursangebot in 2025 umfasst Themen wie Sicherheit in der Luftfahrt, Luftverkehrsmanagement, Industrielle Sicherheit und vieles mehr. Wir bieten auch gerne dar\u00fcber hinausgehende Schulungen an, die auf die individuellen Bed\u00fcrfnisse Ihres Unternehmens zugeschnitten sind.[\/vc_column_text][\/vc_column][\/vc_row][vc_row][vc_column]<div class=\"blocMoreInfo\">\n    <h2 class=\"h2Big\">mehr zu [Schulungsdienste]<\/h2>[vc_column_text p_style=&#8220;pHighlight&#8220;]Nehmen Sie Kontakt auf und erfahren Sie, wie wir Sie unterst\u00fctzen k\u00f6nnen.[\/vc_column_text]<div class=\"divBtCTA btAlignCenter\"><a href=\"https:\/\/www.protect.airbus.com\/de\/kontakt-training\/\"  class=\"button btGeneral\">Kontakt aufnehmen<\/a><\/div>    <\/div>[\/vc_column][\/vc_row][vc_row][vc_column]<div class=\"whatsNew\" id=\"whatsnew_69e5735133f7d\">\n    <div class=\"lineTitleFilter\">\n        <div id=\"conteneur_h2_WhatsNew\"><h2>Was gibt&#039;s Neues?<\/h2><\/div>\n        <div id=\"conteneur_FiltreWhatsNew\">\n\t\t\t<div class=\"filterWhatsNew\"><span>Filter<\/span>\n\t\t\t\t<ul>\n\t\t\t\t\t<li><button type=\"button\" class=\"btFilter bfFilterNews\" onclick=\"fctFilterWhatsNew('news','allCategories','whatsnew_69e5735133f7d')\">News<\/button><\/li>\n\t\t\t\t\t<li><button type=\"button\" class=\"btFilter bfFilterWhitePaper\" onclick=\"fctFilterWhatsNew('whitepaper','allCategories','whatsnew_69e5735133f7d')\">White paper<\/button><\/li>\n\t\t\t\t\t<li><button type=\"button\" class=\"btFilter bfFilterBlog\" onclick=\"fctFilterWhatsNew('blog','allCategories','whatsnew_69e5735133f7d')\">Blog<\/button><\/li>\n\t\t\t\t\t<li><button type=\"button\" class=\"btFilter bfFilterEvent\" onclick=\"fctFilterWhatsNew('event','allCategories','whatsnew_69e5735133f7d')\">Events<\/button><\/li>\n\t\t\t\t<\/ul><\/div>\n\t\t\t<div id=\"whathsnew_glyphe\"><\/div>\n\t\t<\/div>\n    <\/div>\n\t\n    <div class=\"listWhatsNew\">\n    <article id=\"whatsnew_item_17427\">\n    <span class=\"whatsNewType\">Blog<\/span>\n    <a href=\"https:\/\/www.protect.airbus.com\/de\/blog\/airbus-protect-erklart-schwachstellenmanagement\/\"><img loading=\"lazy\" decoding=\"async\" width=\"349\" height=\"189\" src=\"https:\/\/www.protect.airbus.com\/wp-content\/uploads\/2024\/08\/blog-banner-20-349x189.png\" class=\"attachment-post-bloc size-post-bloc wp-post-image\" alt=\"Airbus Protect explains Vulnerability Management\" \/><\/a>\n    <div class=\"titreWN\">Airbus Protect erkl\u00e4rt: Schwachstellen management<\/div>\n    <p><p>[vc_row][vc_column][vc_column_text css=&#8220;&#8220; h3_couleur=&#8220;h3Cybersecurity&#8220;] Was ist Schwachstellenmanagement? Schwachstellenanalyst Pierre Louis Gensou kl\u00e4rt auf \u2026 Vulnerability Management und Vulnerability Intelligence sind wesentliche Bestandteile der IT-Sicherheit. Als Schwachstellenanalyst ist es meine Aufgabe, Sicherheitsl\u00fccken zu identifizieren, ihre Auswirkungen auf die von uns \u00fcberwachten Komponenten zu bewerten und Kunden \u00fcber die damit verbundenen Risiken zu informieren. Was ist eine Schwachstelle? [&hellip;]<\/p>\n<\/p>\n        <div id=\"conteneur_btReadMore\"><a href=\"https:\/\/www.protect.airbus.com\/de\/blog\/airbus-protect-erklart-schwachstellenmanagement\/\" class=\"btReadMore\">Mehr erfahren<\/a><\/div><\/article>\n<article id=\"whatsnew_item_8431\">\n    <span class=\"whatsNewType\">Blog<\/span>\n    <a href=\"https:\/\/www.protect.airbus.com\/de\/blog\/cyber-insights-pentesting-und-incident-response\/\"><img loading=\"lazy\" decoding=\"async\" width=\"349\" height=\"189\" src=\"https:\/\/www.protect.airbus.com\/wp-content\/uploads\/2024\/01\/photo-ir-pentest-349x189.png\" class=\"attachment-post-bloc size-post-bloc wp-post-image\" alt=\"Pentest and incident reponse interview\" \/><\/a>\n    <div class=\"titreWN\">Cyber Insights: Pentesting und Incident Response<\/div>\n    <p><p>Heute haben wir Felix, Penetrationstester, und Philipp, Cyber Security Incident Responder, gebeten, \u00fcber ihren Job und ihr t\u00e4gliches Miteinander zu sprechen. Als Cyber-Experten bei Airbus Protect. K\u00f6nnt ihr uns euren Job erkl\u00e4ren? Felix: Als Penetrationstester ist es meine Aufgabe, Cyber-Angriffe auf Systeme, Netzwerke oder Anwendungen in einer kontrollierten Umgebung zu simulieren, um Schwachstellen aufzudecken, bevor [&hellip;]<\/p>\n<\/p>\n        <div id=\"conteneur_btReadMore\"><a href=\"https:\/\/www.protect.airbus.com\/de\/blog\/cyber-insights-pentesting-und-incident-response\/\" class=\"btReadMore\">Mehr erfahren<\/a><\/div><\/article>\n<article id=\"whatsnew_item_50576\">\n    <span class=\"whatsNewType\">White papers<\/span>\n    <a href=\"https:\/\/www.protect.airbus.com\/de\/whitepaper\/supporting-climate-change-adaptation-and-resilience-in-the-aviation-sector\/\"><img loading=\"lazy\" decoding=\"async\" width=\"349\" height=\"189\" src=\"https:\/\/www.protect.airbus.com\/wp-content\/uploads\/2026\/02\/Events-2-349x189.png\" class=\"attachment-post-bloc size-post-bloc wp-post-image\" alt=\"Supporting climate \nchange adaptation \nand resilience in the \naviation sector\" \/><\/a>\n    <div class=\"titreWN\">Supporting climate change adaptation and resilience in the aviation sector<\/div>\n    <p>In this White Paper, our experts leverage predictive modeling to strengthen aviation resilience against climate change. \r\nWhile mitigation is vital, our study of the top 30 U.S. airports highlights a 14% rise in weather-related cancellations, demanding adaptation. \r\nThis white paper provides actionable foresight into risks like extreme heat and infrastructure flooding. We empower stakeholders to identify critical thresholds and future-proof operations through industry-specific, data-driven insights.<\/p><div id=\"conteneur_btReadMore\"><a href=\"https:\/\/www.protect.airbus.com\/wp-content\/uploads\/2026\/02\/22-10-2025-APSC-AIRBUS_PROTECT_WHITEPAPER_Supporting-climate-change-adaptation-and-resilience-in-the-aviation-sector-A4-36pp-Print-iPDF-1.pdf\" class=\"button btReadMore\" target=\"_blank\">Herunterladen<\/a><\/div><\/article>\n    <\/div>\n    <div class=\"conteneurLineMoreInsight\"><div class=\"lineMoreInsight\"><a href=\"\/de\/insights\/\">Weitere Einblicke<\/a><\/div><\/div>\n<\/div>\n[\/vc_column][\/vc_row]<\/p>\n<\/div>","protected":false},"excerpt":{"rendered":"<p>[vc_row][vc_column][vc_column_text p_style=&#8220;pChapeau&#8220;]Wissens- und Kompetenzentwicklung zur St\u00e4rkung Ihrer Teams[\/vc_column_text][vc_column_text h2_style=&#8220;h2Big&#8220; p_style=&#8220;pHighlight&#8220;] Cybersecurity- und Safety-Schulungen In der komplexen, unbest\u00e4ndigen und schnelllebigen Gesch\u00e4ftswelt von heute sind kontinuierliche Schulungen und Weiterbildungen entscheidend, um sicherzustellen, dass Ihre Teams effektiv arbeiten und geltende Vorschriften einhalten. Unsere Schulungsprogramme in den Bereichen Cybersecurity und Sicherheit sollen Ihnen dabei helfen, genau das zu erreichen. [&hellip;]<\/p>\n","protected":false},"author":8,"featured_media":45002,"parent":5846,"menu_order":0,"comment_status":"closed","ping_status":"closed","template":"","meta":{"_acf_changed":false,"content-type":"","_relevanssi_hide_post":"","_relevanssi_hide_content":"","_relevanssi_pin_for_all":"","_relevanssi_pin_keywords":"","_relevanssi_unpin_keywords":"","_relevanssi_related_keywords":"","_relevanssi_related_include_ids":"","_relevanssi_related_exclude_ids":"","_relevanssi_related_no_append":"","_relevanssi_related_not_related":"","_relevanssi_related_posts":"","_relevanssi_noindex_reason":"","footnotes":""},"class_list":["post-8611","page","type-page","status-publish","has-post-thumbnail","hentry"],"acf":[],"yoast_head":"<!-- This site is optimized with the Yoast SEO Premium plugin v27.3 (Yoast SEO v27.3) - https:\/\/yoast.com\/product\/yoast-seo-premium-wordpress\/ -->\n<title>Schulungsdienste - Airbus Protect<\/title>\n<meta name=\"robots\" content=\"index, follow, max-snippet:-1, max-image-preview:large, max-video-preview:-1\" \/>\n<link rel=\"canonical\" href=\"https:\/\/www.protect.airbus.com\/de\/uber-uns\/schulungsdienste\/\" \/>\n<meta property=\"og:locale\" content=\"de_DE\" \/>\n<meta property=\"og:type\" content=\"article\" \/>\n<meta property=\"og:title\" content=\"Schulungsdienste\" \/>\n<meta property=\"og:description\" content=\"[vc_row][vc_column][vc_column_text p_style=&#8220;pChapeau&#8220;]Wissens- und Kompetenzentwicklung zur St\u00e4rkung Ihrer Teams[\/vc_column_text][vc_column_text h2_style=&#8220;h2Big&#8220; p_style=&#8220;pHighlight&#8220;] Cybersecurity- und Safety-Schulungen In der komplexen, unbest\u00e4ndigen und schnelllebigen Gesch\u00e4ftswelt von heute sind kontinuierliche Schulungen und Weiterbildungen entscheidend, um sicherzustellen, dass Ihre Teams effektiv arbeiten und geltende Vorschriften einhalten. Unsere Schulungsprogramme in den Bereichen Cybersecurity und Sicherheit sollen Ihnen dabei helfen, genau das zu erreichen. [&hellip;]\" \/>\n<meta property=\"og:url\" content=\"https:\/\/www.protect.airbus.com\/de\/uber-uns\/schulungsdienste\/\" \/>\n<meta property=\"og:site_name\" content=\"Airbus Protect\" \/>\n<meta property=\"article:modified_time\" content=\"2026-03-25T14:05:39+00:00\" \/>\n<meta property=\"og:image\" content=\"https:\/\/www.protect.airbus.com\/wp-content\/uploads\/2024\/01\/AdobeStock_369977292-1024x646.jpeg\" \/>\n\t<meta property=\"og:image:width\" content=\"1024\" \/>\n\t<meta property=\"og:image:height\" content=\"646\" \/>\n\t<meta property=\"og:image:type\" content=\"image\/jpeg\" \/>\n<meta name=\"twitter:card\" content=\"summary_large_image\" \/>\n<meta name=\"twitter:label1\" content=\"Gesch\u00e4tzte Lesezeit\" \/>\n\t<meta name=\"twitter:data1\" content=\"3\u00a0Minuten\" \/>\n<script type=\"application\/ld+json\" class=\"yoast-schema-graph\">{\"@context\":\"https:\\\/\\\/schema.org\",\"@graph\":[{\"@type\":\"WebPage\",\"@id\":\"https:\\\/\\\/www.protect.airbus.com\\\/de\\\/uber-uns\\\/schulungsdienste\\\/\",\"url\":\"https:\\\/\\\/www.protect.airbus.com\\\/de\\\/uber-uns\\\/schulungsdienste\\\/\",\"name\":\"Schulungsdienste - Airbus Protect\",\"isPartOf\":{\"@id\":\"https:\\\/\\\/www.protect.airbus.com\\\/de\\\/#website\"},\"primaryImageOfPage\":{\"@id\":\"https:\\\/\\\/www.protect.airbus.com\\\/de\\\/uber-uns\\\/schulungsdienste\\\/#primaryimage\"},\"image\":{\"@id\":\"https:\\\/\\\/www.protect.airbus.com\\\/de\\\/uber-uns\\\/schulungsdienste\\\/#primaryimage\"},\"thumbnailUrl\":\"https:\\\/\\\/www.protect.airbus.com\\\/wp-content\\\/uploads\\\/2026\\\/01\\\/fond-couverture-catalogue-2026.png\",\"datePublished\":\"2024-02-08T15:37:16+00:00\",\"dateModified\":\"2026-03-25T14:05:39+00:00\",\"breadcrumb\":{\"@id\":\"https:\\\/\\\/www.protect.airbus.com\\\/de\\\/uber-uns\\\/schulungsdienste\\\/#breadcrumb\"},\"inLanguage\":\"de\",\"potentialAction\":[{\"@type\":\"ReadAction\",\"target\":[\"https:\\\/\\\/www.protect.airbus.com\\\/de\\\/uber-uns\\\/schulungsdienste\\\/\"]}]},{\"@type\":\"ImageObject\",\"inLanguage\":\"de\",\"@id\":\"https:\\\/\\\/www.protect.airbus.com\\\/de\\\/uber-uns\\\/schulungsdienste\\\/#primaryimage\",\"url\":\"https:\\\/\\\/www.protect.airbus.com\\\/wp-content\\\/uploads\\\/2026\\\/01\\\/fond-couverture-catalogue-2026.png\",\"contentUrl\":\"https:\\\/\\\/www.protect.airbus.com\\\/wp-content\\\/uploads\\\/2026\\\/01\\\/fond-couverture-catalogue-2026.png\",\"width\":1408,\"height\":925},{\"@type\":\"BreadcrumbList\",\"@id\":\"https:\\\/\\\/www.protect.airbus.com\\\/de\\\/uber-uns\\\/schulungsdienste\\\/#breadcrumb\",\"itemListElement\":[{\"@type\":\"ListItem\",\"position\":1,\"name\":\"Home\",\"item\":\"https:\\\/\\\/www.protect.airbus.com\\\/de\\\/\"},{\"@type\":\"ListItem\",\"position\":2,\"name\":\"\u00dcber uns\",\"item\":\"https:\\\/\\\/www.protect.airbus.com\\\/de\\\/uber-uns\\\/\"},{\"@type\":\"ListItem\",\"position\":3,\"name\":\"Schulungsdienste\"}]},{\"@type\":\"WebSite\",\"@id\":\"https:\\\/\\\/www.protect.airbus.com\\\/de\\\/#website\",\"url\":\"https:\\\/\\\/www.protect.airbus.com\\\/de\\\/\",\"name\":\"Airbus Protect\",\"description\":\"\",\"publisher\":{\"@id\":\"https:\\\/\\\/www.protect.airbus.com\\\/de\\\/#organization\"},\"potentialAction\":[{\"@type\":\"SearchAction\",\"target\":{\"@type\":\"EntryPoint\",\"urlTemplate\":\"https:\\\/\\\/www.protect.airbus.com\\\/de\\\/?s={search_term_string}\"},\"query-input\":{\"@type\":\"PropertyValueSpecification\",\"valueRequired\":true,\"valueName\":\"search_term_string\"}}],\"inLanguage\":\"de\"},{\"@type\":\"Organization\",\"@id\":\"https:\\\/\\\/www.protect.airbus.com\\\/de\\\/#organization\",\"name\":\"Airbus Protect\",\"url\":\"https:\\\/\\\/www.protect.airbus.com\\\/de\\\/\",\"logo\":{\"@type\":\"ImageObject\",\"inLanguage\":\"de\",\"@id\":\"https:\\\/\\\/www.protect.airbus.com\\\/de\\\/#\\\/schema\\\/logo\\\/image\\\/\",\"url\":\"https:\\\/\\\/www.protect.airbus.com\\\/wp-content\\\/uploads\\\/2023\\\/05\\\/logo-airbus-protect-696-696.png\",\"contentUrl\":\"https:\\\/\\\/www.protect.airbus.com\\\/wp-content\\\/uploads\\\/2023\\\/05\\\/logo-airbus-protect-696-696.png\",\"width\":696,\"height\":696,\"caption\":\"Airbus Protect\"},\"image\":{\"@id\":\"https:\\\/\\\/www.protect.airbus.com\\\/de\\\/#\\\/schema\\\/logo\\\/image\\\/\"},\"sameAs\":[\"https:\\\/\\\/www.linkedin.com\\\/company\\\/airbus-protect\\\/\",\"https:\\\/\\\/www.youtube.com\\\/@airbusprotect7483\"],\"contactPoint\":{\"@type\":\"ContactPoint\",\"email\":\"protect@airbus.com\",\"contactType\":\"customer service\",\"areaServed\":[\"GB\",\"FR\",\"ES\",\"DE\",\"BE\",\"CH\",\"PT\",\"DK\",\"AT\"],\"availableLanguage\":[\"en\",\"fr\",\"de\"]}}]}<\/script>\n<!-- \/ Yoast SEO Premium plugin. -->","yoast_head_json":{"title":"Schulungsdienste - Airbus Protect","robots":{"index":"index","follow":"follow","max-snippet":"max-snippet:-1","max-image-preview":"max-image-preview:large","max-video-preview":"max-video-preview:-1"},"canonical":"https:\/\/www.protect.airbus.com\/de\/uber-uns\/schulungsdienste\/","og_locale":"de_DE","og_type":"article","og_title":"Schulungsdienste","og_description":"[vc_row][vc_column][vc_column_text p_style=&#8220;pChapeau&#8220;]Wissens- und Kompetenzentwicklung zur St\u00e4rkung Ihrer Teams[\/vc_column_text][vc_column_text h2_style=&#8220;h2Big&#8220; p_style=&#8220;pHighlight&#8220;] Cybersecurity- und Safety-Schulungen In der komplexen, unbest\u00e4ndigen und schnelllebigen Gesch\u00e4ftswelt von heute sind kontinuierliche Schulungen und Weiterbildungen entscheidend, um sicherzustellen, dass Ihre Teams effektiv arbeiten und geltende Vorschriften einhalten. Unsere Schulungsprogramme in den Bereichen Cybersecurity und Sicherheit sollen Ihnen dabei helfen, genau das zu erreichen. [&hellip;]","og_url":"https:\/\/www.protect.airbus.com\/de\/uber-uns\/schulungsdienste\/","og_site_name":"Airbus Protect","article_modified_time":"2026-03-25T14:05:39+00:00","og_image":[{"width":1024,"height":646,"url":"https:\/\/www.protect.airbus.com\/wp-content\/uploads\/2024\/01\/AdobeStock_369977292-1024x646.jpeg","type":"image\/jpeg"}],"twitter_card":"summary_large_image","twitter_misc":{"Gesch\u00e4tzte Lesezeit":"3\u00a0Minuten"},"schema":{"@context":"https:\/\/schema.org","@graph":[{"@type":"WebPage","@id":"https:\/\/www.protect.airbus.com\/de\/uber-uns\/schulungsdienste\/","url":"https:\/\/www.protect.airbus.com\/de\/uber-uns\/schulungsdienste\/","name":"Schulungsdienste - Airbus Protect","isPartOf":{"@id":"https:\/\/www.protect.airbus.com\/de\/#website"},"primaryImageOfPage":{"@id":"https:\/\/www.protect.airbus.com\/de\/uber-uns\/schulungsdienste\/#primaryimage"},"image":{"@id":"https:\/\/www.protect.airbus.com\/de\/uber-uns\/schulungsdienste\/#primaryimage"},"thumbnailUrl":"https:\/\/www.protect.airbus.com\/wp-content\/uploads\/2026\/01\/fond-couverture-catalogue-2026.png","datePublished":"2024-02-08T15:37:16+00:00","dateModified":"2026-03-25T14:05:39+00:00","breadcrumb":{"@id":"https:\/\/www.protect.airbus.com\/de\/uber-uns\/schulungsdienste\/#breadcrumb"},"inLanguage":"de","potentialAction":[{"@type":"ReadAction","target":["https:\/\/www.protect.airbus.com\/de\/uber-uns\/schulungsdienste\/"]}]},{"@type":"ImageObject","inLanguage":"de","@id":"https:\/\/www.protect.airbus.com\/de\/uber-uns\/schulungsdienste\/#primaryimage","url":"https:\/\/www.protect.airbus.com\/wp-content\/uploads\/2026\/01\/fond-couverture-catalogue-2026.png","contentUrl":"https:\/\/www.protect.airbus.com\/wp-content\/uploads\/2026\/01\/fond-couverture-catalogue-2026.png","width":1408,"height":925},{"@type":"BreadcrumbList","@id":"https:\/\/www.protect.airbus.com\/de\/uber-uns\/schulungsdienste\/#breadcrumb","itemListElement":[{"@type":"ListItem","position":1,"name":"Home","item":"https:\/\/www.protect.airbus.com\/de\/"},{"@type":"ListItem","position":2,"name":"\u00dcber uns","item":"https:\/\/www.protect.airbus.com\/de\/uber-uns\/"},{"@type":"ListItem","position":3,"name":"Schulungsdienste"}]},{"@type":"WebSite","@id":"https:\/\/www.protect.airbus.com\/de\/#website","url":"https:\/\/www.protect.airbus.com\/de\/","name":"Airbus Protect","description":"","publisher":{"@id":"https:\/\/www.protect.airbus.com\/de\/#organization"},"potentialAction":[{"@type":"SearchAction","target":{"@type":"EntryPoint","urlTemplate":"https:\/\/www.protect.airbus.com\/de\/?s={search_term_string}"},"query-input":{"@type":"PropertyValueSpecification","valueRequired":true,"valueName":"search_term_string"}}],"inLanguage":"de"},{"@type":"Organization","@id":"https:\/\/www.protect.airbus.com\/de\/#organization","name":"Airbus Protect","url":"https:\/\/www.protect.airbus.com\/de\/","logo":{"@type":"ImageObject","inLanguage":"de","@id":"https:\/\/www.protect.airbus.com\/de\/#\/schema\/logo\/image\/","url":"https:\/\/www.protect.airbus.com\/wp-content\/uploads\/2023\/05\/logo-airbus-protect-696-696.png","contentUrl":"https:\/\/www.protect.airbus.com\/wp-content\/uploads\/2023\/05\/logo-airbus-protect-696-696.png","width":696,"height":696,"caption":"Airbus Protect"},"image":{"@id":"https:\/\/www.protect.airbus.com\/de\/#\/schema\/logo\/image\/"},"sameAs":["https:\/\/www.linkedin.com\/company\/airbus-protect\/","https:\/\/www.youtube.com\/@airbusprotect7483"],"contactPoint":{"@type":"ContactPoint","email":"protect@airbus.com","contactType":"customer service","areaServed":["GB","FR","ES","DE","BE","CH","PT","DK","AT"],"availableLanguage":["en","fr","de"]}}]}},"_links":{"self":[{"href":"https:\/\/www.protect.airbus.com\/de\/wp-json\/wp\/v2\/pages\/8611","targetHints":{"allow":["GET"]}}],"collection":[{"href":"https:\/\/www.protect.airbus.com\/de\/wp-json\/wp\/v2\/pages"}],"about":[{"href":"https:\/\/www.protect.airbus.com\/de\/wp-json\/wp\/v2\/types\/page"}],"author":[{"embeddable":true,"href":"https:\/\/www.protect.airbus.com\/de\/wp-json\/wp\/v2\/users\/8"}],"replies":[{"embeddable":true,"href":"https:\/\/www.protect.airbus.com\/de\/wp-json\/wp\/v2\/comments?post=8611"}],"version-history":[{"count":1,"href":"https:\/\/www.protect.airbus.com\/de\/wp-json\/wp\/v2\/pages\/8611\/revisions"}],"predecessor-version":[{"id":45009,"href":"https:\/\/www.protect.airbus.com\/de\/wp-json\/wp\/v2\/pages\/8611\/revisions\/45009"}],"up":[{"embeddable":true,"href":"https:\/\/www.protect.airbus.com\/de\/wp-json\/wp\/v2\/pages\/5846"}],"wp:featuredmedia":[{"embeddable":true,"href":"https:\/\/www.protect.airbus.com\/de\/wp-json\/wp\/v2\/media\/45002"}],"wp:attachment":[{"href":"https:\/\/www.protect.airbus.com\/de\/wp-json\/wp\/v2\/media?parent=8611"}],"curies":[{"name":"wp","href":"https:\/\/api.w.org\/{rel}","templated":true}]}}