{"id":8553,"date":"2024-01-30T17:11:45","date_gmt":"2024-01-30T16:11:45","guid":{"rendered":"https:\/\/www.protect.airbus.com\/?page_id=8553"},"modified":"2024-08-01T16:20:14","modified_gmt":"2024-08-01T14:20:14","slug":"ecodesign-lebenszyklusanalyse","status":"publish","type":"page","link":"https:\/\/www.protect.airbus.com\/de\/sustainability\/ecodesign-lebenszyklusanalyse\/","title":{"rendered":"Ecodesign und Lebenszyklusanalyse"},"content":{"rendered":"<div class=\"wpb-content-wrapper\"><p>[vc_row][vc_column][vc_column_text h2_style=&#8220;h2Big&#8220; css=&#8220;.vc_custom_1692197537730{margin-bottom: 0px !important;padding-bottom: 0px !important;}&#8220;]<\/p>\n<h2>Etablierung der Nachhaltigkeit als funktionale Anforderung in allen End-to-End-Gesch\u00e4ftsprozessen (in allen Phasen des Lebenszyklus einer Initiative)<\/h2>\n<p>[\/vc_column_text][vc_column_text p_style=&#8220;pBig&#8220;]In allen Branchen h\u00e4ngt das Erreichen von Umweltzielen von der F\u00e4higkeit ab, die Nachhaltigkeitsleistung zu bewerten und Bereiche mit Verbesserungspotenzial zu ermitteln<\/p>\n<p>Neben der schrittweisen Verbesserung bestehender Prozesse und Systeme erfordern die Bem\u00fchungen um den globalen \u00f6kologischen Fu\u00dfabdruck auch neue Produkte und Dienstleistungen, die von vornherein nachhaltig sind.[\/vc_column_text][vc_column_text h2_style=&#8220;h2Big&#8220; css=&#8220;.vc_custom_1692197572256{margin-bottom: 0px !important;padding-bottom: 0px !important;}&#8220;]<\/p>\n<h3>Wir sind Wegbereiter<\/h3>\n<p>[\/vc_column_text][vc_column_text p_style=&#8220;pHighlight&#8220;]Unsere Consultants k\u00f6nnen Ihnen dabei helfen, die Umweltbelastungen im Zusammenhang mit Waren und Dienstleistungen, die Umweltvorteile, die Zielkonflikte sowie die Verbesserungspotenziale unter Ber\u00fccksichtigung des gesamten Lebenszyklus eines Produkts zu quantifizieren; au\u00dferdem k\u00f6nnen sie industrielle Prozesse und Infrastrukturen bewerten und Sie beraten, wie deren Auswirkungen auf die lokale und globale Umwelt minimiert werden k\u00f6nnen.[\/vc_column_text][vc_column_text h2_style=&#8220;h2Big&#8220; css=&#8220;.vc_custom_1692197598856{margin-bottom: 0px !important;padding-bottom: 0px !important;}&#8220;]<\/p>\n<h3>Warum Airbus Protect?<\/h3>\n<p>[\/vc_column_text][vc_column_text p_style=&#8220;pHighlight&#8220;]To ensure sustainability compliance across business operations, we focus on the following areas:[\/vc_column_text][vc_column_text]<\/p>\n<ul>\n<li><span style=\"font-weight: 400;\">Designing a service or product by reconciling sustainability and financial cost<\/span><\/li>\n<li style=\"font-weight: 400;\" aria-level=\"1\"><span style=\"font-weight: 400;\">Developing a toolbox or a simplified tool\/method adapted to the organization needs and constraints<\/span><\/li>\n<li style=\"font-weight: 400;\" aria-level=\"1\"><span style=\"font-weight: 400;\">Ensuring regulatory compliance<\/span><\/li>\n<li style=\"font-weight: 400;\" aria-level=\"1\"><span style=\"font-weight: 400;\">Protecting reputations<\/span><\/li>\n<li aria-level=\"1\"><span style=\"font-weight: 400;\">Enhancing sustainability ratings<\/span><\/li>\n<li aria-level=\"1\"><span style=\"font-weight: 400;\">Fostering a culture of business and climate resilience<\/span><\/li>\n<\/ul>\n<p>[\/vc_column_text][vc_column_text h2_style=&#8220;h2Big&#8220; css=&#8220;.vc_custom_1692198137160{margin-bottom: 0px !important;padding-bottom: 0px !important;}&#8220;]<\/p>\n<h3>Unser Angebot<\/h3>\n<p>[\/vc_column_text][vc_column_text p_style=&#8220;pHighlight&#8220;]Unser Angebot umfasst:[\/vc_column_text][vc_column_text]<\/p>\n<ul>\n<li style=\"font-weight: 400;\" aria-level=\"1\"><span style=\"font-weight: 400;\">Modellierung von Umweltrisiken und -auswirkungen<\/span><\/li>\n<li style=\"font-weight: 400;\" aria-level=\"1\"><span style=\"font-weight: 400;\">Umweltvertr\u00e4glichkeitspr\u00fcfung mit mehreren Kriterien<\/span><\/li>\n<li style=\"font-weight: 400;\" aria-level=\"1\"><span style=\"font-weight: 400;\">Lebenszyklusanalyse (LCA)<\/span><\/li>\n<li style=\"font-weight: 400;\" aria-level=\"1\"><span style=\"font-weight: 400;\">Wertanalyse, Design-to-Cost, Materialflusskostenrechnung (MFCA)<\/span><\/li>\n<li style=\"font-weight: 400;\" aria-level=\"1\"><span style=\"font-weight: 400;\">Risikobewertung f\u00fcr Industrie- und Energiewendeanlagen<\/span><\/li>\n<li style=\"font-weight: 400;\" aria-level=\"1\"><span style=\"font-weight: 400;\">Hebel zur Verbesserung der Nachhaltigkeitsleistung<\/span><\/li>\n<\/ul>\n<p>[\/vc_column_text]    <div class=\"hightlightBracket\">\n        <div class=\"glyphe\"><\/div>\n        <div class=\"highlight\"><p>Nehmen Sie Kontakt auf und erfahren Sie, wie wir Sie unterst\u00fctzen k\u00f6nnen<\/p><\/div>\n    <\/div>\n    <div class=\"divBtCTA btAlignCenter\"><a href=\"https:\/\/www.protect.airbus.com\/de\/kontakt\/\"  class=\"button btAuto\">Kontakt aufnehmen<\/a><\/div><div class=\"whatsNew\" id=\"whatsnew_6a01f462b997d\">\n    <div class=\"lineTitleFilter\">\n        <div id=\"conteneur_h2_WhatsNew\"><h2>Was gibt&#039;s Neues?<\/h2><\/div>\n        <div id=\"conteneur_FiltreWhatsNew\">\n\t\t\t<div class=\"filterWhatsNew\"><span>Filter<\/span>\n\t\t\t\t<ul>\n\t\t\t\t\t<li><button type=\"button\" class=\"btFilter bfFilterNews\" onclick=\"fctFilterWhatsNew('news','allCategories','whatsnew_6a01f462b997d')\">News<\/button><\/li>\n\t\t\t\t\t<li><button type=\"button\" class=\"btFilter bfFilterWhitePaper\" onclick=\"fctFilterWhatsNew('whitepaper','allCategories','whatsnew_6a01f462b997d')\">White paper<\/button><\/li>\n\t\t\t\t\t<li><button type=\"button\" class=\"btFilter bfFilterBlog\" onclick=\"fctFilterWhatsNew('blog','allCategories','whatsnew_6a01f462b997d')\">Blog<\/button><\/li>\n\t\t\t\t\t<li><button type=\"button\" class=\"btFilter bfFilterEvent\" onclick=\"fctFilterWhatsNew('event','allCategories','whatsnew_6a01f462b997d')\">Events<\/button><\/li>\n\t\t\t\t<\/ul><\/div>\n\t\t\t<div id=\"whathsnew_glyphe\"><\/div>\n\t\t<\/div>\n    <\/div>\n\t\n    <div class=\"listWhatsNew\">\n    <article id=\"whatsnew_item_50570\">\n    <span class=\"whatsNewType\">White papers<\/span>\n    <a href=\"https:\/\/www.protect.airbus.com\/de\/whitepaper\/supply-chain-cybersecurity\/\"><img loading=\"lazy\" decoding=\"async\" width=\"349\" height=\"189\" src=\"https:\/\/www.protect.airbus.com\/wp-content\/uploads\/2025\/07\/supply-chain-349x189.jpg\" class=\"attachment-post-bloc size-post-bloc wp-post-image\" alt=\"supply chain\" \/><\/a>\n    <div class=\"titreWN\">Supply Chain Cybersecurity<\/div>\n    <p>In an era of increasing digitalisation and globalisation, businesses are increasingly reliant on complex and dispersed supply chains. While this strategy offers numerous benefits, it also exposes organisations to significant new risks, particularly in the realm of cybersecurity. This white paper explores why supply chain cybersecurity management has become crucial and proposes concrete strategies to address this complex challenge.<\/p><div id=\"conteneur_btReadMore\"><a href=\"https:\/\/www.protect.airbus.com\/wp-content\/uploads\/2025\/07\/AIRBUS_PROTECT_WHITEPAPER_SUPPLYCHAIN_WEB.pdf\" class=\"button btReadMore\" target=\"_blank\">Herunterladen<\/a><\/div><\/article>\n<article id=\"whatsnew_item_7254\">\n    <span class=\"whatsNewType\">Blog<\/span>\n    <a href=\"https:\/\/www.protect.airbus.com\/de\/blog\/3-questions-1-expert-nicolas-blanquet-integrated-modular-avionics-engineer\/\"><img loading=\"lazy\" decoding=\"async\" width=\"349\" height=\"189\" src=\"https:\/\/www.protect.airbus.com\/wp-content\/uploads\/2023\/06\/3-question-1-expert-349x189.png\" class=\"attachment-post-bloc size-post-bloc wp-post-image\" alt=\"Nicolas Blanquet, Expert at Airbus Protect\" \/><\/a>\n    <div class=\"titreWN\">3 Fragen, 1 Experte: Nicolas Blanquet, Ingenieur f\u00fcr integrierte modulare Avionik<\/div>\n    <p><p>[vc_row][vc_column][vc_column_text] Lernen Sie Nicolas kennen, Architekt f\u00fcr Modulintegration bei Airbus Protect in Toulouse, Frankreich. Erz\u00e4hlen Sie uns etwas \u00fcber Ihre Rolle.\u00a0 Ich bin ein Modulintegrationsarchitekt, der sich auf integrierte modulare Avioniksysteme (IMA) spezialisiert hat. Was ist ein IMA-System, h\u00f6re ich Sie fragen?\u00a0 Kurz gesagt, ist ein IMA-Modul ein fortschrittliches Avioniksystem, das in der Luftfahrtindustrie eingesetzt [&hellip;]<\/p>\n<\/p>\n        <div id=\"conteneur_btReadMore\"><a href=\"https:\/\/www.protect.airbus.com\/de\/blog\/3-questions-1-expert-nicolas-blanquet-integrated-modular-avionics-engineer\/\" class=\"btReadMore\">Mehr erfahren<\/a><\/div><\/article>\n<article id=\"whatsnew_item_6577\">\n    <span class=\"whatsNewType\">Blog<\/span>\n    <a href=\"https:\/\/www.protect.airbus.com\/de\/blog\/safety-101-die-terminologie-der-betriebssicherheit-verstehen\/\"><img loading=\"lazy\" decoding=\"async\" width=\"349\" height=\"189\" src=\"https:\/\/www.protect.airbus.com\/wp-content\/uploads\/2023\/07\/safety1-349x189.png\" class=\"attachment-post-bloc size-post-bloc wp-post-image\" alt=\"Safety 101\" \/><\/a>\n    <div class=\"titreWN\">Safety 101: Die Terminologie der Betriebssicherheit verstehen<\/div>\n    <p><p>[vc_row][vc_column][vc_column_text][vc_row][vc_column width=&#8220;1\/1&#8243;][vc_column_text] MBSA, SMS, ATM&#8230; Verstehen Sie alle Akronyme im Sicherheitsumfeld? Wenn nicht, machen Sie sich keine Sorgen. Hier ist Ihr Leitfaden. Zun\u00e4chst einmal: Was genau verstehen wir unter Sicherheit? Die Gew\u00e4hrleistung der Sicherheit in den Bereichen Luft- und Raumfahrt, Verkehr, Energie und Verteidigung ist von entscheidender Bedeutung. Sie erfordert ein Team von Branchenexperten, Ingenieuren [&hellip;]<\/p>\n<\/p>\n        <div id=\"conteneur_btReadMore\"><a href=\"https:\/\/www.protect.airbus.com\/de\/blog\/safety-101-die-terminologie-der-betriebssicherheit-verstehen\/\" class=\"btReadMore\">Mehr erfahren<\/a><\/div><\/article>\n    <\/div>\n    <div class=\"conteneurLineMoreInsight\"><div class=\"lineMoreInsight\"><a href=\"\/de\/insights\/\">Weitere Einblicke<\/a><\/div><\/div>\n<\/div>\n[\/vc_column][\/vc_row]<\/p>\n<\/div>","protected":false},"excerpt":{"rendered":"<p>[vc_row][vc_column][vc_column_text h2_style=&#8220;h2Big&#8220; css=&#8220;.vc_custom_1692197537730{margin-bottom: 0px !important;padding-bottom: 0px !important;}&#8220;] Etablierung der Nachhaltigkeit als funktionale Anforderung in allen End-to-End-Gesch\u00e4ftsprozessen (in allen Phasen des Lebenszyklus einer Initiative) [\/vc_column_text][vc_column_text p_style=&#8220;pBig&#8220;]In allen Branchen h\u00e4ngt das Erreichen von Umweltzielen von der F\u00e4higkeit ab, die Nachhaltigkeitsleistung zu bewerten und Bereiche mit Verbesserungspotenzial zu ermitteln Neben der schrittweisen Verbesserung bestehender Prozesse und Systeme erfordern [&hellip;]<\/p>\n","protected":false},"author":8,"featured_media":3837,"parent":7285,"menu_order":0,"comment_status":"closed","ping_status":"closed","template":"","meta":{"_acf_changed":false,"content-type":"","_relevanssi_hide_post":"","_relevanssi_hide_content":"","_relevanssi_pin_for_all":"","_relevanssi_pin_keywords":"","_relevanssi_unpin_keywords":"","_relevanssi_related_keywords":"","_relevanssi_related_include_ids":"","_relevanssi_related_exclude_ids":"","_relevanssi_related_no_append":"","_relevanssi_related_not_related":"","_relevanssi_related_posts":"","_relevanssi_noindex_reason":"","footnotes":""},"class_list":["post-8553","page","type-page","status-publish","has-post-thumbnail","hentry"],"acf":[],"yoast_head":"<!-- This site is optimized with the Yoast SEO Premium plugin v27.5 (Yoast SEO v27.5) - https:\/\/yoast.com\/product\/yoast-seo-premium-wordpress\/ -->\n<title>Ecodesign und Lebenszyklusanalyse - Airbus Protect<\/title>\n<meta name=\"description\" content=\"Unsere Berater k\u00f6nnen Ihnen helfen, die Umweltbelastungen unter Ber\u00fccksichtigung des gesamten life cycle des Produkts zu quantifizier\" \/>\n<meta name=\"robots\" content=\"index, follow, max-snippet:-1, max-image-preview:large, max-video-preview:-1\" \/>\n<link rel=\"canonical\" href=\"https:\/\/www.protect.airbus.com\/de\/sustainability\/ecodesign-lebenszyklusanalyse\/\" \/>\n<meta property=\"og:locale\" content=\"de_DE\" \/>\n<meta property=\"og:type\" content=\"article\" \/>\n<meta property=\"og:title\" content=\"Ecodesign und Lebenszyklusanalyse\" \/>\n<meta property=\"og:description\" content=\"Unsere Berater k\u00f6nnen Ihnen helfen, die Umweltbelastungen unter Ber\u00fccksichtigung des gesamten life cycle des Produkts zu quantifizier\" \/>\n<meta property=\"og:url\" content=\"https:\/\/www.protect.airbus.com\/de\/sustainability\/ecodesign-lebenszyklusanalyse\/\" \/>\n<meta property=\"og:site_name\" content=\"Airbus Protect\" \/>\n<meta property=\"article:modified_time\" content=\"2024-08-01T14:20:14+00:00\" \/>\n<meta property=\"og:image\" content=\"https:\/\/www.protect.airbus.com\/wp-content\/uploads\/2022\/06\/header-sustainability-sous-page.jpg\" \/>\n\t<meta property=\"og:image:width\" content=\"1920\" \/>\n\t<meta property=\"og:image:height\" content=\"358\" \/>\n\t<meta property=\"og:image:type\" content=\"image\/jpeg\" \/>\n<meta name=\"twitter:card\" content=\"summary_large_image\" \/>\n<meta name=\"twitter:label1\" content=\"Gesch\u00e4tzte Lesezeit\" \/>\n\t<meta name=\"twitter:data1\" content=\"2\u00a0Minuten\" \/>\n<script type=\"application\/ld+json\" class=\"yoast-schema-graph\">{\"@context\":\"https:\\\/\\\/schema.org\",\"@graph\":[{\"@type\":\"BlogPosting\",\"mainEntityOfPage\":{\"@type\":\"WebPage\",\"@id\":\"https:\\\/\\\/www.protect.airbus.com\\\/de\\\/sustainability\\\/ecodesign-lebenszyklusanalyse\\\/\"},\"headline\":\"Safety 101: Die Terminologie der Betriebssicherheit verstehen\",\"description\":\"\",\"author\":{\"@id\":\"https:\\\/\\\/www.protect.airbus.com\\\/#organization\"},\"publisher\":{\"@id\":\"https:\\\/\\\/www.protect.airbus.com\\\/#organization\"},\"image\":\"https:\\\/\\\/www.protect.airbus.com\\\/wp-content\\\/uploads\\\/2023\\\/07\\\/safety1.png\",\"datePublished\":\"2024-01-30T16:11:45+00:00\",\"dateModified\":\"2024-08-01T14:20:14+00:00\"},{\"@type\":\"WebPage\",\"@id\":\"https:\\\/\\\/www.protect.airbus.com\\\/de\\\/sustainability\\\/ecodesign-lebenszyklusanalyse\\\/\",\"url\":\"https:\\\/\\\/www.protect.airbus.com\\\/de\\\/sustainability\\\/ecodesign-lebenszyklusanalyse\\\/\",\"name\":\"Ecodesign und Lebenszyklusanalyse - Airbus Protect\",\"isPartOf\":{\"@id\":\"https:\\\/\\\/www.protect.airbus.com\\\/de\\\/#website\"},\"primaryImageOfPage\":{\"@id\":\"https:\\\/\\\/www.protect.airbus.com\\\/de\\\/sustainability\\\/ecodesign-lebenszyklusanalyse\\\/#primaryimage\"},\"image\":{\"@id\":\"https:\\\/\\\/www.protect.airbus.com\\\/de\\\/sustainability\\\/ecodesign-lebenszyklusanalyse\\\/#primaryimage\"},\"thumbnailUrl\":\"https:\\\/\\\/www.protect.airbus.com\\\/wp-content\\\/uploads\\\/2022\\\/06\\\/header-sustainability-sous-page.jpg\",\"datePublished\":\"2024-01-30T16:11:45+00:00\",\"dateModified\":\"2024-08-01T14:20:14+00:00\",\"description\":\"Unsere Berater k\u00f6nnen Ihnen helfen, die Umweltbelastungen unter Ber\u00fccksichtigung des gesamten life cycle des Produkts zu quantifizier\",\"breadcrumb\":{\"@id\":\"https:\\\/\\\/www.protect.airbus.com\\\/de\\\/sustainability\\\/ecodesign-lebenszyklusanalyse\\\/#breadcrumb\"},\"inLanguage\":\"de\",\"potentialAction\":[{\"@type\":\"ReadAction\",\"target\":[\"https:\\\/\\\/www.protect.airbus.com\\\/de\\\/sustainability\\\/ecodesign-lebenszyklusanalyse\\\/\"]}]},{\"@type\":\"ImageObject\",\"inLanguage\":\"de\",\"@id\":\"https:\\\/\\\/www.protect.airbus.com\\\/de\\\/sustainability\\\/ecodesign-lebenszyklusanalyse\\\/#primaryimage\",\"url\":\"https:\\\/\\\/www.protect.airbus.com\\\/wp-content\\\/uploads\\\/2022\\\/06\\\/header-sustainability-sous-page.jpg\",\"contentUrl\":\"https:\\\/\\\/www.protect.airbus.com\\\/wp-content\\\/uploads\\\/2022\\\/06\\\/header-sustainability-sous-page.jpg\",\"width\":1920,\"height\":358},{\"@type\":\"BreadcrumbList\",\"@id\":\"https:\\\/\\\/www.protect.airbus.com\\\/de\\\/sustainability\\\/ecodesign-lebenszyklusanalyse\\\/#breadcrumb\",\"itemListElement\":[{\"@type\":\"ListItem\",\"position\":1,\"name\":\"Home\",\"item\":\"https:\\\/\\\/www.protect.airbus.com\\\/de\\\/airbus-protect\\\/\"},{\"@type\":\"ListItem\",\"position\":2,\"name\":\"Sustainability\",\"item\":\"https:\\\/\\\/www.protect.airbus.com\\\/de\\\/sustainability\\\/\"},{\"@type\":\"ListItem\",\"position\":3,\"name\":\"Ecodesign und Lebenszyklusanalyse\"}]},{\"@type\":\"WebSite\",\"@id\":\"https:\\\/\\\/www.protect.airbus.com\\\/de\\\/#website\",\"url\":\"https:\\\/\\\/www.protect.airbus.com\\\/de\\\/\",\"name\":\"Airbus Protect\",\"description\":\"\",\"publisher\":{\"@id\":\"https:\\\/\\\/www.protect.airbus.com\\\/de\\\/#organization\"},\"potentialAction\":[{\"@type\":\"SearchAction\",\"target\":{\"@type\":\"EntryPoint\",\"urlTemplate\":\"https:\\\/\\\/www.protect.airbus.com\\\/de\\\/?s={search_term_string}\"},\"query-input\":{\"@type\":\"PropertyValueSpecification\",\"valueRequired\":true,\"valueName\":\"search_term_string\"}}],\"inLanguage\":\"de\"},{\"@type\":\"Organization\",\"@id\":\"https:\\\/\\\/www.protect.airbus.com\\\/de\\\/#organization\",\"name\":\"Airbus Protect\",\"url\":\"https:\\\/\\\/www.protect.airbus.com\\\/de\\\/\",\"logo\":{\"@type\":\"ImageObject\",\"inLanguage\":\"de\",\"@id\":\"https:\\\/\\\/www.protect.airbus.com\\\/de\\\/#\\\/schema\\\/logo\\\/image\\\/\",\"url\":\"https:\\\/\\\/www.protect.airbus.com\\\/wp-content\\\/uploads\\\/2023\\\/05\\\/logo-airbus-protect-696-696.png\",\"contentUrl\":\"https:\\\/\\\/www.protect.airbus.com\\\/wp-content\\\/uploads\\\/2023\\\/05\\\/logo-airbus-protect-696-696.png\",\"width\":696,\"height\":696,\"caption\":\"Airbus Protect\"},\"image\":{\"@id\":\"https:\\\/\\\/www.protect.airbus.com\\\/de\\\/#\\\/schema\\\/logo\\\/image\\\/\"},\"sameAs\":[\"https:\\\/\\\/www.linkedin.com\\\/company\\\/airbus-protect\\\/\",\"https:\\\/\\\/www.youtube.com\\\/@airbusprotect7483\"],\"contactPoint\":{\"@type\":\"ContactPoint\",\"email\":\"protect@airbus.com\",\"contactType\":\"customer service\",\"areaServed\":[\"GB\",\"FR\",\"ES\",\"DE\",\"BE\",\"CH\",\"PT\",\"DK\",\"AT\"],\"availableLanguage\":[\"en\",\"fr\",\"de\"]}}]}<\/script>\n<!-- \/ Yoast SEO Premium plugin. -->","yoast_head_json":{"title":"Ecodesign und Lebenszyklusanalyse - Airbus Protect","description":"Unsere Berater k\u00f6nnen Ihnen helfen, die Umweltbelastungen unter Ber\u00fccksichtigung des gesamten life cycle des Produkts zu quantifizier","robots":{"index":"index","follow":"follow","max-snippet":"max-snippet:-1","max-image-preview":"max-image-preview:large","max-video-preview":"max-video-preview:-1"},"canonical":"https:\/\/www.protect.airbus.com\/de\/sustainability\/ecodesign-lebenszyklusanalyse\/","og_locale":"de_DE","og_type":"article","og_title":"Ecodesign und Lebenszyklusanalyse","og_description":"Unsere Berater k\u00f6nnen Ihnen helfen, die Umweltbelastungen unter Ber\u00fccksichtigung des gesamten life cycle des Produkts zu quantifizier","og_url":"https:\/\/www.protect.airbus.com\/de\/sustainability\/ecodesign-lebenszyklusanalyse\/","og_site_name":"Airbus Protect","article_modified_time":"2024-08-01T14:20:14+00:00","og_image":[{"width":1920,"height":358,"url":"https:\/\/www.protect.airbus.com\/wp-content\/uploads\/2022\/06\/header-sustainability-sous-page.jpg","type":"image\/jpeg"}],"twitter_card":"summary_large_image","twitter_misc":{"Gesch\u00e4tzte Lesezeit":"2\u00a0Minuten"},"schema":{"@context":"https:\/\/schema.org","@graph":[{"@type":"BlogPosting","mainEntityOfPage":{"@type":"WebPage","@id":"https:\/\/www.protect.airbus.com\/de\/sustainability\/ecodesign-lebenszyklusanalyse\/"},"headline":"Safety 101: Die Terminologie der Betriebssicherheit verstehen","description":"","author":{"@id":"https:\/\/www.protect.airbus.com\/#organization"},"publisher":{"@id":"https:\/\/www.protect.airbus.com\/#organization"},"image":"https:\/\/www.protect.airbus.com\/wp-content\/uploads\/2023\/07\/safety1.png","datePublished":"2024-01-30T16:11:45+00:00","dateModified":"2024-08-01T14:20:14+00:00"},{"@type":"WebPage","@id":"https:\/\/www.protect.airbus.com\/de\/sustainability\/ecodesign-lebenszyklusanalyse\/","url":"https:\/\/www.protect.airbus.com\/de\/sustainability\/ecodesign-lebenszyklusanalyse\/","name":"Ecodesign und Lebenszyklusanalyse - Airbus Protect","isPartOf":{"@id":"https:\/\/www.protect.airbus.com\/de\/#website"},"primaryImageOfPage":{"@id":"https:\/\/www.protect.airbus.com\/de\/sustainability\/ecodesign-lebenszyklusanalyse\/#primaryimage"},"image":{"@id":"https:\/\/www.protect.airbus.com\/de\/sustainability\/ecodesign-lebenszyklusanalyse\/#primaryimage"},"thumbnailUrl":"https:\/\/www.protect.airbus.com\/wp-content\/uploads\/2022\/06\/header-sustainability-sous-page.jpg","datePublished":"2024-01-30T16:11:45+00:00","dateModified":"2024-08-01T14:20:14+00:00","description":"Unsere Berater k\u00f6nnen Ihnen helfen, die Umweltbelastungen unter Ber\u00fccksichtigung des gesamten life cycle des Produkts zu quantifizier","breadcrumb":{"@id":"https:\/\/www.protect.airbus.com\/de\/sustainability\/ecodesign-lebenszyklusanalyse\/#breadcrumb"},"inLanguage":"de","potentialAction":[{"@type":"ReadAction","target":["https:\/\/www.protect.airbus.com\/de\/sustainability\/ecodesign-lebenszyklusanalyse\/"]}]},{"@type":"ImageObject","inLanguage":"de","@id":"https:\/\/www.protect.airbus.com\/de\/sustainability\/ecodesign-lebenszyklusanalyse\/#primaryimage","url":"https:\/\/www.protect.airbus.com\/wp-content\/uploads\/2022\/06\/header-sustainability-sous-page.jpg","contentUrl":"https:\/\/www.protect.airbus.com\/wp-content\/uploads\/2022\/06\/header-sustainability-sous-page.jpg","width":1920,"height":358},{"@type":"BreadcrumbList","@id":"https:\/\/www.protect.airbus.com\/de\/sustainability\/ecodesign-lebenszyklusanalyse\/#breadcrumb","itemListElement":[{"@type":"ListItem","position":1,"name":"Home","item":"https:\/\/www.protect.airbus.com\/de\/airbus-protect\/"},{"@type":"ListItem","position":2,"name":"Sustainability","item":"https:\/\/www.protect.airbus.com\/de\/sustainability\/"},{"@type":"ListItem","position":3,"name":"Ecodesign und Lebenszyklusanalyse"}]},{"@type":"WebSite","@id":"https:\/\/www.protect.airbus.com\/de\/#website","url":"https:\/\/www.protect.airbus.com\/de\/","name":"Airbus Protect","description":"","publisher":{"@id":"https:\/\/www.protect.airbus.com\/de\/#organization"},"potentialAction":[{"@type":"SearchAction","target":{"@type":"EntryPoint","urlTemplate":"https:\/\/www.protect.airbus.com\/de\/?s={search_term_string}"},"query-input":{"@type":"PropertyValueSpecification","valueRequired":true,"valueName":"search_term_string"}}],"inLanguage":"de"},{"@type":"Organization","@id":"https:\/\/www.protect.airbus.com\/de\/#organization","name":"Airbus Protect","url":"https:\/\/www.protect.airbus.com\/de\/","logo":{"@type":"ImageObject","inLanguage":"de","@id":"https:\/\/www.protect.airbus.com\/de\/#\/schema\/logo\/image\/","url":"https:\/\/www.protect.airbus.com\/wp-content\/uploads\/2023\/05\/logo-airbus-protect-696-696.png","contentUrl":"https:\/\/www.protect.airbus.com\/wp-content\/uploads\/2023\/05\/logo-airbus-protect-696-696.png","width":696,"height":696,"caption":"Airbus Protect"},"image":{"@id":"https:\/\/www.protect.airbus.com\/de\/#\/schema\/logo\/image\/"},"sameAs":["https:\/\/www.linkedin.com\/company\/airbus-protect\/","https:\/\/www.youtube.com\/@airbusprotect7483"],"contactPoint":{"@type":"ContactPoint","email":"protect@airbus.com","contactType":"customer service","areaServed":["GB","FR","ES","DE","BE","CH","PT","DK","AT"],"availableLanguage":["en","fr","de"]}}]}},"_links":{"self":[{"href":"https:\/\/www.protect.airbus.com\/de\/wp-json\/wp\/v2\/pages\/8553","targetHints":{"allow":["GET"]}}],"collection":[{"href":"https:\/\/www.protect.airbus.com\/de\/wp-json\/wp\/v2\/pages"}],"about":[{"href":"https:\/\/www.protect.airbus.com\/de\/wp-json\/wp\/v2\/types\/page"}],"author":[{"embeddable":true,"href":"https:\/\/www.protect.airbus.com\/de\/wp-json\/wp\/v2\/users\/8"}],"replies":[{"embeddable":true,"href":"https:\/\/www.protect.airbus.com\/de\/wp-json\/wp\/v2\/comments?post=8553"}],"version-history":[{"count":1,"href":"https:\/\/www.protect.airbus.com\/de\/wp-json\/wp\/v2\/pages\/8553\/revisions"}],"predecessor-version":[{"id":15421,"href":"https:\/\/www.protect.airbus.com\/de\/wp-json\/wp\/v2\/pages\/8553\/revisions\/15421"}],"up":[{"embeddable":true,"href":"https:\/\/www.protect.airbus.com\/de\/wp-json\/wp\/v2\/pages\/7285"}],"wp:featuredmedia":[{"embeddable":true,"href":"https:\/\/www.protect.airbus.com\/de\/wp-json\/wp\/v2\/media\/3837"}],"wp:attachment":[{"href":"https:\/\/www.protect.airbus.com\/de\/wp-json\/wp\/v2\/media?parent=8553"}],"curies":[{"name":"wp","href":"https:\/\/api.w.org\/{rel}","templated":true}]}}