{"id":7941,"date":"2022-06-13T12:36:39","date_gmt":"2022-06-13T10:36:39","guid":{"rendered":"https:\/\/www.protect.airbus.com\/industries\/"},"modified":"2026-03-19T17:02:43","modified_gmt":"2026-03-19T16:02:43","slug":"branchen","status":"publish","type":"page","link":"https:\/\/www.protect.airbus.com\/de\/branchen\/","title":{"rendered":"Branchen"},"content":{"rendered":"<div class=\"wpb-content-wrapper\"><p>[vc_row][vc_column][vc_column_text css=&#8220;&#8220; p_style=&#8220;pChapeau&#8220;]<\/p>\n<div>\n<p>Unsere Expertise umfasst Jahrzehnte branchen\u00fcbergreifender Erfahrung. Gemeinsam mit unseren Spezialisten f\u00fcr Risikomanagement, Security und Nachhaltigkeit unterst\u00fctzen wir unsere Kunden dabei, die Weichen f\u00fcr eine bessere Zukunft zu stellen.<\/p>\n<\/div>\n<p>[\/vc_column_text][\/vc_column][\/vc_row][vc_row content_placement=&#8220;middle&#8220; css=&#8220;.vc_custom_1662565693014{padding-top: 25px !important;padding-bottom: 25px !important;}&#8220;][vc_column width=&#8220;5\/12&#8243;][vc_column_text css=&#8220;&#8220; h2_style=&#8220;h2Big&#8220; p_style=&#8220;pHighlight&#8220;]<\/p>\n<h2 style=\"text-align: right;\">Raumfahrt<\/h2>\n<p style=\"text-align: right;\">Die Raumfahrtindustrie durchl\u00e4uft einen tiefgreifenden Wandel, getrieben von bahnbrechenden Technologien, sinkenden Markteintrittsbarrieren und einer Vielzahl neuer Akteure. In diesem dynamischen \u00d6kosystem innovativer Produkte und Dienstleistungen setzen wir unsere langj\u00e4hrige Erfahrung ein, um die Zukunft der Branche aktiv mitzugestalten.<\/p>\n<p>[\/vc_column_text]<div class=\"divBtCTA btAlignRight\"><a href=\"https:\/\/www.protect.airbus.com\/de\/branchen\/luft-und-raumfahrt\/\"  class=\"button btAuto\">Kontakt aufnehmen<\/a><\/div>[\/vc_column][vc_column width=&#8220;7\/12&#8243;][vc_single_image image=&#8220;40414&#8243; img_size=&#8220;full&#8220; alignment=&#8220;right&#8220; css=&#8220;&#8220;][\/vc_column][\/vc_row][vc_row content_placement=&#8220;middle&#8220; css=&#8220;.vc_custom_1662565693014{padding-top: 25px !important;padding-bottom: 25px !important;}&#8220;][vc_column width=&#8220;7\/12&#8243;][vc_single_image image=&#8220;4006&#8243; img_size=&#8220;full&#8220;][\/vc_column][vc_column width=&#8220;5\/12&#8243;][vc_column_text css=&#8220;&#8220; h2_style=&#8220;h2Big&#8220; p_style=&#8220;pHighlight&#8220;]<\/p>\n<h2>Luftfahrt<\/h2>\n<p>Die Transformation in diesem Sektor ist in vollem Gange. Cybersecurity und Digitalisierung erfordern zusammen mit neuen Nachhaltigkeitsma\u00dfnahmen unsere h\u00f6chste Aufmerksamkeit. Um bis 2050 emissionsneutral zu sein, sind neue Konstruktionsmuster und Einsatzgebiete erforderlich. Wir sind da, um diese neue Zukunft mit Ihnen zu realisieren.[\/vc_column_text]<div class=\"divBtCTA btAlignLeft\"><a href=\"https:\/\/www.protect.airbus.com\/de\/branchen\/luftfahrt\/\"  class=\"button btAuto\">Kontakt aufnehmen<\/a><\/div>[\/vc_column][\/vc_row][vc_row content_placement=&#8220;middle&#8220; css=&#8220;.vc_custom_1662565698395{padding-top: 25px !important;padding-bottom: 25px !important;}&#8220;][vc_column width=&#8220;5\/12&#8243;][vc_column_text css=&#8220;&#8220; h2_style=&#8220;h2Big&#8220; p_style=&#8220;pHighlight&#8220;]<\/p>\n<h2 style=\"text-align: right;\">Kritische Infrastrukturen<\/h2>\n<p style=\"text-align: right;\">Die fortschreitende Vernetzung steigert das Risiko f\u00fcr Organisationen im Bereich der kritischen Infrastruktur. Ein effektiver Schutz erfordert heute Cyber-Defense auf h\u00f6chstem Niveau. Unsere branchenf\u00fchrenden L\u00f6sungen antizipieren den sich wandelnden Rechtsrahmen und sorgen daf\u00fcr, dass Ihr Unternehmen sicher, nachhaltig und widerstandsf\u00e4hig bleibt.<\/p>\n<div><\/div>\n<p>[\/vc_column_text]<div class=\"divBtCTA btAlignRight\"><a href=\"https:\/\/www.protect.airbus.com\/de\/branchen\/kritische-infrastruktur\/\"  class=\"button btAuto\">Kontakt aufnehmen<\/a><\/div>[\/vc_column][vc_column width=&#8220;7\/12&#8243;][vc_single_image image=&#8220;3877&#8243; img_size=&#8220;full&#8220; alignment=&#8220;right&#8220;][\/vc_column][\/vc_row][vc_row content_placement=&#8220;middle&#8220; css=&#8220;.vc_custom_1662565708782{padding-top: 25px !important;padding-bottom: 25px !important;}&#8220;][vc_column width=&#8220;7\/12&#8243;][vc_single_image image=&#8220;3882&#8243; img_size=&#8220;full&#8220; alignment=&#8220;right&#8220;][\/vc_column][vc_column width=&#8220;5\/12&#8243;][vc_column_text css=&#8220;&#8220; h2_style=&#8220;h2Big&#8220; p_style=&#8220;pHighlight&#8220;]<\/p>\n<h2 style=\"text-align: right;\">Industrielle Fertigung<\/h2>\n<p style=\"text-align: right;\">In einer \u00c4ra der vernetzten Produktion schaffen Automatisierung und Datenstr\u00f6me neue Angriffsfl\u00e4chen f\u00fcr Cyber-Bedrohungen. Gleichzeitig verlangt die globale Klimastrategie nach einem adaptiven Risikomanagement im Einklang mit neuen regulatorischen Standards.\u00a0Wir garantieren Compliance, Resilienz und erarbeiten gemeinsam mit Ihnen zukunftssichere L\u00f6sungen.<\/p>\n<div class=\"yj6qo\"><\/div>\n<div class=\"adL\"><\/div>\n<p>[\/vc_column_text]<div class=\"divBtCTA btAlignRight\"><a href=\"https:\/\/www.protect.airbus.com\/de\/branchen\/industrielle-fertigung\/\"  class=\"button btAuto\">Kontakt aufnehmen<\/a><\/div>[\/vc_column][\/vc_row][vc_row content_placement=&#8220;middle&#8220; css=&#8220;.vc_custom_1662565687886{padding-top: 25px !important;padding-bottom: 25px !important;}&#8220;][vc_column width=&#8220;5\/12&#8243;][vc_column_text h2_style=&#8220;h2Big&#8220; p_style=&#8220;pHighlight&#8220;]<\/p>\n<h2>Verkehr und Smart Mobility<\/h2>\n<p>Neue Transportmittel wie elektrische, vernetzte und autonome Fahrzeuge bev\u00f6lkern zunehmend das Stadtbild. Die multimodalen Verkehrsmittel von morgen sind komplex, datengesteuert und integrieren Luft- und Landverkehr. Wir pr\u00e4gen das Verkehrswesen von morgen mit, damit sich die Zukunftsmobilit\u00e4t perfekt in die Smart Cities der Zukunft integriert.[\/vc_column_text]<div class=\"divBtCTA btAlignLeft\"><a href=\"https:\/\/www.protect.airbus.com\/de\/branchen\/transportation-smart-mobility\/\"  class=\"button btAuto\">Kontakt aufnehmen<\/a><\/div>[\/vc_column][vc_column width=&#8220;7\/12&#8243;][vc_single_image image=&#8220;3883&#8243; img_size=&#8220;full&#8220;][\/vc_column][\/vc_row][vc_row content_placement=&#8220;middle&#8220; css=&#8220;.vc_custom_1662565714507{padding-top: 25px !important;padding-bottom: 25px !important;}&#8220;][vc_column width=&#8220;7\/12&#8243;][vc_single_image image=&#8220;3879&#8243; img_size=&#8220;full&#8220;][\/vc_column][vc_column width=&#8220;5\/12&#8243;][vc_column_text css=&#8220;&#8220; h2_style=&#8220;h2Big&#8220; p_style=&#8220;pHighlight&#8220;]<\/p>\n<h2>Energie und Energieversorgung<\/h2>\n<p>Die Energiewende steht ins Haus. Zum Anstieg erneuerbarer und sauberer Energiesystemen bringen Zukunftstechnologien auch neue Bedrohungen mit sich, die sich auf Energieerzeugung, -transport, -speicherung und -verteilung auswirken k\u00f6nnen. Diese Bedrohungen lassen sich nur durch ebenso moderne Funktionen in die Schranken weisen. W\u00e4hrend Sie die Energiewende Ihres Unternehmens betreiben, k\u00fcmmern wir uns darum, es vor aus daraus resultierenden Gefahren abzusichern, zu sch\u00fctzen und nachhaltig zu machen.[\/vc_column_text]<div class=\"divBtCTA btAlignLeft\"><a href=\"https:\/\/www.protect.airbus.com\/de\/branchen\/energie\/\"  class=\"button btAuto\">Kontakt aufnehmen<\/a><\/div>[\/vc_column][\/vc_row][vc_row content_placement=&#8220;middle&#8220; css=&#8220;.vc_custom_1662565703164{padding-top: 25px !important;padding-bottom: 25px !important;}&#8220;][vc_column width=&#8220;5\/12&#8243;][vc_column_text css=&#8220;&#8220; h2_style=&#8220;h2Big&#8220; p_style=&#8220;pHighlight&#8220;]<\/p>\n<h2>Regierungen und<\/h2>\n<h2>Institutionen<\/h2>\n<p>Die digitale Transformation pr\u00e4gt zunehmend den \u00f6ffentlichen und privaten Sektor und macht beide vernetzter und intelligenter, was Risiken f\u00fcr die vielf\u00e4ltige Bedrohungslandschaft von heute birgt. Effiziente Cyberabwehr ist daher wichtiger als je zuvor. Wir arbeiten eng mit Regierungen und Institutionen in ganze Europa zusammen und stellen innovative L\u00f6sungen bereit, um sich gegen die neuesten Cyber-Bedrohungen zu verteidigen.[\/vc_column_text]<div class=\"divBtCTA btAlignLeft\"><a href=\"https:\/\/www.protect.airbus.com\/de\/branchen\/regierung-und-institutionen\/\"  class=\"button btAuto\">Kontakt aufnehmen<\/a><\/div>[\/vc_column][vc_column width=&#8220;7\/12&#8243;][vc_single_image image=&#8220;3880&#8243; img_size=&#8220;full&#8220;][\/vc_column][\/vc_row][vc_row content_placement=&#8220;middle&#8220; css=&#8220;.vc_custom_1662565720864{padding-top: 25px !important;padding-bottom: 25px !important;}&#8220;][vc_column width=&#8220;7\/12&#8243;][vc_single_image image=&#8220;3878&#8243; img_size=&#8220;full&#8220; alignment=&#8220;right&#8220;][\/vc_column][vc_column width=&#8220;5\/12&#8243;][vc_column_text css=&#8220;&#8220; h2_style=&#8220;h2Big&#8220; p_style=&#8220;pHighlight&#8220;]<\/p>\n<h2 style=\"text-align: right;\">Verteidigung<\/h2>\n<p style=\"text-align: right;\">Auf die neuen geopolitischen Spannungen und komplexen Bedrohungen ad\u00e4quat zu reagieren, erfordert intelligente Verteidigungssysteme und Infrastruktur am Boden, in der Luft und im All. Dazu m\u00fcssen diese Systeme stets voll einsatzf\u00e4hig sein. Wir garantieren ein H\u00f6chstma\u00df an Systemverf\u00fcgbarkeit und -zuverl\u00e4ssigkeit und die gleichzeitige Einhaltung der neuesten Normen im Bereich Sicherheit.<\/p>\n<p>[\/vc_column_text]<div class=\"divBtCTA btAlignRight\"><a href=\"https:\/\/www.protect.airbus.com\/de\/branchen\/verteidigung\/\"  class=\"button btAuto\">Kontakt aufnehmen<\/a><\/div>[\/vc_column][\/vc_row]<\/p>\n<\/div>","protected":false},"excerpt":{"rendered":"<p>[vc_row][vc_column][vc_column_text css=&#8220;&#8220; p_style=&#8220;pChapeau&#8220;] Unsere Expertise umfasst Jahrzehnte branchen\u00fcbergreifender Erfahrung. Gemeinsam mit unseren Spezialisten f\u00fcr Risikomanagement, Security und Nachhaltigkeit unterst\u00fctzen wir unsere Kunden dabei, die Weichen f\u00fcr eine bessere Zukunft zu stellen. [\/vc_column_text][\/vc_column][\/vc_row][vc_row content_placement=&#8220;middle&#8220; css=&#8220;.vc_custom_1662565693014{padding-top: 25px !important;padding-bottom: 25px !important;}&#8220;][vc_column width=&#8220;5\/12&#8243;][vc_column_text css=&#8220;&#8220; h2_style=&#8220;h2Big&#8220; p_style=&#8220;pHighlight&#8220;] Raumfahrt Die Raumfahrtindustrie durchl\u00e4uft einen tiefgreifenden Wandel, getrieben von bahnbrechenden Technologien, sinkenden Markteintrittsbarrieren [&hellip;]<\/p>\n","protected":false},"author":1,"featured_media":3865,"parent":0,"menu_order":0,"comment_status":"closed","ping_status":"closed","template":"","meta":{"_acf_changed":false,"content-type":"","_relevanssi_hide_post":"","_relevanssi_hide_content":"","_relevanssi_pin_for_all":"","_relevanssi_pin_keywords":"","_relevanssi_unpin_keywords":"","_relevanssi_related_keywords":"","_relevanssi_related_include_ids":"","_relevanssi_related_exclude_ids":"","_relevanssi_related_no_append":"","_relevanssi_related_not_related":"","_relevanssi_related_posts":"","_relevanssi_noindex_reason":"","footnotes":""},"class_list":["post-7941","page","type-page","status-publish","has-post-thumbnail","hentry"],"acf":[],"yoast_head":"<!-- This site is optimized with the Yoast SEO Premium plugin v27.4 (Yoast SEO v27.4) - https:\/\/yoast.com\/product\/yoast-seo-premium-wordpress\/ -->\n<title>Branchen - Airbus Protect<\/title>\n<meta name=\"description\" content=\"Wir von Airbus Protect machen die Welt unserer Kunden in verschiedenen Branchen sicher und nachhaltig: Raumfahrt, Energie, Verkehr und mehr.\" \/>\n<meta name=\"robots\" content=\"index, follow, max-snippet:-1, max-image-preview:large, max-video-preview:-1\" \/>\n<link rel=\"canonical\" href=\"https:\/\/www.protect.airbus.com\/de\/branchen\/\" \/>\n<meta property=\"og:locale\" content=\"de_DE\" \/>\n<meta property=\"og:type\" content=\"article\" \/>\n<meta property=\"og:title\" content=\"Branchen\" \/>\n<meta property=\"og:description\" content=\"Wir von Airbus Protect machen die Welt unserer Kunden in verschiedenen Branchen sicher und nachhaltig: Raumfahrt, Energie, Verkehr und mehr.\" \/>\n<meta property=\"og:url\" content=\"https:\/\/www.protect.airbus.com\/de\/branchen\/\" \/>\n<meta property=\"og:site_name\" content=\"Airbus Protect\" \/>\n<meta property=\"article:modified_time\" content=\"2026-03-19T16:02:43+00:00\" \/>\n<meta property=\"og:image\" content=\"https:\/\/www.protect.airbus.com\/wp-content\/uploads\/2022\/06\/header-industries-1.jpg\" \/>\n\t<meta property=\"og:image:width\" content=\"1920\" \/>\n\t<meta property=\"og:image:height\" content=\"577\" \/>\n\t<meta property=\"og:image:type\" content=\"image\/jpeg\" \/>\n<meta name=\"twitter:card\" content=\"summary_large_image\" \/>\n<meta name=\"twitter:label1\" content=\"Gesch\u00e4tzte Lesezeit\" \/>\n\t<meta name=\"twitter:data1\" content=\"5\u00a0Minuten\" \/>\n<script type=\"application\/ld+json\" class=\"yoast-schema-graph\">{\"@context\":\"https:\\\/\\\/schema.org\",\"@graph\":[{\"@type\":\"WebPage\",\"@id\":\"https:\\\/\\\/www.protect.airbus.com\\\/de\\\/branchen\\\/\",\"url\":\"https:\\\/\\\/www.protect.airbus.com\\\/de\\\/branchen\\\/\",\"name\":\"Branchen - Airbus Protect\",\"isPartOf\":{\"@id\":\"https:\\\/\\\/www.protect.airbus.com\\\/de\\\/#website\"},\"primaryImageOfPage\":{\"@id\":\"https:\\\/\\\/www.protect.airbus.com\\\/de\\\/branchen\\\/#primaryimage\"},\"image\":{\"@id\":\"https:\\\/\\\/www.protect.airbus.com\\\/de\\\/branchen\\\/#primaryimage\"},\"thumbnailUrl\":\"https:\\\/\\\/www.protect.airbus.com\\\/wp-content\\\/uploads\\\/2022\\\/06\\\/header-industries-1.jpg\",\"datePublished\":\"2022-06-13T10:36:39+00:00\",\"dateModified\":\"2026-03-19T16:02:43+00:00\",\"description\":\"Wir von Airbus Protect machen die Welt unserer Kunden in verschiedenen Branchen sicher und nachhaltig: Raumfahrt, Energie, Verkehr und mehr.\",\"breadcrumb\":{\"@id\":\"https:\\\/\\\/www.protect.airbus.com\\\/de\\\/branchen\\\/#breadcrumb\"},\"inLanguage\":\"de\",\"potentialAction\":[{\"@type\":\"ReadAction\",\"target\":[\"https:\\\/\\\/www.protect.airbus.com\\\/de\\\/branchen\\\/\"]}]},{\"@type\":\"ImageObject\",\"inLanguage\":\"de\",\"@id\":\"https:\\\/\\\/www.protect.airbus.com\\\/de\\\/branchen\\\/#primaryimage\",\"url\":\"https:\\\/\\\/www.protect.airbus.com\\\/wp-content\\\/uploads\\\/2022\\\/06\\\/header-industries-1.jpg\",\"contentUrl\":\"https:\\\/\\\/www.protect.airbus.com\\\/wp-content\\\/uploads\\\/2022\\\/06\\\/header-industries-1.jpg\",\"width\":1920,\"height\":577},{\"@type\":\"BreadcrumbList\",\"@id\":\"https:\\\/\\\/www.protect.airbus.com\\\/de\\\/branchen\\\/#breadcrumb\",\"itemListElement\":[{\"@type\":\"ListItem\",\"position\":1,\"name\":\"Home\",\"item\":\"https:\\\/\\\/www.protect.airbus.com\\\/de\\\/\"},{\"@type\":\"ListItem\",\"position\":2,\"name\":\"Branchen\"}]},{\"@type\":\"WebSite\",\"@id\":\"https:\\\/\\\/www.protect.airbus.com\\\/de\\\/#website\",\"url\":\"https:\\\/\\\/www.protect.airbus.com\\\/de\\\/\",\"name\":\"Airbus Protect\",\"description\":\"\",\"publisher\":{\"@id\":\"https:\\\/\\\/www.protect.airbus.com\\\/de\\\/#organization\"},\"potentialAction\":[{\"@type\":\"SearchAction\",\"target\":{\"@type\":\"EntryPoint\",\"urlTemplate\":\"https:\\\/\\\/www.protect.airbus.com\\\/de\\\/?s={search_term_string}\"},\"query-input\":{\"@type\":\"PropertyValueSpecification\",\"valueRequired\":true,\"valueName\":\"search_term_string\"}}],\"inLanguage\":\"de\"},{\"@type\":\"Organization\",\"@id\":\"https:\\\/\\\/www.protect.airbus.com\\\/de\\\/#organization\",\"name\":\"Airbus Protect\",\"url\":\"https:\\\/\\\/www.protect.airbus.com\\\/de\\\/\",\"logo\":{\"@type\":\"ImageObject\",\"inLanguage\":\"de\",\"@id\":\"https:\\\/\\\/www.protect.airbus.com\\\/de\\\/#\\\/schema\\\/logo\\\/image\\\/\",\"url\":\"https:\\\/\\\/www.protect.airbus.com\\\/wp-content\\\/uploads\\\/2023\\\/05\\\/logo-airbus-protect-696-696.png\",\"contentUrl\":\"https:\\\/\\\/www.protect.airbus.com\\\/wp-content\\\/uploads\\\/2023\\\/05\\\/logo-airbus-protect-696-696.png\",\"width\":696,\"height\":696,\"caption\":\"Airbus Protect\"},\"image\":{\"@id\":\"https:\\\/\\\/www.protect.airbus.com\\\/de\\\/#\\\/schema\\\/logo\\\/image\\\/\"},\"sameAs\":[\"https:\\\/\\\/www.linkedin.com\\\/company\\\/airbus-protect\\\/\",\"https:\\\/\\\/www.youtube.com\\\/@airbusprotect7483\"],\"contactPoint\":{\"@type\":\"ContactPoint\",\"email\":\"protect@airbus.com\",\"contactType\":\"customer service\",\"areaServed\":[\"GB\",\"FR\",\"ES\",\"DE\",\"BE\",\"CH\",\"PT\",\"DK\",\"AT\"],\"availableLanguage\":[\"en\",\"fr\",\"de\"]}}]}<\/script>\n<!-- \/ Yoast SEO Premium plugin. -->","yoast_head_json":{"title":"Branchen - Airbus Protect","description":"Wir von Airbus Protect machen die Welt unserer Kunden in verschiedenen Branchen sicher und nachhaltig: Raumfahrt, Energie, Verkehr und mehr.","robots":{"index":"index","follow":"follow","max-snippet":"max-snippet:-1","max-image-preview":"max-image-preview:large","max-video-preview":"max-video-preview:-1"},"canonical":"https:\/\/www.protect.airbus.com\/de\/branchen\/","og_locale":"de_DE","og_type":"article","og_title":"Branchen","og_description":"Wir von Airbus Protect machen die Welt unserer Kunden in verschiedenen Branchen sicher und nachhaltig: Raumfahrt, Energie, Verkehr und mehr.","og_url":"https:\/\/www.protect.airbus.com\/de\/branchen\/","og_site_name":"Airbus Protect","article_modified_time":"2026-03-19T16:02:43+00:00","og_image":[{"width":1920,"height":577,"url":"https:\/\/www.protect.airbus.com\/wp-content\/uploads\/2022\/06\/header-industries-1.jpg","type":"image\/jpeg"}],"twitter_card":"summary_large_image","twitter_misc":{"Gesch\u00e4tzte Lesezeit":"5\u00a0Minuten"},"schema":{"@context":"https:\/\/schema.org","@graph":[{"@type":"WebPage","@id":"https:\/\/www.protect.airbus.com\/de\/branchen\/","url":"https:\/\/www.protect.airbus.com\/de\/branchen\/","name":"Branchen - Airbus Protect","isPartOf":{"@id":"https:\/\/www.protect.airbus.com\/de\/#website"},"primaryImageOfPage":{"@id":"https:\/\/www.protect.airbus.com\/de\/branchen\/#primaryimage"},"image":{"@id":"https:\/\/www.protect.airbus.com\/de\/branchen\/#primaryimage"},"thumbnailUrl":"https:\/\/www.protect.airbus.com\/wp-content\/uploads\/2022\/06\/header-industries-1.jpg","datePublished":"2022-06-13T10:36:39+00:00","dateModified":"2026-03-19T16:02:43+00:00","description":"Wir von Airbus Protect machen die Welt unserer Kunden in verschiedenen Branchen sicher und nachhaltig: Raumfahrt, Energie, Verkehr und mehr.","breadcrumb":{"@id":"https:\/\/www.protect.airbus.com\/de\/branchen\/#breadcrumb"},"inLanguage":"de","potentialAction":[{"@type":"ReadAction","target":["https:\/\/www.protect.airbus.com\/de\/branchen\/"]}]},{"@type":"ImageObject","inLanguage":"de","@id":"https:\/\/www.protect.airbus.com\/de\/branchen\/#primaryimage","url":"https:\/\/www.protect.airbus.com\/wp-content\/uploads\/2022\/06\/header-industries-1.jpg","contentUrl":"https:\/\/www.protect.airbus.com\/wp-content\/uploads\/2022\/06\/header-industries-1.jpg","width":1920,"height":577},{"@type":"BreadcrumbList","@id":"https:\/\/www.protect.airbus.com\/de\/branchen\/#breadcrumb","itemListElement":[{"@type":"ListItem","position":1,"name":"Home","item":"https:\/\/www.protect.airbus.com\/de\/"},{"@type":"ListItem","position":2,"name":"Branchen"}]},{"@type":"WebSite","@id":"https:\/\/www.protect.airbus.com\/de\/#website","url":"https:\/\/www.protect.airbus.com\/de\/","name":"Airbus Protect","description":"","publisher":{"@id":"https:\/\/www.protect.airbus.com\/de\/#organization"},"potentialAction":[{"@type":"SearchAction","target":{"@type":"EntryPoint","urlTemplate":"https:\/\/www.protect.airbus.com\/de\/?s={search_term_string}"},"query-input":{"@type":"PropertyValueSpecification","valueRequired":true,"valueName":"search_term_string"}}],"inLanguage":"de"},{"@type":"Organization","@id":"https:\/\/www.protect.airbus.com\/de\/#organization","name":"Airbus Protect","url":"https:\/\/www.protect.airbus.com\/de\/","logo":{"@type":"ImageObject","inLanguage":"de","@id":"https:\/\/www.protect.airbus.com\/de\/#\/schema\/logo\/image\/","url":"https:\/\/www.protect.airbus.com\/wp-content\/uploads\/2023\/05\/logo-airbus-protect-696-696.png","contentUrl":"https:\/\/www.protect.airbus.com\/wp-content\/uploads\/2023\/05\/logo-airbus-protect-696-696.png","width":696,"height":696,"caption":"Airbus Protect"},"image":{"@id":"https:\/\/www.protect.airbus.com\/de\/#\/schema\/logo\/image\/"},"sameAs":["https:\/\/www.linkedin.com\/company\/airbus-protect\/","https:\/\/www.youtube.com\/@airbusprotect7483"],"contactPoint":{"@type":"ContactPoint","email":"protect@airbus.com","contactType":"customer service","areaServed":["GB","FR","ES","DE","BE","CH","PT","DK","AT"],"availableLanguage":["en","fr","de"]}}]}},"_links":{"self":[{"href":"https:\/\/www.protect.airbus.com\/de\/wp-json\/wp\/v2\/pages\/7941","targetHints":{"allow":["GET"]}}],"collection":[{"href":"https:\/\/www.protect.airbus.com\/de\/wp-json\/wp\/v2\/pages"}],"about":[{"href":"https:\/\/www.protect.airbus.com\/de\/wp-json\/wp\/v2\/types\/page"}],"author":[{"embeddable":true,"href":"https:\/\/www.protect.airbus.com\/de\/wp-json\/wp\/v2\/users\/1"}],"replies":[{"embeddable":true,"href":"https:\/\/www.protect.airbus.com\/de\/wp-json\/wp\/v2\/comments?post=7941"}],"version-history":[{"count":17,"href":"https:\/\/www.protect.airbus.com\/de\/wp-json\/wp\/v2\/pages\/7941\/revisions"}],"predecessor-version":[{"id":50477,"href":"https:\/\/www.protect.airbus.com\/de\/wp-json\/wp\/v2\/pages\/7941\/revisions\/50477"}],"wp:featuredmedia":[{"embeddable":true,"href":"https:\/\/www.protect.airbus.com\/de\/wp-json\/wp\/v2\/media\/3865"}],"wp:attachment":[{"href":"https:\/\/www.protect.airbus.com\/de\/wp-json\/wp\/v2\/media?parent=7941"}],"curies":[{"name":"wp","href":"https:\/\/api.w.org\/{rel}","templated":true}]}}