{"id":7740,"date":"2022-06-27T09:12:13","date_gmt":"2022-06-27T07:12:13","guid":{"rendered":"https:\/\/www.protect.airbus.com\/safety\/simlog\/"},"modified":"2024-02-26T14:30:32","modified_gmt":"2024-02-26T13:30:32","slug":"simlog","status":"publish","type":"page","link":"https:\/\/www.protect.airbus.com\/de\/safety\/simlog\/","title":{"rendered":"Simlog-Software"},"content":{"rendered":"<div class=\"wpb-content-wrapper\"><p>[vc_row][vc_column][vc_column_text p_style=&#8220;pBig&#8220;]<span style=\"font-weight: 400;\">Unsere Logistiksoftware Simlog ist ein integriertes logistisches Werkzeug (ILS) f\u00fcr die Entwurfsphase von Systemen oder Produkten, das die Modellierung von operativen Systemen unterst\u00fctzt.<\/span>[\/vc_column_text][vc_column_text p_style=&#8220;pHighlight&#8220;]Simlog wurde entwickelt, um alle Elemente der logistischen Unterst\u00fctzung vorherzusagen, zu simulieren und zu bewerten, um die Kosten f\u00fcr die Lebensdauer zu senken und Verz\u00f6gerungen aufgrund von Nichtverf\u00fcgbarkeit zu minimieren und gleichzeitig Qualit\u00e4t und Systemleistung zu gew\u00e4hrleisten.<\/p>\n<p>Die Benutzer k\u00f6nnen die Entscheidungsfindung verbessern, indem sie verschiedene ILS-Szenarien im Zusammenhang mit der Optimierung der Logistik und der funktionalen Unterst\u00fctzung vergleichen und die Verf\u00fcgbarkeit von Ressourcen, Werkzeugen und Material sicherstellen.<\/p>\n<p>Simlog kann zur Kostenoptimierung eingesetzt werden, wobei Entwicklungs-, Anschaffungs-, Betriebs-, Wartungs- und End-of-Life-Kosten ber\u00fccksichtigt werden. Die ILS-Analyse kann f\u00fcr ein bestehendes System durchgef\u00fchrt werden, um es zu bewerten und bei der Planung m\u00f6glicher \u00c4nderungen oder Obsoleszenz zu helfen.<\/p>\n<p>Die Logistiksoftware Simlog berechnet verschiedene ILS-Indikatoren wie Verf\u00fcgbarkeit, mittlere Betriebszeit (MUT), mittlere Ausfallzeit (MDT), mittlere logistische Verz\u00f6gerungen (MLDT) und die Wahrscheinlichkeit, dass der Bestand nicht ausgeht (PNRS). Es kann auch die Liste der ben\u00f6tigten Erstausr\u00fcstungen unter Ber\u00fccksichtigung der Lagerbeschr\u00e4nkungen berechnen.[\/vc_column_text][\/vc_column][\/vc_row][vc_row][vc_column css=&#8220;.vc_custom_1655092277339{margin-bottom: 0px !important;padding-bottom: 0px !important;}&#8220;][vc_column_text h2_style=&#8220;h2Big&#8220; css=&#8220;.vc_custom_1698150715227{margin-bottom: 0px !important;padding-bottom: 0px !important;}&#8220;]<\/p>\n<h2><strong>Warum Simlog?<\/strong><\/h2>\n<p>[\/vc_column_text][vc_column_text]<\/p>\n<ul>\n<li><span style=\"font-weight: 400;\">Skalierbares System mit mehreren alternativen Iterationen<\/span><\/li>\n<li><span style=\"font-weight: 400;\">Optimierung von Betriebsverf\u00fcgbarkeit, Wartung, Logistik und Kosten<\/span><\/li>\n<li><span style=\"font-weight: 400;\">Verbessern der Instandhaltungspolitik<\/span><\/li>\n<li><span style=\"font-weight: 400;\">Identifizierung von kostentreibenden Elementen<\/span><\/li>\n<\/ul>\n<p>[\/vc_column_text][\/vc_column][\/vc_row][vc_row][vc_column][vc_column_text h2_style=&#8220;h2Big&#8220; p_style=&#8220;pBig&#8220;]<\/p>\n<h2><strong>Wesentliche Funktionen<\/strong><\/h2>\n<ul>\n<li><span style=\"font-weight: 400;\">Webanwendung<\/span><\/li>\n<li><span style=\"font-weight: 400;\">Definiert Instandhaltungsaufgaben<\/span><\/li>\n<li><span style=\"font-weight: 400;\">Zuverl\u00e4ssigkeitsdiagramm<\/span><\/li>\n<li><span style=\"font-weight: 400;\">Graphische Visualisierung unterst\u00fctzt die Entscheidungsfindung und den Informationsaustausch<\/span><\/li>\n<li><span style=\"font-weight: 400;\">Daten k\u00f6nnen \u00fcber Microsoft Excel exportiert und importiert werden<\/span><\/li>\n<li><span style=\"font-weight: 400;\">Optimierung von Ersatzteilen<\/span><\/li>\n<li><span style=\"font-weight: 400;\">Berechnung der Lebenszykluskosten<\/span><\/li>\n<\/ul>\n<p>[\/vc_column_text][vc_column_text h2_style=&#8220;h2Big&#8220; p_style=&#8220;pBig&#8220;]<\/p>\n<h2><strong>Passende L\u00f6sungen f\u00fcr Ihre Bed\u00fcrfnisse<\/strong><\/h2>\n<p>[\/vc_column_text][vc_column_text h2_style=&#8220;h2Big&#8220; p_style=&#8220;pBig&#8220;]<span style=\"font-weight: 400;\">Unsere Beratungsteams f\u00fcr Digitalisierung und ILS k\u00f6nnen skalierbare und ma\u00dfgeschneiderte Softwareimplementierungen sowie Datenanalysen und kundenspezifische Schulungen anbieten. <\/span>[\/vc_column_text]    <div class=\"hightlightBracket\">\n        <div class=\"glyphe\"><\/div>\n        <div class=\"highlight\"><p>Nehmen Sie Kontakt auf, um mehr \u00fcber die Logistiksoftware Simlog, unsere anderen Softwarel\u00f6sungen oder unser gesamtes Dienstleistungsangebot zu erfahren.<\/p><\/div>\n    <\/div>\n    [\/vc_column][\/vc_row][vc_row][vc_column]<div class=\"blocMoreInfo\">\n    <h2 class=\"h2Big\">Mehr zu [SIMLOG]<\/h2>[vc_column_text p_style=&#8220;pHighlight&#8220;]<strong>Nehmen Sie Kontakt auf und erfahren Sie, wie wir Sie unterst\u00fctzen k\u00f6nnen.<\/strong>[\/vc_column_text]<div class=\"divBtCTA btAlignCenter\"><a href=\"https:\/\/www.protect.airbus.com\/de\/kontakt\/\"  class=\"button btAuto\">Mehr erfahren<\/a><\/div>    <\/div>[\/vc_column][\/vc_row]<\/p>\n<\/div>","protected":false},"excerpt":{"rendered":"<p>[vc_row][vc_column][vc_column_text p_style=&#8220;pBig&#8220;]Unsere Logistiksoftware Simlog ist ein integriertes logistisches Werkzeug (ILS) f\u00fcr die Entwurfsphase von Systemen oder Produkten, das die Modellierung von operativen Systemen unterst\u00fctzt.[\/vc_column_text][vc_column_text p_style=&#8220;pHighlight&#8220;]Simlog wurde entwickelt, um alle Elemente der logistischen Unterst\u00fctzung vorherzusagen, zu simulieren und zu bewerten, um die Kosten f\u00fcr die Lebensdauer zu senken und Verz\u00f6gerungen aufgrund von Nichtverf\u00fcgbarkeit zu minimieren und [&hellip;]<\/p>\n","protected":false},"author":1,"featured_media":3836,"parent":7201,"menu_order":1,"comment_status":"closed","ping_status":"closed","template":"","meta":{"_acf_changed":false,"content-type":"","_relevanssi_hide_post":"","_relevanssi_hide_content":"","_relevanssi_pin_for_all":"","_relevanssi_pin_keywords":"","_relevanssi_unpin_keywords":"","_relevanssi_related_keywords":"","_relevanssi_related_include_ids":"","_relevanssi_related_exclude_ids":"","_relevanssi_related_no_append":"","_relevanssi_related_not_related":"","_relevanssi_related_posts":"","_relevanssi_noindex_reason":"","footnotes":""},"class_list":["post-7740","page","type-page","status-publish","has-post-thumbnail","hentry"],"acf":[],"yoast_head":"<!-- This site is optimized with the Yoast SEO Premium plugin v27.4 (Yoast SEO v27.4) - https:\/\/yoast.com\/product\/yoast-seo-premium-wordpress\/ -->\n<title>Simlog-Software - Airbus Protect<\/title>\n<meta name=\"description\" content=\"Entdecken Sie, wie unsere Logistiksoftware Simlog die Entwurfsphase von Lieferkettensystemen und Produkten unterst\u00fctzen kann.\" \/>\n<meta name=\"robots\" content=\"index, follow, max-snippet:-1, max-image-preview:large, max-video-preview:-1\" \/>\n<link rel=\"canonical\" href=\"https:\/\/www.protect.airbus.com\/de\/safety\/simlog\/\" \/>\n<meta property=\"og:locale\" content=\"de_DE\" \/>\n<meta property=\"og:type\" content=\"article\" \/>\n<meta property=\"og:title\" content=\"Simlog-Software\" \/>\n<meta property=\"og:description\" content=\"Entdecken Sie, wie unsere Logistiksoftware Simlog die Entwurfsphase von Lieferkettensystemen und Produkten unterst\u00fctzen kann.\" \/>\n<meta property=\"og:url\" content=\"https:\/\/www.protect.airbus.com\/de\/safety\/simlog\/\" \/>\n<meta property=\"og:site_name\" content=\"Airbus Protect\" \/>\n<meta property=\"article:modified_time\" content=\"2024-02-26T13:30:32+00:00\" \/>\n<meta property=\"og:image\" content=\"https:\/\/www.protect.airbus.com\/wp-content\/uploads\/2022\/06\/bg-sustainability-software.jpg\" \/>\n\t<meta property=\"og:image:width\" content=\"1920\" \/>\n\t<meta property=\"og:image:height\" content=\"358\" \/>\n\t<meta property=\"og:image:type\" content=\"image\/jpeg\" \/>\n<meta name=\"twitter:card\" content=\"summary_large_image\" \/>\n<meta name=\"twitter:label1\" content=\"Gesch\u00e4tzte Lesezeit\" \/>\n\t<meta name=\"twitter:data1\" content=\"2\u00a0Minuten\" \/>\n<script type=\"application\/ld+json\" class=\"yoast-schema-graph\">{\"@context\":\"https:\\\/\\\/schema.org\",\"@graph\":[{\"@type\":\"WebPage\",\"@id\":\"https:\\\/\\\/www.protect.airbus.com\\\/de\\\/safety\\\/simlog\\\/\",\"url\":\"https:\\\/\\\/www.protect.airbus.com\\\/de\\\/safety\\\/simlog\\\/\",\"name\":\"Simlog-Software - Airbus Protect\",\"isPartOf\":{\"@id\":\"https:\\\/\\\/www.protect.airbus.com\\\/de\\\/#website\"},\"primaryImageOfPage\":{\"@id\":\"https:\\\/\\\/www.protect.airbus.com\\\/de\\\/safety\\\/simlog\\\/#primaryimage\"},\"image\":{\"@id\":\"https:\\\/\\\/www.protect.airbus.com\\\/de\\\/safety\\\/simlog\\\/#primaryimage\"},\"thumbnailUrl\":\"https:\\\/\\\/www.protect.airbus.com\\\/wp-content\\\/uploads\\\/2022\\\/06\\\/bg-sustainability-software.jpg\",\"datePublished\":\"2022-06-27T07:12:13+00:00\",\"dateModified\":\"2024-02-26T13:30:32+00:00\",\"description\":\"Entdecken Sie, wie unsere Logistiksoftware Simlog die Entwurfsphase von Lieferkettensystemen und Produkten unterst\u00fctzen kann.\",\"breadcrumb\":{\"@id\":\"https:\\\/\\\/www.protect.airbus.com\\\/de\\\/safety\\\/simlog\\\/#breadcrumb\"},\"inLanguage\":\"de\",\"potentialAction\":[{\"@type\":\"ReadAction\",\"target\":[\"https:\\\/\\\/www.protect.airbus.com\\\/de\\\/safety\\\/simlog\\\/\"]}]},{\"@type\":\"ImageObject\",\"inLanguage\":\"de\",\"@id\":\"https:\\\/\\\/www.protect.airbus.com\\\/de\\\/safety\\\/simlog\\\/#primaryimage\",\"url\":\"https:\\\/\\\/www.protect.airbus.com\\\/wp-content\\\/uploads\\\/2022\\\/06\\\/bg-sustainability-software.jpg\",\"contentUrl\":\"https:\\\/\\\/www.protect.airbus.com\\\/wp-content\\\/uploads\\\/2022\\\/06\\\/bg-sustainability-software.jpg\",\"width\":1920,\"height\":358},{\"@type\":\"BreadcrumbList\",\"@id\":\"https:\\\/\\\/www.protect.airbus.com\\\/de\\\/safety\\\/simlog\\\/#breadcrumb\",\"itemListElement\":[{\"@type\":\"ListItem\",\"position\":1,\"name\":\"Home\",\"item\":\"https:\\\/\\\/www.protect.airbus.com\\\/de\\\/\"},{\"@type\":\"ListItem\",\"position\":2,\"name\":\"Safety\",\"item\":\"https:\\\/\\\/www.protect.airbus.com\\\/de\\\/safety\\\/\"},{\"@type\":\"ListItem\",\"position\":3,\"name\":\"Simlog-Software\"}]},{\"@type\":\"WebSite\",\"@id\":\"https:\\\/\\\/www.protect.airbus.com\\\/de\\\/#website\",\"url\":\"https:\\\/\\\/www.protect.airbus.com\\\/de\\\/\",\"name\":\"Airbus Protect\",\"description\":\"\",\"publisher\":{\"@id\":\"https:\\\/\\\/www.protect.airbus.com\\\/de\\\/#organization\"},\"potentialAction\":[{\"@type\":\"SearchAction\",\"target\":{\"@type\":\"EntryPoint\",\"urlTemplate\":\"https:\\\/\\\/www.protect.airbus.com\\\/de\\\/?s={search_term_string}\"},\"query-input\":{\"@type\":\"PropertyValueSpecification\",\"valueRequired\":true,\"valueName\":\"search_term_string\"}}],\"inLanguage\":\"de\"},{\"@type\":\"Organization\",\"@id\":\"https:\\\/\\\/www.protect.airbus.com\\\/de\\\/#organization\",\"name\":\"Airbus Protect\",\"url\":\"https:\\\/\\\/www.protect.airbus.com\\\/de\\\/\",\"logo\":{\"@type\":\"ImageObject\",\"inLanguage\":\"de\",\"@id\":\"https:\\\/\\\/www.protect.airbus.com\\\/de\\\/#\\\/schema\\\/logo\\\/image\\\/\",\"url\":\"https:\\\/\\\/www.protect.airbus.com\\\/wp-content\\\/uploads\\\/2023\\\/05\\\/logo-airbus-protect-696-696.png\",\"contentUrl\":\"https:\\\/\\\/www.protect.airbus.com\\\/wp-content\\\/uploads\\\/2023\\\/05\\\/logo-airbus-protect-696-696.png\",\"width\":696,\"height\":696,\"caption\":\"Airbus Protect\"},\"image\":{\"@id\":\"https:\\\/\\\/www.protect.airbus.com\\\/de\\\/#\\\/schema\\\/logo\\\/image\\\/\"},\"sameAs\":[\"https:\\\/\\\/www.linkedin.com\\\/company\\\/airbus-protect\\\/\",\"https:\\\/\\\/www.youtube.com\\\/@airbusprotect7483\"],\"contactPoint\":{\"@type\":\"ContactPoint\",\"email\":\"protect@airbus.com\",\"contactType\":\"customer service\",\"areaServed\":[\"GB\",\"FR\",\"ES\",\"DE\",\"BE\",\"CH\",\"PT\",\"DK\",\"AT\"],\"availableLanguage\":[\"en\",\"fr\",\"de\"]}}]}<\/script>\n<!-- \/ Yoast SEO Premium plugin. -->","yoast_head_json":{"title":"Simlog-Software - Airbus Protect","description":"Entdecken Sie, wie unsere Logistiksoftware Simlog die Entwurfsphase von Lieferkettensystemen und Produkten unterst\u00fctzen kann.","robots":{"index":"index","follow":"follow","max-snippet":"max-snippet:-1","max-image-preview":"max-image-preview:large","max-video-preview":"max-video-preview:-1"},"canonical":"https:\/\/www.protect.airbus.com\/de\/safety\/simlog\/","og_locale":"de_DE","og_type":"article","og_title":"Simlog-Software","og_description":"Entdecken Sie, wie unsere Logistiksoftware Simlog die Entwurfsphase von Lieferkettensystemen und Produkten unterst\u00fctzen kann.","og_url":"https:\/\/www.protect.airbus.com\/de\/safety\/simlog\/","og_site_name":"Airbus Protect","article_modified_time":"2024-02-26T13:30:32+00:00","og_image":[{"width":1920,"height":358,"url":"https:\/\/www.protect.airbus.com\/wp-content\/uploads\/2022\/06\/bg-sustainability-software.jpg","type":"image\/jpeg"}],"twitter_card":"summary_large_image","twitter_misc":{"Gesch\u00e4tzte Lesezeit":"2\u00a0Minuten"},"schema":{"@context":"https:\/\/schema.org","@graph":[{"@type":"WebPage","@id":"https:\/\/www.protect.airbus.com\/de\/safety\/simlog\/","url":"https:\/\/www.protect.airbus.com\/de\/safety\/simlog\/","name":"Simlog-Software - Airbus Protect","isPartOf":{"@id":"https:\/\/www.protect.airbus.com\/de\/#website"},"primaryImageOfPage":{"@id":"https:\/\/www.protect.airbus.com\/de\/safety\/simlog\/#primaryimage"},"image":{"@id":"https:\/\/www.protect.airbus.com\/de\/safety\/simlog\/#primaryimage"},"thumbnailUrl":"https:\/\/www.protect.airbus.com\/wp-content\/uploads\/2022\/06\/bg-sustainability-software.jpg","datePublished":"2022-06-27T07:12:13+00:00","dateModified":"2024-02-26T13:30:32+00:00","description":"Entdecken Sie, wie unsere Logistiksoftware Simlog die Entwurfsphase von Lieferkettensystemen und Produkten unterst\u00fctzen kann.","breadcrumb":{"@id":"https:\/\/www.protect.airbus.com\/de\/safety\/simlog\/#breadcrumb"},"inLanguage":"de","potentialAction":[{"@type":"ReadAction","target":["https:\/\/www.protect.airbus.com\/de\/safety\/simlog\/"]}]},{"@type":"ImageObject","inLanguage":"de","@id":"https:\/\/www.protect.airbus.com\/de\/safety\/simlog\/#primaryimage","url":"https:\/\/www.protect.airbus.com\/wp-content\/uploads\/2022\/06\/bg-sustainability-software.jpg","contentUrl":"https:\/\/www.protect.airbus.com\/wp-content\/uploads\/2022\/06\/bg-sustainability-software.jpg","width":1920,"height":358},{"@type":"BreadcrumbList","@id":"https:\/\/www.protect.airbus.com\/de\/safety\/simlog\/#breadcrumb","itemListElement":[{"@type":"ListItem","position":1,"name":"Home","item":"https:\/\/www.protect.airbus.com\/de\/"},{"@type":"ListItem","position":2,"name":"Safety","item":"https:\/\/www.protect.airbus.com\/de\/safety\/"},{"@type":"ListItem","position":3,"name":"Simlog-Software"}]},{"@type":"WebSite","@id":"https:\/\/www.protect.airbus.com\/de\/#website","url":"https:\/\/www.protect.airbus.com\/de\/","name":"Airbus Protect","description":"","publisher":{"@id":"https:\/\/www.protect.airbus.com\/de\/#organization"},"potentialAction":[{"@type":"SearchAction","target":{"@type":"EntryPoint","urlTemplate":"https:\/\/www.protect.airbus.com\/de\/?s={search_term_string}"},"query-input":{"@type":"PropertyValueSpecification","valueRequired":true,"valueName":"search_term_string"}}],"inLanguage":"de"},{"@type":"Organization","@id":"https:\/\/www.protect.airbus.com\/de\/#organization","name":"Airbus Protect","url":"https:\/\/www.protect.airbus.com\/de\/","logo":{"@type":"ImageObject","inLanguage":"de","@id":"https:\/\/www.protect.airbus.com\/de\/#\/schema\/logo\/image\/","url":"https:\/\/www.protect.airbus.com\/wp-content\/uploads\/2023\/05\/logo-airbus-protect-696-696.png","contentUrl":"https:\/\/www.protect.airbus.com\/wp-content\/uploads\/2023\/05\/logo-airbus-protect-696-696.png","width":696,"height":696,"caption":"Airbus Protect"},"image":{"@id":"https:\/\/www.protect.airbus.com\/de\/#\/schema\/logo\/image\/"},"sameAs":["https:\/\/www.linkedin.com\/company\/airbus-protect\/","https:\/\/www.youtube.com\/@airbusprotect7483"],"contactPoint":{"@type":"ContactPoint","email":"protect@airbus.com","contactType":"customer service","areaServed":["GB","FR","ES","DE","BE","CH","PT","DK","AT"],"availableLanguage":["en","fr","de"]}}]}},"_links":{"self":[{"href":"https:\/\/www.protect.airbus.com\/de\/wp-json\/wp\/v2\/pages\/7740","targetHints":{"allow":["GET"]}}],"collection":[{"href":"https:\/\/www.protect.airbus.com\/de\/wp-json\/wp\/v2\/pages"}],"about":[{"href":"https:\/\/www.protect.airbus.com\/de\/wp-json\/wp\/v2\/types\/page"}],"author":[{"embeddable":true,"href":"https:\/\/www.protect.airbus.com\/de\/wp-json\/wp\/v2\/users\/1"}],"replies":[{"embeddable":true,"href":"https:\/\/www.protect.airbus.com\/de\/wp-json\/wp\/v2\/comments?post=7740"}],"version-history":[{"count":3,"href":"https:\/\/www.protect.airbus.com\/de\/wp-json\/wp\/v2\/pages\/7740\/revisions"}],"predecessor-version":[{"id":8789,"href":"https:\/\/www.protect.airbus.com\/de\/wp-json\/wp\/v2\/pages\/7740\/revisions\/8789"}],"up":[{"embeddable":true,"href":"https:\/\/www.protect.airbus.com\/de\/wp-json\/wp\/v2\/pages\/7201"}],"wp:featuredmedia":[{"embeddable":true,"href":"https:\/\/www.protect.airbus.com\/de\/wp-json\/wp\/v2\/media\/3836"}],"wp:attachment":[{"href":"https:\/\/www.protect.airbus.com\/de\/wp-json\/wp\/v2\/media?parent=7740"}],"curies":[{"name":"wp","href":"https:\/\/api.w.org\/{rel}","templated":true}]}}