{"id":7728,"date":"2022-06-19T15:27:29","date_gmt":"2022-06-19T13:27:29","guid":{"rendered":"https:\/\/www.protect.airbus.com\/safety\/amasis\/"},"modified":"2026-04-07T09:56:20","modified_gmt":"2026-04-07T07:56:20","slug":"amasis","status":"publish","type":"page","link":"https:\/\/www.protect.airbus.com\/de\/safety\/amasis\/","title":{"rendered":"Amasis-Software"},"content":{"rendered":"<div class=\"wpb-content-wrapper\"><p>[vc_row][vc_column][vc_column_text css=&#8220;&#8220; p_style=&#8220;pBig&#8220;]<span style=\"font-weight: 400;\">Seit \u00fcber drei Jahrzehnten gew\u00e4hrleistet Amasis die Luftt\u00fcchtigkeit, Verf\u00fcgbarkeit und Zuverl\u00e4ssigkeit von Flugzeugen. Amasis erf\u00fcllt h\u00f6chste Sicherheitsstandards und kann f\u00fcr alle Arten von Flugzeugen eingesetzt werden &#8211; von Verkehrsflugzeugen \u00fcber Hubschrauber und Milit\u00e4rjets bis hin zu Drohnen.<\/span><\/p>\n<p><strong>Auf einen Blick<\/strong><\/p>\n<ul>\n<li><span style=\"font-weight: 400;\">\u00dcber 60 Kunden<\/span><\/li>\n<li><span style=\"font-weight: 400;\">2.000+ Flugzeuge aller Art<\/span><\/li>\n<li><span style=\"font-weight: 400;\">6.000+ verbundene Nutzer weltweit<\/span><\/li>\n<\/ul>\n<p>Amasis bietet ein Standard-Reporting- und BI-Paket und kann direkt mit Skywise, der offenen Daten- und Analyseplattform von Airbus, verbunden werden.<\/p>\n<p>Um den digitalen Anforderungen von morgen gerecht zu werden, wird Amasis derzeit aktualisiert und in SmartPlanif integriert, eine hochmoderne L\u00f6sung f\u00fcr die Wartungsplanung, die von unserem Data Science Team entwickelt wurde.[\/vc_column_text][\/vc_column][\/vc_row][vc_row][vc_column css=&#8220;.vc_custom_1655092277339{margin-bottom: 0px !important;padding-bottom: 0px !important;}&#8220;][vc_column_text css=&#8220;.vc_custom_1698134900147{margin-bottom: 0px !important;padding-bottom: 0px !important;}&#8220; h2_style=&#8220;h2Big&#8220;]<\/p>\n<h2><strong>Warum Amasis?<\/strong><\/h2>\n<p>[\/vc_column_text][\/vc_column][\/vc_row][vc_row bg_style=&#8220;bgWhite&#8220; css=&#8220;.vc_custom_1680770646683{padding-top: 3em !important;padding-bottom: 3em !important;}&#8220;][vc_column][vc_column_text]<\/p>\n<ul>\n<li><span style=\"font-weight: 400;\">Einhaltung der internationalen Wartungsstandards<\/span><\/li>\n<li><span style=\"font-weight: 400;\">Gew\u00e4hrleistung einer kosteneffizienten Flugzeugwartung<\/span><\/li>\n<li><span style=\"font-weight: 400;\">Hohe Systemverf\u00fcgbarkeit und Zuverl\u00e4ssigkeit<\/span><\/li>\n<li><span style=\"font-weight: 400;\">Vollst\u00e4ndig an die Unternehmensanforderungen anpassbar (Milit\u00e4r, ziviler Flugzeugbetrieb bis hin zu Komponentendiensten)<\/span><\/li>\n<li><span style=\"font-weight: 400;\">Breite Palette an Einstellungsm\u00f6glichkeiten<\/span><\/li>\n<li><span style=\"font-weight: 400;\">Kann in Ihrer Umgebung eingesetzt oder im hochsicheren Airbus-Protect-Datenzentrum gehostet werden<\/span><\/li>\n<li><span style=\"font-weight: 400;\">Erf\u00fcllt die strengsten Anforderungen an Sicherheit und Schutz<\/span><\/li>\n<li><span style=\"font-weight: 400;\">Flexibles und skalierbares System &#8211; vom Standalone-System bis zur vollst\u00e4ndigen Integration mit OPS-Systemen, Mobilit\u00e4tsger\u00e4ten, ERP-, Kostenrechnungs-, Fakturierungs- und Analysel\u00f6sungen \u00fcber das Amasis-Gateway<\/span><\/li>\n<li><span style=\"font-weight: 400;\">Zugang zu fortschrittlichen Datenanalysen \u00fcber &lt;Skywise&gt;<\/span><\/li>\n<li><span style=\"font-weight: 400;\">Unterst\u00fctzung durch ein f\u00fchrendes Team von Wartungsexperten und Datenwissenschaftlern<\/span><\/li>\n<\/ul>\n<p>[\/vc_column_text][\/vc_column][\/vc_row][vc_row][vc_column][vc_column_text h2_style=&#8220;h2Big&#8220; p_style=&#8220;pBig&#8220;]<\/p>\n<h2><strong>Wesentliche Funktionen<\/strong><\/h2>\n<ul>\n<li><span style=\"font-weight: 400;\">Luftt\u00fcchtigkeitsmanagement<\/span><\/li>\n<li><span style=\"font-weight: 400;\">Dokumentationsmanagement<\/span><\/li>\n<li><span style=\"font-weight: 400;\">Verwaltung von Wartungsprogrammen<\/span><\/li>\n<li><span style=\"font-weight: 400;\">Wartungsplanung<\/span><\/li>\n<li><span style=\"font-weight: 400;\">Qualifikations- und Personalplanung<\/span><\/li>\n<li><span style=\"font-weight: 400;\">Produktionsmanagement und -kontrolle<\/span><\/li>\n<li><span style=\"font-weight: 400;\">Lieferkette und Materialverwaltung<\/span><\/li>\n<li><span style=\"font-weight: 400;\">Komponentenverwaltung<\/span><\/li>\n<li><span style=\"font-weight: 400;\">Lager- und Rechnungskontrolle<\/span><\/li>\n<\/ul>\n<p>[\/vc_column_text][vc_column_text h2_style=&#8220;h2Big&#8220; p_style=&#8220;pBig&#8220;]<\/p>\n<h2><strong>Passende L\u00f6sungen f\u00fcr Ihre Bed\u00fcrfnisse<\/strong><\/h2>\n<p>[\/vc_column_text]    <div class=\"hightlightBracket\">\n        <div class=\"glyphe\"><\/div>\n        <div class=\"highlight\"><p>Unsere Beratungsteams f\u00fcr Digitalisierung, Softwareentwicklung und -wartung k\u00f6nnen skalierbare und ma\u00dfgeschneiderte Softwareimplementierungen sowie Datenanalysen und kundenspezifische Schulungen anbieten. Setzen Sie sich mit uns in Verbindung, um mehr \u00fcber Amasis, unsere anderen Softwarel\u00f6sungen oder unser gesamtes Dienstleistungsangebot zu erfahren.<\/p><\/div>\n    <\/div>\n    [\/vc_column][\/vc_row][vc_row bg_style=&#8220;bgUniversGraphiqueSafeMobility&#8220; el_class=&#8220;highlightBloc&#8220;][vc_column][vc_column_text h2_style=&#8220;h2Big&#8220;]<\/p>\n<h2>Hotline Amasis<\/h2>\n<p>[\/vc_column_text][vc_row_inner][vc_column_inner width=&#8220;1\/2&#8243;][vc_column_text p_style=&#8220;pBig&#8220;]<strong>+33 5 62 74 75 05<\/strong>[\/vc_column_text][\/vc_column_inner][vc_column_inner width=&#8220;1\/2&#8243;]<div class=\"divBtCTA btAlignLeft\"><a href=\"https:\/\/www.protect.airbus.com\/de\/kontakt\/\"  class=\"button btGeneral\">Kontakt zum Amasis-Team<\/a><\/div>[\/vc_column_inner][\/vc_row_inner][\/vc_column][\/vc_row][vc_row][vc_column]<div class=\"blocMoreInfo\">\n    <h2 class=\"h2Big\">Mehr zu [AMASIS]<\/h2>[vc_column_text p_style=&#8220;pHighlight&#8220;]<\/p>\n<div class=\"wpb_text_column wpb_content_element pHighlight h2 h3\">\n<div class=\"wpb_wrapper\">\n<p><strong>Nehmen Sie Kontakt auf und erfahren Sie, wie wir Sie unterst\u00fctzen k\u00f6nnen.<\/strong><\/p>\n<\/div>\n<\/div>\n<p>[\/vc_column_text]<div class=\"divBtCTA btAlignCenter\"><a href=\"https:\/\/www.protect.airbus.com\/de\/kontakt\/\"  class=\"button btAuto\">Kontaktieren Sie uns<\/a><\/div>    <\/div>[\/vc_column][\/vc_row]<\/p>\n<\/div>","protected":false},"excerpt":{"rendered":"<p>[vc_row][vc_column][vc_column_text css=&#8220;&#8220; p_style=&#8220;pBig&#8220;]Seit \u00fcber drei Jahrzehnten gew\u00e4hrleistet Amasis die Luftt\u00fcchtigkeit, Verf\u00fcgbarkeit und Zuverl\u00e4ssigkeit von Flugzeugen. Amasis erf\u00fcllt h\u00f6chste Sicherheitsstandards und kann f\u00fcr alle Arten von Flugzeugen eingesetzt werden &#8211; von Verkehrsflugzeugen \u00fcber Hubschrauber und Milit\u00e4rjets bis hin zu Drohnen. Auf einen Blick \u00dcber 60 Kunden 2.000+ Flugzeuge aller Art 6.000+ verbundene Nutzer weltweit Amasis bietet [&hellip;]<\/p>\n","protected":false},"author":1,"featured_media":6489,"parent":7201,"menu_order":1,"comment_status":"closed","ping_status":"closed","template":"","meta":{"_acf_changed":false,"content-type":"","_relevanssi_hide_post":"","_relevanssi_hide_content":"","_relevanssi_pin_for_all":"","_relevanssi_pin_keywords":"","_relevanssi_unpin_keywords":"","_relevanssi_related_keywords":"","_relevanssi_related_include_ids":"","_relevanssi_related_exclude_ids":"","_relevanssi_related_no_append":"","_relevanssi_related_not_related":"","_relevanssi_related_posts":"","_relevanssi_noindex_reason":"","footnotes":""},"class_list":["post-7728","page","type-page","status-publish","has-post-thumbnail","hentry"],"acf":[],"yoast_head":"<!-- This site is optimized with the Yoast SEO Premium plugin v27.3 (Yoast SEO v27.3) - https:\/\/yoast.com\/product\/yoast-seo-premium-wordpress\/ -->\n<title>Amasis-Software - Airbus Protect<\/title>\n<meta name=\"description\" content=\"Entdecken Sie Amasis, die Managementl\u00f6sung von Airbus Protect f\u00fcr Flugzeugwartung und Logistik.\" \/>\n<meta name=\"robots\" content=\"index, follow, max-snippet:-1, max-image-preview:large, max-video-preview:-1\" \/>\n<link rel=\"canonical\" href=\"https:\/\/www.protect.airbus.com\/de\/safety\/amasis\/\" \/>\n<meta property=\"og:locale\" content=\"de_DE\" \/>\n<meta property=\"og:type\" content=\"article\" \/>\n<meta property=\"og:title\" content=\"Amasis-Software\" \/>\n<meta property=\"og:description\" content=\"Entdecken Sie Amasis, die Managementl\u00f6sung von Airbus Protect f\u00fcr Flugzeugwartung und Logistik.\" \/>\n<meta property=\"og:url\" content=\"https:\/\/www.protect.airbus.com\/de\/safety\/amasis\/\" \/>\n<meta property=\"og:site_name\" content=\"Airbus Protect\" \/>\n<meta property=\"article:modified_time\" content=\"2026-04-07T07:56:20+00:00\" \/>\n<meta property=\"og:image\" content=\"https:\/\/www.protect.airbus.com\/wp-content\/uploads\/revslider\/header-safety-en\/bg-safety.jpg\" \/>\n\t<meta property=\"og:image:width\" content=\"1920\" \/>\n\t<meta property=\"og:image:height\" content=\"582\" \/>\n\t<meta property=\"og:image:type\" content=\"image\/jpeg\" \/>\n<meta name=\"twitter:card\" content=\"summary_large_image\" \/>\n<meta name=\"twitter:label1\" content=\"Gesch\u00e4tzte Lesezeit\" \/>\n\t<meta name=\"twitter:data1\" content=\"2\u00a0Minuten\" \/>\n<script type=\"application\/ld+json\" class=\"yoast-schema-graph\">{\"@context\":\"https:\\\/\\\/schema.org\",\"@graph\":[{\"@type\":\"Service\",\"name\":\"Amasis-Software\",\"url\":\"https:\\\/\\\/www.protect.airbus.com\\\/de\\\/safety\\\/amasis\\\/\",\"provider\":{\"@id\":\"https:\\\/\\\/www.protect.airbus.com\\\/#organization\"},\"description\":\"\"},{\"@type\":\"WebPage\",\"@id\":\"https:\\\/\\\/www.protect.airbus.com\\\/de\\\/safety\\\/amasis\\\/\",\"url\":\"https:\\\/\\\/www.protect.airbus.com\\\/de\\\/safety\\\/amasis\\\/\",\"name\":\"Amasis-Software - Airbus Protect\",\"isPartOf\":{\"@id\":\"https:\\\/\\\/www.protect.airbus.com\\\/de\\\/#website\"},\"primaryImageOfPage\":{\"@id\":\"https:\\\/\\\/www.protect.airbus.com\\\/de\\\/safety\\\/amasis\\\/#primaryimage\"},\"image\":{\"@id\":\"https:\\\/\\\/www.protect.airbus.com\\\/de\\\/safety\\\/amasis\\\/#primaryimage\"},\"thumbnailUrl\":\"https:\\\/\\\/www.protect.airbus.com\\\/wp-content\\\/uploads\\\/revslider\\\/header-safety-en\\\/bg-safety.jpg\",\"datePublished\":\"2022-06-19T13:27:29+00:00\",\"dateModified\":\"2026-04-07T07:56:20+00:00\",\"description\":\"Entdecken Sie Amasis, die Managementl\u00f6sung von Airbus Protect f\u00fcr Flugzeugwartung und Logistik.\",\"breadcrumb\":{\"@id\":\"https:\\\/\\\/www.protect.airbus.com\\\/de\\\/safety\\\/amasis\\\/#breadcrumb\"},\"inLanguage\":\"de\",\"potentialAction\":[{\"@type\":\"ReadAction\",\"target\":[\"https:\\\/\\\/www.protect.airbus.com\\\/de\\\/safety\\\/amasis\\\/\"]}]},{\"@type\":\"ImageObject\",\"inLanguage\":\"de\",\"@id\":\"https:\\\/\\\/www.protect.airbus.com\\\/de\\\/safety\\\/amasis\\\/#primaryimage\",\"url\":\"https:\\\/\\\/www.protect.airbus.com\\\/wp-content\\\/uploads\\\/revslider\\\/header-safety-en\\\/bg-safety.jpg\",\"contentUrl\":\"https:\\\/\\\/www.protect.airbus.com\\\/wp-content\\\/uploads\\\/revslider\\\/header-safety-en\\\/bg-safety.jpg\",\"width\":1920,\"height\":582},{\"@type\":\"BreadcrumbList\",\"@id\":\"https:\\\/\\\/www.protect.airbus.com\\\/de\\\/safety\\\/amasis\\\/#breadcrumb\",\"itemListElement\":[{\"@type\":\"ListItem\",\"position\":1,\"name\":\"Home\",\"item\":\"https:\\\/\\\/www.protect.airbus.com\\\/de\\\/\"},{\"@type\":\"ListItem\",\"position\":2,\"name\":\"Safety\",\"item\":\"https:\\\/\\\/www.protect.airbus.com\\\/de\\\/safety\\\/\"},{\"@type\":\"ListItem\",\"position\":3,\"name\":\"Amasis-Software\"}]},{\"@type\":\"WebSite\",\"@id\":\"https:\\\/\\\/www.protect.airbus.com\\\/de\\\/#website\",\"url\":\"https:\\\/\\\/www.protect.airbus.com\\\/de\\\/\",\"name\":\"Airbus Protect\",\"description\":\"\",\"publisher\":{\"@id\":\"https:\\\/\\\/www.protect.airbus.com\\\/de\\\/#organization\"},\"potentialAction\":[{\"@type\":\"SearchAction\",\"target\":{\"@type\":\"EntryPoint\",\"urlTemplate\":\"https:\\\/\\\/www.protect.airbus.com\\\/de\\\/?s={search_term_string}\"},\"query-input\":{\"@type\":\"PropertyValueSpecification\",\"valueRequired\":true,\"valueName\":\"search_term_string\"}}],\"inLanguage\":\"de\"},{\"@type\":\"Organization\",\"@id\":\"https:\\\/\\\/www.protect.airbus.com\\\/de\\\/#organization\",\"name\":\"Airbus Protect\",\"url\":\"https:\\\/\\\/www.protect.airbus.com\\\/de\\\/\",\"logo\":{\"@type\":\"ImageObject\",\"inLanguage\":\"de\",\"@id\":\"https:\\\/\\\/www.protect.airbus.com\\\/de\\\/#\\\/schema\\\/logo\\\/image\\\/\",\"url\":\"https:\\\/\\\/www.protect.airbus.com\\\/wp-content\\\/uploads\\\/2023\\\/05\\\/logo-airbus-protect-696-696.png\",\"contentUrl\":\"https:\\\/\\\/www.protect.airbus.com\\\/wp-content\\\/uploads\\\/2023\\\/05\\\/logo-airbus-protect-696-696.png\",\"width\":696,\"height\":696,\"caption\":\"Airbus Protect\"},\"image\":{\"@id\":\"https:\\\/\\\/www.protect.airbus.com\\\/de\\\/#\\\/schema\\\/logo\\\/image\\\/\"},\"sameAs\":[\"https:\\\/\\\/www.linkedin.com\\\/company\\\/airbus-protect\\\/\",\"https:\\\/\\\/www.youtube.com\\\/@airbusprotect7483\"],\"contactPoint\":{\"@type\":\"ContactPoint\",\"email\":\"protect@airbus.com\",\"contactType\":\"customer service\",\"areaServed\":[\"GB\",\"FR\",\"ES\",\"DE\",\"BE\",\"CH\",\"PT\",\"DK\",\"AT\"],\"availableLanguage\":[\"en\",\"fr\",\"de\"]}}]}<\/script>\n<!-- \/ Yoast SEO Premium plugin. -->","yoast_head_json":{"title":"Amasis-Software - Airbus Protect","description":"Entdecken Sie Amasis, die Managementl\u00f6sung von Airbus Protect f\u00fcr Flugzeugwartung und Logistik.","robots":{"index":"index","follow":"follow","max-snippet":"max-snippet:-1","max-image-preview":"max-image-preview:large","max-video-preview":"max-video-preview:-1"},"canonical":"https:\/\/www.protect.airbus.com\/de\/safety\/amasis\/","og_locale":"de_DE","og_type":"article","og_title":"Amasis-Software","og_description":"Entdecken Sie Amasis, die Managementl\u00f6sung von Airbus Protect f\u00fcr Flugzeugwartung und Logistik.","og_url":"https:\/\/www.protect.airbus.com\/de\/safety\/amasis\/","og_site_name":"Airbus Protect","article_modified_time":"2026-04-07T07:56:20+00:00","og_image":[{"width":1920,"height":582,"url":"https:\/\/www.protect.airbus.com\/wp-content\/uploads\/revslider\/header-safety-en\/bg-safety.jpg","type":"image\/jpeg"}],"twitter_card":"summary_large_image","twitter_misc":{"Gesch\u00e4tzte Lesezeit":"2\u00a0Minuten"},"schema":{"@context":"https:\/\/schema.org","@graph":[{"@type":"Service","name":"Amasis-Software","url":"https:\/\/www.protect.airbus.com\/de\/safety\/amasis\/","provider":{"@id":"https:\/\/www.protect.airbus.com\/#organization"},"description":""},{"@type":"WebPage","@id":"https:\/\/www.protect.airbus.com\/de\/safety\/amasis\/","url":"https:\/\/www.protect.airbus.com\/de\/safety\/amasis\/","name":"Amasis-Software - Airbus Protect","isPartOf":{"@id":"https:\/\/www.protect.airbus.com\/de\/#website"},"primaryImageOfPage":{"@id":"https:\/\/www.protect.airbus.com\/de\/safety\/amasis\/#primaryimage"},"image":{"@id":"https:\/\/www.protect.airbus.com\/de\/safety\/amasis\/#primaryimage"},"thumbnailUrl":"https:\/\/www.protect.airbus.com\/wp-content\/uploads\/revslider\/header-safety-en\/bg-safety.jpg","datePublished":"2022-06-19T13:27:29+00:00","dateModified":"2026-04-07T07:56:20+00:00","description":"Entdecken Sie Amasis, die Managementl\u00f6sung von Airbus Protect f\u00fcr Flugzeugwartung und Logistik.","breadcrumb":{"@id":"https:\/\/www.protect.airbus.com\/de\/safety\/amasis\/#breadcrumb"},"inLanguage":"de","potentialAction":[{"@type":"ReadAction","target":["https:\/\/www.protect.airbus.com\/de\/safety\/amasis\/"]}]},{"@type":"ImageObject","inLanguage":"de","@id":"https:\/\/www.protect.airbus.com\/de\/safety\/amasis\/#primaryimage","url":"https:\/\/www.protect.airbus.com\/wp-content\/uploads\/revslider\/header-safety-en\/bg-safety.jpg","contentUrl":"https:\/\/www.protect.airbus.com\/wp-content\/uploads\/revslider\/header-safety-en\/bg-safety.jpg","width":1920,"height":582},{"@type":"BreadcrumbList","@id":"https:\/\/www.protect.airbus.com\/de\/safety\/amasis\/#breadcrumb","itemListElement":[{"@type":"ListItem","position":1,"name":"Home","item":"https:\/\/www.protect.airbus.com\/de\/"},{"@type":"ListItem","position":2,"name":"Safety","item":"https:\/\/www.protect.airbus.com\/de\/safety\/"},{"@type":"ListItem","position":3,"name":"Amasis-Software"}]},{"@type":"WebSite","@id":"https:\/\/www.protect.airbus.com\/de\/#website","url":"https:\/\/www.protect.airbus.com\/de\/","name":"Airbus Protect","description":"","publisher":{"@id":"https:\/\/www.protect.airbus.com\/de\/#organization"},"potentialAction":[{"@type":"SearchAction","target":{"@type":"EntryPoint","urlTemplate":"https:\/\/www.protect.airbus.com\/de\/?s={search_term_string}"},"query-input":{"@type":"PropertyValueSpecification","valueRequired":true,"valueName":"search_term_string"}}],"inLanguage":"de"},{"@type":"Organization","@id":"https:\/\/www.protect.airbus.com\/de\/#organization","name":"Airbus Protect","url":"https:\/\/www.protect.airbus.com\/de\/","logo":{"@type":"ImageObject","inLanguage":"de","@id":"https:\/\/www.protect.airbus.com\/de\/#\/schema\/logo\/image\/","url":"https:\/\/www.protect.airbus.com\/wp-content\/uploads\/2023\/05\/logo-airbus-protect-696-696.png","contentUrl":"https:\/\/www.protect.airbus.com\/wp-content\/uploads\/2023\/05\/logo-airbus-protect-696-696.png","width":696,"height":696,"caption":"Airbus Protect"},"image":{"@id":"https:\/\/www.protect.airbus.com\/de\/#\/schema\/logo\/image\/"},"sameAs":["https:\/\/www.linkedin.com\/company\/airbus-protect\/","https:\/\/www.youtube.com\/@airbusprotect7483"],"contactPoint":{"@type":"ContactPoint","email":"protect@airbus.com","contactType":"customer service","areaServed":["GB","FR","ES","DE","BE","CH","PT","DK","AT"],"availableLanguage":["en","fr","de"]}}]}},"_links":{"self":[{"href":"https:\/\/www.protect.airbus.com\/de\/wp-json\/wp\/v2\/pages\/7728","targetHints":{"allow":["GET"]}}],"collection":[{"href":"https:\/\/www.protect.airbus.com\/de\/wp-json\/wp\/v2\/pages"}],"about":[{"href":"https:\/\/www.protect.airbus.com\/de\/wp-json\/wp\/v2\/types\/page"}],"author":[{"embeddable":true,"href":"https:\/\/www.protect.airbus.com\/de\/wp-json\/wp\/v2\/users\/1"}],"replies":[{"embeddable":true,"href":"https:\/\/www.protect.airbus.com\/de\/wp-json\/wp\/v2\/comments?post=7728"}],"version-history":[{"count":7,"href":"https:\/\/www.protect.airbus.com\/de\/wp-json\/wp\/v2\/pages\/7728\/revisions"}],"predecessor-version":[{"id":52459,"href":"https:\/\/www.protect.airbus.com\/de\/wp-json\/wp\/v2\/pages\/7728\/revisions\/52459"}],"up":[{"embeddable":true,"href":"https:\/\/www.protect.airbus.com\/de\/wp-json\/wp\/v2\/pages\/7201"}],"wp:featuredmedia":[{"embeddable":true,"href":"https:\/\/www.protect.airbus.com\/de\/wp-json\/wp\/v2\/media\/6489"}],"wp:attachment":[{"href":"https:\/\/www.protect.airbus.com\/de\/wp-json\/wp\/v2\/media?parent=7728"}],"curies":[{"name":"wp","href":"https:\/\/api.w.org\/{rel}","templated":true}]}}