{"id":7654,"date":"2022-06-28T11:13:29","date_gmt":"2022-06-28T09:13:29","guid":{"rendered":"https:\/\/www.protect.airbus.com\/cloud\/"},"modified":"2025-10-07T11:44:02","modified_gmt":"2025-10-07T09:44:02","slug":"cloud","status":"publish","type":"page","link":"https:\/\/www.protect.airbus.com\/de\/cloud\/","title":{"rendered":"Cloud"},"content":{"rendered":"<div class=\"wpb-content-wrapper\"><p>[vc_row][vc_column][vc_column_text p_style=&#8220;pChapeau&#8220;]<span style=\"font-weight: 400;\">In allen Branchen verlagern Unternehmen ihre Anwendungen, Systeme und Daten in die Cloud &#8211; h\u00e4ufig in eine Hybrid- oder Multi-Cloud-Umgebung. Die Einf\u00fchrung einer Cloud-first-Strategie bietet Skalierbarkeit, schafft Gr\u00f6\u00dfenvorteile und verbessert die Zusammenarbeit und Innovation.\u00a0<\/span>[\/vc_column_text][vc_column_text h2_style=&#8220;h2Big&#8220; p_style=&#8220;pHighlight&#8220;]Da es jedoch keinen festen Perimeter gibt, setzt die Cloud-Adoption die Verantwortlichen einer weitaus komplexeren Cyberbedrohungslandschaft aus.<\/p>\n<p>Die Sicherung von Cloud-Umgebungen kann eine Herausforderung darstellen, die durch die st\u00e4ndigen Bedenken hinsichtlich der Datenhoheit und der Einhaltung von Vorschriften noch versch\u00e4rft wird.<\/p>\n<p>Mit mehr als drei Jahrzehnten Erfahrung im Schutz von Beh\u00f6rden, Verteidigung und kritischen Unternehmen verf\u00fcgt Airbus Protect \u00fcber alle Voraussetzungen, um Ihnen zu helfen.<\/p>\n<h3><strong>Warum Airbus Protect?<\/strong><\/h3>\n<ul>\n<li><span style=\"font-weight: 400;\">Umfassende Cloud-Sicherheitsl\u00f6sungen, die jeden Schritt der Cloud-Migration abdecken<\/span><\/li>\n<li><span style=\"font-weight: 400;\">Fundiertes Wissen \u00fcber gesetzliche Vorschriften und Compliance<\/span><\/li>\n<li><span style=\"font-weight: 400;\">Erfahrung bei der Bew\u00e4ltigung von Problemen mit dem Identit\u00e4ts- und Zugriffsmanagement in der Cloud und bei Datenverletzungen<\/span><\/li>\n<li><span style=\"font-weight: 400;\">Ma\u00dfgeschneiderte Bedrohungserkennung und Reaktionsdienste f\u00fcr die Cloud<\/span><\/li>\n<li><span style=\"font-weight: 400;\">Agnostische Cloud-Provider-F\u00e4higkeiten, die IaaS-, PaaS- und SaaS-Modelle umfassen, die f\u00fcr \u00f6ffentliche, private und hybride Cloud-Umgebungen konzipiert sind.<\/span><\/li>\n<li><span style=\"font-weight: 400;\">Hochgradig ma\u00dfgeschneiderter Ansatz, der die individuellen Bed\u00fcrfnisse des Kunden in den Vordergrund stellt<\/span><\/li>\n<\/ul>\n<h3><strong>Unser Angebot<\/strong><\/h3>\n<p>Auf der Grundlage des etablierten NIST-Modells helfen wir unseren Kunden, ihre Cloud-Sicherheitsfunktionen mit den folgenden L\u00f6sungen zukunftssicher zu machen.<\/p>\n<h4><strong>Ermitteln<\/strong><\/h4>\n<p>Identifizieren und bewerten Sie Cloud-Risiken mit unseren Beratungs- und Schulungsdiensten, einschlie\u00dflich:<\/p>\n<ul>\n<li><span style=\"font-weight: 400;\">Beratung zu Cybersecurity: Governance, Risiko und Compliance<\/span><\/li>\n<li><span style=\"font-weight: 400;\">Risiko- und Reifegradbewertungen<\/span><\/li>\n<li><span style=\"font-weight: 400;\">Simulations- und Schulungsdienste mit unserer CyberRange-L\u00f6sung<\/span><\/li>\n<\/ul>\n<h4><strong>Sch\u00fctzen<\/strong><\/h4>\n<p>Sichern Sie Cloud-Umgebungen mit unseren Dienstleistungen f\u00fcr:<\/p>\n<ul>\n<li><span style=\"font-weight: 400;\">Architektur, Design und Integration<\/span><\/li>\n<li><span style=\"font-weight: 400;\">Krisen- und SecOps-Management<\/span><\/li>\n<li><span style=\"font-weight: 400;\">Netzwerk-, Daten- und Endpunktsicherheit<\/span><\/li>\n<\/ul>\n<h4><strong>Erkennen<\/strong><\/h4>\n<p>Um ernsthafte St\u00f6rungen zu vermeiden, sollten Sie Bedrohungen in Cloud-Umgebungen effizient aufsp\u00fcren und entsch\u00e4rfen:<\/p>\n<ul>\n<li><span style=\"font-weight: 400;\">SOC-Dienste f\u00fcr IT\/OT-Umgebungen<\/span><\/li>\n<li><span style=\"font-weight: 400;\">Aufkl\u00e4rung von Cyber-Bedrohungen<\/span><\/li>\n<li><span style=\"font-weight: 400;\">Pentesting und Red Teaming<\/span><\/li>\n<\/ul>\n<h4><strong>Reagieren<\/strong><\/h4>\n<p>Unser Team f\u00fcr Incident Response und digitale Forensik reagiert schnell und effektiv auf Sicherheitsvorf\u00e4lle in der Cloud. Sobald ein Vorfall einged\u00e4mmt ist, unterst\u00fctzen sie Sie mit Strategien zur Schadensbegrenzung und helfen Ihnen, Ihre Cyber-Reife zu verbessern.[\/vc_column_text][\/vc_column][\/vc_row][vc_row][vc_column]<div class=\"blocMoreInfo\">\n    <h2 class=\"h2Big\">Kontaktieren Sie unsere [Cloud]-Sicherheitsexperten<\/h2>[vc_column_text p_style=&#8220;pHighlight&#8220;]<\/p>\n<div class=\"wpb_text_column wpb_content_element pHighlight h2 h3\">\n<div class=\"wpb_wrapper\">\n<p>Nehmen Sie Kontakt auf und erfahren Sie, wie wir Sie unterst\u00fctzen k\u00f6nnen.<\/p>\n<\/div>\n<\/div>\n<p>[\/vc_column_text]<div class=\"divBtCTA btAlignCenter\"><a href=\"https:\/\/www.protect.airbus.com\/de\/kontakt\/\"  class=\"button btGeneral\">Kontaktieren Sie uns<\/a><\/div>    <\/div>[\/vc_column][\/vc_row]<\/p>\n<\/div>","protected":false},"excerpt":{"rendered":"<p>[vc_row][vc_column][vc_column_text p_style=&#8220;pChapeau&#8220;]In allen Branchen verlagern Unternehmen ihre Anwendungen, Systeme und Daten in die Cloud &#8211; h\u00e4ufig in eine Hybrid- oder Multi-Cloud-Umgebung. Die Einf\u00fchrung einer Cloud-first-Strategie bietet Skalierbarkeit, schafft Gr\u00f6\u00dfenvorteile und verbessert die Zusammenarbeit und Innovation.\u00a0[\/vc_column_text][vc_column_text h2_style=&#8220;h2Big&#8220; p_style=&#8220;pHighlight&#8220;]Da es jedoch keinen festen Perimeter gibt, setzt die Cloud-Adoption die Verantwortlichen einer weitaus komplexeren Cyberbedrohungslandschaft aus. Die Sicherung [&hellip;]<\/p>\n","protected":false},"author":4,"featured_media":4034,"parent":0,"menu_order":0,"comment_status":"closed","ping_status":"closed","template":"","meta":{"_acf_changed":false,"content-type":"","_relevanssi_hide_post":"","_relevanssi_hide_content":"","_relevanssi_pin_for_all":"","_relevanssi_pin_keywords":"","_relevanssi_unpin_keywords":"","_relevanssi_related_keywords":"","_relevanssi_related_include_ids":"","_relevanssi_related_exclude_ids":"","_relevanssi_related_no_append":"","_relevanssi_related_not_related":"","_relevanssi_related_posts":"","_relevanssi_noindex_reason":"","footnotes":""},"class_list":["post-7654","page","type-page","status-publish","has-post-thumbnail","hentry"],"acf":[],"yoast_head":"<!-- This site is optimized with the Yoast SEO Premium plugin v27.3 (Yoast SEO v27.3) - https:\/\/yoast.com\/product\/yoast-seo-premium-wordpress\/ -->\n<title>Cloud: Sicherheitsl\u00f6sungen f\u00fcr Cloud-Umgebungen<\/title>\n<meta name=\"description\" content=\"Erfahren Sie, wie Airbus Protect Cloud-Umgebungen f\u00fcr Verteidigungs-, Regierungs- und kritische Unternehmensorganisationen sichert.\" \/>\n<meta name=\"robots\" content=\"index, follow, max-snippet:-1, max-image-preview:large, max-video-preview:-1\" \/>\n<link rel=\"canonical\" href=\"https:\/\/www.protect.airbus.com\/de\/cloud\/\" \/>\n<meta property=\"og:locale\" content=\"de_DE\" \/>\n<meta property=\"og:type\" content=\"article\" \/>\n<meta property=\"og:title\" content=\"Cloud\" \/>\n<meta property=\"og:description\" content=\"Erfahren Sie, wie Airbus Protect Cloud-Umgebungen f\u00fcr Verteidigungs-, Regierungs- und kritische Unternehmensorganisationen sichert.\" \/>\n<meta property=\"og:url\" content=\"https:\/\/www.protect.airbus.com\/de\/cloud\/\" \/>\n<meta property=\"og:site_name\" content=\"Airbus Protect\" \/>\n<meta property=\"article:modified_time\" content=\"2025-10-07T09:44:02+00:00\" \/>\n<meta property=\"og:image\" content=\"https:\/\/www.protect.airbus.com\/wp-content\/uploads\/2022\/06\/header-cloud.jpg\" \/>\n\t<meta property=\"og:image:width\" content=\"1920\" \/>\n\t<meta property=\"og:image:height\" content=\"358\" \/>\n\t<meta property=\"og:image:type\" content=\"image\/jpeg\" \/>\n<meta name=\"twitter:card\" content=\"summary_large_image\" \/>\n<meta name=\"twitter:label1\" content=\"Gesch\u00e4tzte Lesezeit\" \/>\n\t<meta name=\"twitter:data1\" content=\"2\u00a0Minuten\" \/>\n<script type=\"application\/ld+json\" class=\"yoast-schema-graph\">{\"@context\":\"https:\\\/\\\/schema.org\",\"@graph\":[{\"@type\":\"Service\",\"name\":\"Cloud\",\"url\":\"https:\\\/\\\/www.protect.airbus.com\\\/de\\\/cloud\\\/\",\"provider\":{\"@id\":\"https:\\\/\\\/www.protect.airbus.com\\\/#organization\"},\"description\":\"\"},{\"@type\":\"WebPage\",\"@id\":\"https:\\\/\\\/www.protect.airbus.com\\\/de\\\/cloud\\\/\",\"url\":\"https:\\\/\\\/www.protect.airbus.com\\\/de\\\/cloud\\\/\",\"name\":\"Cloud: Sicherheitsl\u00f6sungen f\u00fcr Cloud-Umgebungen\",\"isPartOf\":{\"@id\":\"https:\\\/\\\/www.protect.airbus.com\\\/de\\\/#website\"},\"primaryImageOfPage\":{\"@id\":\"https:\\\/\\\/www.protect.airbus.com\\\/de\\\/cloud\\\/#primaryimage\"},\"image\":{\"@id\":\"https:\\\/\\\/www.protect.airbus.com\\\/de\\\/cloud\\\/#primaryimage\"},\"thumbnailUrl\":\"https:\\\/\\\/www.protect.airbus.com\\\/wp-content\\\/uploads\\\/2022\\\/06\\\/header-cloud.jpg\",\"datePublished\":\"2022-06-28T09:13:29+00:00\",\"dateModified\":\"2025-10-07T09:44:02+00:00\",\"description\":\"Erfahren Sie, wie Airbus Protect Cloud-Umgebungen f\u00fcr Verteidigungs-, Regierungs- und kritische Unternehmensorganisationen sichert.\",\"breadcrumb\":{\"@id\":\"https:\\\/\\\/www.protect.airbus.com\\\/de\\\/cloud\\\/#breadcrumb\"},\"inLanguage\":\"de\",\"potentialAction\":[{\"@type\":\"ReadAction\",\"target\":[\"https:\\\/\\\/www.protect.airbus.com\\\/de\\\/cloud\\\/\"]}]},{\"@type\":\"ImageObject\",\"inLanguage\":\"de\",\"@id\":\"https:\\\/\\\/www.protect.airbus.com\\\/de\\\/cloud\\\/#primaryimage\",\"url\":\"https:\\\/\\\/www.protect.airbus.com\\\/wp-content\\\/uploads\\\/2022\\\/06\\\/header-cloud.jpg\",\"contentUrl\":\"https:\\\/\\\/www.protect.airbus.com\\\/wp-content\\\/uploads\\\/2022\\\/06\\\/header-cloud.jpg\",\"width\":1920,\"height\":358},{\"@type\":\"BreadcrumbList\",\"@id\":\"https:\\\/\\\/www.protect.airbus.com\\\/de\\\/cloud\\\/#breadcrumb\",\"itemListElement\":[{\"@type\":\"ListItem\",\"position\":1,\"name\":\"Home\",\"item\":\"https:\\\/\\\/www.protect.airbus.com\\\/de\\\/\"},{\"@type\":\"ListItem\",\"position\":2,\"name\":\"Cloud\"}]},{\"@type\":\"WebSite\",\"@id\":\"https:\\\/\\\/www.protect.airbus.com\\\/de\\\/#website\",\"url\":\"https:\\\/\\\/www.protect.airbus.com\\\/de\\\/\",\"name\":\"Airbus Protect\",\"description\":\"\",\"publisher\":{\"@id\":\"https:\\\/\\\/www.protect.airbus.com\\\/de\\\/#organization\"},\"potentialAction\":[{\"@type\":\"SearchAction\",\"target\":{\"@type\":\"EntryPoint\",\"urlTemplate\":\"https:\\\/\\\/www.protect.airbus.com\\\/de\\\/?s={search_term_string}\"},\"query-input\":{\"@type\":\"PropertyValueSpecification\",\"valueRequired\":true,\"valueName\":\"search_term_string\"}}],\"inLanguage\":\"de\"},{\"@type\":\"Organization\",\"@id\":\"https:\\\/\\\/www.protect.airbus.com\\\/de\\\/#organization\",\"name\":\"Airbus Protect\",\"url\":\"https:\\\/\\\/www.protect.airbus.com\\\/de\\\/\",\"logo\":{\"@type\":\"ImageObject\",\"inLanguage\":\"de\",\"@id\":\"https:\\\/\\\/www.protect.airbus.com\\\/de\\\/#\\\/schema\\\/logo\\\/image\\\/\",\"url\":\"https:\\\/\\\/www.protect.airbus.com\\\/wp-content\\\/uploads\\\/2023\\\/05\\\/logo-airbus-protect-696-696.png\",\"contentUrl\":\"https:\\\/\\\/www.protect.airbus.com\\\/wp-content\\\/uploads\\\/2023\\\/05\\\/logo-airbus-protect-696-696.png\",\"width\":696,\"height\":696,\"caption\":\"Airbus Protect\"},\"image\":{\"@id\":\"https:\\\/\\\/www.protect.airbus.com\\\/de\\\/#\\\/schema\\\/logo\\\/image\\\/\"},\"sameAs\":[\"https:\\\/\\\/www.linkedin.com\\\/company\\\/airbus-protect\\\/\",\"https:\\\/\\\/www.youtube.com\\\/@airbusprotect7483\"],\"contactPoint\":{\"@type\":\"ContactPoint\",\"email\":\"protect@airbus.com\",\"contactType\":\"customer service\",\"areaServed\":[\"GB\",\"FR\",\"ES\",\"DE\",\"BE\",\"CH\",\"PT\",\"DK\",\"AT\"],\"availableLanguage\":[\"en\",\"fr\",\"de\"]}}]}<\/script>\n<!-- \/ Yoast SEO Premium plugin. -->","yoast_head_json":{"title":"Cloud: Sicherheitsl\u00f6sungen f\u00fcr Cloud-Umgebungen","description":"Erfahren Sie, wie Airbus Protect Cloud-Umgebungen f\u00fcr Verteidigungs-, Regierungs- und kritische Unternehmensorganisationen sichert.","robots":{"index":"index","follow":"follow","max-snippet":"max-snippet:-1","max-image-preview":"max-image-preview:large","max-video-preview":"max-video-preview:-1"},"canonical":"https:\/\/www.protect.airbus.com\/de\/cloud\/","og_locale":"de_DE","og_type":"article","og_title":"Cloud","og_description":"Erfahren Sie, wie Airbus Protect Cloud-Umgebungen f\u00fcr Verteidigungs-, Regierungs- und kritische Unternehmensorganisationen sichert.","og_url":"https:\/\/www.protect.airbus.com\/de\/cloud\/","og_site_name":"Airbus Protect","article_modified_time":"2025-10-07T09:44:02+00:00","og_image":[{"width":1920,"height":358,"url":"https:\/\/www.protect.airbus.com\/wp-content\/uploads\/2022\/06\/header-cloud.jpg","type":"image\/jpeg"}],"twitter_card":"summary_large_image","twitter_misc":{"Gesch\u00e4tzte Lesezeit":"2\u00a0Minuten"},"schema":{"@context":"https:\/\/schema.org","@graph":[{"@type":"Service","name":"Cloud","url":"https:\/\/www.protect.airbus.com\/de\/cloud\/","provider":{"@id":"https:\/\/www.protect.airbus.com\/#organization"},"description":""},{"@type":"WebPage","@id":"https:\/\/www.protect.airbus.com\/de\/cloud\/","url":"https:\/\/www.protect.airbus.com\/de\/cloud\/","name":"Cloud: Sicherheitsl\u00f6sungen f\u00fcr Cloud-Umgebungen","isPartOf":{"@id":"https:\/\/www.protect.airbus.com\/de\/#website"},"primaryImageOfPage":{"@id":"https:\/\/www.protect.airbus.com\/de\/cloud\/#primaryimage"},"image":{"@id":"https:\/\/www.protect.airbus.com\/de\/cloud\/#primaryimage"},"thumbnailUrl":"https:\/\/www.protect.airbus.com\/wp-content\/uploads\/2022\/06\/header-cloud.jpg","datePublished":"2022-06-28T09:13:29+00:00","dateModified":"2025-10-07T09:44:02+00:00","description":"Erfahren Sie, wie Airbus Protect Cloud-Umgebungen f\u00fcr Verteidigungs-, Regierungs- und kritische Unternehmensorganisationen sichert.","breadcrumb":{"@id":"https:\/\/www.protect.airbus.com\/de\/cloud\/#breadcrumb"},"inLanguage":"de","potentialAction":[{"@type":"ReadAction","target":["https:\/\/www.protect.airbus.com\/de\/cloud\/"]}]},{"@type":"ImageObject","inLanguage":"de","@id":"https:\/\/www.protect.airbus.com\/de\/cloud\/#primaryimage","url":"https:\/\/www.protect.airbus.com\/wp-content\/uploads\/2022\/06\/header-cloud.jpg","contentUrl":"https:\/\/www.protect.airbus.com\/wp-content\/uploads\/2022\/06\/header-cloud.jpg","width":1920,"height":358},{"@type":"BreadcrumbList","@id":"https:\/\/www.protect.airbus.com\/de\/cloud\/#breadcrumb","itemListElement":[{"@type":"ListItem","position":1,"name":"Home","item":"https:\/\/www.protect.airbus.com\/de\/"},{"@type":"ListItem","position":2,"name":"Cloud"}]},{"@type":"WebSite","@id":"https:\/\/www.protect.airbus.com\/de\/#website","url":"https:\/\/www.protect.airbus.com\/de\/","name":"Airbus Protect","description":"","publisher":{"@id":"https:\/\/www.protect.airbus.com\/de\/#organization"},"potentialAction":[{"@type":"SearchAction","target":{"@type":"EntryPoint","urlTemplate":"https:\/\/www.protect.airbus.com\/de\/?s={search_term_string}"},"query-input":{"@type":"PropertyValueSpecification","valueRequired":true,"valueName":"search_term_string"}}],"inLanguage":"de"},{"@type":"Organization","@id":"https:\/\/www.protect.airbus.com\/de\/#organization","name":"Airbus Protect","url":"https:\/\/www.protect.airbus.com\/de\/","logo":{"@type":"ImageObject","inLanguage":"de","@id":"https:\/\/www.protect.airbus.com\/de\/#\/schema\/logo\/image\/","url":"https:\/\/www.protect.airbus.com\/wp-content\/uploads\/2023\/05\/logo-airbus-protect-696-696.png","contentUrl":"https:\/\/www.protect.airbus.com\/wp-content\/uploads\/2023\/05\/logo-airbus-protect-696-696.png","width":696,"height":696,"caption":"Airbus Protect"},"image":{"@id":"https:\/\/www.protect.airbus.com\/de\/#\/schema\/logo\/image\/"},"sameAs":["https:\/\/www.linkedin.com\/company\/airbus-protect\/","https:\/\/www.youtube.com\/@airbusprotect7483"],"contactPoint":{"@type":"ContactPoint","email":"protect@airbus.com","contactType":"customer service","areaServed":["GB","FR","ES","DE","BE","CH","PT","DK","AT"],"availableLanguage":["en","fr","de"]}}]}},"_links":{"self":[{"href":"https:\/\/www.protect.airbus.com\/de\/wp-json\/wp\/v2\/pages\/7654","targetHints":{"allow":["GET"]}}],"collection":[{"href":"https:\/\/www.protect.airbus.com\/de\/wp-json\/wp\/v2\/pages"}],"about":[{"href":"https:\/\/www.protect.airbus.com\/de\/wp-json\/wp\/v2\/types\/page"}],"author":[{"embeddable":true,"href":"https:\/\/www.protect.airbus.com\/de\/wp-json\/wp\/v2\/users\/4"}],"replies":[{"embeddable":true,"href":"https:\/\/www.protect.airbus.com\/de\/wp-json\/wp\/v2\/comments?post=7654"}],"version-history":[{"count":4,"href":"https:\/\/www.protect.airbus.com\/de\/wp-json\/wp\/v2\/pages\/7654\/revisions"}],"predecessor-version":[{"id":39387,"href":"https:\/\/www.protect.airbus.com\/de\/wp-json\/wp\/v2\/pages\/7654\/revisions\/39387"}],"wp:featuredmedia":[{"embeddable":true,"href":"https:\/\/www.protect.airbus.com\/de\/wp-json\/wp\/v2\/media\/4034"}],"wp:attachment":[{"href":"https:\/\/www.protect.airbus.com\/de\/wp-json\/wp\/v2\/media?parent=7654"}],"curies":[{"name":"wp","href":"https:\/\/api.w.org\/{rel}","templated":true}]}}